{"id":12102,"date":"2025-01-26T13:21:55","date_gmt":"2025-01-26T16:21:55","guid":{"rendered":"https:\/\/deputadotaveirajr.com.br\/index.php\/sisu-2025-saiba-quando-e-como-fazer-a-matricula-nas-universidades-do-rn\/"},"modified":"2025-01-26T13:21:55","modified_gmt":"2025-01-26T16:21:55","slug":"sisu-2025-saiba-quando-e-como-fazer-a-matricula-nas-universidades-do-rn","status":"publish","type":"page","link":"https:\/\/deputadotaveirajr.com.br\/index.php\/sisu-2025-saiba-quando-e-como-fazer-a-matricula-nas-universidades-do-rn\/","title":{"rendered":"Sisu 2025: saiba quando e como fazer a matr\u00edcula nas universidades do RN"},"content":{"rendered":"<p><img decoding=\"async\" src=\"https:\/\/s2-g1.glbimg.com\/1iWfF48NqTRde8nlrJg8ks1LzOo=\/i.s3.glbimg.com\/v1\/AUTH_59edd422c0c84a879bd37670ae4f538a\/internal_photos\/bs\/2023\/U\/A\/DyOBzsT2mPBAXvMUDi4g\/whatsapp-image-2023-03-27-at-06.18.06.jpeg\" \/><br \/>     Cada universidade possui seu pr\u00f3prio cronograma de atividades e procedimentos.  UFRN publica edital do SISU de 2025<br \/>\nDepois da divulga\u00e7\u00e3o dos resultados do Sistema de Sele\u00e7\u00e3o Unificada (Sisu) 2025, os candidatos devem se atentar ao pr\u00f3ximo passo: o per\u00edodo destinado \u00e0s matr\u00edculas ou ao cadastramento nas universidades onde foram aprovados.<br \/>\nO g1 reuniu os calend\u00e1rios e os procedimentos adotados pela Universidade Federal do Rio Grande do Norte (UFRN), Universidade Federal Rural do Semi\u00e1rido (Ufersa), Universidade Estadual do Rio Grande do Norte (UERN) e Instituto Federal do Rio Grande do Norte (IFRN). Confira abaixo:<br \/>\n\ud83d\udcf3Participe do canal do g1 RN no WhatsApp<br \/>\nVeja n\u00famero de vagas oferecidas por universidades do RN<br \/>\nUFRN<br \/>\nA UFRN abriu 7.231 vagas no Sisu 2025. Na universidade, os classificados devem submeter virtualmente a documenta\u00e7\u00e3o pessoal nos dias 29 e 30 de janeiro.<br \/>\nNo edital, est\u00e3o dispon\u00edveis as orienta\u00e7\u00f5es para o registro dos aprovados, feito exclusivamente por meio do Sistema Integrado de Gest\u00e3o de Atividades Acad\u00eamicas (SIGAA).<br \/>\nConfira o edital aqui<br \/>\nQuem tiver o cadastramento indeferido, pode fazer a retifica\u00e7\u00e3o da documenta\u00e7\u00e3o no dia 3 de fevereiro.<br \/>\nUERN<br \/>\nA UERN abriu 2.509 vagas no Sisu 2025. Quem for selecionado para estudar na institui\u00e7\u00e3o, deve enviar a documenta\u00e7\u00e3o de forma virtual. Esse procedimento deve ser feito entre os dias 28 de janeiro e 4 de fevereiro.<br \/>\nCaso o estudante tenha algum problema na documenta\u00e7\u00e3o, o ajuste acontece at\u00e9 o dia 5 de fevereiro.<br \/>\nConfira o edital aqui<br \/>\nUfersa<br \/>\nA Universidade Federal Rural do Semi\u00e1rido (Ufersa) ofereceu 2.755 vagas no Sisu 2025. Os estudantes aprovados devem fazer o envio digital da documenta\u00e7\u00e3o entre os dias 27 de janeiro e 3 de fevereiro.<br \/>\nConfira o edital aqui<br \/>\nIFRN<br \/>\nPor \u00faltimo, o IFRN abriu 1.581 vagas em cursos superiores. As matr\u00edculas dos aprovados na chamada regular do Sisu devem ser feitas entre os dias 27 e 31 de janeiro. O procedimento \u00e9 explicado no edital.<br \/>\nConfira o edital aqui<br \/>\nUFRN campus Central<br \/>\nLucas Cortez\/Inter TV Cabugi<br \/>\nVeja os v\u00eddeos mais assistidos do g1 RN<\/p>","protected":false},"excerpt":{"rendered":"<p>Cada universidade possui seu pr\u00f3prio cronograma de atividades e procedimentos. UFRN publica edital do SISU de 2025 Depois da divulga\u00e7\u00e3o dos resultados do Sistema de Sele\u00e7\u00e3o Unificada (Sisu) 2025, os &#8230;<\/p>\n","protected":false},"author":0,"featured_media":12103,"parent":0,"menu_order":0,"comment_status":"closed","ping_status":"closed","template":"","meta":{"footnotes":""},"class_list":["post-12102","page","type-page","status-publish","has-post-thumbnail","hentry"],"yoast_head":"<!-- This site is optimized with the Yoast SEO plugin v27.1.1 - https:\/\/yoast.com\/product\/yoast-seo-wordpress\/ -->\n<title>Sisu 2025: saiba quando e como fazer a matr\u00edcula nas universidades do RN - Taveira Jr<\/title>\n<meta name=\"robots\" content=\"index, follow, max-snippet:-1, max-image-preview:large, max-video-preview:-1\" \/>\n<link rel=\"canonical\" href=\"https:\/\/deputadotaveirajr.com.br\/index.php\/sisu-2025-saiba-quando-e-como-fazer-a-matricula-nas-universidades-do-rn\/\" \/>\n<meta property=\"og:locale\" content=\"pt_BR\" \/>\n<meta property=\"og:type\" content=\"article\" \/>\n<meta property=\"og:title\" content=\"Sisu 2025: saiba quando e como fazer a matr\u00edcula nas universidades do RN - Taveira Jr\" \/>\n<meta property=\"og:description\" content=\"Cada universidade possui seu pr\u00f3prio cronograma de atividades e procedimentos. UFRN publica edital do SISU de 2025 Depois da divulga\u00e7\u00e3o dos resultados do Sistema de Sele\u00e7\u00e3o Unificada (Sisu) 2025, os ...\" \/>\n<meta property=\"og:url\" content=\"https:\/\/deputadotaveirajr.com.br\/index.php\/sisu-2025-saiba-quando-e-como-fazer-a-matricula-nas-universidades-do-rn\/\" \/>\n<meta property=\"og:site_name\" content=\"Taveira Jr\" \/>\n<meta property=\"og:image\" content=\"https:\/\/s2-g1.glbimg.com\/1iWfF48NqTRde8nlrJg8ks1LzOo=\/i.s3.glbimg.com\/v1\/AUTH_59edd422c0c84a879bd37670ae4f538a\/internal_photos\/bs\/2023\/U\/A\/DyOBzsT2mPBAXvMUDi4g\/whatsapp-image-2023-03-27-at-06.18.06.jpeg\" \/>\n<meta name=\"twitter:card\" content=\"summary_large_image\" \/>\n<meta name=\"twitter:label1\" content=\"Est. tempo de leitura\" \/>\n\t<meta name=\"twitter:data1\" content=\"2 minutos\" \/>\n<script type=\"application\/ld+json\" class=\"yoast-schema-graph\">{\"@context\":\"https:\/\/schema.org\",\"@graph\":[{\"@type\":\"WebPage\",\"@id\":\"https:\/\/deputadotaveirajr.com.br\/index.php\/sisu-2025-saiba-quando-e-como-fazer-a-matricula-nas-universidades-do-rn\/\",\"url\":\"https:\/\/deputadotaveirajr.com.br\/index.php\/sisu-2025-saiba-quando-e-como-fazer-a-matricula-nas-universidades-do-rn\/\",\"name\":\"Sisu 2025: saiba quando e como fazer a matr\u00edcula nas universidades do RN - Taveira Jr\",\"isPartOf\":{\"@id\":\"https:\/\/deputadotaveirajr.com.br\/#website\"},\"primaryImageOfPage\":{\"@id\":\"https:\/\/deputadotaveirajr.com.br\/index.php\/sisu-2025-saiba-quando-e-como-fazer-a-matricula-nas-universidades-do-rn\/#primaryimage\"},\"image\":{\"@id\":\"https:\/\/deputadotaveirajr.com.br\/index.php\/sisu-2025-saiba-quando-e-como-fazer-a-matricula-nas-universidades-do-rn\/#primaryimage\"},\"thumbnailUrl\":\"https:\/\/deputadotaveirajr.com.br\/wp-content\/uploads\/2025\/01\/whatsapp-image-2023-03-27-at-06.18.06-CcOKFX.jpeg\",\"datePublished\":\"2025-01-26T16:21:55+00:00\",\"breadcrumb\":{\"@id\":\"https:\/\/deputadotaveirajr.com.br\/index.php\/sisu-2025-saiba-quando-e-como-fazer-a-matricula-nas-universidades-do-rn\/#breadcrumb\"},\"inLanguage\":\"pt-BR\",\"potentialAction\":[{\"@type\":\"ReadAction\",\"target\":[\"https:\/\/deputadotaveirajr.com.br\/index.php\/sisu-2025-saiba-quando-e-como-fazer-a-matricula-nas-universidades-do-rn\/\"]}]},{\"@type\":\"ImageObject\",\"inLanguage\":\"pt-BR\",\"@id\":\"https:\/\/deputadotaveirajr.com.br\/index.php\/sisu-2025-saiba-quando-e-como-fazer-a-matricula-nas-universidades-do-rn\/#primaryimage\",\"url\":\"https:\/\/deputadotaveirajr.com.br\/wp-content\/uploads\/2025\/01\/whatsapp-image-2023-03-27-at-06.18.06-CcOKFX.jpeg\",\"contentUrl\":\"https:\/\/deputadotaveirajr.com.br\/wp-content\/uploads\/2025\/01\/whatsapp-image-2023-03-27-at-06.18.06-CcOKFX.jpeg\",\"width\":1600,\"height\":1200},{\"@type\":\"BreadcrumbList\",\"@id\":\"https:\/\/deputadotaveirajr.com.br\/index.php\/sisu-2025-saiba-quando-e-como-fazer-a-matricula-nas-universidades-do-rn\/#breadcrumb\",\"itemListElement\":[{\"@type\":\"ListItem\",\"position\":1,\"name\":\"In\u00edcio\",\"item\":\"https:\/\/deputadotaveirajr.com.br\/\"},{\"@type\":\"ListItem\",\"position\":2,\"name\":\"Sisu 2025: saiba quando e como fazer a matr\u00edcula nas universidades do RN\"}]},{\"@type\":\"WebSite\",\"@id\":\"https:\/\/deputadotaveirajr.com.br\/#website\",\"url\":\"https:\/\/deputadotaveirajr.com.br\/\",\"name\":\"Taveira Jr\",\"description\":\"Deputado Estadual\",\"publisher\":{\"@id\":\"https:\/\/deputadotaveirajr.com.br\/#organization\"},\"potentialAction\":[{\"@type\":\"SearchAction\",\"target\":{\"@type\":\"EntryPoint\",\"urlTemplate\":\"https:\/\/deputadotaveirajr.com.br\/?s={search_term_string}\"},\"query-input\":{\"@type\":\"PropertyValueSpecification\",\"valueRequired\":true,\"valueName\":\"search_term_string\"}}],\"inLanguage\":\"pt-BR\"},{\"@type\":\"Organization\",\"@id\":\"https:\/\/deputadotaveirajr.com.br\/#organization\",\"name\":\"Taveira Jr\",\"url\":\"https:\/\/deputadotaveirajr.com.br\/\",\"logo\":{\"@type\":\"ImageObject\",\"inLanguage\":\"pt-BR\",\"@id\":\"https:\/\/deputadotaveirajr.com.br\/#\/schema\/logo\/image\/\",\"url\":\"https:\/\/deputadotaveirajr.com.br\/wp-content\/uploads\/2026\/01\/logolow2a.png\",\"contentUrl\":\"https:\/\/deputadotaveirajr.com.br\/wp-content\/uploads\/2026\/01\/logolow2a.png\",\"width\":290,\"height\":80,\"caption\":\"Taveira Jr\"},\"image\":{\"@id\":\"https:\/\/deputadotaveirajr.com.br\/#\/schema\/logo\/image\/\"}}]}<\/script>\n<!-- \/ Yoast SEO plugin. -->","yoast_head_json":{"title":"Sisu 2025: saiba quando e como fazer a matr\u00edcula nas universidades do RN - Taveira Jr","robots":{"index":"index","follow":"follow","max-snippet":"max-snippet:-1","max-image-preview":"max-image-preview:large","max-video-preview":"max-video-preview:-1"},"canonical":"https:\/\/deputadotaveirajr.com.br\/index.php\/sisu-2025-saiba-quando-e-como-fazer-a-matricula-nas-universidades-do-rn\/","og_locale":"pt_BR","og_type":"article","og_title":"Sisu 2025: saiba quando e como fazer a matr\u00edcula nas universidades do RN - Taveira Jr","og_description":"Cada universidade possui seu pr\u00f3prio cronograma de atividades e procedimentos. UFRN publica edital do SISU de 2025 Depois da divulga\u00e7\u00e3o dos resultados do Sistema de Sele\u00e7\u00e3o Unificada (Sisu) 2025, os ...","og_url":"https:\/\/deputadotaveirajr.com.br\/index.php\/sisu-2025-saiba-quando-e-como-fazer-a-matricula-nas-universidades-do-rn\/","og_site_name":"Taveira Jr","og_image":[{"url":"https:\/\/s2-g1.glbimg.com\/1iWfF48NqTRde8nlrJg8ks1LzOo=\/i.s3.glbimg.com\/v1\/AUTH_59edd422c0c84a879bd37670ae4f538a\/internal_photos\/bs\/2023\/U\/A\/DyOBzsT2mPBAXvMUDi4g\/whatsapp-image-2023-03-27-at-06.18.06.jpeg","type":"","width":"","height":""}],"twitter_card":"summary_large_image","twitter_misc":{"Est. tempo de leitura":"2 minutos"},"schema":{"@context":"https:\/\/schema.org","@graph":[{"@type":"WebPage","@id":"https:\/\/deputadotaveirajr.com.br\/index.php\/sisu-2025-saiba-quando-e-como-fazer-a-matricula-nas-universidades-do-rn\/","url":"https:\/\/deputadotaveirajr.com.br\/index.php\/sisu-2025-saiba-quando-e-como-fazer-a-matricula-nas-universidades-do-rn\/","name":"Sisu 2025: saiba quando e como fazer a matr\u00edcula nas universidades do RN - Taveira Jr","isPartOf":{"@id":"https:\/\/deputadotaveirajr.com.br\/#website"},"primaryImageOfPage":{"@id":"https:\/\/deputadotaveirajr.com.br\/index.php\/sisu-2025-saiba-quando-e-como-fazer-a-matricula-nas-universidades-do-rn\/#primaryimage"},"image":{"@id":"https:\/\/deputadotaveirajr.com.br\/index.php\/sisu-2025-saiba-quando-e-como-fazer-a-matricula-nas-universidades-do-rn\/#primaryimage"},"thumbnailUrl":"https:\/\/deputadotaveirajr.com.br\/wp-content\/uploads\/2025\/01\/whatsapp-image-2023-03-27-at-06.18.06-CcOKFX.jpeg","datePublished":"2025-01-26T16:21:55+00:00","breadcrumb":{"@id":"https:\/\/deputadotaveirajr.com.br\/index.php\/sisu-2025-saiba-quando-e-como-fazer-a-matricula-nas-universidades-do-rn\/#breadcrumb"},"inLanguage":"pt-BR","potentialAction":[{"@type":"ReadAction","target":["https:\/\/deputadotaveirajr.com.br\/index.php\/sisu-2025-saiba-quando-e-como-fazer-a-matricula-nas-universidades-do-rn\/"]}]},{"@type":"ImageObject","inLanguage":"pt-BR","@id":"https:\/\/deputadotaveirajr.com.br\/index.php\/sisu-2025-saiba-quando-e-como-fazer-a-matricula-nas-universidades-do-rn\/#primaryimage","url":"https:\/\/deputadotaveirajr.com.br\/wp-content\/uploads\/2025\/01\/whatsapp-image-2023-03-27-at-06.18.06-CcOKFX.jpeg","contentUrl":"https:\/\/deputadotaveirajr.com.br\/wp-content\/uploads\/2025\/01\/whatsapp-image-2023-03-27-at-06.18.06-CcOKFX.jpeg","width":1600,"height":1200},{"@type":"BreadcrumbList","@id":"https:\/\/deputadotaveirajr.com.br\/index.php\/sisu-2025-saiba-quando-e-como-fazer-a-matricula-nas-universidades-do-rn\/#breadcrumb","itemListElement":[{"@type":"ListItem","position":1,"name":"In\u00edcio","item":"https:\/\/deputadotaveirajr.com.br\/"},{"@type":"ListItem","position":2,"name":"Sisu 2025: saiba quando e como fazer a matr\u00edcula nas universidades do RN"}]},{"@type":"WebSite","@id":"https:\/\/deputadotaveirajr.com.br\/#website","url":"https:\/\/deputadotaveirajr.com.br\/","name":"Taveira Jr","description":"Deputado Estadual","publisher":{"@id":"https:\/\/deputadotaveirajr.com.br\/#organization"},"potentialAction":[{"@type":"SearchAction","target":{"@type":"EntryPoint","urlTemplate":"https:\/\/deputadotaveirajr.com.br\/?s={search_term_string}"},"query-input":{"@type":"PropertyValueSpecification","valueRequired":true,"valueName":"search_term_string"}}],"inLanguage":"pt-BR"},{"@type":"Organization","@id":"https:\/\/deputadotaveirajr.com.br\/#organization","name":"Taveira Jr","url":"https:\/\/deputadotaveirajr.com.br\/","logo":{"@type":"ImageObject","inLanguage":"pt-BR","@id":"https:\/\/deputadotaveirajr.com.br\/#\/schema\/logo\/image\/","url":"https:\/\/deputadotaveirajr.com.br\/wp-content\/uploads\/2026\/01\/logolow2a.png","contentUrl":"https:\/\/deputadotaveirajr.com.br\/wp-content\/uploads\/2026\/01\/logolow2a.png","width":290,"height":80,"caption":"Taveira Jr"},"image":{"@id":"https:\/\/deputadotaveirajr.com.br\/#\/schema\/logo\/image\/"}}]}},"_links":{"self":[{"href":"https:\/\/deputadotaveirajr.com.br\/index.php\/wp-json\/wp\/v2\/pages\/12102","targetHints":{"allow":["GET"]}}],"collection":[{"href":"https:\/\/deputadotaveirajr.com.br\/index.php\/wp-json\/wp\/v2\/pages"}],"about":[{"href":"https:\/\/deputadotaveirajr.com.br\/index.php\/wp-json\/wp\/v2\/types\/page"}],"replies":[{"embeddable":true,"href":"https:\/\/deputadotaveirajr.com.br\/index.php\/wp-json\/wp\/v2\/comments?post=12102"}],"version-history":[{"count":0,"href":"https:\/\/deputadotaveirajr.com.br\/index.php\/wp-json\/wp\/v2\/pages\/12102\/revisions"}],"wp:featuredmedia":[{"embeddable":true,"href":"https:\/\/deputadotaveirajr.com.br\/index.php\/wp-json\/wp\/v2\/media\/12103"}],"wp:attachment":[{"href":"https:\/\/deputadotaveirajr.com.br\/index.php\/wp-json\/wp\/v2\/media?parent=12102"}],"curies":[{"name":"wp","href":"https:\/\/api.w.org\/{rel}","templated":true}]}}