{"id":12106,"date":"2025-01-26T09:35:52","date_gmt":"2025-01-26T12:35:52","guid":{"rendered":"https:\/\/deputadotaveirajr.com.br\/index.php\/litoral-potiguar-tem-quatro-trechos-improprios-para-banho-aponta-boletim\/"},"modified":"2025-01-26T09:35:52","modified_gmt":"2025-01-26T12:35:52","slug":"litoral-potiguar-tem-quatro-trechos-improprios-para-banho-aponta-boletim","status":"publish","type":"page","link":"https:\/\/deputadotaveirajr.com.br\/index.php\/litoral-potiguar-tem-quatro-trechos-improprios-para-banho-aponta-boletim\/","title":{"rendered":"Litoral potiguar tem quatro trechos impr\u00f3prios para banho, aponta boletim"},"content":{"rendered":"<p><img decoding=\"async\" src=\"https:\/\/s2-g1.glbimg.com\/5uN7IBEm7Xdxe5l7iLTTFvQr2n8=\/i.s3.glbimg.com\/v1\/AUTH_59edd422c0c84a879bd37670ae4f538a\/internal_photos\/bs\/2024\/7\/Z\/KB7azKTwOclsIVB8Prtg\/whatsapp-image-2024-12-10-at-11.36.52.jpeg\" \/><br \/>     O boletim da balneabilidade analisa a quantidade de coliformes termotolerantes encontrados nas \u00e1guas. Praia de Touros<br \/>\nS\u00e9rgio Henrique Santos\/Inter TV<br \/>\nO litoral da Grande Natal est\u00e1 com quatro trechos impr\u00f3prios para banho, segundo o boletim semanal de balneabilidade do Instituto de Desenvolvimento Sustent\u00e1vel e Meio Ambiente (Idema), divulgado na sexta-feira (24).<br \/>\nO boletim da balneabilidade analisa a quantidade de coliformes termotolerantes encontrados nas \u00e1guas, e a classifica\u00e7\u00e3o se d\u00e1 com base em normas estabelecidas pelo Conselho Nacional do Meio Ambiente (Conama).<br \/>\n\ud83d\udcf3Participe do canal do g1 RN no WhatsApp<br \/>\nVeja os trechos impr\u00f3prios:<br \/>\nRio Pirangi-Pium (Balne\u00e1rio Pium)<br \/>\nRio Pirangi (Ponte Nova)<br \/>\nTouros (Av. Bom Jesus)<br \/>\nMaracaja\u00fa (Mercado P\u00fablico)<br \/>\nA validade do boletim \u00e9 de uma semana, momento em que os trechos ser\u00e3o reavaliados e um novo boletim ser\u00e1 publicado.<br \/>\nNeste per\u00edodo de ver\u00e3o, o programa de balneabilidade ampliou o n\u00famero de praias analisadas, passando de 33 ao longo do ano para 51. As praias est\u00e3o em toda a faixa costeira potiguar, de Ba\u00eda Formosa a Tibau.<br \/>\nO projeto \u00e9 desenvolvido em parceria com o Instituto Federal do RN (IFRN) e a Funda\u00e7\u00e3o de Apoio \u00e0 Educa\u00e7\u00e3o e ao Desenvolvimento Tecnol\u00f3gico do RN (Funcern) e integra o Programa \u00c1gua Azul.<br \/>\nVeja os v\u00eddeos mais assistidos do g1 RN<\/p>","protected":false},"excerpt":{"rendered":"<p>O boletim da balneabilidade analisa a quantidade de coliformes termotolerantes encontrados nas \u00e1guas. Praia de Touros S\u00e9rgio Henrique Santos\/Inter TV O litoral da Grande Natal est\u00e1 com quatro trechos impr\u00f3prios &#8230;<\/p>\n","protected":false},"author":0,"featured_media":12107,"parent":0,"menu_order":0,"comment_status":"closed","ping_status":"closed","template":"","meta":{"footnotes":""},"class_list":["post-12106","page","type-page","status-publish","has-post-thumbnail","hentry"],"yoast_head":"<!-- This site is optimized with the Yoast SEO plugin v27.1.1 - https:\/\/yoast.com\/product\/yoast-seo-wordpress\/ -->\n<title>Litoral potiguar tem quatro trechos impr\u00f3prios para banho, aponta boletim - Taveira Jr<\/title>\n<meta name=\"robots\" content=\"index, follow, max-snippet:-1, max-image-preview:large, max-video-preview:-1\" \/>\n<link rel=\"canonical\" href=\"https:\/\/deputadotaveirajr.com.br\/index.php\/litoral-potiguar-tem-quatro-trechos-improprios-para-banho-aponta-boletim\/\" \/>\n<meta property=\"og:locale\" content=\"pt_BR\" \/>\n<meta property=\"og:type\" content=\"article\" \/>\n<meta property=\"og:title\" content=\"Litoral potiguar tem quatro trechos impr\u00f3prios para banho, aponta boletim - Taveira Jr\" \/>\n<meta property=\"og:description\" content=\"O boletim da balneabilidade analisa a quantidade de coliformes termotolerantes encontrados nas \u00e1guas. Praia de Touros S\u00e9rgio Henrique Santos\/Inter TV O litoral da Grande Natal est\u00e1 com quatro trechos impr\u00f3prios ...\" \/>\n<meta property=\"og:url\" content=\"https:\/\/deputadotaveirajr.com.br\/index.php\/litoral-potiguar-tem-quatro-trechos-improprios-para-banho-aponta-boletim\/\" \/>\n<meta property=\"og:site_name\" content=\"Taveira Jr\" \/>\n<meta property=\"og:image\" content=\"https:\/\/s2-g1.glbimg.com\/5uN7IBEm7Xdxe5l7iLTTFvQr2n8=\/i.s3.glbimg.com\/v1\/AUTH_59edd422c0c84a879bd37670ae4f538a\/internal_photos\/bs\/2024\/7\/Z\/KB7azKTwOclsIVB8Prtg\/whatsapp-image-2024-12-10-at-11.36.52.jpeg\" \/>\n<meta name=\"twitter:card\" content=\"summary_large_image\" \/>\n<meta name=\"twitter:label1\" content=\"Est. tempo de leitura\" \/>\n\t<meta name=\"twitter:data1\" content=\"1 minuto\" \/>\n<script type=\"application\/ld+json\" class=\"yoast-schema-graph\">{\"@context\":\"https:\/\/schema.org\",\"@graph\":[{\"@type\":\"WebPage\",\"@id\":\"https:\/\/deputadotaveirajr.com.br\/index.php\/litoral-potiguar-tem-quatro-trechos-improprios-para-banho-aponta-boletim\/\",\"url\":\"https:\/\/deputadotaveirajr.com.br\/index.php\/litoral-potiguar-tem-quatro-trechos-improprios-para-banho-aponta-boletim\/\",\"name\":\"Litoral potiguar tem quatro trechos impr\u00f3prios para banho, aponta boletim - Taveira Jr\",\"isPartOf\":{\"@id\":\"https:\/\/deputadotaveirajr.com.br\/#website\"},\"primaryImageOfPage\":{\"@id\":\"https:\/\/deputadotaveirajr.com.br\/index.php\/litoral-potiguar-tem-quatro-trechos-improprios-para-banho-aponta-boletim\/#primaryimage\"},\"image\":{\"@id\":\"https:\/\/deputadotaveirajr.com.br\/index.php\/litoral-potiguar-tem-quatro-trechos-improprios-para-banho-aponta-boletim\/#primaryimage\"},\"thumbnailUrl\":\"https:\/\/deputadotaveirajr.com.br\/wp-content\/uploads\/2025\/01\/whatsapp-image-2024-12-10-at-11.36.52-Cc1TEd.jpeg\",\"datePublished\":\"2025-01-26T12:35:52+00:00\",\"breadcrumb\":{\"@id\":\"https:\/\/deputadotaveirajr.com.br\/index.php\/litoral-potiguar-tem-quatro-trechos-improprios-para-banho-aponta-boletim\/#breadcrumb\"},\"inLanguage\":\"pt-BR\",\"potentialAction\":[{\"@type\":\"ReadAction\",\"target\":[\"https:\/\/deputadotaveirajr.com.br\/index.php\/litoral-potiguar-tem-quatro-trechos-improprios-para-banho-aponta-boletim\/\"]}]},{\"@type\":\"ImageObject\",\"inLanguage\":\"pt-BR\",\"@id\":\"https:\/\/deputadotaveirajr.com.br\/index.php\/litoral-potiguar-tem-quatro-trechos-improprios-para-banho-aponta-boletim\/#primaryimage\",\"url\":\"https:\/\/deputadotaveirajr.com.br\/wp-content\/uploads\/2025\/01\/whatsapp-image-2024-12-10-at-11.36.52-Cc1TEd.jpeg\",\"contentUrl\":\"https:\/\/deputadotaveirajr.com.br\/wp-content\/uploads\/2025\/01\/whatsapp-image-2024-12-10-at-11.36.52-Cc1TEd.jpeg\",\"width\":1600,\"height\":1200},{\"@type\":\"BreadcrumbList\",\"@id\":\"https:\/\/deputadotaveirajr.com.br\/index.php\/litoral-potiguar-tem-quatro-trechos-improprios-para-banho-aponta-boletim\/#breadcrumb\",\"itemListElement\":[{\"@type\":\"ListItem\",\"position\":1,\"name\":\"In\u00edcio\",\"item\":\"https:\/\/deputadotaveirajr.com.br\/\"},{\"@type\":\"ListItem\",\"position\":2,\"name\":\"Litoral potiguar tem quatro trechos impr\u00f3prios para banho, aponta boletim\"}]},{\"@type\":\"WebSite\",\"@id\":\"https:\/\/deputadotaveirajr.com.br\/#website\",\"url\":\"https:\/\/deputadotaveirajr.com.br\/\",\"name\":\"Taveira Jr\",\"description\":\"Deputado Estadual\",\"publisher\":{\"@id\":\"https:\/\/deputadotaveirajr.com.br\/#organization\"},\"potentialAction\":[{\"@type\":\"SearchAction\",\"target\":{\"@type\":\"EntryPoint\",\"urlTemplate\":\"https:\/\/deputadotaveirajr.com.br\/?s={search_term_string}\"},\"query-input\":{\"@type\":\"PropertyValueSpecification\",\"valueRequired\":true,\"valueName\":\"search_term_string\"}}],\"inLanguage\":\"pt-BR\"},{\"@type\":\"Organization\",\"@id\":\"https:\/\/deputadotaveirajr.com.br\/#organization\",\"name\":\"Taveira Jr\",\"url\":\"https:\/\/deputadotaveirajr.com.br\/\",\"logo\":{\"@type\":\"ImageObject\",\"inLanguage\":\"pt-BR\",\"@id\":\"https:\/\/deputadotaveirajr.com.br\/#\/schema\/logo\/image\/\",\"url\":\"https:\/\/deputadotaveirajr.com.br\/wp-content\/uploads\/2026\/01\/logolow2a.png\",\"contentUrl\":\"https:\/\/deputadotaveirajr.com.br\/wp-content\/uploads\/2026\/01\/logolow2a.png\",\"width\":290,\"height\":80,\"caption\":\"Taveira Jr\"},\"image\":{\"@id\":\"https:\/\/deputadotaveirajr.com.br\/#\/schema\/logo\/image\/\"}}]}<\/script>\n<!-- \/ Yoast SEO plugin. -->","yoast_head_json":{"title":"Litoral potiguar tem quatro trechos impr\u00f3prios para banho, aponta boletim - Taveira Jr","robots":{"index":"index","follow":"follow","max-snippet":"max-snippet:-1","max-image-preview":"max-image-preview:large","max-video-preview":"max-video-preview:-1"},"canonical":"https:\/\/deputadotaveirajr.com.br\/index.php\/litoral-potiguar-tem-quatro-trechos-improprios-para-banho-aponta-boletim\/","og_locale":"pt_BR","og_type":"article","og_title":"Litoral potiguar tem quatro trechos impr\u00f3prios para banho, aponta boletim - Taveira Jr","og_description":"O boletim da balneabilidade analisa a quantidade de coliformes termotolerantes encontrados nas \u00e1guas. Praia de Touros S\u00e9rgio Henrique Santos\/Inter TV O litoral da Grande Natal est\u00e1 com quatro trechos impr\u00f3prios ...","og_url":"https:\/\/deputadotaveirajr.com.br\/index.php\/litoral-potiguar-tem-quatro-trechos-improprios-para-banho-aponta-boletim\/","og_site_name":"Taveira Jr","og_image":[{"url":"https:\/\/s2-g1.glbimg.com\/5uN7IBEm7Xdxe5l7iLTTFvQr2n8=\/i.s3.glbimg.com\/v1\/AUTH_59edd422c0c84a879bd37670ae4f538a\/internal_photos\/bs\/2024\/7\/Z\/KB7azKTwOclsIVB8Prtg\/whatsapp-image-2024-12-10-at-11.36.52.jpeg","type":"","width":"","height":""}],"twitter_card":"summary_large_image","twitter_misc":{"Est. tempo de leitura":"1 minuto"},"schema":{"@context":"https:\/\/schema.org","@graph":[{"@type":"WebPage","@id":"https:\/\/deputadotaveirajr.com.br\/index.php\/litoral-potiguar-tem-quatro-trechos-improprios-para-banho-aponta-boletim\/","url":"https:\/\/deputadotaveirajr.com.br\/index.php\/litoral-potiguar-tem-quatro-trechos-improprios-para-banho-aponta-boletim\/","name":"Litoral potiguar tem quatro trechos impr\u00f3prios para banho, aponta boletim - Taveira Jr","isPartOf":{"@id":"https:\/\/deputadotaveirajr.com.br\/#website"},"primaryImageOfPage":{"@id":"https:\/\/deputadotaveirajr.com.br\/index.php\/litoral-potiguar-tem-quatro-trechos-improprios-para-banho-aponta-boletim\/#primaryimage"},"image":{"@id":"https:\/\/deputadotaveirajr.com.br\/index.php\/litoral-potiguar-tem-quatro-trechos-improprios-para-banho-aponta-boletim\/#primaryimage"},"thumbnailUrl":"https:\/\/deputadotaveirajr.com.br\/wp-content\/uploads\/2025\/01\/whatsapp-image-2024-12-10-at-11.36.52-Cc1TEd.jpeg","datePublished":"2025-01-26T12:35:52+00:00","breadcrumb":{"@id":"https:\/\/deputadotaveirajr.com.br\/index.php\/litoral-potiguar-tem-quatro-trechos-improprios-para-banho-aponta-boletim\/#breadcrumb"},"inLanguage":"pt-BR","potentialAction":[{"@type":"ReadAction","target":["https:\/\/deputadotaveirajr.com.br\/index.php\/litoral-potiguar-tem-quatro-trechos-improprios-para-banho-aponta-boletim\/"]}]},{"@type":"ImageObject","inLanguage":"pt-BR","@id":"https:\/\/deputadotaveirajr.com.br\/index.php\/litoral-potiguar-tem-quatro-trechos-improprios-para-banho-aponta-boletim\/#primaryimage","url":"https:\/\/deputadotaveirajr.com.br\/wp-content\/uploads\/2025\/01\/whatsapp-image-2024-12-10-at-11.36.52-Cc1TEd.jpeg","contentUrl":"https:\/\/deputadotaveirajr.com.br\/wp-content\/uploads\/2025\/01\/whatsapp-image-2024-12-10-at-11.36.52-Cc1TEd.jpeg","width":1600,"height":1200},{"@type":"BreadcrumbList","@id":"https:\/\/deputadotaveirajr.com.br\/index.php\/litoral-potiguar-tem-quatro-trechos-improprios-para-banho-aponta-boletim\/#breadcrumb","itemListElement":[{"@type":"ListItem","position":1,"name":"In\u00edcio","item":"https:\/\/deputadotaveirajr.com.br\/"},{"@type":"ListItem","position":2,"name":"Litoral potiguar tem quatro trechos impr\u00f3prios para banho, aponta boletim"}]},{"@type":"WebSite","@id":"https:\/\/deputadotaveirajr.com.br\/#website","url":"https:\/\/deputadotaveirajr.com.br\/","name":"Taveira Jr","description":"Deputado Estadual","publisher":{"@id":"https:\/\/deputadotaveirajr.com.br\/#organization"},"potentialAction":[{"@type":"SearchAction","target":{"@type":"EntryPoint","urlTemplate":"https:\/\/deputadotaveirajr.com.br\/?s={search_term_string}"},"query-input":{"@type":"PropertyValueSpecification","valueRequired":true,"valueName":"search_term_string"}}],"inLanguage":"pt-BR"},{"@type":"Organization","@id":"https:\/\/deputadotaveirajr.com.br\/#organization","name":"Taveira Jr","url":"https:\/\/deputadotaveirajr.com.br\/","logo":{"@type":"ImageObject","inLanguage":"pt-BR","@id":"https:\/\/deputadotaveirajr.com.br\/#\/schema\/logo\/image\/","url":"https:\/\/deputadotaveirajr.com.br\/wp-content\/uploads\/2026\/01\/logolow2a.png","contentUrl":"https:\/\/deputadotaveirajr.com.br\/wp-content\/uploads\/2026\/01\/logolow2a.png","width":290,"height":80,"caption":"Taveira Jr"},"image":{"@id":"https:\/\/deputadotaveirajr.com.br\/#\/schema\/logo\/image\/"}}]}},"_links":{"self":[{"href":"https:\/\/deputadotaveirajr.com.br\/index.php\/wp-json\/wp\/v2\/pages\/12106","targetHints":{"allow":["GET"]}}],"collection":[{"href":"https:\/\/deputadotaveirajr.com.br\/index.php\/wp-json\/wp\/v2\/pages"}],"about":[{"href":"https:\/\/deputadotaveirajr.com.br\/index.php\/wp-json\/wp\/v2\/types\/page"}],"replies":[{"embeddable":true,"href":"https:\/\/deputadotaveirajr.com.br\/index.php\/wp-json\/wp\/v2\/comments?post=12106"}],"version-history":[{"count":0,"href":"https:\/\/deputadotaveirajr.com.br\/index.php\/wp-json\/wp\/v2\/pages\/12106\/revisions"}],"wp:featuredmedia":[{"embeddable":true,"href":"https:\/\/deputadotaveirajr.com.br\/index.php\/wp-json\/wp\/v2\/media\/12107"}],"wp:attachment":[{"href":"https:\/\/deputadotaveirajr.com.br\/index.php\/wp-json\/wp\/v2\/media?parent=12106"}],"curies":[{"name":"wp","href":"https:\/\/api.w.org\/{rel}","templated":true}]}}