{"id":12123,"date":"2025-01-29T20:11:58","date_gmt":"2025-01-29T23:11:58","guid":{"rendered":"https:\/\/deputadotaveirajr.com.br\/index.php\/mare-avanca-e-alaga-trecho-da-engorda-de-ponta-negra-secretario-de-meio-ambiente-diz-que-situacao-e-esperada\/"},"modified":"2025-01-29T20:11:58","modified_gmt":"2025-01-29T23:11:58","slug":"mare-avanca-e-alaga-trecho-da-engorda-de-ponta-negra-secretario-de-meio-ambiente-diz-que-situacao-e-esperada","status":"publish","type":"page","link":"https:\/\/deputadotaveirajr.com.br\/index.php\/mare-avanca-e-alaga-trecho-da-engorda-de-ponta-negra-secretario-de-meio-ambiente-diz-que-situacao-e-esperada\/","title":{"rendered":"Mar\u00e9 avan\u00e7a e alaga trecho da engorda de Ponta Negra; secret\u00e1rio de Meio Ambiente diz que situa\u00e7\u00e3o \u00e9 &#8216;esperada&#8217;"},"content":{"rendered":"<p><img decoding=\"async\" src=\"https:\/\/s2-g1.glbimg.com\/wSX6nEzbevX-xDoxznjk64mtUgo=\/i.s3.glbimg.com\/v1\/AUTH_59edd422c0c84a879bd37670ae4f538a\/internal_photos\/bs\/2025\/d\/a\/eBqJNiRACcn2msPcrScw\/alagamento.jpg\" \/><br \/>     Banhistas e comerciantes reclamaram e se preocuparam com o avan\u00e7o da mar\u00e9 na praia. Situa\u00e7\u00e3o aconteceu em pelo menos dois dias seguidos nesta semana. Alagamento em trecho onde ocorreu a obra da engorda de Ponta Negra<br \/>\nReprodu\u00e7\u00e3o\/Inter TV Cabugi<br \/>\nPor pelo menos dois dias seguidos, a mar\u00e9 alta da praia de Ponta Negra avan\u00e7ou e alagou um dos trechos onde foi realizada a engorda, em obra conclu\u00edda no in\u00edcio desta semana ap\u00f3s pouco mais que quatro meses.<br \/>\nO fato incomodou e preocupou alguns banhistas e tamb\u00e9m comerciantes da praia. O secret\u00e1rio de Meio Ambiente e Urbanismo de Natal, Thiago Mesquita, disse que esse tipo de situa\u00e7\u00e3o \u00e9 &#8220;esperada&#8221; no planejamento da obra da engorda.<br \/>\n\ud83d\udcf3 Participe do canal do g1 RN no WhatsApp<br \/>\nEsse n\u00e3o \u00e9 o primeiro problema do tipo na engorda. Recentemente, o trecho tamb\u00e9m alagou ap\u00f3s fortes chuvas e problemas de drenagem no bairro (veja  detalhes mais abaixo).<br \/>\nO secret\u00e1rio Thiago Mesquita refor\u00e7ou que foi colocado 1,3 milh\u00e3o de metros c\u00fabicos de areia em 4,6 quil\u00f4metros da praia, o que fez de Ponta Negra &#8220;uma nova praia&#8221;. Segundo ele, isso n\u00e3o afetou o regime de ondas, e a din\u00e2mica costeira &#8220;continua intensa e vai se intensificar mais&#8221;.<br \/>\n&#8220;Est\u00e1 dentro do projeto executivo, do modelo matem\u00e1tico. E \u00e9 por isso que sempre divulgamos que na mar\u00e9 alta teremos aproximadamente 50 metros de faixa e na mar\u00e9 baixa, 100 metros. Ou seja, a expectativa \u00e9 que 50% do aterro hidr\u00e1ulico, dependendo da mar\u00e9, seja ocupado por essa \u00e1gua&#8221;, disse.<br \/>\nDe acordo com o secret\u00e1rio, a entrada de onda dentro do aterro hidr\u00e1ulico (engorda) &#8220;\u00e9, sim, esperado&#8221;.<br \/>\nThiago Mesquita disse ainda que o Munic\u00edpio continua monitorando a engorda mesmo ap\u00f3s a finaliza\u00e7\u00e3o da obra.<br \/>\n&#8220;Na verdade a gente est\u00e1 monitorando sempre. A gente est\u00e1 com uma empresa que fiscaliza toda execu\u00e7\u00e3o da obra, na parte de engenharia, o projeto executivo, ela \u00e9 contratada da Seinfra [Secretaria de Infraestrutura], ela est\u00e1 apresentando os relat\u00f3rios&#8221;, contou.<br \/>\n&#8220;Mas nesse momento o que aconteceu \u00e9 completamente normal dentro daquilo que \u00e9 esperado&#8221;, garantiu.<br \/>\n\u00c1gua acumulada sobre a areia da engorda de Ponta Negra ap\u00f3s chuva em Natal<br \/>\nBanhistas e comerciantes reclamam<br \/>\nO avan\u00e7o da mar\u00e9 at\u00e9 o ponto onde a engorda foi feita pegou comerciantes e banhistas de surpresa.<br \/>\n&#8220;Vir depois de quatro anos e encontrar Ponta Negra dessa maneira n\u00e3o d\u00e1 certo&#8221;, lamentou a oper\u00e1ria Idalina Rodrigues.<br \/>\nO gar\u00e7om Adenilson Dias contou que, nos \u00faltimos dias, tem tido dificuldade para conseguir colocar os clientes das barracas em pontos que n\u00e3o estejam alagados quando a mar\u00e9 sobe.<br \/>\n&#8220;O cliente pediu para se afastar [de um ponto], mas n\u00e3o teve como. N\u00f3s botamos ele at\u00e9 aqui [no fim da faixa de areia]. E \u00e1gua est\u00e1 vindo recuando, est\u00e1 ficando dentro das pedras&#8221;, disse o gar\u00e7om Adenilson Dias.<br \/>\nA comerciante M\u00e1rcia Morais disse ainda que sentiu uma diminui\u00e7\u00e3o no n\u00famero de banhistas e clientes na praia nos \u00faltimos dias.<br \/>\n&#8220;Transtorno pra todos n\u00f3s. Pros comerciantes, pros turistas. Eu percebi que esvaziou bastante&#8221;, disse<br \/>\nHist\u00f3rico recente<br \/>\nEm 13 de janeiro, o trecho da engorda tamb\u00e9m havia alagado ap\u00f3s fortes chuvas em Natal. Na \u00e9poca, o secret\u00e1rio disse que o problema foi causado por um problema na rede de drenagem em Ponta Negra, que n\u00e3o suportou o fluxo da \u00e1gua.  Al\u00e9m disso, houve extravasamento de esgoto, o que deixou a praia suja e com mau cheiro.<br \/>\nJ\u00e1 no in\u00edcio desta semana, dois barcos ficaram danificados na praia de Ponta Negra. Os pescadores alegaram que os barcos bateram em tubula\u00e7\u00f5es deixadas na praia mesmo ap\u00f3s a conclus\u00e3o do servi\u00e7o da engorda anunciada pela prefeitura. Veja reportagem abaixo:<br \/>\nEmbarca\u00e7\u00f5es s\u00e3o danificadas em Ponta Negra<br \/>\nV\u00eddeos mais assistidos do g1 RN<\/p>","protected":false},"excerpt":{"rendered":"<p>Banhistas e comerciantes reclamaram e se preocuparam com o avan\u00e7o da mar\u00e9 na praia. Situa\u00e7\u00e3o aconteceu em pelo menos dois dias seguidos nesta semana. Alagamento em trecho onde ocorreu a &#8230;<\/p>\n","protected":false},"author":0,"featured_media":12124,"parent":0,"menu_order":0,"comment_status":"closed","ping_status":"closed","template":"","meta":{"footnotes":""},"class_list":["post-12123","page","type-page","status-publish","has-post-thumbnail","hentry"],"yoast_head":"<!-- This site is optimized with the Yoast SEO plugin v27.1.1 - https:\/\/yoast.com\/product\/yoast-seo-wordpress\/ -->\n<title>Mar\u00e9 avan\u00e7a e alaga trecho da engorda de Ponta Negra; secret\u00e1rio de Meio Ambiente diz que situa\u00e7\u00e3o \u00e9 &#039;esperada&#039; - Taveira Jr<\/title>\n<meta name=\"robots\" content=\"index, follow, max-snippet:-1, max-image-preview:large, max-video-preview:-1\" \/>\n<link rel=\"canonical\" href=\"https:\/\/deputadotaveirajr.com.br\/index.php\/mare-avanca-e-alaga-trecho-da-engorda-de-ponta-negra-secretario-de-meio-ambiente-diz-que-situacao-e-esperada\/\" \/>\n<meta property=\"og:locale\" content=\"pt_BR\" \/>\n<meta property=\"og:type\" content=\"article\" \/>\n<meta property=\"og:title\" content=\"Mar\u00e9 avan\u00e7a e alaga trecho da engorda de Ponta Negra; secret\u00e1rio de Meio Ambiente diz que situa\u00e7\u00e3o \u00e9 &#039;esperada&#039; - Taveira Jr\" \/>\n<meta property=\"og:description\" content=\"Banhistas e comerciantes reclamaram e se preocuparam com o avan\u00e7o da mar\u00e9 na praia. Situa\u00e7\u00e3o aconteceu em pelo menos dois dias seguidos nesta semana. Alagamento em trecho onde ocorreu a ...\" \/>\n<meta property=\"og:url\" content=\"https:\/\/deputadotaveirajr.com.br\/index.php\/mare-avanca-e-alaga-trecho-da-engorda-de-ponta-negra-secretario-de-meio-ambiente-diz-que-situacao-e-esperada\/\" \/>\n<meta property=\"og:site_name\" content=\"Taveira Jr\" \/>\n<meta property=\"og:image\" content=\"https:\/\/s2-g1.glbimg.com\/wSX6nEzbevX-xDoxznjk64mtUgo=\/i.s3.glbimg.com\/v1\/AUTH_59edd422c0c84a879bd37670ae4f538a\/internal_photos\/bs\/2025\/d\/a\/eBqJNiRACcn2msPcrScw\/alagamento.jpg\" \/>\n<meta name=\"twitter:card\" content=\"summary_large_image\" \/>\n<meta name=\"twitter:label1\" content=\"Est. tempo de leitura\" \/>\n\t<meta name=\"twitter:data1\" content=\"3 minutos\" \/>\n<script type=\"application\/ld+json\" class=\"yoast-schema-graph\">{\"@context\":\"https:\/\/schema.org\",\"@graph\":[{\"@type\":\"WebPage\",\"@id\":\"https:\/\/deputadotaveirajr.com.br\/index.php\/mare-avanca-e-alaga-trecho-da-engorda-de-ponta-negra-secretario-de-meio-ambiente-diz-que-situacao-e-esperada\/\",\"url\":\"https:\/\/deputadotaveirajr.com.br\/index.php\/mare-avanca-e-alaga-trecho-da-engorda-de-ponta-negra-secretario-de-meio-ambiente-diz-que-situacao-e-esperada\/\",\"name\":\"Mar\u00e9 avan\u00e7a e alaga trecho da engorda de Ponta Negra; secret\u00e1rio de Meio Ambiente diz que situa\u00e7\u00e3o \u00e9 'esperada' - Taveira Jr\",\"isPartOf\":{\"@id\":\"https:\/\/deputadotaveirajr.com.br\/#website\"},\"primaryImageOfPage\":{\"@id\":\"https:\/\/deputadotaveirajr.com.br\/index.php\/mare-avanca-e-alaga-trecho-da-engorda-de-ponta-negra-secretario-de-meio-ambiente-diz-que-situacao-e-esperada\/#primaryimage\"},\"image\":{\"@id\":\"https:\/\/deputadotaveirajr.com.br\/index.php\/mare-avanca-e-alaga-trecho-da-engorda-de-ponta-negra-secretario-de-meio-ambiente-diz-que-situacao-e-esperada\/#primaryimage\"},\"thumbnailUrl\":\"https:\/\/deputadotaveirajr.com.br\/wp-content\/uploads\/2025\/01\/alagamento-26Ydk4.jpeg\",\"datePublished\":\"2025-01-29T23:11:58+00:00\",\"breadcrumb\":{\"@id\":\"https:\/\/deputadotaveirajr.com.br\/index.php\/mare-avanca-e-alaga-trecho-da-engorda-de-ponta-negra-secretario-de-meio-ambiente-diz-que-situacao-e-esperada\/#breadcrumb\"},\"inLanguage\":\"pt-BR\",\"potentialAction\":[{\"@type\":\"ReadAction\",\"target\":[\"https:\/\/deputadotaveirajr.com.br\/index.php\/mare-avanca-e-alaga-trecho-da-engorda-de-ponta-negra-secretario-de-meio-ambiente-diz-que-situacao-e-esperada\/\"]}]},{\"@type\":\"ImageObject\",\"inLanguage\":\"pt-BR\",\"@id\":\"https:\/\/deputadotaveirajr.com.br\/index.php\/mare-avanca-e-alaga-trecho-da-engorda-de-ponta-negra-secretario-de-meio-ambiente-diz-que-situacao-e-esperada\/#primaryimage\",\"url\":\"https:\/\/deputadotaveirajr.com.br\/wp-content\/uploads\/2025\/01\/alagamento-26Ydk4.jpeg\",\"contentUrl\":\"https:\/\/deputadotaveirajr.com.br\/wp-content\/uploads\/2025\/01\/alagamento-26Ydk4.jpeg\",\"width\":1076,\"height\":567},{\"@type\":\"BreadcrumbList\",\"@id\":\"https:\/\/deputadotaveirajr.com.br\/index.php\/mare-avanca-e-alaga-trecho-da-engorda-de-ponta-negra-secretario-de-meio-ambiente-diz-que-situacao-e-esperada\/#breadcrumb\",\"itemListElement\":[{\"@type\":\"ListItem\",\"position\":1,\"name\":\"In\u00edcio\",\"item\":\"https:\/\/deputadotaveirajr.com.br\/\"},{\"@type\":\"ListItem\",\"position\":2,\"name\":\"Mar\u00e9 avan\u00e7a e alaga trecho da engorda de Ponta Negra; secret\u00e1rio de Meio Ambiente diz que situa\u00e7\u00e3o \u00e9 &#8216;esperada&#8217;\"}]},{\"@type\":\"WebSite\",\"@id\":\"https:\/\/deputadotaveirajr.com.br\/#website\",\"url\":\"https:\/\/deputadotaveirajr.com.br\/\",\"name\":\"Taveira Jr\",\"description\":\"Deputado Estadual\",\"publisher\":{\"@id\":\"https:\/\/deputadotaveirajr.com.br\/#organization\"},\"potentialAction\":[{\"@type\":\"SearchAction\",\"target\":{\"@type\":\"EntryPoint\",\"urlTemplate\":\"https:\/\/deputadotaveirajr.com.br\/?s={search_term_string}\"},\"query-input\":{\"@type\":\"PropertyValueSpecification\",\"valueRequired\":true,\"valueName\":\"search_term_string\"}}],\"inLanguage\":\"pt-BR\"},{\"@type\":\"Organization\",\"@id\":\"https:\/\/deputadotaveirajr.com.br\/#organization\",\"name\":\"Taveira Jr\",\"url\":\"https:\/\/deputadotaveirajr.com.br\/\",\"logo\":{\"@type\":\"ImageObject\",\"inLanguage\":\"pt-BR\",\"@id\":\"https:\/\/deputadotaveirajr.com.br\/#\/schema\/logo\/image\/\",\"url\":\"https:\/\/deputadotaveirajr.com.br\/wp-content\/uploads\/2026\/01\/logolow2a.png\",\"contentUrl\":\"https:\/\/deputadotaveirajr.com.br\/wp-content\/uploads\/2026\/01\/logolow2a.png\",\"width\":290,\"height\":80,\"caption\":\"Taveira Jr\"},\"image\":{\"@id\":\"https:\/\/deputadotaveirajr.com.br\/#\/schema\/logo\/image\/\"}}]}<\/script>\n<!-- \/ Yoast SEO plugin. -->","yoast_head_json":{"title":"Mar\u00e9 avan\u00e7a e alaga trecho da engorda de Ponta Negra; secret\u00e1rio de Meio Ambiente diz que situa\u00e7\u00e3o \u00e9 'esperada' - Taveira Jr","robots":{"index":"index","follow":"follow","max-snippet":"max-snippet:-1","max-image-preview":"max-image-preview:large","max-video-preview":"max-video-preview:-1"},"canonical":"https:\/\/deputadotaveirajr.com.br\/index.php\/mare-avanca-e-alaga-trecho-da-engorda-de-ponta-negra-secretario-de-meio-ambiente-diz-que-situacao-e-esperada\/","og_locale":"pt_BR","og_type":"article","og_title":"Mar\u00e9 avan\u00e7a e alaga trecho da engorda de Ponta Negra; secret\u00e1rio de Meio Ambiente diz que situa\u00e7\u00e3o \u00e9 'esperada' - Taveira Jr","og_description":"Banhistas e comerciantes reclamaram e se preocuparam com o avan\u00e7o da mar\u00e9 na praia. Situa\u00e7\u00e3o aconteceu em pelo menos dois dias seguidos nesta semana. Alagamento em trecho onde ocorreu a ...","og_url":"https:\/\/deputadotaveirajr.com.br\/index.php\/mare-avanca-e-alaga-trecho-da-engorda-de-ponta-negra-secretario-de-meio-ambiente-diz-que-situacao-e-esperada\/","og_site_name":"Taveira Jr","og_image":[{"url":"https:\/\/s2-g1.glbimg.com\/wSX6nEzbevX-xDoxznjk64mtUgo=\/i.s3.glbimg.com\/v1\/AUTH_59edd422c0c84a879bd37670ae4f538a\/internal_photos\/bs\/2025\/d\/a\/eBqJNiRACcn2msPcrScw\/alagamento.jpg","type":"","width":"","height":""}],"twitter_card":"summary_large_image","twitter_misc":{"Est. tempo de leitura":"3 minutos"},"schema":{"@context":"https:\/\/schema.org","@graph":[{"@type":"WebPage","@id":"https:\/\/deputadotaveirajr.com.br\/index.php\/mare-avanca-e-alaga-trecho-da-engorda-de-ponta-negra-secretario-de-meio-ambiente-diz-que-situacao-e-esperada\/","url":"https:\/\/deputadotaveirajr.com.br\/index.php\/mare-avanca-e-alaga-trecho-da-engorda-de-ponta-negra-secretario-de-meio-ambiente-diz-que-situacao-e-esperada\/","name":"Mar\u00e9 avan\u00e7a e alaga trecho da engorda de Ponta Negra; secret\u00e1rio de Meio Ambiente diz que situa\u00e7\u00e3o \u00e9 'esperada' - Taveira Jr","isPartOf":{"@id":"https:\/\/deputadotaveirajr.com.br\/#website"},"primaryImageOfPage":{"@id":"https:\/\/deputadotaveirajr.com.br\/index.php\/mare-avanca-e-alaga-trecho-da-engorda-de-ponta-negra-secretario-de-meio-ambiente-diz-que-situacao-e-esperada\/#primaryimage"},"image":{"@id":"https:\/\/deputadotaveirajr.com.br\/index.php\/mare-avanca-e-alaga-trecho-da-engorda-de-ponta-negra-secretario-de-meio-ambiente-diz-que-situacao-e-esperada\/#primaryimage"},"thumbnailUrl":"https:\/\/deputadotaveirajr.com.br\/wp-content\/uploads\/2025\/01\/alagamento-26Ydk4.jpeg","datePublished":"2025-01-29T23:11:58+00:00","breadcrumb":{"@id":"https:\/\/deputadotaveirajr.com.br\/index.php\/mare-avanca-e-alaga-trecho-da-engorda-de-ponta-negra-secretario-de-meio-ambiente-diz-que-situacao-e-esperada\/#breadcrumb"},"inLanguage":"pt-BR","potentialAction":[{"@type":"ReadAction","target":["https:\/\/deputadotaveirajr.com.br\/index.php\/mare-avanca-e-alaga-trecho-da-engorda-de-ponta-negra-secretario-de-meio-ambiente-diz-que-situacao-e-esperada\/"]}]},{"@type":"ImageObject","inLanguage":"pt-BR","@id":"https:\/\/deputadotaveirajr.com.br\/index.php\/mare-avanca-e-alaga-trecho-da-engorda-de-ponta-negra-secretario-de-meio-ambiente-diz-que-situacao-e-esperada\/#primaryimage","url":"https:\/\/deputadotaveirajr.com.br\/wp-content\/uploads\/2025\/01\/alagamento-26Ydk4.jpeg","contentUrl":"https:\/\/deputadotaveirajr.com.br\/wp-content\/uploads\/2025\/01\/alagamento-26Ydk4.jpeg","width":1076,"height":567},{"@type":"BreadcrumbList","@id":"https:\/\/deputadotaveirajr.com.br\/index.php\/mare-avanca-e-alaga-trecho-da-engorda-de-ponta-negra-secretario-de-meio-ambiente-diz-que-situacao-e-esperada\/#breadcrumb","itemListElement":[{"@type":"ListItem","position":1,"name":"In\u00edcio","item":"https:\/\/deputadotaveirajr.com.br\/"},{"@type":"ListItem","position":2,"name":"Mar\u00e9 avan\u00e7a e alaga trecho da engorda de Ponta Negra; secret\u00e1rio de Meio Ambiente diz que situa\u00e7\u00e3o \u00e9 &#8216;esperada&#8217;"}]},{"@type":"WebSite","@id":"https:\/\/deputadotaveirajr.com.br\/#website","url":"https:\/\/deputadotaveirajr.com.br\/","name":"Taveira Jr","description":"Deputado Estadual","publisher":{"@id":"https:\/\/deputadotaveirajr.com.br\/#organization"},"potentialAction":[{"@type":"SearchAction","target":{"@type":"EntryPoint","urlTemplate":"https:\/\/deputadotaveirajr.com.br\/?s={search_term_string}"},"query-input":{"@type":"PropertyValueSpecification","valueRequired":true,"valueName":"search_term_string"}}],"inLanguage":"pt-BR"},{"@type":"Organization","@id":"https:\/\/deputadotaveirajr.com.br\/#organization","name":"Taveira Jr","url":"https:\/\/deputadotaveirajr.com.br\/","logo":{"@type":"ImageObject","inLanguage":"pt-BR","@id":"https:\/\/deputadotaveirajr.com.br\/#\/schema\/logo\/image\/","url":"https:\/\/deputadotaveirajr.com.br\/wp-content\/uploads\/2026\/01\/logolow2a.png","contentUrl":"https:\/\/deputadotaveirajr.com.br\/wp-content\/uploads\/2026\/01\/logolow2a.png","width":290,"height":80,"caption":"Taveira Jr"},"image":{"@id":"https:\/\/deputadotaveirajr.com.br\/#\/schema\/logo\/image\/"}}]}},"_links":{"self":[{"href":"https:\/\/deputadotaveirajr.com.br\/index.php\/wp-json\/wp\/v2\/pages\/12123","targetHints":{"allow":["GET"]}}],"collection":[{"href":"https:\/\/deputadotaveirajr.com.br\/index.php\/wp-json\/wp\/v2\/pages"}],"about":[{"href":"https:\/\/deputadotaveirajr.com.br\/index.php\/wp-json\/wp\/v2\/types\/page"}],"replies":[{"embeddable":true,"href":"https:\/\/deputadotaveirajr.com.br\/index.php\/wp-json\/wp\/v2\/comments?post=12123"}],"version-history":[{"count":0,"href":"https:\/\/deputadotaveirajr.com.br\/index.php\/wp-json\/wp\/v2\/pages\/12123\/revisions"}],"wp:featuredmedia":[{"embeddable":true,"href":"https:\/\/deputadotaveirajr.com.br\/index.php\/wp-json\/wp\/v2\/media\/12124"}],"wp:attachment":[{"href":"https:\/\/deputadotaveirajr.com.br\/index.php\/wp-json\/wp\/v2\/media?parent=12123"}],"curies":[{"name":"wp","href":"https:\/\/api.w.org\/{rel}","templated":true}]}}