{"id":12127,"date":"2025-01-29T17:58:06","date_gmt":"2025-01-29T20:58:06","guid":{"rendered":"https:\/\/deputadotaveirajr.com.br\/index.php\/inmet-alerta-para-chuvas-intensas-em-natal-e-mais-75-cidades-do-rn-veja-lista\/"},"modified":"2025-01-29T17:58:06","modified_gmt":"2025-01-29T20:58:06","slug":"inmet-alerta-para-chuvas-intensas-em-natal-e-mais-75-cidades-do-rn-veja-lista","status":"publish","type":"page","link":"https:\/\/deputadotaveirajr.com.br\/index.php\/inmet-alerta-para-chuvas-intensas-em-natal-e-mais-75-cidades-do-rn-veja-lista\/","title":{"rendered":"Inmet alerta para chuvas intensas em Natal e mais 75 cidades do RN; veja lista"},"content":{"rendered":"<p><img decoding=\"async\" src=\"https:\/\/s2-g1.glbimg.com\/YXHvA87hUOleZc13Igagvg823yU=\/i.s3.glbimg.com\/v1\/AUTH_59edd422c0c84a879bd37670ae4f538a\/internal_photos\/bs\/2025\/I\/u\/O6YmoLSfGxaefn2M5MEQ\/g1-rn.jpg\" \/><br \/>     Os alertas valem at\u00e9 10h da quinta-feira (30) e s\u00e3o da cor amarela, de perigo potencial, prevendo chuvas de at\u00e9 50 mm por dia. Alerta atinge cidades do litoral do RN e de outras regi\u00f5es<br \/>\nInmet<br \/>\nO Instituto Nacional de Meteorologia (Inmet) emitiu dois alertas de chuvas intensas para o Rio Grande do Norte. Um deles \u00e9 para o chamado Litoral Oriental, que vai da praia de Ba\u00eda Formosa at\u00e9 Touros, incluindo a capital Natal, e o o outro \u00e9 para parte do Alto Oeste, Regi\u00e3o Central e Serid\u00f3. (Veja lista de cidades mais abaixo).<br \/>\nOs alertas valem at\u00e9 10h da quinta-feira (30) e s\u00e3o da cor amarela, de perigo potencial, o n\u00edvel mais baixo entre os tr\u00eas do \u00f3rg\u00e3o &#8211; os outros dois s\u00e3o laranja (perigo) e vermelho (grande perigo).<br \/>\n\ud83d\udcf3Participe do canal do g1 RN no WhatsApp<br \/>\nO alerta amarelo prev\u00ea chuvas entre 20 e 30 mm\/h ou at\u00e9 50 mm\/dia, al\u00e9m de ventos intensos entre 40 e 60 km\/h.<br \/>\nSegundo o Inmet, nesses casos h\u00e1 baixo risco de corte de energia el\u00e9trica, queda de galhos de \u00e1rvores, alagamentos e de descargas el\u00e9tricas.<br \/>\nO Instituto recomenda, em caso de rajadas de vento:<br \/>\nn\u00e3o se abrigar debaixo de \u00e1rvores, pois h\u00e1 leve risco de queda e descargas el\u00e9tricas;<br \/>\nn\u00e3o estacionar ve\u00edculos pr\u00f3ximos a torres de transmiss\u00e3o e placas de propaganda;<br \/>\ne evitar usar aparelhos eletr\u00f4nicos ligados \u00e0 tomada.<br \/>\nEm caso de necessidade, o Inmet recomenda obter mais informa\u00e7\u00f5es com a Defesa Civil (telefone 199) e o Corpo de Bombeiros (telefone 193).<br \/>\nVeja cidades afetadas:<br \/>\nArez<br \/>\nBa\u00eda Formosa<br \/>\nCanguaretama<br \/>\nCear\u00e1-Mirim<br \/>\nEsp\u00edrito Santo<br \/>\nExtremoz<br \/>\nGoianinha<br \/>\nJundi\u00e1<br \/>\nMaca\u00edba<br \/>\nMaxaranguape<br \/>\nMontanhas<br \/>\nMonte Alegre<br \/>\nNatal<br \/>\nN\u00edsia Floresta<br \/>\nNova Cruz<br \/>\nParnamirim<br \/>\nPedro Velho<br \/>\nPureza<br \/>\nRio do Fogo<br \/>\nS\u00e3o Gon\u00e7alo do Amarante<br \/>\nS\u00e3o Jos\u00e9 de Mipibu<br \/>\nSenador Georgino Avelino<br \/>\nTibau do Sul<br \/>\nTouros<br \/>\nVila Flor<br \/>\n\u00c1gua Nova<br \/>\nAlexandria<br \/>\nAlmino Afonso<br \/>\nAnt\u00f4nio Martins<br \/>\nApodi<br \/>\nAugusto Severo<br \/>\nCaic\u00f3<br \/>\nCara\u00fabas<br \/>\nCoronel Jo\u00e3o Pessoa<br \/>\nDoutor Severiano<br \/>\nEncanto<br \/>\nFelipe Guerra<br \/>\nFrancisco Dantas<br \/>\nFrutuoso Gomes<br \/>\nIpueira<br \/>\nIta\u00fa<br \/>\nJandu\u00eds<br \/>\nJardim de Piranhas<br \/>\nJo\u00e3o Dias<br \/>\nJos\u00e9 da Penha<br \/>\nJucurutu<br \/>\nLucr\u00e9cia<br \/>\nLu\u00eds Gomes<br \/>\nMajor Sales<br \/>\nMarcelino Vieira<br \/>\nMartins<br \/>\nMessias Targino<br \/>\nOlho d&#8217;\u00c1gua do Borges<br \/>\nParan\u00e1<br \/>\nPatu<br \/>\nPau dos Ferros<br \/>\nPil\u00f5es<br \/>\nPortalegre<br \/>\nRafael Fernandes<br \/>\nRafael Godeiro<br \/>\nRiacho da Cruz<br \/>\nRiacho de Santana<br \/>\nRodolfo Fernandes<br \/>\nS\u00e3o Fernando<br \/>\nS\u00e3o Francisco do Oeste<br \/>\nS\u00e3o Jo\u00e3o do Sabugi<br \/>\nS\u00e3o Miguel<br \/>\nSerra Negra do Norte<br \/>\nSerrinha dos Pintos<br \/>\nSeveriano Melo<br \/>\nTaboleiro Grande<br \/>\nTenente Ananias<br \/>\nTimba\u00faba dos Batistas<br \/>\nUmarizal<br \/>\nVenha-Ver<br \/>\nVi\u00e7osa<br \/>\nChuva no interior do RN \u00e9 motivo de festa entre sertanejos<br \/>\nV\u00eddeos mais assistidos do g1 RN<\/p>","protected":false},"excerpt":{"rendered":"<p>Os alertas valem at\u00e9 10h da quinta-feira (30) e s\u00e3o da cor amarela, de perigo potencial, prevendo chuvas de at\u00e9 50 mm por dia. Alerta atinge cidades do litoral do &#8230;<\/p>\n","protected":false},"author":0,"featured_media":12128,"parent":0,"menu_order":0,"comment_status":"closed","ping_status":"closed","template":"","meta":{"footnotes":""},"class_list":["post-12127","page","type-page","status-publish","has-post-thumbnail","hentry"],"yoast_head":"<!-- This site is optimized with the Yoast SEO plugin v27.1.1 - https:\/\/yoast.com\/product\/yoast-seo-wordpress\/ -->\n<title>Inmet alerta para chuvas intensas em Natal e mais 75 cidades do RN; veja lista - Taveira Jr<\/title>\n<meta name=\"robots\" content=\"index, follow, max-snippet:-1, max-image-preview:large, max-video-preview:-1\" \/>\n<link rel=\"canonical\" href=\"https:\/\/deputadotaveirajr.com.br\/index.php\/inmet-alerta-para-chuvas-intensas-em-natal-e-mais-75-cidades-do-rn-veja-lista\/\" \/>\n<meta property=\"og:locale\" content=\"pt_BR\" \/>\n<meta property=\"og:type\" content=\"article\" \/>\n<meta property=\"og:title\" content=\"Inmet alerta para chuvas intensas em Natal e mais 75 cidades do RN; veja lista - Taveira Jr\" \/>\n<meta property=\"og:description\" content=\"Os alertas valem at\u00e9 10h da quinta-feira (30) e s\u00e3o da cor amarela, de perigo potencial, prevendo chuvas de at\u00e9 50 mm por dia. Alerta atinge cidades do litoral do ...\" \/>\n<meta property=\"og:url\" content=\"https:\/\/deputadotaveirajr.com.br\/index.php\/inmet-alerta-para-chuvas-intensas-em-natal-e-mais-75-cidades-do-rn-veja-lista\/\" \/>\n<meta property=\"og:site_name\" content=\"Taveira Jr\" \/>\n<meta property=\"og:image\" content=\"https:\/\/s2-g1.glbimg.com\/YXHvA87hUOleZc13Igagvg823yU=\/i.s3.glbimg.com\/v1\/AUTH_59edd422c0c84a879bd37670ae4f538a\/internal_photos\/bs\/2025\/I\/u\/O6YmoLSfGxaefn2M5MEQ\/g1-rn.jpg\" \/>\n<meta name=\"twitter:card\" content=\"summary_large_image\" \/>\n<meta name=\"twitter:label1\" content=\"Est. tempo de leitura\" \/>\n\t<meta name=\"twitter:data1\" content=\"2 minutos\" \/>\n<script type=\"application\/ld+json\" class=\"yoast-schema-graph\">{\"@context\":\"https:\/\/schema.org\",\"@graph\":[{\"@type\":\"WebPage\",\"@id\":\"https:\/\/deputadotaveirajr.com.br\/index.php\/inmet-alerta-para-chuvas-intensas-em-natal-e-mais-75-cidades-do-rn-veja-lista\/\",\"url\":\"https:\/\/deputadotaveirajr.com.br\/index.php\/inmet-alerta-para-chuvas-intensas-em-natal-e-mais-75-cidades-do-rn-veja-lista\/\",\"name\":\"Inmet alerta para chuvas intensas em Natal e mais 75 cidades do RN; veja lista - Taveira Jr\",\"isPartOf\":{\"@id\":\"https:\/\/deputadotaveirajr.com.br\/#website\"},\"primaryImageOfPage\":{\"@id\":\"https:\/\/deputadotaveirajr.com.br\/index.php\/inmet-alerta-para-chuvas-intensas-em-natal-e-mais-75-cidades-do-rn-veja-lista\/#primaryimage\"},\"image\":{\"@id\":\"https:\/\/deputadotaveirajr.com.br\/index.php\/inmet-alerta-para-chuvas-intensas-em-natal-e-mais-75-cidades-do-rn-veja-lista\/#primaryimage\"},\"thumbnailUrl\":\"https:\/\/deputadotaveirajr.com.br\/wp-content\/uploads\/2025\/01\/g1-rn-DNlcp6.jpeg\",\"datePublished\":\"2025-01-29T20:58:06+00:00\",\"breadcrumb\":{\"@id\":\"https:\/\/deputadotaveirajr.com.br\/index.php\/inmet-alerta-para-chuvas-intensas-em-natal-e-mais-75-cidades-do-rn-veja-lista\/#breadcrumb\"},\"inLanguage\":\"pt-BR\",\"potentialAction\":[{\"@type\":\"ReadAction\",\"target\":[\"https:\/\/deputadotaveirajr.com.br\/index.php\/inmet-alerta-para-chuvas-intensas-em-natal-e-mais-75-cidades-do-rn-veja-lista\/\"]}]},{\"@type\":\"ImageObject\",\"inLanguage\":\"pt-BR\",\"@id\":\"https:\/\/deputadotaveirajr.com.br\/index.php\/inmet-alerta-para-chuvas-intensas-em-natal-e-mais-75-cidades-do-rn-veja-lista\/#primaryimage\",\"url\":\"https:\/\/deputadotaveirajr.com.br\/wp-content\/uploads\/2025\/01\/g1-rn-DNlcp6.jpeg\",\"contentUrl\":\"https:\/\/deputadotaveirajr.com.br\/wp-content\/uploads\/2025\/01\/g1-rn-DNlcp6.jpeg\",\"width\":531,\"height\":506},{\"@type\":\"BreadcrumbList\",\"@id\":\"https:\/\/deputadotaveirajr.com.br\/index.php\/inmet-alerta-para-chuvas-intensas-em-natal-e-mais-75-cidades-do-rn-veja-lista\/#breadcrumb\",\"itemListElement\":[{\"@type\":\"ListItem\",\"position\":1,\"name\":\"In\u00edcio\",\"item\":\"https:\/\/deputadotaveirajr.com.br\/\"},{\"@type\":\"ListItem\",\"position\":2,\"name\":\"Inmet alerta para chuvas intensas em Natal e mais 75 cidades do RN; veja lista\"}]},{\"@type\":\"WebSite\",\"@id\":\"https:\/\/deputadotaveirajr.com.br\/#website\",\"url\":\"https:\/\/deputadotaveirajr.com.br\/\",\"name\":\"Taveira Jr\",\"description\":\"Deputado Estadual\",\"publisher\":{\"@id\":\"https:\/\/deputadotaveirajr.com.br\/#organization\"},\"potentialAction\":[{\"@type\":\"SearchAction\",\"target\":{\"@type\":\"EntryPoint\",\"urlTemplate\":\"https:\/\/deputadotaveirajr.com.br\/?s={search_term_string}\"},\"query-input\":{\"@type\":\"PropertyValueSpecification\",\"valueRequired\":true,\"valueName\":\"search_term_string\"}}],\"inLanguage\":\"pt-BR\"},{\"@type\":\"Organization\",\"@id\":\"https:\/\/deputadotaveirajr.com.br\/#organization\",\"name\":\"Taveira Jr\",\"url\":\"https:\/\/deputadotaveirajr.com.br\/\",\"logo\":{\"@type\":\"ImageObject\",\"inLanguage\":\"pt-BR\",\"@id\":\"https:\/\/deputadotaveirajr.com.br\/#\/schema\/logo\/image\/\",\"url\":\"https:\/\/deputadotaveirajr.com.br\/wp-content\/uploads\/2026\/01\/logolow2a.png\",\"contentUrl\":\"https:\/\/deputadotaveirajr.com.br\/wp-content\/uploads\/2026\/01\/logolow2a.png\",\"width\":290,\"height\":80,\"caption\":\"Taveira Jr\"},\"image\":{\"@id\":\"https:\/\/deputadotaveirajr.com.br\/#\/schema\/logo\/image\/\"}}]}<\/script>\n<!-- \/ Yoast SEO plugin. -->","yoast_head_json":{"title":"Inmet alerta para chuvas intensas em Natal e mais 75 cidades do RN; veja lista - Taveira Jr","robots":{"index":"index","follow":"follow","max-snippet":"max-snippet:-1","max-image-preview":"max-image-preview:large","max-video-preview":"max-video-preview:-1"},"canonical":"https:\/\/deputadotaveirajr.com.br\/index.php\/inmet-alerta-para-chuvas-intensas-em-natal-e-mais-75-cidades-do-rn-veja-lista\/","og_locale":"pt_BR","og_type":"article","og_title":"Inmet alerta para chuvas intensas em Natal e mais 75 cidades do RN; veja lista - Taveira Jr","og_description":"Os alertas valem at\u00e9 10h da quinta-feira (30) e s\u00e3o da cor amarela, de perigo potencial, prevendo chuvas de at\u00e9 50 mm por dia. Alerta atinge cidades do litoral do ...","og_url":"https:\/\/deputadotaveirajr.com.br\/index.php\/inmet-alerta-para-chuvas-intensas-em-natal-e-mais-75-cidades-do-rn-veja-lista\/","og_site_name":"Taveira Jr","og_image":[{"url":"https:\/\/s2-g1.glbimg.com\/YXHvA87hUOleZc13Igagvg823yU=\/i.s3.glbimg.com\/v1\/AUTH_59edd422c0c84a879bd37670ae4f538a\/internal_photos\/bs\/2025\/I\/u\/O6YmoLSfGxaefn2M5MEQ\/g1-rn.jpg","type":"","width":"","height":""}],"twitter_card":"summary_large_image","twitter_misc":{"Est. tempo de leitura":"2 minutos"},"schema":{"@context":"https:\/\/schema.org","@graph":[{"@type":"WebPage","@id":"https:\/\/deputadotaveirajr.com.br\/index.php\/inmet-alerta-para-chuvas-intensas-em-natal-e-mais-75-cidades-do-rn-veja-lista\/","url":"https:\/\/deputadotaveirajr.com.br\/index.php\/inmet-alerta-para-chuvas-intensas-em-natal-e-mais-75-cidades-do-rn-veja-lista\/","name":"Inmet alerta para chuvas intensas em Natal e mais 75 cidades do RN; veja lista - Taveira Jr","isPartOf":{"@id":"https:\/\/deputadotaveirajr.com.br\/#website"},"primaryImageOfPage":{"@id":"https:\/\/deputadotaveirajr.com.br\/index.php\/inmet-alerta-para-chuvas-intensas-em-natal-e-mais-75-cidades-do-rn-veja-lista\/#primaryimage"},"image":{"@id":"https:\/\/deputadotaveirajr.com.br\/index.php\/inmet-alerta-para-chuvas-intensas-em-natal-e-mais-75-cidades-do-rn-veja-lista\/#primaryimage"},"thumbnailUrl":"https:\/\/deputadotaveirajr.com.br\/wp-content\/uploads\/2025\/01\/g1-rn-DNlcp6.jpeg","datePublished":"2025-01-29T20:58:06+00:00","breadcrumb":{"@id":"https:\/\/deputadotaveirajr.com.br\/index.php\/inmet-alerta-para-chuvas-intensas-em-natal-e-mais-75-cidades-do-rn-veja-lista\/#breadcrumb"},"inLanguage":"pt-BR","potentialAction":[{"@type":"ReadAction","target":["https:\/\/deputadotaveirajr.com.br\/index.php\/inmet-alerta-para-chuvas-intensas-em-natal-e-mais-75-cidades-do-rn-veja-lista\/"]}]},{"@type":"ImageObject","inLanguage":"pt-BR","@id":"https:\/\/deputadotaveirajr.com.br\/index.php\/inmet-alerta-para-chuvas-intensas-em-natal-e-mais-75-cidades-do-rn-veja-lista\/#primaryimage","url":"https:\/\/deputadotaveirajr.com.br\/wp-content\/uploads\/2025\/01\/g1-rn-DNlcp6.jpeg","contentUrl":"https:\/\/deputadotaveirajr.com.br\/wp-content\/uploads\/2025\/01\/g1-rn-DNlcp6.jpeg","width":531,"height":506},{"@type":"BreadcrumbList","@id":"https:\/\/deputadotaveirajr.com.br\/index.php\/inmet-alerta-para-chuvas-intensas-em-natal-e-mais-75-cidades-do-rn-veja-lista\/#breadcrumb","itemListElement":[{"@type":"ListItem","position":1,"name":"In\u00edcio","item":"https:\/\/deputadotaveirajr.com.br\/"},{"@type":"ListItem","position":2,"name":"Inmet alerta para chuvas intensas em Natal e mais 75 cidades do RN; veja lista"}]},{"@type":"WebSite","@id":"https:\/\/deputadotaveirajr.com.br\/#website","url":"https:\/\/deputadotaveirajr.com.br\/","name":"Taveira Jr","description":"Deputado Estadual","publisher":{"@id":"https:\/\/deputadotaveirajr.com.br\/#organization"},"potentialAction":[{"@type":"SearchAction","target":{"@type":"EntryPoint","urlTemplate":"https:\/\/deputadotaveirajr.com.br\/?s={search_term_string}"},"query-input":{"@type":"PropertyValueSpecification","valueRequired":true,"valueName":"search_term_string"}}],"inLanguage":"pt-BR"},{"@type":"Organization","@id":"https:\/\/deputadotaveirajr.com.br\/#organization","name":"Taveira Jr","url":"https:\/\/deputadotaveirajr.com.br\/","logo":{"@type":"ImageObject","inLanguage":"pt-BR","@id":"https:\/\/deputadotaveirajr.com.br\/#\/schema\/logo\/image\/","url":"https:\/\/deputadotaveirajr.com.br\/wp-content\/uploads\/2026\/01\/logolow2a.png","contentUrl":"https:\/\/deputadotaveirajr.com.br\/wp-content\/uploads\/2026\/01\/logolow2a.png","width":290,"height":80,"caption":"Taveira Jr"},"image":{"@id":"https:\/\/deputadotaveirajr.com.br\/#\/schema\/logo\/image\/"}}]}},"_links":{"self":[{"href":"https:\/\/deputadotaveirajr.com.br\/index.php\/wp-json\/wp\/v2\/pages\/12127","targetHints":{"allow":["GET"]}}],"collection":[{"href":"https:\/\/deputadotaveirajr.com.br\/index.php\/wp-json\/wp\/v2\/pages"}],"about":[{"href":"https:\/\/deputadotaveirajr.com.br\/index.php\/wp-json\/wp\/v2\/types\/page"}],"replies":[{"embeddable":true,"href":"https:\/\/deputadotaveirajr.com.br\/index.php\/wp-json\/wp\/v2\/comments?post=12127"}],"version-history":[{"count":0,"href":"https:\/\/deputadotaveirajr.com.br\/index.php\/wp-json\/wp\/v2\/pages\/12127\/revisions"}],"wp:featuredmedia":[{"embeddable":true,"href":"https:\/\/deputadotaveirajr.com.br\/index.php\/wp-json\/wp\/v2\/media\/12128"}],"wp:attachment":[{"href":"https:\/\/deputadotaveirajr.com.br\/index.php\/wp-json\/wp\/v2\/media?parent=12127"}],"curies":[{"name":"wp","href":"https:\/\/api.w.org\/{rel}","templated":true}]}}