{"id":12129,"date":"2025-01-29T16:11:21","date_gmt":"2025-01-29T19:11:21","guid":{"rendered":"https:\/\/deputadotaveirajr.com.br\/index.php\/trio-suspeito-de-roubar-caminhao-com-carga-de-mais-de-r-1-mi-e-preso-apos-perseguicao-e-troca-de-tiros-com-a-policia-no-rn\/"},"modified":"2025-01-29T16:11:21","modified_gmt":"2025-01-29T19:11:21","slug":"trio-suspeito-de-roubar-caminhao-com-carga-de-mais-de-r-1-mi-e-preso-apos-perseguicao-e-troca-de-tiros-com-a-policia-no-rn","status":"publish","type":"page","link":"https:\/\/deputadotaveirajr.com.br\/index.php\/trio-suspeito-de-roubar-caminhao-com-carga-de-mais-de-r-1-mi-e-preso-apos-perseguicao-e-troca-de-tiros-com-a-policia-no-rn\/","title":{"rendered":"Trio suspeito de roubar caminh\u00e3o com carga de mais de R$ 1 mi \u00e9 preso ap\u00f3s persegui\u00e7\u00e3o e troca de tiros com a pol\u00edcia no RN"},"content":{"rendered":"<p><img decoding=\"async\" src=\"https:\/\/s2-g1.glbimg.com\/H3PHH0ZGMlt_VuZYnZIxr9n4pCA=\/i.s3.glbimg.com\/v1\/AUTH_59edd422c0c84a879bd37670ae4f538a\/internal_photos\/bs\/2025\/w\/e\/q5JcfNSBKSVdOUDBCq4w\/whatsapp-image-2025-01-29-at-11.35.46.jpeg\" \/><br \/>     Criminosos precisaram abandonar caminh\u00e3o ap\u00f3s ve\u00edculo ser bloqueado por sistema de rastreamento e seguiram em fuga em um carro. Interceptados pela pol\u00edcia, eles atiraram e sa\u00edram em alta velocidade. Persegui\u00e7\u00e3o e troca de tiros, em Mossor\u00f3<br \/>\nTr\u00eas homens suspeitos de roubarem um caminh\u00e3o com uma carga de equipamentos eletr\u00f4nicos avaliada em mais de R$ 1 milh\u00e3o foram presos na tarde desta ter\u00e7a-feira (28) em Mossor\u00f3, na Regi\u00e3o Oeste do Rio Grande do Norte, ap\u00f3s persegui\u00e7\u00e3o e troca de tiros com a pol\u00edcia.<br \/>\nUm v\u00eddeo gravado por policiais civis dentro da viatura mostrou parte da pesergui\u00e7\u00e3o, que durou mais de 15 quil\u00f4metros, segundo a corpora\u00e7\u00e3o (veja acima na reportagem). No trajeto, eles andaram em alta velocidade e invadiram a contram\u00e3o de avenidas e rodovias.<br \/>\n\ud83d\udcf3Participe do canal do g1 RN no WhatsApp<br \/>\nDe acordo com a Pol\u00edcia Civil, o roubo ao caminh\u00e3o ocorreu na cidade de Jaguaribe (CE), mas os criminosos foram presos em Mossor\u00f3 (RN), cidade distante mais de 230 quil\u00f4metros.<br \/>\nOs suspeitos presos em flagrante tem 20 anos, dois deles, e 24 anos. Eles chegaram a manter o motorista do caminh\u00e3o como ref\u00e9m em parte do crime (veja mais detalhes abaixo).<br \/>\nCaminh\u00e3o foi parado a tiros<br \/>\nA primeira a\u00e7\u00e3o do crime foi em Jaguaribe. Em um uno Fiat Uno branco, os suspeitos interceptaram o caminh\u00e3o com a carga de aparelhos e eletr\u00f4nicos e atiraram contra o ve\u00edculo.<br \/>\nDois dos suspeitos &#8211; armados e com um bloqueador de sinal veicular &#8211; renderam e encapuzaram o motorista do caminh\u00e3o, o mantendo como ref\u00e9m.<br \/>\nEm seguida, &#8220;escoltados&#8221; por comparsas no Fiat Uno, seguiram para a cidade Russas (CE), onde o caminh\u00e3o parou ao ser bloqueado pelo sistema de rastreamento da carga.<br \/>\nOs criminosos, ent\u00e3o, abandoraram o ve\u00edculo e tamb\u00e9m o motorista, fugindo em dire\u00e7\u00e3o a Bara\u00fana, na Regi\u00e3o Oeste do Rio Grande do Norte.<br \/>\nA Delegacia Especializada em Furtos e Roubos (Defur) foi acionada e iniciou uma opera\u00e7\u00e3o para interceptar os suspeitos na RN-016.<br \/>\nCaminh\u00e3o tomado de assalto pelos criminosos no CE<br \/>\nDivulga\u00e7\u00e3o\/Pol\u00edcia Civil<br \/>\nIntercepta\u00e7\u00e3o, tiros e persegui\u00e7\u00e3o<br \/>\nDurante a abordagem na rodovia no RN, os suspeitos desobedeceram a ordem de parada e efetuaram disparos contra a equipe policial, que revidou, segundo a Pol\u00edcia Civil.<br \/>\nA persegui\u00e7\u00e3o se estendeu por aproximadamente 15 quil\u00f4metros, de acordo com a corpora\u00e7\u00e3o, com os criminosos transitando na contram\u00e3o por diversas vias, incluindo a BR-304 e a Avenida Jo\u00e3o da Esc\u00f3ssia, uma das mais movimentadas de Mossor\u00f3.<br \/>\n A fuga s\u00f3 foi interrompida na Avenida Diocesano, no bairro 12 Anos, quando o ve\u00edculo dos suspeitos apresentou uma pane mec\u00e2nica e teve um pneu furado.<br \/>\nOs tr\u00eas homens tentaram fugir a p\u00e9, mas foram capturados pelos policiais.<br \/>\nPresos<br \/>\nCom os suspeitos detidos, foram apreendidos um rev\u00f3lver calibre 38, um bloqueador de sinal veicular e quatro aparelhos celulares, incluindo o pertencente ao motorista do caminh\u00e3o.<br \/>\nDurante a persegui\u00e7\u00e3o, um dos suspeitos sofreu um ferimento na cabe\u00e7a e foi atendido no Hospital Regional Tarc\u00edsio Maia. Segundo a Pol\u00edcia Civil, tanto a avalia\u00e7\u00e3o m\u00e9dica quanto o laudo do Instituto T\u00e9cnico-Cient\u00edfico de Per\u00edcia (ITEP) apontaram que o corte n\u00e3o foi causado por disparo de arma de fogo.<br \/>\nOs presos foram autuados em flagrante e encaminhados \u00e0 Cadeia P\u00fablica de Mossor\u00f3, onde ficam \u00e0 disposi\u00e7\u00e3o da Justi\u00e7a.<br \/>\nA Pol\u00edcia Civil informou que mant\u00e9m a investiga\u00e7\u00e3o sobre do grupo criminoso em outros crimes semelhantes na regi\u00e3o.<br \/>\nV\u00eddeos mais assistidos do g1 RN<\/p>","protected":false},"excerpt":{"rendered":"<p>Criminosos precisaram abandonar caminh\u00e3o ap\u00f3s ve\u00edculo ser bloqueado por sistema de rastreamento e seguiram em fuga em um carro. Interceptados pela pol\u00edcia, eles atiraram e sa\u00edram em alta velocidade. Persegui\u00e7\u00e3o &#8230;<\/p>\n","protected":false},"author":0,"featured_media":12130,"parent":0,"menu_order":0,"comment_status":"closed","ping_status":"closed","template":"","meta":{"footnotes":""},"class_list":["post-12129","page","type-page","status-publish","has-post-thumbnail","hentry"],"yoast_head":"<!-- This site is optimized with the Yoast SEO plugin v27.1.1 - https:\/\/yoast.com\/product\/yoast-seo-wordpress\/ -->\n<title>Trio suspeito de roubar caminh\u00e3o com carga de mais de R$ 1 mi \u00e9 preso ap\u00f3s persegui\u00e7\u00e3o e troca de tiros com a pol\u00edcia no RN - Taveira Jr<\/title>\n<meta name=\"robots\" content=\"index, follow, max-snippet:-1, max-image-preview:large, max-video-preview:-1\" \/>\n<link rel=\"canonical\" href=\"https:\/\/deputadotaveirajr.com.br\/index.php\/trio-suspeito-de-roubar-caminhao-com-carga-de-mais-de-r-1-mi-e-preso-apos-perseguicao-e-troca-de-tiros-com-a-policia-no-rn\/\" \/>\n<meta property=\"og:locale\" content=\"pt_BR\" \/>\n<meta property=\"og:type\" content=\"article\" \/>\n<meta property=\"og:title\" content=\"Trio suspeito de roubar caminh\u00e3o com carga de mais de R$ 1 mi \u00e9 preso ap\u00f3s persegui\u00e7\u00e3o e troca de tiros com a pol\u00edcia no RN - Taveira Jr\" \/>\n<meta property=\"og:description\" content=\"Criminosos precisaram abandonar caminh\u00e3o ap\u00f3s ve\u00edculo ser bloqueado por sistema de rastreamento e seguiram em fuga em um carro. Interceptados pela pol\u00edcia, eles atiraram e sa\u00edram em alta velocidade. Persegui\u00e7\u00e3o ...\" \/>\n<meta property=\"og:url\" content=\"https:\/\/deputadotaveirajr.com.br\/index.php\/trio-suspeito-de-roubar-caminhao-com-carga-de-mais-de-r-1-mi-e-preso-apos-perseguicao-e-troca-de-tiros-com-a-policia-no-rn\/\" \/>\n<meta property=\"og:site_name\" content=\"Taveira Jr\" \/>\n<meta property=\"og:image\" content=\"https:\/\/s2-g1.glbimg.com\/H3PHH0ZGMlt_VuZYnZIxr9n4pCA=\/i.s3.glbimg.com\/v1\/AUTH_59edd422c0c84a879bd37670ae4f538a\/internal_photos\/bs\/2025\/w\/e\/q5JcfNSBKSVdOUDBCq4w\/whatsapp-image-2025-01-29-at-11.35.46.jpeg\" \/>\n<meta name=\"twitter:card\" content=\"summary_large_image\" \/>\n<meta name=\"twitter:label1\" content=\"Est. tempo de leitura\" \/>\n\t<meta name=\"twitter:data1\" content=\"3 minutos\" \/>\n<script type=\"application\/ld+json\" class=\"yoast-schema-graph\">{\"@context\":\"https:\/\/schema.org\",\"@graph\":[{\"@type\":\"WebPage\",\"@id\":\"https:\/\/deputadotaveirajr.com.br\/index.php\/trio-suspeito-de-roubar-caminhao-com-carga-de-mais-de-r-1-mi-e-preso-apos-perseguicao-e-troca-de-tiros-com-a-policia-no-rn\/\",\"url\":\"https:\/\/deputadotaveirajr.com.br\/index.php\/trio-suspeito-de-roubar-caminhao-com-carga-de-mais-de-r-1-mi-e-preso-apos-perseguicao-e-troca-de-tiros-com-a-policia-no-rn\/\",\"name\":\"Trio suspeito de roubar caminh\u00e3o com carga de mais de R$ 1 mi \u00e9 preso ap\u00f3s persegui\u00e7\u00e3o e troca de tiros com a pol\u00edcia no RN - Taveira Jr\",\"isPartOf\":{\"@id\":\"https:\/\/deputadotaveirajr.com.br\/#website\"},\"primaryImageOfPage\":{\"@id\":\"https:\/\/deputadotaveirajr.com.br\/index.php\/trio-suspeito-de-roubar-caminhao-com-carga-de-mais-de-r-1-mi-e-preso-apos-perseguicao-e-troca-de-tiros-com-a-policia-no-rn\/#primaryimage\"},\"image\":{\"@id\":\"https:\/\/deputadotaveirajr.com.br\/index.php\/trio-suspeito-de-roubar-caminhao-com-carga-de-mais-de-r-1-mi-e-preso-apos-perseguicao-e-troca-de-tiros-com-a-policia-no-rn\/#primaryimage\"},\"thumbnailUrl\":\"https:\/\/deputadotaveirajr.com.br\/wp-content\/uploads\/2025\/01\/whatsapp-image-2025-01-29-at-11.35.46-ggOdW9.png\",\"datePublished\":\"2025-01-29T19:11:21+00:00\",\"breadcrumb\":{\"@id\":\"https:\/\/deputadotaveirajr.com.br\/index.php\/trio-suspeito-de-roubar-caminhao-com-carga-de-mais-de-r-1-mi-e-preso-apos-perseguicao-e-troca-de-tiros-com-a-policia-no-rn\/#breadcrumb\"},\"inLanguage\":\"pt-BR\",\"potentialAction\":[{\"@type\":\"ReadAction\",\"target\":[\"https:\/\/deputadotaveirajr.com.br\/index.php\/trio-suspeito-de-roubar-caminhao-com-carga-de-mais-de-r-1-mi-e-preso-apos-perseguicao-e-troca-de-tiros-com-a-policia-no-rn\/\"]}]},{\"@type\":\"ImageObject\",\"inLanguage\":\"pt-BR\",\"@id\":\"https:\/\/deputadotaveirajr.com.br\/index.php\/trio-suspeito-de-roubar-caminhao-com-carga-de-mais-de-r-1-mi-e-preso-apos-perseguicao-e-troca-de-tiros-com-a-policia-no-rn\/#primaryimage\",\"url\":\"https:\/\/deputadotaveirajr.com.br\/wp-content\/uploads\/2025\/01\/whatsapp-image-2025-01-29-at-11.35.46-ggOdW9.png\",\"contentUrl\":\"https:\/\/deputadotaveirajr.com.br\/wp-content\/uploads\/2025\/01\/whatsapp-image-2025-01-29-at-11.35.46-ggOdW9.png\",\"width\":960,\"height\":749},{\"@type\":\"BreadcrumbList\",\"@id\":\"https:\/\/deputadotaveirajr.com.br\/index.php\/trio-suspeito-de-roubar-caminhao-com-carga-de-mais-de-r-1-mi-e-preso-apos-perseguicao-e-troca-de-tiros-com-a-policia-no-rn\/#breadcrumb\",\"itemListElement\":[{\"@type\":\"ListItem\",\"position\":1,\"name\":\"In\u00edcio\",\"item\":\"https:\/\/deputadotaveirajr.com.br\/\"},{\"@type\":\"ListItem\",\"position\":2,\"name\":\"Trio suspeito de roubar caminh\u00e3o com carga de mais de R$ 1 mi \u00e9 preso ap\u00f3s persegui\u00e7\u00e3o e troca de tiros com a pol\u00edcia no RN\"}]},{\"@type\":\"WebSite\",\"@id\":\"https:\/\/deputadotaveirajr.com.br\/#website\",\"url\":\"https:\/\/deputadotaveirajr.com.br\/\",\"name\":\"Taveira Jr\",\"description\":\"Deputado Estadual\",\"publisher\":{\"@id\":\"https:\/\/deputadotaveirajr.com.br\/#organization\"},\"potentialAction\":[{\"@type\":\"SearchAction\",\"target\":{\"@type\":\"EntryPoint\",\"urlTemplate\":\"https:\/\/deputadotaveirajr.com.br\/?s={search_term_string}\"},\"query-input\":{\"@type\":\"PropertyValueSpecification\",\"valueRequired\":true,\"valueName\":\"search_term_string\"}}],\"inLanguage\":\"pt-BR\"},{\"@type\":\"Organization\",\"@id\":\"https:\/\/deputadotaveirajr.com.br\/#organization\",\"name\":\"Taveira Jr\",\"url\":\"https:\/\/deputadotaveirajr.com.br\/\",\"logo\":{\"@type\":\"ImageObject\",\"inLanguage\":\"pt-BR\",\"@id\":\"https:\/\/deputadotaveirajr.com.br\/#\/schema\/logo\/image\/\",\"url\":\"https:\/\/deputadotaveirajr.com.br\/wp-content\/uploads\/2026\/01\/logolow2a.png\",\"contentUrl\":\"https:\/\/deputadotaveirajr.com.br\/wp-content\/uploads\/2026\/01\/logolow2a.png\",\"width\":290,\"height\":80,\"caption\":\"Taveira Jr\"},\"image\":{\"@id\":\"https:\/\/deputadotaveirajr.com.br\/#\/schema\/logo\/image\/\"}}]}<\/script>\n<!-- \/ Yoast SEO plugin. -->","yoast_head_json":{"title":"Trio suspeito de roubar caminh\u00e3o com carga de mais de R$ 1 mi \u00e9 preso ap\u00f3s persegui\u00e7\u00e3o e troca de tiros com a pol\u00edcia no RN - Taveira Jr","robots":{"index":"index","follow":"follow","max-snippet":"max-snippet:-1","max-image-preview":"max-image-preview:large","max-video-preview":"max-video-preview:-1"},"canonical":"https:\/\/deputadotaveirajr.com.br\/index.php\/trio-suspeito-de-roubar-caminhao-com-carga-de-mais-de-r-1-mi-e-preso-apos-perseguicao-e-troca-de-tiros-com-a-policia-no-rn\/","og_locale":"pt_BR","og_type":"article","og_title":"Trio suspeito de roubar caminh\u00e3o com carga de mais de R$ 1 mi \u00e9 preso ap\u00f3s persegui\u00e7\u00e3o e troca de tiros com a pol\u00edcia no RN - Taveira Jr","og_description":"Criminosos precisaram abandonar caminh\u00e3o ap\u00f3s ve\u00edculo ser bloqueado por sistema de rastreamento e seguiram em fuga em um carro. Interceptados pela pol\u00edcia, eles atiraram e sa\u00edram em alta velocidade. Persegui\u00e7\u00e3o ...","og_url":"https:\/\/deputadotaveirajr.com.br\/index.php\/trio-suspeito-de-roubar-caminhao-com-carga-de-mais-de-r-1-mi-e-preso-apos-perseguicao-e-troca-de-tiros-com-a-policia-no-rn\/","og_site_name":"Taveira Jr","og_image":[{"url":"https:\/\/s2-g1.glbimg.com\/H3PHH0ZGMlt_VuZYnZIxr9n4pCA=\/i.s3.glbimg.com\/v1\/AUTH_59edd422c0c84a879bd37670ae4f538a\/internal_photos\/bs\/2025\/w\/e\/q5JcfNSBKSVdOUDBCq4w\/whatsapp-image-2025-01-29-at-11.35.46.jpeg","type":"","width":"","height":""}],"twitter_card":"summary_large_image","twitter_misc":{"Est. tempo de leitura":"3 minutos"},"schema":{"@context":"https:\/\/schema.org","@graph":[{"@type":"WebPage","@id":"https:\/\/deputadotaveirajr.com.br\/index.php\/trio-suspeito-de-roubar-caminhao-com-carga-de-mais-de-r-1-mi-e-preso-apos-perseguicao-e-troca-de-tiros-com-a-policia-no-rn\/","url":"https:\/\/deputadotaveirajr.com.br\/index.php\/trio-suspeito-de-roubar-caminhao-com-carga-de-mais-de-r-1-mi-e-preso-apos-perseguicao-e-troca-de-tiros-com-a-policia-no-rn\/","name":"Trio suspeito de roubar caminh\u00e3o com carga de mais de R$ 1 mi \u00e9 preso ap\u00f3s persegui\u00e7\u00e3o e troca de tiros com a pol\u00edcia no RN - Taveira Jr","isPartOf":{"@id":"https:\/\/deputadotaveirajr.com.br\/#website"},"primaryImageOfPage":{"@id":"https:\/\/deputadotaveirajr.com.br\/index.php\/trio-suspeito-de-roubar-caminhao-com-carga-de-mais-de-r-1-mi-e-preso-apos-perseguicao-e-troca-de-tiros-com-a-policia-no-rn\/#primaryimage"},"image":{"@id":"https:\/\/deputadotaveirajr.com.br\/index.php\/trio-suspeito-de-roubar-caminhao-com-carga-de-mais-de-r-1-mi-e-preso-apos-perseguicao-e-troca-de-tiros-com-a-policia-no-rn\/#primaryimage"},"thumbnailUrl":"https:\/\/deputadotaveirajr.com.br\/wp-content\/uploads\/2025\/01\/whatsapp-image-2025-01-29-at-11.35.46-ggOdW9.png","datePublished":"2025-01-29T19:11:21+00:00","breadcrumb":{"@id":"https:\/\/deputadotaveirajr.com.br\/index.php\/trio-suspeito-de-roubar-caminhao-com-carga-de-mais-de-r-1-mi-e-preso-apos-perseguicao-e-troca-de-tiros-com-a-policia-no-rn\/#breadcrumb"},"inLanguage":"pt-BR","potentialAction":[{"@type":"ReadAction","target":["https:\/\/deputadotaveirajr.com.br\/index.php\/trio-suspeito-de-roubar-caminhao-com-carga-de-mais-de-r-1-mi-e-preso-apos-perseguicao-e-troca-de-tiros-com-a-policia-no-rn\/"]}]},{"@type":"ImageObject","inLanguage":"pt-BR","@id":"https:\/\/deputadotaveirajr.com.br\/index.php\/trio-suspeito-de-roubar-caminhao-com-carga-de-mais-de-r-1-mi-e-preso-apos-perseguicao-e-troca-de-tiros-com-a-policia-no-rn\/#primaryimage","url":"https:\/\/deputadotaveirajr.com.br\/wp-content\/uploads\/2025\/01\/whatsapp-image-2025-01-29-at-11.35.46-ggOdW9.png","contentUrl":"https:\/\/deputadotaveirajr.com.br\/wp-content\/uploads\/2025\/01\/whatsapp-image-2025-01-29-at-11.35.46-ggOdW9.png","width":960,"height":749},{"@type":"BreadcrumbList","@id":"https:\/\/deputadotaveirajr.com.br\/index.php\/trio-suspeito-de-roubar-caminhao-com-carga-de-mais-de-r-1-mi-e-preso-apos-perseguicao-e-troca-de-tiros-com-a-policia-no-rn\/#breadcrumb","itemListElement":[{"@type":"ListItem","position":1,"name":"In\u00edcio","item":"https:\/\/deputadotaveirajr.com.br\/"},{"@type":"ListItem","position":2,"name":"Trio suspeito de roubar caminh\u00e3o com carga de mais de R$ 1 mi \u00e9 preso ap\u00f3s persegui\u00e7\u00e3o e troca de tiros com a pol\u00edcia no RN"}]},{"@type":"WebSite","@id":"https:\/\/deputadotaveirajr.com.br\/#website","url":"https:\/\/deputadotaveirajr.com.br\/","name":"Taveira Jr","description":"Deputado Estadual","publisher":{"@id":"https:\/\/deputadotaveirajr.com.br\/#organization"},"potentialAction":[{"@type":"SearchAction","target":{"@type":"EntryPoint","urlTemplate":"https:\/\/deputadotaveirajr.com.br\/?s={search_term_string}"},"query-input":{"@type":"PropertyValueSpecification","valueRequired":true,"valueName":"search_term_string"}}],"inLanguage":"pt-BR"},{"@type":"Organization","@id":"https:\/\/deputadotaveirajr.com.br\/#organization","name":"Taveira Jr","url":"https:\/\/deputadotaveirajr.com.br\/","logo":{"@type":"ImageObject","inLanguage":"pt-BR","@id":"https:\/\/deputadotaveirajr.com.br\/#\/schema\/logo\/image\/","url":"https:\/\/deputadotaveirajr.com.br\/wp-content\/uploads\/2026\/01\/logolow2a.png","contentUrl":"https:\/\/deputadotaveirajr.com.br\/wp-content\/uploads\/2026\/01\/logolow2a.png","width":290,"height":80,"caption":"Taveira Jr"},"image":{"@id":"https:\/\/deputadotaveirajr.com.br\/#\/schema\/logo\/image\/"}}]}},"_links":{"self":[{"href":"https:\/\/deputadotaveirajr.com.br\/index.php\/wp-json\/wp\/v2\/pages\/12129","targetHints":{"allow":["GET"]}}],"collection":[{"href":"https:\/\/deputadotaveirajr.com.br\/index.php\/wp-json\/wp\/v2\/pages"}],"about":[{"href":"https:\/\/deputadotaveirajr.com.br\/index.php\/wp-json\/wp\/v2\/types\/page"}],"replies":[{"embeddable":true,"href":"https:\/\/deputadotaveirajr.com.br\/index.php\/wp-json\/wp\/v2\/comments?post=12129"}],"version-history":[{"count":0,"href":"https:\/\/deputadotaveirajr.com.br\/index.php\/wp-json\/wp\/v2\/pages\/12129\/revisions"}],"wp:featuredmedia":[{"embeddable":true,"href":"https:\/\/deputadotaveirajr.com.br\/index.php\/wp-json\/wp\/v2\/media\/12130"}],"wp:attachment":[{"href":"https:\/\/deputadotaveirajr.com.br\/index.php\/wp-json\/wp\/v2\/media?parent=12129"}],"curies":[{"name":"wp","href":"https:\/\/api.w.org\/{rel}","templated":true}]}}