{"id":12138,"date":"2025-02-01T12:02:44","date_gmt":"2025-02-01T15:02:44","guid":{"rendered":"https:\/\/deputadotaveirajr.com.br\/index.php\/secretaria-de-saude-do-rn-abre-processo-seletivo-para-contratar-75-profissionais-temporarios\/"},"modified":"2025-02-01T12:02:44","modified_gmt":"2025-02-01T15:02:44","slug":"secretaria-de-saude-do-rn-abre-processo-seletivo-para-contratar-75-profissionais-temporarios","status":"publish","type":"page","link":"https:\/\/deputadotaveirajr.com.br\/index.php\/secretaria-de-saude-do-rn-abre-processo-seletivo-para-contratar-75-profissionais-temporarios\/","title":{"rendered":"Secretaria de Sa\u00fade do RN abre processo seletivo para contratar 75 profissionais tempor\u00e1rios"},"content":{"rendered":"<p><img decoding=\"async\" src=\"https:\/\/s2-g1.glbimg.com\/rt3_1Flj0HebSow_2R2HscF5pLc=\/i.s3.glbimg.com\/v1\/AUTH_59edd422c0c84a879bd37670ae4f538a\/internal_photos\/bs\/2022\/F\/x\/KGoFBBQwWInCCnAN5mjg\/whatsapp-image-2022-12-27-at-07.37.06.jpeg\" \/><br \/>     Medida atende a uma decis\u00e3o judicial da 2\u00aa Vara da Fazenda P\u00fablica de Natal. Selecionados no processo seletivo ser\u00e3o lotados no Hospital Monsenhor Walfredo Gurgel. Entrada do Pronto-Socorro Cl\u00f3vis Sarinho, no Hospital Walfredo Gurgel, em Natal.<br \/>\nFrancielly Medeiros\/Inter TV Cabugi<br \/>\nSecretaria de Estado da Sa\u00fade P\u00fablica do Rio Grande do norte (Sesap) abriu neste s\u00e1bado (1\u00ba) um processo seletivo para contrata\u00e7\u00e3o tempor\u00e1ria de 75 profissionais da \u00e1rea. A medida atende a uma decis\u00e3o judicial da 2\u00aa Vara da Fazenda P\u00fablica de Natal.<br \/>\nO edital foi publicado no Di\u00e1rio Oficial do Estado deste s\u00e1bado, mas o cadastro para sele\u00e7\u00e3o come\u00e7a na pr\u00f3xima segunda-feira (3) atrav\u00e9s da plataforma https:\/\/selecao.saude.rn.gov.br\/selecao\/.<br \/>\nCLIQUE AQUI PARA VER O EDITAL<br \/>\nOs selecionados no processo seletivo ter\u00e3o lota\u00e7\u00e3o destinada ao Hospital Monsenhor Walfredo Gurgel, segundo a Sesap.<br \/>\nAs vagas s\u00e3o para:<br \/>\nN\u00edvel M\u00e9dio \/ N\u00edvel T\u00e9cnico: Assistente T\u00e9cnico em Sa\u00fade\/\u00e1rea Administrativa, Assistente T\u00e9cnico em Sa\u00fade\/T\u00e9cnico em Inform\u00e1tica, T\u00e9cnico em Anatomia e Necropsia, T\u00e9cnico em Enfermagem, T\u00e9cnico em Farm\u00e1cia, T\u00e9cnico em Laborat\u00f3rio, T\u00e9cnico em Nutri\u00e7\u00e3o e Diet\u00e9tica, T\u00e9cnico em Radiologia e T\u00e9cnico em Seguran\u00e7a do Trabalho.<br \/>\nN\u00edvel Superior: Arquiteto, Assistente Social, Biom\u00e9dico, Enfermeiro, Engenheiro Biom\u00e9dico, Engenheiro de Seguran\u00e7a do Trabalho, Farmac\u00eautico, Fisioterapeuta, Fonoaudi\u00f3logo, M\u00e9dico do Trabalho, Nutricionista, Psic\u00f3logo e Terapeuta Ocupacional.<br \/>\nDe acordo com a Sesap, os profissionais selecionados tem contrata\u00e7\u00e3o tempor\u00e1ria v\u00e1lida por 12 meses, podendo ser prorrogada uma \u00fanica vez por igual per\u00edodo.<br \/>\nV\u00eddeos mais assistidos do g1 RN<\/p>","protected":false},"excerpt":{"rendered":"<p>Medida atende a uma decis\u00e3o judicial da 2\u00aa Vara da Fazenda P\u00fablica de Natal. Selecionados no processo seletivo ser\u00e3o lotados no Hospital Monsenhor Walfredo Gurgel. Entrada do Pronto-Socorro Cl\u00f3vis Sarinho, &#8230;<\/p>\n","protected":false},"author":0,"featured_media":12139,"parent":0,"menu_order":0,"comment_status":"closed","ping_status":"closed","template":"","meta":{"footnotes":""},"class_list":["post-12138","page","type-page","status-publish","has-post-thumbnail","hentry"],"yoast_head":"<!-- This site is optimized with the Yoast SEO plugin v27.1.1 - https:\/\/yoast.com\/product\/yoast-seo-wordpress\/ -->\n<title>Secretaria de Sa\u00fade do RN abre processo seletivo para contratar 75 profissionais tempor\u00e1rios - Taveira Jr<\/title>\n<meta name=\"robots\" content=\"index, follow, max-snippet:-1, max-image-preview:large, max-video-preview:-1\" \/>\n<link rel=\"canonical\" href=\"https:\/\/deputadotaveirajr.com.br\/index.php\/secretaria-de-saude-do-rn-abre-processo-seletivo-para-contratar-75-profissionais-temporarios\/\" \/>\n<meta property=\"og:locale\" content=\"pt_BR\" \/>\n<meta property=\"og:type\" content=\"article\" \/>\n<meta property=\"og:title\" content=\"Secretaria de Sa\u00fade do RN abre processo seletivo para contratar 75 profissionais tempor\u00e1rios - Taveira Jr\" \/>\n<meta property=\"og:description\" content=\"Medida atende a uma decis\u00e3o judicial da 2\u00aa Vara da Fazenda P\u00fablica de Natal. Selecionados no processo seletivo ser\u00e3o lotados no Hospital Monsenhor Walfredo Gurgel. Entrada do Pronto-Socorro Cl\u00f3vis Sarinho, ...\" \/>\n<meta property=\"og:url\" content=\"https:\/\/deputadotaveirajr.com.br\/index.php\/secretaria-de-saude-do-rn-abre-processo-seletivo-para-contratar-75-profissionais-temporarios\/\" \/>\n<meta property=\"og:site_name\" content=\"Taveira Jr\" \/>\n<meta property=\"og:image\" content=\"https:\/\/s2-g1.glbimg.com\/rt3_1Flj0HebSow_2R2HscF5pLc=\/i.s3.glbimg.com\/v1\/AUTH_59edd422c0c84a879bd37670ae4f538a\/internal_photos\/bs\/2022\/F\/x\/KGoFBBQwWInCCnAN5mjg\/whatsapp-image-2022-12-27-at-07.37.06.jpeg\" \/>\n<meta name=\"twitter:card\" content=\"summary_large_image\" \/>\n<meta name=\"twitter:label1\" content=\"Est. tempo de leitura\" \/>\n\t<meta name=\"twitter:data1\" content=\"1 minuto\" \/>\n<script type=\"application\/ld+json\" class=\"yoast-schema-graph\">{\"@context\":\"https:\/\/schema.org\",\"@graph\":[{\"@type\":\"WebPage\",\"@id\":\"https:\/\/deputadotaveirajr.com.br\/index.php\/secretaria-de-saude-do-rn-abre-processo-seletivo-para-contratar-75-profissionais-temporarios\/\",\"url\":\"https:\/\/deputadotaveirajr.com.br\/index.php\/secretaria-de-saude-do-rn-abre-processo-seletivo-para-contratar-75-profissionais-temporarios\/\",\"name\":\"Secretaria de Sa\u00fade do RN abre processo seletivo para contratar 75 profissionais tempor\u00e1rios - Taveira Jr\",\"isPartOf\":{\"@id\":\"https:\/\/deputadotaveirajr.com.br\/#website\"},\"primaryImageOfPage\":{\"@id\":\"https:\/\/deputadotaveirajr.com.br\/index.php\/secretaria-de-saude-do-rn-abre-processo-seletivo-para-contratar-75-profissionais-temporarios\/#primaryimage\"},\"image\":{\"@id\":\"https:\/\/deputadotaveirajr.com.br\/index.php\/secretaria-de-saude-do-rn-abre-processo-seletivo-para-contratar-75-profissionais-temporarios\/#primaryimage\"},\"thumbnailUrl\":\"https:\/\/deputadotaveirajr.com.br\/wp-content\/uploads\/2025\/02\/whatsapp-image-2022-12-27-at-07.37.06-Uz7us3.jpeg\",\"datePublished\":\"2025-02-01T15:02:44+00:00\",\"breadcrumb\":{\"@id\":\"https:\/\/deputadotaveirajr.com.br\/index.php\/secretaria-de-saude-do-rn-abre-processo-seletivo-para-contratar-75-profissionais-temporarios\/#breadcrumb\"},\"inLanguage\":\"pt-BR\",\"potentialAction\":[{\"@type\":\"ReadAction\",\"target\":[\"https:\/\/deputadotaveirajr.com.br\/index.php\/secretaria-de-saude-do-rn-abre-processo-seletivo-para-contratar-75-profissionais-temporarios\/\"]}]},{\"@type\":\"ImageObject\",\"inLanguage\":\"pt-BR\",\"@id\":\"https:\/\/deputadotaveirajr.com.br\/index.php\/secretaria-de-saude-do-rn-abre-processo-seletivo-para-contratar-75-profissionais-temporarios\/#primaryimage\",\"url\":\"https:\/\/deputadotaveirajr.com.br\/wp-content\/uploads\/2025\/02\/whatsapp-image-2022-12-27-at-07.37.06-Uz7us3.jpeg\",\"contentUrl\":\"https:\/\/deputadotaveirajr.com.br\/wp-content\/uploads\/2025\/02\/whatsapp-image-2022-12-27-at-07.37.06-Uz7us3.jpeg\",\"width\":1600,\"height\":900},{\"@type\":\"BreadcrumbList\",\"@id\":\"https:\/\/deputadotaveirajr.com.br\/index.php\/secretaria-de-saude-do-rn-abre-processo-seletivo-para-contratar-75-profissionais-temporarios\/#breadcrumb\",\"itemListElement\":[{\"@type\":\"ListItem\",\"position\":1,\"name\":\"In\u00edcio\",\"item\":\"https:\/\/deputadotaveirajr.com.br\/\"},{\"@type\":\"ListItem\",\"position\":2,\"name\":\"Secretaria de Sa\u00fade do RN abre processo seletivo para contratar 75 profissionais tempor\u00e1rios\"}]},{\"@type\":\"WebSite\",\"@id\":\"https:\/\/deputadotaveirajr.com.br\/#website\",\"url\":\"https:\/\/deputadotaveirajr.com.br\/\",\"name\":\"Taveira Jr\",\"description\":\"Deputado Estadual\",\"publisher\":{\"@id\":\"https:\/\/deputadotaveirajr.com.br\/#organization\"},\"potentialAction\":[{\"@type\":\"SearchAction\",\"target\":{\"@type\":\"EntryPoint\",\"urlTemplate\":\"https:\/\/deputadotaveirajr.com.br\/?s={search_term_string}\"},\"query-input\":{\"@type\":\"PropertyValueSpecification\",\"valueRequired\":true,\"valueName\":\"search_term_string\"}}],\"inLanguage\":\"pt-BR\"},{\"@type\":\"Organization\",\"@id\":\"https:\/\/deputadotaveirajr.com.br\/#organization\",\"name\":\"Taveira Jr\",\"url\":\"https:\/\/deputadotaveirajr.com.br\/\",\"logo\":{\"@type\":\"ImageObject\",\"inLanguage\":\"pt-BR\",\"@id\":\"https:\/\/deputadotaveirajr.com.br\/#\/schema\/logo\/image\/\",\"url\":\"https:\/\/deputadotaveirajr.com.br\/wp-content\/uploads\/2026\/01\/logolow2a.png\",\"contentUrl\":\"https:\/\/deputadotaveirajr.com.br\/wp-content\/uploads\/2026\/01\/logolow2a.png\",\"width\":290,\"height\":80,\"caption\":\"Taveira Jr\"},\"image\":{\"@id\":\"https:\/\/deputadotaveirajr.com.br\/#\/schema\/logo\/image\/\"}}]}<\/script>\n<!-- \/ Yoast SEO plugin. -->","yoast_head_json":{"title":"Secretaria de Sa\u00fade do RN abre processo seletivo para contratar 75 profissionais tempor\u00e1rios - Taveira Jr","robots":{"index":"index","follow":"follow","max-snippet":"max-snippet:-1","max-image-preview":"max-image-preview:large","max-video-preview":"max-video-preview:-1"},"canonical":"https:\/\/deputadotaveirajr.com.br\/index.php\/secretaria-de-saude-do-rn-abre-processo-seletivo-para-contratar-75-profissionais-temporarios\/","og_locale":"pt_BR","og_type":"article","og_title":"Secretaria de Sa\u00fade do RN abre processo seletivo para contratar 75 profissionais tempor\u00e1rios - Taveira Jr","og_description":"Medida atende a uma decis\u00e3o judicial da 2\u00aa Vara da Fazenda P\u00fablica de Natal. Selecionados no processo seletivo ser\u00e3o lotados no Hospital Monsenhor Walfredo Gurgel. Entrada do Pronto-Socorro Cl\u00f3vis Sarinho, ...","og_url":"https:\/\/deputadotaveirajr.com.br\/index.php\/secretaria-de-saude-do-rn-abre-processo-seletivo-para-contratar-75-profissionais-temporarios\/","og_site_name":"Taveira Jr","og_image":[{"url":"https:\/\/s2-g1.glbimg.com\/rt3_1Flj0HebSow_2R2HscF5pLc=\/i.s3.glbimg.com\/v1\/AUTH_59edd422c0c84a879bd37670ae4f538a\/internal_photos\/bs\/2022\/F\/x\/KGoFBBQwWInCCnAN5mjg\/whatsapp-image-2022-12-27-at-07.37.06.jpeg","type":"","width":"","height":""}],"twitter_card":"summary_large_image","twitter_misc":{"Est. tempo de leitura":"1 minuto"},"schema":{"@context":"https:\/\/schema.org","@graph":[{"@type":"WebPage","@id":"https:\/\/deputadotaveirajr.com.br\/index.php\/secretaria-de-saude-do-rn-abre-processo-seletivo-para-contratar-75-profissionais-temporarios\/","url":"https:\/\/deputadotaveirajr.com.br\/index.php\/secretaria-de-saude-do-rn-abre-processo-seletivo-para-contratar-75-profissionais-temporarios\/","name":"Secretaria de Sa\u00fade do RN abre processo seletivo para contratar 75 profissionais tempor\u00e1rios - Taveira Jr","isPartOf":{"@id":"https:\/\/deputadotaveirajr.com.br\/#website"},"primaryImageOfPage":{"@id":"https:\/\/deputadotaveirajr.com.br\/index.php\/secretaria-de-saude-do-rn-abre-processo-seletivo-para-contratar-75-profissionais-temporarios\/#primaryimage"},"image":{"@id":"https:\/\/deputadotaveirajr.com.br\/index.php\/secretaria-de-saude-do-rn-abre-processo-seletivo-para-contratar-75-profissionais-temporarios\/#primaryimage"},"thumbnailUrl":"https:\/\/deputadotaveirajr.com.br\/wp-content\/uploads\/2025\/02\/whatsapp-image-2022-12-27-at-07.37.06-Uz7us3.jpeg","datePublished":"2025-02-01T15:02:44+00:00","breadcrumb":{"@id":"https:\/\/deputadotaveirajr.com.br\/index.php\/secretaria-de-saude-do-rn-abre-processo-seletivo-para-contratar-75-profissionais-temporarios\/#breadcrumb"},"inLanguage":"pt-BR","potentialAction":[{"@type":"ReadAction","target":["https:\/\/deputadotaveirajr.com.br\/index.php\/secretaria-de-saude-do-rn-abre-processo-seletivo-para-contratar-75-profissionais-temporarios\/"]}]},{"@type":"ImageObject","inLanguage":"pt-BR","@id":"https:\/\/deputadotaveirajr.com.br\/index.php\/secretaria-de-saude-do-rn-abre-processo-seletivo-para-contratar-75-profissionais-temporarios\/#primaryimage","url":"https:\/\/deputadotaveirajr.com.br\/wp-content\/uploads\/2025\/02\/whatsapp-image-2022-12-27-at-07.37.06-Uz7us3.jpeg","contentUrl":"https:\/\/deputadotaveirajr.com.br\/wp-content\/uploads\/2025\/02\/whatsapp-image-2022-12-27-at-07.37.06-Uz7us3.jpeg","width":1600,"height":900},{"@type":"BreadcrumbList","@id":"https:\/\/deputadotaveirajr.com.br\/index.php\/secretaria-de-saude-do-rn-abre-processo-seletivo-para-contratar-75-profissionais-temporarios\/#breadcrumb","itemListElement":[{"@type":"ListItem","position":1,"name":"In\u00edcio","item":"https:\/\/deputadotaveirajr.com.br\/"},{"@type":"ListItem","position":2,"name":"Secretaria de Sa\u00fade do RN abre processo seletivo para contratar 75 profissionais tempor\u00e1rios"}]},{"@type":"WebSite","@id":"https:\/\/deputadotaveirajr.com.br\/#website","url":"https:\/\/deputadotaveirajr.com.br\/","name":"Taveira Jr","description":"Deputado Estadual","publisher":{"@id":"https:\/\/deputadotaveirajr.com.br\/#organization"},"potentialAction":[{"@type":"SearchAction","target":{"@type":"EntryPoint","urlTemplate":"https:\/\/deputadotaveirajr.com.br\/?s={search_term_string}"},"query-input":{"@type":"PropertyValueSpecification","valueRequired":true,"valueName":"search_term_string"}}],"inLanguage":"pt-BR"},{"@type":"Organization","@id":"https:\/\/deputadotaveirajr.com.br\/#organization","name":"Taveira Jr","url":"https:\/\/deputadotaveirajr.com.br\/","logo":{"@type":"ImageObject","inLanguage":"pt-BR","@id":"https:\/\/deputadotaveirajr.com.br\/#\/schema\/logo\/image\/","url":"https:\/\/deputadotaveirajr.com.br\/wp-content\/uploads\/2026\/01\/logolow2a.png","contentUrl":"https:\/\/deputadotaveirajr.com.br\/wp-content\/uploads\/2026\/01\/logolow2a.png","width":290,"height":80,"caption":"Taveira Jr"},"image":{"@id":"https:\/\/deputadotaveirajr.com.br\/#\/schema\/logo\/image\/"}}]}},"_links":{"self":[{"href":"https:\/\/deputadotaveirajr.com.br\/index.php\/wp-json\/wp\/v2\/pages\/12138","targetHints":{"allow":["GET"]}}],"collection":[{"href":"https:\/\/deputadotaveirajr.com.br\/index.php\/wp-json\/wp\/v2\/pages"}],"about":[{"href":"https:\/\/deputadotaveirajr.com.br\/index.php\/wp-json\/wp\/v2\/types\/page"}],"replies":[{"embeddable":true,"href":"https:\/\/deputadotaveirajr.com.br\/index.php\/wp-json\/wp\/v2\/comments?post=12138"}],"version-history":[{"count":0,"href":"https:\/\/deputadotaveirajr.com.br\/index.php\/wp-json\/wp\/v2\/pages\/12138\/revisions"}],"wp:featuredmedia":[{"embeddable":true,"href":"https:\/\/deputadotaveirajr.com.br\/index.php\/wp-json\/wp\/v2\/media\/12139"}],"wp:attachment":[{"href":"https:\/\/deputadotaveirajr.com.br\/index.php\/wp-json\/wp\/v2\/media?parent=12138"}],"curies":[{"name":"wp","href":"https:\/\/api.w.org\/{rel}","templated":true}]}}