{"id":12142,"date":"2025-02-01T09:18:33","date_gmt":"2025-02-01T12:18:33","guid":{"rendered":"https:\/\/deputadotaveirajr.com.br\/index.php\/ponta-negra-pipa-e-maracajau-idema-aponta-7-trechos-do-litoral-do-rn-como-improprios-para-banho\/"},"modified":"2025-02-01T09:18:33","modified_gmt":"2025-02-01T12:18:33","slug":"ponta-negra-pipa-e-maracajau-idema-aponta-7-trechos-do-litoral-do-rn-como-improprios-para-banho","status":"publish","type":"page","link":"https:\/\/deputadotaveirajr.com.br\/index.php\/ponta-negra-pipa-e-maracajau-idema-aponta-7-trechos-do-litoral-do-rn-como-improprios-para-banho\/","title":{"rendered":"Ponta Negra, Pipa e Maracaja\u00fa: Idema aponta 7 trechos do litoral do RN como impr\u00f3prios para banho"},"content":{"rendered":"<p><img decoding=\"async\" src=\"https:\/\/s2-g1.glbimg.com\/5uN7IBEm7Xdxe5l7iLTTFvQr2n8=\/i.s3.glbimg.com\/v1\/AUTH_59edd422c0c84a879bd37670ae4f538a\/internal_photos\/bs\/2024\/7\/Z\/KB7azKTwOclsIVB8Prtg\/whatsapp-image-2024-12-10-at-11.36.52.jpeg\" \/><br \/>     Dados foram divulgados nesta sexta-feira (31) e valem at\u00e9 a pr\u00f3xima quinta (6). Segundo o Idema, \u00e9 analisada a quantidade de coliformes termotolerantes encontrada nas \u00e1guas. Orla da praia de Touros, RN: trecho no litoral tamb\u00e9m est\u00e1 impr\u00f3prio para banho, segundo Idema<br \/>\nS\u00e9rgio Henrique Santos\/Inter TV<br \/>\nSete trechos do litoral do Rio Grande do Norte foram considerados impr\u00f3prios para banho neste fim de semana, 1\u00ba e 2 de fevereiro, segundo o \u00faltimo boletim de balneabilidade do Instituto de Desenvolvimento Sustent\u00e1vel e Meio Ambiente (Idema), divulgado nesta sexta-feira (31).<br \/>\n\ud83d\udcf3Participe do canal do g1 RN no WhatsApp<br \/>\nOs pontos identificados como impr\u00f3prios foram:<br \/>\nSiba\u00fama (trecho do Restaurante Sabores do Mar), em Tibau do Sul;<br \/>\nPipa, em Tibau do Sul;<br \/>\nRio Pirangi-Pium (Balne\u00e1rio Pium), em Parnamirim;<br \/>\nRio Pirangi (Ponte Nova), em Parnamirim;<br \/>\nPonta Negra (trecho da Rua Cl\u00e1udio Gomes Teixeira &#8211; Escadaria), em Natal;<br \/>\nTouros (Av. Bom Jesus), em Touros;<br \/>\nMaracaja\u00fa (Mercado P\u00fablico), em  Maxaranguape.<br \/>\nOs pontos s\u00e3o considerados como impr\u00f3prios at\u00e9 a pr\u00f3xima quinta-feira (6), quando um novo boletim semanal ser\u00e1 divulgado pelo Idema.<br \/>\nNo ver\u00e3o, o Idema ampliou o n\u00famero de praias analisadas, saindo de 33 para 51. As outras 44 praias  foram consideradas pr\u00f3prias para banho no fim de semana, segundo o \u00f3rg\u00e3o.<br \/>\nForam analisadas praias de Ba\u00eda Formosa, Canguaretama, Tibau do Sul, N\u00edsia Floresta, Parnamirim, Natal, Extremoz, Cear\u00e1-Mirim, Maxaranguape, Touros, Macau, Areia Branca, Grossos e Tibau.<br \/>\nSegundo o Idema, para ser feita a avalia\u00e7\u00e3o \u00e9 analisada a quantidade de coliformes termotolerantes &#8211; tamb\u00e9m chamados de fecais &#8211; encontrada nas \u00e1guas. A classifica\u00e7\u00e3o segue normas estabelecidas no Conselho Nacional do Meio Ambiente (Conama).<br \/>\nO estudo, que faz parte do Programa Azul, \u00e9 uma parceria entre o Idema, o Instituto Federal de Educa\u00e7\u00e3o, Ci\u00eancia e Tecnologia do Rio Grande do Norte (IFRN) e a Funda\u00e7\u00e3o de Apoio \u00e0 Educa\u00e7\u00e3o e ao Desenvolvimento Tecnol\u00f3gico do RN (FUNCERN).<br \/>\nVeja reportagem sobre os alagamentos que ocorreram recentemente em Ponta Negra:<br \/>\nSecret\u00e1rio explica alagamentos na engorda de Ponta Negra<br \/>\nV\u00eddeos mais assistidos do g1 RN<\/p>","protected":false},"excerpt":{"rendered":"<p>Dados foram divulgados nesta sexta-feira (31) e valem at\u00e9 a pr\u00f3xima quinta (6). Segundo o Idema, \u00e9 analisada a quantidade de coliformes termotolerantes encontrada nas \u00e1guas. Orla da praia de &#8230;<\/p>\n","protected":false},"author":0,"featured_media":12143,"parent":0,"menu_order":0,"comment_status":"closed","ping_status":"closed","template":"","meta":{"footnotes":""},"class_list":["post-12142","page","type-page","status-publish","has-post-thumbnail","hentry"],"yoast_head":"<!-- This site is optimized with the Yoast SEO plugin v27.1.1 - https:\/\/yoast.com\/product\/yoast-seo-wordpress\/ -->\n<title>Ponta Negra, Pipa e Maracaja\u00fa: Idema aponta 7 trechos do litoral do RN como impr\u00f3prios para banho - Taveira Jr<\/title>\n<meta name=\"robots\" content=\"index, follow, max-snippet:-1, max-image-preview:large, max-video-preview:-1\" \/>\n<link rel=\"canonical\" href=\"https:\/\/deputadotaveirajr.com.br\/index.php\/ponta-negra-pipa-e-maracajau-idema-aponta-7-trechos-do-litoral-do-rn-como-improprios-para-banho\/\" \/>\n<meta property=\"og:locale\" content=\"pt_BR\" \/>\n<meta property=\"og:type\" content=\"article\" \/>\n<meta property=\"og:title\" content=\"Ponta Negra, Pipa e Maracaja\u00fa: Idema aponta 7 trechos do litoral do RN como impr\u00f3prios para banho - Taveira Jr\" \/>\n<meta property=\"og:description\" content=\"Dados foram divulgados nesta sexta-feira (31) e valem at\u00e9 a pr\u00f3xima quinta (6). Segundo o Idema, \u00e9 analisada a quantidade de coliformes termotolerantes encontrada nas \u00e1guas. Orla da praia de ...\" \/>\n<meta property=\"og:url\" content=\"https:\/\/deputadotaveirajr.com.br\/index.php\/ponta-negra-pipa-e-maracajau-idema-aponta-7-trechos-do-litoral-do-rn-como-improprios-para-banho\/\" \/>\n<meta property=\"og:site_name\" content=\"Taveira Jr\" \/>\n<meta property=\"og:image\" content=\"https:\/\/s2-g1.glbimg.com\/5uN7IBEm7Xdxe5l7iLTTFvQr2n8=\/i.s3.glbimg.com\/v1\/AUTH_59edd422c0c84a879bd37670ae4f538a\/internal_photos\/bs\/2024\/7\/Z\/KB7azKTwOclsIVB8Prtg\/whatsapp-image-2024-12-10-at-11.36.52.jpeg\" \/>\n<meta name=\"twitter:card\" content=\"summary_large_image\" \/>\n<meta name=\"twitter:label1\" content=\"Est. tempo de leitura\" \/>\n\t<meta name=\"twitter:data1\" content=\"2 minutos\" \/>\n<script type=\"application\/ld+json\" class=\"yoast-schema-graph\">{\"@context\":\"https:\/\/schema.org\",\"@graph\":[{\"@type\":\"WebPage\",\"@id\":\"https:\/\/deputadotaveirajr.com.br\/index.php\/ponta-negra-pipa-e-maracajau-idema-aponta-7-trechos-do-litoral-do-rn-como-improprios-para-banho\/\",\"url\":\"https:\/\/deputadotaveirajr.com.br\/index.php\/ponta-negra-pipa-e-maracajau-idema-aponta-7-trechos-do-litoral-do-rn-como-improprios-para-banho\/\",\"name\":\"Ponta Negra, Pipa e Maracaja\u00fa: Idema aponta 7 trechos do litoral do RN como impr\u00f3prios para banho - Taveira Jr\",\"isPartOf\":{\"@id\":\"https:\/\/deputadotaveirajr.com.br\/#website\"},\"primaryImageOfPage\":{\"@id\":\"https:\/\/deputadotaveirajr.com.br\/index.php\/ponta-negra-pipa-e-maracajau-idema-aponta-7-trechos-do-litoral-do-rn-como-improprios-para-banho\/#primaryimage\"},\"image\":{\"@id\":\"https:\/\/deputadotaveirajr.com.br\/index.php\/ponta-negra-pipa-e-maracajau-idema-aponta-7-trechos-do-litoral-do-rn-como-improprios-para-banho\/#primaryimage\"},\"thumbnailUrl\":\"https:\/\/deputadotaveirajr.com.br\/wp-content\/uploads\/2025\/02\/whatsapp-image-2024-12-10-at-11.36.52-NIQOyp.jpeg\",\"datePublished\":\"2025-02-01T12:18:33+00:00\",\"breadcrumb\":{\"@id\":\"https:\/\/deputadotaveirajr.com.br\/index.php\/ponta-negra-pipa-e-maracajau-idema-aponta-7-trechos-do-litoral-do-rn-como-improprios-para-banho\/#breadcrumb\"},\"inLanguage\":\"pt-BR\",\"potentialAction\":[{\"@type\":\"ReadAction\",\"target\":[\"https:\/\/deputadotaveirajr.com.br\/index.php\/ponta-negra-pipa-e-maracajau-idema-aponta-7-trechos-do-litoral-do-rn-como-improprios-para-banho\/\"]}]},{\"@type\":\"ImageObject\",\"inLanguage\":\"pt-BR\",\"@id\":\"https:\/\/deputadotaveirajr.com.br\/index.php\/ponta-negra-pipa-e-maracajau-idema-aponta-7-trechos-do-litoral-do-rn-como-improprios-para-banho\/#primaryimage\",\"url\":\"https:\/\/deputadotaveirajr.com.br\/wp-content\/uploads\/2025\/02\/whatsapp-image-2024-12-10-at-11.36.52-NIQOyp.jpeg\",\"contentUrl\":\"https:\/\/deputadotaveirajr.com.br\/wp-content\/uploads\/2025\/02\/whatsapp-image-2024-12-10-at-11.36.52-NIQOyp.jpeg\",\"width\":1600,\"height\":1200},{\"@type\":\"BreadcrumbList\",\"@id\":\"https:\/\/deputadotaveirajr.com.br\/index.php\/ponta-negra-pipa-e-maracajau-idema-aponta-7-trechos-do-litoral-do-rn-como-improprios-para-banho\/#breadcrumb\",\"itemListElement\":[{\"@type\":\"ListItem\",\"position\":1,\"name\":\"In\u00edcio\",\"item\":\"https:\/\/deputadotaveirajr.com.br\/\"},{\"@type\":\"ListItem\",\"position\":2,\"name\":\"Ponta Negra, Pipa e Maracaja\u00fa: Idema aponta 7 trechos do litoral do RN como impr\u00f3prios para banho\"}]},{\"@type\":\"WebSite\",\"@id\":\"https:\/\/deputadotaveirajr.com.br\/#website\",\"url\":\"https:\/\/deputadotaveirajr.com.br\/\",\"name\":\"Taveira Jr\",\"description\":\"Deputado Estadual\",\"publisher\":{\"@id\":\"https:\/\/deputadotaveirajr.com.br\/#organization\"},\"potentialAction\":[{\"@type\":\"SearchAction\",\"target\":{\"@type\":\"EntryPoint\",\"urlTemplate\":\"https:\/\/deputadotaveirajr.com.br\/?s={search_term_string}\"},\"query-input\":{\"@type\":\"PropertyValueSpecification\",\"valueRequired\":true,\"valueName\":\"search_term_string\"}}],\"inLanguage\":\"pt-BR\"},{\"@type\":\"Organization\",\"@id\":\"https:\/\/deputadotaveirajr.com.br\/#organization\",\"name\":\"Taveira Jr\",\"url\":\"https:\/\/deputadotaveirajr.com.br\/\",\"logo\":{\"@type\":\"ImageObject\",\"inLanguage\":\"pt-BR\",\"@id\":\"https:\/\/deputadotaveirajr.com.br\/#\/schema\/logo\/image\/\",\"url\":\"https:\/\/deputadotaveirajr.com.br\/wp-content\/uploads\/2026\/01\/logolow2a.png\",\"contentUrl\":\"https:\/\/deputadotaveirajr.com.br\/wp-content\/uploads\/2026\/01\/logolow2a.png\",\"width\":290,\"height\":80,\"caption\":\"Taveira Jr\"},\"image\":{\"@id\":\"https:\/\/deputadotaveirajr.com.br\/#\/schema\/logo\/image\/\"}}]}<\/script>\n<!-- \/ Yoast SEO plugin. -->","yoast_head_json":{"title":"Ponta Negra, Pipa e Maracaja\u00fa: Idema aponta 7 trechos do litoral do RN como impr\u00f3prios para banho - Taveira Jr","robots":{"index":"index","follow":"follow","max-snippet":"max-snippet:-1","max-image-preview":"max-image-preview:large","max-video-preview":"max-video-preview:-1"},"canonical":"https:\/\/deputadotaveirajr.com.br\/index.php\/ponta-negra-pipa-e-maracajau-idema-aponta-7-trechos-do-litoral-do-rn-como-improprios-para-banho\/","og_locale":"pt_BR","og_type":"article","og_title":"Ponta Negra, Pipa e Maracaja\u00fa: Idema aponta 7 trechos do litoral do RN como impr\u00f3prios para banho - Taveira Jr","og_description":"Dados foram divulgados nesta sexta-feira (31) e valem at\u00e9 a pr\u00f3xima quinta (6). Segundo o Idema, \u00e9 analisada a quantidade de coliformes termotolerantes encontrada nas \u00e1guas. Orla da praia de ...","og_url":"https:\/\/deputadotaveirajr.com.br\/index.php\/ponta-negra-pipa-e-maracajau-idema-aponta-7-trechos-do-litoral-do-rn-como-improprios-para-banho\/","og_site_name":"Taveira Jr","og_image":[{"url":"https:\/\/s2-g1.glbimg.com\/5uN7IBEm7Xdxe5l7iLTTFvQr2n8=\/i.s3.glbimg.com\/v1\/AUTH_59edd422c0c84a879bd37670ae4f538a\/internal_photos\/bs\/2024\/7\/Z\/KB7azKTwOclsIVB8Prtg\/whatsapp-image-2024-12-10-at-11.36.52.jpeg","type":"","width":"","height":""}],"twitter_card":"summary_large_image","twitter_misc":{"Est. tempo de leitura":"2 minutos"},"schema":{"@context":"https:\/\/schema.org","@graph":[{"@type":"WebPage","@id":"https:\/\/deputadotaveirajr.com.br\/index.php\/ponta-negra-pipa-e-maracajau-idema-aponta-7-trechos-do-litoral-do-rn-como-improprios-para-banho\/","url":"https:\/\/deputadotaveirajr.com.br\/index.php\/ponta-negra-pipa-e-maracajau-idema-aponta-7-trechos-do-litoral-do-rn-como-improprios-para-banho\/","name":"Ponta Negra, Pipa e Maracaja\u00fa: Idema aponta 7 trechos do litoral do RN como impr\u00f3prios para banho - Taveira Jr","isPartOf":{"@id":"https:\/\/deputadotaveirajr.com.br\/#website"},"primaryImageOfPage":{"@id":"https:\/\/deputadotaveirajr.com.br\/index.php\/ponta-negra-pipa-e-maracajau-idema-aponta-7-trechos-do-litoral-do-rn-como-improprios-para-banho\/#primaryimage"},"image":{"@id":"https:\/\/deputadotaveirajr.com.br\/index.php\/ponta-negra-pipa-e-maracajau-idema-aponta-7-trechos-do-litoral-do-rn-como-improprios-para-banho\/#primaryimage"},"thumbnailUrl":"https:\/\/deputadotaveirajr.com.br\/wp-content\/uploads\/2025\/02\/whatsapp-image-2024-12-10-at-11.36.52-NIQOyp.jpeg","datePublished":"2025-02-01T12:18:33+00:00","breadcrumb":{"@id":"https:\/\/deputadotaveirajr.com.br\/index.php\/ponta-negra-pipa-e-maracajau-idema-aponta-7-trechos-do-litoral-do-rn-como-improprios-para-banho\/#breadcrumb"},"inLanguage":"pt-BR","potentialAction":[{"@type":"ReadAction","target":["https:\/\/deputadotaveirajr.com.br\/index.php\/ponta-negra-pipa-e-maracajau-idema-aponta-7-trechos-do-litoral-do-rn-como-improprios-para-banho\/"]}]},{"@type":"ImageObject","inLanguage":"pt-BR","@id":"https:\/\/deputadotaveirajr.com.br\/index.php\/ponta-negra-pipa-e-maracajau-idema-aponta-7-trechos-do-litoral-do-rn-como-improprios-para-banho\/#primaryimage","url":"https:\/\/deputadotaveirajr.com.br\/wp-content\/uploads\/2025\/02\/whatsapp-image-2024-12-10-at-11.36.52-NIQOyp.jpeg","contentUrl":"https:\/\/deputadotaveirajr.com.br\/wp-content\/uploads\/2025\/02\/whatsapp-image-2024-12-10-at-11.36.52-NIQOyp.jpeg","width":1600,"height":1200},{"@type":"BreadcrumbList","@id":"https:\/\/deputadotaveirajr.com.br\/index.php\/ponta-negra-pipa-e-maracajau-idema-aponta-7-trechos-do-litoral-do-rn-como-improprios-para-banho\/#breadcrumb","itemListElement":[{"@type":"ListItem","position":1,"name":"In\u00edcio","item":"https:\/\/deputadotaveirajr.com.br\/"},{"@type":"ListItem","position":2,"name":"Ponta Negra, Pipa e Maracaja\u00fa: Idema aponta 7 trechos do litoral do RN como impr\u00f3prios para banho"}]},{"@type":"WebSite","@id":"https:\/\/deputadotaveirajr.com.br\/#website","url":"https:\/\/deputadotaveirajr.com.br\/","name":"Taveira Jr","description":"Deputado Estadual","publisher":{"@id":"https:\/\/deputadotaveirajr.com.br\/#organization"},"potentialAction":[{"@type":"SearchAction","target":{"@type":"EntryPoint","urlTemplate":"https:\/\/deputadotaveirajr.com.br\/?s={search_term_string}"},"query-input":{"@type":"PropertyValueSpecification","valueRequired":true,"valueName":"search_term_string"}}],"inLanguage":"pt-BR"},{"@type":"Organization","@id":"https:\/\/deputadotaveirajr.com.br\/#organization","name":"Taveira Jr","url":"https:\/\/deputadotaveirajr.com.br\/","logo":{"@type":"ImageObject","inLanguage":"pt-BR","@id":"https:\/\/deputadotaveirajr.com.br\/#\/schema\/logo\/image\/","url":"https:\/\/deputadotaveirajr.com.br\/wp-content\/uploads\/2026\/01\/logolow2a.png","contentUrl":"https:\/\/deputadotaveirajr.com.br\/wp-content\/uploads\/2026\/01\/logolow2a.png","width":290,"height":80,"caption":"Taveira Jr"},"image":{"@id":"https:\/\/deputadotaveirajr.com.br\/#\/schema\/logo\/image\/"}}]}},"_links":{"self":[{"href":"https:\/\/deputadotaveirajr.com.br\/index.php\/wp-json\/wp\/v2\/pages\/12142","targetHints":{"allow":["GET"]}}],"collection":[{"href":"https:\/\/deputadotaveirajr.com.br\/index.php\/wp-json\/wp\/v2\/pages"}],"about":[{"href":"https:\/\/deputadotaveirajr.com.br\/index.php\/wp-json\/wp\/v2\/types\/page"}],"replies":[{"embeddable":true,"href":"https:\/\/deputadotaveirajr.com.br\/index.php\/wp-json\/wp\/v2\/comments?post=12142"}],"version-history":[{"count":0,"href":"https:\/\/deputadotaveirajr.com.br\/index.php\/wp-json\/wp\/v2\/pages\/12142\/revisions"}],"wp:featuredmedia":[{"embeddable":true,"href":"https:\/\/deputadotaveirajr.com.br\/index.php\/wp-json\/wp\/v2\/media\/12143"}],"wp:attachment":[{"href":"https:\/\/deputadotaveirajr.com.br\/index.php\/wp-json\/wp\/v2\/media?parent=12142"}],"curies":[{"name":"wp","href":"https:\/\/api.w.org\/{rel}","templated":true}]}}