{"id":12162,"date":"2025-02-05T09:26:28","date_gmt":"2025-02-05T12:26:28","guid":{"rendered":"https:\/\/deputadotaveirajr.com.br\/index.php\/mulher-e-condenada-por-lavar-dinheiro-para-membros-de-faccao-criminosa-no-rn\/"},"modified":"2025-02-05T09:26:28","modified_gmt":"2025-02-05T12:26:28","slug":"mulher-e-condenada-por-lavar-dinheiro-para-membros-de-faccao-criminosa-no-rn","status":"publish","type":"page","link":"https:\/\/deputadotaveirajr.com.br\/index.php\/mulher-e-condenada-por-lavar-dinheiro-para-membros-de-faccao-criminosa-no-rn\/","title":{"rendered":"Mulher \u00e9 condenada por lavar dinheiro para membros de fac\u00e7\u00e3o criminosa no RN"},"content":{"rendered":"<p><img decoding=\"async\" src=\"https:\/\/s2-g1.glbimg.com\/36XC-oX8nSWV6bSPiOv8W0H6M7w=\/i.s3.glbimg.com\/v1\/AUTH_59edd422c0c84a879bd37670ae4f538a\/internal_photos\/bs\/2023\/h\/T\/ARsZ2aTVKNBeupzmJZ2A\/whatsapp-image-2023-02-14-at-06.27.40.jpeg\" \/><br \/>     Segundo MP, r\u00e9 simulou compra de im\u00f3vel para esconder verdadeiros propriet\u00e1rios, investigados por tr\u00e1fico de drogas. Caso foi investigado dentro da Opera\u00e7\u00e3o Plata, do Minist\u00e9rio P\u00fablico.  Documentos apreendidos por promotores do Gaeco durante opera\u00e7\u00e3o Plata, em 2023<br \/>\nMP-RN\/Divulga\u00e7\u00e3o<br \/>\nUma mulher foi condenada a seis anos de reclus\u00e3o e 20 dias-multa por lavar dinheiro para a fac\u00e7\u00e3o Primeiro Comando da Capital (PCC) no Rio Grande do Norte. A decis\u00e3o judicial \u00e9 um desdobramento da opera\u00e7\u00e3o Plata, deflagrada em fevereiro de 2023 no estado.<br \/>\nSegundo a den\u00fancia do Minist\u00e9rio P\u00fablico do Rio Grande do Norte, Laiza Andrade Silva Alves participou do esquema na compra de um im\u00f3vel para ocultar a origem de dinheiro e bens levantados por meio de crimes de Geraldo dos Santos Filho, conhecido como Pastor J\u00fanior, e Valdeci Alves dos Santos &#8211; apontado como um dos principais chefes da fac\u00e7\u00e3o.<br \/>\n\ud83d\udcf3Participe do canal do g1 RN no WhatsApp<br \/>\nSegundo o MP, ela e os outros investigados fizeram a simula\u00e7\u00e3o da compra de um im\u00f3vel em janeiro de 2016 e em 16 de junho de 2021 fizeram uma procura\u00e7\u00e3o para dissimular a real propriedade.<br \/>\n&#8220;Os atos de lavagem se deram para que os criminosos n\u00e3o permanecessem como formais propriet\u00e1rios do im\u00f3vel, sendo usada a interposta pessoa Laiza por ter ficha criminal limpa, sem antecedentes, nem vincula\u00e7\u00e3o direta com os chefes da associa\u00e7\u00e3o criminosa&#8221;, informava a den\u00fancia.<br \/>\nSegundo o MP, a suspeita \u00e9 de que o grupo criminoso tenha lavado mais de R$ 23 milh\u00f5es com a compra de im\u00f3veis, fazendas, rebanhos bovinos e at\u00e9 com o uso de igrejas.<br \/>\nAs investiga\u00e7\u00f5es tiveram in\u00edcio em 2019, para apurar supostos crimes de tr\u00e1fico de drogas, associa\u00e7\u00e3o para o tr\u00e1fico e lavagem de dinheiro praticados em Natal e outras cidades potiguares.<br \/>\nLaiza \u00e9 a oitava pessoa diretamente implicada nas investiga\u00e7\u00f5es a ser condenada pela Justi\u00e7a.Outros sete acusados foram condenados em setembro de 2024.<br \/>\nO principal elo dos crimes, Geraldo dos Santos Filho, conhecido por Pastor J\u00fanior, recebeu a maior senten\u00e7a: 84 anos de reclus\u00e3o pelos crimes de lavagem de dinheiro e associa\u00e7\u00e3o criminosa.<br \/>\nNa den\u00fancia que resultou nas senten\u00e7as, o MPRN indicou que o grupo foi formado especificamente para comprar e transmitir im\u00f3veis, realizar dep\u00f3sitos n\u00e3o identific\u00e1veis e distribuir dinheiro em esp\u00e9cie.<br \/>\n&#8220;Os r\u00e9us dissimulavam e ocultavam a origem e propriedade de bens e valores oriundos dos crimes praticados por dois irm\u00e3os, em benef\u00edcio de familiares e pessoas pr\u00f3ximas a eles&#8221;, informou o MP.<br \/>\nOpera\u00e7\u00f5es Plata e Argento<br \/>\nA opera\u00e7\u00e3o do MPRN foi desenvolvida pelo Grupo de Atua\u00e7\u00e3o Especial de Combate ao Crime Organizado (Gaeco) com o apoio da Pol\u00edcia Militar do RN e dos Minist\u00e9rios P\u00fablicos de S\u00e3o Paulo, Minas Gerais, Mato Grosso do Sul, Santa Catarina, Bahia, Cear\u00e1 e Para\u00edba e, ainda, do Departamento Penitenci\u00e1rio Nacional (Depen).<br \/>\nEm novembro de 2024, o MPRN deflagrou a opera\u00e7\u00e3o Argento, junto com a Receita Federal, e cumpriu 36 mandados em quatro estados do pa\u00eds contra a lavagem de dinheiro oriundo do tr\u00e1fico de drogas do PCC. A Justi\u00e7a determinou o bloqueio de R$ 2,2 bilh\u00f5es.<br \/>\nOperac\u0327a\u0303o contra o tra\u0301fico de drogas no RN<br \/>\nA opera\u00e7\u00e3o Argento foi anunciada como um desdobramento da opera\u00e7\u00e3o Plata.<br \/>\nSegundo o MPRN, o grupo alvo era suspeito de lavar dinheiro do tr\u00e1fico com a abertura de empresas de fachada e postos de combust\u00edveis, compra e venda de im\u00f3veis de luxo e cavalos de ra\u00e7a. Foram cumpridos sete mandados de pris\u00e3o preventiva e outros 29 de busca e apreens\u00e3o nas cidades de Natal, Caic\u00f3, Parnamirim e N\u00edsia Floresta e ainda munic\u00edpios de outros tr\u00eas Estados: S\u00e3o Paulo e Campinas (SP); Vit\u00f3ria da Conquista e Urandi (BA); e Trair\u00e3o (PA)<br \/>\nEm dezembro, 18 investigados foram denunciados pelo MP.<br \/>\nVeja os v\u00eddeos mais assistidos no g1 RN<\/p>","protected":false},"excerpt":{"rendered":"<p>Segundo MP, r\u00e9 simulou compra de im\u00f3vel para esconder verdadeiros propriet\u00e1rios, investigados por tr\u00e1fico de drogas. Caso foi investigado dentro da Opera\u00e7\u00e3o Plata, do Minist\u00e9rio P\u00fablico. Documentos apreendidos por promotores &#8230;<\/p>\n","protected":false},"author":0,"featured_media":12163,"parent":0,"menu_order":0,"comment_status":"closed","ping_status":"closed","template":"","meta":{"footnotes":""},"class_list":["post-12162","page","type-page","status-publish","has-post-thumbnail","hentry"],"yoast_head":"<!-- This site is optimized with the Yoast SEO plugin v27.1.1 - https:\/\/yoast.com\/product\/yoast-seo-wordpress\/ -->\n<title>Mulher \u00e9 condenada por lavar dinheiro para membros de fac\u00e7\u00e3o criminosa no RN - Taveira Jr<\/title>\n<meta name=\"robots\" content=\"index, follow, max-snippet:-1, max-image-preview:large, max-video-preview:-1\" \/>\n<link rel=\"canonical\" href=\"https:\/\/deputadotaveirajr.com.br\/index.php\/mulher-e-condenada-por-lavar-dinheiro-para-membros-de-faccao-criminosa-no-rn\/\" \/>\n<meta property=\"og:locale\" content=\"pt_BR\" \/>\n<meta property=\"og:type\" content=\"article\" \/>\n<meta property=\"og:title\" content=\"Mulher \u00e9 condenada por lavar dinheiro para membros de fac\u00e7\u00e3o criminosa no RN - Taveira Jr\" \/>\n<meta property=\"og:description\" content=\"Segundo MP, r\u00e9 simulou compra de im\u00f3vel para esconder verdadeiros propriet\u00e1rios, investigados por tr\u00e1fico de drogas. Caso foi investigado dentro da Opera\u00e7\u00e3o Plata, do Minist\u00e9rio P\u00fablico. Documentos apreendidos por promotores ...\" \/>\n<meta property=\"og:url\" content=\"https:\/\/deputadotaveirajr.com.br\/index.php\/mulher-e-condenada-por-lavar-dinheiro-para-membros-de-faccao-criminosa-no-rn\/\" \/>\n<meta property=\"og:site_name\" content=\"Taveira Jr\" \/>\n<meta property=\"og:image\" content=\"https:\/\/s2-g1.glbimg.com\/36XC-oX8nSWV6bSPiOv8W0H6M7w=\/i.s3.glbimg.com\/v1\/AUTH_59edd422c0c84a879bd37670ae4f538a\/internal_photos\/bs\/2023\/h\/T\/ARsZ2aTVKNBeupzmJZ2A\/whatsapp-image-2023-02-14-at-06.27.40.jpeg\" \/>\n<meta name=\"twitter:card\" content=\"summary_large_image\" \/>\n<meta name=\"twitter:label1\" content=\"Est. tempo de leitura\" \/>\n\t<meta name=\"twitter:data1\" content=\"3 minutos\" \/>\n<script type=\"application\/ld+json\" class=\"yoast-schema-graph\">{\"@context\":\"https:\/\/schema.org\",\"@graph\":[{\"@type\":\"WebPage\",\"@id\":\"https:\/\/deputadotaveirajr.com.br\/index.php\/mulher-e-condenada-por-lavar-dinheiro-para-membros-de-faccao-criminosa-no-rn\/\",\"url\":\"https:\/\/deputadotaveirajr.com.br\/index.php\/mulher-e-condenada-por-lavar-dinheiro-para-membros-de-faccao-criminosa-no-rn\/\",\"name\":\"Mulher \u00e9 condenada por lavar dinheiro para membros de fac\u00e7\u00e3o criminosa no RN - Taveira Jr\",\"isPartOf\":{\"@id\":\"https:\/\/deputadotaveirajr.com.br\/#website\"},\"primaryImageOfPage\":{\"@id\":\"https:\/\/deputadotaveirajr.com.br\/index.php\/mulher-e-condenada-por-lavar-dinheiro-para-membros-de-faccao-criminosa-no-rn\/#primaryimage\"},\"image\":{\"@id\":\"https:\/\/deputadotaveirajr.com.br\/index.php\/mulher-e-condenada-por-lavar-dinheiro-para-membros-de-faccao-criminosa-no-rn\/#primaryimage\"},\"thumbnailUrl\":\"https:\/\/deputadotaveirajr.com.br\/wp-content\/uploads\/2025\/02\/whatsapp-image-2023-02-14-at-06.27.40-ZDspGz.jpeg\",\"datePublished\":\"2025-02-05T12:26:28+00:00\",\"breadcrumb\":{\"@id\":\"https:\/\/deputadotaveirajr.com.br\/index.php\/mulher-e-condenada-por-lavar-dinheiro-para-membros-de-faccao-criminosa-no-rn\/#breadcrumb\"},\"inLanguage\":\"pt-BR\",\"potentialAction\":[{\"@type\":\"ReadAction\",\"target\":[\"https:\/\/deputadotaveirajr.com.br\/index.php\/mulher-e-condenada-por-lavar-dinheiro-para-membros-de-faccao-criminosa-no-rn\/\"]}]},{\"@type\":\"ImageObject\",\"inLanguage\":\"pt-BR\",\"@id\":\"https:\/\/deputadotaveirajr.com.br\/index.php\/mulher-e-condenada-por-lavar-dinheiro-para-membros-de-faccao-criminosa-no-rn\/#primaryimage\",\"url\":\"https:\/\/deputadotaveirajr.com.br\/wp-content\/uploads\/2025\/02\/whatsapp-image-2023-02-14-at-06.27.40-ZDspGz.jpeg\",\"contentUrl\":\"https:\/\/deputadotaveirajr.com.br\/wp-content\/uploads\/2025\/02\/whatsapp-image-2023-02-14-at-06.27.40-ZDspGz.jpeg\",\"width\":1156,\"height\":867},{\"@type\":\"BreadcrumbList\",\"@id\":\"https:\/\/deputadotaveirajr.com.br\/index.php\/mulher-e-condenada-por-lavar-dinheiro-para-membros-de-faccao-criminosa-no-rn\/#breadcrumb\",\"itemListElement\":[{\"@type\":\"ListItem\",\"position\":1,\"name\":\"In\u00edcio\",\"item\":\"https:\/\/deputadotaveirajr.com.br\/\"},{\"@type\":\"ListItem\",\"position\":2,\"name\":\"Mulher \u00e9 condenada por lavar dinheiro para membros de fac\u00e7\u00e3o criminosa no RN\"}]},{\"@type\":\"WebSite\",\"@id\":\"https:\/\/deputadotaveirajr.com.br\/#website\",\"url\":\"https:\/\/deputadotaveirajr.com.br\/\",\"name\":\"Taveira Jr\",\"description\":\"Deputado Estadual\",\"publisher\":{\"@id\":\"https:\/\/deputadotaveirajr.com.br\/#organization\"},\"potentialAction\":[{\"@type\":\"SearchAction\",\"target\":{\"@type\":\"EntryPoint\",\"urlTemplate\":\"https:\/\/deputadotaveirajr.com.br\/?s={search_term_string}\"},\"query-input\":{\"@type\":\"PropertyValueSpecification\",\"valueRequired\":true,\"valueName\":\"search_term_string\"}}],\"inLanguage\":\"pt-BR\"},{\"@type\":\"Organization\",\"@id\":\"https:\/\/deputadotaveirajr.com.br\/#organization\",\"name\":\"Taveira Jr\",\"url\":\"https:\/\/deputadotaveirajr.com.br\/\",\"logo\":{\"@type\":\"ImageObject\",\"inLanguage\":\"pt-BR\",\"@id\":\"https:\/\/deputadotaveirajr.com.br\/#\/schema\/logo\/image\/\",\"url\":\"https:\/\/deputadotaveirajr.com.br\/wp-content\/uploads\/2026\/01\/logolow2a.png\",\"contentUrl\":\"https:\/\/deputadotaveirajr.com.br\/wp-content\/uploads\/2026\/01\/logolow2a.png\",\"width\":290,\"height\":80,\"caption\":\"Taveira Jr\"},\"image\":{\"@id\":\"https:\/\/deputadotaveirajr.com.br\/#\/schema\/logo\/image\/\"}}]}<\/script>\n<!-- \/ Yoast SEO plugin. -->","yoast_head_json":{"title":"Mulher \u00e9 condenada por lavar dinheiro para membros de fac\u00e7\u00e3o criminosa no RN - Taveira Jr","robots":{"index":"index","follow":"follow","max-snippet":"max-snippet:-1","max-image-preview":"max-image-preview:large","max-video-preview":"max-video-preview:-1"},"canonical":"https:\/\/deputadotaveirajr.com.br\/index.php\/mulher-e-condenada-por-lavar-dinheiro-para-membros-de-faccao-criminosa-no-rn\/","og_locale":"pt_BR","og_type":"article","og_title":"Mulher \u00e9 condenada por lavar dinheiro para membros de fac\u00e7\u00e3o criminosa no RN - Taveira Jr","og_description":"Segundo MP, r\u00e9 simulou compra de im\u00f3vel para esconder verdadeiros propriet\u00e1rios, investigados por tr\u00e1fico de drogas. Caso foi investigado dentro da Opera\u00e7\u00e3o Plata, do Minist\u00e9rio P\u00fablico. Documentos apreendidos por promotores ...","og_url":"https:\/\/deputadotaveirajr.com.br\/index.php\/mulher-e-condenada-por-lavar-dinheiro-para-membros-de-faccao-criminosa-no-rn\/","og_site_name":"Taveira Jr","og_image":[{"url":"https:\/\/s2-g1.glbimg.com\/36XC-oX8nSWV6bSPiOv8W0H6M7w=\/i.s3.glbimg.com\/v1\/AUTH_59edd422c0c84a879bd37670ae4f538a\/internal_photos\/bs\/2023\/h\/T\/ARsZ2aTVKNBeupzmJZ2A\/whatsapp-image-2023-02-14-at-06.27.40.jpeg","type":"","width":"","height":""}],"twitter_card":"summary_large_image","twitter_misc":{"Est. tempo de leitura":"3 minutos"},"schema":{"@context":"https:\/\/schema.org","@graph":[{"@type":"WebPage","@id":"https:\/\/deputadotaveirajr.com.br\/index.php\/mulher-e-condenada-por-lavar-dinheiro-para-membros-de-faccao-criminosa-no-rn\/","url":"https:\/\/deputadotaveirajr.com.br\/index.php\/mulher-e-condenada-por-lavar-dinheiro-para-membros-de-faccao-criminosa-no-rn\/","name":"Mulher \u00e9 condenada por lavar dinheiro para membros de fac\u00e7\u00e3o criminosa no RN - Taveira Jr","isPartOf":{"@id":"https:\/\/deputadotaveirajr.com.br\/#website"},"primaryImageOfPage":{"@id":"https:\/\/deputadotaveirajr.com.br\/index.php\/mulher-e-condenada-por-lavar-dinheiro-para-membros-de-faccao-criminosa-no-rn\/#primaryimage"},"image":{"@id":"https:\/\/deputadotaveirajr.com.br\/index.php\/mulher-e-condenada-por-lavar-dinheiro-para-membros-de-faccao-criminosa-no-rn\/#primaryimage"},"thumbnailUrl":"https:\/\/deputadotaveirajr.com.br\/wp-content\/uploads\/2025\/02\/whatsapp-image-2023-02-14-at-06.27.40-ZDspGz.jpeg","datePublished":"2025-02-05T12:26:28+00:00","breadcrumb":{"@id":"https:\/\/deputadotaveirajr.com.br\/index.php\/mulher-e-condenada-por-lavar-dinheiro-para-membros-de-faccao-criminosa-no-rn\/#breadcrumb"},"inLanguage":"pt-BR","potentialAction":[{"@type":"ReadAction","target":["https:\/\/deputadotaveirajr.com.br\/index.php\/mulher-e-condenada-por-lavar-dinheiro-para-membros-de-faccao-criminosa-no-rn\/"]}]},{"@type":"ImageObject","inLanguage":"pt-BR","@id":"https:\/\/deputadotaveirajr.com.br\/index.php\/mulher-e-condenada-por-lavar-dinheiro-para-membros-de-faccao-criminosa-no-rn\/#primaryimage","url":"https:\/\/deputadotaveirajr.com.br\/wp-content\/uploads\/2025\/02\/whatsapp-image-2023-02-14-at-06.27.40-ZDspGz.jpeg","contentUrl":"https:\/\/deputadotaveirajr.com.br\/wp-content\/uploads\/2025\/02\/whatsapp-image-2023-02-14-at-06.27.40-ZDspGz.jpeg","width":1156,"height":867},{"@type":"BreadcrumbList","@id":"https:\/\/deputadotaveirajr.com.br\/index.php\/mulher-e-condenada-por-lavar-dinheiro-para-membros-de-faccao-criminosa-no-rn\/#breadcrumb","itemListElement":[{"@type":"ListItem","position":1,"name":"In\u00edcio","item":"https:\/\/deputadotaveirajr.com.br\/"},{"@type":"ListItem","position":2,"name":"Mulher \u00e9 condenada por lavar dinheiro para membros de fac\u00e7\u00e3o criminosa no RN"}]},{"@type":"WebSite","@id":"https:\/\/deputadotaveirajr.com.br\/#website","url":"https:\/\/deputadotaveirajr.com.br\/","name":"Taveira Jr","description":"Deputado Estadual","publisher":{"@id":"https:\/\/deputadotaveirajr.com.br\/#organization"},"potentialAction":[{"@type":"SearchAction","target":{"@type":"EntryPoint","urlTemplate":"https:\/\/deputadotaveirajr.com.br\/?s={search_term_string}"},"query-input":{"@type":"PropertyValueSpecification","valueRequired":true,"valueName":"search_term_string"}}],"inLanguage":"pt-BR"},{"@type":"Organization","@id":"https:\/\/deputadotaveirajr.com.br\/#organization","name":"Taveira Jr","url":"https:\/\/deputadotaveirajr.com.br\/","logo":{"@type":"ImageObject","inLanguage":"pt-BR","@id":"https:\/\/deputadotaveirajr.com.br\/#\/schema\/logo\/image\/","url":"https:\/\/deputadotaveirajr.com.br\/wp-content\/uploads\/2026\/01\/logolow2a.png","contentUrl":"https:\/\/deputadotaveirajr.com.br\/wp-content\/uploads\/2026\/01\/logolow2a.png","width":290,"height":80,"caption":"Taveira Jr"},"image":{"@id":"https:\/\/deputadotaveirajr.com.br\/#\/schema\/logo\/image\/"}}]}},"_links":{"self":[{"href":"https:\/\/deputadotaveirajr.com.br\/index.php\/wp-json\/wp\/v2\/pages\/12162","targetHints":{"allow":["GET"]}}],"collection":[{"href":"https:\/\/deputadotaveirajr.com.br\/index.php\/wp-json\/wp\/v2\/pages"}],"about":[{"href":"https:\/\/deputadotaveirajr.com.br\/index.php\/wp-json\/wp\/v2\/types\/page"}],"replies":[{"embeddable":true,"href":"https:\/\/deputadotaveirajr.com.br\/index.php\/wp-json\/wp\/v2\/comments?post=12162"}],"version-history":[{"count":0,"href":"https:\/\/deputadotaveirajr.com.br\/index.php\/wp-json\/wp\/v2\/pages\/12162\/revisions"}],"wp:featuredmedia":[{"embeddable":true,"href":"https:\/\/deputadotaveirajr.com.br\/index.php\/wp-json\/wp\/v2\/media\/12163"}],"wp:attachment":[{"href":"https:\/\/deputadotaveirajr.com.br\/index.php\/wp-json\/wp\/v2\/media?parent=12162"}],"curies":[{"name":"wp","href":"https:\/\/api.w.org\/{rel}","templated":true}]}}