{"id":12164,"date":"2025-02-05T07:35:12","date_gmt":"2025-02-05T10:35:12","guid":{"rendered":"https:\/\/deputadotaveirajr.com.br\/index.php\/natal-amplia-vacinacao-contra-hpv-para-pessoas-com-ate-19-anos\/"},"modified":"2025-02-05T07:35:12","modified_gmt":"2025-02-05T10:35:12","slug":"natal-amplia-vacinacao-contra-hpv-para-pessoas-com-ate-19-anos","status":"publish","type":"page","link":"https:\/\/deputadotaveirajr.com.br\/index.php\/natal-amplia-vacinacao-contra-hpv-para-pessoas-com-ate-19-anos\/","title":{"rendered":"Natal amplia vacina\u00e7\u00e3o contra HPV para pessoas com at\u00e9 19 anos"},"content":{"rendered":"<p><img decoding=\"async\" src=\"https:\/\/s2-g1.glbimg.com\/zuh_vezRNiYJhWdeT6w5pFQ-Erg=\/i.s3.glbimg.com\/v1\/AUTH_59edd422c0c84a879bd37670ae4f538a\/internal_photos\/bs\/2024\/w\/D\/VoX32XQ9iBxUqTwX5wew\/cancer.jpeg\" \/><br \/>     Imuniza\u00e7\u00e3o previne infec\u00e7\u00e3o sexualmente transmiss\u00edvel que pode causar c\u00e2ncer. Vacina \u00e9 aplicada em p\u00fablico a partir dos 9 anos de idade.  Vacina contra HPV<br \/>\nGetty Images<br \/>\nA Prefeitura de Natal anunciou que ampliou a vacina\u00e7\u00e3o contra o Papilomav\u00edrus Humano (HPV) para pessoas menores de 20 anos.<br \/>\nCrian\u00e7as e adolescentes com idade entre 9 e 19 anos que n\u00e3o tenham recebido nenhuma dose do imunizante podem procurar os pontos de vacina\u00e7\u00e3o da cidade para receber a prote\u00e7\u00e3o contra a doen\u00e7a.<br \/>\n\ud83d\udcf3Participe do canal do g1 RN no WhatsApp<br \/>\nO Papilomav\u00edrus Humano (HPV) \u00e9 uma Infec\u00e7\u00e3o Sexualmente Transmiss\u00edvel (IST), e uma das principais causas relacionadas a doen\u00e7as como o c\u00e2ncer do colo do \u00fatero, p\u00eanis, anus e boca, segundo a Secretaria Municipal de Sa\u00fade.<br \/>\nA vacina contra o HPV protege contra os tipos virais 6, 11, 16 e 18 &#8211; os dois \u00faltimos tipos respons\u00e1veis por cerca de 71% dos casos de c\u00e2ncer de colo de \u00fatero e por mais da metade dos casos de outros c\u00e2nceres relacionados ao HPV.<br \/>\nA imuniza\u00e7\u00e3o acontece com esquema vacinal em dose \u00fanica para o p\u00fablico-alvo de crian\u00e7as entre 9 e 14 anos e agora tamb\u00e9m para jovens com idade entre 15 at\u00e9 19 anos, 11 meses e 29 dias, que n\u00e3o receberam nenhuma dose do imunizante contra a doen\u00e7a.<br \/>\nVacina contra HPV tem p\u00fablico-alvo ampliado em Natal<br \/>\n\u201cConvidamos esses jovens a procurarem um ponto de vacina\u00e7\u00e3o para receberem a prote\u00e7\u00e3o contra o HPV, principalmente os com idade entre 15 e 19 anos que n\u00e3o tomaram a vacina no per\u00edodo em que eram p\u00fablico-alvo e que agora contam com essa nova chance, pois a vacina\u00e7\u00e3o contra o HPV \u00e9 uma grande aliada no combate \u00e0 infec\u00e7\u00e3o e traz uma prote\u00e7\u00e3o importante, j\u00e1 que o v\u00edrus da doen\u00e7a \u00e9 respons\u00e1vel por alguns tipos de c\u00e2nceres que mais acometem as pessoas\u201d, disse Veruska Ramos, chefe do N\u00facleo de Agravos Imunopreven\u00edveis (NAI).<br \/>\nDevem se vacinar tamb\u00e9m pessoas que fazem parte dos grupos priorit\u00e1rios para receber o imunizante, que recebem entre duas a tr\u00eas doses do imunizante:<br \/>\nportadoras de papilomatose respirat\u00f3ria recorrente (PRR),<br \/>\npessoas com idade entre 15 e 45 anos que fazem uso da profilaxia pr\u00e9-exposi\u00e7\u00e3o ao HIV (PrEP),<br \/>\nimunocompetentes,<br \/>\npessoas de 9 a 45 anos que vivem com HIV e Aids;<br \/>\npacientes oncol\u00f3gicos, transplantados e v\u00edtimas de viol\u00eancia sexual.<br \/>\nPara se vacinar, os usu\u00e1rios do munic\u00edpio podem procurar uma das Unidades B\u00e1sicas de Sa\u00fade, de segunda a sexta-feira, das 8h \u00e0s 12h e de 13h \u00e0s 15h, ou um dos pontos extras de vacina\u00e7\u00e3o localizados nos Shoppings Midway Mall e Partage Norte Shopping, que funcionam de segunda a sexta-feira das 13h \u00e0s 20h, e no s\u00e1bado das 10h \u00e0s 15h.<br \/>\nO usu\u00e1rio deve levar documento de identifica\u00e7\u00e3o e cart\u00e3o de vacina.<br \/>\nVeja os v\u00eddeos mais assistidos no g1 RN<\/p>","protected":false},"excerpt":{"rendered":"<p>Imuniza\u00e7\u00e3o previne infec\u00e7\u00e3o sexualmente transmiss\u00edvel que pode causar c\u00e2ncer. Vacina \u00e9 aplicada em p\u00fablico a partir dos 9 anos de idade. Vacina contra HPV Getty Images A Prefeitura de Natal &#8230;<\/p>\n","protected":false},"author":0,"featured_media":12165,"parent":0,"menu_order":0,"comment_status":"closed","ping_status":"closed","template":"","meta":{"footnotes":""},"class_list":["post-12164","page","type-page","status-publish","has-post-thumbnail","hentry"],"yoast_head":"<!-- This site is optimized with the Yoast SEO plugin v27.1.1 - https:\/\/yoast.com\/product\/yoast-seo-wordpress\/ -->\n<title>Natal amplia vacina\u00e7\u00e3o contra HPV para pessoas com at\u00e9 19 anos - Taveira Jr<\/title>\n<meta name=\"robots\" content=\"index, follow, max-snippet:-1, max-image-preview:large, max-video-preview:-1\" \/>\n<link rel=\"canonical\" href=\"https:\/\/deputadotaveirajr.com.br\/index.php\/natal-amplia-vacinacao-contra-hpv-para-pessoas-com-ate-19-anos\/\" \/>\n<meta property=\"og:locale\" content=\"pt_BR\" \/>\n<meta property=\"og:type\" content=\"article\" \/>\n<meta property=\"og:title\" content=\"Natal amplia vacina\u00e7\u00e3o contra HPV para pessoas com at\u00e9 19 anos - Taveira Jr\" \/>\n<meta property=\"og:description\" content=\"Imuniza\u00e7\u00e3o previne infec\u00e7\u00e3o sexualmente transmiss\u00edvel que pode causar c\u00e2ncer. Vacina \u00e9 aplicada em p\u00fablico a partir dos 9 anos de idade. Vacina contra HPV Getty Images A Prefeitura de Natal ...\" \/>\n<meta property=\"og:url\" content=\"https:\/\/deputadotaveirajr.com.br\/index.php\/natal-amplia-vacinacao-contra-hpv-para-pessoas-com-ate-19-anos\/\" \/>\n<meta property=\"og:site_name\" content=\"Taveira Jr\" \/>\n<meta property=\"og:image\" content=\"https:\/\/s2-g1.glbimg.com\/zuh_vezRNiYJhWdeT6w5pFQ-Erg=\/i.s3.glbimg.com\/v1\/AUTH_59edd422c0c84a879bd37670ae4f538a\/internal_photos\/bs\/2024\/w\/D\/VoX32XQ9iBxUqTwX5wew\/cancer.jpeg\" \/>\n<meta name=\"twitter:card\" content=\"summary_large_image\" \/>\n<meta name=\"twitter:label1\" content=\"Est. tempo de leitura\" \/>\n\t<meta name=\"twitter:data1\" content=\"2 minutos\" \/>\n<script type=\"application\/ld+json\" class=\"yoast-schema-graph\">{\"@context\":\"https:\/\/schema.org\",\"@graph\":[{\"@type\":\"WebPage\",\"@id\":\"https:\/\/deputadotaveirajr.com.br\/index.php\/natal-amplia-vacinacao-contra-hpv-para-pessoas-com-ate-19-anos\/\",\"url\":\"https:\/\/deputadotaveirajr.com.br\/index.php\/natal-amplia-vacinacao-contra-hpv-para-pessoas-com-ate-19-anos\/\",\"name\":\"Natal amplia vacina\u00e7\u00e3o contra HPV para pessoas com at\u00e9 19 anos - Taveira Jr\",\"isPartOf\":{\"@id\":\"https:\/\/deputadotaveirajr.com.br\/#website\"},\"primaryImageOfPage\":{\"@id\":\"https:\/\/deputadotaveirajr.com.br\/index.php\/natal-amplia-vacinacao-contra-hpv-para-pessoas-com-ate-19-anos\/#primaryimage\"},\"image\":{\"@id\":\"https:\/\/deputadotaveirajr.com.br\/index.php\/natal-amplia-vacinacao-contra-hpv-para-pessoas-com-ate-19-anos\/#primaryimage\"},\"thumbnailUrl\":\"https:\/\/deputadotaveirajr.com.br\/wp-content\/uploads\/2025\/02\/cancer-hc5uej.jpeg\",\"datePublished\":\"2025-02-05T10:35:12+00:00\",\"breadcrumb\":{\"@id\":\"https:\/\/deputadotaveirajr.com.br\/index.php\/natal-amplia-vacinacao-contra-hpv-para-pessoas-com-ate-19-anos\/#breadcrumb\"},\"inLanguage\":\"pt-BR\",\"potentialAction\":[{\"@type\":\"ReadAction\",\"target\":[\"https:\/\/deputadotaveirajr.com.br\/index.php\/natal-amplia-vacinacao-contra-hpv-para-pessoas-com-ate-19-anos\/\"]}]},{\"@type\":\"ImageObject\",\"inLanguage\":\"pt-BR\",\"@id\":\"https:\/\/deputadotaveirajr.com.br\/index.php\/natal-amplia-vacinacao-contra-hpv-para-pessoas-com-ate-19-anos\/#primaryimage\",\"url\":\"https:\/\/deputadotaveirajr.com.br\/wp-content\/uploads\/2025\/02\/cancer-hc5uej.jpeg\",\"contentUrl\":\"https:\/\/deputadotaveirajr.com.br\/wp-content\/uploads\/2025\/02\/cancer-hc5uej.jpeg\",\"width\":777,\"height\":512},{\"@type\":\"BreadcrumbList\",\"@id\":\"https:\/\/deputadotaveirajr.com.br\/index.php\/natal-amplia-vacinacao-contra-hpv-para-pessoas-com-ate-19-anos\/#breadcrumb\",\"itemListElement\":[{\"@type\":\"ListItem\",\"position\":1,\"name\":\"In\u00edcio\",\"item\":\"https:\/\/deputadotaveirajr.com.br\/\"},{\"@type\":\"ListItem\",\"position\":2,\"name\":\"Natal amplia vacina\u00e7\u00e3o contra HPV para pessoas com at\u00e9 19 anos\"}]},{\"@type\":\"WebSite\",\"@id\":\"https:\/\/deputadotaveirajr.com.br\/#website\",\"url\":\"https:\/\/deputadotaveirajr.com.br\/\",\"name\":\"Taveira Jr\",\"description\":\"Deputado Estadual\",\"publisher\":{\"@id\":\"https:\/\/deputadotaveirajr.com.br\/#organization\"},\"potentialAction\":[{\"@type\":\"SearchAction\",\"target\":{\"@type\":\"EntryPoint\",\"urlTemplate\":\"https:\/\/deputadotaveirajr.com.br\/?s={search_term_string}\"},\"query-input\":{\"@type\":\"PropertyValueSpecification\",\"valueRequired\":true,\"valueName\":\"search_term_string\"}}],\"inLanguage\":\"pt-BR\"},{\"@type\":\"Organization\",\"@id\":\"https:\/\/deputadotaveirajr.com.br\/#organization\",\"name\":\"Taveira Jr\",\"url\":\"https:\/\/deputadotaveirajr.com.br\/\",\"logo\":{\"@type\":\"ImageObject\",\"inLanguage\":\"pt-BR\",\"@id\":\"https:\/\/deputadotaveirajr.com.br\/#\/schema\/logo\/image\/\",\"url\":\"https:\/\/deputadotaveirajr.com.br\/wp-content\/uploads\/2026\/01\/logolow2a.png\",\"contentUrl\":\"https:\/\/deputadotaveirajr.com.br\/wp-content\/uploads\/2026\/01\/logolow2a.png\",\"width\":290,\"height\":80,\"caption\":\"Taveira Jr\"},\"image\":{\"@id\":\"https:\/\/deputadotaveirajr.com.br\/#\/schema\/logo\/image\/\"}}]}<\/script>\n<!-- \/ Yoast SEO plugin. -->","yoast_head_json":{"title":"Natal amplia vacina\u00e7\u00e3o contra HPV para pessoas com at\u00e9 19 anos - Taveira Jr","robots":{"index":"index","follow":"follow","max-snippet":"max-snippet:-1","max-image-preview":"max-image-preview:large","max-video-preview":"max-video-preview:-1"},"canonical":"https:\/\/deputadotaveirajr.com.br\/index.php\/natal-amplia-vacinacao-contra-hpv-para-pessoas-com-ate-19-anos\/","og_locale":"pt_BR","og_type":"article","og_title":"Natal amplia vacina\u00e7\u00e3o contra HPV para pessoas com at\u00e9 19 anos - Taveira Jr","og_description":"Imuniza\u00e7\u00e3o previne infec\u00e7\u00e3o sexualmente transmiss\u00edvel que pode causar c\u00e2ncer. Vacina \u00e9 aplicada em p\u00fablico a partir dos 9 anos de idade. Vacina contra HPV Getty Images A Prefeitura de Natal ...","og_url":"https:\/\/deputadotaveirajr.com.br\/index.php\/natal-amplia-vacinacao-contra-hpv-para-pessoas-com-ate-19-anos\/","og_site_name":"Taveira Jr","og_image":[{"url":"https:\/\/s2-g1.glbimg.com\/zuh_vezRNiYJhWdeT6w5pFQ-Erg=\/i.s3.glbimg.com\/v1\/AUTH_59edd422c0c84a879bd37670ae4f538a\/internal_photos\/bs\/2024\/w\/D\/VoX32XQ9iBxUqTwX5wew\/cancer.jpeg","type":"","width":"","height":""}],"twitter_card":"summary_large_image","twitter_misc":{"Est. tempo de leitura":"2 minutos"},"schema":{"@context":"https:\/\/schema.org","@graph":[{"@type":"WebPage","@id":"https:\/\/deputadotaveirajr.com.br\/index.php\/natal-amplia-vacinacao-contra-hpv-para-pessoas-com-ate-19-anos\/","url":"https:\/\/deputadotaveirajr.com.br\/index.php\/natal-amplia-vacinacao-contra-hpv-para-pessoas-com-ate-19-anos\/","name":"Natal amplia vacina\u00e7\u00e3o contra HPV para pessoas com at\u00e9 19 anos - Taveira Jr","isPartOf":{"@id":"https:\/\/deputadotaveirajr.com.br\/#website"},"primaryImageOfPage":{"@id":"https:\/\/deputadotaveirajr.com.br\/index.php\/natal-amplia-vacinacao-contra-hpv-para-pessoas-com-ate-19-anos\/#primaryimage"},"image":{"@id":"https:\/\/deputadotaveirajr.com.br\/index.php\/natal-amplia-vacinacao-contra-hpv-para-pessoas-com-ate-19-anos\/#primaryimage"},"thumbnailUrl":"https:\/\/deputadotaveirajr.com.br\/wp-content\/uploads\/2025\/02\/cancer-hc5uej.jpeg","datePublished":"2025-02-05T10:35:12+00:00","breadcrumb":{"@id":"https:\/\/deputadotaveirajr.com.br\/index.php\/natal-amplia-vacinacao-contra-hpv-para-pessoas-com-ate-19-anos\/#breadcrumb"},"inLanguage":"pt-BR","potentialAction":[{"@type":"ReadAction","target":["https:\/\/deputadotaveirajr.com.br\/index.php\/natal-amplia-vacinacao-contra-hpv-para-pessoas-com-ate-19-anos\/"]}]},{"@type":"ImageObject","inLanguage":"pt-BR","@id":"https:\/\/deputadotaveirajr.com.br\/index.php\/natal-amplia-vacinacao-contra-hpv-para-pessoas-com-ate-19-anos\/#primaryimage","url":"https:\/\/deputadotaveirajr.com.br\/wp-content\/uploads\/2025\/02\/cancer-hc5uej.jpeg","contentUrl":"https:\/\/deputadotaveirajr.com.br\/wp-content\/uploads\/2025\/02\/cancer-hc5uej.jpeg","width":777,"height":512},{"@type":"BreadcrumbList","@id":"https:\/\/deputadotaveirajr.com.br\/index.php\/natal-amplia-vacinacao-contra-hpv-para-pessoas-com-ate-19-anos\/#breadcrumb","itemListElement":[{"@type":"ListItem","position":1,"name":"In\u00edcio","item":"https:\/\/deputadotaveirajr.com.br\/"},{"@type":"ListItem","position":2,"name":"Natal amplia vacina\u00e7\u00e3o contra HPV para pessoas com at\u00e9 19 anos"}]},{"@type":"WebSite","@id":"https:\/\/deputadotaveirajr.com.br\/#website","url":"https:\/\/deputadotaveirajr.com.br\/","name":"Taveira Jr","description":"Deputado Estadual","publisher":{"@id":"https:\/\/deputadotaveirajr.com.br\/#organization"},"potentialAction":[{"@type":"SearchAction","target":{"@type":"EntryPoint","urlTemplate":"https:\/\/deputadotaveirajr.com.br\/?s={search_term_string}"},"query-input":{"@type":"PropertyValueSpecification","valueRequired":true,"valueName":"search_term_string"}}],"inLanguage":"pt-BR"},{"@type":"Organization","@id":"https:\/\/deputadotaveirajr.com.br\/#organization","name":"Taveira Jr","url":"https:\/\/deputadotaveirajr.com.br\/","logo":{"@type":"ImageObject","inLanguage":"pt-BR","@id":"https:\/\/deputadotaveirajr.com.br\/#\/schema\/logo\/image\/","url":"https:\/\/deputadotaveirajr.com.br\/wp-content\/uploads\/2026\/01\/logolow2a.png","contentUrl":"https:\/\/deputadotaveirajr.com.br\/wp-content\/uploads\/2026\/01\/logolow2a.png","width":290,"height":80,"caption":"Taveira Jr"},"image":{"@id":"https:\/\/deputadotaveirajr.com.br\/#\/schema\/logo\/image\/"}}]}},"_links":{"self":[{"href":"https:\/\/deputadotaveirajr.com.br\/index.php\/wp-json\/wp\/v2\/pages\/12164","targetHints":{"allow":["GET"]}}],"collection":[{"href":"https:\/\/deputadotaveirajr.com.br\/index.php\/wp-json\/wp\/v2\/pages"}],"about":[{"href":"https:\/\/deputadotaveirajr.com.br\/index.php\/wp-json\/wp\/v2\/types\/page"}],"replies":[{"embeddable":true,"href":"https:\/\/deputadotaveirajr.com.br\/index.php\/wp-json\/wp\/v2\/comments?post=12164"}],"version-history":[{"count":0,"href":"https:\/\/deputadotaveirajr.com.br\/index.php\/wp-json\/wp\/v2\/pages\/12164\/revisions"}],"wp:featuredmedia":[{"embeddable":true,"href":"https:\/\/deputadotaveirajr.com.br\/index.php\/wp-json\/wp\/v2\/media\/12165"}],"wp:attachment":[{"href":"https:\/\/deputadotaveirajr.com.br\/index.php\/wp-json\/wp\/v2\/media?parent=12164"}],"curies":[{"name":"wp","href":"https:\/\/api.w.org\/{rel}","templated":true}]}}