{"id":12170,"date":"2025-02-04T19:18:24","date_gmt":"2025-02-04T22:18:24","guid":{"rendered":"https:\/\/deputadotaveirajr.com.br\/index.php\/video-mostra-assassinato-de-ex-prefeito-de-sao-pedro-em-natal\/"},"modified":"2025-02-04T19:18:24","modified_gmt":"2025-02-04T22:18:24","slug":"video-mostra-assassinato-de-ex-prefeito-de-sao-pedro-em-natal","status":"publish","type":"page","link":"https:\/\/deputadotaveirajr.com.br\/index.php\/video-mostra-assassinato-de-ex-prefeito-de-sao-pedro-em-natal\/","title":{"rendered":"V\u00eddeo mostra assassinato de ex-prefeito de S\u00e3o Pedro em Natal"},"content":{"rendered":"<p><img decoding=\"async\" src=\"https:\/\/s2-g1.glbimg.com\/1VJYCqP2CYTfkcQO-ZMdXZ6_irY=\/i.s3.glbimg.com\/v1\/AUTH_59edd422c0c84a879bd37670ae4f538a\/internal_photos\/bs\/2025\/W\/g\/ZhUzr0R8KECL6pdn5mzg\/captura-de-tela-2025-02-04-191628.png\" \/><br \/>     Crime aconteceu na noite desta segunda-feira (3) no Largo do Atheneu, em uma \u00e1rea nobre da cidade. Miguel Cabral Nasser tinha 49 anos de idade. V\u00eddeo mostra assassinato de ex-prefeito de S\u00e3o Pedro em Natal<br \/>\nV\u00eddeos de c\u00e2meras de seguran\u00e7a flagraram o assassinato de Miguel Cabral Nasser, ex-prefeito de S\u00e3o Pedro (RN), de 49 anos de idade, na noite desta segunda-feira (3), em Natal.  O v\u00eddeo foi editado e borrado por conter imagens fortes (veja acima).<br \/>\nMiguel Cabral estava em uma cigarreira &#8211; como s\u00e3o chamados alguns com\u00e9rcios de refei\u00e7\u00f5es e bebidas em \u00e1rea aberta em Natal &#8211; no Largo do Atheneu, em uma regi\u00e3o nobre da cidade, quando foi alvo de disparos de arma de fogo.<br \/>\n\ud83d\udcf3Participe do canal do g1 RN no WhatsApp<br \/>\nAs c\u00e2meras de seguran\u00e7a da regi\u00e3o mostraram que tr\u00eas suspeitos pararam o carro em uma rua lateral \u00e0 qual o crime aconteceu e em seguida andaram at\u00e9 a cigarreira.<br \/>\nDois dos criminosos se mantiveram na frente e atiraram contra o ex-prefeito a poucos metros de dist\u00e2ncia. Eles sacaram as armas j\u00e1 pr\u00f3ximos \u00e0 cigarreira.<br \/>\nO outro homem se posicionou do lado contr\u00e1rio do estabelecimento e tamb\u00e9m atirou contra Miguel Cabral durante a a\u00e7\u00e3o criminosa.<br \/>\nNo v\u00eddeo, foi poss\u00edvel ver que um idoso, que estava na mesa com o ex-prefeito, correu e chegou a cair no ch\u00e3o da rua ap\u00f3s os disparos.<br \/>\n&#8220;Eu estava sentado na mesa com mais dois amigos, e Miguel [Cabral] chegou. Quinze minutos depois chegaram dois caras e meteram bala em todo mundo, de cara limpa. Inclusive atirou em mim. Acho que n\u00e3o tinha mais bala, alguma coisa assim. Eu pulei no ch\u00e3o&#8221;, disse o idoso, que preferiu n\u00e3o se identificar.<br \/>\nEx-prefeito foi morto a tiros em Petr\u00f3polis<br \/>\nReprodu\u00e7\u00e3o\/Inter TV Cabugi<br \/>\nLEIA TAMB\u00c9M<br \/>\nHIST\u00d3RICO: Ex-prefeito assassinado no RN j\u00e1 foi denunciado por homic\u00eddio e por porte ilegal de arma de fogo<br \/>\nEntenda melhor, na reportagem abaixo, a din\u00e2mica do crime:<br \/>\nC\u00e2meras de seguran\u00e7a mostram assassinato de ex-prefeito de S\u00e3o Pedro; veja din\u00e2mica<br \/>\nLevado para hospital particular<br \/>\nMiguel Cabral chegou a ser levado no pr\u00f3prio carro para um hospital particular de Natal, mas n\u00e3o resistiu aos ferimentos e morreu pouco depois.<br \/>\nOutras duas pessoas que estavam na mesa de Miguel Cabral foram baleadas nas pernas e levadas para o hospital. Elas passaram por cirurgias, ficando fora de perigo.<br \/>\nA Pol\u00edcia Civil informou que encontrou mais de 30 c\u00e1psulas usadas no local, de armas de calibre 9 mil\u00edmetros e ponto 40.<br \/>\nAp\u00f3s os disparos, os criminosos correreram e entraram no carro em que haviam chegado, fugindo do local. Eles n\u00e3o haviam sido detidos at\u00e9 a atualiza\u00e7\u00e3o mais recente da reportagem.<br \/>\nMiguel Cabral foi prefeito de S\u00e3o Pedro, cidade distante cerca de 60 quil\u00f4metros de Natal, por dois mandatos, de 2017 a 2024.<br \/>\nO vel\u00f3rio do ex-prefeito come\u00e7ou nesta ter\u00e7a (4), em Natal, e o corpo tem previs\u00e3o de ser enterrado na quarta (5), em um cemit\u00e9rio particular em Parnamirim.<br \/>\nMiguel Cabral, ex-prefeito de S\u00e3o Pedro<br \/>\nRedes sociais<br \/>\nPol\u00edcia investiga caso; governadora se pronuncia<br \/>\nEm nota, a Pol\u00edcia Civil informou que &#8220;que priorizar\u00e1 a elucida\u00e7\u00e3o deste delito&#8221;.  Segundo a corpora\u00e7\u00e3o, a Divis\u00e3o de Homic\u00eddios e Prote\u00e7\u00e3o \u00e0 Pessoa (DHPP) foi acionada, realizou a investiga\u00e7\u00e3o preliminar no local de crime e efetuou as primeiras dilig\u00eancias na noite de segunda.<br \/>\nNa \u00faltima atualiza\u00e7\u00e3o, a Pol\u00edcia Civil informou que a motiva\u00e7\u00e3o do crime ainda estava sendo apurada.<br \/>\nA governadora do Rio Grande do Norte, F\u00e1tima Bezerra, informou pelas redes sociais que determinou &#8220;total empenho das for\u00e7as de seguran\u00e7a no caso&#8221;.<br \/>\n&#8220;Nenhum tipo de viol\u00eancia, principalmente contra a vida, ser\u00e1 tolerada. N\u00e3o h\u00e1 mais espa\u00e7o para isso no nosso RN&#8221;, completou.<br \/>\nEx-prefeito de cidade do interior do RN e outras duas pessoas s\u00e3o baleadas no Largo do Atheneu, em Natal<br \/>\nKl\u00e9ber Teixeira\/Inter TV Cabugi<br \/>\nV\u00eddeos mais assistidos do g1 RN<\/p>","protected":false},"excerpt":{"rendered":"<p>Crime aconteceu na noite desta segunda-feira (3) no Largo do Atheneu, em uma \u00e1rea nobre da cidade. Miguel Cabral Nasser tinha 49 anos de idade. V\u00eddeo mostra assassinato de ex-prefeito &#8230;<\/p>\n","protected":false},"author":0,"featured_media":12171,"parent":0,"menu_order":0,"comment_status":"closed","ping_status":"closed","template":"","meta":{"footnotes":""},"class_list":["post-12170","page","type-page","status-publish","has-post-thumbnail","hentry"],"yoast_head":"<!-- This site is optimized with the Yoast SEO plugin v27.1.1 - https:\/\/yoast.com\/product\/yoast-seo-wordpress\/ -->\n<title>V\u00eddeo mostra assassinato de ex-prefeito de S\u00e3o Pedro em Natal - Taveira Jr<\/title>\n<meta name=\"robots\" content=\"index, follow, max-snippet:-1, max-image-preview:large, max-video-preview:-1\" \/>\n<link rel=\"canonical\" href=\"https:\/\/deputadotaveirajr.com.br\/index.php\/video-mostra-assassinato-de-ex-prefeito-de-sao-pedro-em-natal\/\" \/>\n<meta property=\"og:locale\" content=\"pt_BR\" \/>\n<meta property=\"og:type\" content=\"article\" \/>\n<meta property=\"og:title\" content=\"V\u00eddeo mostra assassinato de ex-prefeito de S\u00e3o Pedro em Natal - Taveira Jr\" \/>\n<meta property=\"og:description\" content=\"Crime aconteceu na noite desta segunda-feira (3) no Largo do Atheneu, em uma \u00e1rea nobre da cidade. Miguel Cabral Nasser tinha 49 anos de idade. V\u00eddeo mostra assassinato de ex-prefeito ...\" \/>\n<meta property=\"og:url\" content=\"https:\/\/deputadotaveirajr.com.br\/index.php\/video-mostra-assassinato-de-ex-prefeito-de-sao-pedro-em-natal\/\" \/>\n<meta property=\"og:site_name\" content=\"Taveira Jr\" \/>\n<meta property=\"og:image\" content=\"https:\/\/s2-g1.glbimg.com\/1VJYCqP2CYTfkcQO-ZMdXZ6_irY=\/i.s3.glbimg.com\/v1\/AUTH_59edd422c0c84a879bd37670ae4f538a\/internal_photos\/bs\/2025\/W\/g\/ZhUzr0R8KECL6pdn5mzg\/captura-de-tela-2025-02-04-191628.png\" \/>\n<meta name=\"twitter:card\" content=\"summary_large_image\" \/>\n<meta name=\"twitter:label1\" content=\"Est. tempo de leitura\" \/>\n\t<meta name=\"twitter:data1\" content=\"3 minutos\" \/>\n<script type=\"application\/ld+json\" class=\"yoast-schema-graph\">{\"@context\":\"https:\/\/schema.org\",\"@graph\":[{\"@type\":\"WebPage\",\"@id\":\"https:\/\/deputadotaveirajr.com.br\/index.php\/video-mostra-assassinato-de-ex-prefeito-de-sao-pedro-em-natal\/\",\"url\":\"https:\/\/deputadotaveirajr.com.br\/index.php\/video-mostra-assassinato-de-ex-prefeito-de-sao-pedro-em-natal\/\",\"name\":\"V\u00eddeo mostra assassinato de ex-prefeito de S\u00e3o Pedro em Natal - Taveira Jr\",\"isPartOf\":{\"@id\":\"https:\/\/deputadotaveirajr.com.br\/#website\"},\"primaryImageOfPage\":{\"@id\":\"https:\/\/deputadotaveirajr.com.br\/index.php\/video-mostra-assassinato-de-ex-prefeito-de-sao-pedro-em-natal\/#primaryimage\"},\"image\":{\"@id\":\"https:\/\/deputadotaveirajr.com.br\/index.php\/video-mostra-assassinato-de-ex-prefeito-de-sao-pedro-em-natal\/#primaryimage\"},\"thumbnailUrl\":\"https:\/\/deputadotaveirajr.com.br\/wp-content\/uploads\/2025\/02\/captura-de-tela-2025-02-04-191628-Mxn9oF.jpeg\",\"datePublished\":\"2025-02-04T22:18:24+00:00\",\"breadcrumb\":{\"@id\":\"https:\/\/deputadotaveirajr.com.br\/index.php\/video-mostra-assassinato-de-ex-prefeito-de-sao-pedro-em-natal\/#breadcrumb\"},\"inLanguage\":\"pt-BR\",\"potentialAction\":[{\"@type\":\"ReadAction\",\"target\":[\"https:\/\/deputadotaveirajr.com.br\/index.php\/video-mostra-assassinato-de-ex-prefeito-de-sao-pedro-em-natal\/\"]}]},{\"@type\":\"ImageObject\",\"inLanguage\":\"pt-BR\",\"@id\":\"https:\/\/deputadotaveirajr.com.br\/index.php\/video-mostra-assassinato-de-ex-prefeito-de-sao-pedro-em-natal\/#primaryimage\",\"url\":\"https:\/\/deputadotaveirajr.com.br\/wp-content\/uploads\/2025\/02\/captura-de-tela-2025-02-04-191628-Mxn9oF.jpeg\",\"contentUrl\":\"https:\/\/deputadotaveirajr.com.br\/wp-content\/uploads\/2025\/02\/captura-de-tela-2025-02-04-191628-Mxn9oF.jpeg\",\"width\":1683,\"height\":821},{\"@type\":\"BreadcrumbList\",\"@id\":\"https:\/\/deputadotaveirajr.com.br\/index.php\/video-mostra-assassinato-de-ex-prefeito-de-sao-pedro-em-natal\/#breadcrumb\",\"itemListElement\":[{\"@type\":\"ListItem\",\"position\":1,\"name\":\"In\u00edcio\",\"item\":\"https:\/\/deputadotaveirajr.com.br\/\"},{\"@type\":\"ListItem\",\"position\":2,\"name\":\"V\u00eddeo mostra assassinato de ex-prefeito de S\u00e3o Pedro em Natal\"}]},{\"@type\":\"WebSite\",\"@id\":\"https:\/\/deputadotaveirajr.com.br\/#website\",\"url\":\"https:\/\/deputadotaveirajr.com.br\/\",\"name\":\"Taveira Jr\",\"description\":\"Deputado Estadual\",\"publisher\":{\"@id\":\"https:\/\/deputadotaveirajr.com.br\/#organization\"},\"potentialAction\":[{\"@type\":\"SearchAction\",\"target\":{\"@type\":\"EntryPoint\",\"urlTemplate\":\"https:\/\/deputadotaveirajr.com.br\/?s={search_term_string}\"},\"query-input\":{\"@type\":\"PropertyValueSpecification\",\"valueRequired\":true,\"valueName\":\"search_term_string\"}}],\"inLanguage\":\"pt-BR\"},{\"@type\":\"Organization\",\"@id\":\"https:\/\/deputadotaveirajr.com.br\/#organization\",\"name\":\"Taveira Jr\",\"url\":\"https:\/\/deputadotaveirajr.com.br\/\",\"logo\":{\"@type\":\"ImageObject\",\"inLanguage\":\"pt-BR\",\"@id\":\"https:\/\/deputadotaveirajr.com.br\/#\/schema\/logo\/image\/\",\"url\":\"https:\/\/deputadotaveirajr.com.br\/wp-content\/uploads\/2026\/01\/logolow2a.png\",\"contentUrl\":\"https:\/\/deputadotaveirajr.com.br\/wp-content\/uploads\/2026\/01\/logolow2a.png\",\"width\":290,\"height\":80,\"caption\":\"Taveira Jr\"},\"image\":{\"@id\":\"https:\/\/deputadotaveirajr.com.br\/#\/schema\/logo\/image\/\"}}]}<\/script>\n<!-- \/ Yoast SEO plugin. -->","yoast_head_json":{"title":"V\u00eddeo mostra assassinato de ex-prefeito de S\u00e3o Pedro em Natal - Taveira Jr","robots":{"index":"index","follow":"follow","max-snippet":"max-snippet:-1","max-image-preview":"max-image-preview:large","max-video-preview":"max-video-preview:-1"},"canonical":"https:\/\/deputadotaveirajr.com.br\/index.php\/video-mostra-assassinato-de-ex-prefeito-de-sao-pedro-em-natal\/","og_locale":"pt_BR","og_type":"article","og_title":"V\u00eddeo mostra assassinato de ex-prefeito de S\u00e3o Pedro em Natal - Taveira Jr","og_description":"Crime aconteceu na noite desta segunda-feira (3) no Largo do Atheneu, em uma \u00e1rea nobre da cidade. Miguel Cabral Nasser tinha 49 anos de idade. V\u00eddeo mostra assassinato de ex-prefeito ...","og_url":"https:\/\/deputadotaveirajr.com.br\/index.php\/video-mostra-assassinato-de-ex-prefeito-de-sao-pedro-em-natal\/","og_site_name":"Taveira Jr","og_image":[{"url":"https:\/\/s2-g1.glbimg.com\/1VJYCqP2CYTfkcQO-ZMdXZ6_irY=\/i.s3.glbimg.com\/v1\/AUTH_59edd422c0c84a879bd37670ae4f538a\/internal_photos\/bs\/2025\/W\/g\/ZhUzr0R8KECL6pdn5mzg\/captura-de-tela-2025-02-04-191628.png","type":"","width":"","height":""}],"twitter_card":"summary_large_image","twitter_misc":{"Est. tempo de leitura":"3 minutos"},"schema":{"@context":"https:\/\/schema.org","@graph":[{"@type":"WebPage","@id":"https:\/\/deputadotaveirajr.com.br\/index.php\/video-mostra-assassinato-de-ex-prefeito-de-sao-pedro-em-natal\/","url":"https:\/\/deputadotaveirajr.com.br\/index.php\/video-mostra-assassinato-de-ex-prefeito-de-sao-pedro-em-natal\/","name":"V\u00eddeo mostra assassinato de ex-prefeito de S\u00e3o Pedro em Natal - Taveira Jr","isPartOf":{"@id":"https:\/\/deputadotaveirajr.com.br\/#website"},"primaryImageOfPage":{"@id":"https:\/\/deputadotaveirajr.com.br\/index.php\/video-mostra-assassinato-de-ex-prefeito-de-sao-pedro-em-natal\/#primaryimage"},"image":{"@id":"https:\/\/deputadotaveirajr.com.br\/index.php\/video-mostra-assassinato-de-ex-prefeito-de-sao-pedro-em-natal\/#primaryimage"},"thumbnailUrl":"https:\/\/deputadotaveirajr.com.br\/wp-content\/uploads\/2025\/02\/captura-de-tela-2025-02-04-191628-Mxn9oF.jpeg","datePublished":"2025-02-04T22:18:24+00:00","breadcrumb":{"@id":"https:\/\/deputadotaveirajr.com.br\/index.php\/video-mostra-assassinato-de-ex-prefeito-de-sao-pedro-em-natal\/#breadcrumb"},"inLanguage":"pt-BR","potentialAction":[{"@type":"ReadAction","target":["https:\/\/deputadotaveirajr.com.br\/index.php\/video-mostra-assassinato-de-ex-prefeito-de-sao-pedro-em-natal\/"]}]},{"@type":"ImageObject","inLanguage":"pt-BR","@id":"https:\/\/deputadotaveirajr.com.br\/index.php\/video-mostra-assassinato-de-ex-prefeito-de-sao-pedro-em-natal\/#primaryimage","url":"https:\/\/deputadotaveirajr.com.br\/wp-content\/uploads\/2025\/02\/captura-de-tela-2025-02-04-191628-Mxn9oF.jpeg","contentUrl":"https:\/\/deputadotaveirajr.com.br\/wp-content\/uploads\/2025\/02\/captura-de-tela-2025-02-04-191628-Mxn9oF.jpeg","width":1683,"height":821},{"@type":"BreadcrumbList","@id":"https:\/\/deputadotaveirajr.com.br\/index.php\/video-mostra-assassinato-de-ex-prefeito-de-sao-pedro-em-natal\/#breadcrumb","itemListElement":[{"@type":"ListItem","position":1,"name":"In\u00edcio","item":"https:\/\/deputadotaveirajr.com.br\/"},{"@type":"ListItem","position":2,"name":"V\u00eddeo mostra assassinato de ex-prefeito de S\u00e3o Pedro em Natal"}]},{"@type":"WebSite","@id":"https:\/\/deputadotaveirajr.com.br\/#website","url":"https:\/\/deputadotaveirajr.com.br\/","name":"Taveira Jr","description":"Deputado Estadual","publisher":{"@id":"https:\/\/deputadotaveirajr.com.br\/#organization"},"potentialAction":[{"@type":"SearchAction","target":{"@type":"EntryPoint","urlTemplate":"https:\/\/deputadotaveirajr.com.br\/?s={search_term_string}"},"query-input":{"@type":"PropertyValueSpecification","valueRequired":true,"valueName":"search_term_string"}}],"inLanguage":"pt-BR"},{"@type":"Organization","@id":"https:\/\/deputadotaveirajr.com.br\/#organization","name":"Taveira Jr","url":"https:\/\/deputadotaveirajr.com.br\/","logo":{"@type":"ImageObject","inLanguage":"pt-BR","@id":"https:\/\/deputadotaveirajr.com.br\/#\/schema\/logo\/image\/","url":"https:\/\/deputadotaveirajr.com.br\/wp-content\/uploads\/2026\/01\/logolow2a.png","contentUrl":"https:\/\/deputadotaveirajr.com.br\/wp-content\/uploads\/2026\/01\/logolow2a.png","width":290,"height":80,"caption":"Taveira Jr"},"image":{"@id":"https:\/\/deputadotaveirajr.com.br\/#\/schema\/logo\/image\/"}}]}},"_links":{"self":[{"href":"https:\/\/deputadotaveirajr.com.br\/index.php\/wp-json\/wp\/v2\/pages\/12170","targetHints":{"allow":["GET"]}}],"collection":[{"href":"https:\/\/deputadotaveirajr.com.br\/index.php\/wp-json\/wp\/v2\/pages"}],"about":[{"href":"https:\/\/deputadotaveirajr.com.br\/index.php\/wp-json\/wp\/v2\/types\/page"}],"replies":[{"embeddable":true,"href":"https:\/\/deputadotaveirajr.com.br\/index.php\/wp-json\/wp\/v2\/comments?post=12170"}],"version-history":[{"count":0,"href":"https:\/\/deputadotaveirajr.com.br\/index.php\/wp-json\/wp\/v2\/pages\/12170\/revisions"}],"wp:featuredmedia":[{"embeddable":true,"href":"https:\/\/deputadotaveirajr.com.br\/index.php\/wp-json\/wp\/v2\/media\/12171"}],"wp:attachment":[{"href":"https:\/\/deputadotaveirajr.com.br\/index.php\/wp-json\/wp\/v2\/media?parent=12170"}],"curies":[{"name":"wp","href":"https:\/\/api.w.org\/{rel}","templated":true}]}}