{"id":12178,"date":"2025-02-05T14:50:32","date_gmt":"2025-02-05T17:50:32","guid":{"rendered":"https:\/\/deputadotaveirajr.com.br\/index.php\/listas-de-presenca-em-eventos-audios-de-whatsapp-e-demissoes-o-que-levou-o-mp-a-denunciar-prefeito-vice-e-ex-prefeito-de-natal-por-abuso-de-poder-politico\/"},"modified":"2025-02-05T14:50:32","modified_gmt":"2025-02-05T17:50:32","slug":"listas-de-presenca-em-eventos-audios-de-whatsapp-e-demissoes-o-que-levou-o-mp-a-denunciar-prefeito-vice-e-ex-prefeito-de-natal-por-abuso-de-poder-politico","status":"publish","type":"page","link":"https:\/\/deputadotaveirajr.com.br\/index.php\/listas-de-presenca-em-eventos-audios-de-whatsapp-e-demissoes-o-que-levou-o-mp-a-denunciar-prefeito-vice-e-ex-prefeito-de-natal-por-abuso-de-poder-politico\/","title":{"rendered":"Listas de presen\u00e7a em eventos, \u00e1udios de whatsapp e demiss\u00f5es: o que levou o MP a denunciar prefeito, vice e ex-prefeito de Natal por abuso de poder pol\u00edtico"},"content":{"rendered":"<p><img decoding=\"async\" src=\"https:\/\/s2-g1.glbimg.com\/F8lMFO4ArHTkie4UrzzGyeS9iCc=\/i.s3.glbimg.com\/v1\/AUTH_59edd422c0c84a879bd37670ae4f538a\/internal_photos\/bs\/2024\/8\/X\/VwoOUNTSmDfMM92lCiPg\/paulinho-02.jpeg\" \/><br \/>     Segundo o MP, gest\u00e3o de \u00c1lvaro Dias usou m\u00e1quina p\u00fablica para garantir apoio a candidatos apoiados pelo ex-prefeito.  Joanna Guerra (Republicanos), vice-prefeita de Natal; Paulinho Freire (Uni\u00e3o Brasil), atual prefeito; e \u00c1lvaro Dias (Republicanos)<br \/>\nKleber Teixeira\/Inter TV Cabugi<br \/>\nListas de presen\u00e7as em eventos pol\u00edticos assinadas por servidores terceirizados, \u00e1udios de whatsapp ou at\u00e9 mesmo gravados em reuni\u00f5es, demiss\u00f5es de trabalhadores e depoimentos de testemunhas. A an\u00e1lise de materiais como esses foi o que levou o Minist\u00e9rio P\u00fablico do Rio Grande do Norte a denunciar o prefeito de Natal, Paulinho Freire (Uni\u00e3o Brasil), a vice Joanna Guerra, o ex-prefeito \u00c1lvaro Dias e os vereadores Daniel Rendall e Irapo\u00e3 N\u00f3brega (todos estes do Republicanos) por abuso de poder pol\u00edtico nas elei\u00e7\u00f5es municipais de 2024.<br \/>\nO Minist\u00e9rio P\u00fablico tamb\u00e9m apresentou como provas documentos apreendidos na sede do partido Republicanos, que comprovariam a presta\u00e7\u00e3o de servi\u00e7os p\u00fablicos e contrata\u00e7\u00e3o de pessoas para as secretarias municipais de acordo com interesse eleitoral.<br \/>\nA a\u00e7\u00e3o pede a cassa\u00e7\u00e3o dos diplomas do atual prefeito, da vice-prefeita e dos vereadores eleitos, al\u00e9m de inelegibilidade de todos e do ex-prefeito pelo per\u00edodo de oito anos.<br \/>\nNa den\u00fancia acessada pelo g1, o MP aponta ind\u00edcios de que servidores comissionados e terceirizados foram cooptados para apoiar os candidatos a vereador Daniell Rendall e Irapo\u00e3 N\u00f3brega, al\u00e9m do ent\u00e3o candidato a prefeito, Paulinho Freire, e da candidata a vice-prefeita, Joanna de Oliveira Guerra.<br \/>\nNa \u00faltima segunda-feira (3), ap\u00f3s a divulga\u00e7\u00e3o da den\u00fancia, os citados disseram que n\u00e3o h\u00e1 provas ou ind\u00edcios do cometimento de ilegalidades no processo. Veja o posicionamento de todos eles aqui.<br \/>\nEm geral, o MP aponta que principalmente servidores terceirizados e comissionados de Natal foram &#8220;obrigados&#8221; a participarem de reuni\u00f5es pol\u00edticas e demonstrarem apoio aos candidatos indicados nas redes sociais, sob amea\u00e7a de serem demitidos se n\u00e3o cumprissem a regra.<br \/>\nAmea\u00e7a de demiss\u00e3o na Arsban<br \/>\nUm dos \u00e1udios usados na den\u00fancia \u00e9 uma grava\u00e7\u00e3o do diretor da Ag\u00eancia Reguladora de Servi\u00e7os de Saneamento B\u00e1sico do Munic\u00edpio de Natal (Arsban), Victor Di\u00f3genes, que \u00e9 cunhado de \u00c1lvaro Dias, durante reuni\u00e3o com os servidores no dia 9 de agosto.<br \/>\nNo encontro, ele teria feito amea\u00e7a de demiss\u00e3o a servidores comissionados e terceirizados que n\u00e3o se posicionassem a favor dos candidatos indicados pelo prefeoto.<br \/>\n&#8220;Se algu\u00e9m tiver um posicionamento diferente, me avise. Vai ter que colocar o cargo \u00e0 disposi\u00e7\u00e3o, porque, sen\u00e3o, vai sobrar para mim. Se eu n\u00e3o consigo liderar, se eu n\u00e3o consigo coordenar quem trabalha comigo, ent\u00e3o n\u00e3o estou apto a desempenhar essa fun\u00e7\u00e3o. Vitor, eu n\u00e3o concordo, eu quero votar em Carlos Eduardo, Rafael Mota, Nat\u00e1lia Bonavides, fa\u00e7a uma gentileza, seja honesto consigo pr\u00f3prio, comigo e com toda equipe. Diga, olhe Vitor, eu t\u00f4 entregando porque eu vou trabalhar com outra campanha, porque sen\u00e3o vai ficar chato, vai chegar um aviso, vai chegar a demiss\u00e3o e vai ficar chateado comigo&#8221;, diz a transcri\u00e7\u00e3o do \u00e1udio colocada no processo.<br \/>\n&#8220;Hoje \u00e0 tarde, tudo indica que vai ter uma reuni\u00e3o pol\u00edtica, o Prefeito convocou a todos, n\u00e3o s\u00f3 a ARSBAN, todas as Secretarias (&#8230;) quem n\u00e3o for, vai ter que justificar, porque n\u00e3o foi e se est\u00e1 desse lado, do lado da atual gest\u00e3o, e se n\u00e3o est\u00e1, pode deixar \u00e0 disposi\u00e7\u00e3o que naturalmente vai vir outra pessoa para o seu lugar (&#8230;) a n\u00e3o ser os efetivos, todos s\u00e3o demiss\u00edveis&#8221;, diz outro trecho.<br \/>\nPor causa do \u00e1udio, Victor j\u00e1 tinha sido denunciado por ass\u00e9dio eleitoral ainda durante a disputa pelo segundo turno das elei\u00e7\u00f5es. A den\u00fancia partiu do Minist\u00e9rio P\u00fablico do Trabalho. Ele foi exonerado do cargo, mas acabou renomeado para a mesma fun\u00e7\u00e3o no dia 1\u00ba de novembro.<br \/>\nEm depoimento, um servidor terceirizado demitido no dia 8 de outubro disse que motoristas da ag\u00eancia tamb\u00e9m transportavam os servidores em carros oficiais at\u00e9 locais de eventos pol\u00edticos e trabalhavam para a campanha em hor\u00e1rio de expediente. O homem afirmou que n\u00e3o participou dos eventos pol\u00edticos e, por isso, foi questionado pelo diretor.<br \/>\nEduca\u00e7\u00e3o<br \/>\nSede da Secretaria Municipal de Educa\u00e7\u00e3o de Natal<br \/>\nS\u00e9rgio Henrique Santos\/Inter TV Cabugi<br \/>\nSegundo o MP, ainda em 2023, o \u00f3rg\u00e3o recebeu den\u00fancia de que o ent\u00e3o diretor de Recursos Humanos da Secretaria Municipal de Educa\u00e7\u00e3o, Daniell Victor Rendall, realizava campanha pol\u00edtica eleitoral disfar\u00e7ada de palestras para os terceirizados da pasta.<br \/>\nO MP tamb\u00e9m incluiu na a\u00e7\u00e3o o \u00e1udio gravado durante reuni\u00e3o que teria sido realizada pelo pol\u00edtico dentro de uma empresa contratada pelo munic\u00edpio, em que fez propaganda pol\u00edtica pedindo voto para ele e para o candidato a prefeito Paulinho Freire.<br \/>\n&#8220;O voto em Paulinho \u00e9 o voto na confian\u00e7a, o voto da credibilidade e essa gest\u00e3o vai continuar crescendo. Natal vai continuar crescendo, vai continuar evoluindo. E o voto em mim \u00e9 a certeza que voc\u00eas ter\u00e3o voz. Os meus amigos aqui, as pessoas que conhecem a minha hist\u00f3ria, o meu trabalho, desde 2013. S\u00e3o 11 (onze) anos que essa casa me conhece&#8221;, diz em parte do \u00e1udio.<br \/>\nEm outro \u00e1udio juntado \u00e0 decis\u00e3o, a diretora de uma escola afirma que adicionou os trabalhadores a um grupo de whatsapp a pedido do candidato.<br \/>\n&#8220;Daniel tem o nome de voc\u00eas e de quem est\u00e1 ligado a algum vereador; que ele me passou esses nomes, somente esses que est\u00e3o no grupo, que ele conta para a candidatura dele; que Daniel n\u00e3o tem o nome de voc\u00eas l\u00e1 agregado a nenhum pol\u00edtico; que ele est\u00e1 agregando o nome de voc\u00eas \u00e0 candidatura dele; ele  disse que s\u00e3o &#8216;pessoas que n\u00e3o se mexe'&#8221;, diz a diretora.<br \/>\n&#8220;Eu dou a voc\u00eas o conselho que eu dei a um colega de voc\u00eas h\u00e1 alguns dias atr\u00e1s e que quase era demitido &#8216;apoie o candidato que lhe mant\u00e9m aqui no emprego&#8217;, principalmente, nesse ano de pol\u00edtica&#8221;, diz outro trecho.<br \/>\nOutras den\u00fancias protocoladas por cidad\u00e3os no MP foram inclu\u00eddas no processo. Segundo os investigadores, o cen\u00e1rio demostra que os &#8220;servidores comissionados e empregados terceirizados estavam sendo pressionados para atuarem em favor da campanha eleitoral de Daniell Rendall, havendo um verdadeiro recrutamento de cabos eleitorais para a obten\u00e7\u00e3o de votos dentro dos \u00f3rg\u00e3os p\u00fablicos&#8221;.<br \/>\nAinda de acordo com a den\u00fancia, as convoca\u00e7\u00f5es para eventos eram &#8220;permeadas por amea\u00e7as impl\u00edcitas e expl\u00edcitas de repres\u00e1lias&#8221; que atingiam principalmente os empregados que possuem v\u00ednculo de natureza prec\u00e1ria. Em um dos convites aos servidores constava a frase dizendo que &#8220;quem \u00e9 visto (na reuni\u00e3o) \u00e9 lembrado&#8221;.<br \/>\nEm um dos encontros realizados pelo candidato, as pessoas precisavam assinar uma lista de presen\u00e7a, segundo constatou uma dilig\u00eancia do MPRN.<br \/>\n&#8220;Os diretores, pra conseguir as coisas, tinham que ser amigo dele. Entende? Apesar de, a maioria dos recursos n\u00e3o depender dele. Mas, tudo \u00e9 tr\u00e1fico de influ\u00eancia hoje em dia, at\u00e9 pra voc\u00ea assinar um papel, balan\u00e7ar a cabe\u00e7a, piscar o olho (&#8230;) Eu nunca tirei uma licen\u00e7a na minha vida. A diretora daqui que veio de l\u00e1, \u00e9 muito amiga dele. Eu tirei 6 meses pela primeira vez em 30 anos, porque ela foi l\u00e1 e ele mandou. Acho que vou votar nele\u201d, disse uma professora ao MP.<br \/>\nEm dilig\u00eancia durante evento de campanha, MPRN constatou que servidores tinham que assinar lista de presen\u00e7a<br \/>\nMPRN\/Reprodu\u00e7\u00e3o<br \/>\nNa den\u00fancia, o MP aponta que o ex-secret\u00e1rio de Servi\u00e7os Urbanos (Semsur), Irapo\u00e3 N\u00f3brega, eleito vereador, e pessoas ligadas a ele, teriam amea\u00e7ado o emprego de servidores terceirizados. O \u00f3rg\u00e3o juntou \u00e0 den\u00fancia depoimentos de ex-servidores que foram demitidos ao longo de 2024.<br \/>\nNos depoimentos, os trabalhadores informaram que tinham sido orientados a participar de eventos pol\u00edticos e fazerem postagens nas redes sociais favor\u00e1veis \u00e0s campanhas.<br \/>\nSegundo um dos depoimentos &#8220;os servidores que n\u00e3o iam para os referidos eventos j\u00e1 sabiam que seriam demitidos&#8221;.<br \/>\nRepublicanos<br \/>\nDe acordo com o MP, uma opera\u00e7\u00e3o que resultou na apreens\u00e3o de documentos na sede do partido Republicanos, ao qual pertencem \u00c1lvaro Dias e Joanna Guerra, encontrou lista de reuni\u00e3o do candidato Paulinho Freire e de Joanna com v\u00e1rios secret\u00e1rios vinculadas \u00e0 administra\u00e7\u00e3o p\u00fablica municipal.<br \/>\n&#8220;O compromisso sobredito evidencia a vincula\u00e7\u00e3o entre Paulinho Freire e Joanna Guerra com as chefias de v\u00e1rias pastas do Poder Executivo Municipal, sendo uma primeira prova de que a m\u00e1quina administrativa foi instada pelo Prefeito \u00c1lvaro Dias em favorecimento aos candidatos a Prefeito e Vice-Prefeita por ele apoiados, como tamb\u00e9m demonstra a ci\u00eancia inequ\u00edvoca dos candidatos Sr. Paulinho Freire e a Sra. Joanna Guerra acerca da movimenta\u00e7\u00e3o da m\u00e1quina administrativa, com fins eleitoreiros&#8221;, diz o MP.<br \/>\nO partido tamb\u00e9m mantinha listas de presen\u00e7as de servidores comissionados e terceirizados a reuni\u00f5es, com t\u00edtulos de &#8220;Amigos de&#8230;&#8221; seguido pelos nomes de secret\u00e1rios e outros ocupantes de cargos de confian\u00e7a da gest\u00e3o em praticamente todos os \u00f3rg\u00e3os e entidades vinculadas \u00e0 estrutura administrativa.<br \/>\nSegundo o MP, o t\u00edtulo &#8220;amigos de&#8230;&#8221; segue a mesma estrutura utilizada nos grupos de whatsApp criados na Arsban, no Procon, na Secretaria de Servi\u00e7os Urbanos e na Secretaria de Educa\u00e7\u00e3o.<br \/>\nPara o MP, ficou &#8220;claramente constatado&#8221; que os agentes pol\u00edticos foram designados para \u201cconduzir\u201d os servidores comissionados e empregados terceirizados subordinados a eles aos eventos pol\u00edticos realizados em favor dos candidatos a prefeito e vice, al\u00e9m de vereadores apoiados.<br \/>\nEntre os depoimentos, o MP colheu inclusive declara\u00e7\u00f5es da vereadora Margarete R\u00e9gia, do partido, que afirmou que se deparou com pelo menos tr\u00eas reuni\u00f5es do tipo, inclusive com servidores terceirizados fardados, na sede do partido.<br \/>\nEntre os documentos apreendidos, os investigadores tamb\u00e9m constataram que o partido mantinha controle a respeito de demandas feitos por lideran\u00e7as comunit\u00e1rias e a presta\u00e7\u00e3o de servi\u00e7os por parte das secretarias municipais, al\u00e9m de registros de reuni\u00f5es entre os representantes dos bairros e administra\u00e7\u00e3o.<br \/>\nSegundo o MP, essas lideran\u00e7as pol\u00edticas locais tamb\u00e9m indicavam candidatos para vagas em cargos comissionados e terceirizados no munic\u00edpio. Um dos documentos apreendidos na Secretaria de Assist\u00eancia Social orienta os respons\u00e1vei a entrevistar candidatos &#8220;para saber se j\u00e1 existem familiares j\u00e1 empregados, evitando que uma mesma casa tenham 2, 3 pessoas&#8221;.<br \/>\nPara o MP, os documentos deixam &#8220;evidente a distribui\u00e7\u00e3o de empregos (empregos terceirizados) no seio da administra\u00e7\u00e3o municipal, em troca de apoio pol\u00edtico&#8221;.<\/p>","protected":false},"excerpt":{"rendered":"<p>Segundo o MP, gest\u00e3o de \u00c1lvaro Dias usou m\u00e1quina p\u00fablica para garantir apoio a candidatos apoiados pelo ex-prefeito. Joanna Guerra (Republicanos), vice-prefeita de Natal; Paulinho Freire (Uni\u00e3o Brasil), atual prefeito; &#8230;<\/p>\n","protected":false},"author":0,"featured_media":12179,"parent":0,"menu_order":0,"comment_status":"closed","ping_status":"closed","template":"","meta":{"footnotes":""},"class_list":["post-12178","page","type-page","status-publish","has-post-thumbnail","hentry"],"yoast_head":"<!-- This site is optimized with the Yoast SEO plugin v27.1.1 - https:\/\/yoast.com\/product\/yoast-seo-wordpress\/ -->\n<title>Listas de presen\u00e7a em eventos, \u00e1udios de whatsapp e demiss\u00f5es: o que levou o MP a denunciar prefeito, vice e ex-prefeito de Natal por abuso de poder pol\u00edtico - Taveira Jr<\/title>\n<meta name=\"robots\" content=\"index, follow, max-snippet:-1, max-image-preview:large, max-video-preview:-1\" \/>\n<link rel=\"canonical\" href=\"https:\/\/deputadotaveirajr.com.br\/index.php\/listas-de-presenca-em-eventos-audios-de-whatsapp-e-demissoes-o-que-levou-o-mp-a-denunciar-prefeito-vice-e-ex-prefeito-de-natal-por-abuso-de-poder-politico\/\" \/>\n<meta property=\"og:locale\" content=\"pt_BR\" \/>\n<meta property=\"og:type\" content=\"article\" \/>\n<meta property=\"og:title\" content=\"Listas de presen\u00e7a em eventos, \u00e1udios de whatsapp e demiss\u00f5es: o que levou o MP a denunciar prefeito, vice e ex-prefeito de Natal por abuso de poder pol\u00edtico - Taveira Jr\" \/>\n<meta property=\"og:description\" content=\"Segundo o MP, gest\u00e3o de \u00c1lvaro Dias usou m\u00e1quina p\u00fablica para garantir apoio a candidatos apoiados pelo ex-prefeito. Joanna Guerra (Republicanos), vice-prefeita de Natal; Paulinho Freire (Uni\u00e3o Brasil), atual prefeito; ...\" \/>\n<meta property=\"og:url\" content=\"https:\/\/deputadotaveirajr.com.br\/index.php\/listas-de-presenca-em-eventos-audios-de-whatsapp-e-demissoes-o-que-levou-o-mp-a-denunciar-prefeito-vice-e-ex-prefeito-de-natal-por-abuso-de-poder-politico\/\" \/>\n<meta property=\"og:site_name\" content=\"Taveira Jr\" \/>\n<meta property=\"og:image\" content=\"https:\/\/s2-g1.glbimg.com\/F8lMFO4ArHTkie4UrzzGyeS9iCc=\/i.s3.glbimg.com\/v1\/AUTH_59edd422c0c84a879bd37670ae4f538a\/internal_photos\/bs\/2024\/8\/X\/VwoOUNTSmDfMM92lCiPg\/paulinho-02.jpeg\" \/>\n<meta name=\"twitter:card\" content=\"summary_large_image\" \/>\n<meta name=\"twitter:label1\" content=\"Est. tempo de leitura\" \/>\n\t<meta name=\"twitter:data1\" content=\"9 minutos\" \/>\n<script type=\"application\/ld+json\" class=\"yoast-schema-graph\">{\"@context\":\"https:\/\/schema.org\",\"@graph\":[{\"@type\":\"WebPage\",\"@id\":\"https:\/\/deputadotaveirajr.com.br\/index.php\/listas-de-presenca-em-eventos-audios-de-whatsapp-e-demissoes-o-que-levou-o-mp-a-denunciar-prefeito-vice-e-ex-prefeito-de-natal-por-abuso-de-poder-politico\/\",\"url\":\"https:\/\/deputadotaveirajr.com.br\/index.php\/listas-de-presenca-em-eventos-audios-de-whatsapp-e-demissoes-o-que-levou-o-mp-a-denunciar-prefeito-vice-e-ex-prefeito-de-natal-por-abuso-de-poder-politico\/\",\"name\":\"Listas de presen\u00e7a em eventos, \u00e1udios de whatsapp e demiss\u00f5es: o que levou o MP a denunciar prefeito, vice e ex-prefeito de Natal por abuso de poder pol\u00edtico - Taveira Jr\",\"isPartOf\":{\"@id\":\"https:\/\/deputadotaveirajr.com.br\/#website\"},\"primaryImageOfPage\":{\"@id\":\"https:\/\/deputadotaveirajr.com.br\/index.php\/listas-de-presenca-em-eventos-audios-de-whatsapp-e-demissoes-o-que-levou-o-mp-a-denunciar-prefeito-vice-e-ex-prefeito-de-natal-por-abuso-de-poder-politico\/#primaryimage\"},\"image\":{\"@id\":\"https:\/\/deputadotaveirajr.com.br\/index.php\/listas-de-presenca-em-eventos-audios-de-whatsapp-e-demissoes-o-que-levou-o-mp-a-denunciar-prefeito-vice-e-ex-prefeito-de-natal-por-abuso-de-poder-politico\/#primaryimage\"},\"thumbnailUrl\":\"https:\/\/deputadotaveirajr.com.br\/wp-content\/uploads\/2025\/02\/paulinho-02-HTHAsG.jpeg\",\"datePublished\":\"2025-02-05T17:50:32+00:00\",\"breadcrumb\":{\"@id\":\"https:\/\/deputadotaveirajr.com.br\/index.php\/listas-de-presenca-em-eventos-audios-de-whatsapp-e-demissoes-o-que-levou-o-mp-a-denunciar-prefeito-vice-e-ex-prefeito-de-natal-por-abuso-de-poder-politico\/#breadcrumb\"},\"inLanguage\":\"pt-BR\",\"potentialAction\":[{\"@type\":\"ReadAction\",\"target\":[\"https:\/\/deputadotaveirajr.com.br\/index.php\/listas-de-presenca-em-eventos-audios-de-whatsapp-e-demissoes-o-que-levou-o-mp-a-denunciar-prefeito-vice-e-ex-prefeito-de-natal-por-abuso-de-poder-politico\/\"]}]},{\"@type\":\"ImageObject\",\"inLanguage\":\"pt-BR\",\"@id\":\"https:\/\/deputadotaveirajr.com.br\/index.php\/listas-de-presenca-em-eventos-audios-de-whatsapp-e-demissoes-o-que-levou-o-mp-a-denunciar-prefeito-vice-e-ex-prefeito-de-natal-por-abuso-de-poder-politico\/#primaryimage\",\"url\":\"https:\/\/deputadotaveirajr.com.br\/wp-content\/uploads\/2025\/02\/paulinho-02-HTHAsG.jpeg\",\"contentUrl\":\"https:\/\/deputadotaveirajr.com.br\/wp-content\/uploads\/2025\/02\/paulinho-02-HTHAsG.jpeg\",\"width\":900,\"height\":655},{\"@type\":\"BreadcrumbList\",\"@id\":\"https:\/\/deputadotaveirajr.com.br\/index.php\/listas-de-presenca-em-eventos-audios-de-whatsapp-e-demissoes-o-que-levou-o-mp-a-denunciar-prefeito-vice-e-ex-prefeito-de-natal-por-abuso-de-poder-politico\/#breadcrumb\",\"itemListElement\":[{\"@type\":\"ListItem\",\"position\":1,\"name\":\"In\u00edcio\",\"item\":\"https:\/\/deputadotaveirajr.com.br\/\"},{\"@type\":\"ListItem\",\"position\":2,\"name\":\"Listas de presen\u00e7a em eventos, \u00e1udios de whatsapp e demiss\u00f5es: o que levou o MP a denunciar prefeito, vice e ex-prefeito de Natal por abuso de poder pol\u00edtico\"}]},{\"@type\":\"WebSite\",\"@id\":\"https:\/\/deputadotaveirajr.com.br\/#website\",\"url\":\"https:\/\/deputadotaveirajr.com.br\/\",\"name\":\"Taveira Jr\",\"description\":\"Deputado Estadual\",\"publisher\":{\"@id\":\"https:\/\/deputadotaveirajr.com.br\/#organization\"},\"potentialAction\":[{\"@type\":\"SearchAction\",\"target\":{\"@type\":\"EntryPoint\",\"urlTemplate\":\"https:\/\/deputadotaveirajr.com.br\/?s={search_term_string}\"},\"query-input\":{\"@type\":\"PropertyValueSpecification\",\"valueRequired\":true,\"valueName\":\"search_term_string\"}}],\"inLanguage\":\"pt-BR\"},{\"@type\":\"Organization\",\"@id\":\"https:\/\/deputadotaveirajr.com.br\/#organization\",\"name\":\"Taveira Jr\",\"url\":\"https:\/\/deputadotaveirajr.com.br\/\",\"logo\":{\"@type\":\"ImageObject\",\"inLanguage\":\"pt-BR\",\"@id\":\"https:\/\/deputadotaveirajr.com.br\/#\/schema\/logo\/image\/\",\"url\":\"https:\/\/deputadotaveirajr.com.br\/wp-content\/uploads\/2026\/01\/logolow2a.png\",\"contentUrl\":\"https:\/\/deputadotaveirajr.com.br\/wp-content\/uploads\/2026\/01\/logolow2a.png\",\"width\":290,\"height\":80,\"caption\":\"Taveira Jr\"},\"image\":{\"@id\":\"https:\/\/deputadotaveirajr.com.br\/#\/schema\/logo\/image\/\"}}]}<\/script>\n<!-- \/ Yoast SEO plugin. -->","yoast_head_json":{"title":"Listas de presen\u00e7a em eventos, \u00e1udios de whatsapp e demiss\u00f5es: o que levou o MP a denunciar prefeito, vice e ex-prefeito de Natal por abuso de poder pol\u00edtico - Taveira Jr","robots":{"index":"index","follow":"follow","max-snippet":"max-snippet:-1","max-image-preview":"max-image-preview:large","max-video-preview":"max-video-preview:-1"},"canonical":"https:\/\/deputadotaveirajr.com.br\/index.php\/listas-de-presenca-em-eventos-audios-de-whatsapp-e-demissoes-o-que-levou-o-mp-a-denunciar-prefeito-vice-e-ex-prefeito-de-natal-por-abuso-de-poder-politico\/","og_locale":"pt_BR","og_type":"article","og_title":"Listas de presen\u00e7a em eventos, \u00e1udios de whatsapp e demiss\u00f5es: o que levou o MP a denunciar prefeito, vice e ex-prefeito de Natal por abuso de poder pol\u00edtico - Taveira Jr","og_description":"Segundo o MP, gest\u00e3o de \u00c1lvaro Dias usou m\u00e1quina p\u00fablica para garantir apoio a candidatos apoiados pelo ex-prefeito. Joanna Guerra (Republicanos), vice-prefeita de Natal; Paulinho Freire (Uni\u00e3o Brasil), atual prefeito; ...","og_url":"https:\/\/deputadotaveirajr.com.br\/index.php\/listas-de-presenca-em-eventos-audios-de-whatsapp-e-demissoes-o-que-levou-o-mp-a-denunciar-prefeito-vice-e-ex-prefeito-de-natal-por-abuso-de-poder-politico\/","og_site_name":"Taveira Jr","og_image":[{"url":"https:\/\/s2-g1.glbimg.com\/F8lMFO4ArHTkie4UrzzGyeS9iCc=\/i.s3.glbimg.com\/v1\/AUTH_59edd422c0c84a879bd37670ae4f538a\/internal_photos\/bs\/2024\/8\/X\/VwoOUNTSmDfMM92lCiPg\/paulinho-02.jpeg","type":"","width":"","height":""}],"twitter_card":"summary_large_image","twitter_misc":{"Est. tempo de leitura":"9 minutos"},"schema":{"@context":"https:\/\/schema.org","@graph":[{"@type":"WebPage","@id":"https:\/\/deputadotaveirajr.com.br\/index.php\/listas-de-presenca-em-eventos-audios-de-whatsapp-e-demissoes-o-que-levou-o-mp-a-denunciar-prefeito-vice-e-ex-prefeito-de-natal-por-abuso-de-poder-politico\/","url":"https:\/\/deputadotaveirajr.com.br\/index.php\/listas-de-presenca-em-eventos-audios-de-whatsapp-e-demissoes-o-que-levou-o-mp-a-denunciar-prefeito-vice-e-ex-prefeito-de-natal-por-abuso-de-poder-politico\/","name":"Listas de presen\u00e7a em eventos, \u00e1udios de whatsapp e demiss\u00f5es: o que levou o MP a denunciar prefeito, vice e ex-prefeito de Natal por abuso de poder pol\u00edtico - Taveira Jr","isPartOf":{"@id":"https:\/\/deputadotaveirajr.com.br\/#website"},"primaryImageOfPage":{"@id":"https:\/\/deputadotaveirajr.com.br\/index.php\/listas-de-presenca-em-eventos-audios-de-whatsapp-e-demissoes-o-que-levou-o-mp-a-denunciar-prefeito-vice-e-ex-prefeito-de-natal-por-abuso-de-poder-politico\/#primaryimage"},"image":{"@id":"https:\/\/deputadotaveirajr.com.br\/index.php\/listas-de-presenca-em-eventos-audios-de-whatsapp-e-demissoes-o-que-levou-o-mp-a-denunciar-prefeito-vice-e-ex-prefeito-de-natal-por-abuso-de-poder-politico\/#primaryimage"},"thumbnailUrl":"https:\/\/deputadotaveirajr.com.br\/wp-content\/uploads\/2025\/02\/paulinho-02-HTHAsG.jpeg","datePublished":"2025-02-05T17:50:32+00:00","breadcrumb":{"@id":"https:\/\/deputadotaveirajr.com.br\/index.php\/listas-de-presenca-em-eventos-audios-de-whatsapp-e-demissoes-o-que-levou-o-mp-a-denunciar-prefeito-vice-e-ex-prefeito-de-natal-por-abuso-de-poder-politico\/#breadcrumb"},"inLanguage":"pt-BR","potentialAction":[{"@type":"ReadAction","target":["https:\/\/deputadotaveirajr.com.br\/index.php\/listas-de-presenca-em-eventos-audios-de-whatsapp-e-demissoes-o-que-levou-o-mp-a-denunciar-prefeito-vice-e-ex-prefeito-de-natal-por-abuso-de-poder-politico\/"]}]},{"@type":"ImageObject","inLanguage":"pt-BR","@id":"https:\/\/deputadotaveirajr.com.br\/index.php\/listas-de-presenca-em-eventos-audios-de-whatsapp-e-demissoes-o-que-levou-o-mp-a-denunciar-prefeito-vice-e-ex-prefeito-de-natal-por-abuso-de-poder-politico\/#primaryimage","url":"https:\/\/deputadotaveirajr.com.br\/wp-content\/uploads\/2025\/02\/paulinho-02-HTHAsG.jpeg","contentUrl":"https:\/\/deputadotaveirajr.com.br\/wp-content\/uploads\/2025\/02\/paulinho-02-HTHAsG.jpeg","width":900,"height":655},{"@type":"BreadcrumbList","@id":"https:\/\/deputadotaveirajr.com.br\/index.php\/listas-de-presenca-em-eventos-audios-de-whatsapp-e-demissoes-o-que-levou-o-mp-a-denunciar-prefeito-vice-e-ex-prefeito-de-natal-por-abuso-de-poder-politico\/#breadcrumb","itemListElement":[{"@type":"ListItem","position":1,"name":"In\u00edcio","item":"https:\/\/deputadotaveirajr.com.br\/"},{"@type":"ListItem","position":2,"name":"Listas de presen\u00e7a em eventos, \u00e1udios de whatsapp e demiss\u00f5es: o que levou o MP a denunciar prefeito, vice e ex-prefeito de Natal por abuso de poder pol\u00edtico"}]},{"@type":"WebSite","@id":"https:\/\/deputadotaveirajr.com.br\/#website","url":"https:\/\/deputadotaveirajr.com.br\/","name":"Taveira Jr","description":"Deputado Estadual","publisher":{"@id":"https:\/\/deputadotaveirajr.com.br\/#organization"},"potentialAction":[{"@type":"SearchAction","target":{"@type":"EntryPoint","urlTemplate":"https:\/\/deputadotaveirajr.com.br\/?s={search_term_string}"},"query-input":{"@type":"PropertyValueSpecification","valueRequired":true,"valueName":"search_term_string"}}],"inLanguage":"pt-BR"},{"@type":"Organization","@id":"https:\/\/deputadotaveirajr.com.br\/#organization","name":"Taveira Jr","url":"https:\/\/deputadotaveirajr.com.br\/","logo":{"@type":"ImageObject","inLanguage":"pt-BR","@id":"https:\/\/deputadotaveirajr.com.br\/#\/schema\/logo\/image\/","url":"https:\/\/deputadotaveirajr.com.br\/wp-content\/uploads\/2026\/01\/logolow2a.png","contentUrl":"https:\/\/deputadotaveirajr.com.br\/wp-content\/uploads\/2026\/01\/logolow2a.png","width":290,"height":80,"caption":"Taveira Jr"},"image":{"@id":"https:\/\/deputadotaveirajr.com.br\/#\/schema\/logo\/image\/"}}]}},"_links":{"self":[{"href":"https:\/\/deputadotaveirajr.com.br\/index.php\/wp-json\/wp\/v2\/pages\/12178","targetHints":{"allow":["GET"]}}],"collection":[{"href":"https:\/\/deputadotaveirajr.com.br\/index.php\/wp-json\/wp\/v2\/pages"}],"about":[{"href":"https:\/\/deputadotaveirajr.com.br\/index.php\/wp-json\/wp\/v2\/types\/page"}],"replies":[{"embeddable":true,"href":"https:\/\/deputadotaveirajr.com.br\/index.php\/wp-json\/wp\/v2\/comments?post=12178"}],"version-history":[{"count":0,"href":"https:\/\/deputadotaveirajr.com.br\/index.php\/wp-json\/wp\/v2\/pages\/12178\/revisions"}],"wp:featuredmedia":[{"embeddable":true,"href":"https:\/\/deputadotaveirajr.com.br\/index.php\/wp-json\/wp\/v2\/media\/12179"}],"wp:attachment":[{"href":"https:\/\/deputadotaveirajr.com.br\/index.php\/wp-json\/wp\/v2\/media?parent=12178"}],"curies":[{"name":"wp","href":"https:\/\/api.w.org\/{rel}","templated":true}]}}