{"id":12182,"date":"2025-02-05T20:10:46","date_gmt":"2025-02-05T23:10:46","guid":{"rendered":"https:\/\/deputadotaveirajr.com.br\/index.php\/promotor-de-justica-e-condenado-por-atropelamento-e-morte-de-medico-paraibano-no-litoral-do-rn\/"},"modified":"2025-02-05T20:10:46","modified_gmt":"2025-02-05T23:10:46","slug":"promotor-de-justica-e-condenado-por-atropelamento-e-morte-de-medico-paraibano-no-litoral-do-rn","status":"publish","type":"page","link":"https:\/\/deputadotaveirajr.com.br\/index.php\/promotor-de-justica-e-condenado-por-atropelamento-e-morte-de-medico-paraibano-no-litoral-do-rn\/","title":{"rendered":"Promotor de Justi\u00e7a \u00e9 condenado por atropelamento e morte de m\u00e9dico paraibano no litoral do RN"},"content":{"rendered":"<p><img decoding=\"async\" src=\"https:\/\/s2-g1.glbimg.com\/NmHji5UVSVmloM5PdBAxb81xElw=\/i.s3.glbimg.com\/v1\/AUTH_59edd422c0c84a879bd37670ae4f538a\/internal_photos\/bs\/2021\/T\/b\/vmc4BTT6yBAgv4qJEcbQ\/ugo.png\" \/><br \/>     Caso aconteceu em 2 de novembro de 2018. Promotor foi condenado por homic\u00eddio culposo e a pena \u00e9 de 5 anos em regime semiaberto. M\u00e9dico Ugo Lemos Guimar\u00e3es morreu ap\u00f3s ser atropelado<br \/>\nTV Cabo Branco\/Reprodu\u00e7\u00e3o<br \/>\nO promotor de Justi\u00e7a Sidharta John Batista da Silva foi condenado nesta quarta-feira (5), pelo Tribunal de Justi\u00e7a do Rio Grande do Norte, a 5 anos e 4 meses de pris\u00e3o, em regime semiaberto, pelo atropelamento que causou a morte do m\u00e9dico paraibano Ugo Lemos Guimar\u00e3es.<br \/>\nA informa\u00e7\u00e3o foi confirmada pela fam\u00edlia do m\u00e9dico. O Tribunal de Justi\u00e7a do RN informou que n\u00e3o iria se pronunciar enquanto o ac\u00f3rd\u00e3o da decis\u00e3o n\u00e3o fosse publicado.<br \/>\n\ud83d\udcf3Participe do canal do g1 RN no WhatsApp<br \/>\nO acidente aconteceu em 2 de novembro de 2018, no Feriado de Finados. O promotor de Justi\u00e7a dirigia um quadriciclo quando atropelou o m\u00e9dico paraibano em S\u00e3o Miguel do Gostoso, no litoral Norte potiguar.<br \/>\nDe acordo com a den\u00fancia ofertada pelo Minist\u00e9rio P\u00fablico,  Sidharta n\u00e3o prestou socorro e fugiu do local ap\u00f3s o atropelamento.<br \/>\nO promotor de Justi\u00e7a foi condenado por homic\u00eddio culposo. Ainda de acordo com informa\u00e7\u00f5es da fam\u00edlia da v\u00edtima, a decis\u00e3o considerou o art. 302, par\u00e1grafo 3 do C\u00f3digo de Tr\u00e2nsito Brasileiro, que diz:<br \/>\n&#8220;Praticar homic\u00eddio culposo na dire\u00e7\u00e3o de ve\u00edculo automotor: se o agente conduz ve\u00edculo automotor sob a influ\u00eancia de \u00e1lcool ou de qualquer outra subst\u00e2ncia psicoativa que determine depend\u00eancia&#8221;.<br \/>\nNa den\u00fancia, o MP apurou que o promotor nunca havia dirigido um quadriciclo.<br \/>\nO acidente<br \/>\nO m\u00e9dico paraibano havia viajado com a esposa para passar o feriado de Finados em S\u00e3o Miguel do Gostoso. Ele chegou em uma sexta-feira \u00e0 cidade, no dia 2 de novembro.<br \/>\nEle desceu do ve\u00edculo para pedir informa\u00e7\u00f5es sobre a pousada onde ficaria e quando retornava ao carro foi atingido pelo quadriciclo. O promotor de Justi\u00e7a que dirigia o quadriciclo fugiu do local do acidente sem prestar socorro, segundo a den\u00fancia do MP.<br \/>\nSidharta John Batista da Silva se apresentou \u00e0 pol\u00edcia no dia 5 de novembro, na segunda-feira.<br \/>\nDepois de ser socorrido, Ugo Lemos Guimar\u00e3es foi transferido para um hospital particular de Jo\u00e3o Pessoa, onde ficou internado entre os dias 3 e 18 de novembro de 2018, quando n\u00e3o resistiu aos ferimentos e morreu.<br \/>\nVeja abaixo reportagem sobre a morte do m\u00e9dico:<br \/>\nMorre em Jo\u00e3o Pessoa o m\u00e9dico Ugo Guimar\u00e3es<br \/>\nV\u00eddeos mais assistidos do g1 RN<\/p>","protected":false},"excerpt":{"rendered":"<p>Caso aconteceu em 2 de novembro de 2018. Promotor foi condenado por homic\u00eddio culposo e a pena \u00e9 de 5 anos em regime semiaberto. M\u00e9dico Ugo Lemos Guimar\u00e3es morreu ap\u00f3s &#8230;<\/p>\n","protected":false},"author":0,"featured_media":12183,"parent":0,"menu_order":0,"comment_status":"closed","ping_status":"closed","template":"","meta":{"footnotes":""},"class_list":["post-12182","page","type-page","status-publish","has-post-thumbnail","hentry"],"yoast_head":"<!-- This site is optimized with the Yoast SEO plugin v27.1.1 - https:\/\/yoast.com\/product\/yoast-seo-wordpress\/ -->\n<title>Promotor de Justi\u00e7a \u00e9 condenado por atropelamento e morte de m\u00e9dico paraibano no litoral do RN - Taveira Jr<\/title>\n<meta name=\"robots\" content=\"index, follow, max-snippet:-1, max-image-preview:large, max-video-preview:-1\" \/>\n<link rel=\"canonical\" href=\"https:\/\/deputadotaveirajr.com.br\/index.php\/promotor-de-justica-e-condenado-por-atropelamento-e-morte-de-medico-paraibano-no-litoral-do-rn\/\" \/>\n<meta property=\"og:locale\" content=\"pt_BR\" \/>\n<meta property=\"og:type\" content=\"article\" \/>\n<meta property=\"og:title\" content=\"Promotor de Justi\u00e7a \u00e9 condenado por atropelamento e morte de m\u00e9dico paraibano no litoral do RN - Taveira Jr\" \/>\n<meta property=\"og:description\" content=\"Caso aconteceu em 2 de novembro de 2018. Promotor foi condenado por homic\u00eddio culposo e a pena \u00e9 de 5 anos em regime semiaberto. M\u00e9dico Ugo Lemos Guimar\u00e3es morreu ap\u00f3s ...\" \/>\n<meta property=\"og:url\" content=\"https:\/\/deputadotaveirajr.com.br\/index.php\/promotor-de-justica-e-condenado-por-atropelamento-e-morte-de-medico-paraibano-no-litoral-do-rn\/\" \/>\n<meta property=\"og:site_name\" content=\"Taveira Jr\" \/>\n<meta property=\"og:image\" content=\"https:\/\/s2-g1.glbimg.com\/NmHji5UVSVmloM5PdBAxb81xElw=\/i.s3.glbimg.com\/v1\/AUTH_59edd422c0c84a879bd37670ae4f538a\/internal_photos\/bs\/2021\/T\/b\/vmc4BTT6yBAgv4qJEcbQ\/ugo.png\" \/>\n<meta name=\"twitter:card\" content=\"summary_large_image\" \/>\n<meta name=\"twitter:label1\" content=\"Est. tempo de leitura\" \/>\n\t<meta name=\"twitter:data1\" content=\"2 minutos\" \/>\n<script type=\"application\/ld+json\" class=\"yoast-schema-graph\">{\"@context\":\"https:\/\/schema.org\",\"@graph\":[{\"@type\":\"WebPage\",\"@id\":\"https:\/\/deputadotaveirajr.com.br\/index.php\/promotor-de-justica-e-condenado-por-atropelamento-e-morte-de-medico-paraibano-no-litoral-do-rn\/\",\"url\":\"https:\/\/deputadotaveirajr.com.br\/index.php\/promotor-de-justica-e-condenado-por-atropelamento-e-morte-de-medico-paraibano-no-litoral-do-rn\/\",\"name\":\"Promotor de Justi\u00e7a \u00e9 condenado por atropelamento e morte de m\u00e9dico paraibano no litoral do RN - Taveira Jr\",\"isPartOf\":{\"@id\":\"https:\/\/deputadotaveirajr.com.br\/#website\"},\"primaryImageOfPage\":{\"@id\":\"https:\/\/deputadotaveirajr.com.br\/index.php\/promotor-de-justica-e-condenado-por-atropelamento-e-morte-de-medico-paraibano-no-litoral-do-rn\/#primaryimage\"},\"image\":{\"@id\":\"https:\/\/deputadotaveirajr.com.br\/index.php\/promotor-de-justica-e-condenado-por-atropelamento-e-morte-de-medico-paraibano-no-litoral-do-rn\/#primaryimage\"},\"thumbnailUrl\":\"https:\/\/deputadotaveirajr.com.br\/wp-content\/uploads\/2025\/02\/ugo-TbPROE.jpeg\",\"datePublished\":\"2025-02-05T23:10:46+00:00\",\"breadcrumb\":{\"@id\":\"https:\/\/deputadotaveirajr.com.br\/index.php\/promotor-de-justica-e-condenado-por-atropelamento-e-morte-de-medico-paraibano-no-litoral-do-rn\/#breadcrumb\"},\"inLanguage\":\"pt-BR\",\"potentialAction\":[{\"@type\":\"ReadAction\",\"target\":[\"https:\/\/deputadotaveirajr.com.br\/index.php\/promotor-de-justica-e-condenado-por-atropelamento-e-morte-de-medico-paraibano-no-litoral-do-rn\/\"]}]},{\"@type\":\"ImageObject\",\"inLanguage\":\"pt-BR\",\"@id\":\"https:\/\/deputadotaveirajr.com.br\/index.php\/promotor-de-justica-e-condenado-por-atropelamento-e-morte-de-medico-paraibano-no-litoral-do-rn\/#primaryimage\",\"url\":\"https:\/\/deputadotaveirajr.com.br\/wp-content\/uploads\/2025\/02\/ugo-TbPROE.jpeg\",\"contentUrl\":\"https:\/\/deputadotaveirajr.com.br\/wp-content\/uploads\/2025\/02\/ugo-TbPROE.jpeg\",\"width\":787,\"height\":431},{\"@type\":\"BreadcrumbList\",\"@id\":\"https:\/\/deputadotaveirajr.com.br\/index.php\/promotor-de-justica-e-condenado-por-atropelamento-e-morte-de-medico-paraibano-no-litoral-do-rn\/#breadcrumb\",\"itemListElement\":[{\"@type\":\"ListItem\",\"position\":1,\"name\":\"In\u00edcio\",\"item\":\"https:\/\/deputadotaveirajr.com.br\/\"},{\"@type\":\"ListItem\",\"position\":2,\"name\":\"Promotor de Justi\u00e7a \u00e9 condenado por atropelamento e morte de m\u00e9dico paraibano no litoral do RN\"}]},{\"@type\":\"WebSite\",\"@id\":\"https:\/\/deputadotaveirajr.com.br\/#website\",\"url\":\"https:\/\/deputadotaveirajr.com.br\/\",\"name\":\"Taveira Jr\",\"description\":\"Deputado Estadual\",\"publisher\":{\"@id\":\"https:\/\/deputadotaveirajr.com.br\/#organization\"},\"potentialAction\":[{\"@type\":\"SearchAction\",\"target\":{\"@type\":\"EntryPoint\",\"urlTemplate\":\"https:\/\/deputadotaveirajr.com.br\/?s={search_term_string}\"},\"query-input\":{\"@type\":\"PropertyValueSpecification\",\"valueRequired\":true,\"valueName\":\"search_term_string\"}}],\"inLanguage\":\"pt-BR\"},{\"@type\":\"Organization\",\"@id\":\"https:\/\/deputadotaveirajr.com.br\/#organization\",\"name\":\"Taveira Jr\",\"url\":\"https:\/\/deputadotaveirajr.com.br\/\",\"logo\":{\"@type\":\"ImageObject\",\"inLanguage\":\"pt-BR\",\"@id\":\"https:\/\/deputadotaveirajr.com.br\/#\/schema\/logo\/image\/\",\"url\":\"https:\/\/deputadotaveirajr.com.br\/wp-content\/uploads\/2026\/01\/logolow2a.png\",\"contentUrl\":\"https:\/\/deputadotaveirajr.com.br\/wp-content\/uploads\/2026\/01\/logolow2a.png\",\"width\":290,\"height\":80,\"caption\":\"Taveira Jr\"},\"image\":{\"@id\":\"https:\/\/deputadotaveirajr.com.br\/#\/schema\/logo\/image\/\"}}]}<\/script>\n<!-- \/ Yoast SEO plugin. -->","yoast_head_json":{"title":"Promotor de Justi\u00e7a \u00e9 condenado por atropelamento e morte de m\u00e9dico paraibano no litoral do RN - Taveira Jr","robots":{"index":"index","follow":"follow","max-snippet":"max-snippet:-1","max-image-preview":"max-image-preview:large","max-video-preview":"max-video-preview:-1"},"canonical":"https:\/\/deputadotaveirajr.com.br\/index.php\/promotor-de-justica-e-condenado-por-atropelamento-e-morte-de-medico-paraibano-no-litoral-do-rn\/","og_locale":"pt_BR","og_type":"article","og_title":"Promotor de Justi\u00e7a \u00e9 condenado por atropelamento e morte de m\u00e9dico paraibano no litoral do RN - Taveira Jr","og_description":"Caso aconteceu em 2 de novembro de 2018. Promotor foi condenado por homic\u00eddio culposo e a pena \u00e9 de 5 anos em regime semiaberto. M\u00e9dico Ugo Lemos Guimar\u00e3es morreu ap\u00f3s ...","og_url":"https:\/\/deputadotaveirajr.com.br\/index.php\/promotor-de-justica-e-condenado-por-atropelamento-e-morte-de-medico-paraibano-no-litoral-do-rn\/","og_site_name":"Taveira Jr","og_image":[{"url":"https:\/\/s2-g1.glbimg.com\/NmHji5UVSVmloM5PdBAxb81xElw=\/i.s3.glbimg.com\/v1\/AUTH_59edd422c0c84a879bd37670ae4f538a\/internal_photos\/bs\/2021\/T\/b\/vmc4BTT6yBAgv4qJEcbQ\/ugo.png","type":"","width":"","height":""}],"twitter_card":"summary_large_image","twitter_misc":{"Est. tempo de leitura":"2 minutos"},"schema":{"@context":"https:\/\/schema.org","@graph":[{"@type":"WebPage","@id":"https:\/\/deputadotaveirajr.com.br\/index.php\/promotor-de-justica-e-condenado-por-atropelamento-e-morte-de-medico-paraibano-no-litoral-do-rn\/","url":"https:\/\/deputadotaveirajr.com.br\/index.php\/promotor-de-justica-e-condenado-por-atropelamento-e-morte-de-medico-paraibano-no-litoral-do-rn\/","name":"Promotor de Justi\u00e7a \u00e9 condenado por atropelamento e morte de m\u00e9dico paraibano no litoral do RN - Taveira Jr","isPartOf":{"@id":"https:\/\/deputadotaveirajr.com.br\/#website"},"primaryImageOfPage":{"@id":"https:\/\/deputadotaveirajr.com.br\/index.php\/promotor-de-justica-e-condenado-por-atropelamento-e-morte-de-medico-paraibano-no-litoral-do-rn\/#primaryimage"},"image":{"@id":"https:\/\/deputadotaveirajr.com.br\/index.php\/promotor-de-justica-e-condenado-por-atropelamento-e-morte-de-medico-paraibano-no-litoral-do-rn\/#primaryimage"},"thumbnailUrl":"https:\/\/deputadotaveirajr.com.br\/wp-content\/uploads\/2025\/02\/ugo-TbPROE.jpeg","datePublished":"2025-02-05T23:10:46+00:00","breadcrumb":{"@id":"https:\/\/deputadotaveirajr.com.br\/index.php\/promotor-de-justica-e-condenado-por-atropelamento-e-morte-de-medico-paraibano-no-litoral-do-rn\/#breadcrumb"},"inLanguage":"pt-BR","potentialAction":[{"@type":"ReadAction","target":["https:\/\/deputadotaveirajr.com.br\/index.php\/promotor-de-justica-e-condenado-por-atropelamento-e-morte-de-medico-paraibano-no-litoral-do-rn\/"]}]},{"@type":"ImageObject","inLanguage":"pt-BR","@id":"https:\/\/deputadotaveirajr.com.br\/index.php\/promotor-de-justica-e-condenado-por-atropelamento-e-morte-de-medico-paraibano-no-litoral-do-rn\/#primaryimage","url":"https:\/\/deputadotaveirajr.com.br\/wp-content\/uploads\/2025\/02\/ugo-TbPROE.jpeg","contentUrl":"https:\/\/deputadotaveirajr.com.br\/wp-content\/uploads\/2025\/02\/ugo-TbPROE.jpeg","width":787,"height":431},{"@type":"BreadcrumbList","@id":"https:\/\/deputadotaveirajr.com.br\/index.php\/promotor-de-justica-e-condenado-por-atropelamento-e-morte-de-medico-paraibano-no-litoral-do-rn\/#breadcrumb","itemListElement":[{"@type":"ListItem","position":1,"name":"In\u00edcio","item":"https:\/\/deputadotaveirajr.com.br\/"},{"@type":"ListItem","position":2,"name":"Promotor de Justi\u00e7a \u00e9 condenado por atropelamento e morte de m\u00e9dico paraibano no litoral do RN"}]},{"@type":"WebSite","@id":"https:\/\/deputadotaveirajr.com.br\/#website","url":"https:\/\/deputadotaveirajr.com.br\/","name":"Taveira Jr","description":"Deputado Estadual","publisher":{"@id":"https:\/\/deputadotaveirajr.com.br\/#organization"},"potentialAction":[{"@type":"SearchAction","target":{"@type":"EntryPoint","urlTemplate":"https:\/\/deputadotaveirajr.com.br\/?s={search_term_string}"},"query-input":{"@type":"PropertyValueSpecification","valueRequired":true,"valueName":"search_term_string"}}],"inLanguage":"pt-BR"},{"@type":"Organization","@id":"https:\/\/deputadotaveirajr.com.br\/#organization","name":"Taveira Jr","url":"https:\/\/deputadotaveirajr.com.br\/","logo":{"@type":"ImageObject","inLanguage":"pt-BR","@id":"https:\/\/deputadotaveirajr.com.br\/#\/schema\/logo\/image\/","url":"https:\/\/deputadotaveirajr.com.br\/wp-content\/uploads\/2026\/01\/logolow2a.png","contentUrl":"https:\/\/deputadotaveirajr.com.br\/wp-content\/uploads\/2026\/01\/logolow2a.png","width":290,"height":80,"caption":"Taveira Jr"},"image":{"@id":"https:\/\/deputadotaveirajr.com.br\/#\/schema\/logo\/image\/"}}]}},"_links":{"self":[{"href":"https:\/\/deputadotaveirajr.com.br\/index.php\/wp-json\/wp\/v2\/pages\/12182","targetHints":{"allow":["GET"]}}],"collection":[{"href":"https:\/\/deputadotaveirajr.com.br\/index.php\/wp-json\/wp\/v2\/pages"}],"about":[{"href":"https:\/\/deputadotaveirajr.com.br\/index.php\/wp-json\/wp\/v2\/types\/page"}],"replies":[{"embeddable":true,"href":"https:\/\/deputadotaveirajr.com.br\/index.php\/wp-json\/wp\/v2\/comments?post=12182"}],"version-history":[{"count":0,"href":"https:\/\/deputadotaveirajr.com.br\/index.php\/wp-json\/wp\/v2\/pages\/12182\/revisions"}],"wp:featuredmedia":[{"embeddable":true,"href":"https:\/\/deputadotaveirajr.com.br\/index.php\/wp-json\/wp\/v2\/media\/12183"}],"wp:attachment":[{"href":"https:\/\/deputadotaveirajr.com.br\/index.php\/wp-json\/wp\/v2\/media?parent=12182"}],"curies":[{"name":"wp","href":"https:\/\/api.w.org\/{rel}","templated":true}]}}