{"id":12195,"date":"2025-02-08T12:01:46","date_gmt":"2025-02-08T15:01:46","guid":{"rendered":"https:\/\/deputadotaveirajr.com.br\/index.php\/espetaculo-sinapse-darwin-tem-duas-sessoes-gratuitas-em-natal-neste-fim-de-semana\/"},"modified":"2025-02-08T12:01:46","modified_gmt":"2025-02-08T15:01:46","slug":"espetaculo-sinapse-darwin-tem-duas-sessoes-gratuitas-em-natal-neste-fim-de-semana","status":"publish","type":"page","link":"https:\/\/deputadotaveirajr.com.br\/index.php\/espetaculo-sinapse-darwin-tem-duas-sessoes-gratuitas-em-natal-neste-fim-de-semana\/","title":{"rendered":"Espet\u00e1culo &#8216;Sinapse Darwin&#8217; tem duas sess\u00f5es gratuitas em Natal neste fim de semana"},"content":{"rendered":"<p><img decoding=\"async\" src=\"https:\/\/s2-g1.glbimg.com\/KRvCV__iWEx7pvIyQqF3yuOtIK4=\/i.s3.glbimg.com\/v1\/AUTH_59edd422c0c84a879bd37670ae4f538a\/internal_photos\/bs\/2025\/m\/x\/uYZQJgQquqZsQisq26og\/foto-por-thercles-silva-thercles-00154.jpg\" \/><br \/>     Apresenta\u00e7\u00f5es acontecer\u00e3o no Complexo Cultural Rampa, no s\u00e1bado (8) e no domingo (9), \u00e0s 19h. Titina Medeiros apresenta espet\u00e1culo gratuito no Complexo Rampa<br \/>\nO coletivo Casa de Zo\u00e9 apresenta o espet\u00e1culo \u201cSinapse Darwin\u201d em Natal, neste s\u00e1bado (8) e domingo (9). As sess\u00f5es come\u00e7am \u00e0s 19h, no Complexo Cultural Rampa, no bairro Santos Reis. A entrada \u00e9 gratuita.<br \/>\n\ud83d\udcf3Participe do canal do g1 RN no WhatsApp<br \/>\nInspirada na vida e na obra do pesquisador e naturalista Charles Robert Darwin, a pe\u00e7a remonta sua hist\u00f3ria de forma inusitada. A linha narrativa, desobediente ao tempo e \u00e0 geografia, se faz livre nos caminhos imprevis\u00edveis do pensamento. Espelhados pela mem\u00f3ria e requisitando a imagina\u00e7\u00e3o, fatos ic\u00f4nicos como nascimento, forma\u00e7\u00e3o e jornada v\u00e3o gradualmente revelando, ou construindo, os alicerces das teorias contidas em &#8220;A Origem das Esp\u00e9cies&#8221;.<br \/>\nEspet\u00e1culo &#8216;Sinapse Darwin&#8217; tem duas sess\u00f5es gratuitas em Natal neste fim de semana<br \/>\nThercles Silva<br \/>\nO espet\u00e1culo estreou em 2021, j\u00e1 passou por v\u00e1rias cidades do Rio Grande do Norte, de S\u00e3o Paulo e esteve tamb\u00e9m no Festival Internacional de S\u00e3o Jos\u00e9 do Rio Preto e no Sesc Interlagos.<br \/>\nA dire\u00e7\u00e3o musical do espet\u00e1culo \u00e9 de Caio Padilha, que tamb\u00e9m executa a trilha sonora ao vivo. O espet\u00e1culo tem dire\u00e7\u00e3o geral e dramaturgia de C\u00e9sar Ferrario, e dire\u00e7\u00e3o de arte de Jo\u00e3o Marcelino. O elenco conta com Titina Medeiros, Ananda K., Nara Kelly, M\u00facia Teixeira, Dudu Galv\u00e3o, Igor Fortunato, Thazio Menezes, Toni Greg\u00f3rio e Yves Fernandes.<br \/>\nAntes da apresenta\u00e7\u00e3o do espet\u00e1culo Sinapse Darwin, \u00e0s 18h30, haver\u00e1 a exibi\u00e7\u00e3o do Projeto &#8220;O Presente de Cec\u00edlia&#8221;, que inspira a nova gera\u00e7\u00e3o a cuidar do planeta atrav\u00e9s de uma jornada transm\u00eddia. O filme j\u00e1 emocionou plateias em festivais como o Festival Bananeiras de Cinema, o Festival de Cinema do Nordeste Brasileiro e a Primeira Mostra de Cinema Socioambiental da Lagoa do Para\u00edso.<\/p>","protected":false},"excerpt":{"rendered":"<p>Apresenta\u00e7\u00f5es acontecer\u00e3o no Complexo Cultural Rampa, no s\u00e1bado (8) e no domingo (9), \u00e0s 19h. Titina Medeiros apresenta espet\u00e1culo gratuito no Complexo Rampa O coletivo Casa de Zo\u00e9 apresenta o &#8230;<\/p>\n","protected":false},"author":0,"featured_media":12196,"parent":0,"menu_order":0,"comment_status":"closed","ping_status":"closed","template":"","meta":{"footnotes":""},"class_list":["post-12195","page","type-page","status-publish","has-post-thumbnail","hentry"],"yoast_head":"<!-- This site is optimized with the Yoast SEO plugin v27.1.1 - https:\/\/yoast.com\/product\/yoast-seo-wordpress\/ -->\n<title>Espet\u00e1culo &#039;Sinapse Darwin&#039; tem duas sess\u00f5es gratuitas em Natal neste fim de semana - Taveira Jr<\/title>\n<meta name=\"robots\" content=\"index, follow, max-snippet:-1, max-image-preview:large, max-video-preview:-1\" \/>\n<link rel=\"canonical\" href=\"https:\/\/deputadotaveirajr.com.br\/index.php\/espetaculo-sinapse-darwin-tem-duas-sessoes-gratuitas-em-natal-neste-fim-de-semana\/\" \/>\n<meta property=\"og:locale\" content=\"pt_BR\" \/>\n<meta property=\"og:type\" content=\"article\" \/>\n<meta property=\"og:title\" content=\"Espet\u00e1culo &#039;Sinapse Darwin&#039; tem duas sess\u00f5es gratuitas em Natal neste fim de semana - Taveira Jr\" \/>\n<meta property=\"og:description\" content=\"Apresenta\u00e7\u00f5es acontecer\u00e3o no Complexo Cultural Rampa, no s\u00e1bado (8) e no domingo (9), \u00e0s 19h. Titina Medeiros apresenta espet\u00e1culo gratuito no Complexo Rampa O coletivo Casa de Zo\u00e9 apresenta o ...\" \/>\n<meta property=\"og:url\" content=\"https:\/\/deputadotaveirajr.com.br\/index.php\/espetaculo-sinapse-darwin-tem-duas-sessoes-gratuitas-em-natal-neste-fim-de-semana\/\" \/>\n<meta property=\"og:site_name\" content=\"Taveira Jr\" \/>\n<meta property=\"og:image\" content=\"https:\/\/s2-g1.glbimg.com\/KRvCV__iWEx7pvIyQqF3yuOtIK4=\/i.s3.glbimg.com\/v1\/AUTH_59edd422c0c84a879bd37670ae4f538a\/internal_photos\/bs\/2025\/m\/x\/uYZQJgQquqZsQisq26og\/foto-por-thercles-silva-thercles-00154.jpg\" \/>\n<meta name=\"twitter:card\" content=\"summary_large_image\" \/>\n<meta name=\"twitter:label1\" content=\"Est. tempo de leitura\" \/>\n\t<meta name=\"twitter:data1\" content=\"2 minutos\" \/>\n<script type=\"application\/ld+json\" class=\"yoast-schema-graph\">{\"@context\":\"https:\/\/schema.org\",\"@graph\":[{\"@type\":\"WebPage\",\"@id\":\"https:\/\/deputadotaveirajr.com.br\/index.php\/espetaculo-sinapse-darwin-tem-duas-sessoes-gratuitas-em-natal-neste-fim-de-semana\/\",\"url\":\"https:\/\/deputadotaveirajr.com.br\/index.php\/espetaculo-sinapse-darwin-tem-duas-sessoes-gratuitas-em-natal-neste-fim-de-semana\/\",\"name\":\"Espet\u00e1culo 'Sinapse Darwin' tem duas sess\u00f5es gratuitas em Natal neste fim de semana - Taveira Jr\",\"isPartOf\":{\"@id\":\"https:\/\/deputadotaveirajr.com.br\/#website\"},\"primaryImageOfPage\":{\"@id\":\"https:\/\/deputadotaveirajr.com.br\/index.php\/espetaculo-sinapse-darwin-tem-duas-sessoes-gratuitas-em-natal-neste-fim-de-semana\/#primaryimage\"},\"image\":{\"@id\":\"https:\/\/deputadotaveirajr.com.br\/index.php\/espetaculo-sinapse-darwin-tem-duas-sessoes-gratuitas-em-natal-neste-fim-de-semana\/#primaryimage\"},\"thumbnailUrl\":\"https:\/\/deputadotaveirajr.com.br\/wp-content\/uploads\/2025\/02\/foto-por-thercles-silva-thercles-00154-EQ2TqQ-scaled.jpeg\",\"datePublished\":\"2025-02-08T15:01:46+00:00\",\"breadcrumb\":{\"@id\":\"https:\/\/deputadotaveirajr.com.br\/index.php\/espetaculo-sinapse-darwin-tem-duas-sessoes-gratuitas-em-natal-neste-fim-de-semana\/#breadcrumb\"},\"inLanguage\":\"pt-BR\",\"potentialAction\":[{\"@type\":\"ReadAction\",\"target\":[\"https:\/\/deputadotaveirajr.com.br\/index.php\/espetaculo-sinapse-darwin-tem-duas-sessoes-gratuitas-em-natal-neste-fim-de-semana\/\"]}]},{\"@type\":\"ImageObject\",\"inLanguage\":\"pt-BR\",\"@id\":\"https:\/\/deputadotaveirajr.com.br\/index.php\/espetaculo-sinapse-darwin-tem-duas-sessoes-gratuitas-em-natal-neste-fim-de-semana\/#primaryimage\",\"url\":\"https:\/\/deputadotaveirajr.com.br\/wp-content\/uploads\/2025\/02\/foto-por-thercles-silva-thercles-00154-EQ2TqQ-scaled.jpeg\",\"contentUrl\":\"https:\/\/deputadotaveirajr.com.br\/wp-content\/uploads\/2025\/02\/foto-por-thercles-silva-thercles-00154-EQ2TqQ-scaled.jpeg\",\"width\":2560,\"height\":1708},{\"@type\":\"BreadcrumbList\",\"@id\":\"https:\/\/deputadotaveirajr.com.br\/index.php\/espetaculo-sinapse-darwin-tem-duas-sessoes-gratuitas-em-natal-neste-fim-de-semana\/#breadcrumb\",\"itemListElement\":[{\"@type\":\"ListItem\",\"position\":1,\"name\":\"In\u00edcio\",\"item\":\"https:\/\/deputadotaveirajr.com.br\/\"},{\"@type\":\"ListItem\",\"position\":2,\"name\":\"Espet\u00e1culo &#8216;Sinapse Darwin&#8217; tem duas sess\u00f5es gratuitas em Natal neste fim de semana\"}]},{\"@type\":\"WebSite\",\"@id\":\"https:\/\/deputadotaveirajr.com.br\/#website\",\"url\":\"https:\/\/deputadotaveirajr.com.br\/\",\"name\":\"Taveira Jr\",\"description\":\"Deputado Estadual\",\"publisher\":{\"@id\":\"https:\/\/deputadotaveirajr.com.br\/#organization\"},\"potentialAction\":[{\"@type\":\"SearchAction\",\"target\":{\"@type\":\"EntryPoint\",\"urlTemplate\":\"https:\/\/deputadotaveirajr.com.br\/?s={search_term_string}\"},\"query-input\":{\"@type\":\"PropertyValueSpecification\",\"valueRequired\":true,\"valueName\":\"search_term_string\"}}],\"inLanguage\":\"pt-BR\"},{\"@type\":\"Organization\",\"@id\":\"https:\/\/deputadotaveirajr.com.br\/#organization\",\"name\":\"Taveira Jr\",\"url\":\"https:\/\/deputadotaveirajr.com.br\/\",\"logo\":{\"@type\":\"ImageObject\",\"inLanguage\":\"pt-BR\",\"@id\":\"https:\/\/deputadotaveirajr.com.br\/#\/schema\/logo\/image\/\",\"url\":\"https:\/\/deputadotaveirajr.com.br\/wp-content\/uploads\/2026\/01\/logolow2a.png\",\"contentUrl\":\"https:\/\/deputadotaveirajr.com.br\/wp-content\/uploads\/2026\/01\/logolow2a.png\",\"width\":290,\"height\":80,\"caption\":\"Taveira Jr\"},\"image\":{\"@id\":\"https:\/\/deputadotaveirajr.com.br\/#\/schema\/logo\/image\/\"}}]}<\/script>\n<!-- \/ Yoast SEO plugin. -->","yoast_head_json":{"title":"Espet\u00e1culo 'Sinapse Darwin' tem duas sess\u00f5es gratuitas em Natal neste fim de semana - Taveira Jr","robots":{"index":"index","follow":"follow","max-snippet":"max-snippet:-1","max-image-preview":"max-image-preview:large","max-video-preview":"max-video-preview:-1"},"canonical":"https:\/\/deputadotaveirajr.com.br\/index.php\/espetaculo-sinapse-darwin-tem-duas-sessoes-gratuitas-em-natal-neste-fim-de-semana\/","og_locale":"pt_BR","og_type":"article","og_title":"Espet\u00e1culo 'Sinapse Darwin' tem duas sess\u00f5es gratuitas em Natal neste fim de semana - Taveira Jr","og_description":"Apresenta\u00e7\u00f5es acontecer\u00e3o no Complexo Cultural Rampa, no s\u00e1bado (8) e no domingo (9), \u00e0s 19h. Titina Medeiros apresenta espet\u00e1culo gratuito no Complexo Rampa O coletivo Casa de Zo\u00e9 apresenta o ...","og_url":"https:\/\/deputadotaveirajr.com.br\/index.php\/espetaculo-sinapse-darwin-tem-duas-sessoes-gratuitas-em-natal-neste-fim-de-semana\/","og_site_name":"Taveira Jr","og_image":[{"url":"https:\/\/s2-g1.glbimg.com\/KRvCV__iWEx7pvIyQqF3yuOtIK4=\/i.s3.glbimg.com\/v1\/AUTH_59edd422c0c84a879bd37670ae4f538a\/internal_photos\/bs\/2025\/m\/x\/uYZQJgQquqZsQisq26og\/foto-por-thercles-silva-thercles-00154.jpg","type":"","width":"","height":""}],"twitter_card":"summary_large_image","twitter_misc":{"Est. tempo de leitura":"2 minutos"},"schema":{"@context":"https:\/\/schema.org","@graph":[{"@type":"WebPage","@id":"https:\/\/deputadotaveirajr.com.br\/index.php\/espetaculo-sinapse-darwin-tem-duas-sessoes-gratuitas-em-natal-neste-fim-de-semana\/","url":"https:\/\/deputadotaveirajr.com.br\/index.php\/espetaculo-sinapse-darwin-tem-duas-sessoes-gratuitas-em-natal-neste-fim-de-semana\/","name":"Espet\u00e1culo 'Sinapse Darwin' tem duas sess\u00f5es gratuitas em Natal neste fim de semana - Taveira Jr","isPartOf":{"@id":"https:\/\/deputadotaveirajr.com.br\/#website"},"primaryImageOfPage":{"@id":"https:\/\/deputadotaveirajr.com.br\/index.php\/espetaculo-sinapse-darwin-tem-duas-sessoes-gratuitas-em-natal-neste-fim-de-semana\/#primaryimage"},"image":{"@id":"https:\/\/deputadotaveirajr.com.br\/index.php\/espetaculo-sinapse-darwin-tem-duas-sessoes-gratuitas-em-natal-neste-fim-de-semana\/#primaryimage"},"thumbnailUrl":"https:\/\/deputadotaveirajr.com.br\/wp-content\/uploads\/2025\/02\/foto-por-thercles-silva-thercles-00154-EQ2TqQ-scaled.jpeg","datePublished":"2025-02-08T15:01:46+00:00","breadcrumb":{"@id":"https:\/\/deputadotaveirajr.com.br\/index.php\/espetaculo-sinapse-darwin-tem-duas-sessoes-gratuitas-em-natal-neste-fim-de-semana\/#breadcrumb"},"inLanguage":"pt-BR","potentialAction":[{"@type":"ReadAction","target":["https:\/\/deputadotaveirajr.com.br\/index.php\/espetaculo-sinapse-darwin-tem-duas-sessoes-gratuitas-em-natal-neste-fim-de-semana\/"]}]},{"@type":"ImageObject","inLanguage":"pt-BR","@id":"https:\/\/deputadotaveirajr.com.br\/index.php\/espetaculo-sinapse-darwin-tem-duas-sessoes-gratuitas-em-natal-neste-fim-de-semana\/#primaryimage","url":"https:\/\/deputadotaveirajr.com.br\/wp-content\/uploads\/2025\/02\/foto-por-thercles-silva-thercles-00154-EQ2TqQ-scaled.jpeg","contentUrl":"https:\/\/deputadotaveirajr.com.br\/wp-content\/uploads\/2025\/02\/foto-por-thercles-silva-thercles-00154-EQ2TqQ-scaled.jpeg","width":2560,"height":1708},{"@type":"BreadcrumbList","@id":"https:\/\/deputadotaveirajr.com.br\/index.php\/espetaculo-sinapse-darwin-tem-duas-sessoes-gratuitas-em-natal-neste-fim-de-semana\/#breadcrumb","itemListElement":[{"@type":"ListItem","position":1,"name":"In\u00edcio","item":"https:\/\/deputadotaveirajr.com.br\/"},{"@type":"ListItem","position":2,"name":"Espet\u00e1culo &#8216;Sinapse Darwin&#8217; tem duas sess\u00f5es gratuitas em Natal neste fim de semana"}]},{"@type":"WebSite","@id":"https:\/\/deputadotaveirajr.com.br\/#website","url":"https:\/\/deputadotaveirajr.com.br\/","name":"Taveira Jr","description":"Deputado Estadual","publisher":{"@id":"https:\/\/deputadotaveirajr.com.br\/#organization"},"potentialAction":[{"@type":"SearchAction","target":{"@type":"EntryPoint","urlTemplate":"https:\/\/deputadotaveirajr.com.br\/?s={search_term_string}"},"query-input":{"@type":"PropertyValueSpecification","valueRequired":true,"valueName":"search_term_string"}}],"inLanguage":"pt-BR"},{"@type":"Organization","@id":"https:\/\/deputadotaveirajr.com.br\/#organization","name":"Taveira Jr","url":"https:\/\/deputadotaveirajr.com.br\/","logo":{"@type":"ImageObject","inLanguage":"pt-BR","@id":"https:\/\/deputadotaveirajr.com.br\/#\/schema\/logo\/image\/","url":"https:\/\/deputadotaveirajr.com.br\/wp-content\/uploads\/2026\/01\/logolow2a.png","contentUrl":"https:\/\/deputadotaveirajr.com.br\/wp-content\/uploads\/2026\/01\/logolow2a.png","width":290,"height":80,"caption":"Taveira Jr"},"image":{"@id":"https:\/\/deputadotaveirajr.com.br\/#\/schema\/logo\/image\/"}}]}},"_links":{"self":[{"href":"https:\/\/deputadotaveirajr.com.br\/index.php\/wp-json\/wp\/v2\/pages\/12195","targetHints":{"allow":["GET"]}}],"collection":[{"href":"https:\/\/deputadotaveirajr.com.br\/index.php\/wp-json\/wp\/v2\/pages"}],"about":[{"href":"https:\/\/deputadotaveirajr.com.br\/index.php\/wp-json\/wp\/v2\/types\/page"}],"replies":[{"embeddable":true,"href":"https:\/\/deputadotaveirajr.com.br\/index.php\/wp-json\/wp\/v2\/comments?post=12195"}],"version-history":[{"count":0,"href":"https:\/\/deputadotaveirajr.com.br\/index.php\/wp-json\/wp\/v2\/pages\/12195\/revisions"}],"wp:featuredmedia":[{"embeddable":true,"href":"https:\/\/deputadotaveirajr.com.br\/index.php\/wp-json\/wp\/v2\/media\/12196"}],"wp:attachment":[{"href":"https:\/\/deputadotaveirajr.com.br\/index.php\/wp-json\/wp\/v2\/media?parent=12195"}],"curies":[{"name":"wp","href":"https:\/\/api.w.org\/{rel}","templated":true}]}}