{"id":12213,"date":"2025-02-12T17:18:54","date_gmt":"2025-02-12T20:18:54","guid":{"rendered":"https:\/\/deputadotaveirajr.com.br\/index.php\/prefeitura-de-natal-abre-cadastro-para-comerciantes-informais-de-artigos-carnavalescos-saiba-como-se-inscrever\/"},"modified":"2025-02-12T17:18:54","modified_gmt":"2025-02-12T20:18:54","slug":"prefeitura-de-natal-abre-cadastro-para-comerciantes-informais-de-artigos-carnavalescos-saiba-como-se-inscrever","status":"publish","type":"page","link":"https:\/\/deputadotaveirajr.com.br\/index.php\/prefeitura-de-natal-abre-cadastro-para-comerciantes-informais-de-artigos-carnavalescos-saiba-como-se-inscrever\/","title":{"rendered":"Prefeitura de Natal abre cadastro para comerciantes informais de artigos carnavalescos; saiba como se inscrever"},"content":{"rendered":"<p><img decoding=\"async\" src=\"https:\/\/s2-g1.glbimg.com\/VuzOdCnSgSvv7uXQ4gbTb-NqLC0=\/s.glbimg.com\/jo\/g1\/f\/original\/2014\/02\/19\/carnaval_.jpg\" \/><br \/>     Vendedores cadastrados poder\u00e3o atuar dos dias 17 de fevereiro a 5 de mar\u00e7o na comercializa\u00e7\u00e3o de produtos tem\u00e1ticos do carnaval. Prefeitura abre cadastro para comerciantes informais atuarem no carnaval em Natal<br \/>\nTarso Sarraf \/O Liberal<br \/>\nA Prefeitura de Natal abriu cadastramento para comerciantes informais que desejam atuar na venda de produtos tem\u00e1ticos do carnaval nos canteiros centrais de seis avenidas da capital.<br \/>\nO credenciamento ser\u00e1 realizado presencialmente na sede da Secretaria Municipal de Servi\u00e7os Urbanos (Semsur), localizada na Rua Princesa Isabel, 799, Cidade Alta, nesta semana, entre os dias 12 e 14 de fevereiro de 2025, das 8h \u00e0s 14h.<br \/>\n\ud83d\udcf3Participe do canal do g1 RN no WhatsApp<br \/>\nOs vendedores cadastrados poder\u00e3o atuar dos dias 17 de fevereiro a 5 de mar\u00e7o na comercializa\u00e7\u00e3o de artigos carnavalescos. O regulamento estabelece regras como especifica\u00e7\u00f5es de tamanho das tendas e a proibi\u00e7\u00e3o da venda de bebidas alco\u00f3licas.<br \/>\nAs \u00e1reas autorizadas para instala\u00e7\u00e3o dos comerciantes incluem a avenidas Monte Rei, no Planalto; Ayrton Senna, em Capim Macio; Avenida das Alagoas, no bairro de Ne\u00f3polis, e as Avenidas Jo\u00e3o Medeiros e Itapetinga, na Zona Norte. Al\u00e9m disso, no canteiro central da Avenida Ant\u00f4nio Bas\u00edlio, no trecho entre a Avenida Prudente de Morais, e a Rua S\u00e3o Jos\u00e9, ser\u00e3o disponibilizadas 20 vagas.<br \/>\nPara o secret\u00e1rio municipal de Servi\u00e7os Urbanos, Felipe Alves, a iniciativa contribui para a organiza\u00e7\u00e3o da cidade e o fortalecimento da economia local no per\u00edodo carnavalesco. &#8220;Al\u00e9m de garantir um com\u00e9rcio ordenado e seguro, essa a\u00e7\u00e3o fomenta a gera\u00e7\u00e3o de renda para centenas de fam\u00edlias, aquecendo a economia e oferecendo aos foli\u00f5es uma estrutura melhor para aproveitar a festa&#8221;, explicou.<br \/>\nA expectativa da Semsur \u00e9 de que pelo menos 300 comerciantes participem da a\u00e7\u00e3o, movimentando o com\u00e9rcio informal e ampliando a oferta de produtos tem\u00e1ticos para os festejos de Carnaval.<br \/>\nPara se inscrever, os interessados devem apresentar, no ato da inscri\u00e7\u00e3o, o documento de identifica\u00e7\u00e3o com foto (RG ou CNH), o CPF e o comprovante de resid\u00eancia.<br \/>\nDe acordo com a Semsur, apenas aqueles que apresentarem toda a documenta\u00e7\u00e3o exigida estar\u00e3o aptos a receber o comprovante de cadastramento e a licen\u00e7a para atuar nos locais determinados. N\u00e3o ser\u00e1 permitida a reserva de vagas por falta de documentos ou qualquer outro motivo.<br \/>\nV\u00cdDEOS: Mais vistos do RN nos \u00faltimos 7 dias<\/p>","protected":false},"excerpt":{"rendered":"<p>Vendedores cadastrados poder\u00e3o atuar dos dias 17 de fevereiro a 5 de mar\u00e7o na comercializa\u00e7\u00e3o de produtos tem\u00e1ticos do carnaval. Prefeitura abre cadastro para comerciantes informais atuarem no carnaval em &#8230;<\/p>\n","protected":false},"author":0,"featured_media":12214,"parent":0,"menu_order":0,"comment_status":"closed","ping_status":"closed","template":"","meta":{"footnotes":""},"class_list":["post-12213","page","type-page","status-publish","has-post-thumbnail","hentry"],"yoast_head":"<!-- This site is optimized with the Yoast SEO plugin v27.1.1 - https:\/\/yoast.com\/product\/yoast-seo-wordpress\/ -->\n<title>Prefeitura de Natal abre cadastro para comerciantes informais de artigos carnavalescos; saiba como se inscrever - Taveira Jr<\/title>\n<meta name=\"robots\" content=\"index, follow, max-snippet:-1, max-image-preview:large, max-video-preview:-1\" \/>\n<link rel=\"canonical\" href=\"https:\/\/deputadotaveirajr.com.br\/index.php\/prefeitura-de-natal-abre-cadastro-para-comerciantes-informais-de-artigos-carnavalescos-saiba-como-se-inscrever\/\" \/>\n<meta property=\"og:locale\" content=\"pt_BR\" \/>\n<meta property=\"og:type\" content=\"article\" \/>\n<meta property=\"og:title\" content=\"Prefeitura de Natal abre cadastro para comerciantes informais de artigos carnavalescos; saiba como se inscrever - Taveira Jr\" \/>\n<meta property=\"og:description\" content=\"Vendedores cadastrados poder\u00e3o atuar dos dias 17 de fevereiro a 5 de mar\u00e7o na comercializa\u00e7\u00e3o de produtos tem\u00e1ticos do carnaval. Prefeitura abre cadastro para comerciantes informais atuarem no carnaval em ...\" \/>\n<meta property=\"og:url\" content=\"https:\/\/deputadotaveirajr.com.br\/index.php\/prefeitura-de-natal-abre-cadastro-para-comerciantes-informais-de-artigos-carnavalescos-saiba-como-se-inscrever\/\" \/>\n<meta property=\"og:site_name\" content=\"Taveira Jr\" \/>\n<meta property=\"og:image\" content=\"https:\/\/s2-g1.glbimg.com\/VuzOdCnSgSvv7uXQ4gbTb-NqLC0=\/s.glbimg.com\/jo\/g1\/f\/original\/2014\/02\/19\/carnaval_.jpg\" \/>\n<meta name=\"twitter:card\" content=\"summary_large_image\" \/>\n<meta name=\"twitter:label1\" content=\"Est. tempo de leitura\" \/>\n\t<meta name=\"twitter:data1\" content=\"2 minutos\" \/>\n<script type=\"application\/ld+json\" class=\"yoast-schema-graph\">{\"@context\":\"https:\/\/schema.org\",\"@graph\":[{\"@type\":\"WebPage\",\"@id\":\"https:\/\/deputadotaveirajr.com.br\/index.php\/prefeitura-de-natal-abre-cadastro-para-comerciantes-informais-de-artigos-carnavalescos-saiba-como-se-inscrever\/\",\"url\":\"https:\/\/deputadotaveirajr.com.br\/index.php\/prefeitura-de-natal-abre-cadastro-para-comerciantes-informais-de-artigos-carnavalescos-saiba-como-se-inscrever\/\",\"name\":\"Prefeitura de Natal abre cadastro para comerciantes informais de artigos carnavalescos; saiba como se inscrever - Taveira Jr\",\"isPartOf\":{\"@id\":\"https:\/\/deputadotaveirajr.com.br\/#website\"},\"primaryImageOfPage\":{\"@id\":\"https:\/\/deputadotaveirajr.com.br\/index.php\/prefeitura-de-natal-abre-cadastro-para-comerciantes-informais-de-artigos-carnavalescos-saiba-como-se-inscrever\/#primaryimage\"},\"image\":{\"@id\":\"https:\/\/deputadotaveirajr.com.br\/index.php\/prefeitura-de-natal-abre-cadastro-para-comerciantes-informais-de-artigos-carnavalescos-saiba-como-se-inscrever\/#primaryimage\"},\"thumbnailUrl\":\"https:\/\/deputadotaveirajr.com.br\/wp-content\/uploads\/2025\/02\/carnaval_-ZKazqj.jpeg\",\"datePublished\":\"2025-02-12T20:18:54+00:00\",\"breadcrumb\":{\"@id\":\"https:\/\/deputadotaveirajr.com.br\/index.php\/prefeitura-de-natal-abre-cadastro-para-comerciantes-informais-de-artigos-carnavalescos-saiba-como-se-inscrever\/#breadcrumb\"},\"inLanguage\":\"pt-BR\",\"potentialAction\":[{\"@type\":\"ReadAction\",\"target\":[\"https:\/\/deputadotaveirajr.com.br\/index.php\/prefeitura-de-natal-abre-cadastro-para-comerciantes-informais-de-artigos-carnavalescos-saiba-como-se-inscrever\/\"]}]},{\"@type\":\"ImageObject\",\"inLanguage\":\"pt-BR\",\"@id\":\"https:\/\/deputadotaveirajr.com.br\/index.php\/prefeitura-de-natal-abre-cadastro-para-comerciantes-informais-de-artigos-carnavalescos-saiba-como-se-inscrever\/#primaryimage\",\"url\":\"https:\/\/deputadotaveirajr.com.br\/wp-content\/uploads\/2025\/02\/carnaval_-ZKazqj.jpeg\",\"contentUrl\":\"https:\/\/deputadotaveirajr.com.br\/wp-content\/uploads\/2025\/02\/carnaval_-ZKazqj.jpeg\",\"width\":698,\"height\":465},{\"@type\":\"BreadcrumbList\",\"@id\":\"https:\/\/deputadotaveirajr.com.br\/index.php\/prefeitura-de-natal-abre-cadastro-para-comerciantes-informais-de-artigos-carnavalescos-saiba-como-se-inscrever\/#breadcrumb\",\"itemListElement\":[{\"@type\":\"ListItem\",\"position\":1,\"name\":\"In\u00edcio\",\"item\":\"https:\/\/deputadotaveirajr.com.br\/\"},{\"@type\":\"ListItem\",\"position\":2,\"name\":\"Prefeitura de Natal abre cadastro para comerciantes informais de artigos carnavalescos; saiba como se inscrever\"}]},{\"@type\":\"WebSite\",\"@id\":\"https:\/\/deputadotaveirajr.com.br\/#website\",\"url\":\"https:\/\/deputadotaveirajr.com.br\/\",\"name\":\"Taveira Jr\",\"description\":\"Deputado Estadual\",\"publisher\":{\"@id\":\"https:\/\/deputadotaveirajr.com.br\/#organization\"},\"potentialAction\":[{\"@type\":\"SearchAction\",\"target\":{\"@type\":\"EntryPoint\",\"urlTemplate\":\"https:\/\/deputadotaveirajr.com.br\/?s={search_term_string}\"},\"query-input\":{\"@type\":\"PropertyValueSpecification\",\"valueRequired\":true,\"valueName\":\"search_term_string\"}}],\"inLanguage\":\"pt-BR\"},{\"@type\":\"Organization\",\"@id\":\"https:\/\/deputadotaveirajr.com.br\/#organization\",\"name\":\"Taveira Jr\",\"url\":\"https:\/\/deputadotaveirajr.com.br\/\",\"logo\":{\"@type\":\"ImageObject\",\"inLanguage\":\"pt-BR\",\"@id\":\"https:\/\/deputadotaveirajr.com.br\/#\/schema\/logo\/image\/\",\"url\":\"https:\/\/deputadotaveirajr.com.br\/wp-content\/uploads\/2026\/01\/logolow2a.png\",\"contentUrl\":\"https:\/\/deputadotaveirajr.com.br\/wp-content\/uploads\/2026\/01\/logolow2a.png\",\"width\":290,\"height\":80,\"caption\":\"Taveira Jr\"},\"image\":{\"@id\":\"https:\/\/deputadotaveirajr.com.br\/#\/schema\/logo\/image\/\"}}]}<\/script>\n<!-- \/ Yoast SEO plugin. -->","yoast_head_json":{"title":"Prefeitura de Natal abre cadastro para comerciantes informais de artigos carnavalescos; saiba como se inscrever - Taveira Jr","robots":{"index":"index","follow":"follow","max-snippet":"max-snippet:-1","max-image-preview":"max-image-preview:large","max-video-preview":"max-video-preview:-1"},"canonical":"https:\/\/deputadotaveirajr.com.br\/index.php\/prefeitura-de-natal-abre-cadastro-para-comerciantes-informais-de-artigos-carnavalescos-saiba-como-se-inscrever\/","og_locale":"pt_BR","og_type":"article","og_title":"Prefeitura de Natal abre cadastro para comerciantes informais de artigos carnavalescos; saiba como se inscrever - Taveira Jr","og_description":"Vendedores cadastrados poder\u00e3o atuar dos dias 17 de fevereiro a 5 de mar\u00e7o na comercializa\u00e7\u00e3o de produtos tem\u00e1ticos do carnaval. Prefeitura abre cadastro para comerciantes informais atuarem no carnaval em ...","og_url":"https:\/\/deputadotaveirajr.com.br\/index.php\/prefeitura-de-natal-abre-cadastro-para-comerciantes-informais-de-artigos-carnavalescos-saiba-como-se-inscrever\/","og_site_name":"Taveira Jr","og_image":[{"url":"https:\/\/s2-g1.glbimg.com\/VuzOdCnSgSvv7uXQ4gbTb-NqLC0=\/s.glbimg.com\/jo\/g1\/f\/original\/2014\/02\/19\/carnaval_.jpg","type":"","width":"","height":""}],"twitter_card":"summary_large_image","twitter_misc":{"Est. tempo de leitura":"2 minutos"},"schema":{"@context":"https:\/\/schema.org","@graph":[{"@type":"WebPage","@id":"https:\/\/deputadotaveirajr.com.br\/index.php\/prefeitura-de-natal-abre-cadastro-para-comerciantes-informais-de-artigos-carnavalescos-saiba-como-se-inscrever\/","url":"https:\/\/deputadotaveirajr.com.br\/index.php\/prefeitura-de-natal-abre-cadastro-para-comerciantes-informais-de-artigos-carnavalescos-saiba-como-se-inscrever\/","name":"Prefeitura de Natal abre cadastro para comerciantes informais de artigos carnavalescos; saiba como se inscrever - Taveira Jr","isPartOf":{"@id":"https:\/\/deputadotaveirajr.com.br\/#website"},"primaryImageOfPage":{"@id":"https:\/\/deputadotaveirajr.com.br\/index.php\/prefeitura-de-natal-abre-cadastro-para-comerciantes-informais-de-artigos-carnavalescos-saiba-como-se-inscrever\/#primaryimage"},"image":{"@id":"https:\/\/deputadotaveirajr.com.br\/index.php\/prefeitura-de-natal-abre-cadastro-para-comerciantes-informais-de-artigos-carnavalescos-saiba-como-se-inscrever\/#primaryimage"},"thumbnailUrl":"https:\/\/deputadotaveirajr.com.br\/wp-content\/uploads\/2025\/02\/carnaval_-ZKazqj.jpeg","datePublished":"2025-02-12T20:18:54+00:00","breadcrumb":{"@id":"https:\/\/deputadotaveirajr.com.br\/index.php\/prefeitura-de-natal-abre-cadastro-para-comerciantes-informais-de-artigos-carnavalescos-saiba-como-se-inscrever\/#breadcrumb"},"inLanguage":"pt-BR","potentialAction":[{"@type":"ReadAction","target":["https:\/\/deputadotaveirajr.com.br\/index.php\/prefeitura-de-natal-abre-cadastro-para-comerciantes-informais-de-artigos-carnavalescos-saiba-como-se-inscrever\/"]}]},{"@type":"ImageObject","inLanguage":"pt-BR","@id":"https:\/\/deputadotaveirajr.com.br\/index.php\/prefeitura-de-natal-abre-cadastro-para-comerciantes-informais-de-artigos-carnavalescos-saiba-como-se-inscrever\/#primaryimage","url":"https:\/\/deputadotaveirajr.com.br\/wp-content\/uploads\/2025\/02\/carnaval_-ZKazqj.jpeg","contentUrl":"https:\/\/deputadotaveirajr.com.br\/wp-content\/uploads\/2025\/02\/carnaval_-ZKazqj.jpeg","width":698,"height":465},{"@type":"BreadcrumbList","@id":"https:\/\/deputadotaveirajr.com.br\/index.php\/prefeitura-de-natal-abre-cadastro-para-comerciantes-informais-de-artigos-carnavalescos-saiba-como-se-inscrever\/#breadcrumb","itemListElement":[{"@type":"ListItem","position":1,"name":"In\u00edcio","item":"https:\/\/deputadotaveirajr.com.br\/"},{"@type":"ListItem","position":2,"name":"Prefeitura de Natal abre cadastro para comerciantes informais de artigos carnavalescos; saiba como se inscrever"}]},{"@type":"WebSite","@id":"https:\/\/deputadotaveirajr.com.br\/#website","url":"https:\/\/deputadotaveirajr.com.br\/","name":"Taveira Jr","description":"Deputado Estadual","publisher":{"@id":"https:\/\/deputadotaveirajr.com.br\/#organization"},"potentialAction":[{"@type":"SearchAction","target":{"@type":"EntryPoint","urlTemplate":"https:\/\/deputadotaveirajr.com.br\/?s={search_term_string}"},"query-input":{"@type":"PropertyValueSpecification","valueRequired":true,"valueName":"search_term_string"}}],"inLanguage":"pt-BR"},{"@type":"Organization","@id":"https:\/\/deputadotaveirajr.com.br\/#organization","name":"Taveira Jr","url":"https:\/\/deputadotaveirajr.com.br\/","logo":{"@type":"ImageObject","inLanguage":"pt-BR","@id":"https:\/\/deputadotaveirajr.com.br\/#\/schema\/logo\/image\/","url":"https:\/\/deputadotaveirajr.com.br\/wp-content\/uploads\/2026\/01\/logolow2a.png","contentUrl":"https:\/\/deputadotaveirajr.com.br\/wp-content\/uploads\/2026\/01\/logolow2a.png","width":290,"height":80,"caption":"Taveira Jr"},"image":{"@id":"https:\/\/deputadotaveirajr.com.br\/#\/schema\/logo\/image\/"}}]}},"_links":{"self":[{"href":"https:\/\/deputadotaveirajr.com.br\/index.php\/wp-json\/wp\/v2\/pages\/12213","targetHints":{"allow":["GET"]}}],"collection":[{"href":"https:\/\/deputadotaveirajr.com.br\/index.php\/wp-json\/wp\/v2\/pages"}],"about":[{"href":"https:\/\/deputadotaveirajr.com.br\/index.php\/wp-json\/wp\/v2\/types\/page"}],"replies":[{"embeddable":true,"href":"https:\/\/deputadotaveirajr.com.br\/index.php\/wp-json\/wp\/v2\/comments?post=12213"}],"version-history":[{"count":0,"href":"https:\/\/deputadotaveirajr.com.br\/index.php\/wp-json\/wp\/v2\/pages\/12213\/revisions"}],"wp:featuredmedia":[{"embeddable":true,"href":"https:\/\/deputadotaveirajr.com.br\/index.php\/wp-json\/wp\/v2\/media\/12214"}],"wp:attachment":[{"href":"https:\/\/deputadotaveirajr.com.br\/index.php\/wp-json\/wp\/v2\/media?parent=12213"}],"curies":[{"name":"wp","href":"https:\/\/api.w.org\/{rel}","templated":true}]}}