{"id":12215,"date":"2025-02-12T16:05:50","date_gmt":"2025-02-12T19:05:50","guid":{"rendered":"https:\/\/deputadotaveirajr.com.br\/index.php\/de-escrituras-a-divorcios-cartorio-digital-realiza-16-mil-procedimentos-no-rn\/"},"modified":"2025-02-12T16:05:50","modified_gmt":"2025-02-12T19:05:50","slug":"de-escrituras-a-divorcios-cartorio-digital-realiza-16-mil-procedimentos-no-rn","status":"publish","type":"page","link":"https:\/\/deputadotaveirajr.com.br\/index.php\/de-escrituras-a-divorcios-cartorio-digital-realiza-16-mil-procedimentos-no-rn\/","title":{"rendered":"De escrituras a div\u00f3rcios: cart\u00f3rio digital realiza 16 mil procedimentos no RN"},"content":{"rendered":"<p><img decoding=\"async\" src=\"https:\/\/s2-g1.glbimg.com\/PkV1ajjFglXFx5f-wINbLb7Z_vU=\/i.s3.glbimg.com\/v1\/AUTH_59edd422c0c84a879bd37670ae4f538a\/internal_photos\/bs\/2020\/h\/a\/rJWDQBQXGoLBOtR2fJQA\/frame-00-00-00.042.jpg\" \/><br \/>     Plataforma nacional dos Cart\u00f3rios de Notas oferece diversos servi\u00e7os online que antes s\u00f3 poderiam ser realizados presencialmente. O e-notariado gera documentos digitais que podem ser acessados na tela do celular ou do computador<br \/>\nReprodu\u00e7\u00e3o\/TV Globo<br \/>\nPelo menos 16 mil atos notariais j\u00e1 foram realizados de forma 100% online no Rio Grande do Norte atrav\u00e9s do e-Notariado. A plataforma oferece, pela internet, servi\u00e7os como escrituras de compra e venda, doa\u00e7\u00e3o, procura\u00e7\u00f5es, div\u00f3rcios, testamentos e invent\u00e1rios &#8211; que antes s\u00f3 eram feitos presencialmente em um cart\u00f3rio.<br \/>\nA ferramenta foi lan\u00e7ada na pandemia e a procura pelos servi\u00e7os digitais tem aumentado constantemente no pa\u00eds.<br \/>\n\ud83d\udcf3Participe do canal do g1 RN no WhatsApp<br \/>\nEm dezembro de 2024, foi registrado o maior volume mensal da hist\u00f3ria da plataforma, com mais de 83 mil atos digitais realizados em todo o Brasil. O ano de 2024 tamb\u00e9m marcou um crescimento expressivo de 39% em rela\u00e7\u00e3o a 2023, refletindo o aumento da ades\u00e3o da popula\u00e7\u00e3o aos servi\u00e7os digitais.<br \/>\nAl\u00e9m das escrituras e procura\u00e7\u00f5es, que tamb\u00e9m podem ser feitas presencialmente em qualquer Cart\u00f3rio de Notas, a plataforma oferece outros servi\u00e7os exclusivamente digitais, como a Autoriza\u00e7\u00e3o Eletr\u00f4nica de Viagem (AEV), a Autoriza\u00e7\u00e3o Eletr\u00f4nica de Doa\u00e7\u00e3o de \u00d3rg\u00e3os (AEDO) e o e-Not Assina, sistema de assinaturas digitais com validade jur\u00eddica.<br \/>\nLEIA TAMB\u00c9M:<br \/>\nCart\u00f3rios passam a emitir autoriza\u00e7\u00e3o pela internet para que crian\u00e7as e adolescentes viagem para o exterior<br \/>\nDoa\u00e7\u00e3o de \u00f3rg\u00e3os: CNJ e cart\u00f3rios lan\u00e7am sistema eletr\u00f4nico para candidatos manifestarem interesse e autorizarem processo<br \/>\n\u201cO uso da tecnologia nos servi\u00e7os notariais permitiu a amplia\u00e7\u00e3o do acesso da popula\u00e7\u00e3o a atos essenciais, garantindo maior praticidade sem abrir m\u00e3o da seguran\u00e7a jur\u00eddica\u201d, destaca o presidente do CNB\/RN, S\u00e9rgio Proc\u00f3pio. \u201cA pandemia acelerou essa mudan\u00e7a, e hoje vemos um novo padr\u00e3o de atendimento sendo consolidado no Brasil\u201d, explicou.<br \/>\nO e-Notariado utiliza tecnologia avan\u00e7ada, como videoconfer\u00eancias e assinaturas digitais com certifica\u00e7\u00e3o gratuita, para garantir a autenticidade e a validade jur\u00eddica dos atos.<br \/>\nPara realizar um ato notarial digital pela plataforma, o interessado deve acessar o site oficial e criar um cadastro. O primeiro passo \u00e9 obter o Certificado Digital Notarizado, que \u00e9 emitido gratuitamente por qualquer tabeli\u00e3o de notas de forma online. Esse certificado \u00e9 necess\u00e1rio para validar a identidade do usu\u00e1rio e garantir a autenticidade das assinaturas digitais.<br \/>\nAp\u00f3s a emiss\u00e3o do certificado, o usu\u00e1rio pode solicitar o servi\u00e7o desejado diretamente na plataforma, como escrituras, procura\u00e7\u00f5es ou testamentos. O tabeli\u00e3o agendar\u00e1 uma videoconfer\u00eancia para confirmar a manifesta\u00e7\u00e3o de vontade das partes, garantindo a validade jur\u00eddica do ato. Uma vez conclu\u00eddo, o documento digital \u00e9 enviado ao interessado e pode ser verificado por meio de QR Code.<br \/>\nV\u00cdDEOS: Mais vistos do RN<\/p>","protected":false},"excerpt":{"rendered":"<p>Plataforma nacional dos Cart\u00f3rios de Notas oferece diversos servi\u00e7os online que antes s\u00f3 poderiam ser realizados presencialmente. O e-notariado gera documentos digitais que podem ser acessados na tela do celular &#8230;<\/p>\n","protected":false},"author":0,"featured_media":12216,"parent":0,"menu_order":0,"comment_status":"closed","ping_status":"closed","template":"","meta":{"footnotes":""},"class_list":["post-12215","page","type-page","status-publish","has-post-thumbnail","hentry"],"yoast_head":"<!-- This site is optimized with the Yoast SEO plugin v27.1.1 - https:\/\/yoast.com\/product\/yoast-seo-wordpress\/ -->\n<title>De escrituras a div\u00f3rcios: cart\u00f3rio digital realiza 16 mil procedimentos no RN - Taveira Jr<\/title>\n<meta name=\"robots\" content=\"index, follow, max-snippet:-1, max-image-preview:large, max-video-preview:-1\" \/>\n<link rel=\"canonical\" href=\"https:\/\/deputadotaveirajr.com.br\/index.php\/de-escrituras-a-divorcios-cartorio-digital-realiza-16-mil-procedimentos-no-rn\/\" \/>\n<meta property=\"og:locale\" content=\"pt_BR\" \/>\n<meta property=\"og:type\" content=\"article\" \/>\n<meta property=\"og:title\" content=\"De escrituras a div\u00f3rcios: cart\u00f3rio digital realiza 16 mil procedimentos no RN - Taveira Jr\" \/>\n<meta property=\"og:description\" content=\"Plataforma nacional dos Cart\u00f3rios de Notas oferece diversos servi\u00e7os online que antes s\u00f3 poderiam ser realizados presencialmente. O e-notariado gera documentos digitais que podem ser acessados na tela do celular ...\" \/>\n<meta property=\"og:url\" content=\"https:\/\/deputadotaveirajr.com.br\/index.php\/de-escrituras-a-divorcios-cartorio-digital-realiza-16-mil-procedimentos-no-rn\/\" \/>\n<meta property=\"og:site_name\" content=\"Taveira Jr\" \/>\n<meta property=\"og:image\" content=\"https:\/\/s2-g1.glbimg.com\/PkV1ajjFglXFx5f-wINbLb7Z_vU=\/i.s3.glbimg.com\/v1\/AUTH_59edd422c0c84a879bd37670ae4f538a\/internal_photos\/bs\/2020\/h\/a\/rJWDQBQXGoLBOtR2fJQA\/frame-00-00-00.042.jpg\" \/>\n<meta name=\"twitter:card\" content=\"summary_large_image\" \/>\n<meta name=\"twitter:label1\" content=\"Est. tempo de leitura\" \/>\n\t<meta name=\"twitter:data1\" content=\"2 minutos\" \/>\n<script type=\"application\/ld+json\" class=\"yoast-schema-graph\">{\"@context\":\"https:\/\/schema.org\",\"@graph\":[{\"@type\":\"WebPage\",\"@id\":\"https:\/\/deputadotaveirajr.com.br\/index.php\/de-escrituras-a-divorcios-cartorio-digital-realiza-16-mil-procedimentos-no-rn\/\",\"url\":\"https:\/\/deputadotaveirajr.com.br\/index.php\/de-escrituras-a-divorcios-cartorio-digital-realiza-16-mil-procedimentos-no-rn\/\",\"name\":\"De escrituras a div\u00f3rcios: cart\u00f3rio digital realiza 16 mil procedimentos no RN - Taveira Jr\",\"isPartOf\":{\"@id\":\"https:\/\/deputadotaveirajr.com.br\/#website\"},\"primaryImageOfPage\":{\"@id\":\"https:\/\/deputadotaveirajr.com.br\/index.php\/de-escrituras-a-divorcios-cartorio-digital-realiza-16-mil-procedimentos-no-rn\/#primaryimage\"},\"image\":{\"@id\":\"https:\/\/deputadotaveirajr.com.br\/index.php\/de-escrituras-a-divorcios-cartorio-digital-realiza-16-mil-procedimentos-no-rn\/#primaryimage\"},\"thumbnailUrl\":\"https:\/\/deputadotaveirajr.com.br\/wp-content\/uploads\/2025\/02\/frame-00-00-00.042-WUbmVD.jpeg\",\"datePublished\":\"2025-02-12T19:05:50+00:00\",\"breadcrumb\":{\"@id\":\"https:\/\/deputadotaveirajr.com.br\/index.php\/de-escrituras-a-divorcios-cartorio-digital-realiza-16-mil-procedimentos-no-rn\/#breadcrumb\"},\"inLanguage\":\"pt-BR\",\"potentialAction\":[{\"@type\":\"ReadAction\",\"target\":[\"https:\/\/deputadotaveirajr.com.br\/index.php\/de-escrituras-a-divorcios-cartorio-digital-realiza-16-mil-procedimentos-no-rn\/\"]}]},{\"@type\":\"ImageObject\",\"inLanguage\":\"pt-BR\",\"@id\":\"https:\/\/deputadotaveirajr.com.br\/index.php\/de-escrituras-a-divorcios-cartorio-digital-realiza-16-mil-procedimentos-no-rn\/#primaryimage\",\"url\":\"https:\/\/deputadotaveirajr.com.br\/wp-content\/uploads\/2025\/02\/frame-00-00-00.042-WUbmVD.jpeg\",\"contentUrl\":\"https:\/\/deputadotaveirajr.com.br\/wp-content\/uploads\/2025\/02\/frame-00-00-00.042-WUbmVD.jpeg\",\"width\":1920,\"height\":1080},{\"@type\":\"BreadcrumbList\",\"@id\":\"https:\/\/deputadotaveirajr.com.br\/index.php\/de-escrituras-a-divorcios-cartorio-digital-realiza-16-mil-procedimentos-no-rn\/#breadcrumb\",\"itemListElement\":[{\"@type\":\"ListItem\",\"position\":1,\"name\":\"In\u00edcio\",\"item\":\"https:\/\/deputadotaveirajr.com.br\/\"},{\"@type\":\"ListItem\",\"position\":2,\"name\":\"De escrituras a div\u00f3rcios: cart\u00f3rio digital realiza 16 mil procedimentos no RN\"}]},{\"@type\":\"WebSite\",\"@id\":\"https:\/\/deputadotaveirajr.com.br\/#website\",\"url\":\"https:\/\/deputadotaveirajr.com.br\/\",\"name\":\"Taveira Jr\",\"description\":\"Deputado Estadual\",\"publisher\":{\"@id\":\"https:\/\/deputadotaveirajr.com.br\/#organization\"},\"potentialAction\":[{\"@type\":\"SearchAction\",\"target\":{\"@type\":\"EntryPoint\",\"urlTemplate\":\"https:\/\/deputadotaveirajr.com.br\/?s={search_term_string}\"},\"query-input\":{\"@type\":\"PropertyValueSpecification\",\"valueRequired\":true,\"valueName\":\"search_term_string\"}}],\"inLanguage\":\"pt-BR\"},{\"@type\":\"Organization\",\"@id\":\"https:\/\/deputadotaveirajr.com.br\/#organization\",\"name\":\"Taveira Jr\",\"url\":\"https:\/\/deputadotaveirajr.com.br\/\",\"logo\":{\"@type\":\"ImageObject\",\"inLanguage\":\"pt-BR\",\"@id\":\"https:\/\/deputadotaveirajr.com.br\/#\/schema\/logo\/image\/\",\"url\":\"https:\/\/deputadotaveirajr.com.br\/wp-content\/uploads\/2026\/01\/logolow2a.png\",\"contentUrl\":\"https:\/\/deputadotaveirajr.com.br\/wp-content\/uploads\/2026\/01\/logolow2a.png\",\"width\":290,\"height\":80,\"caption\":\"Taveira Jr\"},\"image\":{\"@id\":\"https:\/\/deputadotaveirajr.com.br\/#\/schema\/logo\/image\/\"}}]}<\/script>\n<!-- \/ Yoast SEO plugin. -->","yoast_head_json":{"title":"De escrituras a div\u00f3rcios: cart\u00f3rio digital realiza 16 mil procedimentos no RN - Taveira Jr","robots":{"index":"index","follow":"follow","max-snippet":"max-snippet:-1","max-image-preview":"max-image-preview:large","max-video-preview":"max-video-preview:-1"},"canonical":"https:\/\/deputadotaveirajr.com.br\/index.php\/de-escrituras-a-divorcios-cartorio-digital-realiza-16-mil-procedimentos-no-rn\/","og_locale":"pt_BR","og_type":"article","og_title":"De escrituras a div\u00f3rcios: cart\u00f3rio digital realiza 16 mil procedimentos no RN - Taveira Jr","og_description":"Plataforma nacional dos Cart\u00f3rios de Notas oferece diversos servi\u00e7os online que antes s\u00f3 poderiam ser realizados presencialmente. O e-notariado gera documentos digitais que podem ser acessados na tela do celular ...","og_url":"https:\/\/deputadotaveirajr.com.br\/index.php\/de-escrituras-a-divorcios-cartorio-digital-realiza-16-mil-procedimentos-no-rn\/","og_site_name":"Taveira Jr","og_image":[{"url":"https:\/\/s2-g1.glbimg.com\/PkV1ajjFglXFx5f-wINbLb7Z_vU=\/i.s3.glbimg.com\/v1\/AUTH_59edd422c0c84a879bd37670ae4f538a\/internal_photos\/bs\/2020\/h\/a\/rJWDQBQXGoLBOtR2fJQA\/frame-00-00-00.042.jpg","type":"","width":"","height":""}],"twitter_card":"summary_large_image","twitter_misc":{"Est. tempo de leitura":"2 minutos"},"schema":{"@context":"https:\/\/schema.org","@graph":[{"@type":"WebPage","@id":"https:\/\/deputadotaveirajr.com.br\/index.php\/de-escrituras-a-divorcios-cartorio-digital-realiza-16-mil-procedimentos-no-rn\/","url":"https:\/\/deputadotaveirajr.com.br\/index.php\/de-escrituras-a-divorcios-cartorio-digital-realiza-16-mil-procedimentos-no-rn\/","name":"De escrituras a div\u00f3rcios: cart\u00f3rio digital realiza 16 mil procedimentos no RN - Taveira Jr","isPartOf":{"@id":"https:\/\/deputadotaveirajr.com.br\/#website"},"primaryImageOfPage":{"@id":"https:\/\/deputadotaveirajr.com.br\/index.php\/de-escrituras-a-divorcios-cartorio-digital-realiza-16-mil-procedimentos-no-rn\/#primaryimage"},"image":{"@id":"https:\/\/deputadotaveirajr.com.br\/index.php\/de-escrituras-a-divorcios-cartorio-digital-realiza-16-mil-procedimentos-no-rn\/#primaryimage"},"thumbnailUrl":"https:\/\/deputadotaveirajr.com.br\/wp-content\/uploads\/2025\/02\/frame-00-00-00.042-WUbmVD.jpeg","datePublished":"2025-02-12T19:05:50+00:00","breadcrumb":{"@id":"https:\/\/deputadotaveirajr.com.br\/index.php\/de-escrituras-a-divorcios-cartorio-digital-realiza-16-mil-procedimentos-no-rn\/#breadcrumb"},"inLanguage":"pt-BR","potentialAction":[{"@type":"ReadAction","target":["https:\/\/deputadotaveirajr.com.br\/index.php\/de-escrituras-a-divorcios-cartorio-digital-realiza-16-mil-procedimentos-no-rn\/"]}]},{"@type":"ImageObject","inLanguage":"pt-BR","@id":"https:\/\/deputadotaveirajr.com.br\/index.php\/de-escrituras-a-divorcios-cartorio-digital-realiza-16-mil-procedimentos-no-rn\/#primaryimage","url":"https:\/\/deputadotaveirajr.com.br\/wp-content\/uploads\/2025\/02\/frame-00-00-00.042-WUbmVD.jpeg","contentUrl":"https:\/\/deputadotaveirajr.com.br\/wp-content\/uploads\/2025\/02\/frame-00-00-00.042-WUbmVD.jpeg","width":1920,"height":1080},{"@type":"BreadcrumbList","@id":"https:\/\/deputadotaveirajr.com.br\/index.php\/de-escrituras-a-divorcios-cartorio-digital-realiza-16-mil-procedimentos-no-rn\/#breadcrumb","itemListElement":[{"@type":"ListItem","position":1,"name":"In\u00edcio","item":"https:\/\/deputadotaveirajr.com.br\/"},{"@type":"ListItem","position":2,"name":"De escrituras a div\u00f3rcios: cart\u00f3rio digital realiza 16 mil procedimentos no RN"}]},{"@type":"WebSite","@id":"https:\/\/deputadotaveirajr.com.br\/#website","url":"https:\/\/deputadotaveirajr.com.br\/","name":"Taveira Jr","description":"Deputado Estadual","publisher":{"@id":"https:\/\/deputadotaveirajr.com.br\/#organization"},"potentialAction":[{"@type":"SearchAction","target":{"@type":"EntryPoint","urlTemplate":"https:\/\/deputadotaveirajr.com.br\/?s={search_term_string}"},"query-input":{"@type":"PropertyValueSpecification","valueRequired":true,"valueName":"search_term_string"}}],"inLanguage":"pt-BR"},{"@type":"Organization","@id":"https:\/\/deputadotaveirajr.com.br\/#organization","name":"Taveira Jr","url":"https:\/\/deputadotaveirajr.com.br\/","logo":{"@type":"ImageObject","inLanguage":"pt-BR","@id":"https:\/\/deputadotaveirajr.com.br\/#\/schema\/logo\/image\/","url":"https:\/\/deputadotaveirajr.com.br\/wp-content\/uploads\/2026\/01\/logolow2a.png","contentUrl":"https:\/\/deputadotaveirajr.com.br\/wp-content\/uploads\/2026\/01\/logolow2a.png","width":290,"height":80,"caption":"Taveira Jr"},"image":{"@id":"https:\/\/deputadotaveirajr.com.br\/#\/schema\/logo\/image\/"}}]}},"_links":{"self":[{"href":"https:\/\/deputadotaveirajr.com.br\/index.php\/wp-json\/wp\/v2\/pages\/12215","targetHints":{"allow":["GET"]}}],"collection":[{"href":"https:\/\/deputadotaveirajr.com.br\/index.php\/wp-json\/wp\/v2\/pages"}],"about":[{"href":"https:\/\/deputadotaveirajr.com.br\/index.php\/wp-json\/wp\/v2\/types\/page"}],"replies":[{"embeddable":true,"href":"https:\/\/deputadotaveirajr.com.br\/index.php\/wp-json\/wp\/v2\/comments?post=12215"}],"version-history":[{"count":0,"href":"https:\/\/deputadotaveirajr.com.br\/index.php\/wp-json\/wp\/v2\/pages\/12215\/revisions"}],"wp:featuredmedia":[{"embeddable":true,"href":"https:\/\/deputadotaveirajr.com.br\/index.php\/wp-json\/wp\/v2\/media\/12216"}],"wp:attachment":[{"href":"https:\/\/deputadotaveirajr.com.br\/index.php\/wp-json\/wp\/v2\/media?parent=12215"}],"curies":[{"name":"wp","href":"https:\/\/api.w.org\/{rel}","templated":true}]}}