{"id":12219,"date":"2025-02-12T11:33:07","date_gmt":"2025-02-12T14:33:07","guid":{"rendered":"https:\/\/deputadotaveirajr.com.br\/index.php\/passeios-turisticos-no-rn-tinham-precos-tabelados-e-rotas-controladas-por-associacao-criminosa-diz-policia\/"},"modified":"2025-02-12T11:33:07","modified_gmt":"2025-02-12T14:33:07","slug":"passeios-turisticos-no-rn-tinham-precos-tabelados-e-rotas-controladas-por-associacao-criminosa-diz-policia","status":"publish","type":"page","link":"https:\/\/deputadotaveirajr.com.br\/index.php\/passeios-turisticos-no-rn-tinham-precos-tabelados-e-rotas-controladas-por-associacao-criminosa-diz-policia\/","title":{"rendered":"Passeios tur\u00edsticos no RN tinham pre\u00e7os tabelados e rotas controladas por associa\u00e7\u00e3o criminosa, diz pol\u00edcia"},"content":{"rendered":"<p><img decoding=\"async\" src=\"https:\/\/s2-g1.glbimg.com\/th3DOikuH_OeF-NcLDvjc3trkL0=\/i.s3.glbimg.com\/v1\/AUTH_59edd422c0c84a879bd37670ae4f538a\/internal_photos\/bs\/2025\/u\/d\/wlQYoSSBaaAyjPCO92ZQ\/dunas.jpg\" \/><br \/>     Opera\u00e7\u00e3o deflagrada nesta quarta-feira (12) prendeu tr\u00eas pessoas e cumpriu mandados de busca e apreens\u00e3o contra investigados pelos crimes.  Pol\u00edcia Civil cumpre mandados dentro da Opera\u00e7\u00e3o Litoral, no RN<br \/>\nPasseios tur\u00edsticos realizados no litoral do Rio Grande do Norte tinham pre\u00e7os tabelados e rotas controladas por uma associa\u00e7\u00e3o criminosa, segundo informou a Pol\u00edcia Civil.<br \/>\nUma opera\u00e7\u00e3o deflagrada nesta quarta-feira (12) prendeu tr\u00eas pessoas &#8211; duas por for\u00e7a de mandados de pris\u00e3o e outra em flagrante, por posse ilegal de arma de fogo. A a\u00e7\u00e3o foi comandada pela Divis\u00e3o Especializada em Investiga\u00e7\u00e3o e Combate ao Crime Organizado (Deicor).<br \/>\n\ud83d\udcf3Participe do canal do g1 RN no WhatsApp<br \/>\nPasseio pelas dunas e lagoas de B\u00fazios era um dos alvos dos criminosos<br \/>\nFernanda Zauli\/g1<br \/>\nSegundo a pol\u00edcia, a associa\u00e7\u00e3o criminosa atuava na explora\u00e7\u00e3o ilegal de passeios tur\u00edsticos no litoral do Rio Grande do Norte. O grupo fazia amea\u00e7as e praticava viol\u00eancia para impor o tabelamento de pre\u00e7os e controlar o acesso \u00e0s rotas de passeio, restringindo a atua\u00e7\u00e3o de outros profissionais do setor.<br \/>\nAinda de acordo com a pol\u00edcia, as atividades il\u00edcitas se estendiam tanto pelo litoral sul quanto pelo litoral norte do estado.  As investiga\u00e7\u00f5es foram iniciadas a partir de den\u00fancias de turistas e trabalhadores do setor, que relataram amea\u00e7as e coer\u00e7\u00e3o por parte dos suspeitos.<br \/>\nDurante a opera\u00e7\u00e3o, dez mandados judiciais foram cumpridos, sendo dois de pris\u00e3o e oito de busca e apreens\u00e3o, em cidades como Natal, Parnamirim, N\u00edsia Floresta e Jo\u00e3o Pessoa (PB).<br \/>\nArmas apreendidas durante opera\u00e7\u00e3o contra grupo suspeito de coagir trabalhadores do turismo no RN<br \/>\nPol\u00edcia Civil\/Divulga\u00e7\u00e3o<br \/>\n&#8220;Os alvos identificados incluem lideran\u00e7as e integrantes do grupo criminoso, que coagiam profissionais do setor tur\u00edstico, impedindo-os de trabalhar e impondo san\u00e7\u00f5es arbitr\u00e1rias&#8221;, informou a pol\u00edcia.<br \/>\nForam apreendidas armas de fogo, muni\u00e7\u00f5es, documentos e outros materiais que subsidiar\u00e3o o andamento das investiga\u00e7\u00f5es.<br \/>\nO g1 perguntou \u00e0 Pol\u00edcia Civil desde quando o grupo atuava na regi\u00e3o e quantas pessoas, ao todo, participavam dos crimes, mas n\u00e3o recebeu respostas sobre o assunto at\u00e9 a \u00faltima atualiza\u00e7\u00e3o desta reportagem.<br \/>\nSegundo a pol\u00edcia, os presos foram encaminhados ao sistema prisional, onde permanecer\u00e3o \u00e0 disposi\u00e7\u00e3o da Justi\u00e7a.<br \/>\nVeja os v\u00eddeos mais assistidos no g1 RN<\/p>","protected":false},"excerpt":{"rendered":"<p>Opera\u00e7\u00e3o deflagrada nesta quarta-feira (12) prendeu tr\u00eas pessoas e cumpriu mandados de busca e apreens\u00e3o contra investigados pelos crimes. Pol\u00edcia Civil cumpre mandados dentro da Opera\u00e7\u00e3o Litoral, no RN Passeios &#8230;<\/p>\n","protected":false},"author":0,"featured_media":12220,"parent":0,"menu_order":0,"comment_status":"closed","ping_status":"closed","template":"","meta":{"footnotes":""},"class_list":["post-12219","page","type-page","status-publish","has-post-thumbnail","hentry"],"yoast_head":"<!-- This site is optimized with the Yoast SEO plugin v27.1.1 - https:\/\/yoast.com\/product\/yoast-seo-wordpress\/ -->\n<title>Passeios tur\u00edsticos no RN tinham pre\u00e7os tabelados e rotas controladas por associa\u00e7\u00e3o criminosa, diz pol\u00edcia - Taveira Jr<\/title>\n<meta name=\"robots\" content=\"index, follow, max-snippet:-1, max-image-preview:large, max-video-preview:-1\" \/>\n<link rel=\"canonical\" href=\"https:\/\/deputadotaveirajr.com.br\/index.php\/passeios-turisticos-no-rn-tinham-precos-tabelados-e-rotas-controladas-por-associacao-criminosa-diz-policia\/\" \/>\n<meta property=\"og:locale\" content=\"pt_BR\" \/>\n<meta property=\"og:type\" content=\"article\" \/>\n<meta property=\"og:title\" content=\"Passeios tur\u00edsticos no RN tinham pre\u00e7os tabelados e rotas controladas por associa\u00e7\u00e3o criminosa, diz pol\u00edcia - Taveira Jr\" \/>\n<meta property=\"og:description\" content=\"Opera\u00e7\u00e3o deflagrada nesta quarta-feira (12) prendeu tr\u00eas pessoas e cumpriu mandados de busca e apreens\u00e3o contra investigados pelos crimes. Pol\u00edcia Civil cumpre mandados dentro da Opera\u00e7\u00e3o Litoral, no RN Passeios ...\" \/>\n<meta property=\"og:url\" content=\"https:\/\/deputadotaveirajr.com.br\/index.php\/passeios-turisticos-no-rn-tinham-precos-tabelados-e-rotas-controladas-por-associacao-criminosa-diz-policia\/\" \/>\n<meta property=\"og:site_name\" content=\"Taveira Jr\" \/>\n<meta property=\"og:image\" content=\"https:\/\/s2-g1.glbimg.com\/th3DOikuH_OeF-NcLDvjc3trkL0=\/i.s3.glbimg.com\/v1\/AUTH_59edd422c0c84a879bd37670ae4f538a\/internal_photos\/bs\/2025\/u\/d\/wlQYoSSBaaAyjPCO92ZQ\/dunas.jpg\" \/>\n<meta name=\"twitter:card\" content=\"summary_large_image\" \/>\n<meta name=\"twitter:label1\" content=\"Est. tempo de leitura\" \/>\n\t<meta name=\"twitter:data1\" content=\"2 minutos\" \/>\n<script type=\"application\/ld+json\" class=\"yoast-schema-graph\">{\"@context\":\"https:\/\/schema.org\",\"@graph\":[{\"@type\":\"WebPage\",\"@id\":\"https:\/\/deputadotaveirajr.com.br\/index.php\/passeios-turisticos-no-rn-tinham-precos-tabelados-e-rotas-controladas-por-associacao-criminosa-diz-policia\/\",\"url\":\"https:\/\/deputadotaveirajr.com.br\/index.php\/passeios-turisticos-no-rn-tinham-precos-tabelados-e-rotas-controladas-por-associacao-criminosa-diz-policia\/\",\"name\":\"Passeios tur\u00edsticos no RN tinham pre\u00e7os tabelados e rotas controladas por associa\u00e7\u00e3o criminosa, diz pol\u00edcia - Taveira Jr\",\"isPartOf\":{\"@id\":\"https:\/\/deputadotaveirajr.com.br\/#website\"},\"primaryImageOfPage\":{\"@id\":\"https:\/\/deputadotaveirajr.com.br\/index.php\/passeios-turisticos-no-rn-tinham-precos-tabelados-e-rotas-controladas-por-associacao-criminosa-diz-policia\/#primaryimage\"},\"image\":{\"@id\":\"https:\/\/deputadotaveirajr.com.br\/index.php\/passeios-turisticos-no-rn-tinham-precos-tabelados-e-rotas-controladas-por-associacao-criminosa-diz-policia\/#primaryimage\"},\"thumbnailUrl\":\"https:\/\/deputadotaveirajr.com.br\/wp-content\/uploads\/2025\/02\/dunas-hZ5W8N.jpeg\",\"datePublished\":\"2025-02-12T14:33:07+00:00\",\"breadcrumb\":{\"@id\":\"https:\/\/deputadotaveirajr.com.br\/index.php\/passeios-turisticos-no-rn-tinham-precos-tabelados-e-rotas-controladas-por-associacao-criminosa-diz-policia\/#breadcrumb\"},\"inLanguage\":\"pt-BR\",\"potentialAction\":[{\"@type\":\"ReadAction\",\"target\":[\"https:\/\/deputadotaveirajr.com.br\/index.php\/passeios-turisticos-no-rn-tinham-precos-tabelados-e-rotas-controladas-por-associacao-criminosa-diz-policia\/\"]}]},{\"@type\":\"ImageObject\",\"inLanguage\":\"pt-BR\",\"@id\":\"https:\/\/deputadotaveirajr.com.br\/index.php\/passeios-turisticos-no-rn-tinham-precos-tabelados-e-rotas-controladas-por-associacao-criminosa-diz-policia\/#primaryimage\",\"url\":\"https:\/\/deputadotaveirajr.com.br\/wp-content\/uploads\/2025\/02\/dunas-hZ5W8N.jpeg\",\"contentUrl\":\"https:\/\/deputadotaveirajr.com.br\/wp-content\/uploads\/2025\/02\/dunas-hZ5W8N.jpeg\",\"width\":1045,\"height\":713},{\"@type\":\"BreadcrumbList\",\"@id\":\"https:\/\/deputadotaveirajr.com.br\/index.php\/passeios-turisticos-no-rn-tinham-precos-tabelados-e-rotas-controladas-por-associacao-criminosa-diz-policia\/#breadcrumb\",\"itemListElement\":[{\"@type\":\"ListItem\",\"position\":1,\"name\":\"In\u00edcio\",\"item\":\"https:\/\/deputadotaveirajr.com.br\/\"},{\"@type\":\"ListItem\",\"position\":2,\"name\":\"Passeios tur\u00edsticos no RN tinham pre\u00e7os tabelados e rotas controladas por associa\u00e7\u00e3o criminosa, diz pol\u00edcia\"}]},{\"@type\":\"WebSite\",\"@id\":\"https:\/\/deputadotaveirajr.com.br\/#website\",\"url\":\"https:\/\/deputadotaveirajr.com.br\/\",\"name\":\"Taveira Jr\",\"description\":\"Deputado Estadual\",\"publisher\":{\"@id\":\"https:\/\/deputadotaveirajr.com.br\/#organization\"},\"potentialAction\":[{\"@type\":\"SearchAction\",\"target\":{\"@type\":\"EntryPoint\",\"urlTemplate\":\"https:\/\/deputadotaveirajr.com.br\/?s={search_term_string}\"},\"query-input\":{\"@type\":\"PropertyValueSpecification\",\"valueRequired\":true,\"valueName\":\"search_term_string\"}}],\"inLanguage\":\"pt-BR\"},{\"@type\":\"Organization\",\"@id\":\"https:\/\/deputadotaveirajr.com.br\/#organization\",\"name\":\"Taveira Jr\",\"url\":\"https:\/\/deputadotaveirajr.com.br\/\",\"logo\":{\"@type\":\"ImageObject\",\"inLanguage\":\"pt-BR\",\"@id\":\"https:\/\/deputadotaveirajr.com.br\/#\/schema\/logo\/image\/\",\"url\":\"https:\/\/deputadotaveirajr.com.br\/wp-content\/uploads\/2026\/01\/logolow2a.png\",\"contentUrl\":\"https:\/\/deputadotaveirajr.com.br\/wp-content\/uploads\/2026\/01\/logolow2a.png\",\"width\":290,\"height\":80,\"caption\":\"Taveira Jr\"},\"image\":{\"@id\":\"https:\/\/deputadotaveirajr.com.br\/#\/schema\/logo\/image\/\"}}]}<\/script>\n<!-- \/ Yoast SEO plugin. -->","yoast_head_json":{"title":"Passeios tur\u00edsticos no RN tinham pre\u00e7os tabelados e rotas controladas por associa\u00e7\u00e3o criminosa, diz pol\u00edcia - Taveira Jr","robots":{"index":"index","follow":"follow","max-snippet":"max-snippet:-1","max-image-preview":"max-image-preview:large","max-video-preview":"max-video-preview:-1"},"canonical":"https:\/\/deputadotaveirajr.com.br\/index.php\/passeios-turisticos-no-rn-tinham-precos-tabelados-e-rotas-controladas-por-associacao-criminosa-diz-policia\/","og_locale":"pt_BR","og_type":"article","og_title":"Passeios tur\u00edsticos no RN tinham pre\u00e7os tabelados e rotas controladas por associa\u00e7\u00e3o criminosa, diz pol\u00edcia - Taveira Jr","og_description":"Opera\u00e7\u00e3o deflagrada nesta quarta-feira (12) prendeu tr\u00eas pessoas e cumpriu mandados de busca e apreens\u00e3o contra investigados pelos crimes. Pol\u00edcia Civil cumpre mandados dentro da Opera\u00e7\u00e3o Litoral, no RN Passeios ...","og_url":"https:\/\/deputadotaveirajr.com.br\/index.php\/passeios-turisticos-no-rn-tinham-precos-tabelados-e-rotas-controladas-por-associacao-criminosa-diz-policia\/","og_site_name":"Taveira Jr","og_image":[{"url":"https:\/\/s2-g1.glbimg.com\/th3DOikuH_OeF-NcLDvjc3trkL0=\/i.s3.glbimg.com\/v1\/AUTH_59edd422c0c84a879bd37670ae4f538a\/internal_photos\/bs\/2025\/u\/d\/wlQYoSSBaaAyjPCO92ZQ\/dunas.jpg","type":"","width":"","height":""}],"twitter_card":"summary_large_image","twitter_misc":{"Est. tempo de leitura":"2 minutos"},"schema":{"@context":"https:\/\/schema.org","@graph":[{"@type":"WebPage","@id":"https:\/\/deputadotaveirajr.com.br\/index.php\/passeios-turisticos-no-rn-tinham-precos-tabelados-e-rotas-controladas-por-associacao-criminosa-diz-policia\/","url":"https:\/\/deputadotaveirajr.com.br\/index.php\/passeios-turisticos-no-rn-tinham-precos-tabelados-e-rotas-controladas-por-associacao-criminosa-diz-policia\/","name":"Passeios tur\u00edsticos no RN tinham pre\u00e7os tabelados e rotas controladas por associa\u00e7\u00e3o criminosa, diz pol\u00edcia - Taveira Jr","isPartOf":{"@id":"https:\/\/deputadotaveirajr.com.br\/#website"},"primaryImageOfPage":{"@id":"https:\/\/deputadotaveirajr.com.br\/index.php\/passeios-turisticos-no-rn-tinham-precos-tabelados-e-rotas-controladas-por-associacao-criminosa-diz-policia\/#primaryimage"},"image":{"@id":"https:\/\/deputadotaveirajr.com.br\/index.php\/passeios-turisticos-no-rn-tinham-precos-tabelados-e-rotas-controladas-por-associacao-criminosa-diz-policia\/#primaryimage"},"thumbnailUrl":"https:\/\/deputadotaveirajr.com.br\/wp-content\/uploads\/2025\/02\/dunas-hZ5W8N.jpeg","datePublished":"2025-02-12T14:33:07+00:00","breadcrumb":{"@id":"https:\/\/deputadotaveirajr.com.br\/index.php\/passeios-turisticos-no-rn-tinham-precos-tabelados-e-rotas-controladas-por-associacao-criminosa-diz-policia\/#breadcrumb"},"inLanguage":"pt-BR","potentialAction":[{"@type":"ReadAction","target":["https:\/\/deputadotaveirajr.com.br\/index.php\/passeios-turisticos-no-rn-tinham-precos-tabelados-e-rotas-controladas-por-associacao-criminosa-diz-policia\/"]}]},{"@type":"ImageObject","inLanguage":"pt-BR","@id":"https:\/\/deputadotaveirajr.com.br\/index.php\/passeios-turisticos-no-rn-tinham-precos-tabelados-e-rotas-controladas-por-associacao-criminosa-diz-policia\/#primaryimage","url":"https:\/\/deputadotaveirajr.com.br\/wp-content\/uploads\/2025\/02\/dunas-hZ5W8N.jpeg","contentUrl":"https:\/\/deputadotaveirajr.com.br\/wp-content\/uploads\/2025\/02\/dunas-hZ5W8N.jpeg","width":1045,"height":713},{"@type":"BreadcrumbList","@id":"https:\/\/deputadotaveirajr.com.br\/index.php\/passeios-turisticos-no-rn-tinham-precos-tabelados-e-rotas-controladas-por-associacao-criminosa-diz-policia\/#breadcrumb","itemListElement":[{"@type":"ListItem","position":1,"name":"In\u00edcio","item":"https:\/\/deputadotaveirajr.com.br\/"},{"@type":"ListItem","position":2,"name":"Passeios tur\u00edsticos no RN tinham pre\u00e7os tabelados e rotas controladas por associa\u00e7\u00e3o criminosa, diz pol\u00edcia"}]},{"@type":"WebSite","@id":"https:\/\/deputadotaveirajr.com.br\/#website","url":"https:\/\/deputadotaveirajr.com.br\/","name":"Taveira Jr","description":"Deputado Estadual","publisher":{"@id":"https:\/\/deputadotaveirajr.com.br\/#organization"},"potentialAction":[{"@type":"SearchAction","target":{"@type":"EntryPoint","urlTemplate":"https:\/\/deputadotaveirajr.com.br\/?s={search_term_string}"},"query-input":{"@type":"PropertyValueSpecification","valueRequired":true,"valueName":"search_term_string"}}],"inLanguage":"pt-BR"},{"@type":"Organization","@id":"https:\/\/deputadotaveirajr.com.br\/#organization","name":"Taveira Jr","url":"https:\/\/deputadotaveirajr.com.br\/","logo":{"@type":"ImageObject","inLanguage":"pt-BR","@id":"https:\/\/deputadotaveirajr.com.br\/#\/schema\/logo\/image\/","url":"https:\/\/deputadotaveirajr.com.br\/wp-content\/uploads\/2026\/01\/logolow2a.png","contentUrl":"https:\/\/deputadotaveirajr.com.br\/wp-content\/uploads\/2026\/01\/logolow2a.png","width":290,"height":80,"caption":"Taveira Jr"},"image":{"@id":"https:\/\/deputadotaveirajr.com.br\/#\/schema\/logo\/image\/"}}]}},"_links":{"self":[{"href":"https:\/\/deputadotaveirajr.com.br\/index.php\/wp-json\/wp\/v2\/pages\/12219","targetHints":{"allow":["GET"]}}],"collection":[{"href":"https:\/\/deputadotaveirajr.com.br\/index.php\/wp-json\/wp\/v2\/pages"}],"about":[{"href":"https:\/\/deputadotaveirajr.com.br\/index.php\/wp-json\/wp\/v2\/types\/page"}],"replies":[{"embeddable":true,"href":"https:\/\/deputadotaveirajr.com.br\/index.php\/wp-json\/wp\/v2\/comments?post=12219"}],"version-history":[{"count":0,"href":"https:\/\/deputadotaveirajr.com.br\/index.php\/wp-json\/wp\/v2\/pages\/12219\/revisions"}],"wp:featuredmedia":[{"embeddable":true,"href":"https:\/\/deputadotaveirajr.com.br\/index.php\/wp-json\/wp\/v2\/media\/12220"}],"wp:attachment":[{"href":"https:\/\/deputadotaveirajr.com.br\/index.php\/wp-json\/wp\/v2\/media?parent=12219"}],"curies":[{"name":"wp","href":"https:\/\/api.w.org\/{rel}","templated":true}]}}