{"id":12221,"date":"2025-02-12T10:32:52","date_gmt":"2025-02-12T13:32:52","guid":{"rendered":"https:\/\/deputadotaveirajr.com.br\/index.php\/policia-federal-investiga-fraude-em-financiamentos-de-veiculos-no-rn\/"},"modified":"2025-02-12T10:32:52","modified_gmt":"2025-02-12T13:32:52","slug":"policia-federal-investiga-fraude-em-financiamentos-de-veiculos-no-rn","status":"publish","type":"page","link":"https:\/\/deputadotaveirajr.com.br\/index.php\/policia-federal-investiga-fraude-em-financiamentos-de-veiculos-no-rn\/","title":{"rendered":"Pol\u00edcia Federal investiga fraude em financiamentos de ve\u00edculos no RN"},"content":{"rendered":"<p><img decoding=\"async\" src=\"https:\/\/s2-g1.glbimg.com\/fdN-8Xb98-8DYwaRYHdMaHYu8g4=\/i.s3.glbimg.com\/v1\/AUTH_59edd422c0c84a879bd37670ae4f538a\/internal_photos\/bs\/2025\/B\/W\/cbBrwUSBGAACIRUPNCZw\/pf0001.png\" \/><br \/>     Opera\u00e7\u00e3o cumpriu, nesta quarta-feira (12), dois mandados de busca e apreens\u00e3o expedidos pela Justi\u00e7a em Nova Cruz e em Cabedelo (PB).  Viatura da Pol\u00edcia Federal no Rio Grande  do Norte<br \/>\nPF\/Cedida<br \/>\nUma opera\u00e7\u00e3o deflagrada pela Pol\u00edcia Federal nesta quarta-feira (12) investiga fraudes em financiamentos de ve\u00edculos em Natal e cidades pr\u00f3ximas.<br \/>\nA Opera\u00e7\u00e3o Trilha da Fraude cumpriu dois mandados de busca e apreens\u00e3o expedidos pela 2\u00aa Vara da Justi\u00e7a Federal\/RN, nas cidade de Nova Cruz e Cabedelo (PB).<br \/>\n\ud83d\udcf3Participe do canal do g1 RN no WhatsApp<br \/>\nSegundo a PF, a fraude funcionava com a utiliza\u00e7\u00e3o ilegal de informa\u00e7\u00f5es pessoais de terceiros &#8211; sem que eles soubessem &#8211; em financiamentos feitos por institui\u00e7\u00e3o financeira.<br \/>\nAp\u00f3s a aprova\u00e7\u00e3o do financiamento e a compra do ve\u00edculo, o suspeito n\u00e3o realizava os pagamentos das parcelas, deixando o \u00f4nus para o verdadeiro titular dos dados.<br \/>\nDe acordo com a corpora\u00e7\u00e3o, as apura\u00e7\u00f5es tamb\u00e9m revelaram que o investigado pela fraude j\u00e1 havia aplicado pelo menos outro golpe semelhante, demonstrando um padr\u00e3o de comportamento fraudulento.<br \/>\n&#8220;A investiga\u00e7\u00e3o contou com diversas a\u00e7\u00f5es para localizar o envolvido e apurar a extens\u00e3o das fraudes, bem como confirmar liga\u00e7\u00f5es entre as supostas partes envolvidas. Durante as buscas foram apreendidos equipamentos eletr\u00f4nicos (celulares e notebook) que ser\u00e3o submetidos \u00e0 per\u00edcia&#8221;, informou a PF.<br \/>\nOs investigados na opera\u00e7\u00e3o poder\u00e3o responder pelo crime de obter financiamento em institui\u00e7\u00e3o financeira por meio de fraude, com pena de at\u00e9 6 anos de reclus\u00e3o.<br \/>\nFuga em Mossor\u00f3 desencadeia investiga\u00e7\u00e3o de grupo suspeito de fraudar licita\u00e7\u00f5es<br \/>\nPF faz opera\u00e7\u00e3o contra fraude em licita\u00e7\u00e3o de servi\u00e7os terceirizados<br \/>\nVeja os v\u00eddeos mais assistidos no g1 RN<\/p>","protected":false},"excerpt":{"rendered":"<p>Opera\u00e7\u00e3o cumpriu, nesta quarta-feira (12), dois mandados de busca e apreens\u00e3o expedidos pela Justi\u00e7a em Nova Cruz e em Cabedelo (PB). Viatura da Pol\u00edcia Federal no Rio Grande do Norte &#8230;<\/p>\n","protected":false},"author":0,"featured_media":12222,"parent":0,"menu_order":0,"comment_status":"closed","ping_status":"closed","template":"","meta":{"footnotes":""},"class_list":["post-12221","page","type-page","status-publish","has-post-thumbnail","hentry"],"yoast_head":"<!-- This site is optimized with the Yoast SEO plugin v27.1.1 - https:\/\/yoast.com\/product\/yoast-seo-wordpress\/ -->\n<title>Pol\u00edcia Federal investiga fraude em financiamentos de ve\u00edculos no RN - Taveira Jr<\/title>\n<meta name=\"robots\" content=\"index, follow, max-snippet:-1, max-image-preview:large, max-video-preview:-1\" \/>\n<link rel=\"canonical\" href=\"https:\/\/deputadotaveirajr.com.br\/index.php\/policia-federal-investiga-fraude-em-financiamentos-de-veiculos-no-rn\/\" \/>\n<meta property=\"og:locale\" content=\"pt_BR\" \/>\n<meta property=\"og:type\" content=\"article\" \/>\n<meta property=\"og:title\" content=\"Pol\u00edcia Federal investiga fraude em financiamentos de ve\u00edculos no RN - Taveira Jr\" \/>\n<meta property=\"og:description\" content=\"Opera\u00e7\u00e3o cumpriu, nesta quarta-feira (12), dois mandados de busca e apreens\u00e3o expedidos pela Justi\u00e7a em Nova Cruz e em Cabedelo (PB). Viatura da Pol\u00edcia Federal no Rio Grande do Norte ...\" \/>\n<meta property=\"og:url\" content=\"https:\/\/deputadotaveirajr.com.br\/index.php\/policia-federal-investiga-fraude-em-financiamentos-de-veiculos-no-rn\/\" \/>\n<meta property=\"og:site_name\" content=\"Taveira Jr\" \/>\n<meta property=\"og:image\" content=\"https:\/\/s2-g1.glbimg.com\/fdN-8Xb98-8DYwaRYHdMaHYu8g4=\/i.s3.glbimg.com\/v1\/AUTH_59edd422c0c84a879bd37670ae4f538a\/internal_photos\/bs\/2025\/B\/W\/cbBrwUSBGAACIRUPNCZw\/pf0001.png\" \/>\n<meta name=\"twitter:card\" content=\"summary_large_image\" \/>\n<meta name=\"twitter:label1\" content=\"Est. tempo de leitura\" \/>\n\t<meta name=\"twitter:data1\" content=\"2 minutos\" \/>\n<script type=\"application\/ld+json\" class=\"yoast-schema-graph\">{\"@context\":\"https:\/\/schema.org\",\"@graph\":[{\"@type\":\"WebPage\",\"@id\":\"https:\/\/deputadotaveirajr.com.br\/index.php\/policia-federal-investiga-fraude-em-financiamentos-de-veiculos-no-rn\/\",\"url\":\"https:\/\/deputadotaveirajr.com.br\/index.php\/policia-federal-investiga-fraude-em-financiamentos-de-veiculos-no-rn\/\",\"name\":\"Pol\u00edcia Federal investiga fraude em financiamentos de ve\u00edculos no RN - Taveira Jr\",\"isPartOf\":{\"@id\":\"https:\/\/deputadotaveirajr.com.br\/#website\"},\"primaryImageOfPage\":{\"@id\":\"https:\/\/deputadotaveirajr.com.br\/index.php\/policia-federal-investiga-fraude-em-financiamentos-de-veiculos-no-rn\/#primaryimage\"},\"image\":{\"@id\":\"https:\/\/deputadotaveirajr.com.br\/index.php\/policia-federal-investiga-fraude-em-financiamentos-de-veiculos-no-rn\/#primaryimage\"},\"thumbnailUrl\":\"https:\/\/deputadotaveirajr.com.br\/wp-content\/uploads\/2025\/02\/pf0001-CfFjnQ.jpeg\",\"datePublished\":\"2025-02-12T13:32:52+00:00\",\"breadcrumb\":{\"@id\":\"https:\/\/deputadotaveirajr.com.br\/index.php\/policia-federal-investiga-fraude-em-financiamentos-de-veiculos-no-rn\/#breadcrumb\"},\"inLanguage\":\"pt-BR\",\"potentialAction\":[{\"@type\":\"ReadAction\",\"target\":[\"https:\/\/deputadotaveirajr.com.br\/index.php\/policia-federal-investiga-fraude-em-financiamentos-de-veiculos-no-rn\/\"]}]},{\"@type\":\"ImageObject\",\"inLanguage\":\"pt-BR\",\"@id\":\"https:\/\/deputadotaveirajr.com.br\/index.php\/policia-federal-investiga-fraude-em-financiamentos-de-veiculos-no-rn\/#primaryimage\",\"url\":\"https:\/\/deputadotaveirajr.com.br\/wp-content\/uploads\/2025\/02\/pf0001-CfFjnQ.jpeg\",\"contentUrl\":\"https:\/\/deputadotaveirajr.com.br\/wp-content\/uploads\/2025\/02\/pf0001-CfFjnQ.jpeg\",\"width\":1920,\"height\":1080},{\"@type\":\"BreadcrumbList\",\"@id\":\"https:\/\/deputadotaveirajr.com.br\/index.php\/policia-federal-investiga-fraude-em-financiamentos-de-veiculos-no-rn\/#breadcrumb\",\"itemListElement\":[{\"@type\":\"ListItem\",\"position\":1,\"name\":\"In\u00edcio\",\"item\":\"https:\/\/deputadotaveirajr.com.br\/\"},{\"@type\":\"ListItem\",\"position\":2,\"name\":\"Pol\u00edcia Federal investiga fraude em financiamentos de ve\u00edculos no RN\"}]},{\"@type\":\"WebSite\",\"@id\":\"https:\/\/deputadotaveirajr.com.br\/#website\",\"url\":\"https:\/\/deputadotaveirajr.com.br\/\",\"name\":\"Taveira Jr\",\"description\":\"Deputado Estadual\",\"publisher\":{\"@id\":\"https:\/\/deputadotaveirajr.com.br\/#organization\"},\"potentialAction\":[{\"@type\":\"SearchAction\",\"target\":{\"@type\":\"EntryPoint\",\"urlTemplate\":\"https:\/\/deputadotaveirajr.com.br\/?s={search_term_string}\"},\"query-input\":{\"@type\":\"PropertyValueSpecification\",\"valueRequired\":true,\"valueName\":\"search_term_string\"}}],\"inLanguage\":\"pt-BR\"},{\"@type\":\"Organization\",\"@id\":\"https:\/\/deputadotaveirajr.com.br\/#organization\",\"name\":\"Taveira Jr\",\"url\":\"https:\/\/deputadotaveirajr.com.br\/\",\"logo\":{\"@type\":\"ImageObject\",\"inLanguage\":\"pt-BR\",\"@id\":\"https:\/\/deputadotaveirajr.com.br\/#\/schema\/logo\/image\/\",\"url\":\"https:\/\/deputadotaveirajr.com.br\/wp-content\/uploads\/2026\/01\/logolow2a.png\",\"contentUrl\":\"https:\/\/deputadotaveirajr.com.br\/wp-content\/uploads\/2026\/01\/logolow2a.png\",\"width\":290,\"height\":80,\"caption\":\"Taveira Jr\"},\"image\":{\"@id\":\"https:\/\/deputadotaveirajr.com.br\/#\/schema\/logo\/image\/\"}}]}<\/script>\n<!-- \/ Yoast SEO plugin. -->","yoast_head_json":{"title":"Pol\u00edcia Federal investiga fraude em financiamentos de ve\u00edculos no RN - Taveira Jr","robots":{"index":"index","follow":"follow","max-snippet":"max-snippet:-1","max-image-preview":"max-image-preview:large","max-video-preview":"max-video-preview:-1"},"canonical":"https:\/\/deputadotaveirajr.com.br\/index.php\/policia-federal-investiga-fraude-em-financiamentos-de-veiculos-no-rn\/","og_locale":"pt_BR","og_type":"article","og_title":"Pol\u00edcia Federal investiga fraude em financiamentos de ve\u00edculos no RN - Taveira Jr","og_description":"Opera\u00e7\u00e3o cumpriu, nesta quarta-feira (12), dois mandados de busca e apreens\u00e3o expedidos pela Justi\u00e7a em Nova Cruz e em Cabedelo (PB). Viatura da Pol\u00edcia Federal no Rio Grande do Norte ...","og_url":"https:\/\/deputadotaveirajr.com.br\/index.php\/policia-federal-investiga-fraude-em-financiamentos-de-veiculos-no-rn\/","og_site_name":"Taveira Jr","og_image":[{"url":"https:\/\/s2-g1.glbimg.com\/fdN-8Xb98-8DYwaRYHdMaHYu8g4=\/i.s3.glbimg.com\/v1\/AUTH_59edd422c0c84a879bd37670ae4f538a\/internal_photos\/bs\/2025\/B\/W\/cbBrwUSBGAACIRUPNCZw\/pf0001.png","type":"","width":"","height":""}],"twitter_card":"summary_large_image","twitter_misc":{"Est. tempo de leitura":"2 minutos"},"schema":{"@context":"https:\/\/schema.org","@graph":[{"@type":"WebPage","@id":"https:\/\/deputadotaveirajr.com.br\/index.php\/policia-federal-investiga-fraude-em-financiamentos-de-veiculos-no-rn\/","url":"https:\/\/deputadotaveirajr.com.br\/index.php\/policia-federal-investiga-fraude-em-financiamentos-de-veiculos-no-rn\/","name":"Pol\u00edcia Federal investiga fraude em financiamentos de ve\u00edculos no RN - Taveira Jr","isPartOf":{"@id":"https:\/\/deputadotaveirajr.com.br\/#website"},"primaryImageOfPage":{"@id":"https:\/\/deputadotaveirajr.com.br\/index.php\/policia-federal-investiga-fraude-em-financiamentos-de-veiculos-no-rn\/#primaryimage"},"image":{"@id":"https:\/\/deputadotaveirajr.com.br\/index.php\/policia-federal-investiga-fraude-em-financiamentos-de-veiculos-no-rn\/#primaryimage"},"thumbnailUrl":"https:\/\/deputadotaveirajr.com.br\/wp-content\/uploads\/2025\/02\/pf0001-CfFjnQ.jpeg","datePublished":"2025-02-12T13:32:52+00:00","breadcrumb":{"@id":"https:\/\/deputadotaveirajr.com.br\/index.php\/policia-federal-investiga-fraude-em-financiamentos-de-veiculos-no-rn\/#breadcrumb"},"inLanguage":"pt-BR","potentialAction":[{"@type":"ReadAction","target":["https:\/\/deputadotaveirajr.com.br\/index.php\/policia-federal-investiga-fraude-em-financiamentos-de-veiculos-no-rn\/"]}]},{"@type":"ImageObject","inLanguage":"pt-BR","@id":"https:\/\/deputadotaveirajr.com.br\/index.php\/policia-federal-investiga-fraude-em-financiamentos-de-veiculos-no-rn\/#primaryimage","url":"https:\/\/deputadotaveirajr.com.br\/wp-content\/uploads\/2025\/02\/pf0001-CfFjnQ.jpeg","contentUrl":"https:\/\/deputadotaveirajr.com.br\/wp-content\/uploads\/2025\/02\/pf0001-CfFjnQ.jpeg","width":1920,"height":1080},{"@type":"BreadcrumbList","@id":"https:\/\/deputadotaveirajr.com.br\/index.php\/policia-federal-investiga-fraude-em-financiamentos-de-veiculos-no-rn\/#breadcrumb","itemListElement":[{"@type":"ListItem","position":1,"name":"In\u00edcio","item":"https:\/\/deputadotaveirajr.com.br\/"},{"@type":"ListItem","position":2,"name":"Pol\u00edcia Federal investiga fraude em financiamentos de ve\u00edculos no RN"}]},{"@type":"WebSite","@id":"https:\/\/deputadotaveirajr.com.br\/#website","url":"https:\/\/deputadotaveirajr.com.br\/","name":"Taveira Jr","description":"Deputado Estadual","publisher":{"@id":"https:\/\/deputadotaveirajr.com.br\/#organization"},"potentialAction":[{"@type":"SearchAction","target":{"@type":"EntryPoint","urlTemplate":"https:\/\/deputadotaveirajr.com.br\/?s={search_term_string}"},"query-input":{"@type":"PropertyValueSpecification","valueRequired":true,"valueName":"search_term_string"}}],"inLanguage":"pt-BR"},{"@type":"Organization","@id":"https:\/\/deputadotaveirajr.com.br\/#organization","name":"Taveira Jr","url":"https:\/\/deputadotaveirajr.com.br\/","logo":{"@type":"ImageObject","inLanguage":"pt-BR","@id":"https:\/\/deputadotaveirajr.com.br\/#\/schema\/logo\/image\/","url":"https:\/\/deputadotaveirajr.com.br\/wp-content\/uploads\/2026\/01\/logolow2a.png","contentUrl":"https:\/\/deputadotaveirajr.com.br\/wp-content\/uploads\/2026\/01\/logolow2a.png","width":290,"height":80,"caption":"Taveira Jr"},"image":{"@id":"https:\/\/deputadotaveirajr.com.br\/#\/schema\/logo\/image\/"}}]}},"_links":{"self":[{"href":"https:\/\/deputadotaveirajr.com.br\/index.php\/wp-json\/wp\/v2\/pages\/12221","targetHints":{"allow":["GET"]}}],"collection":[{"href":"https:\/\/deputadotaveirajr.com.br\/index.php\/wp-json\/wp\/v2\/pages"}],"about":[{"href":"https:\/\/deputadotaveirajr.com.br\/index.php\/wp-json\/wp\/v2\/types\/page"}],"replies":[{"embeddable":true,"href":"https:\/\/deputadotaveirajr.com.br\/index.php\/wp-json\/wp\/v2\/comments?post=12221"}],"version-history":[{"count":0,"href":"https:\/\/deputadotaveirajr.com.br\/index.php\/wp-json\/wp\/v2\/pages\/12221\/revisions"}],"wp:featuredmedia":[{"embeddable":true,"href":"https:\/\/deputadotaveirajr.com.br\/index.php\/wp-json\/wp\/v2\/media\/12222"}],"wp:attachment":[{"href":"https:\/\/deputadotaveirajr.com.br\/index.php\/wp-json\/wp\/v2\/media?parent=12221"}],"curies":[{"name":"wp","href":"https:\/\/api.w.org\/{rel}","templated":true}]}}