{"id":12238,"date":"2025-02-15T13:09:19","date_gmt":"2025-02-15T16:09:19","guid":{"rendered":"https:\/\/deputadotaveirajr.com.br\/index.php\/motorista-por-aplicativo-e-feito-refem-durante-assalto-e-tem-carro-incendiado-na-grande-natal\/"},"modified":"2025-02-15T13:09:19","modified_gmt":"2025-02-15T16:09:19","slug":"motorista-por-aplicativo-e-feito-refem-durante-assalto-e-tem-carro-incendiado-na-grande-natal","status":"publish","type":"page","link":"https:\/\/deputadotaveirajr.com.br\/index.php\/motorista-por-aplicativo-e-feito-refem-durante-assalto-e-tem-carro-incendiado-na-grande-natal\/","title":{"rendered":"Motorista por aplicativo \u00e9 feito ref\u00e9m durante assalto e tem carro incendiado na Grande Natal"},"content":{"rendered":"<p><img decoding=\"async\" src=\"https:\/\/s2-g1.glbimg.com\/XawBSy_ibhFVtxyfLNpebKYWruE=\/i.s3.glbimg.com\/v1\/AUTH_59edd422c0c84a879bd37670ae4f538a\/internal_photos\/bs\/2025\/p\/V\/UhKIVJSgqhtA3xK1qNhA\/whatsapp-image-2025-02-15-at-10.22.21-2-.jpeg\" \/><br \/>     Caso aconteceu na madrugada deste s\u00e1bado (15) no acesso sul ao aeroporto de S\u00e3o Gon\u00e7alo do Amarante. Nenhum suspeito foi preso.  Carro de motorista por aplicativo foi incendiado na Grande Natal<br \/>\nUm motorista que trabalha com transporte de passageiros por aplicativo foi feito ref\u00e9m durante um assalto que aconteceu na madrugada deste s\u00e1bado (15) na Grande Natal. Na fuga, os criminosos ainda incendiaram o carro da v\u00edtima.<br \/>\nO caso aconteceu por volta das 4h na rodovia Humberto Pessoa, conhecida como acesso sul ao Aeroporto Internacional Alu\u00edzio Alves, em S\u00e3o Gon\u00e7alo do Amarante.<br \/>\n\ud83d\udcf3Participe do canal do g1 RN no WhatsApp<br \/>\nSegundo a Pol\u00edcia Civil, o homem informou que transitava pela rodovia, quando foi abordado por tr\u00eas criminosos armados, que sa\u00edram do canteiro. O motorista foi obrigado a parar o carro e colocado no banco de tr\u00e1s do ve\u00edculo, com um dos assaltantes. Os outros dois ficaram na parte da frente.<br \/>\nAinda de acordo com o relato do motorista, ele passou cerca de uma hora sob poder dos criminosos, que ficaram dirigindo o ve\u00edculo pela regi\u00e3o. Depois desse per\u00edodo, ele foi solto pelos bandidos, que fugiram levando o carro e outros pertences dele.<br \/>\nCarro de motorista por aplicativo foi incendiado na madrugada na Grande Natal<br \/>\nReprodu\u00e7\u00e3o\/Inter TV Cabugi<br \/>\nO homem foi ajudado por um seguran\u00e7a que passava pelo rodovia de moto, minutos depois. O motociclista ainda informou \u00e0 v\u00edtima de assalto que tinha visto um carro pegando fogo minutos antes e levou o homem ao local.<br \/>\nO motorista reconheceu o carro incendiado como sendo o dele. O Corpo de Bombeiros foi acionado ao local, apagou as chamas, e o motorista foi levado \u00e0 Delegacia de Plant\u00e3o da Zona Norte de Natal, onde prestou depoimento sobre o caso.<br \/>\nEsse foi o segundo crime envolvendo motoristas por aplicativo em poucas horas, na Grande Natal. Na noite de sexta-feira (14) um militar da reserva da For\u00e7a A\u00e9rea Brasileira que trabalhava como motorista por aplicativo desde 2017 morreu em uma tentativa de assalto no bairro Liberdade, em Parnamirim.<br \/>\nEm ambos os casos, nenhum suspeito foi preso.<br \/>\nVeja os v\u00eddeos mais assistidos no g1 RN<\/p>","protected":false},"excerpt":{"rendered":"<p>Caso aconteceu na madrugada deste s\u00e1bado (15) no acesso sul ao aeroporto de S\u00e3o Gon\u00e7alo do Amarante. Nenhum suspeito foi preso. Carro de motorista por aplicativo foi incendiado na Grande &#8230;<\/p>\n","protected":false},"author":0,"featured_media":12239,"parent":0,"menu_order":0,"comment_status":"closed","ping_status":"closed","template":"","meta":{"footnotes":""},"class_list":["post-12238","page","type-page","status-publish","has-post-thumbnail","hentry"],"yoast_head":"<!-- This site is optimized with the Yoast SEO plugin v27.1.1 - https:\/\/yoast.com\/product\/yoast-seo-wordpress\/ -->\n<title>Motorista por aplicativo \u00e9 feito ref\u00e9m durante assalto e tem carro incendiado na Grande Natal - Taveira Jr<\/title>\n<meta name=\"robots\" content=\"index, follow, max-snippet:-1, max-image-preview:large, max-video-preview:-1\" \/>\n<link rel=\"canonical\" href=\"https:\/\/deputadotaveirajr.com.br\/index.php\/motorista-por-aplicativo-e-feito-refem-durante-assalto-e-tem-carro-incendiado-na-grande-natal\/\" \/>\n<meta property=\"og:locale\" content=\"pt_BR\" \/>\n<meta property=\"og:type\" content=\"article\" \/>\n<meta property=\"og:title\" content=\"Motorista por aplicativo \u00e9 feito ref\u00e9m durante assalto e tem carro incendiado na Grande Natal - Taveira Jr\" \/>\n<meta property=\"og:description\" content=\"Caso aconteceu na madrugada deste s\u00e1bado (15) no acesso sul ao aeroporto de S\u00e3o Gon\u00e7alo do Amarante. Nenhum suspeito foi preso. Carro de motorista por aplicativo foi incendiado na Grande ...\" \/>\n<meta property=\"og:url\" content=\"https:\/\/deputadotaveirajr.com.br\/index.php\/motorista-por-aplicativo-e-feito-refem-durante-assalto-e-tem-carro-incendiado-na-grande-natal\/\" \/>\n<meta property=\"og:site_name\" content=\"Taveira Jr\" \/>\n<meta property=\"og:image\" content=\"https:\/\/s2-g1.glbimg.com\/XawBSy_ibhFVtxyfLNpebKYWruE=\/i.s3.glbimg.com\/v1\/AUTH_59edd422c0c84a879bd37670ae4f538a\/internal_photos\/bs\/2025\/p\/V\/UhKIVJSgqhtA3xK1qNhA\/whatsapp-image-2025-02-15-at-10.22.21-2-.jpeg\" \/>\n<meta name=\"twitter:card\" content=\"summary_large_image\" \/>\n<meta name=\"twitter:label1\" content=\"Est. tempo de leitura\" \/>\n\t<meta name=\"twitter:data1\" content=\"2 minutos\" \/>\n<script type=\"application\/ld+json\" class=\"yoast-schema-graph\">{\"@context\":\"https:\/\/schema.org\",\"@graph\":[{\"@type\":\"WebPage\",\"@id\":\"https:\/\/deputadotaveirajr.com.br\/index.php\/motorista-por-aplicativo-e-feito-refem-durante-assalto-e-tem-carro-incendiado-na-grande-natal\/\",\"url\":\"https:\/\/deputadotaveirajr.com.br\/index.php\/motorista-por-aplicativo-e-feito-refem-durante-assalto-e-tem-carro-incendiado-na-grande-natal\/\",\"name\":\"Motorista por aplicativo \u00e9 feito ref\u00e9m durante assalto e tem carro incendiado na Grande Natal - Taveira Jr\",\"isPartOf\":{\"@id\":\"https:\/\/deputadotaveirajr.com.br\/#website\"},\"primaryImageOfPage\":{\"@id\":\"https:\/\/deputadotaveirajr.com.br\/index.php\/motorista-por-aplicativo-e-feito-refem-durante-assalto-e-tem-carro-incendiado-na-grande-natal\/#primaryimage\"},\"image\":{\"@id\":\"https:\/\/deputadotaveirajr.com.br\/index.php\/motorista-por-aplicativo-e-feito-refem-durante-assalto-e-tem-carro-incendiado-na-grande-natal\/#primaryimage\"},\"thumbnailUrl\":\"https:\/\/deputadotaveirajr.com.br\/wp-content\/uploads\/2025\/02\/whatsapp-image-2025-02-15-at-10.22.21-2-eQttgq.jpeg\",\"datePublished\":\"2025-02-15T16:09:19+00:00\",\"breadcrumb\":{\"@id\":\"https:\/\/deputadotaveirajr.com.br\/index.php\/motorista-por-aplicativo-e-feito-refem-durante-assalto-e-tem-carro-incendiado-na-grande-natal\/#breadcrumb\"},\"inLanguage\":\"pt-BR\",\"potentialAction\":[{\"@type\":\"ReadAction\",\"target\":[\"https:\/\/deputadotaveirajr.com.br\/index.php\/motorista-por-aplicativo-e-feito-refem-durante-assalto-e-tem-carro-incendiado-na-grande-natal\/\"]}]},{\"@type\":\"ImageObject\",\"inLanguage\":\"pt-BR\",\"@id\":\"https:\/\/deputadotaveirajr.com.br\/index.php\/motorista-por-aplicativo-e-feito-refem-durante-assalto-e-tem-carro-incendiado-na-grande-natal\/#primaryimage\",\"url\":\"https:\/\/deputadotaveirajr.com.br\/wp-content\/uploads\/2025\/02\/whatsapp-image-2025-02-15-at-10.22.21-2-eQttgq.jpeg\",\"contentUrl\":\"https:\/\/deputadotaveirajr.com.br\/wp-content\/uploads\/2025\/02\/whatsapp-image-2025-02-15-at-10.22.21-2-eQttgq.jpeg\",\"width\":900,\"height\":1600},{\"@type\":\"BreadcrumbList\",\"@id\":\"https:\/\/deputadotaveirajr.com.br\/index.php\/motorista-por-aplicativo-e-feito-refem-durante-assalto-e-tem-carro-incendiado-na-grande-natal\/#breadcrumb\",\"itemListElement\":[{\"@type\":\"ListItem\",\"position\":1,\"name\":\"In\u00edcio\",\"item\":\"https:\/\/deputadotaveirajr.com.br\/\"},{\"@type\":\"ListItem\",\"position\":2,\"name\":\"Motorista por aplicativo \u00e9 feito ref\u00e9m durante assalto e tem carro incendiado na Grande Natal\"}]},{\"@type\":\"WebSite\",\"@id\":\"https:\/\/deputadotaveirajr.com.br\/#website\",\"url\":\"https:\/\/deputadotaveirajr.com.br\/\",\"name\":\"Taveira Jr\",\"description\":\"Deputado Estadual\",\"publisher\":{\"@id\":\"https:\/\/deputadotaveirajr.com.br\/#organization\"},\"potentialAction\":[{\"@type\":\"SearchAction\",\"target\":{\"@type\":\"EntryPoint\",\"urlTemplate\":\"https:\/\/deputadotaveirajr.com.br\/?s={search_term_string}\"},\"query-input\":{\"@type\":\"PropertyValueSpecification\",\"valueRequired\":true,\"valueName\":\"search_term_string\"}}],\"inLanguage\":\"pt-BR\"},{\"@type\":\"Organization\",\"@id\":\"https:\/\/deputadotaveirajr.com.br\/#organization\",\"name\":\"Taveira Jr\",\"url\":\"https:\/\/deputadotaveirajr.com.br\/\",\"logo\":{\"@type\":\"ImageObject\",\"inLanguage\":\"pt-BR\",\"@id\":\"https:\/\/deputadotaveirajr.com.br\/#\/schema\/logo\/image\/\",\"url\":\"https:\/\/deputadotaveirajr.com.br\/wp-content\/uploads\/2026\/01\/logolow2a.png\",\"contentUrl\":\"https:\/\/deputadotaveirajr.com.br\/wp-content\/uploads\/2026\/01\/logolow2a.png\",\"width\":290,\"height\":80,\"caption\":\"Taveira Jr\"},\"image\":{\"@id\":\"https:\/\/deputadotaveirajr.com.br\/#\/schema\/logo\/image\/\"}}]}<\/script>\n<!-- \/ Yoast SEO plugin. -->","yoast_head_json":{"title":"Motorista por aplicativo \u00e9 feito ref\u00e9m durante assalto e tem carro incendiado na Grande Natal - Taveira Jr","robots":{"index":"index","follow":"follow","max-snippet":"max-snippet:-1","max-image-preview":"max-image-preview:large","max-video-preview":"max-video-preview:-1"},"canonical":"https:\/\/deputadotaveirajr.com.br\/index.php\/motorista-por-aplicativo-e-feito-refem-durante-assalto-e-tem-carro-incendiado-na-grande-natal\/","og_locale":"pt_BR","og_type":"article","og_title":"Motorista por aplicativo \u00e9 feito ref\u00e9m durante assalto e tem carro incendiado na Grande Natal - Taveira Jr","og_description":"Caso aconteceu na madrugada deste s\u00e1bado (15) no acesso sul ao aeroporto de S\u00e3o Gon\u00e7alo do Amarante. Nenhum suspeito foi preso. Carro de motorista por aplicativo foi incendiado na Grande ...","og_url":"https:\/\/deputadotaveirajr.com.br\/index.php\/motorista-por-aplicativo-e-feito-refem-durante-assalto-e-tem-carro-incendiado-na-grande-natal\/","og_site_name":"Taveira Jr","og_image":[{"url":"https:\/\/s2-g1.glbimg.com\/XawBSy_ibhFVtxyfLNpebKYWruE=\/i.s3.glbimg.com\/v1\/AUTH_59edd422c0c84a879bd37670ae4f538a\/internal_photos\/bs\/2025\/p\/V\/UhKIVJSgqhtA3xK1qNhA\/whatsapp-image-2025-02-15-at-10.22.21-2-.jpeg","type":"","width":"","height":""}],"twitter_card":"summary_large_image","twitter_misc":{"Est. tempo de leitura":"2 minutos"},"schema":{"@context":"https:\/\/schema.org","@graph":[{"@type":"WebPage","@id":"https:\/\/deputadotaveirajr.com.br\/index.php\/motorista-por-aplicativo-e-feito-refem-durante-assalto-e-tem-carro-incendiado-na-grande-natal\/","url":"https:\/\/deputadotaveirajr.com.br\/index.php\/motorista-por-aplicativo-e-feito-refem-durante-assalto-e-tem-carro-incendiado-na-grande-natal\/","name":"Motorista por aplicativo \u00e9 feito ref\u00e9m durante assalto e tem carro incendiado na Grande Natal - Taveira Jr","isPartOf":{"@id":"https:\/\/deputadotaveirajr.com.br\/#website"},"primaryImageOfPage":{"@id":"https:\/\/deputadotaveirajr.com.br\/index.php\/motorista-por-aplicativo-e-feito-refem-durante-assalto-e-tem-carro-incendiado-na-grande-natal\/#primaryimage"},"image":{"@id":"https:\/\/deputadotaveirajr.com.br\/index.php\/motorista-por-aplicativo-e-feito-refem-durante-assalto-e-tem-carro-incendiado-na-grande-natal\/#primaryimage"},"thumbnailUrl":"https:\/\/deputadotaveirajr.com.br\/wp-content\/uploads\/2025\/02\/whatsapp-image-2025-02-15-at-10.22.21-2-eQttgq.jpeg","datePublished":"2025-02-15T16:09:19+00:00","breadcrumb":{"@id":"https:\/\/deputadotaveirajr.com.br\/index.php\/motorista-por-aplicativo-e-feito-refem-durante-assalto-e-tem-carro-incendiado-na-grande-natal\/#breadcrumb"},"inLanguage":"pt-BR","potentialAction":[{"@type":"ReadAction","target":["https:\/\/deputadotaveirajr.com.br\/index.php\/motorista-por-aplicativo-e-feito-refem-durante-assalto-e-tem-carro-incendiado-na-grande-natal\/"]}]},{"@type":"ImageObject","inLanguage":"pt-BR","@id":"https:\/\/deputadotaveirajr.com.br\/index.php\/motorista-por-aplicativo-e-feito-refem-durante-assalto-e-tem-carro-incendiado-na-grande-natal\/#primaryimage","url":"https:\/\/deputadotaveirajr.com.br\/wp-content\/uploads\/2025\/02\/whatsapp-image-2025-02-15-at-10.22.21-2-eQttgq.jpeg","contentUrl":"https:\/\/deputadotaveirajr.com.br\/wp-content\/uploads\/2025\/02\/whatsapp-image-2025-02-15-at-10.22.21-2-eQttgq.jpeg","width":900,"height":1600},{"@type":"BreadcrumbList","@id":"https:\/\/deputadotaveirajr.com.br\/index.php\/motorista-por-aplicativo-e-feito-refem-durante-assalto-e-tem-carro-incendiado-na-grande-natal\/#breadcrumb","itemListElement":[{"@type":"ListItem","position":1,"name":"In\u00edcio","item":"https:\/\/deputadotaveirajr.com.br\/"},{"@type":"ListItem","position":2,"name":"Motorista por aplicativo \u00e9 feito ref\u00e9m durante assalto e tem carro incendiado na Grande Natal"}]},{"@type":"WebSite","@id":"https:\/\/deputadotaveirajr.com.br\/#website","url":"https:\/\/deputadotaveirajr.com.br\/","name":"Taveira Jr","description":"Deputado Estadual","publisher":{"@id":"https:\/\/deputadotaveirajr.com.br\/#organization"},"potentialAction":[{"@type":"SearchAction","target":{"@type":"EntryPoint","urlTemplate":"https:\/\/deputadotaveirajr.com.br\/?s={search_term_string}"},"query-input":{"@type":"PropertyValueSpecification","valueRequired":true,"valueName":"search_term_string"}}],"inLanguage":"pt-BR"},{"@type":"Organization","@id":"https:\/\/deputadotaveirajr.com.br\/#organization","name":"Taveira Jr","url":"https:\/\/deputadotaveirajr.com.br\/","logo":{"@type":"ImageObject","inLanguage":"pt-BR","@id":"https:\/\/deputadotaveirajr.com.br\/#\/schema\/logo\/image\/","url":"https:\/\/deputadotaveirajr.com.br\/wp-content\/uploads\/2026\/01\/logolow2a.png","contentUrl":"https:\/\/deputadotaveirajr.com.br\/wp-content\/uploads\/2026\/01\/logolow2a.png","width":290,"height":80,"caption":"Taveira Jr"},"image":{"@id":"https:\/\/deputadotaveirajr.com.br\/#\/schema\/logo\/image\/"}}]}},"_links":{"self":[{"href":"https:\/\/deputadotaveirajr.com.br\/index.php\/wp-json\/wp\/v2\/pages\/12238","targetHints":{"allow":["GET"]}}],"collection":[{"href":"https:\/\/deputadotaveirajr.com.br\/index.php\/wp-json\/wp\/v2\/pages"}],"about":[{"href":"https:\/\/deputadotaveirajr.com.br\/index.php\/wp-json\/wp\/v2\/types\/page"}],"replies":[{"embeddable":true,"href":"https:\/\/deputadotaveirajr.com.br\/index.php\/wp-json\/wp\/v2\/comments?post=12238"}],"version-history":[{"count":0,"href":"https:\/\/deputadotaveirajr.com.br\/index.php\/wp-json\/wp\/v2\/pages\/12238\/revisions"}],"wp:featuredmedia":[{"embeddable":true,"href":"https:\/\/deputadotaveirajr.com.br\/index.php\/wp-json\/wp\/v2\/media\/12239"}],"wp:attachment":[{"href":"https:\/\/deputadotaveirajr.com.br\/index.php\/wp-json\/wp\/v2\/media?parent=12238"}],"curies":[{"name":"wp","href":"https:\/\/api.w.org\/{rel}","templated":true}]}}