{"id":12242,"date":"2025-02-15T09:52:32","date_gmt":"2025-02-15T12:52:32","guid":{"rendered":"https:\/\/deputadotaveirajr.com.br\/index.php\/militar-da-reserva-da-fab-e-morto-a-tiros-durante-assalto-na-grande-natal\/"},"modified":"2025-02-15T09:52:32","modified_gmt":"2025-02-15T12:52:32","slug":"militar-da-reserva-da-fab-e-morto-a-tiros-durante-assalto-na-grande-natal","status":"publish","type":"page","link":"https:\/\/deputadotaveirajr.com.br\/index.php\/militar-da-reserva-da-fab-e-morto-a-tiros-durante-assalto-na-grande-natal\/","title":{"rendered":"Militar da reserva da FAB \u00e9 morto a tiros durante assalto na Grande Natal"},"content":{"rendered":"<p><img decoding=\"async\" src=\"https:\/\/s2-g1.glbimg.com\/4XhlgKKJQAgZSbnLkv_O9Gn1yAo=\/i.s3.glbimg.com\/v1\/AUTH_59edd422c0c84a879bd37670ae4f538a\/internal_photos\/bs\/2025\/F\/X\/fbFcu6TBSkiF5RSChxjg\/whatsapp-image-2025-02-15-at-11.44.16.jpeg\" \/><br \/>     Crime aconteceu na noite de sexta (14) no bairro Liberdade, em Parnamirim. Ricardo Gon\u00e7alves, de 59 anos, trabalhava como motorista por aplicativo e saiu de casa para deixar passageiros na rodovi\u00e1ria.  Ricardo Gon\u00e7alves da Silva era suboficial da reserva da FAB<br \/>\nCedida<br \/>\nUm militar da reserva da For\u00e7a A\u00e9rea Brasileira (FAB) foi morto a tiros durante um assalto que aconteceu na noite desta sexta-feira (14) em Parnamirim, na Grande Natal, segundo a Pol\u00edcia Militar. A suspeita \u00e9 de que o homem tenha sido baleado ao tentar reagir \u00e0 abordagem dos criminosos.<br \/>\nA v\u00edtima foi identificada pela PM como o suboficial Ricardo Gon\u00e7alves da Silva, de 59 anos.<br \/>\n\ud83d\udcf3Participe do canal do g1 RN no WhatsApp<br \/>\nAinda de acordo com a pol\u00edcia, o crime aconteceu por volta das 21h. Ricardo tinha acabado de sair de casa em um carro modelo Duster, de cor branca, quando foi abordado por criminosos que estavam em um ve\u00edculo modelo Voyage preto, que tentaram assalt\u00e1-lo na avenida Avenida Perimetral Nosso Ref\u00fagio, no bairro Liberdade.<br \/>\nSegundo a esposa do militar aposentado, Ricardo trabalhava como motorista por aplicativo e tinha sa\u00eddo para deixar passageiros na rodovi\u00e1ria de Natal. Ele ainda estava s\u00f3, no carro, no momento do crime.<br \/>\nSuboficial Ricardo Gon\u00e7alves da Silva, de 59 anos, foi morto ao sair de casa para trabalhar como motorista por aplicativo<br \/>\nReprodu\u00e7\u00e3o<br \/>\nAp\u00f3s atirarem contra a v\u00edtima, os criminosos fugiram do local e roubaram outro ve\u00edculo, uma caminhonete modelo Hilux, no mesmo bairro.<br \/>\nO Servi\u00e7o de Atendimento M\u00f3vel de Urg\u00eancia (Samu) foi chamado para socorrer a v\u00edtima, mas a equipe constatou o \u00f3bito do suboficial. Em seguida, o Instituto T\u00e9cnico-Cient\u00edfico de Per\u00edcia (Itep) foi acionado para realizar per\u00edcia na cena do crime e recolher o corpo.<br \/>\n&#8220;Assim que ele saiu, eu escutei os tiros, foi horr\u00edvel. Eu estava na sala, de frente para o port\u00e3o, me abaixei, peguei o telefone e liguei para ele. As tr\u00eas liga\u00e7\u00f5es que fiz, ele atendeu, mas n\u00e3o falou mais nada. Logo em seguida vieram me chamar no port\u00e3o, tentaram me consolar, mas eu corri, quando cheguei l\u00e1, ele j\u00e1 estava ca\u00eddo por cima do banco&#8221;, lembrou a esposa, que pediu para n\u00e3o ser identificada.<br \/>\nCarro onde estava o suboficial morto a tiros nesta sexta-feira (14) em Parnamirim<br \/>\nVin\u00edcius Marinho\/Inter TV Cabugi<br \/>\nDe acordo com a mulher, Ricardo passou 33 anos nas for\u00e7as armadas e, desde 2017, fazia viagens por aplicativo.<br \/>\nPersegui\u00e7\u00e3o<br \/>\nAp\u00f3s o latroc\u00ednio, a pol\u00edcia refor\u00e7ou patrulhamento em Parnamirim e uma equipe da For\u00e7a T\u00e1tica do 3\u00ba Batalh\u00e3o da PM localizou a caminhonete roubada na comunidade de Pium. Os militares come\u00e7aram uma persegui\u00e7\u00e3o aos suspeitos, mas os criminosos abandonaram o carro e conseguiram fugir por uma \u00e1rea de mata.<br \/>\nNo local, os militares conseguiram apreender uma arma de fogo, al\u00e9m da caminhonete e pertences do propriet\u00e1rio do ve\u00edculo, deixados para tr\u00e1s pelos bandidos. Ningu\u00e9m foi preso.<br \/>\nArma apreendida por suspeitos em Parnamirim<br \/>\nPMRN\/Divulga\u00e7\u00e3o<br \/>\nVeja os v\u00eddeos mais assistidos no g1 RN<\/p>","protected":false},"excerpt":{"rendered":"<p>Crime aconteceu na noite de sexta (14) no bairro Liberdade, em Parnamirim. Ricardo Gon\u00e7alves, de 59 anos, trabalhava como motorista por aplicativo e saiu de casa para deixar passageiros na &#8230;<\/p>\n","protected":false},"author":0,"featured_media":12243,"parent":0,"menu_order":0,"comment_status":"closed","ping_status":"closed","template":"","meta":{"footnotes":""},"class_list":["post-12242","page","type-page","status-publish","has-post-thumbnail","hentry"],"yoast_head":"<!-- This site is optimized with the Yoast SEO plugin v27.1.1 - https:\/\/yoast.com\/product\/yoast-seo-wordpress\/ -->\n<title>Militar da reserva da FAB \u00e9 morto a tiros durante assalto na Grande Natal - Taveira Jr<\/title>\n<meta name=\"robots\" content=\"index, follow, max-snippet:-1, max-image-preview:large, max-video-preview:-1\" \/>\n<link rel=\"canonical\" href=\"https:\/\/deputadotaveirajr.com.br\/index.php\/militar-da-reserva-da-fab-e-morto-a-tiros-durante-assalto-na-grande-natal\/\" \/>\n<meta property=\"og:locale\" content=\"pt_BR\" \/>\n<meta property=\"og:type\" content=\"article\" \/>\n<meta property=\"og:title\" content=\"Militar da reserva da FAB \u00e9 morto a tiros durante assalto na Grande Natal - Taveira Jr\" \/>\n<meta property=\"og:description\" content=\"Crime aconteceu na noite de sexta (14) no bairro Liberdade, em Parnamirim. Ricardo Gon\u00e7alves, de 59 anos, trabalhava como motorista por aplicativo e saiu de casa para deixar passageiros na ...\" \/>\n<meta property=\"og:url\" content=\"https:\/\/deputadotaveirajr.com.br\/index.php\/militar-da-reserva-da-fab-e-morto-a-tiros-durante-assalto-na-grande-natal\/\" \/>\n<meta property=\"og:site_name\" content=\"Taveira Jr\" \/>\n<meta property=\"og:image\" content=\"https:\/\/s2-g1.glbimg.com\/4XhlgKKJQAgZSbnLkv_O9Gn1yAo=\/i.s3.glbimg.com\/v1\/AUTH_59edd422c0c84a879bd37670ae4f538a\/internal_photos\/bs\/2025\/F\/X\/fbFcu6TBSkiF5RSChxjg\/whatsapp-image-2025-02-15-at-11.44.16.jpeg\" \/>\n<meta name=\"twitter:card\" content=\"summary_large_image\" \/>\n<meta name=\"twitter:label1\" content=\"Est. tempo de leitura\" \/>\n\t<meta name=\"twitter:data1\" content=\"3 minutos\" \/>\n<script type=\"application\/ld+json\" class=\"yoast-schema-graph\">{\"@context\":\"https:\/\/schema.org\",\"@graph\":[{\"@type\":\"WebPage\",\"@id\":\"https:\/\/deputadotaveirajr.com.br\/index.php\/militar-da-reserva-da-fab-e-morto-a-tiros-durante-assalto-na-grande-natal\/\",\"url\":\"https:\/\/deputadotaveirajr.com.br\/index.php\/militar-da-reserva-da-fab-e-morto-a-tiros-durante-assalto-na-grande-natal\/\",\"name\":\"Militar da reserva da FAB \u00e9 morto a tiros durante assalto na Grande Natal - Taveira Jr\",\"isPartOf\":{\"@id\":\"https:\/\/deputadotaveirajr.com.br\/#website\"},\"primaryImageOfPage\":{\"@id\":\"https:\/\/deputadotaveirajr.com.br\/index.php\/militar-da-reserva-da-fab-e-morto-a-tiros-durante-assalto-na-grande-natal\/#primaryimage\"},\"image\":{\"@id\":\"https:\/\/deputadotaveirajr.com.br\/index.php\/militar-da-reserva-da-fab-e-morto-a-tiros-durante-assalto-na-grande-natal\/#primaryimage\"},\"thumbnailUrl\":\"https:\/\/deputadotaveirajr.com.br\/wp-content\/uploads\/2025\/02\/whatsapp-image-2025-02-15-at-11.44.16-I3to5E.jpeg\",\"datePublished\":\"2025-02-15T12:52:32+00:00\",\"breadcrumb\":{\"@id\":\"https:\/\/deputadotaveirajr.com.br\/index.php\/militar-da-reserva-da-fab-e-morto-a-tiros-durante-assalto-na-grande-natal\/#breadcrumb\"},\"inLanguage\":\"pt-BR\",\"potentialAction\":[{\"@type\":\"ReadAction\",\"target\":[\"https:\/\/deputadotaveirajr.com.br\/index.php\/militar-da-reserva-da-fab-e-morto-a-tiros-durante-assalto-na-grande-natal\/\"]}]},{\"@type\":\"ImageObject\",\"inLanguage\":\"pt-BR\",\"@id\":\"https:\/\/deputadotaveirajr.com.br\/index.php\/militar-da-reserva-da-fab-e-morto-a-tiros-durante-assalto-na-grande-natal\/#primaryimage\",\"url\":\"https:\/\/deputadotaveirajr.com.br\/wp-content\/uploads\/2025\/02\/whatsapp-image-2025-02-15-at-11.44.16-I3to5E.jpeg\",\"contentUrl\":\"https:\/\/deputadotaveirajr.com.br\/wp-content\/uploads\/2025\/02\/whatsapp-image-2025-02-15-at-11.44.16-I3to5E.jpeg\",\"width\":825,\"height\":1138},{\"@type\":\"BreadcrumbList\",\"@id\":\"https:\/\/deputadotaveirajr.com.br\/index.php\/militar-da-reserva-da-fab-e-morto-a-tiros-durante-assalto-na-grande-natal\/#breadcrumb\",\"itemListElement\":[{\"@type\":\"ListItem\",\"position\":1,\"name\":\"In\u00edcio\",\"item\":\"https:\/\/deputadotaveirajr.com.br\/\"},{\"@type\":\"ListItem\",\"position\":2,\"name\":\"Militar da reserva da FAB \u00e9 morto a tiros durante assalto na Grande Natal\"}]},{\"@type\":\"WebSite\",\"@id\":\"https:\/\/deputadotaveirajr.com.br\/#website\",\"url\":\"https:\/\/deputadotaveirajr.com.br\/\",\"name\":\"Taveira Jr\",\"description\":\"Deputado Estadual\",\"publisher\":{\"@id\":\"https:\/\/deputadotaveirajr.com.br\/#organization\"},\"potentialAction\":[{\"@type\":\"SearchAction\",\"target\":{\"@type\":\"EntryPoint\",\"urlTemplate\":\"https:\/\/deputadotaveirajr.com.br\/?s={search_term_string}\"},\"query-input\":{\"@type\":\"PropertyValueSpecification\",\"valueRequired\":true,\"valueName\":\"search_term_string\"}}],\"inLanguage\":\"pt-BR\"},{\"@type\":\"Organization\",\"@id\":\"https:\/\/deputadotaveirajr.com.br\/#organization\",\"name\":\"Taveira Jr\",\"url\":\"https:\/\/deputadotaveirajr.com.br\/\",\"logo\":{\"@type\":\"ImageObject\",\"inLanguage\":\"pt-BR\",\"@id\":\"https:\/\/deputadotaveirajr.com.br\/#\/schema\/logo\/image\/\",\"url\":\"https:\/\/deputadotaveirajr.com.br\/wp-content\/uploads\/2026\/01\/logolow2a.png\",\"contentUrl\":\"https:\/\/deputadotaveirajr.com.br\/wp-content\/uploads\/2026\/01\/logolow2a.png\",\"width\":290,\"height\":80,\"caption\":\"Taveira Jr\"},\"image\":{\"@id\":\"https:\/\/deputadotaveirajr.com.br\/#\/schema\/logo\/image\/\"}}]}<\/script>\n<!-- \/ Yoast SEO plugin. -->","yoast_head_json":{"title":"Militar da reserva da FAB \u00e9 morto a tiros durante assalto na Grande Natal - Taveira Jr","robots":{"index":"index","follow":"follow","max-snippet":"max-snippet:-1","max-image-preview":"max-image-preview:large","max-video-preview":"max-video-preview:-1"},"canonical":"https:\/\/deputadotaveirajr.com.br\/index.php\/militar-da-reserva-da-fab-e-morto-a-tiros-durante-assalto-na-grande-natal\/","og_locale":"pt_BR","og_type":"article","og_title":"Militar da reserva da FAB \u00e9 morto a tiros durante assalto na Grande Natal - Taveira Jr","og_description":"Crime aconteceu na noite de sexta (14) no bairro Liberdade, em Parnamirim. Ricardo Gon\u00e7alves, de 59 anos, trabalhava como motorista por aplicativo e saiu de casa para deixar passageiros na ...","og_url":"https:\/\/deputadotaveirajr.com.br\/index.php\/militar-da-reserva-da-fab-e-morto-a-tiros-durante-assalto-na-grande-natal\/","og_site_name":"Taveira Jr","og_image":[{"url":"https:\/\/s2-g1.glbimg.com\/4XhlgKKJQAgZSbnLkv_O9Gn1yAo=\/i.s3.glbimg.com\/v1\/AUTH_59edd422c0c84a879bd37670ae4f538a\/internal_photos\/bs\/2025\/F\/X\/fbFcu6TBSkiF5RSChxjg\/whatsapp-image-2025-02-15-at-11.44.16.jpeg","type":"","width":"","height":""}],"twitter_card":"summary_large_image","twitter_misc":{"Est. tempo de leitura":"3 minutos"},"schema":{"@context":"https:\/\/schema.org","@graph":[{"@type":"WebPage","@id":"https:\/\/deputadotaveirajr.com.br\/index.php\/militar-da-reserva-da-fab-e-morto-a-tiros-durante-assalto-na-grande-natal\/","url":"https:\/\/deputadotaveirajr.com.br\/index.php\/militar-da-reserva-da-fab-e-morto-a-tiros-durante-assalto-na-grande-natal\/","name":"Militar da reserva da FAB \u00e9 morto a tiros durante assalto na Grande Natal - Taveira Jr","isPartOf":{"@id":"https:\/\/deputadotaveirajr.com.br\/#website"},"primaryImageOfPage":{"@id":"https:\/\/deputadotaveirajr.com.br\/index.php\/militar-da-reserva-da-fab-e-morto-a-tiros-durante-assalto-na-grande-natal\/#primaryimage"},"image":{"@id":"https:\/\/deputadotaveirajr.com.br\/index.php\/militar-da-reserva-da-fab-e-morto-a-tiros-durante-assalto-na-grande-natal\/#primaryimage"},"thumbnailUrl":"https:\/\/deputadotaveirajr.com.br\/wp-content\/uploads\/2025\/02\/whatsapp-image-2025-02-15-at-11.44.16-I3to5E.jpeg","datePublished":"2025-02-15T12:52:32+00:00","breadcrumb":{"@id":"https:\/\/deputadotaveirajr.com.br\/index.php\/militar-da-reserva-da-fab-e-morto-a-tiros-durante-assalto-na-grande-natal\/#breadcrumb"},"inLanguage":"pt-BR","potentialAction":[{"@type":"ReadAction","target":["https:\/\/deputadotaveirajr.com.br\/index.php\/militar-da-reserva-da-fab-e-morto-a-tiros-durante-assalto-na-grande-natal\/"]}]},{"@type":"ImageObject","inLanguage":"pt-BR","@id":"https:\/\/deputadotaveirajr.com.br\/index.php\/militar-da-reserva-da-fab-e-morto-a-tiros-durante-assalto-na-grande-natal\/#primaryimage","url":"https:\/\/deputadotaveirajr.com.br\/wp-content\/uploads\/2025\/02\/whatsapp-image-2025-02-15-at-11.44.16-I3to5E.jpeg","contentUrl":"https:\/\/deputadotaveirajr.com.br\/wp-content\/uploads\/2025\/02\/whatsapp-image-2025-02-15-at-11.44.16-I3to5E.jpeg","width":825,"height":1138},{"@type":"BreadcrumbList","@id":"https:\/\/deputadotaveirajr.com.br\/index.php\/militar-da-reserva-da-fab-e-morto-a-tiros-durante-assalto-na-grande-natal\/#breadcrumb","itemListElement":[{"@type":"ListItem","position":1,"name":"In\u00edcio","item":"https:\/\/deputadotaveirajr.com.br\/"},{"@type":"ListItem","position":2,"name":"Militar da reserva da FAB \u00e9 morto a tiros durante assalto na Grande Natal"}]},{"@type":"WebSite","@id":"https:\/\/deputadotaveirajr.com.br\/#website","url":"https:\/\/deputadotaveirajr.com.br\/","name":"Taveira Jr","description":"Deputado Estadual","publisher":{"@id":"https:\/\/deputadotaveirajr.com.br\/#organization"},"potentialAction":[{"@type":"SearchAction","target":{"@type":"EntryPoint","urlTemplate":"https:\/\/deputadotaveirajr.com.br\/?s={search_term_string}"},"query-input":{"@type":"PropertyValueSpecification","valueRequired":true,"valueName":"search_term_string"}}],"inLanguage":"pt-BR"},{"@type":"Organization","@id":"https:\/\/deputadotaveirajr.com.br\/#organization","name":"Taveira Jr","url":"https:\/\/deputadotaveirajr.com.br\/","logo":{"@type":"ImageObject","inLanguage":"pt-BR","@id":"https:\/\/deputadotaveirajr.com.br\/#\/schema\/logo\/image\/","url":"https:\/\/deputadotaveirajr.com.br\/wp-content\/uploads\/2026\/01\/logolow2a.png","contentUrl":"https:\/\/deputadotaveirajr.com.br\/wp-content\/uploads\/2026\/01\/logolow2a.png","width":290,"height":80,"caption":"Taveira Jr"},"image":{"@id":"https:\/\/deputadotaveirajr.com.br\/#\/schema\/logo\/image\/"}}]}},"_links":{"self":[{"href":"https:\/\/deputadotaveirajr.com.br\/index.php\/wp-json\/wp\/v2\/pages\/12242","targetHints":{"allow":["GET"]}}],"collection":[{"href":"https:\/\/deputadotaveirajr.com.br\/index.php\/wp-json\/wp\/v2\/pages"}],"about":[{"href":"https:\/\/deputadotaveirajr.com.br\/index.php\/wp-json\/wp\/v2\/types\/page"}],"replies":[{"embeddable":true,"href":"https:\/\/deputadotaveirajr.com.br\/index.php\/wp-json\/wp\/v2\/comments?post=12242"}],"version-history":[{"count":0,"href":"https:\/\/deputadotaveirajr.com.br\/index.php\/wp-json\/wp\/v2\/pages\/12242\/revisions"}],"wp:featuredmedia":[{"embeddable":true,"href":"https:\/\/deputadotaveirajr.com.br\/index.php\/wp-json\/wp\/v2\/media\/12243"}],"wp:attachment":[{"href":"https:\/\/deputadotaveirajr.com.br\/index.php\/wp-json\/wp\/v2\/media?parent=12242"}],"curies":[{"name":"wp","href":"https:\/\/api.w.org\/{rel}","templated":true}]}}