{"id":12244,"date":"2025-02-15T08:55:58","date_gmt":"2025-02-15T11:55:58","guid":{"rendered":"https:\/\/deputadotaveirajr.com.br\/index.php\/motociclista-e-preso-ao-tentar-subornar-policiais-rodoviarios-federais-no-rn\/"},"modified":"2025-02-15T08:55:58","modified_gmt":"2025-02-15T11:55:58","slug":"motociclista-e-preso-ao-tentar-subornar-policiais-rodoviarios-federais-no-rn","status":"publish","type":"page","link":"https:\/\/deputadotaveirajr.com.br\/index.php\/motociclista-e-preso-ao-tentar-subornar-policiais-rodoviarios-federais-no-rn\/","title":{"rendered":"Motociclista \u00e9 preso ao tentar subornar policiais rodovi\u00e1rios federais no RN"},"content":{"rendered":"<p><img decoding=\"async\" src=\"https:\/\/s2-g1.glbimg.com\/hyUDzjAiWagKYc6fhwFRaub-AFI=\/i.s3.glbimg.com\/v1\/AUTH_59edd422c0c84a879bd37670ae4f538a\/internal_photos\/bs\/2023\/U\/D\/WUokbuSQAGQB3jXAIPrQ\/prf.jpeg\" \/><br \/>     Homem recebeu voz de pris\u00e3o por corrup\u00e7\u00e3o ativa ao tentar pagar agentes para liberar moto apreendida em fiscaliza\u00e7\u00e3o. Caso aconteceu na tarde desta sexta-feira (14) em Macau. Homem \u00e9 preso ap\u00f3s tentar pagar suborno a policiais rodovi\u00e1rios federais no RN<br \/>\nUm motociclista foi preso por corrup\u00e7\u00e3o ativa ao tentar subornar policiais rodovi\u00e1rios federais durante uma fiscaliza\u00e7\u00e3o de tr\u00e2nsito no interior do Rio Grande do Norte. A tentativa foi gravada por um dos agentes. Veja no v\u00eddeo acima.<br \/>\nO caso aconteceu tarde desta sexta-feira (14), no km 5 da BR-406, em Macau, na regi\u00e3o da Costa Branca potiguar.<br \/>\n\ud83d\udcf3Participe do canal do g1 RN no WhatsApp<br \/>\nDurante a abordagem, os policiais constataram que o condutor estava com a Carteira Nacional de Habilita\u00e7\u00e3o (CNH) vencida. Al\u00e9m disso, o ve\u00edculo estava com o licenciamento atrasado.<br \/>\nAo perceber que seu ve\u00edculo seria removido, o motociclista tentou oferecer dinheiro ao policial rodovi\u00e1rio federal em troca da libera\u00e7\u00e3o da ocorr\u00eancia.<br \/>\nViatura da PRF<br \/>\nPRF\/Divulga\u00e7\u00e3o<br \/>\nA conversa foi gravada pelo policial rodovi\u00e1rio, que deu voz de pris\u00e3o ao condutor pelo crime de corrup\u00e7\u00e3o ativa.<br \/>\n&#8220;De acordo com o artigo 333 do C\u00f3digo Penal, oferecer ou prometer vantagem indevida a um funcion\u00e1rio p\u00fablico para que ele pratique, omita ou retarde ato de of\u00edcio \u00e9 crime, com pena prevista de 1 a 8 anos de reclus\u00e3o, al\u00e9m de multa&#8221;, informou a PRF.<br \/>\nDiante dos fatos, o homem foi encaminhado \u00e0 Delegacia de Pol\u00edcia Civil de Macau, onde ficar\u00e1 \u00e0 disposi\u00e7\u00e3o da Justi\u00e7a.<br \/>\nVeja os v\u00eddeos mais assistidos no g1 RN<\/p>","protected":false},"excerpt":{"rendered":"<p>Homem recebeu voz de pris\u00e3o por corrup\u00e7\u00e3o ativa ao tentar pagar agentes para liberar moto apreendida em fiscaliza\u00e7\u00e3o. Caso aconteceu na tarde desta sexta-feira (14) em Macau. Homem \u00e9 preso &#8230;<\/p>\n","protected":false},"author":0,"featured_media":12245,"parent":0,"menu_order":0,"comment_status":"closed","ping_status":"closed","template":"","meta":{"footnotes":""},"class_list":["post-12244","page","type-page","status-publish","has-post-thumbnail","hentry"],"yoast_head":"<!-- This site is optimized with the Yoast SEO plugin v27.1.1 - https:\/\/yoast.com\/product\/yoast-seo-wordpress\/ -->\n<title>Motociclista \u00e9 preso ao tentar subornar policiais rodovi\u00e1rios federais no RN - Taveira Jr<\/title>\n<meta name=\"robots\" content=\"index, follow, max-snippet:-1, max-image-preview:large, max-video-preview:-1\" \/>\n<link rel=\"canonical\" href=\"https:\/\/deputadotaveirajr.com.br\/index.php\/motociclista-e-preso-ao-tentar-subornar-policiais-rodoviarios-federais-no-rn\/\" \/>\n<meta property=\"og:locale\" content=\"pt_BR\" \/>\n<meta property=\"og:type\" content=\"article\" \/>\n<meta property=\"og:title\" content=\"Motociclista \u00e9 preso ao tentar subornar policiais rodovi\u00e1rios federais no RN - Taveira Jr\" \/>\n<meta property=\"og:description\" content=\"Homem recebeu voz de pris\u00e3o por corrup\u00e7\u00e3o ativa ao tentar pagar agentes para liberar moto apreendida em fiscaliza\u00e7\u00e3o. Caso aconteceu na tarde desta sexta-feira (14) em Macau. Homem \u00e9 preso ...\" \/>\n<meta property=\"og:url\" content=\"https:\/\/deputadotaveirajr.com.br\/index.php\/motociclista-e-preso-ao-tentar-subornar-policiais-rodoviarios-federais-no-rn\/\" \/>\n<meta property=\"og:site_name\" content=\"Taveira Jr\" \/>\n<meta property=\"og:image\" content=\"https:\/\/s2-g1.glbimg.com\/hyUDzjAiWagKYc6fhwFRaub-AFI=\/i.s3.glbimg.com\/v1\/AUTH_59edd422c0c84a879bd37670ae4f538a\/internal_photos\/bs\/2023\/U\/D\/WUokbuSQAGQB3jXAIPrQ\/prf.jpeg\" \/>\n<meta name=\"twitter:card\" content=\"summary_large_image\" \/>\n<meta name=\"twitter:label1\" content=\"Est. tempo de leitura\" \/>\n\t<meta name=\"twitter:data1\" content=\"1 minuto\" \/>\n<script type=\"application\/ld+json\" class=\"yoast-schema-graph\">{\"@context\":\"https:\/\/schema.org\",\"@graph\":[{\"@type\":\"WebPage\",\"@id\":\"https:\/\/deputadotaveirajr.com.br\/index.php\/motociclista-e-preso-ao-tentar-subornar-policiais-rodoviarios-federais-no-rn\/\",\"url\":\"https:\/\/deputadotaveirajr.com.br\/index.php\/motociclista-e-preso-ao-tentar-subornar-policiais-rodoviarios-federais-no-rn\/\",\"name\":\"Motociclista \u00e9 preso ao tentar subornar policiais rodovi\u00e1rios federais no RN - Taveira Jr\",\"isPartOf\":{\"@id\":\"https:\/\/deputadotaveirajr.com.br\/#website\"},\"primaryImageOfPage\":{\"@id\":\"https:\/\/deputadotaveirajr.com.br\/index.php\/motociclista-e-preso-ao-tentar-subornar-policiais-rodoviarios-federais-no-rn\/#primaryimage\"},\"image\":{\"@id\":\"https:\/\/deputadotaveirajr.com.br\/index.php\/motociclista-e-preso-ao-tentar-subornar-policiais-rodoviarios-federais-no-rn\/#primaryimage\"},\"thumbnailUrl\":\"https:\/\/deputadotaveirajr.com.br\/wp-content\/uploads\/2025\/02\/prf-q3gHfQ.jpeg\",\"datePublished\":\"2025-02-15T11:55:58+00:00\",\"breadcrumb\":{\"@id\":\"https:\/\/deputadotaveirajr.com.br\/index.php\/motociclista-e-preso-ao-tentar-subornar-policiais-rodoviarios-federais-no-rn\/#breadcrumb\"},\"inLanguage\":\"pt-BR\",\"potentialAction\":[{\"@type\":\"ReadAction\",\"target\":[\"https:\/\/deputadotaveirajr.com.br\/index.php\/motociclista-e-preso-ao-tentar-subornar-policiais-rodoviarios-federais-no-rn\/\"]}]},{\"@type\":\"ImageObject\",\"inLanguage\":\"pt-BR\",\"@id\":\"https:\/\/deputadotaveirajr.com.br\/index.php\/motociclista-e-preso-ao-tentar-subornar-policiais-rodoviarios-federais-no-rn\/#primaryimage\",\"url\":\"https:\/\/deputadotaveirajr.com.br\/wp-content\/uploads\/2025\/02\/prf-q3gHfQ.jpeg\",\"contentUrl\":\"https:\/\/deputadotaveirajr.com.br\/wp-content\/uploads\/2025\/02\/prf-q3gHfQ.jpeg\",\"width\":768,\"height\":432},{\"@type\":\"BreadcrumbList\",\"@id\":\"https:\/\/deputadotaveirajr.com.br\/index.php\/motociclista-e-preso-ao-tentar-subornar-policiais-rodoviarios-federais-no-rn\/#breadcrumb\",\"itemListElement\":[{\"@type\":\"ListItem\",\"position\":1,\"name\":\"In\u00edcio\",\"item\":\"https:\/\/deputadotaveirajr.com.br\/\"},{\"@type\":\"ListItem\",\"position\":2,\"name\":\"Motociclista \u00e9 preso ao tentar subornar policiais rodovi\u00e1rios federais no RN\"}]},{\"@type\":\"WebSite\",\"@id\":\"https:\/\/deputadotaveirajr.com.br\/#website\",\"url\":\"https:\/\/deputadotaveirajr.com.br\/\",\"name\":\"Taveira Jr\",\"description\":\"Deputado Estadual\",\"publisher\":{\"@id\":\"https:\/\/deputadotaveirajr.com.br\/#organization\"},\"potentialAction\":[{\"@type\":\"SearchAction\",\"target\":{\"@type\":\"EntryPoint\",\"urlTemplate\":\"https:\/\/deputadotaveirajr.com.br\/?s={search_term_string}\"},\"query-input\":{\"@type\":\"PropertyValueSpecification\",\"valueRequired\":true,\"valueName\":\"search_term_string\"}}],\"inLanguage\":\"pt-BR\"},{\"@type\":\"Organization\",\"@id\":\"https:\/\/deputadotaveirajr.com.br\/#organization\",\"name\":\"Taveira Jr\",\"url\":\"https:\/\/deputadotaveirajr.com.br\/\",\"logo\":{\"@type\":\"ImageObject\",\"inLanguage\":\"pt-BR\",\"@id\":\"https:\/\/deputadotaveirajr.com.br\/#\/schema\/logo\/image\/\",\"url\":\"https:\/\/deputadotaveirajr.com.br\/wp-content\/uploads\/2026\/01\/logolow2a.png\",\"contentUrl\":\"https:\/\/deputadotaveirajr.com.br\/wp-content\/uploads\/2026\/01\/logolow2a.png\",\"width\":290,\"height\":80,\"caption\":\"Taveira Jr\"},\"image\":{\"@id\":\"https:\/\/deputadotaveirajr.com.br\/#\/schema\/logo\/image\/\"}}]}<\/script>\n<!-- \/ Yoast SEO plugin. -->","yoast_head_json":{"title":"Motociclista \u00e9 preso ao tentar subornar policiais rodovi\u00e1rios federais no RN - Taveira Jr","robots":{"index":"index","follow":"follow","max-snippet":"max-snippet:-1","max-image-preview":"max-image-preview:large","max-video-preview":"max-video-preview:-1"},"canonical":"https:\/\/deputadotaveirajr.com.br\/index.php\/motociclista-e-preso-ao-tentar-subornar-policiais-rodoviarios-federais-no-rn\/","og_locale":"pt_BR","og_type":"article","og_title":"Motociclista \u00e9 preso ao tentar subornar policiais rodovi\u00e1rios federais no RN - Taveira Jr","og_description":"Homem recebeu voz de pris\u00e3o por corrup\u00e7\u00e3o ativa ao tentar pagar agentes para liberar moto apreendida em fiscaliza\u00e7\u00e3o. Caso aconteceu na tarde desta sexta-feira (14) em Macau. Homem \u00e9 preso ...","og_url":"https:\/\/deputadotaveirajr.com.br\/index.php\/motociclista-e-preso-ao-tentar-subornar-policiais-rodoviarios-federais-no-rn\/","og_site_name":"Taveira Jr","og_image":[{"url":"https:\/\/s2-g1.glbimg.com\/hyUDzjAiWagKYc6fhwFRaub-AFI=\/i.s3.glbimg.com\/v1\/AUTH_59edd422c0c84a879bd37670ae4f538a\/internal_photos\/bs\/2023\/U\/D\/WUokbuSQAGQB3jXAIPrQ\/prf.jpeg","type":"","width":"","height":""}],"twitter_card":"summary_large_image","twitter_misc":{"Est. tempo de leitura":"1 minuto"},"schema":{"@context":"https:\/\/schema.org","@graph":[{"@type":"WebPage","@id":"https:\/\/deputadotaveirajr.com.br\/index.php\/motociclista-e-preso-ao-tentar-subornar-policiais-rodoviarios-federais-no-rn\/","url":"https:\/\/deputadotaveirajr.com.br\/index.php\/motociclista-e-preso-ao-tentar-subornar-policiais-rodoviarios-federais-no-rn\/","name":"Motociclista \u00e9 preso ao tentar subornar policiais rodovi\u00e1rios federais no RN - Taveira Jr","isPartOf":{"@id":"https:\/\/deputadotaveirajr.com.br\/#website"},"primaryImageOfPage":{"@id":"https:\/\/deputadotaveirajr.com.br\/index.php\/motociclista-e-preso-ao-tentar-subornar-policiais-rodoviarios-federais-no-rn\/#primaryimage"},"image":{"@id":"https:\/\/deputadotaveirajr.com.br\/index.php\/motociclista-e-preso-ao-tentar-subornar-policiais-rodoviarios-federais-no-rn\/#primaryimage"},"thumbnailUrl":"https:\/\/deputadotaveirajr.com.br\/wp-content\/uploads\/2025\/02\/prf-q3gHfQ.jpeg","datePublished":"2025-02-15T11:55:58+00:00","breadcrumb":{"@id":"https:\/\/deputadotaveirajr.com.br\/index.php\/motociclista-e-preso-ao-tentar-subornar-policiais-rodoviarios-federais-no-rn\/#breadcrumb"},"inLanguage":"pt-BR","potentialAction":[{"@type":"ReadAction","target":["https:\/\/deputadotaveirajr.com.br\/index.php\/motociclista-e-preso-ao-tentar-subornar-policiais-rodoviarios-federais-no-rn\/"]}]},{"@type":"ImageObject","inLanguage":"pt-BR","@id":"https:\/\/deputadotaveirajr.com.br\/index.php\/motociclista-e-preso-ao-tentar-subornar-policiais-rodoviarios-federais-no-rn\/#primaryimage","url":"https:\/\/deputadotaveirajr.com.br\/wp-content\/uploads\/2025\/02\/prf-q3gHfQ.jpeg","contentUrl":"https:\/\/deputadotaveirajr.com.br\/wp-content\/uploads\/2025\/02\/prf-q3gHfQ.jpeg","width":768,"height":432},{"@type":"BreadcrumbList","@id":"https:\/\/deputadotaveirajr.com.br\/index.php\/motociclista-e-preso-ao-tentar-subornar-policiais-rodoviarios-federais-no-rn\/#breadcrumb","itemListElement":[{"@type":"ListItem","position":1,"name":"In\u00edcio","item":"https:\/\/deputadotaveirajr.com.br\/"},{"@type":"ListItem","position":2,"name":"Motociclista \u00e9 preso ao tentar subornar policiais rodovi\u00e1rios federais no RN"}]},{"@type":"WebSite","@id":"https:\/\/deputadotaveirajr.com.br\/#website","url":"https:\/\/deputadotaveirajr.com.br\/","name":"Taveira Jr","description":"Deputado Estadual","publisher":{"@id":"https:\/\/deputadotaveirajr.com.br\/#organization"},"potentialAction":[{"@type":"SearchAction","target":{"@type":"EntryPoint","urlTemplate":"https:\/\/deputadotaveirajr.com.br\/?s={search_term_string}"},"query-input":{"@type":"PropertyValueSpecification","valueRequired":true,"valueName":"search_term_string"}}],"inLanguage":"pt-BR"},{"@type":"Organization","@id":"https:\/\/deputadotaveirajr.com.br\/#organization","name":"Taveira Jr","url":"https:\/\/deputadotaveirajr.com.br\/","logo":{"@type":"ImageObject","inLanguage":"pt-BR","@id":"https:\/\/deputadotaveirajr.com.br\/#\/schema\/logo\/image\/","url":"https:\/\/deputadotaveirajr.com.br\/wp-content\/uploads\/2026\/01\/logolow2a.png","contentUrl":"https:\/\/deputadotaveirajr.com.br\/wp-content\/uploads\/2026\/01\/logolow2a.png","width":290,"height":80,"caption":"Taveira Jr"},"image":{"@id":"https:\/\/deputadotaveirajr.com.br\/#\/schema\/logo\/image\/"}}]}},"_links":{"self":[{"href":"https:\/\/deputadotaveirajr.com.br\/index.php\/wp-json\/wp\/v2\/pages\/12244","targetHints":{"allow":["GET"]}}],"collection":[{"href":"https:\/\/deputadotaveirajr.com.br\/index.php\/wp-json\/wp\/v2\/pages"}],"about":[{"href":"https:\/\/deputadotaveirajr.com.br\/index.php\/wp-json\/wp\/v2\/types\/page"}],"replies":[{"embeddable":true,"href":"https:\/\/deputadotaveirajr.com.br\/index.php\/wp-json\/wp\/v2\/comments?post=12244"}],"version-history":[{"count":0,"href":"https:\/\/deputadotaveirajr.com.br\/index.php\/wp-json\/wp\/v2\/pages\/12244\/revisions"}],"wp:featuredmedia":[{"embeddable":true,"href":"https:\/\/deputadotaveirajr.com.br\/index.php\/wp-json\/wp\/v2\/media\/12245"}],"wp:attachment":[{"href":"https:\/\/deputadotaveirajr.com.br\/index.php\/wp-json\/wp\/v2\/media?parent=12244"}],"curies":[{"name":"wp","href":"https:\/\/api.w.org\/{rel}","templated":true}]}}