{"id":12248,"date":"2025-02-16T09:49:00","date_gmt":"2025-02-16T12:49:00","guid":{"rendered":"https:\/\/deputadotaveirajr.com.br\/index.php\/sesc-rn-oferece-160-vagas-gratuitas-para-cursos-de-valorizacao-social-veja-como-se-inscrever\/"},"modified":"2025-02-16T09:49:00","modified_gmt":"2025-02-16T12:49:00","slug":"sesc-rn-oferece-160-vagas-gratuitas-para-cursos-de-valorizacao-social-veja-como-se-inscrever","status":"publish","type":"page","link":"https:\/\/deputadotaveirajr.com.br\/index.php\/sesc-rn-oferece-160-vagas-gratuitas-para-cursos-de-valorizacao-social-veja-como-se-inscrever\/","title":{"rendered":"Sesc RN oferece 160 vagas gratuitas para cursos de valoriza\u00e7\u00e3o social; veja como se inscrever"},"content":{"rendered":"<p><img decoding=\"async\" src=\"https:\/\/s2-g1.glbimg.com\/g2f0b6XRaZJYHL2y4zx2DrUOUrQ=\/i.s3.glbimg.com\/v1\/AUTH_59edd422c0c84a879bd37670ae4f538a\/internal_photos\/bs\/2024\/1\/u\/HT0RygRTaFD7fg5PUrnQ\/pexels-poliana-paliari-16156739.jpg\" \/><br \/>     Turmas de mar\u00e7o t\u00eam a P\u00e1scoa como tem\u00e1tica. Inscri\u00e7\u00f5es podem ser feitas at\u00e9 sexta-feira (21). Ovo de P\u00e1scoa est\u00e3o entre cursos oferecidos pelo Sesc<br \/>\nPexels\/poliana paliari<br \/>\nO Servi\u00e7o Social do Com\u00e9rcio do Rio Grande do Norte (Sesc RN) abre nesta segunda-feira (17) as inscri\u00e7\u00f5es para as turmas dos Cursos de Valoriza\u00e7\u00e3o Social que acontecer\u00e3o no m\u00eas de mar\u00e7o. S\u00e3o 160 vagas gratuitas, distribu\u00eddas pelas unidades Mossor\u00f3, Nova Cruz, S\u00e3o Paulo do Potengi, Zona Norte de Natal e Maca\u00edba.<br \/>\n\ud83d\udcf3Participe do canal do g1 RN no WhatsApp<br \/>\nAs inscri\u00e7\u00f5es podem ser feitas pela internet e na Central de Relacionamento da unidade em que se deseja a turma, at\u00e9 sexta-feira (21). \u00c9 necess\u00e1rio apresentar documento de identidade (RG ou certid\u00e3o de nascimento), CPF do candidato ou do respons\u00e1vel legal, comprovante de resid\u00eancia (com emiss\u00e3o inferior a 60 dias) e comprovante de renda.<br \/>\nCom foco no empreendedorismo, os cursos oferecidos em mar\u00e7o s\u00e3o: Ovos de P\u00e1scoa artesanais (Mossor\u00f3 e S\u00e3o Paulo do Potengi), Decora\u00e7\u00e3o de P\u00e1scoa com bal\u00f5es (Maca\u00edba), Bombons e trufas gourmet (Maca\u00edba e Nova Cruz), Recheio e cobertura de bolos (Nova Cruz), M\u00f3dulo 2 de Bordado (Zona Norte) e \u00c1lbum personalizado para datas comemorativas (Zona Norte).<br \/>\nO edital faz parte do Programa de Comprometimento e Gratuidade (PCG), e, por isso, os candidatos devem estar matriculados ou serem egressos da Educa\u00e7\u00e3o B\u00e1sica e possuir renda familiar per capita de at\u00e9 dois sal\u00e1rios m\u00ednimos federais, podendo ser, prioritariamente, trabalhadores do com\u00e9rcio de bens, servi\u00e7os e turismo, ou dependentes, ou ainda, p\u00fablico em geral.<br \/>\nDe acordo com o Sesc, todas as turmas t\u00eam carga hor\u00e1ria de 20 horas. O resultado com a confirma\u00e7\u00e3o das turmas ser\u00e1 divulgado no dia 26 de fevereiro. As aulas iniciam no dia 17 de mar\u00e7o.<br \/>\nV\u00eddeos mais assistidos do g1 RN<\/p>","protected":false},"excerpt":{"rendered":"<p>Turmas de mar\u00e7o t\u00eam a P\u00e1scoa como tem\u00e1tica. Inscri\u00e7\u00f5es podem ser feitas at\u00e9 sexta-feira (21). Ovo de P\u00e1scoa est\u00e3o entre cursos oferecidos pelo Sesc Pexels\/poliana paliari O Servi\u00e7o Social do &#8230;<\/p>\n","protected":false},"author":0,"featured_media":12249,"parent":0,"menu_order":0,"comment_status":"closed","ping_status":"closed","template":"","meta":{"footnotes":""},"class_list":["post-12248","page","type-page","status-publish","has-post-thumbnail","hentry"],"yoast_head":"<!-- This site is optimized with the Yoast SEO plugin v27.1.1 - https:\/\/yoast.com\/product\/yoast-seo-wordpress\/ -->\n<title>Sesc RN oferece 160 vagas gratuitas para cursos de valoriza\u00e7\u00e3o social; veja como se inscrever - Taveira Jr<\/title>\n<meta name=\"robots\" content=\"index, follow, max-snippet:-1, max-image-preview:large, max-video-preview:-1\" \/>\n<link rel=\"canonical\" href=\"https:\/\/deputadotaveirajr.com.br\/index.php\/sesc-rn-oferece-160-vagas-gratuitas-para-cursos-de-valorizacao-social-veja-como-se-inscrever\/\" \/>\n<meta property=\"og:locale\" content=\"pt_BR\" \/>\n<meta property=\"og:type\" content=\"article\" \/>\n<meta property=\"og:title\" content=\"Sesc RN oferece 160 vagas gratuitas para cursos de valoriza\u00e7\u00e3o social; veja como se inscrever - Taveira Jr\" \/>\n<meta property=\"og:description\" content=\"Turmas de mar\u00e7o t\u00eam a P\u00e1scoa como tem\u00e1tica. Inscri\u00e7\u00f5es podem ser feitas at\u00e9 sexta-feira (21). Ovo de P\u00e1scoa est\u00e3o entre cursos oferecidos pelo Sesc Pexels\/poliana paliari O Servi\u00e7o Social do ...\" \/>\n<meta property=\"og:url\" content=\"https:\/\/deputadotaveirajr.com.br\/index.php\/sesc-rn-oferece-160-vagas-gratuitas-para-cursos-de-valorizacao-social-veja-como-se-inscrever\/\" \/>\n<meta property=\"og:site_name\" content=\"Taveira Jr\" \/>\n<meta property=\"og:image\" content=\"https:\/\/s2-g1.glbimg.com\/g2f0b6XRaZJYHL2y4zx2DrUOUrQ=\/i.s3.glbimg.com\/v1\/AUTH_59edd422c0c84a879bd37670ae4f538a\/internal_photos\/bs\/2024\/1\/u\/HT0RygRTaFD7fg5PUrnQ\/pexels-poliana-paliari-16156739.jpg\" \/>\n<meta name=\"twitter:card\" content=\"summary_large_image\" \/>\n<meta name=\"twitter:label1\" content=\"Est. tempo de leitura\" \/>\n\t<meta name=\"twitter:data1\" content=\"2 minutos\" \/>\n<script type=\"application\/ld+json\" class=\"yoast-schema-graph\">{\"@context\":\"https:\/\/schema.org\",\"@graph\":[{\"@type\":\"WebPage\",\"@id\":\"https:\/\/deputadotaveirajr.com.br\/index.php\/sesc-rn-oferece-160-vagas-gratuitas-para-cursos-de-valorizacao-social-veja-como-se-inscrever\/\",\"url\":\"https:\/\/deputadotaveirajr.com.br\/index.php\/sesc-rn-oferece-160-vagas-gratuitas-para-cursos-de-valorizacao-social-veja-como-se-inscrever\/\",\"name\":\"Sesc RN oferece 160 vagas gratuitas para cursos de valoriza\u00e7\u00e3o social; veja como se inscrever - Taveira Jr\",\"isPartOf\":{\"@id\":\"https:\/\/deputadotaveirajr.com.br\/#website\"},\"primaryImageOfPage\":{\"@id\":\"https:\/\/deputadotaveirajr.com.br\/index.php\/sesc-rn-oferece-160-vagas-gratuitas-para-cursos-de-valorizacao-social-veja-como-se-inscrever\/#primaryimage\"},\"image\":{\"@id\":\"https:\/\/deputadotaveirajr.com.br\/index.php\/sesc-rn-oferece-160-vagas-gratuitas-para-cursos-de-valorizacao-social-veja-como-se-inscrever\/#primaryimage\"},\"thumbnailUrl\":\"https:\/\/deputadotaveirajr.com.br\/wp-content\/uploads\/2025\/02\/pexels-poliana-paliari-16156739-1eivSp-scaled.jpeg\",\"datePublished\":\"2025-02-16T12:49:00+00:00\",\"breadcrumb\":{\"@id\":\"https:\/\/deputadotaveirajr.com.br\/index.php\/sesc-rn-oferece-160-vagas-gratuitas-para-cursos-de-valorizacao-social-veja-como-se-inscrever\/#breadcrumb\"},\"inLanguage\":\"pt-BR\",\"potentialAction\":[{\"@type\":\"ReadAction\",\"target\":[\"https:\/\/deputadotaveirajr.com.br\/index.php\/sesc-rn-oferece-160-vagas-gratuitas-para-cursos-de-valorizacao-social-veja-como-se-inscrever\/\"]}]},{\"@type\":\"ImageObject\",\"inLanguage\":\"pt-BR\",\"@id\":\"https:\/\/deputadotaveirajr.com.br\/index.php\/sesc-rn-oferece-160-vagas-gratuitas-para-cursos-de-valorizacao-social-veja-como-se-inscrever\/#primaryimage\",\"url\":\"https:\/\/deputadotaveirajr.com.br\/wp-content\/uploads\/2025\/02\/pexels-poliana-paliari-16156739-1eivSp-scaled.jpeg\",\"contentUrl\":\"https:\/\/deputadotaveirajr.com.br\/wp-content\/uploads\/2025\/02\/pexels-poliana-paliari-16156739-1eivSp-scaled.jpeg\",\"width\":2560,\"height\":1707},{\"@type\":\"BreadcrumbList\",\"@id\":\"https:\/\/deputadotaveirajr.com.br\/index.php\/sesc-rn-oferece-160-vagas-gratuitas-para-cursos-de-valorizacao-social-veja-como-se-inscrever\/#breadcrumb\",\"itemListElement\":[{\"@type\":\"ListItem\",\"position\":1,\"name\":\"In\u00edcio\",\"item\":\"https:\/\/deputadotaveirajr.com.br\/\"},{\"@type\":\"ListItem\",\"position\":2,\"name\":\"Sesc RN oferece 160 vagas gratuitas para cursos de valoriza\u00e7\u00e3o social; veja como se inscrever\"}]},{\"@type\":\"WebSite\",\"@id\":\"https:\/\/deputadotaveirajr.com.br\/#website\",\"url\":\"https:\/\/deputadotaveirajr.com.br\/\",\"name\":\"Taveira Jr\",\"description\":\"Deputado Estadual\",\"publisher\":{\"@id\":\"https:\/\/deputadotaveirajr.com.br\/#organization\"},\"potentialAction\":[{\"@type\":\"SearchAction\",\"target\":{\"@type\":\"EntryPoint\",\"urlTemplate\":\"https:\/\/deputadotaveirajr.com.br\/?s={search_term_string}\"},\"query-input\":{\"@type\":\"PropertyValueSpecification\",\"valueRequired\":true,\"valueName\":\"search_term_string\"}}],\"inLanguage\":\"pt-BR\"},{\"@type\":\"Organization\",\"@id\":\"https:\/\/deputadotaveirajr.com.br\/#organization\",\"name\":\"Taveira Jr\",\"url\":\"https:\/\/deputadotaveirajr.com.br\/\",\"logo\":{\"@type\":\"ImageObject\",\"inLanguage\":\"pt-BR\",\"@id\":\"https:\/\/deputadotaveirajr.com.br\/#\/schema\/logo\/image\/\",\"url\":\"https:\/\/deputadotaveirajr.com.br\/wp-content\/uploads\/2026\/01\/logolow2a.png\",\"contentUrl\":\"https:\/\/deputadotaveirajr.com.br\/wp-content\/uploads\/2026\/01\/logolow2a.png\",\"width\":290,\"height\":80,\"caption\":\"Taveira Jr\"},\"image\":{\"@id\":\"https:\/\/deputadotaveirajr.com.br\/#\/schema\/logo\/image\/\"}}]}<\/script>\n<!-- \/ Yoast SEO plugin. -->","yoast_head_json":{"title":"Sesc RN oferece 160 vagas gratuitas para cursos de valoriza\u00e7\u00e3o social; veja como se inscrever - Taveira Jr","robots":{"index":"index","follow":"follow","max-snippet":"max-snippet:-1","max-image-preview":"max-image-preview:large","max-video-preview":"max-video-preview:-1"},"canonical":"https:\/\/deputadotaveirajr.com.br\/index.php\/sesc-rn-oferece-160-vagas-gratuitas-para-cursos-de-valorizacao-social-veja-como-se-inscrever\/","og_locale":"pt_BR","og_type":"article","og_title":"Sesc RN oferece 160 vagas gratuitas para cursos de valoriza\u00e7\u00e3o social; veja como se inscrever - Taveira Jr","og_description":"Turmas de mar\u00e7o t\u00eam a P\u00e1scoa como tem\u00e1tica. Inscri\u00e7\u00f5es podem ser feitas at\u00e9 sexta-feira (21). Ovo de P\u00e1scoa est\u00e3o entre cursos oferecidos pelo Sesc Pexels\/poliana paliari O Servi\u00e7o Social do ...","og_url":"https:\/\/deputadotaveirajr.com.br\/index.php\/sesc-rn-oferece-160-vagas-gratuitas-para-cursos-de-valorizacao-social-veja-como-se-inscrever\/","og_site_name":"Taveira Jr","og_image":[{"url":"https:\/\/s2-g1.glbimg.com\/g2f0b6XRaZJYHL2y4zx2DrUOUrQ=\/i.s3.glbimg.com\/v1\/AUTH_59edd422c0c84a879bd37670ae4f538a\/internal_photos\/bs\/2024\/1\/u\/HT0RygRTaFD7fg5PUrnQ\/pexels-poliana-paliari-16156739.jpg","type":"","width":"","height":""}],"twitter_card":"summary_large_image","twitter_misc":{"Est. tempo de leitura":"2 minutos"},"schema":{"@context":"https:\/\/schema.org","@graph":[{"@type":"WebPage","@id":"https:\/\/deputadotaveirajr.com.br\/index.php\/sesc-rn-oferece-160-vagas-gratuitas-para-cursos-de-valorizacao-social-veja-como-se-inscrever\/","url":"https:\/\/deputadotaveirajr.com.br\/index.php\/sesc-rn-oferece-160-vagas-gratuitas-para-cursos-de-valorizacao-social-veja-como-se-inscrever\/","name":"Sesc RN oferece 160 vagas gratuitas para cursos de valoriza\u00e7\u00e3o social; veja como se inscrever - Taveira Jr","isPartOf":{"@id":"https:\/\/deputadotaveirajr.com.br\/#website"},"primaryImageOfPage":{"@id":"https:\/\/deputadotaveirajr.com.br\/index.php\/sesc-rn-oferece-160-vagas-gratuitas-para-cursos-de-valorizacao-social-veja-como-se-inscrever\/#primaryimage"},"image":{"@id":"https:\/\/deputadotaveirajr.com.br\/index.php\/sesc-rn-oferece-160-vagas-gratuitas-para-cursos-de-valorizacao-social-veja-como-se-inscrever\/#primaryimage"},"thumbnailUrl":"https:\/\/deputadotaveirajr.com.br\/wp-content\/uploads\/2025\/02\/pexels-poliana-paliari-16156739-1eivSp-scaled.jpeg","datePublished":"2025-02-16T12:49:00+00:00","breadcrumb":{"@id":"https:\/\/deputadotaveirajr.com.br\/index.php\/sesc-rn-oferece-160-vagas-gratuitas-para-cursos-de-valorizacao-social-veja-como-se-inscrever\/#breadcrumb"},"inLanguage":"pt-BR","potentialAction":[{"@type":"ReadAction","target":["https:\/\/deputadotaveirajr.com.br\/index.php\/sesc-rn-oferece-160-vagas-gratuitas-para-cursos-de-valorizacao-social-veja-como-se-inscrever\/"]}]},{"@type":"ImageObject","inLanguage":"pt-BR","@id":"https:\/\/deputadotaveirajr.com.br\/index.php\/sesc-rn-oferece-160-vagas-gratuitas-para-cursos-de-valorizacao-social-veja-como-se-inscrever\/#primaryimage","url":"https:\/\/deputadotaveirajr.com.br\/wp-content\/uploads\/2025\/02\/pexels-poliana-paliari-16156739-1eivSp-scaled.jpeg","contentUrl":"https:\/\/deputadotaveirajr.com.br\/wp-content\/uploads\/2025\/02\/pexels-poliana-paliari-16156739-1eivSp-scaled.jpeg","width":2560,"height":1707},{"@type":"BreadcrumbList","@id":"https:\/\/deputadotaveirajr.com.br\/index.php\/sesc-rn-oferece-160-vagas-gratuitas-para-cursos-de-valorizacao-social-veja-como-se-inscrever\/#breadcrumb","itemListElement":[{"@type":"ListItem","position":1,"name":"In\u00edcio","item":"https:\/\/deputadotaveirajr.com.br\/"},{"@type":"ListItem","position":2,"name":"Sesc RN oferece 160 vagas gratuitas para cursos de valoriza\u00e7\u00e3o social; veja como se inscrever"}]},{"@type":"WebSite","@id":"https:\/\/deputadotaveirajr.com.br\/#website","url":"https:\/\/deputadotaveirajr.com.br\/","name":"Taveira Jr","description":"Deputado Estadual","publisher":{"@id":"https:\/\/deputadotaveirajr.com.br\/#organization"},"potentialAction":[{"@type":"SearchAction","target":{"@type":"EntryPoint","urlTemplate":"https:\/\/deputadotaveirajr.com.br\/?s={search_term_string}"},"query-input":{"@type":"PropertyValueSpecification","valueRequired":true,"valueName":"search_term_string"}}],"inLanguage":"pt-BR"},{"@type":"Organization","@id":"https:\/\/deputadotaveirajr.com.br\/#organization","name":"Taveira Jr","url":"https:\/\/deputadotaveirajr.com.br\/","logo":{"@type":"ImageObject","inLanguage":"pt-BR","@id":"https:\/\/deputadotaveirajr.com.br\/#\/schema\/logo\/image\/","url":"https:\/\/deputadotaveirajr.com.br\/wp-content\/uploads\/2026\/01\/logolow2a.png","contentUrl":"https:\/\/deputadotaveirajr.com.br\/wp-content\/uploads\/2026\/01\/logolow2a.png","width":290,"height":80,"caption":"Taveira Jr"},"image":{"@id":"https:\/\/deputadotaveirajr.com.br\/#\/schema\/logo\/image\/"}}]}},"_links":{"self":[{"href":"https:\/\/deputadotaveirajr.com.br\/index.php\/wp-json\/wp\/v2\/pages\/12248","targetHints":{"allow":["GET"]}}],"collection":[{"href":"https:\/\/deputadotaveirajr.com.br\/index.php\/wp-json\/wp\/v2\/pages"}],"about":[{"href":"https:\/\/deputadotaveirajr.com.br\/index.php\/wp-json\/wp\/v2\/types\/page"}],"replies":[{"embeddable":true,"href":"https:\/\/deputadotaveirajr.com.br\/index.php\/wp-json\/wp\/v2\/comments?post=12248"}],"version-history":[{"count":0,"href":"https:\/\/deputadotaveirajr.com.br\/index.php\/wp-json\/wp\/v2\/pages\/12248\/revisions"}],"wp:featuredmedia":[{"embeddable":true,"href":"https:\/\/deputadotaveirajr.com.br\/index.php\/wp-json\/wp\/v2\/media\/12249"}],"wp:attachment":[{"href":"https:\/\/deputadotaveirajr.com.br\/index.php\/wp-json\/wp\/v2\/media?parent=12248"}],"curies":[{"name":"wp","href":"https:\/\/api.w.org\/{rel}","templated":true}]}}