{"id":12285,"date":"2025-02-19T09:18:41","date_gmt":"2025-02-19T12:18:41","guid":{"rendered":"https:\/\/deputadotaveirajr.com.br\/index.php\/rei-e-rainha-do-carnaval-2025-sao-escolhidos-em-natal-veja-quem-sao\/"},"modified":"2025-02-19T09:18:41","modified_gmt":"2025-02-19T12:18:41","slug":"rei-e-rainha-do-carnaval-2025-sao-escolhidos-em-natal-veja-quem-sao","status":"publish","type":"page","link":"https:\/\/deputadotaveirajr.com.br\/index.php\/rei-e-rainha-do-carnaval-2025-sao-escolhidos-em-natal-veja-quem-sao\/","title":{"rendered":"Rei e Rainha do Carnaval 2025 s\u00e3o escolhidos em Natal; veja quem s\u00e3o"},"content":{"rendered":"<p><img decoding=\"async\" src=\"https:\/\/s2-g1.glbimg.com\/GjE6aLB6PlSbs_KBKTGVBgYpmqc=\/i.s3.glbimg.com\/v1\/AUTH_59edd422c0c84a879bd37670ae4f538a\/internal_photos\/bs\/2025\/h\/B\/A1Fza4Qwinin6yARAbqw\/whatsapp-image-2025-02-19-at-07.59.36.jpeg\" \/><br \/>     Elei\u00e7\u00e3o aconteceu nesta ter\u00e7a-feira (18) durante festa na Funcarte. Dupla ir\u00e1 representar a cidade durante os dias de folia. Rei e Rainha do Carnaval 2025 foram escolhidos nesta ter\u00e7a-feira (18).<br \/>\nRog\u00e9rio Vital\/Prefeituta de Natal<br \/>\nO Carnaval de Natal em 2025 j\u00e1 tem sua realeza definida. Ottis Ferreira e Chimene Nunes foram eleitos Rei Momo e Rainha do Carnaval durante um concurso realizado na noite desta ter\u00e7a-feira (18) na capital potiguar.<br \/>\nA escolha marca o in\u00edcio das festividades e simboliza a anima\u00e7\u00e3o que tomar\u00e1 conta da cidade nos dias de folia. A dupla real dever\u00e1 representar a cidade em todos os eventos promovidos pelo munic\u00edpio.<br \/>\n\ud83d\udcf3Participe do canal do g1 RN no WhatsApp<br \/>\nA competi\u00e7\u00e3o contou com quatro candidatos ao t\u00edtulo de Rei e cinco concorrentes ao t\u00edtulo de Rainha. Durante as apresenta\u00e7\u00f5es, os candidatos mostraram seu talento no samba e no frevo, al\u00e9m do carisma necess\u00e1rio.<br \/>\nA elei\u00e7\u00e3o aconteceu na sede da Funda\u00e7\u00e3o Cultural Capitania das Artes (Funcarte) e contou com um juri formado por personalidades ligadas \u00e0 cultura da cidade.<br \/>\n&#8220;O n\u00edvel est\u00e1 excelente, voc\u00ea tem bailarinos, dan\u00e7arinos com repet\u00f3rio de vida, de carreira, maravilhoso&#8221;, afirmou Cinthia Oliveira, jornalista de cultura e era uma das componentes do j\u00fari.<br \/>\nO evento tamb\u00e9m teve momentos de tens\u00e3o, como a queda da candidata Amanda Joseane do palco, durante a apresenta\u00e7\u00e3o de frevo. Apesar do susto, ela voltou \u00e0 passarela e concluiu a apresenta\u00e7\u00e3o.<br \/>\nOutra candidata, Roseane Oliveira, sentiu uma forte dor muscular e precisou de atendimento m\u00e9dico. Ambas passam bem.<br \/>\nA festa, que contou com a anima\u00e7\u00e3o da banda Lavine, celebrou o talento dos artistas que contribuem para o enriquecimento dos festejos carnavalescos da cidade.<br \/>\n&#8220;Esse novo rei e essa nova rainha ter\u00e3o que levar alegria para os quatro cantos de Natal. Para todos os polos, palcos, tro\u00e7as, blocos, trios el\u00e9tricos, pared\u00f5es, pranch\u00f5es. Eles formam o casal da alegria e da festa e Natal est\u00e1 de bra\u00e7os abertos para a alegria&#8221;, afirmou Iracy Azevedo, secret\u00e1ria de cultura do munic\u00edpio.<br \/>\nVeja os v\u00eddeos mais assistidos no g1 RN<\/p>","protected":false},"excerpt":{"rendered":"<p>Elei\u00e7\u00e3o aconteceu nesta ter\u00e7a-feira (18) durante festa na Funcarte. Dupla ir\u00e1 representar a cidade durante os dias de folia. Rei e Rainha do Carnaval 2025 foram escolhidos nesta ter\u00e7a-feira (18). &#8230;<\/p>\n","protected":false},"author":0,"featured_media":12286,"parent":0,"menu_order":0,"comment_status":"closed","ping_status":"closed","template":"","meta":{"footnotes":""},"class_list":["post-12285","page","type-page","status-publish","has-post-thumbnail","hentry"],"yoast_head":"<!-- This site is optimized with the Yoast SEO plugin v27.1.1 - https:\/\/yoast.com\/product\/yoast-seo-wordpress\/ -->\n<title>Rei e Rainha do Carnaval 2025 s\u00e3o escolhidos em Natal; veja quem s\u00e3o - Taveira Jr<\/title>\n<meta name=\"robots\" content=\"index, follow, max-snippet:-1, max-image-preview:large, max-video-preview:-1\" \/>\n<link rel=\"canonical\" href=\"https:\/\/deputadotaveirajr.com.br\/index.php\/rei-e-rainha-do-carnaval-2025-sao-escolhidos-em-natal-veja-quem-sao\/\" \/>\n<meta property=\"og:locale\" content=\"pt_BR\" \/>\n<meta property=\"og:type\" content=\"article\" \/>\n<meta property=\"og:title\" content=\"Rei e Rainha do Carnaval 2025 s\u00e3o escolhidos em Natal; veja quem s\u00e3o - Taveira Jr\" \/>\n<meta property=\"og:description\" content=\"Elei\u00e7\u00e3o aconteceu nesta ter\u00e7a-feira (18) durante festa na Funcarte. Dupla ir\u00e1 representar a cidade durante os dias de folia. Rei e Rainha do Carnaval 2025 foram escolhidos nesta ter\u00e7a-feira (18). ...\" \/>\n<meta property=\"og:url\" content=\"https:\/\/deputadotaveirajr.com.br\/index.php\/rei-e-rainha-do-carnaval-2025-sao-escolhidos-em-natal-veja-quem-sao\/\" \/>\n<meta property=\"og:site_name\" content=\"Taveira Jr\" \/>\n<meta property=\"og:image\" content=\"https:\/\/s2-g1.glbimg.com\/GjE6aLB6PlSbs_KBKTGVBgYpmqc=\/i.s3.glbimg.com\/v1\/AUTH_59edd422c0c84a879bd37670ae4f538a\/internal_photos\/bs\/2025\/h\/B\/A1Fza4Qwinin6yARAbqw\/whatsapp-image-2025-02-19-at-07.59.36.jpeg\" \/>\n<meta name=\"twitter:card\" content=\"summary_large_image\" \/>\n<meta name=\"twitter:label1\" content=\"Est. tempo de leitura\" \/>\n\t<meta name=\"twitter:data1\" content=\"2 minutos\" \/>\n<script type=\"application\/ld+json\" class=\"yoast-schema-graph\">{\"@context\":\"https:\/\/schema.org\",\"@graph\":[{\"@type\":\"WebPage\",\"@id\":\"https:\/\/deputadotaveirajr.com.br\/index.php\/rei-e-rainha-do-carnaval-2025-sao-escolhidos-em-natal-veja-quem-sao\/\",\"url\":\"https:\/\/deputadotaveirajr.com.br\/index.php\/rei-e-rainha-do-carnaval-2025-sao-escolhidos-em-natal-veja-quem-sao\/\",\"name\":\"Rei e Rainha do Carnaval 2025 s\u00e3o escolhidos em Natal; veja quem s\u00e3o - Taveira Jr\",\"isPartOf\":{\"@id\":\"https:\/\/deputadotaveirajr.com.br\/#website\"},\"primaryImageOfPage\":{\"@id\":\"https:\/\/deputadotaveirajr.com.br\/index.php\/rei-e-rainha-do-carnaval-2025-sao-escolhidos-em-natal-veja-quem-sao\/#primaryimage\"},\"image\":{\"@id\":\"https:\/\/deputadotaveirajr.com.br\/index.php\/rei-e-rainha-do-carnaval-2025-sao-escolhidos-em-natal-veja-quem-sao\/#primaryimage\"},\"thumbnailUrl\":\"https:\/\/deputadotaveirajr.com.br\/wp-content\/uploads\/2025\/02\/whatsapp-image-2025-02-19-at-07.59.36-OmMRwL.jpeg\",\"datePublished\":\"2025-02-19T12:18:41+00:00\",\"breadcrumb\":{\"@id\":\"https:\/\/deputadotaveirajr.com.br\/index.php\/rei-e-rainha-do-carnaval-2025-sao-escolhidos-em-natal-veja-quem-sao\/#breadcrumb\"},\"inLanguage\":\"pt-BR\",\"potentialAction\":[{\"@type\":\"ReadAction\",\"target\":[\"https:\/\/deputadotaveirajr.com.br\/index.php\/rei-e-rainha-do-carnaval-2025-sao-escolhidos-em-natal-veja-quem-sao\/\"]}]},{\"@type\":\"ImageObject\",\"inLanguage\":\"pt-BR\",\"@id\":\"https:\/\/deputadotaveirajr.com.br\/index.php\/rei-e-rainha-do-carnaval-2025-sao-escolhidos-em-natal-veja-quem-sao\/#primaryimage\",\"url\":\"https:\/\/deputadotaveirajr.com.br\/wp-content\/uploads\/2025\/02\/whatsapp-image-2025-02-19-at-07.59.36-OmMRwL.jpeg\",\"contentUrl\":\"https:\/\/deputadotaveirajr.com.br\/wp-content\/uploads\/2025\/02\/whatsapp-image-2025-02-19-at-07.59.36-OmMRwL.jpeg\",\"width\":1061,\"height\":867},{\"@type\":\"BreadcrumbList\",\"@id\":\"https:\/\/deputadotaveirajr.com.br\/index.php\/rei-e-rainha-do-carnaval-2025-sao-escolhidos-em-natal-veja-quem-sao\/#breadcrumb\",\"itemListElement\":[{\"@type\":\"ListItem\",\"position\":1,\"name\":\"In\u00edcio\",\"item\":\"https:\/\/deputadotaveirajr.com.br\/\"},{\"@type\":\"ListItem\",\"position\":2,\"name\":\"Rei e Rainha do Carnaval 2025 s\u00e3o escolhidos em Natal; veja quem s\u00e3o\"}]},{\"@type\":\"WebSite\",\"@id\":\"https:\/\/deputadotaveirajr.com.br\/#website\",\"url\":\"https:\/\/deputadotaveirajr.com.br\/\",\"name\":\"Taveira Jr\",\"description\":\"Deputado Estadual\",\"publisher\":{\"@id\":\"https:\/\/deputadotaveirajr.com.br\/#organization\"},\"potentialAction\":[{\"@type\":\"SearchAction\",\"target\":{\"@type\":\"EntryPoint\",\"urlTemplate\":\"https:\/\/deputadotaveirajr.com.br\/?s={search_term_string}\"},\"query-input\":{\"@type\":\"PropertyValueSpecification\",\"valueRequired\":true,\"valueName\":\"search_term_string\"}}],\"inLanguage\":\"pt-BR\"},{\"@type\":\"Organization\",\"@id\":\"https:\/\/deputadotaveirajr.com.br\/#organization\",\"name\":\"Taveira Jr\",\"url\":\"https:\/\/deputadotaveirajr.com.br\/\",\"logo\":{\"@type\":\"ImageObject\",\"inLanguage\":\"pt-BR\",\"@id\":\"https:\/\/deputadotaveirajr.com.br\/#\/schema\/logo\/image\/\",\"url\":\"https:\/\/deputadotaveirajr.com.br\/wp-content\/uploads\/2026\/01\/logolow2a.png\",\"contentUrl\":\"https:\/\/deputadotaveirajr.com.br\/wp-content\/uploads\/2026\/01\/logolow2a.png\",\"width\":290,\"height\":80,\"caption\":\"Taveira Jr\"},\"image\":{\"@id\":\"https:\/\/deputadotaveirajr.com.br\/#\/schema\/logo\/image\/\"}}]}<\/script>\n<!-- \/ Yoast SEO plugin. -->","yoast_head_json":{"title":"Rei e Rainha do Carnaval 2025 s\u00e3o escolhidos em Natal; veja quem s\u00e3o - Taveira Jr","robots":{"index":"index","follow":"follow","max-snippet":"max-snippet:-1","max-image-preview":"max-image-preview:large","max-video-preview":"max-video-preview:-1"},"canonical":"https:\/\/deputadotaveirajr.com.br\/index.php\/rei-e-rainha-do-carnaval-2025-sao-escolhidos-em-natal-veja-quem-sao\/","og_locale":"pt_BR","og_type":"article","og_title":"Rei e Rainha do Carnaval 2025 s\u00e3o escolhidos em Natal; veja quem s\u00e3o - Taveira Jr","og_description":"Elei\u00e7\u00e3o aconteceu nesta ter\u00e7a-feira (18) durante festa na Funcarte. Dupla ir\u00e1 representar a cidade durante os dias de folia. Rei e Rainha do Carnaval 2025 foram escolhidos nesta ter\u00e7a-feira (18). ...","og_url":"https:\/\/deputadotaveirajr.com.br\/index.php\/rei-e-rainha-do-carnaval-2025-sao-escolhidos-em-natal-veja-quem-sao\/","og_site_name":"Taveira Jr","og_image":[{"url":"https:\/\/s2-g1.glbimg.com\/GjE6aLB6PlSbs_KBKTGVBgYpmqc=\/i.s3.glbimg.com\/v1\/AUTH_59edd422c0c84a879bd37670ae4f538a\/internal_photos\/bs\/2025\/h\/B\/A1Fza4Qwinin6yARAbqw\/whatsapp-image-2025-02-19-at-07.59.36.jpeg","type":"","width":"","height":""}],"twitter_card":"summary_large_image","twitter_misc":{"Est. tempo de leitura":"2 minutos"},"schema":{"@context":"https:\/\/schema.org","@graph":[{"@type":"WebPage","@id":"https:\/\/deputadotaveirajr.com.br\/index.php\/rei-e-rainha-do-carnaval-2025-sao-escolhidos-em-natal-veja-quem-sao\/","url":"https:\/\/deputadotaveirajr.com.br\/index.php\/rei-e-rainha-do-carnaval-2025-sao-escolhidos-em-natal-veja-quem-sao\/","name":"Rei e Rainha do Carnaval 2025 s\u00e3o escolhidos em Natal; veja quem s\u00e3o - Taveira Jr","isPartOf":{"@id":"https:\/\/deputadotaveirajr.com.br\/#website"},"primaryImageOfPage":{"@id":"https:\/\/deputadotaveirajr.com.br\/index.php\/rei-e-rainha-do-carnaval-2025-sao-escolhidos-em-natal-veja-quem-sao\/#primaryimage"},"image":{"@id":"https:\/\/deputadotaveirajr.com.br\/index.php\/rei-e-rainha-do-carnaval-2025-sao-escolhidos-em-natal-veja-quem-sao\/#primaryimage"},"thumbnailUrl":"https:\/\/deputadotaveirajr.com.br\/wp-content\/uploads\/2025\/02\/whatsapp-image-2025-02-19-at-07.59.36-OmMRwL.jpeg","datePublished":"2025-02-19T12:18:41+00:00","breadcrumb":{"@id":"https:\/\/deputadotaveirajr.com.br\/index.php\/rei-e-rainha-do-carnaval-2025-sao-escolhidos-em-natal-veja-quem-sao\/#breadcrumb"},"inLanguage":"pt-BR","potentialAction":[{"@type":"ReadAction","target":["https:\/\/deputadotaveirajr.com.br\/index.php\/rei-e-rainha-do-carnaval-2025-sao-escolhidos-em-natal-veja-quem-sao\/"]}]},{"@type":"ImageObject","inLanguage":"pt-BR","@id":"https:\/\/deputadotaveirajr.com.br\/index.php\/rei-e-rainha-do-carnaval-2025-sao-escolhidos-em-natal-veja-quem-sao\/#primaryimage","url":"https:\/\/deputadotaveirajr.com.br\/wp-content\/uploads\/2025\/02\/whatsapp-image-2025-02-19-at-07.59.36-OmMRwL.jpeg","contentUrl":"https:\/\/deputadotaveirajr.com.br\/wp-content\/uploads\/2025\/02\/whatsapp-image-2025-02-19-at-07.59.36-OmMRwL.jpeg","width":1061,"height":867},{"@type":"BreadcrumbList","@id":"https:\/\/deputadotaveirajr.com.br\/index.php\/rei-e-rainha-do-carnaval-2025-sao-escolhidos-em-natal-veja-quem-sao\/#breadcrumb","itemListElement":[{"@type":"ListItem","position":1,"name":"In\u00edcio","item":"https:\/\/deputadotaveirajr.com.br\/"},{"@type":"ListItem","position":2,"name":"Rei e Rainha do Carnaval 2025 s\u00e3o escolhidos em Natal; veja quem s\u00e3o"}]},{"@type":"WebSite","@id":"https:\/\/deputadotaveirajr.com.br\/#website","url":"https:\/\/deputadotaveirajr.com.br\/","name":"Taveira Jr","description":"Deputado Estadual","publisher":{"@id":"https:\/\/deputadotaveirajr.com.br\/#organization"},"potentialAction":[{"@type":"SearchAction","target":{"@type":"EntryPoint","urlTemplate":"https:\/\/deputadotaveirajr.com.br\/?s={search_term_string}"},"query-input":{"@type":"PropertyValueSpecification","valueRequired":true,"valueName":"search_term_string"}}],"inLanguage":"pt-BR"},{"@type":"Organization","@id":"https:\/\/deputadotaveirajr.com.br\/#organization","name":"Taveira Jr","url":"https:\/\/deputadotaveirajr.com.br\/","logo":{"@type":"ImageObject","inLanguage":"pt-BR","@id":"https:\/\/deputadotaveirajr.com.br\/#\/schema\/logo\/image\/","url":"https:\/\/deputadotaveirajr.com.br\/wp-content\/uploads\/2026\/01\/logolow2a.png","contentUrl":"https:\/\/deputadotaveirajr.com.br\/wp-content\/uploads\/2026\/01\/logolow2a.png","width":290,"height":80,"caption":"Taveira Jr"},"image":{"@id":"https:\/\/deputadotaveirajr.com.br\/#\/schema\/logo\/image\/"}}]}},"_links":{"self":[{"href":"https:\/\/deputadotaveirajr.com.br\/index.php\/wp-json\/wp\/v2\/pages\/12285","targetHints":{"allow":["GET"]}}],"collection":[{"href":"https:\/\/deputadotaveirajr.com.br\/index.php\/wp-json\/wp\/v2\/pages"}],"about":[{"href":"https:\/\/deputadotaveirajr.com.br\/index.php\/wp-json\/wp\/v2\/types\/page"}],"replies":[{"embeddable":true,"href":"https:\/\/deputadotaveirajr.com.br\/index.php\/wp-json\/wp\/v2\/comments?post=12285"}],"version-history":[{"count":0,"href":"https:\/\/deputadotaveirajr.com.br\/index.php\/wp-json\/wp\/v2\/pages\/12285\/revisions"}],"wp:featuredmedia":[{"embeddable":true,"href":"https:\/\/deputadotaveirajr.com.br\/index.php\/wp-json\/wp\/v2\/media\/12286"}],"wp:attachment":[{"href":"https:\/\/deputadotaveirajr.com.br\/index.php\/wp-json\/wp\/v2\/media?parent=12285"}],"curies":[{"name":"wp","href":"https:\/\/api.w.org\/{rel}","templated":true}]}}