{"id":12291,"date":"2025-02-18T19:06:12","date_gmt":"2025-02-18T22:06:12","guid":{"rendered":"https:\/\/deputadotaveirajr.com.br\/index.php\/sms-convoca-mais-de-10-mil-natalenses-que-nao-tomaram-a-2a-dose-da-vacina-contra-dengue\/"},"modified":"2025-02-18T19:06:12","modified_gmt":"2025-02-18T22:06:12","slug":"sms-convoca-mais-de-10-mil-natalenses-que-nao-tomaram-a-2a-dose-da-vacina-contra-dengue","status":"publish","type":"page","link":"https:\/\/deputadotaveirajr.com.br\/index.php\/sms-convoca-mais-de-10-mil-natalenses-que-nao-tomaram-a-2a-dose-da-vacina-contra-dengue\/","title":{"rendered":"SMS convoca mais de 10 mil natalenses que n\u00e3o tomaram a 2\u00aa dose da vacina contra dengue"},"content":{"rendered":"<p><img decoding=\"async\" src=\"https:\/\/s2-g1.glbimg.com\/YQE1NCTnJFhqNRr7gtJyPo4Vc0o=\/i.s3.glbimg.com\/v1\/AUTH_59edd422c0c84a879bd37670ae4f538a\/internal_photos\/bs\/2025\/c\/H\/ZtKsagRBWCK0tMxJsFAQ\/globo-canal-4-20250124-2000-frame-116468.jpeg\" \/><br \/>     Mais de 9 mil desse total s\u00e3o crian\u00e7as e adolescentes entre 10 e 14 anos. Per\u00edodo de intervalo entre uma dose e outra \u00e9 de 90 dias. Vacina da dengue<br \/>\nJornal Nacional\/ Reprodu\u00e7\u00e3o<br \/>\n Secretaria Municipal de Sa\u00fade (SMS) de Natal est\u00e1 convocando mais de 10 mil pessoas &#8211; sendo 9,1 mil crian\u00e7as e adolescentes entre 10 e 14 anos de idade &#8211; para tomarem a segunda dose da vacina contra a dengue.<br \/>\nSegundo a SMS, essas 10 mil pessoas completaram os 90 dias de intervalo necess\u00e1rios entre as doses, mas n\u00e3o voltaram aos postos de sa\u00fade para receber a segunda dose do imunizante.<br \/>\n\ud83d\udcf3Participe do canal do g1 RN no WhatsApp<br \/>\nA vacina\u00e7\u00e3o segue dispon\u00edvel para o p\u00fablico com idade entre 10 e 14 anos, nas Unidades B\u00e1sicas de Sa\u00fade (UBS) do munic\u00edpio e tamb\u00e9m nos pontos extras de vacina\u00e7\u00e3o (veja mais abaixo).<br \/>\nEm n\u00famero totais, em em Natal, 10.234 pessoas podem receber a segunda dose da vacina e n\u00e3o compareceram a uma sala de vacina\u00e7\u00e3o para completar o esquema vacinal. Destes, 9.147 s\u00e3o crian\u00e7as e adolescentes com idade entre 10 e 14 anos, p\u00fablico-alvo para receber o imunizante.<br \/>\nA vacina que est\u00e1 sendo aplicada \u00e9 a Qdenga (TAK-003), desenvolvida pelo laborat\u00f3rio japon\u00eas Takeda Pharma.<br \/>\n\u201cEstamos fazendo um alerta para as pessoas que est\u00e3o com a segunda dose atrasada para procurarem um dos nossos pontos e completarem o esquema, garantindo uma maior prote\u00e7\u00e3o contra a doen\u00e7a&#8221;, explicou a chefe do N\u00facleo de Agravos Imunopreven\u00edveis (NAI), Veruska Ramos.<br \/>\n&#8220;Principalmente para que pais e respons\u00e1veis observem o cart\u00e3o de vacina dos seus filhos e os levem a uma das salas que o munic\u00edpio disponibiliza\u201d,<br \/>\n\u26a0 Segundo a SMS, pessoas que se imunizaram com a amplia\u00e7\u00e3o tempor\u00e1ria, que aconteceu no m\u00eas de abril de 2024, tamb\u00e9m devem procurar um dos pontos de vacina\u00e7\u00e3o.<br \/>\nO Minist\u00e9rio da Sa\u00fade recomendou a amplia\u00e7\u00e3o do p\u00fablico-alvo para o uso da vacina da dengue e o remanejamento de doses para outros munic\u00edpios, em caso de proximidade de vencimento.<br \/>\n&#8220;No momento, n\u00e3o temos doses para vencer nos pr\u00f3ximos 60 dias, por isso Natal ainda n\u00e3o vai ampliar a faixa et\u00e1ria para a vacina\u00e7\u00e3o da dengue\u201d, explicou Veruska Ramos.<br \/>\nMunic\u00edpios que t\u00eam vacinas contra a dengue perto de vencer podem ampliar p\u00fablico para imuniza\u00e7\u00e3o<br \/>\nO que \u00e9 preciso para se vacinar<br \/>\nPara se vacinar na capital potiguar, \u00e9 preciso portar:<br \/>\n documento de identifica\u00e7\u00e3o;<br \/>\ncaderneta de vacina\u00e7\u00e3o;<br \/>\ncomprovante de resid\u00eancia de Natal.<br \/>\nOnde se vacinar<br \/>\nA vacina contra a dengue est\u00e1 dispon\u00edvel:<br \/>\nNas Unidades B\u00e1sicas de Sa\u00fade (UBS), de segunda a sexta-feira, das 8h \u00e0s 12h e de 13h \u00e0s 15h;<br \/>\nNos pontos extras de vacina\u00e7\u00e3o localizados nos Shoppings Midway Mall e Partage Norte Shopping, que funcionam de segunda a sexta-feira das 13h \u00e0s 20h, e aos s\u00e1bados das 10h \u00e0s 15h.<br \/>\nV\u00eddeos mais assistidos do g1 RN<\/p>","protected":false},"excerpt":{"rendered":"<p>Mais de 9 mil desse total s\u00e3o crian\u00e7as e adolescentes entre 10 e 14 anos. Per\u00edodo de intervalo entre uma dose e outra \u00e9 de 90 dias. Vacina da dengue &#8230;<\/p>\n","protected":false},"author":0,"featured_media":12292,"parent":0,"menu_order":0,"comment_status":"closed","ping_status":"closed","template":"","meta":{"footnotes":""},"class_list":["post-12291","page","type-page","status-publish","has-post-thumbnail","hentry"],"yoast_head":"<!-- This site is optimized with the Yoast SEO plugin v27.1.1 - https:\/\/yoast.com\/product\/yoast-seo-wordpress\/ -->\n<title>SMS convoca mais de 10 mil natalenses que n\u00e3o tomaram a 2\u00aa dose da vacina contra dengue - Taveira Jr<\/title>\n<meta name=\"robots\" content=\"index, follow, max-snippet:-1, max-image-preview:large, max-video-preview:-1\" \/>\n<link rel=\"canonical\" href=\"https:\/\/deputadotaveirajr.com.br\/index.php\/sms-convoca-mais-de-10-mil-natalenses-que-nao-tomaram-a-2a-dose-da-vacina-contra-dengue\/\" \/>\n<meta property=\"og:locale\" content=\"pt_BR\" \/>\n<meta property=\"og:type\" content=\"article\" \/>\n<meta property=\"og:title\" content=\"SMS convoca mais de 10 mil natalenses que n\u00e3o tomaram a 2\u00aa dose da vacina contra dengue - Taveira Jr\" \/>\n<meta property=\"og:description\" content=\"Mais de 9 mil desse total s\u00e3o crian\u00e7as e adolescentes entre 10 e 14 anos. Per\u00edodo de intervalo entre uma dose e outra \u00e9 de 90 dias. Vacina da dengue ...\" \/>\n<meta property=\"og:url\" content=\"https:\/\/deputadotaveirajr.com.br\/index.php\/sms-convoca-mais-de-10-mil-natalenses-que-nao-tomaram-a-2a-dose-da-vacina-contra-dengue\/\" \/>\n<meta property=\"og:site_name\" content=\"Taveira Jr\" \/>\n<meta property=\"og:image\" content=\"https:\/\/s2-g1.glbimg.com\/YQE1NCTnJFhqNRr7gtJyPo4Vc0o=\/i.s3.glbimg.com\/v1\/AUTH_59edd422c0c84a879bd37670ae4f538a\/internal_photos\/bs\/2025\/c\/H\/ZtKsagRBWCK0tMxJsFAQ\/globo-canal-4-20250124-2000-frame-116468.jpeg\" \/>\n<meta name=\"twitter:card\" content=\"summary_large_image\" \/>\n<meta name=\"twitter:label1\" content=\"Est. tempo de leitura\" \/>\n\t<meta name=\"twitter:data1\" content=\"3 minutos\" \/>\n<script type=\"application\/ld+json\" class=\"yoast-schema-graph\">{\"@context\":\"https:\/\/schema.org\",\"@graph\":[{\"@type\":\"WebPage\",\"@id\":\"https:\/\/deputadotaveirajr.com.br\/index.php\/sms-convoca-mais-de-10-mil-natalenses-que-nao-tomaram-a-2a-dose-da-vacina-contra-dengue\/\",\"url\":\"https:\/\/deputadotaveirajr.com.br\/index.php\/sms-convoca-mais-de-10-mil-natalenses-que-nao-tomaram-a-2a-dose-da-vacina-contra-dengue\/\",\"name\":\"SMS convoca mais de 10 mil natalenses que n\u00e3o tomaram a 2\u00aa dose da vacina contra dengue - Taveira Jr\",\"isPartOf\":{\"@id\":\"https:\/\/deputadotaveirajr.com.br\/#website\"},\"primaryImageOfPage\":{\"@id\":\"https:\/\/deputadotaveirajr.com.br\/index.php\/sms-convoca-mais-de-10-mil-natalenses-que-nao-tomaram-a-2a-dose-da-vacina-contra-dengue\/#primaryimage\"},\"image\":{\"@id\":\"https:\/\/deputadotaveirajr.com.br\/index.php\/sms-convoca-mais-de-10-mil-natalenses-que-nao-tomaram-a-2a-dose-da-vacina-contra-dengue\/#primaryimage\"},\"thumbnailUrl\":\"https:\/\/deputadotaveirajr.com.br\/wp-content\/uploads\/2025\/02\/globo-canal-4-20250124-2000-frame-116468-mOBmnU.png\",\"datePublished\":\"2025-02-18T22:06:12+00:00\",\"breadcrumb\":{\"@id\":\"https:\/\/deputadotaveirajr.com.br\/index.php\/sms-convoca-mais-de-10-mil-natalenses-que-nao-tomaram-a-2a-dose-da-vacina-contra-dengue\/#breadcrumb\"},\"inLanguage\":\"pt-BR\",\"potentialAction\":[{\"@type\":\"ReadAction\",\"target\":[\"https:\/\/deputadotaveirajr.com.br\/index.php\/sms-convoca-mais-de-10-mil-natalenses-que-nao-tomaram-a-2a-dose-da-vacina-contra-dengue\/\"]}]},{\"@type\":\"ImageObject\",\"inLanguage\":\"pt-BR\",\"@id\":\"https:\/\/deputadotaveirajr.com.br\/index.php\/sms-convoca-mais-de-10-mil-natalenses-que-nao-tomaram-a-2a-dose-da-vacina-contra-dengue\/#primaryimage\",\"url\":\"https:\/\/deputadotaveirajr.com.br\/wp-content\/uploads\/2025\/02\/globo-canal-4-20250124-2000-frame-116468-mOBmnU.png\",\"contentUrl\":\"https:\/\/deputadotaveirajr.com.br\/wp-content\/uploads\/2025\/02\/globo-canal-4-20250124-2000-frame-116468-mOBmnU.png\",\"width\":3840,\"height\":2160},{\"@type\":\"BreadcrumbList\",\"@id\":\"https:\/\/deputadotaveirajr.com.br\/index.php\/sms-convoca-mais-de-10-mil-natalenses-que-nao-tomaram-a-2a-dose-da-vacina-contra-dengue\/#breadcrumb\",\"itemListElement\":[{\"@type\":\"ListItem\",\"position\":1,\"name\":\"In\u00edcio\",\"item\":\"https:\/\/deputadotaveirajr.com.br\/\"},{\"@type\":\"ListItem\",\"position\":2,\"name\":\"SMS convoca mais de 10 mil natalenses que n\u00e3o tomaram a 2\u00aa dose da vacina contra dengue\"}]},{\"@type\":\"WebSite\",\"@id\":\"https:\/\/deputadotaveirajr.com.br\/#website\",\"url\":\"https:\/\/deputadotaveirajr.com.br\/\",\"name\":\"Taveira Jr\",\"description\":\"Deputado Estadual\",\"publisher\":{\"@id\":\"https:\/\/deputadotaveirajr.com.br\/#organization\"},\"potentialAction\":[{\"@type\":\"SearchAction\",\"target\":{\"@type\":\"EntryPoint\",\"urlTemplate\":\"https:\/\/deputadotaveirajr.com.br\/?s={search_term_string}\"},\"query-input\":{\"@type\":\"PropertyValueSpecification\",\"valueRequired\":true,\"valueName\":\"search_term_string\"}}],\"inLanguage\":\"pt-BR\"},{\"@type\":\"Organization\",\"@id\":\"https:\/\/deputadotaveirajr.com.br\/#organization\",\"name\":\"Taveira Jr\",\"url\":\"https:\/\/deputadotaveirajr.com.br\/\",\"logo\":{\"@type\":\"ImageObject\",\"inLanguage\":\"pt-BR\",\"@id\":\"https:\/\/deputadotaveirajr.com.br\/#\/schema\/logo\/image\/\",\"url\":\"https:\/\/deputadotaveirajr.com.br\/wp-content\/uploads\/2026\/01\/logolow2a.png\",\"contentUrl\":\"https:\/\/deputadotaveirajr.com.br\/wp-content\/uploads\/2026\/01\/logolow2a.png\",\"width\":290,\"height\":80,\"caption\":\"Taveira Jr\"},\"image\":{\"@id\":\"https:\/\/deputadotaveirajr.com.br\/#\/schema\/logo\/image\/\"}}]}<\/script>\n<!-- \/ Yoast SEO plugin. -->","yoast_head_json":{"title":"SMS convoca mais de 10 mil natalenses que n\u00e3o tomaram a 2\u00aa dose da vacina contra dengue - Taveira Jr","robots":{"index":"index","follow":"follow","max-snippet":"max-snippet:-1","max-image-preview":"max-image-preview:large","max-video-preview":"max-video-preview:-1"},"canonical":"https:\/\/deputadotaveirajr.com.br\/index.php\/sms-convoca-mais-de-10-mil-natalenses-que-nao-tomaram-a-2a-dose-da-vacina-contra-dengue\/","og_locale":"pt_BR","og_type":"article","og_title":"SMS convoca mais de 10 mil natalenses que n\u00e3o tomaram a 2\u00aa dose da vacina contra dengue - Taveira Jr","og_description":"Mais de 9 mil desse total s\u00e3o crian\u00e7as e adolescentes entre 10 e 14 anos. Per\u00edodo de intervalo entre uma dose e outra \u00e9 de 90 dias. Vacina da dengue ...","og_url":"https:\/\/deputadotaveirajr.com.br\/index.php\/sms-convoca-mais-de-10-mil-natalenses-que-nao-tomaram-a-2a-dose-da-vacina-contra-dengue\/","og_site_name":"Taveira Jr","og_image":[{"url":"https:\/\/s2-g1.glbimg.com\/YQE1NCTnJFhqNRr7gtJyPo4Vc0o=\/i.s3.glbimg.com\/v1\/AUTH_59edd422c0c84a879bd37670ae4f538a\/internal_photos\/bs\/2025\/c\/H\/ZtKsagRBWCK0tMxJsFAQ\/globo-canal-4-20250124-2000-frame-116468.jpeg","type":"","width":"","height":""}],"twitter_card":"summary_large_image","twitter_misc":{"Est. tempo de leitura":"3 minutos"},"schema":{"@context":"https:\/\/schema.org","@graph":[{"@type":"WebPage","@id":"https:\/\/deputadotaveirajr.com.br\/index.php\/sms-convoca-mais-de-10-mil-natalenses-que-nao-tomaram-a-2a-dose-da-vacina-contra-dengue\/","url":"https:\/\/deputadotaveirajr.com.br\/index.php\/sms-convoca-mais-de-10-mil-natalenses-que-nao-tomaram-a-2a-dose-da-vacina-contra-dengue\/","name":"SMS convoca mais de 10 mil natalenses que n\u00e3o tomaram a 2\u00aa dose da vacina contra dengue - Taveira Jr","isPartOf":{"@id":"https:\/\/deputadotaveirajr.com.br\/#website"},"primaryImageOfPage":{"@id":"https:\/\/deputadotaveirajr.com.br\/index.php\/sms-convoca-mais-de-10-mil-natalenses-que-nao-tomaram-a-2a-dose-da-vacina-contra-dengue\/#primaryimage"},"image":{"@id":"https:\/\/deputadotaveirajr.com.br\/index.php\/sms-convoca-mais-de-10-mil-natalenses-que-nao-tomaram-a-2a-dose-da-vacina-contra-dengue\/#primaryimage"},"thumbnailUrl":"https:\/\/deputadotaveirajr.com.br\/wp-content\/uploads\/2025\/02\/globo-canal-4-20250124-2000-frame-116468-mOBmnU.png","datePublished":"2025-02-18T22:06:12+00:00","breadcrumb":{"@id":"https:\/\/deputadotaveirajr.com.br\/index.php\/sms-convoca-mais-de-10-mil-natalenses-que-nao-tomaram-a-2a-dose-da-vacina-contra-dengue\/#breadcrumb"},"inLanguage":"pt-BR","potentialAction":[{"@type":"ReadAction","target":["https:\/\/deputadotaveirajr.com.br\/index.php\/sms-convoca-mais-de-10-mil-natalenses-que-nao-tomaram-a-2a-dose-da-vacina-contra-dengue\/"]}]},{"@type":"ImageObject","inLanguage":"pt-BR","@id":"https:\/\/deputadotaveirajr.com.br\/index.php\/sms-convoca-mais-de-10-mil-natalenses-que-nao-tomaram-a-2a-dose-da-vacina-contra-dengue\/#primaryimage","url":"https:\/\/deputadotaveirajr.com.br\/wp-content\/uploads\/2025\/02\/globo-canal-4-20250124-2000-frame-116468-mOBmnU.png","contentUrl":"https:\/\/deputadotaveirajr.com.br\/wp-content\/uploads\/2025\/02\/globo-canal-4-20250124-2000-frame-116468-mOBmnU.png","width":3840,"height":2160},{"@type":"BreadcrumbList","@id":"https:\/\/deputadotaveirajr.com.br\/index.php\/sms-convoca-mais-de-10-mil-natalenses-que-nao-tomaram-a-2a-dose-da-vacina-contra-dengue\/#breadcrumb","itemListElement":[{"@type":"ListItem","position":1,"name":"In\u00edcio","item":"https:\/\/deputadotaveirajr.com.br\/"},{"@type":"ListItem","position":2,"name":"SMS convoca mais de 10 mil natalenses que n\u00e3o tomaram a 2\u00aa dose da vacina contra dengue"}]},{"@type":"WebSite","@id":"https:\/\/deputadotaveirajr.com.br\/#website","url":"https:\/\/deputadotaveirajr.com.br\/","name":"Taveira Jr","description":"Deputado Estadual","publisher":{"@id":"https:\/\/deputadotaveirajr.com.br\/#organization"},"potentialAction":[{"@type":"SearchAction","target":{"@type":"EntryPoint","urlTemplate":"https:\/\/deputadotaveirajr.com.br\/?s={search_term_string}"},"query-input":{"@type":"PropertyValueSpecification","valueRequired":true,"valueName":"search_term_string"}}],"inLanguage":"pt-BR"},{"@type":"Organization","@id":"https:\/\/deputadotaveirajr.com.br\/#organization","name":"Taveira Jr","url":"https:\/\/deputadotaveirajr.com.br\/","logo":{"@type":"ImageObject","inLanguage":"pt-BR","@id":"https:\/\/deputadotaveirajr.com.br\/#\/schema\/logo\/image\/","url":"https:\/\/deputadotaveirajr.com.br\/wp-content\/uploads\/2026\/01\/logolow2a.png","contentUrl":"https:\/\/deputadotaveirajr.com.br\/wp-content\/uploads\/2026\/01\/logolow2a.png","width":290,"height":80,"caption":"Taveira Jr"},"image":{"@id":"https:\/\/deputadotaveirajr.com.br\/#\/schema\/logo\/image\/"}}]}},"_links":{"self":[{"href":"https:\/\/deputadotaveirajr.com.br\/index.php\/wp-json\/wp\/v2\/pages\/12291","targetHints":{"allow":["GET"]}}],"collection":[{"href":"https:\/\/deputadotaveirajr.com.br\/index.php\/wp-json\/wp\/v2\/pages"}],"about":[{"href":"https:\/\/deputadotaveirajr.com.br\/index.php\/wp-json\/wp\/v2\/types\/page"}],"replies":[{"embeddable":true,"href":"https:\/\/deputadotaveirajr.com.br\/index.php\/wp-json\/wp\/v2\/comments?post=12291"}],"version-history":[{"count":0,"href":"https:\/\/deputadotaveirajr.com.br\/index.php\/wp-json\/wp\/v2\/pages\/12291\/revisions"}],"wp:featuredmedia":[{"embeddable":true,"href":"https:\/\/deputadotaveirajr.com.br\/index.php\/wp-json\/wp\/v2\/media\/12292"}],"wp:attachment":[{"href":"https:\/\/deputadotaveirajr.com.br\/index.php\/wp-json\/wp\/v2\/media?parent=12291"}],"curies":[{"name":"wp","href":"https:\/\/api.w.org\/{rel}","templated":true}]}}