{"id":12422,"date":"2025-02-22T11:10:56","date_gmt":"2025-02-22T14:10:56","guid":{"rendered":"https:\/\/deputadotaveirajr.com.br\/index.php\/justica-mantem-preso-marido-suspeito-de-matar-mulher-no-interior-do-rn\/"},"modified":"2025-02-22T11:10:56","modified_gmt":"2025-02-22T14:10:56","slug":"justica-mantem-preso-marido-suspeito-de-matar-mulher-no-interior-do-rn","status":"publish","type":"page","link":"https:\/\/deputadotaveirajr.com.br\/index.php\/justica-mantem-preso-marido-suspeito-de-matar-mulher-no-interior-do-rn\/","title":{"rendered":"Justi\u00e7a mant\u00e9m preso marido suspeito de matar mulher no interior do RN"},"content":{"rendered":"<p><img decoding=\"async\" src=\"https:\/\/s2-g1.glbimg.com\/m53U7QxCLoZVJqsqOrA3A_kBdgo=\/i.s3.glbimg.com\/v1\/AUTH_59edd422c0c84a879bd37670ae4f538a\/internal_photos\/bs\/2025\/g\/c\/oseXDUSgO0LuSNSO4YxA\/whatsapp-image-2025-02-20-at-14.18.41.jpeg\" \/><br \/>     Caso aconteceu em Ass\u00fa. Maria Elizabete, de 56 anos, foi encontrada morta em cima da pr\u00f3pria cama na quinta-feira (20). Homem passou por audi\u00eancia de cust\u00f3dia nesta sexta (21).  Suspeito de matar companheira tem pris\u00e3o preventiva decretada<br \/>\nA Justi\u00e7a determinou que o marido de Maria Elizabete Louren\u00e7o de Ara\u00fajo Santos, de 56 anos, continue preso. Ele foi preso em flagrante ap\u00f3s a mulher ser encontrada morta com um corte no pesco\u00e7o na manh\u00e3 desta quinta-feira (20) na zona rural de Assu, distante cerca de 210 km de Natal.<br \/>\nA pris\u00e3o em flagrante foi convertida em pris\u00e3o preventiva durante a audi\u00eancia de cust\u00f3dia realizada nesta sexta-feira (21).<br \/>\n\ud83d\udcf3Participe do canal do g1 RN no WhatsApp<br \/>\nO crime aconteceu na Comunidade Sitio Baviera. Maria Elizabete foi encontrada morta em cima da pr\u00f3pria cama com um corte profundo de faca no pesco\u00e7o.  Ela trabalhava como Auxiliar de Servi\u00e7os Gerais (ASG) no F\u00f3rum da Comarca de Ass\u00fa.<br \/>\nA per\u00edcia do Instituto T\u00e9cnico-Cient\u00edfico de Per\u00edcia constatou que ela tamb\u00e9m sofreu um golpe na cabe\u00e7a.<br \/>\nSegundo a Pol\u00edcia Civil, o marido apresentou contradi\u00e7\u00f5es quando foi ouvido pela pol\u00edcia. No interrogat\u00f3rio ele disse que acordou \u00e0s 3h da madrugada, saiu de cas por volta das 4h e retornou para o im\u00f3vel por volta das 5h. Ele ainda informou que deixou a bicicleta em casa e foi para a casa do pai dele.<br \/>\nDe acordo com o relato do suspeito, ele voltou para casa por volta das 6h30 e viu a esposa morta na cama quando o mototaxista que a levava para o trabalho todos os dias chegou ao local e chamou por ela.<br \/>\nDe acordo com a pol\u00edcia, n\u00e3o h\u00e1 sinais de arrombamento na casa. A pol\u00edcia tamb\u00e9m solicitou per\u00edcia nas unhas da v\u00edtima, para saber se h\u00e1 material gen\u00e9tico do suspeito. Sete testemunhas j\u00e1 foram ouvidas nas investiga\u00e7\u00f5es. Familiares disseram \u00e0 pol\u00edcia que a mulher pretendia sair da casa.<br \/>\nMaria Elizabete Louren\u00e7o de Ara\u00fajo tinha 56 anos de idade<br \/>\nDivulga\u00e7\u00e3o<br \/>\nV\u00eddeos mais assistidos do g1 RN<\/p>","protected":false},"excerpt":{"rendered":"<p>Caso aconteceu em Ass\u00fa. Maria Elizabete, de 56 anos, foi encontrada morta em cima da pr\u00f3pria cama na quinta-feira (20). Homem passou por audi\u00eancia de cust\u00f3dia nesta sexta (21). Suspeito &#8230;<\/p>\n","protected":false},"author":0,"featured_media":12423,"parent":0,"menu_order":0,"comment_status":"closed","ping_status":"closed","template":"","meta":{"footnotes":""},"class_list":["post-12422","page","type-page","status-publish","has-post-thumbnail","hentry"],"yoast_head":"<!-- This site is optimized with the Yoast SEO plugin v27.1.1 - https:\/\/yoast.com\/product\/yoast-seo-wordpress\/ -->\n<title>Justi\u00e7a mant\u00e9m preso marido suspeito de matar mulher no interior do RN - Taveira Jr<\/title>\n<meta name=\"robots\" content=\"index, follow, max-snippet:-1, max-image-preview:large, max-video-preview:-1\" \/>\n<link rel=\"canonical\" href=\"https:\/\/deputadotaveirajr.com.br\/index.php\/justica-mantem-preso-marido-suspeito-de-matar-mulher-no-interior-do-rn\/\" \/>\n<meta property=\"og:locale\" content=\"pt_BR\" \/>\n<meta property=\"og:type\" content=\"article\" \/>\n<meta property=\"og:title\" content=\"Justi\u00e7a mant\u00e9m preso marido suspeito de matar mulher no interior do RN - Taveira Jr\" \/>\n<meta property=\"og:description\" content=\"Caso aconteceu em Ass\u00fa. Maria Elizabete, de 56 anos, foi encontrada morta em cima da pr\u00f3pria cama na quinta-feira (20). Homem passou por audi\u00eancia de cust\u00f3dia nesta sexta (21). Suspeito ...\" \/>\n<meta property=\"og:url\" content=\"https:\/\/deputadotaveirajr.com.br\/index.php\/justica-mantem-preso-marido-suspeito-de-matar-mulher-no-interior-do-rn\/\" \/>\n<meta property=\"og:site_name\" content=\"Taveira Jr\" \/>\n<meta property=\"og:image\" content=\"https:\/\/s2-g1.glbimg.com\/m53U7QxCLoZVJqsqOrA3A_kBdgo=\/i.s3.glbimg.com\/v1\/AUTH_59edd422c0c84a879bd37670ae4f538a\/internal_photos\/bs\/2025\/g\/c\/oseXDUSgO0LuSNSO4YxA\/whatsapp-image-2025-02-20-at-14.18.41.jpeg\" \/>\n<meta name=\"twitter:card\" content=\"summary_large_image\" \/>\n<meta name=\"twitter:label1\" content=\"Est. tempo de leitura\" \/>\n\t<meta name=\"twitter:data1\" content=\"2 minutos\" \/>\n<script type=\"application\/ld+json\" class=\"yoast-schema-graph\">{\"@context\":\"https:\/\/schema.org\",\"@graph\":[{\"@type\":\"WebPage\",\"@id\":\"https:\/\/deputadotaveirajr.com.br\/index.php\/justica-mantem-preso-marido-suspeito-de-matar-mulher-no-interior-do-rn\/\",\"url\":\"https:\/\/deputadotaveirajr.com.br\/index.php\/justica-mantem-preso-marido-suspeito-de-matar-mulher-no-interior-do-rn\/\",\"name\":\"Justi\u00e7a mant\u00e9m preso marido suspeito de matar mulher no interior do RN - Taveira Jr\",\"isPartOf\":{\"@id\":\"https:\/\/deputadotaveirajr.com.br\/#website\"},\"primaryImageOfPage\":{\"@id\":\"https:\/\/deputadotaveirajr.com.br\/index.php\/justica-mantem-preso-marido-suspeito-de-matar-mulher-no-interior-do-rn\/#primaryimage\"},\"image\":{\"@id\":\"https:\/\/deputadotaveirajr.com.br\/index.php\/justica-mantem-preso-marido-suspeito-de-matar-mulher-no-interior-do-rn\/#primaryimage\"},\"thumbnailUrl\":\"https:\/\/deputadotaveirajr.com.br\/wp-content\/uploads\/2025\/02\/whatsapp-image-2025-02-20-at-14.18.41-vRmQKB.jpeg\",\"datePublished\":\"2025-02-22T14:10:56+00:00\",\"breadcrumb\":{\"@id\":\"https:\/\/deputadotaveirajr.com.br\/index.php\/justica-mantem-preso-marido-suspeito-de-matar-mulher-no-interior-do-rn\/#breadcrumb\"},\"inLanguage\":\"pt-BR\",\"potentialAction\":[{\"@type\":\"ReadAction\",\"target\":[\"https:\/\/deputadotaveirajr.com.br\/index.php\/justica-mantem-preso-marido-suspeito-de-matar-mulher-no-interior-do-rn\/\"]}]},{\"@type\":\"ImageObject\",\"inLanguage\":\"pt-BR\",\"@id\":\"https:\/\/deputadotaveirajr.com.br\/index.php\/justica-mantem-preso-marido-suspeito-de-matar-mulher-no-interior-do-rn\/#primaryimage\",\"url\":\"https:\/\/deputadotaveirajr.com.br\/wp-content\/uploads\/2025\/02\/whatsapp-image-2025-02-20-at-14.18.41-vRmQKB.jpeg\",\"contentUrl\":\"https:\/\/deputadotaveirajr.com.br\/wp-content\/uploads\/2025\/02\/whatsapp-image-2025-02-20-at-14.18.41-vRmQKB.jpeg\",\"width\":383,\"height\":526},{\"@type\":\"BreadcrumbList\",\"@id\":\"https:\/\/deputadotaveirajr.com.br\/index.php\/justica-mantem-preso-marido-suspeito-de-matar-mulher-no-interior-do-rn\/#breadcrumb\",\"itemListElement\":[{\"@type\":\"ListItem\",\"position\":1,\"name\":\"In\u00edcio\",\"item\":\"https:\/\/deputadotaveirajr.com.br\/\"},{\"@type\":\"ListItem\",\"position\":2,\"name\":\"Justi\u00e7a mant\u00e9m preso marido suspeito de matar mulher no interior do RN\"}]},{\"@type\":\"WebSite\",\"@id\":\"https:\/\/deputadotaveirajr.com.br\/#website\",\"url\":\"https:\/\/deputadotaveirajr.com.br\/\",\"name\":\"Taveira Jr\",\"description\":\"Deputado Estadual\",\"publisher\":{\"@id\":\"https:\/\/deputadotaveirajr.com.br\/#organization\"},\"potentialAction\":[{\"@type\":\"SearchAction\",\"target\":{\"@type\":\"EntryPoint\",\"urlTemplate\":\"https:\/\/deputadotaveirajr.com.br\/?s={search_term_string}\"},\"query-input\":{\"@type\":\"PropertyValueSpecification\",\"valueRequired\":true,\"valueName\":\"search_term_string\"}}],\"inLanguage\":\"pt-BR\"},{\"@type\":\"Organization\",\"@id\":\"https:\/\/deputadotaveirajr.com.br\/#organization\",\"name\":\"Taveira Jr\",\"url\":\"https:\/\/deputadotaveirajr.com.br\/\",\"logo\":{\"@type\":\"ImageObject\",\"inLanguage\":\"pt-BR\",\"@id\":\"https:\/\/deputadotaveirajr.com.br\/#\/schema\/logo\/image\/\",\"url\":\"https:\/\/deputadotaveirajr.com.br\/wp-content\/uploads\/2026\/01\/logolow2a.png\",\"contentUrl\":\"https:\/\/deputadotaveirajr.com.br\/wp-content\/uploads\/2026\/01\/logolow2a.png\",\"width\":290,\"height\":80,\"caption\":\"Taveira Jr\"},\"image\":{\"@id\":\"https:\/\/deputadotaveirajr.com.br\/#\/schema\/logo\/image\/\"}}]}<\/script>\n<!-- \/ Yoast SEO plugin. -->","yoast_head_json":{"title":"Justi\u00e7a mant\u00e9m preso marido suspeito de matar mulher no interior do RN - Taveira Jr","robots":{"index":"index","follow":"follow","max-snippet":"max-snippet:-1","max-image-preview":"max-image-preview:large","max-video-preview":"max-video-preview:-1"},"canonical":"https:\/\/deputadotaveirajr.com.br\/index.php\/justica-mantem-preso-marido-suspeito-de-matar-mulher-no-interior-do-rn\/","og_locale":"pt_BR","og_type":"article","og_title":"Justi\u00e7a mant\u00e9m preso marido suspeito de matar mulher no interior do RN - Taveira Jr","og_description":"Caso aconteceu em Ass\u00fa. Maria Elizabete, de 56 anos, foi encontrada morta em cima da pr\u00f3pria cama na quinta-feira (20). Homem passou por audi\u00eancia de cust\u00f3dia nesta sexta (21). Suspeito ...","og_url":"https:\/\/deputadotaveirajr.com.br\/index.php\/justica-mantem-preso-marido-suspeito-de-matar-mulher-no-interior-do-rn\/","og_site_name":"Taveira Jr","og_image":[{"url":"https:\/\/s2-g1.glbimg.com\/m53U7QxCLoZVJqsqOrA3A_kBdgo=\/i.s3.glbimg.com\/v1\/AUTH_59edd422c0c84a879bd37670ae4f538a\/internal_photos\/bs\/2025\/g\/c\/oseXDUSgO0LuSNSO4YxA\/whatsapp-image-2025-02-20-at-14.18.41.jpeg","type":"","width":"","height":""}],"twitter_card":"summary_large_image","twitter_misc":{"Est. tempo de leitura":"2 minutos"},"schema":{"@context":"https:\/\/schema.org","@graph":[{"@type":"WebPage","@id":"https:\/\/deputadotaveirajr.com.br\/index.php\/justica-mantem-preso-marido-suspeito-de-matar-mulher-no-interior-do-rn\/","url":"https:\/\/deputadotaveirajr.com.br\/index.php\/justica-mantem-preso-marido-suspeito-de-matar-mulher-no-interior-do-rn\/","name":"Justi\u00e7a mant\u00e9m preso marido suspeito de matar mulher no interior do RN - Taveira Jr","isPartOf":{"@id":"https:\/\/deputadotaveirajr.com.br\/#website"},"primaryImageOfPage":{"@id":"https:\/\/deputadotaveirajr.com.br\/index.php\/justica-mantem-preso-marido-suspeito-de-matar-mulher-no-interior-do-rn\/#primaryimage"},"image":{"@id":"https:\/\/deputadotaveirajr.com.br\/index.php\/justica-mantem-preso-marido-suspeito-de-matar-mulher-no-interior-do-rn\/#primaryimage"},"thumbnailUrl":"https:\/\/deputadotaveirajr.com.br\/wp-content\/uploads\/2025\/02\/whatsapp-image-2025-02-20-at-14.18.41-vRmQKB.jpeg","datePublished":"2025-02-22T14:10:56+00:00","breadcrumb":{"@id":"https:\/\/deputadotaveirajr.com.br\/index.php\/justica-mantem-preso-marido-suspeito-de-matar-mulher-no-interior-do-rn\/#breadcrumb"},"inLanguage":"pt-BR","potentialAction":[{"@type":"ReadAction","target":["https:\/\/deputadotaveirajr.com.br\/index.php\/justica-mantem-preso-marido-suspeito-de-matar-mulher-no-interior-do-rn\/"]}]},{"@type":"ImageObject","inLanguage":"pt-BR","@id":"https:\/\/deputadotaveirajr.com.br\/index.php\/justica-mantem-preso-marido-suspeito-de-matar-mulher-no-interior-do-rn\/#primaryimage","url":"https:\/\/deputadotaveirajr.com.br\/wp-content\/uploads\/2025\/02\/whatsapp-image-2025-02-20-at-14.18.41-vRmQKB.jpeg","contentUrl":"https:\/\/deputadotaveirajr.com.br\/wp-content\/uploads\/2025\/02\/whatsapp-image-2025-02-20-at-14.18.41-vRmQKB.jpeg","width":383,"height":526},{"@type":"BreadcrumbList","@id":"https:\/\/deputadotaveirajr.com.br\/index.php\/justica-mantem-preso-marido-suspeito-de-matar-mulher-no-interior-do-rn\/#breadcrumb","itemListElement":[{"@type":"ListItem","position":1,"name":"In\u00edcio","item":"https:\/\/deputadotaveirajr.com.br\/"},{"@type":"ListItem","position":2,"name":"Justi\u00e7a mant\u00e9m preso marido suspeito de matar mulher no interior do RN"}]},{"@type":"WebSite","@id":"https:\/\/deputadotaveirajr.com.br\/#website","url":"https:\/\/deputadotaveirajr.com.br\/","name":"Taveira Jr","description":"Deputado Estadual","publisher":{"@id":"https:\/\/deputadotaveirajr.com.br\/#organization"},"potentialAction":[{"@type":"SearchAction","target":{"@type":"EntryPoint","urlTemplate":"https:\/\/deputadotaveirajr.com.br\/?s={search_term_string}"},"query-input":{"@type":"PropertyValueSpecification","valueRequired":true,"valueName":"search_term_string"}}],"inLanguage":"pt-BR"},{"@type":"Organization","@id":"https:\/\/deputadotaveirajr.com.br\/#organization","name":"Taveira Jr","url":"https:\/\/deputadotaveirajr.com.br\/","logo":{"@type":"ImageObject","inLanguage":"pt-BR","@id":"https:\/\/deputadotaveirajr.com.br\/#\/schema\/logo\/image\/","url":"https:\/\/deputadotaveirajr.com.br\/wp-content\/uploads\/2026\/01\/logolow2a.png","contentUrl":"https:\/\/deputadotaveirajr.com.br\/wp-content\/uploads\/2026\/01\/logolow2a.png","width":290,"height":80,"caption":"Taveira Jr"},"image":{"@id":"https:\/\/deputadotaveirajr.com.br\/#\/schema\/logo\/image\/"}}]}},"_links":{"self":[{"href":"https:\/\/deputadotaveirajr.com.br\/index.php\/wp-json\/wp\/v2\/pages\/12422","targetHints":{"allow":["GET"]}}],"collection":[{"href":"https:\/\/deputadotaveirajr.com.br\/index.php\/wp-json\/wp\/v2\/pages"}],"about":[{"href":"https:\/\/deputadotaveirajr.com.br\/index.php\/wp-json\/wp\/v2\/types\/page"}],"replies":[{"embeddable":true,"href":"https:\/\/deputadotaveirajr.com.br\/index.php\/wp-json\/wp\/v2\/comments?post=12422"}],"version-history":[{"count":0,"href":"https:\/\/deputadotaveirajr.com.br\/index.php\/wp-json\/wp\/v2\/pages\/12422\/revisions"}],"wp:featuredmedia":[{"embeddable":true,"href":"https:\/\/deputadotaveirajr.com.br\/index.php\/wp-json\/wp\/v2\/media\/12423"}],"wp:attachment":[{"href":"https:\/\/deputadotaveirajr.com.br\/index.php\/wp-json\/wp\/v2\/media?parent=12422"}],"curies":[{"name":"wp","href":"https:\/\/api.w.org\/{rel}","templated":true}]}}