{"id":12426,"date":"2025-02-22T09:31:00","date_gmt":"2025-02-22T12:31:00","guid":{"rendered":"https:\/\/deputadotaveirajr.com.br\/index.php\/passageiro-de-onibus-e-preso-com-tablete-de-cocaina-no-rn-durante-viagem-interestadual\/"},"modified":"2025-02-22T09:31:00","modified_gmt":"2025-02-22T12:31:00","slug":"passageiro-de-onibus-e-preso-com-tablete-de-cocaina-no-rn-durante-viagem-interestadual","status":"publish","type":"page","link":"https:\/\/deputadotaveirajr.com.br\/index.php\/passageiro-de-onibus-e-preso-com-tablete-de-cocaina-no-rn-durante-viagem-interestadual\/","title":{"rendered":"Passageiro de \u00f4nibus \u00e9 preso com tablete de coca\u00edna no RN durante viagem interestadual"},"content":{"rendered":"<p><img decoding=\"async\" src=\"https:\/\/s2-g1.glbimg.com\/5UfNpdv6p89pKRxhvSUUvImclb0=\/i.s3.glbimg.com\/v1\/AUTH_59edd422c0c84a879bd37670ae4f538a\/internal_photos\/bs\/2025\/h\/j\/cnYQ8cTsmQZIB7E1D9nQ\/cocaina.jpg\" \/><br \/>     Caso aconteceu na noite desta sexta-feira (21) durante fiscaliza\u00e7\u00e3o da PRF na BR-101 em S\u00e3o Jos\u00e9 de Mipibu. Motorista relatou a agentes que homem estava alterado e causando transtornos durante a viagem. Coca\u00edna foi encontrada dentro de lixo no banheiro do \u00f4nibus e passageiro confessou que a levava de Recife para Fortaleza<br \/>\nPRF\/Divulga\u00e7\u00e3o<br \/>\nUm dos passageiros de um \u00f4nibus que fazia uma viagem interestadual, entre Recife (PE) e Fortaleza (CE), foi flagrado e preso com 1 kg de coca\u00edna, na noite desta sexta-feira (21).<br \/>\nA pris\u00e3o foi realizada durante uma fiscaliza\u00e7\u00e3o da Pol\u00edcia Rodovi\u00e1ria Federal no Rio Grande do Norte, na BR-101 em S\u00e3o Jos\u00e9 de Mipibu, regi\u00e3o metropolitana de Natal.<br \/>\n\ud83d\udcf3Participe do canal do g1 RN no WhatsApp<br \/>\nO motorista do ve\u00edculo relatou aos policiais que um passageiro estava alterado e causando transtornos durante a viagem.<br \/>\nAo subirem no \u00f4nibus, os policiais encontraram o homem saindo do banheiro. O comportamento do passageiro levantou suspeitas dos agentes, que realizaram uma vistoria e encontraram o tablete de coca\u00edna no lixeiro do banheiro.<br \/>\nDiante da descoberta, o homem recebeu voz de pris\u00e3o e, posteriormente, confessou que pegou a droga em Recife e pretendia lev\u00e1-la at\u00e9 Fortaleza.<br \/>\nO suspeito foi encaminhado \u00e0 delegacia da Pol\u00edcia Civil em Parnamirim, tamb\u00e9m na Grande Natal.<br \/>\nDroga apreendida com passageiro de \u00f4nibus durante viagem interestadual no RN<br \/>\nVeja os v\u00eddeos mais assistidos no g1 RN<\/p>","protected":false},"excerpt":{"rendered":"<p>Caso aconteceu na noite desta sexta-feira (21) durante fiscaliza\u00e7\u00e3o da PRF na BR-101 em S\u00e3o Jos\u00e9 de Mipibu. Motorista relatou a agentes que homem estava alterado e causando transtornos durante &#8230;<\/p>\n","protected":false},"author":0,"featured_media":12427,"parent":0,"menu_order":0,"comment_status":"closed","ping_status":"closed","template":"","meta":{"footnotes":""},"class_list":["post-12426","page","type-page","status-publish","has-post-thumbnail","hentry"],"yoast_head":"<!-- This site is optimized with the Yoast SEO plugin v27.1.1 - https:\/\/yoast.com\/product\/yoast-seo-wordpress\/ -->\n<title>Passageiro de \u00f4nibus \u00e9 preso com tablete de coca\u00edna no RN durante viagem interestadual - Taveira Jr<\/title>\n<meta name=\"robots\" content=\"index, follow, max-snippet:-1, max-image-preview:large, max-video-preview:-1\" \/>\n<link rel=\"canonical\" href=\"https:\/\/deputadotaveirajr.com.br\/index.php\/passageiro-de-onibus-e-preso-com-tablete-de-cocaina-no-rn-durante-viagem-interestadual\/\" \/>\n<meta property=\"og:locale\" content=\"pt_BR\" \/>\n<meta property=\"og:type\" content=\"article\" \/>\n<meta property=\"og:title\" content=\"Passageiro de \u00f4nibus \u00e9 preso com tablete de coca\u00edna no RN durante viagem interestadual - Taveira Jr\" \/>\n<meta property=\"og:description\" content=\"Caso aconteceu na noite desta sexta-feira (21) durante fiscaliza\u00e7\u00e3o da PRF na BR-101 em S\u00e3o Jos\u00e9 de Mipibu. Motorista relatou a agentes que homem estava alterado e causando transtornos durante ...\" \/>\n<meta property=\"og:url\" content=\"https:\/\/deputadotaveirajr.com.br\/index.php\/passageiro-de-onibus-e-preso-com-tablete-de-cocaina-no-rn-durante-viagem-interestadual\/\" \/>\n<meta property=\"og:site_name\" content=\"Taveira Jr\" \/>\n<meta property=\"og:image\" content=\"https:\/\/s2-g1.glbimg.com\/5UfNpdv6p89pKRxhvSUUvImclb0=\/i.s3.glbimg.com\/v1\/AUTH_59edd422c0c84a879bd37670ae4f538a\/internal_photos\/bs\/2025\/h\/j\/cnYQ8cTsmQZIB7E1D9nQ\/cocaina.jpg\" \/>\n<meta name=\"twitter:card\" content=\"summary_large_image\" \/>\n<meta name=\"twitter:label1\" content=\"Est. tempo de leitura\" \/>\n\t<meta name=\"twitter:data1\" content=\"1 minuto\" \/>\n<script type=\"application\/ld+json\" class=\"yoast-schema-graph\">{\"@context\":\"https:\/\/schema.org\",\"@graph\":[{\"@type\":\"WebPage\",\"@id\":\"https:\/\/deputadotaveirajr.com.br\/index.php\/passageiro-de-onibus-e-preso-com-tablete-de-cocaina-no-rn-durante-viagem-interestadual\/\",\"url\":\"https:\/\/deputadotaveirajr.com.br\/index.php\/passageiro-de-onibus-e-preso-com-tablete-de-cocaina-no-rn-durante-viagem-interestadual\/\",\"name\":\"Passageiro de \u00f4nibus \u00e9 preso com tablete de coca\u00edna no RN durante viagem interestadual - Taveira Jr\",\"isPartOf\":{\"@id\":\"https:\/\/deputadotaveirajr.com.br\/#website\"},\"primaryImageOfPage\":{\"@id\":\"https:\/\/deputadotaveirajr.com.br\/index.php\/passageiro-de-onibus-e-preso-com-tablete-de-cocaina-no-rn-durante-viagem-interestadual\/#primaryimage\"},\"image\":{\"@id\":\"https:\/\/deputadotaveirajr.com.br\/index.php\/passageiro-de-onibus-e-preso-com-tablete-de-cocaina-no-rn-durante-viagem-interestadual\/#primaryimage\"},\"thumbnailUrl\":\"https:\/\/deputadotaveirajr.com.br\/wp-content\/uploads\/2025\/02\/cocaina-kov1Kb.jpeg\",\"datePublished\":\"2025-02-22T12:31:00+00:00\",\"breadcrumb\":{\"@id\":\"https:\/\/deputadotaveirajr.com.br\/index.php\/passageiro-de-onibus-e-preso-com-tablete-de-cocaina-no-rn-durante-viagem-interestadual\/#breadcrumb\"},\"inLanguage\":\"pt-BR\",\"potentialAction\":[{\"@type\":\"ReadAction\",\"target\":[\"https:\/\/deputadotaveirajr.com.br\/index.php\/passageiro-de-onibus-e-preso-com-tablete-de-cocaina-no-rn-durante-viagem-interestadual\/\"]}]},{\"@type\":\"ImageObject\",\"inLanguage\":\"pt-BR\",\"@id\":\"https:\/\/deputadotaveirajr.com.br\/index.php\/passageiro-de-onibus-e-preso-com-tablete-de-cocaina-no-rn-durante-viagem-interestadual\/#primaryimage\",\"url\":\"https:\/\/deputadotaveirajr.com.br\/wp-content\/uploads\/2025\/02\/cocaina-kov1Kb.jpeg\",\"contentUrl\":\"https:\/\/deputadotaveirajr.com.br\/wp-content\/uploads\/2025\/02\/cocaina-kov1Kb.jpeg\",\"width\":737,\"height\":403},{\"@type\":\"BreadcrumbList\",\"@id\":\"https:\/\/deputadotaveirajr.com.br\/index.php\/passageiro-de-onibus-e-preso-com-tablete-de-cocaina-no-rn-durante-viagem-interestadual\/#breadcrumb\",\"itemListElement\":[{\"@type\":\"ListItem\",\"position\":1,\"name\":\"In\u00edcio\",\"item\":\"https:\/\/deputadotaveirajr.com.br\/\"},{\"@type\":\"ListItem\",\"position\":2,\"name\":\"Passageiro de \u00f4nibus \u00e9 preso com tablete de coca\u00edna no RN durante viagem interestadual\"}]},{\"@type\":\"WebSite\",\"@id\":\"https:\/\/deputadotaveirajr.com.br\/#website\",\"url\":\"https:\/\/deputadotaveirajr.com.br\/\",\"name\":\"Taveira Jr\",\"description\":\"Deputado Estadual\",\"publisher\":{\"@id\":\"https:\/\/deputadotaveirajr.com.br\/#organization\"},\"potentialAction\":[{\"@type\":\"SearchAction\",\"target\":{\"@type\":\"EntryPoint\",\"urlTemplate\":\"https:\/\/deputadotaveirajr.com.br\/?s={search_term_string}\"},\"query-input\":{\"@type\":\"PropertyValueSpecification\",\"valueRequired\":true,\"valueName\":\"search_term_string\"}}],\"inLanguage\":\"pt-BR\"},{\"@type\":\"Organization\",\"@id\":\"https:\/\/deputadotaveirajr.com.br\/#organization\",\"name\":\"Taveira Jr\",\"url\":\"https:\/\/deputadotaveirajr.com.br\/\",\"logo\":{\"@type\":\"ImageObject\",\"inLanguage\":\"pt-BR\",\"@id\":\"https:\/\/deputadotaveirajr.com.br\/#\/schema\/logo\/image\/\",\"url\":\"https:\/\/deputadotaveirajr.com.br\/wp-content\/uploads\/2026\/01\/logolow2a.png\",\"contentUrl\":\"https:\/\/deputadotaveirajr.com.br\/wp-content\/uploads\/2026\/01\/logolow2a.png\",\"width\":290,\"height\":80,\"caption\":\"Taveira Jr\"},\"image\":{\"@id\":\"https:\/\/deputadotaveirajr.com.br\/#\/schema\/logo\/image\/\"}}]}<\/script>\n<!-- \/ Yoast SEO plugin. -->","yoast_head_json":{"title":"Passageiro de \u00f4nibus \u00e9 preso com tablete de coca\u00edna no RN durante viagem interestadual - Taveira Jr","robots":{"index":"index","follow":"follow","max-snippet":"max-snippet:-1","max-image-preview":"max-image-preview:large","max-video-preview":"max-video-preview:-1"},"canonical":"https:\/\/deputadotaveirajr.com.br\/index.php\/passageiro-de-onibus-e-preso-com-tablete-de-cocaina-no-rn-durante-viagem-interestadual\/","og_locale":"pt_BR","og_type":"article","og_title":"Passageiro de \u00f4nibus \u00e9 preso com tablete de coca\u00edna no RN durante viagem interestadual - Taveira Jr","og_description":"Caso aconteceu na noite desta sexta-feira (21) durante fiscaliza\u00e7\u00e3o da PRF na BR-101 em S\u00e3o Jos\u00e9 de Mipibu. Motorista relatou a agentes que homem estava alterado e causando transtornos durante ...","og_url":"https:\/\/deputadotaveirajr.com.br\/index.php\/passageiro-de-onibus-e-preso-com-tablete-de-cocaina-no-rn-durante-viagem-interestadual\/","og_site_name":"Taveira Jr","og_image":[{"url":"https:\/\/s2-g1.glbimg.com\/5UfNpdv6p89pKRxhvSUUvImclb0=\/i.s3.glbimg.com\/v1\/AUTH_59edd422c0c84a879bd37670ae4f538a\/internal_photos\/bs\/2025\/h\/j\/cnYQ8cTsmQZIB7E1D9nQ\/cocaina.jpg","type":"","width":"","height":""}],"twitter_card":"summary_large_image","twitter_misc":{"Est. tempo de leitura":"1 minuto"},"schema":{"@context":"https:\/\/schema.org","@graph":[{"@type":"WebPage","@id":"https:\/\/deputadotaveirajr.com.br\/index.php\/passageiro-de-onibus-e-preso-com-tablete-de-cocaina-no-rn-durante-viagem-interestadual\/","url":"https:\/\/deputadotaveirajr.com.br\/index.php\/passageiro-de-onibus-e-preso-com-tablete-de-cocaina-no-rn-durante-viagem-interestadual\/","name":"Passageiro de \u00f4nibus \u00e9 preso com tablete de coca\u00edna no RN durante viagem interestadual - Taveira Jr","isPartOf":{"@id":"https:\/\/deputadotaveirajr.com.br\/#website"},"primaryImageOfPage":{"@id":"https:\/\/deputadotaveirajr.com.br\/index.php\/passageiro-de-onibus-e-preso-com-tablete-de-cocaina-no-rn-durante-viagem-interestadual\/#primaryimage"},"image":{"@id":"https:\/\/deputadotaveirajr.com.br\/index.php\/passageiro-de-onibus-e-preso-com-tablete-de-cocaina-no-rn-durante-viagem-interestadual\/#primaryimage"},"thumbnailUrl":"https:\/\/deputadotaveirajr.com.br\/wp-content\/uploads\/2025\/02\/cocaina-kov1Kb.jpeg","datePublished":"2025-02-22T12:31:00+00:00","breadcrumb":{"@id":"https:\/\/deputadotaveirajr.com.br\/index.php\/passageiro-de-onibus-e-preso-com-tablete-de-cocaina-no-rn-durante-viagem-interestadual\/#breadcrumb"},"inLanguage":"pt-BR","potentialAction":[{"@type":"ReadAction","target":["https:\/\/deputadotaveirajr.com.br\/index.php\/passageiro-de-onibus-e-preso-com-tablete-de-cocaina-no-rn-durante-viagem-interestadual\/"]}]},{"@type":"ImageObject","inLanguage":"pt-BR","@id":"https:\/\/deputadotaveirajr.com.br\/index.php\/passageiro-de-onibus-e-preso-com-tablete-de-cocaina-no-rn-durante-viagem-interestadual\/#primaryimage","url":"https:\/\/deputadotaveirajr.com.br\/wp-content\/uploads\/2025\/02\/cocaina-kov1Kb.jpeg","contentUrl":"https:\/\/deputadotaveirajr.com.br\/wp-content\/uploads\/2025\/02\/cocaina-kov1Kb.jpeg","width":737,"height":403},{"@type":"BreadcrumbList","@id":"https:\/\/deputadotaveirajr.com.br\/index.php\/passageiro-de-onibus-e-preso-com-tablete-de-cocaina-no-rn-durante-viagem-interestadual\/#breadcrumb","itemListElement":[{"@type":"ListItem","position":1,"name":"In\u00edcio","item":"https:\/\/deputadotaveirajr.com.br\/"},{"@type":"ListItem","position":2,"name":"Passageiro de \u00f4nibus \u00e9 preso com tablete de coca\u00edna no RN durante viagem interestadual"}]},{"@type":"WebSite","@id":"https:\/\/deputadotaveirajr.com.br\/#website","url":"https:\/\/deputadotaveirajr.com.br\/","name":"Taveira Jr","description":"Deputado Estadual","publisher":{"@id":"https:\/\/deputadotaveirajr.com.br\/#organization"},"potentialAction":[{"@type":"SearchAction","target":{"@type":"EntryPoint","urlTemplate":"https:\/\/deputadotaveirajr.com.br\/?s={search_term_string}"},"query-input":{"@type":"PropertyValueSpecification","valueRequired":true,"valueName":"search_term_string"}}],"inLanguage":"pt-BR"},{"@type":"Organization","@id":"https:\/\/deputadotaveirajr.com.br\/#organization","name":"Taveira Jr","url":"https:\/\/deputadotaveirajr.com.br\/","logo":{"@type":"ImageObject","inLanguage":"pt-BR","@id":"https:\/\/deputadotaveirajr.com.br\/#\/schema\/logo\/image\/","url":"https:\/\/deputadotaveirajr.com.br\/wp-content\/uploads\/2026\/01\/logolow2a.png","contentUrl":"https:\/\/deputadotaveirajr.com.br\/wp-content\/uploads\/2026\/01\/logolow2a.png","width":290,"height":80,"caption":"Taveira Jr"},"image":{"@id":"https:\/\/deputadotaveirajr.com.br\/#\/schema\/logo\/image\/"}}]}},"_links":{"self":[{"href":"https:\/\/deputadotaveirajr.com.br\/index.php\/wp-json\/wp\/v2\/pages\/12426","targetHints":{"allow":["GET"]}}],"collection":[{"href":"https:\/\/deputadotaveirajr.com.br\/index.php\/wp-json\/wp\/v2\/pages"}],"about":[{"href":"https:\/\/deputadotaveirajr.com.br\/index.php\/wp-json\/wp\/v2\/types\/page"}],"replies":[{"embeddable":true,"href":"https:\/\/deputadotaveirajr.com.br\/index.php\/wp-json\/wp\/v2\/comments?post=12426"}],"version-history":[{"count":0,"href":"https:\/\/deputadotaveirajr.com.br\/index.php\/wp-json\/wp\/v2\/pages\/12426\/revisions"}],"wp:featuredmedia":[{"embeddable":true,"href":"https:\/\/deputadotaveirajr.com.br\/index.php\/wp-json\/wp\/v2\/media\/12427"}],"wp:attachment":[{"href":"https:\/\/deputadotaveirajr.com.br\/index.php\/wp-json\/wp\/v2\/media?parent=12426"}],"curies":[{"name":"wp","href":"https:\/\/api.w.org\/{rel}","templated":true}]}}