{"id":12448,"date":"2025-02-26T12:56:44","date_gmt":"2025-02-26T15:56:44","guid":{"rendered":"https:\/\/deputadotaveirajr.com.br\/index.php\/percentual-de-potiguares-com-ensino-superior-triplica-em-22-anos-diz-censo\/"},"modified":"2025-02-26T12:56:44","modified_gmt":"2025-02-26T15:56:44","slug":"percentual-de-potiguares-com-ensino-superior-triplica-em-22-anos-diz-censo","status":"publish","type":"page","link":"https:\/\/deputadotaveirajr.com.br\/index.php\/percentual-de-potiguares-com-ensino-superior-triplica-em-22-anos-diz-censo\/","title":{"rendered":"Percentual de potiguares com ensino superior triplica em 22 anos, diz Censo"},"content":{"rendered":"<p><img decoding=\"async\" src=\"https:\/\/s2-g1.glbimg.com\/ltjtwfR8Z99s3SACo2Jl9qyikPg=\/i.s3.glbimg.com\/v1\/AUTH_59edd422c0c84a879bd37670ae4f538a\/internal_photos\/bs\/2023\/a\/B\/aQQ71USAA6XE1u0ifqhw\/38204-original.jpeg\" \/><br \/>     Estado registrou aumento de cobertura de educa\u00e7\u00e3o entre todas as faixas et\u00e1rias entre 2000 e 2022. Mulheres s\u00e3o maioria entre formados nas faculdades e p\u00f3s-gradua\u00e7\u00f5es.  \u00d4nibus Circular da UFRN, em Natal<br \/>\nSTTU<br \/>\nEm 22 anos, o Rio Grande do Norte registrou avan\u00e7o na escolariza\u00e7\u00e3o da popula\u00e7\u00e3o, segundo os dados sobre o assunto levantados pelo Censo 2022, divulgados nesta quarta-feira (26). A taxa de frequ\u00eancia escolar apresentou avan\u00e7os principalmente nas faixas et\u00e1rias mais jovens.<br \/>\nO maior avan\u00e7o ocorreu no ensino superior, que triplicou. O n\u00famero de potiguares com 25 anos ou mais que possu\u00edam gradua\u00e7\u00e3o conclu\u00edda passou de 4,6% em 2000 para 15,1% da popula\u00e7\u00e3o em pouco mais de 20 anos.<br \/>\n\ud83d\udcf3Participe do canal do g1 RN no WhatsApp<br \/>\nJ\u00e1 a cobertura na educa\u00e7\u00e3o infantil (0 a 3 anos) passou de 14,7% da popula\u00e7\u00e3o em 2000 para 31,4% em 2022, enquanto na faixa de 4 a 5 anos cresceu de 69,6% para 91,8% no estado.<br \/>\nNo ensino fundamental (6 a 14 anos), tamb\u00e9m houve uma alta taxa de cobertura, passando de 93,9% para 98,5%. No ensino m\u00e9dio (15 a 17 anos), a taxa subiu de 78,0% para 87,5%.<br \/>\nPessoas com n\u00edvel superior conclu\u00eddo por sexo e \u00e1rea no RN<br \/>\nCom o aumento da cobertura dos servi\u00e7os educacionais, a parcela da popula\u00e7\u00e3o sem instru\u00e7\u00e3o ou com ensino fundamental incompleto caiu de 69,3% em 2000 para 42,6% em 2022. O percentual daqueles com ensino fundamental completo e m\u00e9dio incompleto cresceu de 9,6% para 13,2%.<br \/>\nJ\u00e1 a propor\u00e7\u00e3o de pessoas com ensino m\u00e9dio completo e superior incompleto aumentou de 15,0% para 29,1%.<br \/>\nEm 2022, o Censo apontou que 20,93% dos jovens entre 18 e 24 anos estavam matriculados em gradua\u00e7\u00e3o. Entre os mais velhos, o percentual era de 19,78%. Entre as pessoas com mais de 25 anos, mais de 5% estavam em p\u00f3s-gradua\u00e7\u00f5es.<br \/>\nEm m\u00e9dia, potiguares estudam 8,8 anos<br \/>\nEm m\u00e9dia, os potiguares possu\u00edam 8,8 anos de estudo em 2022 &#8211; n\u00famero acima da m\u00e9dia da regi\u00e3o Nordeste, mas abaixo da nacional (9,5).<br \/>\nPessoas brancas no estado apresentavam maior escolaridade (9,5 anos), enquanto pessoas pretas (7,8) e ind\u00edgenas (7,5) possu\u00edam os menores \u00edndices, de acordo com o Censo.<br \/>\nDentre os munic\u00edpios analisados, com mais de 100 mil habitantes, Parnamirim se destacou com 10,9 anos, superando a m\u00e9dia nacional, enquanto Mossor\u00f3 (9,7) e Natal (10,3) tamb\u00e9m apresentaram bons \u00edndices.<br \/>\n98,5% das crian\u00e7as entre 6 e 14 anos estavam na escola<br \/>\nSegundo o Censo Demogr\u00e1fico 2022 as crian\u00e7as e adolescentes com idades entre 6 a 14 anos apresentam a maior taxa de frequ\u00eancia escolar. No Rio Grande do Norte 98,5% desse grupo est\u00e1 na escola. Essa faixa conta com obrigatoriedade de matr\u00edcula no ensino fundamental.<br \/>\nNo contexto nacional, o Rio Grande do Norte apresentou taxas de frequ\u00eancia acima da m\u00e9dia do Nordeste na maioria dos grupos et\u00e1rios, com destaque para crian\u00e7as de 4 a 5 anos (91,83%) e jovens de 15 a 17 anos (87,49%), superando tanto a m\u00e9dia nordestina (85,74%) quanto a nacional (85,25%).<br \/>\nAl\u00e9m disso, a taxa de frequ\u00eancia entre jovens de 18 a 24 anos no estado (32,10%) foi superior \u00e0s m\u00e9dias nacional (27,68%) e nordestina (26,70%), sugerindo maior acesso ao ensino superior ou t\u00e9cnico, segundo o IBGE.<br \/>\nEntre os munic\u00edpios com mais de 100 mil habitantes, S\u00e3o Gon\u00e7alo do Amarante registra a maior taxa para 6 a 14 anos (99,02%), enquanto Parnamirim se destaca na faixa de 15 a 17 anos (90,81%) e na frequ\u00eancia de adultos (9,15%).<br \/>\nJ\u00e1 Natal apresenta uma taxa relativamente alta para 18 a 24 anos (38,06%), semelhante a Parnamirim (38,64%).<br \/>\nN\u00famero de crian\u00e7as com menos de 5 anos \u00e9 menor que m\u00e9dia nacional<br \/>\nNo entanto, o Censo de 2022 apontou que o percentual de crian\u00e7as menores de 5 anos em creches, pr\u00e9-escola e ensino fundamental no Rio Grande do Norte ficou abaixo que a m\u00e9dia nacional.<br \/>\nSegundo o Censo, 32,55% das crian\u00e7as potiguares de 0 a 3 anos estavam em creches, percentual superior ao do Nordeste, mas inferior ao nacional. J\u00e1 na faixa de 4 a 5 anos, 32,40% frequentavam a pr\u00e9-escola, abaixo das m\u00e9dias regional e nacional.<br \/>\nEntre os munic\u00edpios analisados, Mossor\u00f3 registrou a maior taxa de crian\u00e7as de 0 a 3 anos na pr\u00e9-escola (31,59%). Natal se destacou na frequ\u00eancia de crian\u00e7as nessa faixa et\u00e1ria no ensino fundamental (11,9%).<br \/>\nS\u00e3o Gon\u00e7alo do Amarante teve o maior percentual de crian\u00e7as de 4 a 5 anos na pr\u00e9-escola (40,03%), enquanto Parnamirim apresentou a maior frequ\u00eancia de crian\u00e7as de 0 a 3 anos no ensino fundamental (9,22%).<br \/>\nEspecializa\u00e7\u00f5es<br \/>\nNo Brasil, 5,47% das pessoas com 25 anos ou mais frequentavam especializa\u00e7\u00e3o, contra apenas 1,02% dos jovens. No Rio Grande do Norte, a taxa de especializa\u00e7\u00e3o foi de 5,19% para os mais velhos. Natal se destacou nesse cen\u00e1rio, com 6,14% da popula\u00e7\u00e3o de 25 anos ou mais cursando especializa\u00e7\u00e3o, 2,31% em mestrado e 1,61% em doutorado, valores acima das m\u00e9dias estadual e nacional.<br \/>\nPara o IBGE, esse desempenho pode refletir a presen\u00e7a de institui\u00e7\u00f5es de ensino superior na cidade ou uma maior oferta de programas de p\u00f3s-gradua\u00e7\u00e3o, al\u00e9m do maior interesse da popula\u00e7\u00e3o nesses programas educacionais.<br \/>\nMulheres estudam mais<br \/>\nAs mulheres potiguares est\u00e3o estudando mais que os homens. No Rio Grande do Norte 8,35% possu\u00edam ensino superior completo em 2022, enquanto, entre os homens, o percentual era de 5,25%.<br \/>\nOs n\u00fameros seguem um padr\u00e3o nacional. No pa\u00eds, 9,96% das mulheres possu\u00edam ensino superior completo em 2022, em compara\u00e7\u00e3o com 6,79% dos homens. No Nordeste, essa diferen\u00e7a se mant\u00e9m, com percentuais de 7,41% para mulheres e 4,30% para homens.<br \/>\nEm Natal e Parnamirim, os percentuais foram mais elevados, superando a m\u00e9dia estadual. Na capital 13,22% eram formadas. Entre os homens, o n\u00famero era de 9,23. Parnamirim tinha \u00edndices maiores: 10,98% dos homens formados, ante a 15,21% das mulheres.<br \/>\n&#8220;Esses n\u00fameros refor\u00e7am a maior presen\u00e7a feminina no ensino superior, evidenciando avan\u00e7os na escolariza\u00e7\u00e3o, mas tamb\u00e9m poss\u00edveis desafios no acesso masculino \u00e0 educa\u00e7\u00e3o superior&#8221;, considerou a an\u00e1lise do IBGE.<br \/>\nNo ranking das 10 \u00e1reas com mais forma\u00e7\u00f5es no estado, as mulheres s\u00e3o maioria em sete. Chama aten\u00e7\u00e3o a discrep\u00e2ncia principalmente nas \u00e1reas de educa\u00e7\u00e3o e sa\u00fade. Por outro lado, os homens ainda s\u00e3o maioria nas \u00e1reas de engenharia e constru\u00e7\u00e3o; ci\u00eancias naturais e matem\u00e1tica; e na \u00e1rea de tecnologia da informa\u00e7\u00e3o e computa\u00e7\u00e3o.<br \/>\nAs mulheres tamb\u00e9m s\u00e3o maioria nos cursos de p\u00f3s-gradua\u00e7\u00e3o. No estado, elas superaram os homens em todas as categorias, destacando-se o mestrado (1,1% contra 0,74%) e no doutorado (0,53% contra 0,43%).<br \/>\nEm Natal, essa diferen\u00e7a foi ainda mais evidente, com 1,69% das mulheres cursando mestrado e 1,01% em doutorado, enquanto entre os homens os percentuais foram de 0,97% e 0,63%, respectivamente.<br \/>\nEntre as pessoas sem instru\u00e7\u00e3o ou com ensino fundamental incompleto, os homens lideram. Eles eram 37.793 no estado em 2022. Entre as mulheres, o n\u00famero era 23.682 pessoas sem instru\u00e7\u00e3o.<br \/>\nVeja os v\u00eddeos mais assistidos no g1 RN<\/p>","protected":false},"excerpt":{"rendered":"<p>Estado registrou aumento de cobertura de educa\u00e7\u00e3o entre todas as faixas et\u00e1rias entre 2000 e 2022. Mulheres s\u00e3o maioria entre formados nas faculdades e p\u00f3s-gradua\u00e7\u00f5es. \u00d4nibus Circular da UFRN, em &#8230;<\/p>\n","protected":false},"author":0,"featured_media":12449,"parent":0,"menu_order":0,"comment_status":"closed","ping_status":"closed","template":"","meta":{"footnotes":""},"class_list":["post-12448","page","type-page","status-publish","has-post-thumbnail","hentry"],"yoast_head":"<!-- This site is optimized with the Yoast SEO plugin v27.1.1 - https:\/\/yoast.com\/product\/yoast-seo-wordpress\/ -->\n<title>Percentual de potiguares com ensino superior triplica em 22 anos, diz Censo - Taveira Jr<\/title>\n<meta name=\"robots\" content=\"index, follow, max-snippet:-1, max-image-preview:large, max-video-preview:-1\" \/>\n<link rel=\"canonical\" href=\"https:\/\/deputadotaveirajr.com.br\/index.php\/percentual-de-potiguares-com-ensino-superior-triplica-em-22-anos-diz-censo\/\" \/>\n<meta property=\"og:locale\" content=\"pt_BR\" \/>\n<meta property=\"og:type\" content=\"article\" \/>\n<meta property=\"og:title\" content=\"Percentual de potiguares com ensino superior triplica em 22 anos, diz Censo - Taveira Jr\" \/>\n<meta property=\"og:description\" content=\"Estado registrou aumento de cobertura de educa\u00e7\u00e3o entre todas as faixas et\u00e1rias entre 2000 e 2022. Mulheres s\u00e3o maioria entre formados nas faculdades e p\u00f3s-gradua\u00e7\u00f5es. \u00d4nibus Circular da UFRN, em ...\" \/>\n<meta property=\"og:url\" content=\"https:\/\/deputadotaveirajr.com.br\/index.php\/percentual-de-potiguares-com-ensino-superior-triplica-em-22-anos-diz-censo\/\" \/>\n<meta property=\"og:site_name\" content=\"Taveira Jr\" \/>\n<meta property=\"og:image\" content=\"https:\/\/s2-g1.glbimg.com\/ltjtwfR8Z99s3SACo2Jl9qyikPg=\/i.s3.glbimg.com\/v1\/AUTH_59edd422c0c84a879bd37670ae4f538a\/internal_photos\/bs\/2023\/a\/B\/aQQ71USAA6XE1u0ifqhw\/38204-original.jpeg\" \/>\n<meta name=\"twitter:card\" content=\"summary_large_image\" \/>\n<meta name=\"twitter:label1\" content=\"Est. tempo de leitura\" \/>\n\t<meta name=\"twitter:data1\" content=\"6 minutos\" \/>\n<script type=\"application\/ld+json\" class=\"yoast-schema-graph\">{\"@context\":\"https:\/\/schema.org\",\"@graph\":[{\"@type\":\"WebPage\",\"@id\":\"https:\/\/deputadotaveirajr.com.br\/index.php\/percentual-de-potiguares-com-ensino-superior-triplica-em-22-anos-diz-censo\/\",\"url\":\"https:\/\/deputadotaveirajr.com.br\/index.php\/percentual-de-potiguares-com-ensino-superior-triplica-em-22-anos-diz-censo\/\",\"name\":\"Percentual de potiguares com ensino superior triplica em 22 anos, diz Censo - Taveira Jr\",\"isPartOf\":{\"@id\":\"https:\/\/deputadotaveirajr.com.br\/#website\"},\"primaryImageOfPage\":{\"@id\":\"https:\/\/deputadotaveirajr.com.br\/index.php\/percentual-de-potiguares-com-ensino-superior-triplica-em-22-anos-diz-censo\/#primaryimage\"},\"image\":{\"@id\":\"https:\/\/deputadotaveirajr.com.br\/index.php\/percentual-de-potiguares-com-ensino-superior-triplica-em-22-anos-diz-censo\/#primaryimage\"},\"thumbnailUrl\":\"https:\/\/deputadotaveirajr.com.br\/wp-content\/uploads\/2025\/02\/38204-original-6DIw2A.jpeg\",\"datePublished\":\"2025-02-26T15:56:44+00:00\",\"breadcrumb\":{\"@id\":\"https:\/\/deputadotaveirajr.com.br\/index.php\/percentual-de-potiguares-com-ensino-superior-triplica-em-22-anos-diz-censo\/#breadcrumb\"},\"inLanguage\":\"pt-BR\",\"potentialAction\":[{\"@type\":\"ReadAction\",\"target\":[\"https:\/\/deputadotaveirajr.com.br\/index.php\/percentual-de-potiguares-com-ensino-superior-triplica-em-22-anos-diz-censo\/\"]}]},{\"@type\":\"ImageObject\",\"inLanguage\":\"pt-BR\",\"@id\":\"https:\/\/deputadotaveirajr.com.br\/index.php\/percentual-de-potiguares-com-ensino-superior-triplica-em-22-anos-diz-censo\/#primaryimage\",\"url\":\"https:\/\/deputadotaveirajr.com.br\/wp-content\/uploads\/2025\/02\/38204-original-6DIw2A.jpeg\",\"contentUrl\":\"https:\/\/deputadotaveirajr.com.br\/wp-content\/uploads\/2025\/02\/38204-original-6DIw2A.jpeg\",\"width\":1280,\"height\":622},{\"@type\":\"BreadcrumbList\",\"@id\":\"https:\/\/deputadotaveirajr.com.br\/index.php\/percentual-de-potiguares-com-ensino-superior-triplica-em-22-anos-diz-censo\/#breadcrumb\",\"itemListElement\":[{\"@type\":\"ListItem\",\"position\":1,\"name\":\"In\u00edcio\",\"item\":\"https:\/\/deputadotaveirajr.com.br\/\"},{\"@type\":\"ListItem\",\"position\":2,\"name\":\"Percentual de potiguares com ensino superior triplica em 22 anos, diz Censo\"}]},{\"@type\":\"WebSite\",\"@id\":\"https:\/\/deputadotaveirajr.com.br\/#website\",\"url\":\"https:\/\/deputadotaveirajr.com.br\/\",\"name\":\"Taveira Jr\",\"description\":\"Deputado Estadual\",\"publisher\":{\"@id\":\"https:\/\/deputadotaveirajr.com.br\/#organization\"},\"potentialAction\":[{\"@type\":\"SearchAction\",\"target\":{\"@type\":\"EntryPoint\",\"urlTemplate\":\"https:\/\/deputadotaveirajr.com.br\/?s={search_term_string}\"},\"query-input\":{\"@type\":\"PropertyValueSpecification\",\"valueRequired\":true,\"valueName\":\"search_term_string\"}}],\"inLanguage\":\"pt-BR\"},{\"@type\":\"Organization\",\"@id\":\"https:\/\/deputadotaveirajr.com.br\/#organization\",\"name\":\"Taveira Jr\",\"url\":\"https:\/\/deputadotaveirajr.com.br\/\",\"logo\":{\"@type\":\"ImageObject\",\"inLanguage\":\"pt-BR\",\"@id\":\"https:\/\/deputadotaveirajr.com.br\/#\/schema\/logo\/image\/\",\"url\":\"https:\/\/deputadotaveirajr.com.br\/wp-content\/uploads\/2026\/01\/logolow2a.png\",\"contentUrl\":\"https:\/\/deputadotaveirajr.com.br\/wp-content\/uploads\/2026\/01\/logolow2a.png\",\"width\":290,\"height\":80,\"caption\":\"Taveira Jr\"},\"image\":{\"@id\":\"https:\/\/deputadotaveirajr.com.br\/#\/schema\/logo\/image\/\"}}]}<\/script>\n<!-- \/ Yoast SEO plugin. -->","yoast_head_json":{"title":"Percentual de potiguares com ensino superior triplica em 22 anos, diz Censo - Taveira Jr","robots":{"index":"index","follow":"follow","max-snippet":"max-snippet:-1","max-image-preview":"max-image-preview:large","max-video-preview":"max-video-preview:-1"},"canonical":"https:\/\/deputadotaveirajr.com.br\/index.php\/percentual-de-potiguares-com-ensino-superior-triplica-em-22-anos-diz-censo\/","og_locale":"pt_BR","og_type":"article","og_title":"Percentual de potiguares com ensino superior triplica em 22 anos, diz Censo - Taveira Jr","og_description":"Estado registrou aumento de cobertura de educa\u00e7\u00e3o entre todas as faixas et\u00e1rias entre 2000 e 2022. Mulheres s\u00e3o maioria entre formados nas faculdades e p\u00f3s-gradua\u00e7\u00f5es. \u00d4nibus Circular da UFRN, em ...","og_url":"https:\/\/deputadotaveirajr.com.br\/index.php\/percentual-de-potiguares-com-ensino-superior-triplica-em-22-anos-diz-censo\/","og_site_name":"Taveira Jr","og_image":[{"url":"https:\/\/s2-g1.glbimg.com\/ltjtwfR8Z99s3SACo2Jl9qyikPg=\/i.s3.glbimg.com\/v1\/AUTH_59edd422c0c84a879bd37670ae4f538a\/internal_photos\/bs\/2023\/a\/B\/aQQ71USAA6XE1u0ifqhw\/38204-original.jpeg","type":"","width":"","height":""}],"twitter_card":"summary_large_image","twitter_misc":{"Est. tempo de leitura":"6 minutos"},"schema":{"@context":"https:\/\/schema.org","@graph":[{"@type":"WebPage","@id":"https:\/\/deputadotaveirajr.com.br\/index.php\/percentual-de-potiguares-com-ensino-superior-triplica-em-22-anos-diz-censo\/","url":"https:\/\/deputadotaveirajr.com.br\/index.php\/percentual-de-potiguares-com-ensino-superior-triplica-em-22-anos-diz-censo\/","name":"Percentual de potiguares com ensino superior triplica em 22 anos, diz Censo - Taveira Jr","isPartOf":{"@id":"https:\/\/deputadotaveirajr.com.br\/#website"},"primaryImageOfPage":{"@id":"https:\/\/deputadotaveirajr.com.br\/index.php\/percentual-de-potiguares-com-ensino-superior-triplica-em-22-anos-diz-censo\/#primaryimage"},"image":{"@id":"https:\/\/deputadotaveirajr.com.br\/index.php\/percentual-de-potiguares-com-ensino-superior-triplica-em-22-anos-diz-censo\/#primaryimage"},"thumbnailUrl":"https:\/\/deputadotaveirajr.com.br\/wp-content\/uploads\/2025\/02\/38204-original-6DIw2A.jpeg","datePublished":"2025-02-26T15:56:44+00:00","breadcrumb":{"@id":"https:\/\/deputadotaveirajr.com.br\/index.php\/percentual-de-potiguares-com-ensino-superior-triplica-em-22-anos-diz-censo\/#breadcrumb"},"inLanguage":"pt-BR","potentialAction":[{"@type":"ReadAction","target":["https:\/\/deputadotaveirajr.com.br\/index.php\/percentual-de-potiguares-com-ensino-superior-triplica-em-22-anos-diz-censo\/"]}]},{"@type":"ImageObject","inLanguage":"pt-BR","@id":"https:\/\/deputadotaveirajr.com.br\/index.php\/percentual-de-potiguares-com-ensino-superior-triplica-em-22-anos-diz-censo\/#primaryimage","url":"https:\/\/deputadotaveirajr.com.br\/wp-content\/uploads\/2025\/02\/38204-original-6DIw2A.jpeg","contentUrl":"https:\/\/deputadotaveirajr.com.br\/wp-content\/uploads\/2025\/02\/38204-original-6DIw2A.jpeg","width":1280,"height":622},{"@type":"BreadcrumbList","@id":"https:\/\/deputadotaveirajr.com.br\/index.php\/percentual-de-potiguares-com-ensino-superior-triplica-em-22-anos-diz-censo\/#breadcrumb","itemListElement":[{"@type":"ListItem","position":1,"name":"In\u00edcio","item":"https:\/\/deputadotaveirajr.com.br\/"},{"@type":"ListItem","position":2,"name":"Percentual de potiguares com ensino superior triplica em 22 anos, diz Censo"}]},{"@type":"WebSite","@id":"https:\/\/deputadotaveirajr.com.br\/#website","url":"https:\/\/deputadotaveirajr.com.br\/","name":"Taveira Jr","description":"Deputado Estadual","publisher":{"@id":"https:\/\/deputadotaveirajr.com.br\/#organization"},"potentialAction":[{"@type":"SearchAction","target":{"@type":"EntryPoint","urlTemplate":"https:\/\/deputadotaveirajr.com.br\/?s={search_term_string}"},"query-input":{"@type":"PropertyValueSpecification","valueRequired":true,"valueName":"search_term_string"}}],"inLanguage":"pt-BR"},{"@type":"Organization","@id":"https:\/\/deputadotaveirajr.com.br\/#organization","name":"Taveira Jr","url":"https:\/\/deputadotaveirajr.com.br\/","logo":{"@type":"ImageObject","inLanguage":"pt-BR","@id":"https:\/\/deputadotaveirajr.com.br\/#\/schema\/logo\/image\/","url":"https:\/\/deputadotaveirajr.com.br\/wp-content\/uploads\/2026\/01\/logolow2a.png","contentUrl":"https:\/\/deputadotaveirajr.com.br\/wp-content\/uploads\/2026\/01\/logolow2a.png","width":290,"height":80,"caption":"Taveira Jr"},"image":{"@id":"https:\/\/deputadotaveirajr.com.br\/#\/schema\/logo\/image\/"}}]}},"_links":{"self":[{"href":"https:\/\/deputadotaveirajr.com.br\/index.php\/wp-json\/wp\/v2\/pages\/12448","targetHints":{"allow":["GET"]}}],"collection":[{"href":"https:\/\/deputadotaveirajr.com.br\/index.php\/wp-json\/wp\/v2\/pages"}],"about":[{"href":"https:\/\/deputadotaveirajr.com.br\/index.php\/wp-json\/wp\/v2\/types\/page"}],"replies":[{"embeddable":true,"href":"https:\/\/deputadotaveirajr.com.br\/index.php\/wp-json\/wp\/v2\/comments?post=12448"}],"version-history":[{"count":0,"href":"https:\/\/deputadotaveirajr.com.br\/index.php\/wp-json\/wp\/v2\/pages\/12448\/revisions"}],"wp:featuredmedia":[{"embeddable":true,"href":"https:\/\/deputadotaveirajr.com.br\/index.php\/wp-json\/wp\/v2\/media\/12449"}],"wp:attachment":[{"href":"https:\/\/deputadotaveirajr.com.br\/index.php\/wp-json\/wp\/v2\/media?parent=12448"}],"curies":[{"name":"wp","href":"https:\/\/api.w.org\/{rel}","templated":true}]}}