{"id":12450,"date":"2025-02-26T09:46:34","date_gmt":"2025-02-26T12:46:34","guid":{"rendered":"https:\/\/deputadotaveirajr.com.br\/index.php\/video-motorista-por-aplicativo-e-flagrado-e-preso-com-12-kg-de-cocaina-pura-na-grande-natal\/"},"modified":"2025-02-26T09:46:34","modified_gmt":"2025-02-26T12:46:34","slug":"video-motorista-por-aplicativo-e-flagrado-e-preso-com-12-kg-de-cocaina-pura-na-grande-natal","status":"publish","type":"page","link":"https:\/\/deputadotaveirajr.com.br\/index.php\/video-motorista-por-aplicativo-e-flagrado-e-preso-com-12-kg-de-cocaina-pura-na-grande-natal\/","title":{"rendered":"V\u00cdDEO: Motorista por aplicativo \u00e9 flagrado e preso com 1,2 kg de coca\u00edna pura na Grande Natal"},"content":{"rendered":"<p><img decoding=\"async\" src=\"https:\/\/s2-g1.glbimg.com\/_B3CF3B_Wzf8R-huKsa4EdZdX_0=\/i.s3.glbimg.com\/v1\/AUTH_59edd422c0c84a879bd37670ae4f538a\/internal_photos\/bs\/2025\/o\/I\/0PVfknQSetxuAlp7A26A\/parnamirim.jpg\" \/><br \/>     Pris\u00e3o aconteceu durante abordagem realizada em Parnamirim nesta ter\u00e7a-feira (25). Ap\u00f3s persegui\u00e7\u00e3o, motorista por aplicativo \u00e9 flagrado com 1,2 kg de coca\u00edna pura no RN<br \/>\nUm motorista por aplicativo foi preso ap\u00f3s ser flagrado com 1,2 kg de cloridrato de coca\u00edna durante uma abordagem da Pol\u00edcia Rodovi\u00e1ria Federal em Parnamirim, na Grande Natal. Um v\u00eddeo gravado por uma c\u00e2mera na viatura registrou a abordagem e o flagrante.<br \/>\nSegundo a PRF, o cloridrato \u00e9 uma das formas mais puras e valiosas da droga. A corpora\u00e7\u00e3o informou que os policiais decidiram abordar o ve\u00edculo, na noite desta ter\u00e7a-feira (25), ao perceberem que o carro estava trafegando de forma at\u00edpica, com velocidade e manobras que chamavam a aten\u00e7\u00e3o da equipe.<br \/>\n\ud83d\udcf3Participe do canal do g1 RN no WhatsApp<br \/>\nDurante a abordagem, o homem disse que n\u00e3o transportava passageiros naquele momento e alegou estava levando uma encomenda que havia retirado no bairro do Alecrim, em Natal.<br \/>\n&#8220;No entanto, ao vistoriarem a sacola que ele carregava, os policiais encontraram 1,2 kg de cloridrato de coca\u00edna, um entorpecente de elevada pureza e alto valor no tr\u00e1fico de drogas&#8221;, informou a PRF.<br \/>\nO condutor n\u00e3o soube explicar a origem da droga nem quem seria o destinat\u00e1rio, levantando suspeitas sobre sua real participa\u00e7\u00e3o no crime.<br \/>\nDiante da situa\u00e7\u00e3o, foi dada voz de pris\u00e3o ao motorista, que foi encaminhado \u00e0 Delegacia de Pol\u00edcia Civil de Parnamirim. De acordo com a pol\u00edcia, ele vai responder por tr\u00e1fico de drogas, crime que pode resultar em pena de at\u00e9 15 anos de reclus\u00e3o.<br \/>\nHomem foi abordado por policiais rodovi\u00e1rios federais em Parnamirim, na Grande Natal<br \/>\nReprodu\u00e7\u00e3o<br \/>\nVeja os v\u00eddeos mais assistidos no g1 RN<\/p>","protected":false},"excerpt":{"rendered":"<p>Pris\u00e3o aconteceu durante abordagem realizada em Parnamirim nesta ter\u00e7a-feira (25). Ap\u00f3s persegui\u00e7\u00e3o, motorista por aplicativo \u00e9 flagrado com 1,2 kg de coca\u00edna pura no RN Um motorista por aplicativo foi &#8230;<\/p>\n","protected":false},"author":0,"featured_media":12451,"parent":0,"menu_order":0,"comment_status":"closed","ping_status":"closed","template":"","meta":{"footnotes":""},"class_list":["post-12450","page","type-page","status-publish","has-post-thumbnail","hentry"],"yoast_head":"<!-- This site is optimized with the Yoast SEO plugin v27.1.1 - https:\/\/yoast.com\/product\/yoast-seo-wordpress\/ -->\n<title>V\u00cdDEO: Motorista por aplicativo \u00e9 flagrado e preso com 1,2 kg de coca\u00edna pura na Grande Natal - Taveira Jr<\/title>\n<meta name=\"robots\" content=\"index, follow, max-snippet:-1, max-image-preview:large, max-video-preview:-1\" \/>\n<link rel=\"canonical\" href=\"https:\/\/deputadotaveirajr.com.br\/index.php\/video-motorista-por-aplicativo-e-flagrado-e-preso-com-12-kg-de-cocaina-pura-na-grande-natal\/\" \/>\n<meta property=\"og:locale\" content=\"pt_BR\" \/>\n<meta property=\"og:type\" content=\"article\" \/>\n<meta property=\"og:title\" content=\"V\u00cdDEO: Motorista por aplicativo \u00e9 flagrado e preso com 1,2 kg de coca\u00edna pura na Grande Natal - Taveira Jr\" \/>\n<meta property=\"og:description\" content=\"Pris\u00e3o aconteceu durante abordagem realizada em Parnamirim nesta ter\u00e7a-feira (25). Ap\u00f3s persegui\u00e7\u00e3o, motorista por aplicativo \u00e9 flagrado com 1,2 kg de coca\u00edna pura no RN Um motorista por aplicativo foi ...\" \/>\n<meta property=\"og:url\" content=\"https:\/\/deputadotaveirajr.com.br\/index.php\/video-motorista-por-aplicativo-e-flagrado-e-preso-com-12-kg-de-cocaina-pura-na-grande-natal\/\" \/>\n<meta property=\"og:site_name\" content=\"Taveira Jr\" \/>\n<meta property=\"og:image\" content=\"https:\/\/s2-g1.glbimg.com\/_B3CF3B_Wzf8R-huKsa4EdZdX_0=\/i.s3.glbimg.com\/v1\/AUTH_59edd422c0c84a879bd37670ae4f538a\/internal_photos\/bs\/2025\/o\/I\/0PVfknQSetxuAlp7A26A\/parnamirim.jpg\" \/>\n<meta name=\"twitter:card\" content=\"summary_large_image\" \/>\n<meta name=\"twitter:label1\" content=\"Est. tempo de leitura\" \/>\n\t<meta name=\"twitter:data1\" content=\"1 minuto\" \/>\n<script type=\"application\/ld+json\" class=\"yoast-schema-graph\">{\"@context\":\"https:\/\/schema.org\",\"@graph\":[{\"@type\":\"WebPage\",\"@id\":\"https:\/\/deputadotaveirajr.com.br\/index.php\/video-motorista-por-aplicativo-e-flagrado-e-preso-com-12-kg-de-cocaina-pura-na-grande-natal\/\",\"url\":\"https:\/\/deputadotaveirajr.com.br\/index.php\/video-motorista-por-aplicativo-e-flagrado-e-preso-com-12-kg-de-cocaina-pura-na-grande-natal\/\",\"name\":\"V\u00cdDEO: Motorista por aplicativo \u00e9 flagrado e preso com 1,2 kg de coca\u00edna pura na Grande Natal - Taveira Jr\",\"isPartOf\":{\"@id\":\"https:\/\/deputadotaveirajr.com.br\/#website\"},\"primaryImageOfPage\":{\"@id\":\"https:\/\/deputadotaveirajr.com.br\/index.php\/video-motorista-por-aplicativo-e-flagrado-e-preso-com-12-kg-de-cocaina-pura-na-grande-natal\/#primaryimage\"},\"image\":{\"@id\":\"https:\/\/deputadotaveirajr.com.br\/index.php\/video-motorista-por-aplicativo-e-flagrado-e-preso-com-12-kg-de-cocaina-pura-na-grande-natal\/#primaryimage\"},\"thumbnailUrl\":\"https:\/\/deputadotaveirajr.com.br\/wp-content\/uploads\/2025\/02\/parnamirim-8Dw4GA.jpeg\",\"datePublished\":\"2025-02-26T12:46:34+00:00\",\"breadcrumb\":{\"@id\":\"https:\/\/deputadotaveirajr.com.br\/index.php\/video-motorista-por-aplicativo-e-flagrado-e-preso-com-12-kg-de-cocaina-pura-na-grande-natal\/#breadcrumb\"},\"inLanguage\":\"pt-BR\",\"potentialAction\":[{\"@type\":\"ReadAction\",\"target\":[\"https:\/\/deputadotaveirajr.com.br\/index.php\/video-motorista-por-aplicativo-e-flagrado-e-preso-com-12-kg-de-cocaina-pura-na-grande-natal\/\"]}]},{\"@type\":\"ImageObject\",\"inLanguage\":\"pt-BR\",\"@id\":\"https:\/\/deputadotaveirajr.com.br\/index.php\/video-motorista-por-aplicativo-e-flagrado-e-preso-com-12-kg-de-cocaina-pura-na-grande-natal\/#primaryimage\",\"url\":\"https:\/\/deputadotaveirajr.com.br\/wp-content\/uploads\/2025\/02\/parnamirim-8Dw4GA.jpeg\",\"contentUrl\":\"https:\/\/deputadotaveirajr.com.br\/wp-content\/uploads\/2025\/02\/parnamirim-8Dw4GA.jpeg\",\"width\":941,\"height\":537},{\"@type\":\"BreadcrumbList\",\"@id\":\"https:\/\/deputadotaveirajr.com.br\/index.php\/video-motorista-por-aplicativo-e-flagrado-e-preso-com-12-kg-de-cocaina-pura-na-grande-natal\/#breadcrumb\",\"itemListElement\":[{\"@type\":\"ListItem\",\"position\":1,\"name\":\"In\u00edcio\",\"item\":\"https:\/\/deputadotaveirajr.com.br\/\"},{\"@type\":\"ListItem\",\"position\":2,\"name\":\"V\u00cdDEO: Motorista por aplicativo \u00e9 flagrado e preso com 1,2 kg de coca\u00edna pura na Grande Natal\"}]},{\"@type\":\"WebSite\",\"@id\":\"https:\/\/deputadotaveirajr.com.br\/#website\",\"url\":\"https:\/\/deputadotaveirajr.com.br\/\",\"name\":\"Taveira Jr\",\"description\":\"Deputado Estadual\",\"publisher\":{\"@id\":\"https:\/\/deputadotaveirajr.com.br\/#organization\"},\"potentialAction\":[{\"@type\":\"SearchAction\",\"target\":{\"@type\":\"EntryPoint\",\"urlTemplate\":\"https:\/\/deputadotaveirajr.com.br\/?s={search_term_string}\"},\"query-input\":{\"@type\":\"PropertyValueSpecification\",\"valueRequired\":true,\"valueName\":\"search_term_string\"}}],\"inLanguage\":\"pt-BR\"},{\"@type\":\"Organization\",\"@id\":\"https:\/\/deputadotaveirajr.com.br\/#organization\",\"name\":\"Taveira Jr\",\"url\":\"https:\/\/deputadotaveirajr.com.br\/\",\"logo\":{\"@type\":\"ImageObject\",\"inLanguage\":\"pt-BR\",\"@id\":\"https:\/\/deputadotaveirajr.com.br\/#\/schema\/logo\/image\/\",\"url\":\"https:\/\/deputadotaveirajr.com.br\/wp-content\/uploads\/2026\/01\/logolow2a.png\",\"contentUrl\":\"https:\/\/deputadotaveirajr.com.br\/wp-content\/uploads\/2026\/01\/logolow2a.png\",\"width\":290,\"height\":80,\"caption\":\"Taveira Jr\"},\"image\":{\"@id\":\"https:\/\/deputadotaveirajr.com.br\/#\/schema\/logo\/image\/\"}}]}<\/script>\n<!-- \/ Yoast SEO plugin. -->","yoast_head_json":{"title":"V\u00cdDEO: Motorista por aplicativo \u00e9 flagrado e preso com 1,2 kg de coca\u00edna pura na Grande Natal - Taveira Jr","robots":{"index":"index","follow":"follow","max-snippet":"max-snippet:-1","max-image-preview":"max-image-preview:large","max-video-preview":"max-video-preview:-1"},"canonical":"https:\/\/deputadotaveirajr.com.br\/index.php\/video-motorista-por-aplicativo-e-flagrado-e-preso-com-12-kg-de-cocaina-pura-na-grande-natal\/","og_locale":"pt_BR","og_type":"article","og_title":"V\u00cdDEO: Motorista por aplicativo \u00e9 flagrado e preso com 1,2 kg de coca\u00edna pura na Grande Natal - Taveira Jr","og_description":"Pris\u00e3o aconteceu durante abordagem realizada em Parnamirim nesta ter\u00e7a-feira (25). Ap\u00f3s persegui\u00e7\u00e3o, motorista por aplicativo \u00e9 flagrado com 1,2 kg de coca\u00edna pura no RN Um motorista por aplicativo foi ...","og_url":"https:\/\/deputadotaveirajr.com.br\/index.php\/video-motorista-por-aplicativo-e-flagrado-e-preso-com-12-kg-de-cocaina-pura-na-grande-natal\/","og_site_name":"Taveira Jr","og_image":[{"url":"https:\/\/s2-g1.glbimg.com\/_B3CF3B_Wzf8R-huKsa4EdZdX_0=\/i.s3.glbimg.com\/v1\/AUTH_59edd422c0c84a879bd37670ae4f538a\/internal_photos\/bs\/2025\/o\/I\/0PVfknQSetxuAlp7A26A\/parnamirim.jpg","type":"","width":"","height":""}],"twitter_card":"summary_large_image","twitter_misc":{"Est. tempo de leitura":"1 minuto"},"schema":{"@context":"https:\/\/schema.org","@graph":[{"@type":"WebPage","@id":"https:\/\/deputadotaveirajr.com.br\/index.php\/video-motorista-por-aplicativo-e-flagrado-e-preso-com-12-kg-de-cocaina-pura-na-grande-natal\/","url":"https:\/\/deputadotaveirajr.com.br\/index.php\/video-motorista-por-aplicativo-e-flagrado-e-preso-com-12-kg-de-cocaina-pura-na-grande-natal\/","name":"V\u00cdDEO: Motorista por aplicativo \u00e9 flagrado e preso com 1,2 kg de coca\u00edna pura na Grande Natal - Taveira Jr","isPartOf":{"@id":"https:\/\/deputadotaveirajr.com.br\/#website"},"primaryImageOfPage":{"@id":"https:\/\/deputadotaveirajr.com.br\/index.php\/video-motorista-por-aplicativo-e-flagrado-e-preso-com-12-kg-de-cocaina-pura-na-grande-natal\/#primaryimage"},"image":{"@id":"https:\/\/deputadotaveirajr.com.br\/index.php\/video-motorista-por-aplicativo-e-flagrado-e-preso-com-12-kg-de-cocaina-pura-na-grande-natal\/#primaryimage"},"thumbnailUrl":"https:\/\/deputadotaveirajr.com.br\/wp-content\/uploads\/2025\/02\/parnamirim-8Dw4GA.jpeg","datePublished":"2025-02-26T12:46:34+00:00","breadcrumb":{"@id":"https:\/\/deputadotaveirajr.com.br\/index.php\/video-motorista-por-aplicativo-e-flagrado-e-preso-com-12-kg-de-cocaina-pura-na-grande-natal\/#breadcrumb"},"inLanguage":"pt-BR","potentialAction":[{"@type":"ReadAction","target":["https:\/\/deputadotaveirajr.com.br\/index.php\/video-motorista-por-aplicativo-e-flagrado-e-preso-com-12-kg-de-cocaina-pura-na-grande-natal\/"]}]},{"@type":"ImageObject","inLanguage":"pt-BR","@id":"https:\/\/deputadotaveirajr.com.br\/index.php\/video-motorista-por-aplicativo-e-flagrado-e-preso-com-12-kg-de-cocaina-pura-na-grande-natal\/#primaryimage","url":"https:\/\/deputadotaveirajr.com.br\/wp-content\/uploads\/2025\/02\/parnamirim-8Dw4GA.jpeg","contentUrl":"https:\/\/deputadotaveirajr.com.br\/wp-content\/uploads\/2025\/02\/parnamirim-8Dw4GA.jpeg","width":941,"height":537},{"@type":"BreadcrumbList","@id":"https:\/\/deputadotaveirajr.com.br\/index.php\/video-motorista-por-aplicativo-e-flagrado-e-preso-com-12-kg-de-cocaina-pura-na-grande-natal\/#breadcrumb","itemListElement":[{"@type":"ListItem","position":1,"name":"In\u00edcio","item":"https:\/\/deputadotaveirajr.com.br\/"},{"@type":"ListItem","position":2,"name":"V\u00cdDEO: Motorista por aplicativo \u00e9 flagrado e preso com 1,2 kg de coca\u00edna pura na Grande Natal"}]},{"@type":"WebSite","@id":"https:\/\/deputadotaveirajr.com.br\/#website","url":"https:\/\/deputadotaveirajr.com.br\/","name":"Taveira Jr","description":"Deputado Estadual","publisher":{"@id":"https:\/\/deputadotaveirajr.com.br\/#organization"},"potentialAction":[{"@type":"SearchAction","target":{"@type":"EntryPoint","urlTemplate":"https:\/\/deputadotaveirajr.com.br\/?s={search_term_string}"},"query-input":{"@type":"PropertyValueSpecification","valueRequired":true,"valueName":"search_term_string"}}],"inLanguage":"pt-BR"},{"@type":"Organization","@id":"https:\/\/deputadotaveirajr.com.br\/#organization","name":"Taveira Jr","url":"https:\/\/deputadotaveirajr.com.br\/","logo":{"@type":"ImageObject","inLanguage":"pt-BR","@id":"https:\/\/deputadotaveirajr.com.br\/#\/schema\/logo\/image\/","url":"https:\/\/deputadotaveirajr.com.br\/wp-content\/uploads\/2026\/01\/logolow2a.png","contentUrl":"https:\/\/deputadotaveirajr.com.br\/wp-content\/uploads\/2026\/01\/logolow2a.png","width":290,"height":80,"caption":"Taveira Jr"},"image":{"@id":"https:\/\/deputadotaveirajr.com.br\/#\/schema\/logo\/image\/"}}]}},"_links":{"self":[{"href":"https:\/\/deputadotaveirajr.com.br\/index.php\/wp-json\/wp\/v2\/pages\/12450","targetHints":{"allow":["GET"]}}],"collection":[{"href":"https:\/\/deputadotaveirajr.com.br\/index.php\/wp-json\/wp\/v2\/pages"}],"about":[{"href":"https:\/\/deputadotaveirajr.com.br\/index.php\/wp-json\/wp\/v2\/types\/page"}],"replies":[{"embeddable":true,"href":"https:\/\/deputadotaveirajr.com.br\/index.php\/wp-json\/wp\/v2\/comments?post=12450"}],"version-history":[{"count":0,"href":"https:\/\/deputadotaveirajr.com.br\/index.php\/wp-json\/wp\/v2\/pages\/12450\/revisions"}],"wp:featuredmedia":[{"embeddable":true,"href":"https:\/\/deputadotaveirajr.com.br\/index.php\/wp-json\/wp\/v2\/media\/12451"}],"wp:attachment":[{"href":"https:\/\/deputadotaveirajr.com.br\/index.php\/wp-json\/wp\/v2\/media?parent=12450"}],"curies":[{"name":"wp","href":"https:\/\/api.w.org\/{rel}","templated":true}]}}