{"id":12454,"date":"2025-02-26T06:00:57","date_gmt":"2025-02-26T09:00:57","guid":{"rendered":"https:\/\/deputadotaveirajr.com.br\/index.php\/veja-o-que-abre-e-fecha-no-comercio-em-natal-durante-o-carnaval-2025\/"},"modified":"2025-02-26T06:00:57","modified_gmt":"2025-02-26T09:00:57","slug":"veja-o-que-abre-e-fecha-no-comercio-em-natal-durante-o-carnaval-2025","status":"publish","type":"page","link":"https:\/\/deputadotaveirajr.com.br\/index.php\/veja-o-que-abre-e-fecha-no-comercio-em-natal-durante-o-carnaval-2025\/","title":{"rendered":"Veja o que abre e fecha no com\u00e9rcio em Natal durante o Carnaval 2025"},"content":{"rendered":"<p><img decoding=\"async\" src=\"https:\/\/s2-g1.glbimg.com\/KT2qGLnf5NcoyvU3Cd-tjPXNDNU=\/i.s3.glbimg.com\/v1\/AUTH_59edd422c0c84a879bd37670ae4f538a\/internal_photos\/bs\/2022\/r\/g\/4xWlK1QnuoAORyi7nu6Q\/pesquisa.jpeg\" \/><br \/>     Supermercados, shoppings e bancos t\u00eam programa\u00e7\u00e3o especial entre o s\u00e1bado (1\u00ba) e a Quarta-feira de Cinzas (5). Rua no centro de Natal (RN), Cidade Alta, com\u00e9rcio, cal\u00e7ada, movimenta\u00e7\u00e3o<br \/>\nAlex R\u00e9gis<br \/>\nO com\u00e9rcio de rua, os shoppings centers, supermercados e bancos em Natal funcionam com hor\u00e1rio especial durante o per\u00edodo de Carnaval 2025, entre s\u00e1bado (1\u00ba) e a Quarta-feira de Cinzas (5).<br \/>\nA C\u00e2mara de Dirigentes Lojistas de Natal (CDL Natal) divulgou a programa\u00e7\u00e3o dos principais com\u00e9rcios da capital potiguar neste per\u00edodo.<br \/>\n\ud83d\udcf3Participe do canal do g1 RN no WhatsApp<br \/>\nConfira o que abre e fecha em Natal:<br \/>\nCom\u00e9rcio de rua<br \/>\nCentro da Cidade<br \/>\nS\u00e1bado (1\u00ba): Funciona em hor\u00e1rio normal das 08 \u00e0s 12h.<br \/>\nDomingo (2):  Fechado<br \/>\nSegunda-feira  (3):  Fechado<br \/>\nTer\u00e7a-feira (4): Fechado.<br \/>\nQuarta-feira (5): Funcionamento a partir de 12h.<br \/>\nAlecrim<br \/>\nS\u00e1bado (1): Funciona em hor\u00e1rio normal das 08 \u00e0s 17h.<br \/>\nDomingo (2):  Fechado<br \/>\nSegunda-feira  (3):  Fechado<br \/>\nTer\u00e7a-feira (4): Fechado.<br \/>\nQuarta-feira (5): Funcionamento normal. Algumas empresas funcionam a partir das 8h e outras a partir de 12h.<br \/>\nZona Norte<br \/>\nS\u00e1bado (1\u00ba): das 08 \u00e0s 18h;<br \/>\nDomingo (2): das 08 \u00e0s 13h;<br \/>\nSegunda-feira (3): Fechado;<br \/>\nTer\u00e7a-feira (4): Abertura facultativa<br \/>\nQuarta-feira (5): Funcionamento normal. Algumas empresas funcionam a partir das 8h e outras a partir de 12h.<br \/>\nLEIA TAMB\u00c9M:<br \/>\nZ\u00e9 Vaqueiro, Alceu Valen\u00e7a, Dilsinho, Psirico, Cavaleiros: Confira as atra\u00e7\u00f5es do carnaval de Natal 2025<br \/>\n Shoppings<br \/>\nPartage Norte Shopping Natal<br \/>\nS\u00e1bado (1\u00ba): Funciona normalmente das 10h \u00e0s 22h;<br \/>\nDomingo (2): Alimenta\u00e7\u00e3o e lazer aberto das 11h \u00e0s 22h | Demais lojas, a partir das 15h \u00e0s 21h | Carrefour &#8211; 07 \u00e0s 21h<br \/>\nSegunda-feira (3): Alimenta\u00e7\u00e3o e lazer aberto das 11h \u00e0s 22h | Demais lojas, facultativo das 15h \u00e0s 21h; (facultativo) | Carrefour \u2013 Fechado.<br \/>\nTer\u00e7a-feira (4): Alimenta\u00e7\u00e3o e lazer aberto das 10h \u00e0s 22h | Demais lojas, a partir das 10h \u00e0s 22h | Carrefour &#8211; aberto das 7h \u00e0s 22h<br \/>\nQuarta-feira (5): Funcionamento obrigat\u00f3rio: Alimenta\u00e7\u00e3o e lazer aberto das 10h \u00e0s 22h | Demais lojas, a partir das 10h \u00e0s 22h | Carrefour &#8211; aberto das 7h \u00e0s 22h.<br \/>\n Shopping Cidade Jardim<br \/>\nS\u00e1bado (1\u00ba): das 09h \u00e0s 21h;<br \/>\nDomingo (2): Alimenta\u00e7\u00e3o e lazer das 12 \u00e0s 20h (facultativo) | Lojas e quiosques \u2013 Fechado |<br \/>\nSegunda-feira (3): Alimenta\u00e7\u00e3o e lazer das 12 \u00e0s 20h; (facultativo) | Lojas e quiosques \u2013 Fechado.<br \/>\nTer\u00e7a-feira (4): Alimenta\u00e7\u00e3o e lazer das 12 \u00e0s 20h (facultativo) | Lojas e quiosques \u2013 Fechado.<br \/>\nQuarta-feira (5): das 11 \u00e0s 21h.<br \/>\nMidway Mall<br \/>\nS\u00e1bado (1\u00ba): Shopping funcionar\u00e1 normalmente das 10h \u00e0s 22h | Cinemark aberto conforme sua programa\u00e7\u00e3o<br \/>\nDomingo (2): Abertos a pra\u00e7a de alimenta\u00e7\u00e3o e lazer das 11h \u00e0s 22h | Lojas e quiosques abertos| Cinemark aberto conforme programa\u00e7\u00e3o | Supermercado P\u00e3o de A\u00e7\u00facar das 7h \u00e0s 22h;<br \/>\nSegunda-feira (3): Dia do Comerci\u00e1rio | Abertos a Pra\u00e7a de Alimenta\u00e7\u00e3o e lazer das 11h \u00e0s 22h | Lojas e quiosques abertos em regime facultativo | Cinemark aberto conforme sua programa\u00e7\u00e3o<br \/>\nTer\u00e7a-feira (4): Abertos a pra\u00e7a de alimenta\u00e7\u00e3o e lazer das 11h \u00e0s 22h | Lojas e quiosques abertos em regime facultativo | Cinemark aberto conforme programa\u00e7\u00e3o | Supermercado P\u00e3o de A\u00e7\u00facar das 7h \u00e0s 22h<br \/>\nQuarta-feira de Cinzas (5):  Abertos a pra\u00e7a de alimenta\u00e7\u00e3o e lazer das 11h \u00e0s 22h | Lojas e quiosques abertos das 12h \u00e0s 22h | Cinemark aberto conforme programa\u00e7\u00e3o | Supermercado P\u00e3o de A\u00e7\u00facar das 7h \u00e0s 22h;<br \/>\n Natal Shopping<br \/>\nS\u00e1bado (1\u00ba): Alimenta\u00e7\u00e3o e lazer: 10h \u00e0s 22h | Quiosques de alimenta\u00e7\u00e3o: 10h \u00e0s 22h | \u00c2ncoras e Megalojas: 10h \u00e0s 22h | Demais lojas e quiosques: 10h \u00e0s 22h | Academia Bodytech: 09h \u00e0s 15h | Alpendre: 14h \u00e0s 00h | Cinema: Conforme Programa\u00e7\u00e3o<br \/>\nDomingo (2):  Alimenta\u00e7\u00e3o e lazer: 11h \u00e0s 22h | Quiosques de alimenta\u00e7\u00e3o: 13h \u00e0s 21h* | \u00c2ncoras e Mega Lojas: 12h \u00e0s 21h* | Demais lojas e quiosques: 15h \u00e0s 21h* |  Academia Bodytech: 09h \u00e0s 15h | Alpendre: 14h \u00e0s 23h | Cinema: Conforme Programa\u00e7\u00e3o<br \/>\nSegunda-feira (3): Alimenta\u00e7\u00e3o e lazer: 11h \u00e0s 21h | Quiosques de alimenta\u00e7\u00e3o: 13h \u00e0s 21h* | \u00c2ncoras e Megalojas: Facultativo | Demais lojas e quiosques: Facultativo |  Academia Bodytech: 09h \u00e0s 15h | Alpendre: 14h \u00e0s 23h | Cinema: Conforme Programa\u00e7\u00e3o | (Obrigat\u00f3rio para alimenta\u00e7\u00e3o e lazer, facultativo para demais lojas)<br \/>\nTer\u00e7a-feira (4): Alimenta\u00e7\u00e3o e lazer: 11h \u00e0s 21h | Quiosques de alimenta\u00e7\u00e3o: 13h \u00e0s 21h* | \u00c2ncoras e Megalojas: Facultativo | Demais lojas e quiosques: Facultativo | Academia Bodytech: 09h \u00e0s 15h | Alpendre: 14h \u00e0s 23h | Cinema: Conforme Programa\u00e7\u00e3o | (Obrigat\u00f3rio para alimenta\u00e7\u00e3o e lazer, facultativo para demais lojas)<br \/>\nQuarta-feira (5): Alimenta\u00e7\u00e3o: 11h \u00e0s 22h | Quiosques de alimenta\u00e7\u00e3o: 12h \u00e0s 22h |  \u00c2ncoras e Megalojas: 12h \u00e0s 22h,  demais lojas e quiosques: 12h \u00e0s 22h | Academia Bodytech: 12h \u00e0s 22h | Alpendre: 14h \u00e0s 23h | Cinema: Conforme Programa\u00e7\u00e3o<br \/>\n Shopping 10<br \/>\nS\u00e1bado (1\u00ba):  8h \u00e0s 17h<br \/>\nDomingo (2):  fechado<br \/>\nSegunda-feira (3): fechado<br \/>\nTer\u00e7a-feira (4): fechado<br \/>\nQuarta-feira (5): 12h \u00e0s 18h<br \/>\n Shopping Via Direta<br \/>\nS\u00e1bado (1\u00ba): Normal, das 9h \u00e0s 21h<br \/>\nDomingo (2):  Totalmente Fechado<br \/>\nSegunda-feira (3): Totalmente Fechado<br \/>\nTer\u00e7a-feira (4): Totalmente Fechado<br \/>\nQuarta-feira (5): 12h \u00e0s 21h<br \/>\nPraia Shopping<br \/>\nS\u00e1bado (1\u00ba): Lojas, das 10h \u00e0s 22h | Alimenta\u00e7\u00e3o, das 11h \u00e0s 22h | Cinemas, consultar programa\u00e7\u00e3o em moviecom.com.br<br \/>\nDomingo (2): Lojas, das 14h \u00e0s 20h | Pra\u00e7a de Alimenta\u00e7\u00e3o, das 11h \u00e0s 21h | Cinemas, consultar programa\u00e7\u00e3o<br \/>\nSegunda-feira (3): Pra\u00e7a de Alimenta\u00e7\u00e3o das 11h \u00e0s 21h | Lojas (facultativo), das 14h \u00e0s 20h<br \/>\nTer\u00e7a-feira (4): Pra\u00e7a de Alimenta\u00e7\u00e3o das 11h \u00e0s 21h | Lojas (facultativo), das 14h \u00e0s 20h<br \/>\nQuarta-feira (5): Lojas, das 12h \u00e0s 22h | Pra\u00e7a de Alimenta\u00e7\u00e3o, das 11h \u00e0s 22h | Cinemas: consultar programa\u00e7\u00e3o<br \/>\nShopping Cidade Verde<br \/>\nS\u00e1bado (1\u00ba): 9 \u00e0s 20h;<br \/>\nDomingo (2): 9 \u00e0s 20h;<br \/>\nSegunda-feira (3): Lojas fechadas | Alimenta\u00e7\u00e3o &#8211; Abertura facultativa<br \/>\nTer\u00e7a-feira (4): Lojas fechadas | Alimenta\u00e7\u00e3o &#8211; Abertura facultativa<br \/>\nQuarta-feira (5): Abertura a partir das 12h.<br \/>\n Supermercados<br \/>\nS\u00e1bado (1\u00ba): Funcionamento normal<br \/>\nDomingo (2): Funcionamento normal<br \/>\nSegunda-feira (3): Fechados<br \/>\nTer\u00e7a-feira (4): Funcionamento normal<br \/>\nQuarta-feira (5): Funcionamento normal<br \/>\nBancos<br \/>\nS\u00e1bado (1\u00ba): Fechados<br \/>\nDomingo (2): Fechados<br \/>\nSegunda-feira (3): Fechados<br \/>\nTer\u00e7a-feira (4): Fechados<br \/>\nQuarta-feira (5): Funcionamento a partir das 12h<br \/>\nProdu\u00e7\u00e3o de aderec\u0327os de carnaval em Natal<br \/>\nV\u00eddeos mais assistidos do g1 RN<\/p>","protected":false},"excerpt":{"rendered":"<p>Supermercados, shoppings e bancos t\u00eam programa\u00e7\u00e3o especial entre o s\u00e1bado (1\u00ba) e a Quarta-feira de Cinzas (5). Rua no centro de Natal (RN), Cidade Alta, com\u00e9rcio, cal\u00e7ada, movimenta\u00e7\u00e3o Alex R\u00e9gis &#8230;<\/p>\n","protected":false},"author":0,"featured_media":12455,"parent":0,"menu_order":0,"comment_status":"closed","ping_status":"closed","template":"","meta":{"footnotes":""},"class_list":["post-12454","page","type-page","status-publish","has-post-thumbnail","hentry"],"yoast_head":"<!-- This site is optimized with the Yoast SEO plugin v27.1.1 - https:\/\/yoast.com\/product\/yoast-seo-wordpress\/ -->\n<title>Veja o que abre e fecha no com\u00e9rcio em Natal durante o Carnaval 2025 - Taveira Jr<\/title>\n<meta name=\"robots\" content=\"index, follow, max-snippet:-1, max-image-preview:large, max-video-preview:-1\" \/>\n<link rel=\"canonical\" href=\"https:\/\/deputadotaveirajr.com.br\/index.php\/veja-o-que-abre-e-fecha-no-comercio-em-natal-durante-o-carnaval-2025\/\" \/>\n<meta property=\"og:locale\" content=\"pt_BR\" \/>\n<meta property=\"og:type\" content=\"article\" \/>\n<meta property=\"og:title\" content=\"Veja o que abre e fecha no com\u00e9rcio em Natal durante o Carnaval 2025 - Taveira Jr\" \/>\n<meta property=\"og:description\" content=\"Supermercados, shoppings e bancos t\u00eam programa\u00e7\u00e3o especial entre o s\u00e1bado (1\u00ba) e a Quarta-feira de Cinzas (5). Rua no centro de Natal (RN), Cidade Alta, com\u00e9rcio, cal\u00e7ada, movimenta\u00e7\u00e3o Alex R\u00e9gis ...\" \/>\n<meta property=\"og:url\" content=\"https:\/\/deputadotaveirajr.com.br\/index.php\/veja-o-que-abre-e-fecha-no-comercio-em-natal-durante-o-carnaval-2025\/\" \/>\n<meta property=\"og:site_name\" content=\"Taveira Jr\" \/>\n<meta property=\"og:image\" content=\"https:\/\/s2-g1.glbimg.com\/KT2qGLnf5NcoyvU3Cd-tjPXNDNU=\/i.s3.glbimg.com\/v1\/AUTH_59edd422c0c84a879bd37670ae4f538a\/internal_photos\/bs\/2022\/r\/g\/4xWlK1QnuoAORyi7nu6Q\/pesquisa.jpeg\" \/>\n<meta name=\"twitter:card\" content=\"summary_large_image\" \/>\n<meta name=\"twitter:label1\" content=\"Est. tempo de leitura\" \/>\n\t<meta name=\"twitter:data1\" content=\"5 minutos\" \/>\n<script type=\"application\/ld+json\" class=\"yoast-schema-graph\">{\"@context\":\"https:\/\/schema.org\",\"@graph\":[{\"@type\":\"WebPage\",\"@id\":\"https:\/\/deputadotaveirajr.com.br\/index.php\/veja-o-que-abre-e-fecha-no-comercio-em-natal-durante-o-carnaval-2025\/\",\"url\":\"https:\/\/deputadotaveirajr.com.br\/index.php\/veja-o-que-abre-e-fecha-no-comercio-em-natal-durante-o-carnaval-2025\/\",\"name\":\"Veja o que abre e fecha no com\u00e9rcio em Natal durante o Carnaval 2025 - Taveira Jr\",\"isPartOf\":{\"@id\":\"https:\/\/deputadotaveirajr.com.br\/#website\"},\"primaryImageOfPage\":{\"@id\":\"https:\/\/deputadotaveirajr.com.br\/index.php\/veja-o-que-abre-e-fecha-no-comercio-em-natal-durante-o-carnaval-2025\/#primaryimage\"},\"image\":{\"@id\":\"https:\/\/deputadotaveirajr.com.br\/index.php\/veja-o-que-abre-e-fecha-no-comercio-em-natal-durante-o-carnaval-2025\/#primaryimage\"},\"thumbnailUrl\":\"https:\/\/deputadotaveirajr.com.br\/wp-content\/uploads\/2025\/02\/pesquisa-p5lkNc.jpeg\",\"datePublished\":\"2025-02-26T09:00:57+00:00\",\"breadcrumb\":{\"@id\":\"https:\/\/deputadotaveirajr.com.br\/index.php\/veja-o-que-abre-e-fecha-no-comercio-em-natal-durante-o-carnaval-2025\/#breadcrumb\"},\"inLanguage\":\"pt-BR\",\"potentialAction\":[{\"@type\":\"ReadAction\",\"target\":[\"https:\/\/deputadotaveirajr.com.br\/index.php\/veja-o-que-abre-e-fecha-no-comercio-em-natal-durante-o-carnaval-2025\/\"]}]},{\"@type\":\"ImageObject\",\"inLanguage\":\"pt-BR\",\"@id\":\"https:\/\/deputadotaveirajr.com.br\/index.php\/veja-o-que-abre-e-fecha-no-comercio-em-natal-durante-o-carnaval-2025\/#primaryimage\",\"url\":\"https:\/\/deputadotaveirajr.com.br\/wp-content\/uploads\/2025\/02\/pesquisa-p5lkNc.jpeg\",\"contentUrl\":\"https:\/\/deputadotaveirajr.com.br\/wp-content\/uploads\/2025\/02\/pesquisa-p5lkNc.jpeg\",\"width\":627,\"height\":417},{\"@type\":\"BreadcrumbList\",\"@id\":\"https:\/\/deputadotaveirajr.com.br\/index.php\/veja-o-que-abre-e-fecha-no-comercio-em-natal-durante-o-carnaval-2025\/#breadcrumb\",\"itemListElement\":[{\"@type\":\"ListItem\",\"position\":1,\"name\":\"In\u00edcio\",\"item\":\"https:\/\/deputadotaveirajr.com.br\/\"},{\"@type\":\"ListItem\",\"position\":2,\"name\":\"Veja o que abre e fecha no com\u00e9rcio em Natal durante o Carnaval 2025\"}]},{\"@type\":\"WebSite\",\"@id\":\"https:\/\/deputadotaveirajr.com.br\/#website\",\"url\":\"https:\/\/deputadotaveirajr.com.br\/\",\"name\":\"Taveira Jr\",\"description\":\"Deputado Estadual\",\"publisher\":{\"@id\":\"https:\/\/deputadotaveirajr.com.br\/#organization\"},\"potentialAction\":[{\"@type\":\"SearchAction\",\"target\":{\"@type\":\"EntryPoint\",\"urlTemplate\":\"https:\/\/deputadotaveirajr.com.br\/?s={search_term_string}\"},\"query-input\":{\"@type\":\"PropertyValueSpecification\",\"valueRequired\":true,\"valueName\":\"search_term_string\"}}],\"inLanguage\":\"pt-BR\"},{\"@type\":\"Organization\",\"@id\":\"https:\/\/deputadotaveirajr.com.br\/#organization\",\"name\":\"Taveira Jr\",\"url\":\"https:\/\/deputadotaveirajr.com.br\/\",\"logo\":{\"@type\":\"ImageObject\",\"inLanguage\":\"pt-BR\",\"@id\":\"https:\/\/deputadotaveirajr.com.br\/#\/schema\/logo\/image\/\",\"url\":\"https:\/\/deputadotaveirajr.com.br\/wp-content\/uploads\/2026\/01\/logolow2a.png\",\"contentUrl\":\"https:\/\/deputadotaveirajr.com.br\/wp-content\/uploads\/2026\/01\/logolow2a.png\",\"width\":290,\"height\":80,\"caption\":\"Taveira Jr\"},\"image\":{\"@id\":\"https:\/\/deputadotaveirajr.com.br\/#\/schema\/logo\/image\/\"}}]}<\/script>\n<!-- \/ Yoast SEO plugin. -->","yoast_head_json":{"title":"Veja o que abre e fecha no com\u00e9rcio em Natal durante o Carnaval 2025 - Taveira Jr","robots":{"index":"index","follow":"follow","max-snippet":"max-snippet:-1","max-image-preview":"max-image-preview:large","max-video-preview":"max-video-preview:-1"},"canonical":"https:\/\/deputadotaveirajr.com.br\/index.php\/veja-o-que-abre-e-fecha-no-comercio-em-natal-durante-o-carnaval-2025\/","og_locale":"pt_BR","og_type":"article","og_title":"Veja o que abre e fecha no com\u00e9rcio em Natal durante o Carnaval 2025 - Taveira Jr","og_description":"Supermercados, shoppings e bancos t\u00eam programa\u00e7\u00e3o especial entre o s\u00e1bado (1\u00ba) e a Quarta-feira de Cinzas (5). Rua no centro de Natal (RN), Cidade Alta, com\u00e9rcio, cal\u00e7ada, movimenta\u00e7\u00e3o Alex R\u00e9gis ...","og_url":"https:\/\/deputadotaveirajr.com.br\/index.php\/veja-o-que-abre-e-fecha-no-comercio-em-natal-durante-o-carnaval-2025\/","og_site_name":"Taveira Jr","og_image":[{"url":"https:\/\/s2-g1.glbimg.com\/KT2qGLnf5NcoyvU3Cd-tjPXNDNU=\/i.s3.glbimg.com\/v1\/AUTH_59edd422c0c84a879bd37670ae4f538a\/internal_photos\/bs\/2022\/r\/g\/4xWlK1QnuoAORyi7nu6Q\/pesquisa.jpeg","type":"","width":"","height":""}],"twitter_card":"summary_large_image","twitter_misc":{"Est. tempo de leitura":"5 minutos"},"schema":{"@context":"https:\/\/schema.org","@graph":[{"@type":"WebPage","@id":"https:\/\/deputadotaveirajr.com.br\/index.php\/veja-o-que-abre-e-fecha-no-comercio-em-natal-durante-o-carnaval-2025\/","url":"https:\/\/deputadotaveirajr.com.br\/index.php\/veja-o-que-abre-e-fecha-no-comercio-em-natal-durante-o-carnaval-2025\/","name":"Veja o que abre e fecha no com\u00e9rcio em Natal durante o Carnaval 2025 - Taveira Jr","isPartOf":{"@id":"https:\/\/deputadotaveirajr.com.br\/#website"},"primaryImageOfPage":{"@id":"https:\/\/deputadotaveirajr.com.br\/index.php\/veja-o-que-abre-e-fecha-no-comercio-em-natal-durante-o-carnaval-2025\/#primaryimage"},"image":{"@id":"https:\/\/deputadotaveirajr.com.br\/index.php\/veja-o-que-abre-e-fecha-no-comercio-em-natal-durante-o-carnaval-2025\/#primaryimage"},"thumbnailUrl":"https:\/\/deputadotaveirajr.com.br\/wp-content\/uploads\/2025\/02\/pesquisa-p5lkNc.jpeg","datePublished":"2025-02-26T09:00:57+00:00","breadcrumb":{"@id":"https:\/\/deputadotaveirajr.com.br\/index.php\/veja-o-que-abre-e-fecha-no-comercio-em-natal-durante-o-carnaval-2025\/#breadcrumb"},"inLanguage":"pt-BR","potentialAction":[{"@type":"ReadAction","target":["https:\/\/deputadotaveirajr.com.br\/index.php\/veja-o-que-abre-e-fecha-no-comercio-em-natal-durante-o-carnaval-2025\/"]}]},{"@type":"ImageObject","inLanguage":"pt-BR","@id":"https:\/\/deputadotaveirajr.com.br\/index.php\/veja-o-que-abre-e-fecha-no-comercio-em-natal-durante-o-carnaval-2025\/#primaryimage","url":"https:\/\/deputadotaveirajr.com.br\/wp-content\/uploads\/2025\/02\/pesquisa-p5lkNc.jpeg","contentUrl":"https:\/\/deputadotaveirajr.com.br\/wp-content\/uploads\/2025\/02\/pesquisa-p5lkNc.jpeg","width":627,"height":417},{"@type":"BreadcrumbList","@id":"https:\/\/deputadotaveirajr.com.br\/index.php\/veja-o-que-abre-e-fecha-no-comercio-em-natal-durante-o-carnaval-2025\/#breadcrumb","itemListElement":[{"@type":"ListItem","position":1,"name":"In\u00edcio","item":"https:\/\/deputadotaveirajr.com.br\/"},{"@type":"ListItem","position":2,"name":"Veja o que abre e fecha no com\u00e9rcio em Natal durante o Carnaval 2025"}]},{"@type":"WebSite","@id":"https:\/\/deputadotaveirajr.com.br\/#website","url":"https:\/\/deputadotaveirajr.com.br\/","name":"Taveira Jr","description":"Deputado Estadual","publisher":{"@id":"https:\/\/deputadotaveirajr.com.br\/#organization"},"potentialAction":[{"@type":"SearchAction","target":{"@type":"EntryPoint","urlTemplate":"https:\/\/deputadotaveirajr.com.br\/?s={search_term_string}"},"query-input":{"@type":"PropertyValueSpecification","valueRequired":true,"valueName":"search_term_string"}}],"inLanguage":"pt-BR"},{"@type":"Organization","@id":"https:\/\/deputadotaveirajr.com.br\/#organization","name":"Taveira Jr","url":"https:\/\/deputadotaveirajr.com.br\/","logo":{"@type":"ImageObject","inLanguage":"pt-BR","@id":"https:\/\/deputadotaveirajr.com.br\/#\/schema\/logo\/image\/","url":"https:\/\/deputadotaveirajr.com.br\/wp-content\/uploads\/2026\/01\/logolow2a.png","contentUrl":"https:\/\/deputadotaveirajr.com.br\/wp-content\/uploads\/2026\/01\/logolow2a.png","width":290,"height":80,"caption":"Taveira Jr"},"image":{"@id":"https:\/\/deputadotaveirajr.com.br\/#\/schema\/logo\/image\/"}}]}},"_links":{"self":[{"href":"https:\/\/deputadotaveirajr.com.br\/index.php\/wp-json\/wp\/v2\/pages\/12454","targetHints":{"allow":["GET"]}}],"collection":[{"href":"https:\/\/deputadotaveirajr.com.br\/index.php\/wp-json\/wp\/v2\/pages"}],"about":[{"href":"https:\/\/deputadotaveirajr.com.br\/index.php\/wp-json\/wp\/v2\/types\/page"}],"replies":[{"embeddable":true,"href":"https:\/\/deputadotaveirajr.com.br\/index.php\/wp-json\/wp\/v2\/comments?post=12454"}],"version-history":[{"count":0,"href":"https:\/\/deputadotaveirajr.com.br\/index.php\/wp-json\/wp\/v2\/pages\/12454\/revisions"}],"wp:featuredmedia":[{"embeddable":true,"href":"https:\/\/deputadotaveirajr.com.br\/index.php\/wp-json\/wp\/v2\/media\/12455"}],"wp:attachment":[{"href":"https:\/\/deputadotaveirajr.com.br\/index.php\/wp-json\/wp\/v2\/media?parent=12454"}],"curies":[{"name":"wp","href":"https:\/\/api.w.org\/{rel}","templated":true}]}}