{"id":12456,"date":"2025-02-25T19:33:37","date_gmt":"2025-02-25T22:33:37","guid":{"rendered":"https:\/\/deputadotaveirajr.com.br\/index.php\/confira-a-programacao-do-carnaval-2025-em-natal\/"},"modified":"2025-02-25T19:33:37","modified_gmt":"2025-02-25T22:33:37","slug":"confira-a-programacao-do-carnaval-2025-em-natal","status":"publish","type":"page","link":"https:\/\/deputadotaveirajr.com.br\/index.php\/confira-a-programacao-do-carnaval-2025-em-natal\/","title":{"rendered":"Confira a programa\u00e7\u00e3o do Carnaval 2025 em Natal"},"content":{"rendered":"<p><img decoding=\"async\" src=\"https:\/\/s2-g1.glbimg.com\/uULaGwXy8UDaD3-FJ2DkzWyyB0E=\/i.s3.glbimg.com\/v1\/AUTH_59edd422c0c84a879bd37670ae4f538a\/internal_photos\/bs\/2023\/h\/q\/DFwH2rR4WuVznid20Ikg\/img-4955.jpeg\" \/><br \/>     Prefeitura divulgou nesta ter\u00e7a-feira (25) a programa\u00e7\u00e3o completa por polos. Festa come\u00e7a na quinta-feira (27) e segue at\u00e9 a Quarta-feira de Cinzas (5). Alceu Valen\u00e7a \u00e9 uma das atra\u00e7\u00f5es do Carnaval 2025<br \/>\nErickson Nogueira\/g1<br \/>\nA prefeitura de Natal anunciou nesta ter\u00e7a-feira (25) a programa\u00e7\u00e3o do Carnaval 2025 de Natal com a defini\u00e7\u00e3o dos shows por polos.<br \/>\nA festa come\u00e7a na quinta-feira (27) e segue at\u00e9 a Quarta-feira de Cinzas na capital potiguar.<br \/>\n\ud83d\udcf3Participe do canal do g1 RN no WhatsApp<br \/>\nNo entanto, os hor\u00e1rios completos n\u00e3o foram divulgados pelo Munic\u00edpio, que informou a hora em que cada polo come\u00e7a por dia.<br \/>\nConfira mais abaixo a programa\u00e7\u00e3o:<br \/>\n\ud83d\udcc5 Quinta-feira (27\/02)<br \/>\n\ud83d\udccd Largo do Atheneu (Baile de M\u00e1scaras)<br \/>\n(A partir das 18h)<br \/>\nFrevo do Chico<br \/>\nAfrobeat<br \/>\nGrafith<br \/>\n\ud83d\udcc5 Sexta-feira (28\/02)<br \/>\n \ud83d\udccdEstacionamento do Gin\u00e1sio N\u00e9lio Dias (Zona Norte)<br \/>\n(A partir das 18h30)<br \/>\nBanda Pretta<br \/>\nRa\u00ed<br \/>\nJeff Costa<br \/>\nRicardo Chaves<br \/>\n\ud83d\udccd Pra\u00e7a do Cruzeiro (Redinha &#8211; Zona Norte)<br \/>\n(A partir das 20h)<br \/>\nRaphael Almeida<br \/>\nMolekes em Casa<br \/>\n\ud83d\udccd Pra\u00e7a dos Gringos (Zona Sul)<br \/>\n(A partir das 18h)<br \/>\nCavaleiros do Forr\u00f3<br \/>\nRicardo Chaves<br \/>\nFabinho Miranda<br \/>\nSom e Balan\u00e7o<br \/>\n\ud83d\udccd Largo do Atheneu (Zona Leste)<br \/>\n(A partir das 18h30)<br \/>\nOrquestra de Frevo<br \/>\nDani Cruz<br \/>\n\ud83d\udccdBeco da Lama (Centro Hist\u00f3rico &#8211; Zona Leste)<br \/>\n(A partir das 17h)<br \/>\nPapel Gomes<br \/>\nOrquestra<br \/>\n\ud83d\udcc5 S\u00e1bado (01\/03)<br \/>\n\ud83d\udccd Avenida Tenente Everaldo Borges de Moura (Redinha &#8211; Zona Norte)<br \/>\n(A partir das 14h)<br \/>\nTrio El\u00e9trico com Ricardo Chaves e Capil\u00e9<br \/>\n\ud83d\udccd Gin\u00e1sio N\u00e9lio Dias (Zona Norte)<br \/>\n(Sem hor\u00e1rio informado)<br \/>\nGrafith<br \/>\nPimenta Nativa<br \/>\nGianini Alencar<br \/>\nRamon Rodney<br \/>\n\ud83d\udccd Pra\u00e7a dos Gringos (Zona Sul)<br \/>\n(Sem hor\u00e1rio informado)<br \/>\nPsirico<br \/>\nAlceu Valen\u00e7a<br \/>\nSkarimb\u00f3<br \/>\nRosas na Cartola<br \/>\n\ud83d\udccd Largo do Atheneu (Zona Leste)<br \/>\n(Sem hor\u00e1rio informado)<br \/>\nBanda Dub\u00ea<br \/>\nOrquestra de Frevo<br \/>\n\ud83d\udccd Pra\u00e7a do Cruzeiro (Redinha &#8211; Zona Norte)<br \/>\n(A partir das 20h)<br \/>\n Ramon Rodney<br \/>\n\ud83d\udccd Pra\u00e7a 7 de Setembro:<br \/>\n(A partir das 16h)<br \/>\nDJ Nigga Boy, Kung Fu e Batalha da Coruja<br \/>\nThyore convida Ale Du Black, Xileno e JVNB<br \/>\nAm\u00e9m Ore convida Cafuzo da Baixada<br \/>\nPretta Soul convida Sister Mika Black e Tiquinha Rodrigues<br \/>\nRapadura convida DJ ALF e DuSouto convida Dona Liberdade<br \/>\n\ud83d\udccd Beco da Lama (Centro Hist\u00f3rico &#8211; Zona Leste)<br \/>\n(A partir das 17h)<br \/>\nDom Cardoso e Orquestra de Frevo<br \/>\n\ud83d\udcc5 Domingo (02\/03)<br \/>\n\ud83d\udccd Praia do Meio<br \/>\n(A partir das 10h)<br \/>\nPranch\u00e3o com Litto Lins<br \/>\nSoanata<br \/>\n\ud83d\udccd Gin\u00e1sio N\u00e9lio Dias (Zona Norte)<br \/>\n(A partir das 18h30)<br \/>\nDirrocha<br \/>\nM\u00e1rcia Felipe<br \/>\nGabriel de P\u00e1dua<br \/>\nBanda Vip<br \/>\n\ud83d\udccd Avenida da Alegria (Redinha &#8211; Zona Norte)<br \/>\n14h: Trio El\u00e9trico com Capil\u00e9<br \/>\n16h: Trio El\u00e9trico com Tony Salles<br \/>\n\ud83d\udccd Pra\u00e7a do Cruzeiro (Redinha &#8211; Zona Norte)<br \/>\n(A partir das 17h)<br \/>\nGami Batuque<br \/>\nSamba Real<br \/>\n\ud83d\udccd Nossa Senhora da Apresenta\u00e7\u00e3o (Zona Norte):<br \/>\n(A partir das 16h)<br \/>\nPranch\u00e3o com Circuito Musical<br \/>\nVall Vallin<br \/>\nGuga Playboy<br \/>\n\ud83d\udccd Pra\u00e7a dos Gringos (Zona Sul)<br \/>\n(A partir das 18h30)<br \/>\nTornando Samba<br \/>\nPedro Luccas<br \/>\nZ\u00e9 Vaqueiro<br \/>\nNuzio Medeiros<br \/>\n\ud83d\udccd Largo do Atheneu (Zona Leste)<br \/>\n(Sem hor\u00e1rio informado)<br \/>\nBanda Lavine<br \/>\nOrquestra de Frevo<br \/>\n\ud83d\udccd Pra\u00e7a 7 de Setembro<br \/>\n(A partir das 16h)<br \/>\nDJ Samir<br \/>\nDesfile das Kengas<br \/>\nOrquestra do Pap\u00e3o convida Will, Potyguara Bardo e Orquestra Greiosa<br \/>\nFelipe Cordeiro<br \/>\n\ud83d\udccd Beco da Lama (Centro Hist\u00f3rico &#8211; Zona Leste)<br \/>\nA partir das 17h<br \/>\nOrquestra<br \/>\nCarmem Pradella<br \/>\n\ud83d\udcc5 Segunda-feira (03\/03)<br \/>\n\ud83d\udccd Pra\u00e7a dos Gringos (Zona Sul)<br \/>\n(A partir das 18h30)<br \/>\nLuzinho Nobre<br \/>\nTatau<br \/>\nCia do Pagode<br \/>\nPriscila Freire<br \/>\n\ud83d\udccd Gin\u00e1sio N\u00e9lio Dias (Zona Norte)<br \/>\n(Sem hor\u00e1rio informado)<br \/>\nPagode do Coxa<br \/>\nL\u00e9o Patr\u00edcio<br \/>\nLambasaia<br \/>\nCavaleiros do Forr\u00f3<br \/>\n\ud83d\udccd Pra\u00e7a do Cruzeiro (Redinha &#8211; Zona Norte)<br \/>\n17h: Bira Santos<br \/>\n20h: Magna Fu\u00e1<br \/>\n\ud83d\udccd Avenida da Alegria (Redinha &#8211; Zona Norte)<br \/>\n14h: Trio El\u00e9trico com Capil\u00e9 e Xand Harmonia<br \/>\n\ud83d\udccd Nossa Senhora da Apresenta\u00e7\u00e3o (Zona Norte):<br \/>\n(A partir das 16h)<br \/>\nPranch\u00e3o com Sergynho Pimenta<br \/>\nPegada do Coyote<br \/>\nRafinha<br \/>\n\ud83d\udccd Largo do Atheneu (Zona Leste)<br \/>\n(A partir das 18h30)<br \/>\nFobica do Jubila<br \/>\nOrquestra<br \/>\n\ud83d\udccd Pra\u00e7a 7 de Setembro<br \/>\n(A partir das 18h)<br \/>\nJennify C. convida Caxistranha<br \/>\nDJ Zittur (Concurso de Dan\u00e7as Carnavalescas)<br \/>\nVic Kabulosa convida Elias D\u2019Castro e a Majestade 2025<br \/>\nAle Du Black convida Geisla Blanco<br \/>\nTai Ma House convida Sun Cll\u00e1ire<br \/>\n\ud83d\udccd Beco da Lama (Centro Hist\u00f3rico &#8211; Zona Leste)<br \/>\n(Sem hor\u00e1rio informado)<br \/>\nOrquestra<br \/>\nChama Musical<br \/>\n\ud83d\udcc5 Ter\u00e7a-feira (04\/03)<br \/>\n\ud83d\udccd Praia do Meio<br \/>\n(A partir das 10h)<br \/>\nPranch\u00e3o com Sergynho Pimenta<br \/>\nGasparzinho<br \/>\n\ud83d\udccd Avenida da Alegria (Redinha &#8211; Zona Norte)<br \/>\n(A partir das 14h)<br \/>\nTrio El\u00e9trico com Capil\u00e9<br \/>\nBanda Cheiro<br \/>\n\ud83d\udccd Pra\u00e7a 7 de Setembro<br \/>\n(A partir das 17h)<br \/>\nGalo dos Perturbados<br \/>\nDodora Cardoso<br \/>\nTh\u00e1bata Medeiros<br \/>\nJaina Elne<br \/>\nRamon Rodney<br \/>\n\ud83d\udccd Beco da Lama (Centro Hist\u00f3rico &#8211; Zona Leste)<br \/>\n(A partir das 17h)<br \/>\nOrquestra<br \/>\nKanelinha<br \/>\n\ud83d\udccd Pra\u00e7a dos Gringos (Zona Sul)<br \/>\n(A partir das 18h30)<br \/>\nRibeira Bo\u00eamia<br \/>\nSergynho Pimenta<br \/>\nHenry Freitas<br \/>\nSueldo Soares<br \/>\n\ud83d\udccd Largo do Atheneu (Zona Leste)<br \/>\n18h30: Orquestra de Frevo<br \/>\n20h30: Alan Persa<br \/>\n\ud83d\udccd Gin\u00e1sio N\u00e9lio Dias (Zona Norte)<br \/>\n(A partir das 18h30)<br \/>\nPedro Lyan<br \/>\nRaynel Guedes<br \/>\nAvine Vine<br \/>\n0h30: Henry Freitas<br \/>\n\ud83d\udccd Pra\u00e7a do Cruzeiro (Redinha &#8211; Zona Norte)<br \/>\n20h: Banda Lavine<br \/>\n\ud83d\udcc5 Quarta-feira de Cinzas (05\/03)<br \/>\n\ud83d\udccd Redinha<br \/>\n(A partir das 7h30)<br \/>\nJo\u00e3o Mendon\u00e7a<br \/>\nDebinha Ramos<br \/>\nPagode da Limpeza<br \/>\nGasparzinho<br \/>\nA Pegada<br \/>\n11h30: Bloco Baiac\u00fa na Vara com Tony Farra (Pranch\u00e3o)<br \/>\nV\u00eddeos mais assistidos do g1 RN<\/p>","protected":false},"excerpt":{"rendered":"<p>Prefeitura divulgou nesta ter\u00e7a-feira (25) a programa\u00e7\u00e3o completa por polos. Festa come\u00e7a na quinta-feira (27) e segue at\u00e9 a Quarta-feira de Cinzas (5). Alceu Valen\u00e7a \u00e9 uma das atra\u00e7\u00f5es do &#8230;<\/p>\n","protected":false},"author":0,"featured_media":12457,"parent":0,"menu_order":0,"comment_status":"closed","ping_status":"closed","template":"","meta":{"footnotes":""},"class_list":["post-12456","page","type-page","status-publish","has-post-thumbnail","hentry"],"yoast_head":"<!-- This site is optimized with the Yoast SEO plugin v27.1.1 - https:\/\/yoast.com\/product\/yoast-seo-wordpress\/ -->\n<title>Confira a programa\u00e7\u00e3o do Carnaval 2025 em Natal - Taveira Jr<\/title>\n<meta name=\"robots\" content=\"index, follow, max-snippet:-1, max-image-preview:large, max-video-preview:-1\" \/>\n<link rel=\"canonical\" href=\"https:\/\/deputadotaveirajr.com.br\/index.php\/confira-a-programacao-do-carnaval-2025-em-natal\/\" \/>\n<meta property=\"og:locale\" content=\"pt_BR\" \/>\n<meta property=\"og:type\" content=\"article\" \/>\n<meta property=\"og:title\" content=\"Confira a programa\u00e7\u00e3o do Carnaval 2025 em Natal - Taveira Jr\" \/>\n<meta property=\"og:description\" content=\"Prefeitura divulgou nesta ter\u00e7a-feira (25) a programa\u00e7\u00e3o completa por polos. Festa come\u00e7a na quinta-feira (27) e segue at\u00e9 a Quarta-feira de Cinzas (5). Alceu Valen\u00e7a \u00e9 uma das atra\u00e7\u00f5es do ...\" \/>\n<meta property=\"og:url\" content=\"https:\/\/deputadotaveirajr.com.br\/index.php\/confira-a-programacao-do-carnaval-2025-em-natal\/\" \/>\n<meta property=\"og:site_name\" content=\"Taveira Jr\" \/>\n<meta property=\"og:image\" content=\"https:\/\/s2-g1.glbimg.com\/uULaGwXy8UDaD3-FJ2DkzWyyB0E=\/i.s3.glbimg.com\/v1\/AUTH_59edd422c0c84a879bd37670ae4f538a\/internal_photos\/bs\/2023\/h\/q\/DFwH2rR4WuVznid20Ikg\/img-4955.jpeg\" \/>\n<meta name=\"twitter:card\" content=\"summary_large_image\" \/>\n<meta name=\"twitter:label1\" content=\"Est. tempo de leitura\" \/>\n\t<meta name=\"twitter:data1\" content=\"4 minutos\" \/>\n<script type=\"application\/ld+json\" class=\"yoast-schema-graph\">{\"@context\":\"https:\/\/schema.org\",\"@graph\":[{\"@type\":\"WebPage\",\"@id\":\"https:\/\/deputadotaveirajr.com.br\/index.php\/confira-a-programacao-do-carnaval-2025-em-natal\/\",\"url\":\"https:\/\/deputadotaveirajr.com.br\/index.php\/confira-a-programacao-do-carnaval-2025-em-natal\/\",\"name\":\"Confira a programa\u00e7\u00e3o do Carnaval 2025 em Natal - Taveira Jr\",\"isPartOf\":{\"@id\":\"https:\/\/deputadotaveirajr.com.br\/#website\"},\"primaryImageOfPage\":{\"@id\":\"https:\/\/deputadotaveirajr.com.br\/index.php\/confira-a-programacao-do-carnaval-2025-em-natal\/#primaryimage\"},\"image\":{\"@id\":\"https:\/\/deputadotaveirajr.com.br\/index.php\/confira-a-programacao-do-carnaval-2025-em-natal\/#primaryimage\"},\"thumbnailUrl\":\"https:\/\/deputadotaveirajr.com.br\/wp-content\/uploads\/2025\/02\/img-4955-ROj5yd-scaled.jpeg\",\"datePublished\":\"2025-02-25T22:33:37+00:00\",\"breadcrumb\":{\"@id\":\"https:\/\/deputadotaveirajr.com.br\/index.php\/confira-a-programacao-do-carnaval-2025-em-natal\/#breadcrumb\"},\"inLanguage\":\"pt-BR\",\"potentialAction\":[{\"@type\":\"ReadAction\",\"target\":[\"https:\/\/deputadotaveirajr.com.br\/index.php\/confira-a-programacao-do-carnaval-2025-em-natal\/\"]}]},{\"@type\":\"ImageObject\",\"inLanguage\":\"pt-BR\",\"@id\":\"https:\/\/deputadotaveirajr.com.br\/index.php\/confira-a-programacao-do-carnaval-2025-em-natal\/#primaryimage\",\"url\":\"https:\/\/deputadotaveirajr.com.br\/wp-content\/uploads\/2025\/02\/img-4955-ROj5yd-scaled.jpeg\",\"contentUrl\":\"https:\/\/deputadotaveirajr.com.br\/wp-content\/uploads\/2025\/02\/img-4955-ROj5yd-scaled.jpeg\",\"width\":2560,\"height\":1707},{\"@type\":\"BreadcrumbList\",\"@id\":\"https:\/\/deputadotaveirajr.com.br\/index.php\/confira-a-programacao-do-carnaval-2025-em-natal\/#breadcrumb\",\"itemListElement\":[{\"@type\":\"ListItem\",\"position\":1,\"name\":\"In\u00edcio\",\"item\":\"https:\/\/deputadotaveirajr.com.br\/\"},{\"@type\":\"ListItem\",\"position\":2,\"name\":\"Confira a programa\u00e7\u00e3o do Carnaval 2025 em Natal\"}]},{\"@type\":\"WebSite\",\"@id\":\"https:\/\/deputadotaveirajr.com.br\/#website\",\"url\":\"https:\/\/deputadotaveirajr.com.br\/\",\"name\":\"Taveira Jr\",\"description\":\"Deputado Estadual\",\"publisher\":{\"@id\":\"https:\/\/deputadotaveirajr.com.br\/#organization\"},\"potentialAction\":[{\"@type\":\"SearchAction\",\"target\":{\"@type\":\"EntryPoint\",\"urlTemplate\":\"https:\/\/deputadotaveirajr.com.br\/?s={search_term_string}\"},\"query-input\":{\"@type\":\"PropertyValueSpecification\",\"valueRequired\":true,\"valueName\":\"search_term_string\"}}],\"inLanguage\":\"pt-BR\"},{\"@type\":\"Organization\",\"@id\":\"https:\/\/deputadotaveirajr.com.br\/#organization\",\"name\":\"Taveira Jr\",\"url\":\"https:\/\/deputadotaveirajr.com.br\/\",\"logo\":{\"@type\":\"ImageObject\",\"inLanguage\":\"pt-BR\",\"@id\":\"https:\/\/deputadotaveirajr.com.br\/#\/schema\/logo\/image\/\",\"url\":\"https:\/\/deputadotaveirajr.com.br\/wp-content\/uploads\/2026\/01\/logolow2a.png\",\"contentUrl\":\"https:\/\/deputadotaveirajr.com.br\/wp-content\/uploads\/2026\/01\/logolow2a.png\",\"width\":290,\"height\":80,\"caption\":\"Taveira Jr\"},\"image\":{\"@id\":\"https:\/\/deputadotaveirajr.com.br\/#\/schema\/logo\/image\/\"}}]}<\/script>\n<!-- \/ Yoast SEO plugin. -->","yoast_head_json":{"title":"Confira a programa\u00e7\u00e3o do Carnaval 2025 em Natal - Taveira Jr","robots":{"index":"index","follow":"follow","max-snippet":"max-snippet:-1","max-image-preview":"max-image-preview:large","max-video-preview":"max-video-preview:-1"},"canonical":"https:\/\/deputadotaveirajr.com.br\/index.php\/confira-a-programacao-do-carnaval-2025-em-natal\/","og_locale":"pt_BR","og_type":"article","og_title":"Confira a programa\u00e7\u00e3o do Carnaval 2025 em Natal - Taveira Jr","og_description":"Prefeitura divulgou nesta ter\u00e7a-feira (25) a programa\u00e7\u00e3o completa por polos. Festa come\u00e7a na quinta-feira (27) e segue at\u00e9 a Quarta-feira de Cinzas (5). Alceu Valen\u00e7a \u00e9 uma das atra\u00e7\u00f5es do ...","og_url":"https:\/\/deputadotaveirajr.com.br\/index.php\/confira-a-programacao-do-carnaval-2025-em-natal\/","og_site_name":"Taveira Jr","og_image":[{"url":"https:\/\/s2-g1.glbimg.com\/uULaGwXy8UDaD3-FJ2DkzWyyB0E=\/i.s3.glbimg.com\/v1\/AUTH_59edd422c0c84a879bd37670ae4f538a\/internal_photos\/bs\/2023\/h\/q\/DFwH2rR4WuVznid20Ikg\/img-4955.jpeg","type":"","width":"","height":""}],"twitter_card":"summary_large_image","twitter_misc":{"Est. tempo de leitura":"4 minutos"},"schema":{"@context":"https:\/\/schema.org","@graph":[{"@type":"WebPage","@id":"https:\/\/deputadotaveirajr.com.br\/index.php\/confira-a-programacao-do-carnaval-2025-em-natal\/","url":"https:\/\/deputadotaveirajr.com.br\/index.php\/confira-a-programacao-do-carnaval-2025-em-natal\/","name":"Confira a programa\u00e7\u00e3o do Carnaval 2025 em Natal - Taveira Jr","isPartOf":{"@id":"https:\/\/deputadotaveirajr.com.br\/#website"},"primaryImageOfPage":{"@id":"https:\/\/deputadotaveirajr.com.br\/index.php\/confira-a-programacao-do-carnaval-2025-em-natal\/#primaryimage"},"image":{"@id":"https:\/\/deputadotaveirajr.com.br\/index.php\/confira-a-programacao-do-carnaval-2025-em-natal\/#primaryimage"},"thumbnailUrl":"https:\/\/deputadotaveirajr.com.br\/wp-content\/uploads\/2025\/02\/img-4955-ROj5yd-scaled.jpeg","datePublished":"2025-02-25T22:33:37+00:00","breadcrumb":{"@id":"https:\/\/deputadotaveirajr.com.br\/index.php\/confira-a-programacao-do-carnaval-2025-em-natal\/#breadcrumb"},"inLanguage":"pt-BR","potentialAction":[{"@type":"ReadAction","target":["https:\/\/deputadotaveirajr.com.br\/index.php\/confira-a-programacao-do-carnaval-2025-em-natal\/"]}]},{"@type":"ImageObject","inLanguage":"pt-BR","@id":"https:\/\/deputadotaveirajr.com.br\/index.php\/confira-a-programacao-do-carnaval-2025-em-natal\/#primaryimage","url":"https:\/\/deputadotaveirajr.com.br\/wp-content\/uploads\/2025\/02\/img-4955-ROj5yd-scaled.jpeg","contentUrl":"https:\/\/deputadotaveirajr.com.br\/wp-content\/uploads\/2025\/02\/img-4955-ROj5yd-scaled.jpeg","width":2560,"height":1707},{"@type":"BreadcrumbList","@id":"https:\/\/deputadotaveirajr.com.br\/index.php\/confira-a-programacao-do-carnaval-2025-em-natal\/#breadcrumb","itemListElement":[{"@type":"ListItem","position":1,"name":"In\u00edcio","item":"https:\/\/deputadotaveirajr.com.br\/"},{"@type":"ListItem","position":2,"name":"Confira a programa\u00e7\u00e3o do Carnaval 2025 em Natal"}]},{"@type":"WebSite","@id":"https:\/\/deputadotaveirajr.com.br\/#website","url":"https:\/\/deputadotaveirajr.com.br\/","name":"Taveira Jr","description":"Deputado Estadual","publisher":{"@id":"https:\/\/deputadotaveirajr.com.br\/#organization"},"potentialAction":[{"@type":"SearchAction","target":{"@type":"EntryPoint","urlTemplate":"https:\/\/deputadotaveirajr.com.br\/?s={search_term_string}"},"query-input":{"@type":"PropertyValueSpecification","valueRequired":true,"valueName":"search_term_string"}}],"inLanguage":"pt-BR"},{"@type":"Organization","@id":"https:\/\/deputadotaveirajr.com.br\/#organization","name":"Taveira Jr","url":"https:\/\/deputadotaveirajr.com.br\/","logo":{"@type":"ImageObject","inLanguage":"pt-BR","@id":"https:\/\/deputadotaveirajr.com.br\/#\/schema\/logo\/image\/","url":"https:\/\/deputadotaveirajr.com.br\/wp-content\/uploads\/2026\/01\/logolow2a.png","contentUrl":"https:\/\/deputadotaveirajr.com.br\/wp-content\/uploads\/2026\/01\/logolow2a.png","width":290,"height":80,"caption":"Taveira Jr"},"image":{"@id":"https:\/\/deputadotaveirajr.com.br\/#\/schema\/logo\/image\/"}}]}},"_links":{"self":[{"href":"https:\/\/deputadotaveirajr.com.br\/index.php\/wp-json\/wp\/v2\/pages\/12456","targetHints":{"allow":["GET"]}}],"collection":[{"href":"https:\/\/deputadotaveirajr.com.br\/index.php\/wp-json\/wp\/v2\/pages"}],"about":[{"href":"https:\/\/deputadotaveirajr.com.br\/index.php\/wp-json\/wp\/v2\/types\/page"}],"replies":[{"embeddable":true,"href":"https:\/\/deputadotaveirajr.com.br\/index.php\/wp-json\/wp\/v2\/comments?post=12456"}],"version-history":[{"count":0,"href":"https:\/\/deputadotaveirajr.com.br\/index.php\/wp-json\/wp\/v2\/pages\/12456\/revisions"}],"wp:featuredmedia":[{"embeddable":true,"href":"https:\/\/deputadotaveirajr.com.br\/index.php\/wp-json\/wp\/v2\/media\/12457"}],"wp:attachment":[{"href":"https:\/\/deputadotaveirajr.com.br\/index.php\/wp-json\/wp\/v2\/media?parent=12456"}],"curies":[{"name":"wp","href":"https:\/\/api.w.org\/{rel}","templated":true}]}}