{"id":12458,"date":"2025-02-26T13:29:48","date_gmt":"2025-02-26T16:29:48","guid":{"rendered":"https:\/\/deputadotaveirajr.com.br\/index.php\/detran-rn-alerta-para-tentativas-de-golpes-envolvendo-o-agendamento-de-servicos\/"},"modified":"2025-02-26T13:29:48","modified_gmt":"2025-02-26T16:29:48","slug":"detran-rn-alerta-para-tentativas-de-golpes-envolvendo-o-agendamento-de-servicos","status":"publish","type":"page","link":"https:\/\/deputadotaveirajr.com.br\/index.php\/detran-rn-alerta-para-tentativas-de-golpes-envolvendo-o-agendamento-de-servicos\/","title":{"rendered":"Detran-RN alerta para tentativas de golpes envolvendo o agendamento de servi\u00e7os"},"content":{"rendered":"<p><img decoding=\"async\" src=\"https:\/\/s2-g1.glbimg.com\/ql8pWrLUAFjb_Gs1tZXu5lyb0AE=\/i.s3.glbimg.com\/v1\/AUTH_59edd422c0c84a879bd37670ae4f538a\/internal_photos\/bs\/2024\/M\/L\/VWHL0IQUi0RSzbpwZ4Gw\/detranrn.jpeg\" \/><br \/>     De acordo com o \u00f3rg\u00e3o, h\u00e1 relatos de cidad\u00e3os que receberam mensagens via e-mail ou WhatsApp cobrando um pagamento via PIX para confirmar agendamentos. Fachada do Detran-RN em Natal<br \/>\nS\u00e9rgio Henrique Santos\/Inter TV Cabugi<br \/>\nO Departamento Estadual de Tr\u00e2nsito do Rio Grande do Norte (Detran\/RN) emitiu um alerta \u00e0 popula\u00e7\u00e3o em rela\u00e7\u00e3o a um golpe envolvendo o agendamento de servi\u00e7os.<br \/>\nDe acordo com o \u00f3rg\u00e3o, h\u00e1 relatos de cidad\u00e3os que receberam mensagens via e-mail ou WhatsApp cobrando um pagamento via PIX para confirmar o agendamento de servi\u00e7os.<br \/>\n\ud83d\udcf3Participe do canal do g1 RN no WhatsApp<br \/>\n&#8220;O Detran-RN n\u00e3o comunica-se  por meio de whatsapp ou email fazendo cobran\u00e7as via PIX e todo e qualquer tipo de pagamento \u00e9 realizado unicamente por meio do nosso portal de servi\u00e7os&#8221;, explicou o chefe de gabinete do Detran-RN, Osmar Filho.<br \/>\nO Detran refor\u00e7a ainda que o agendamento de servi\u00e7os \u00e9 gratuito e deve ser realizado atrav\u00e9s da internet. A gest\u00e3o do \u00f3rg\u00e3o informou que est\u00e1 agindo em conjunto com a delegacia especializada sobre o ocorrido.<br \/>\nV\u00cdDEOS: Mais assistidos no RN nos \u00faltimos 7 dias<\/p>","protected":false},"excerpt":{"rendered":"<p>De acordo com o \u00f3rg\u00e3o, h\u00e1 relatos de cidad\u00e3os que receberam mensagens via e-mail ou WhatsApp cobrando um pagamento via PIX para confirmar agendamentos. Fachada do Detran-RN em Natal S\u00e9rgio &#8230;<\/p>\n","protected":false},"author":0,"featured_media":12459,"parent":0,"menu_order":0,"comment_status":"closed","ping_status":"closed","template":"","meta":{"footnotes":""},"class_list":["post-12458","page","type-page","status-publish","has-post-thumbnail","hentry"],"yoast_head":"<!-- This site is optimized with the Yoast SEO plugin v27.1.1 - https:\/\/yoast.com\/product\/yoast-seo-wordpress\/ -->\n<title>Detran-RN alerta para tentativas de golpes envolvendo o agendamento de servi\u00e7os - Taveira Jr<\/title>\n<meta name=\"robots\" content=\"index, follow, max-snippet:-1, max-image-preview:large, max-video-preview:-1\" \/>\n<link rel=\"canonical\" href=\"https:\/\/deputadotaveirajr.com.br\/index.php\/detran-rn-alerta-para-tentativas-de-golpes-envolvendo-o-agendamento-de-servicos\/\" \/>\n<meta property=\"og:locale\" content=\"pt_BR\" \/>\n<meta property=\"og:type\" content=\"article\" \/>\n<meta property=\"og:title\" content=\"Detran-RN alerta para tentativas de golpes envolvendo o agendamento de servi\u00e7os - Taveira Jr\" \/>\n<meta property=\"og:description\" content=\"De acordo com o \u00f3rg\u00e3o, h\u00e1 relatos de cidad\u00e3os que receberam mensagens via e-mail ou WhatsApp cobrando um pagamento via PIX para confirmar agendamentos. Fachada do Detran-RN em Natal S\u00e9rgio ...\" \/>\n<meta property=\"og:url\" content=\"https:\/\/deputadotaveirajr.com.br\/index.php\/detran-rn-alerta-para-tentativas-de-golpes-envolvendo-o-agendamento-de-servicos\/\" \/>\n<meta property=\"og:site_name\" content=\"Taveira Jr\" \/>\n<meta property=\"og:image\" content=\"https:\/\/s2-g1.glbimg.com\/ql8pWrLUAFjb_Gs1tZXu5lyb0AE=\/i.s3.glbimg.com\/v1\/AUTH_59edd422c0c84a879bd37670ae4f538a\/internal_photos\/bs\/2024\/M\/L\/VWHL0IQUi0RSzbpwZ4Gw\/detranrn.jpeg\" \/>\n<meta name=\"twitter:card\" content=\"summary_large_image\" \/>\n<meta name=\"twitter:label1\" content=\"Est. tempo de leitura\" \/>\n\t<meta name=\"twitter:data1\" content=\"1 minuto\" \/>\n<script type=\"application\/ld+json\" class=\"yoast-schema-graph\">{\"@context\":\"https:\/\/schema.org\",\"@graph\":[{\"@type\":\"WebPage\",\"@id\":\"https:\/\/deputadotaveirajr.com.br\/index.php\/detran-rn-alerta-para-tentativas-de-golpes-envolvendo-o-agendamento-de-servicos\/\",\"url\":\"https:\/\/deputadotaveirajr.com.br\/index.php\/detran-rn-alerta-para-tentativas-de-golpes-envolvendo-o-agendamento-de-servicos\/\",\"name\":\"Detran-RN alerta para tentativas de golpes envolvendo o agendamento de servi\u00e7os - Taveira Jr\",\"isPartOf\":{\"@id\":\"https:\/\/deputadotaveirajr.com.br\/#website\"},\"primaryImageOfPage\":{\"@id\":\"https:\/\/deputadotaveirajr.com.br\/index.php\/detran-rn-alerta-para-tentativas-de-golpes-envolvendo-o-agendamento-de-servicos\/#primaryimage\"},\"image\":{\"@id\":\"https:\/\/deputadotaveirajr.com.br\/index.php\/detran-rn-alerta-para-tentativas-de-golpes-envolvendo-o-agendamento-de-servicos\/#primaryimage\"},\"thumbnailUrl\":\"https:\/\/deputadotaveirajr.com.br\/wp-content\/uploads\/2025\/02\/detranrn-xUNwr7-scaled.jpeg\",\"datePublished\":\"2025-02-26T16:29:48+00:00\",\"breadcrumb\":{\"@id\":\"https:\/\/deputadotaveirajr.com.br\/index.php\/detran-rn-alerta-para-tentativas-de-golpes-envolvendo-o-agendamento-de-servicos\/#breadcrumb\"},\"inLanguage\":\"pt-BR\",\"potentialAction\":[{\"@type\":\"ReadAction\",\"target\":[\"https:\/\/deputadotaveirajr.com.br\/index.php\/detran-rn-alerta-para-tentativas-de-golpes-envolvendo-o-agendamento-de-servicos\/\"]}]},{\"@type\":\"ImageObject\",\"inLanguage\":\"pt-BR\",\"@id\":\"https:\/\/deputadotaveirajr.com.br\/index.php\/detran-rn-alerta-para-tentativas-de-golpes-envolvendo-o-agendamento-de-servicos\/#primaryimage\",\"url\":\"https:\/\/deputadotaveirajr.com.br\/wp-content\/uploads\/2025\/02\/detranrn-xUNwr7-scaled.jpeg\",\"contentUrl\":\"https:\/\/deputadotaveirajr.com.br\/wp-content\/uploads\/2025\/02\/detranrn-xUNwr7-scaled.jpeg\",\"width\":2560,\"height\":1920},{\"@type\":\"BreadcrumbList\",\"@id\":\"https:\/\/deputadotaveirajr.com.br\/index.php\/detran-rn-alerta-para-tentativas-de-golpes-envolvendo-o-agendamento-de-servicos\/#breadcrumb\",\"itemListElement\":[{\"@type\":\"ListItem\",\"position\":1,\"name\":\"In\u00edcio\",\"item\":\"https:\/\/deputadotaveirajr.com.br\/\"},{\"@type\":\"ListItem\",\"position\":2,\"name\":\"Detran-RN alerta para tentativas de golpes envolvendo o agendamento de servi\u00e7os\"}]},{\"@type\":\"WebSite\",\"@id\":\"https:\/\/deputadotaveirajr.com.br\/#website\",\"url\":\"https:\/\/deputadotaveirajr.com.br\/\",\"name\":\"Taveira Jr\",\"description\":\"Deputado Estadual\",\"publisher\":{\"@id\":\"https:\/\/deputadotaveirajr.com.br\/#organization\"},\"potentialAction\":[{\"@type\":\"SearchAction\",\"target\":{\"@type\":\"EntryPoint\",\"urlTemplate\":\"https:\/\/deputadotaveirajr.com.br\/?s={search_term_string}\"},\"query-input\":{\"@type\":\"PropertyValueSpecification\",\"valueRequired\":true,\"valueName\":\"search_term_string\"}}],\"inLanguage\":\"pt-BR\"},{\"@type\":\"Organization\",\"@id\":\"https:\/\/deputadotaveirajr.com.br\/#organization\",\"name\":\"Taveira Jr\",\"url\":\"https:\/\/deputadotaveirajr.com.br\/\",\"logo\":{\"@type\":\"ImageObject\",\"inLanguage\":\"pt-BR\",\"@id\":\"https:\/\/deputadotaveirajr.com.br\/#\/schema\/logo\/image\/\",\"url\":\"https:\/\/deputadotaveirajr.com.br\/wp-content\/uploads\/2026\/01\/logolow2a.png\",\"contentUrl\":\"https:\/\/deputadotaveirajr.com.br\/wp-content\/uploads\/2026\/01\/logolow2a.png\",\"width\":290,\"height\":80,\"caption\":\"Taveira Jr\"},\"image\":{\"@id\":\"https:\/\/deputadotaveirajr.com.br\/#\/schema\/logo\/image\/\"}}]}<\/script>\n<!-- \/ Yoast SEO plugin. -->","yoast_head_json":{"title":"Detran-RN alerta para tentativas de golpes envolvendo o agendamento de servi\u00e7os - Taveira Jr","robots":{"index":"index","follow":"follow","max-snippet":"max-snippet:-1","max-image-preview":"max-image-preview:large","max-video-preview":"max-video-preview:-1"},"canonical":"https:\/\/deputadotaveirajr.com.br\/index.php\/detran-rn-alerta-para-tentativas-de-golpes-envolvendo-o-agendamento-de-servicos\/","og_locale":"pt_BR","og_type":"article","og_title":"Detran-RN alerta para tentativas de golpes envolvendo o agendamento de servi\u00e7os - Taveira Jr","og_description":"De acordo com o \u00f3rg\u00e3o, h\u00e1 relatos de cidad\u00e3os que receberam mensagens via e-mail ou WhatsApp cobrando um pagamento via PIX para confirmar agendamentos. Fachada do Detran-RN em Natal S\u00e9rgio ...","og_url":"https:\/\/deputadotaveirajr.com.br\/index.php\/detran-rn-alerta-para-tentativas-de-golpes-envolvendo-o-agendamento-de-servicos\/","og_site_name":"Taveira Jr","og_image":[{"url":"https:\/\/s2-g1.glbimg.com\/ql8pWrLUAFjb_Gs1tZXu5lyb0AE=\/i.s3.glbimg.com\/v1\/AUTH_59edd422c0c84a879bd37670ae4f538a\/internal_photos\/bs\/2024\/M\/L\/VWHL0IQUi0RSzbpwZ4Gw\/detranrn.jpeg","type":"","width":"","height":""}],"twitter_card":"summary_large_image","twitter_misc":{"Est. tempo de leitura":"1 minuto"},"schema":{"@context":"https:\/\/schema.org","@graph":[{"@type":"WebPage","@id":"https:\/\/deputadotaveirajr.com.br\/index.php\/detran-rn-alerta-para-tentativas-de-golpes-envolvendo-o-agendamento-de-servicos\/","url":"https:\/\/deputadotaveirajr.com.br\/index.php\/detran-rn-alerta-para-tentativas-de-golpes-envolvendo-o-agendamento-de-servicos\/","name":"Detran-RN alerta para tentativas de golpes envolvendo o agendamento de servi\u00e7os - Taveira Jr","isPartOf":{"@id":"https:\/\/deputadotaveirajr.com.br\/#website"},"primaryImageOfPage":{"@id":"https:\/\/deputadotaveirajr.com.br\/index.php\/detran-rn-alerta-para-tentativas-de-golpes-envolvendo-o-agendamento-de-servicos\/#primaryimage"},"image":{"@id":"https:\/\/deputadotaveirajr.com.br\/index.php\/detran-rn-alerta-para-tentativas-de-golpes-envolvendo-o-agendamento-de-servicos\/#primaryimage"},"thumbnailUrl":"https:\/\/deputadotaveirajr.com.br\/wp-content\/uploads\/2025\/02\/detranrn-xUNwr7-scaled.jpeg","datePublished":"2025-02-26T16:29:48+00:00","breadcrumb":{"@id":"https:\/\/deputadotaveirajr.com.br\/index.php\/detran-rn-alerta-para-tentativas-de-golpes-envolvendo-o-agendamento-de-servicos\/#breadcrumb"},"inLanguage":"pt-BR","potentialAction":[{"@type":"ReadAction","target":["https:\/\/deputadotaveirajr.com.br\/index.php\/detran-rn-alerta-para-tentativas-de-golpes-envolvendo-o-agendamento-de-servicos\/"]}]},{"@type":"ImageObject","inLanguage":"pt-BR","@id":"https:\/\/deputadotaveirajr.com.br\/index.php\/detran-rn-alerta-para-tentativas-de-golpes-envolvendo-o-agendamento-de-servicos\/#primaryimage","url":"https:\/\/deputadotaveirajr.com.br\/wp-content\/uploads\/2025\/02\/detranrn-xUNwr7-scaled.jpeg","contentUrl":"https:\/\/deputadotaveirajr.com.br\/wp-content\/uploads\/2025\/02\/detranrn-xUNwr7-scaled.jpeg","width":2560,"height":1920},{"@type":"BreadcrumbList","@id":"https:\/\/deputadotaveirajr.com.br\/index.php\/detran-rn-alerta-para-tentativas-de-golpes-envolvendo-o-agendamento-de-servicos\/#breadcrumb","itemListElement":[{"@type":"ListItem","position":1,"name":"In\u00edcio","item":"https:\/\/deputadotaveirajr.com.br\/"},{"@type":"ListItem","position":2,"name":"Detran-RN alerta para tentativas de golpes envolvendo o agendamento de servi\u00e7os"}]},{"@type":"WebSite","@id":"https:\/\/deputadotaveirajr.com.br\/#website","url":"https:\/\/deputadotaveirajr.com.br\/","name":"Taveira Jr","description":"Deputado Estadual","publisher":{"@id":"https:\/\/deputadotaveirajr.com.br\/#organization"},"potentialAction":[{"@type":"SearchAction","target":{"@type":"EntryPoint","urlTemplate":"https:\/\/deputadotaveirajr.com.br\/?s={search_term_string}"},"query-input":{"@type":"PropertyValueSpecification","valueRequired":true,"valueName":"search_term_string"}}],"inLanguage":"pt-BR"},{"@type":"Organization","@id":"https:\/\/deputadotaveirajr.com.br\/#organization","name":"Taveira Jr","url":"https:\/\/deputadotaveirajr.com.br\/","logo":{"@type":"ImageObject","inLanguage":"pt-BR","@id":"https:\/\/deputadotaveirajr.com.br\/#\/schema\/logo\/image\/","url":"https:\/\/deputadotaveirajr.com.br\/wp-content\/uploads\/2026\/01\/logolow2a.png","contentUrl":"https:\/\/deputadotaveirajr.com.br\/wp-content\/uploads\/2026\/01\/logolow2a.png","width":290,"height":80,"caption":"Taveira Jr"},"image":{"@id":"https:\/\/deputadotaveirajr.com.br\/#\/schema\/logo\/image\/"}}]}},"_links":{"self":[{"href":"https:\/\/deputadotaveirajr.com.br\/index.php\/wp-json\/wp\/v2\/pages\/12458","targetHints":{"allow":["GET"]}}],"collection":[{"href":"https:\/\/deputadotaveirajr.com.br\/index.php\/wp-json\/wp\/v2\/pages"}],"about":[{"href":"https:\/\/deputadotaveirajr.com.br\/index.php\/wp-json\/wp\/v2\/types\/page"}],"replies":[{"embeddable":true,"href":"https:\/\/deputadotaveirajr.com.br\/index.php\/wp-json\/wp\/v2\/comments?post=12458"}],"version-history":[{"count":0,"href":"https:\/\/deputadotaveirajr.com.br\/index.php\/wp-json\/wp\/v2\/pages\/12458\/revisions"}],"wp:featuredmedia":[{"embeddable":true,"href":"https:\/\/deputadotaveirajr.com.br\/index.php\/wp-json\/wp\/v2\/media\/12459"}],"wp:attachment":[{"href":"https:\/\/deputadotaveirajr.com.br\/index.php\/wp-json\/wp\/v2\/media?parent=12458"}],"curies":[{"name":"wp","href":"https:\/\/api.w.org\/{rel}","templated":true}]}}