{"id":12464,"date":"2025-02-26T15:01:46","date_gmt":"2025-02-26T18:01:46","guid":{"rendered":"https:\/\/deputadotaveirajr.com.br\/index.php\/video-casal-assalta-salao-de-beleza-rouba-perucas-e-esquece-arma-durante-fuga-em-natal\/"},"modified":"2025-02-26T15:01:46","modified_gmt":"2025-02-26T18:01:46","slug":"video-casal-assalta-salao-de-beleza-rouba-perucas-e-esquece-arma-durante-fuga-em-natal","status":"publish","type":"page","link":"https:\/\/deputadotaveirajr.com.br\/index.php\/video-casal-assalta-salao-de-beleza-rouba-perucas-e-esquece-arma-durante-fuga-em-natal\/","title":{"rendered":"V\u00cdDEO: Casal assalta sal\u00e3o de beleza, rouba perucas e esquece arma durante fuga em Natal"},"content":{"rendered":"<p><img decoding=\"async\" src=\"https:\/\/s2-g1.glbimg.com\/NUM6aDj0DwlkeXFfVwsSlvUPt-M=\/i.s3.glbimg.com\/v1\/AUTH_59edd422c0c84a879bd37670ae4f538a\/internal_photos\/bs\/2025\/A\/L\/rYLBLLT5WHUVoplhmvKQ\/perucas.jpg\" \/><br \/>     Crime aconteceu no fim da manh\u00e3 de ter\u00e7a-feira (25) no bairro Cidade da Esperan\u00e7a, na Zona Oeste de Natal. Mulher chegou a se apresentar e dizer onde morava no balc\u00e3o. Dupla assalta loja de peruca em Cidade da Esperan\u00e7a, em Natal (RN), e esquece arma<br \/>\nUm homem e uma mulher assaltaram na manh\u00e3 desta ter\u00e7a-feira (25) um sal\u00e3o especializado em apliques, mega hair e perucas no bairro Cidade da Esperan\u00e7a, na Zona Oeste de Natal.  Os criminosos fizeram um arrast\u00e3o, levaram produtos das prateleiras e, na fuga, esqueceram a arma na loja.<br \/>\nC\u00e2meras de seguran\u00e7a do estabelecimento registraram o momento do crime (veja v\u00eddeo).<br \/>\n\ud83d\udcf3Participe do canal do g1 RN no WhatsApp<br \/>\nO crime aconteceu por volta das 12h na Rua Cajazeiras. Logo ap\u00f3s entrar na loja com o homem, a mulher se apresentou no balc\u00e3o, chegou a dizer o nome dela e onde morava e em seguida anunciou o assalto.<br \/>\nEla e o outro criminoso fizeram um arrast\u00e3o, levando o celular das cinco pessoas que estavam na loja: duas funcion\u00e1rias, duas clientes e um acompanhante de uma delas.<br \/>\nNa abordagem, como forma de intimidar, a assaltante disse que tinha outros criminosos do lado de fora e que sabia o nome e onde cada funcion\u00e1rio morava.<br \/>\nLEIA TAMB\u00c9M<br \/>\nV\u00cdDEO: Motorista por aplicativo \u00e9 flagrado e preso com 1,2 kg de coca\u00edna pura na Grande Natal<br \/>\nEm seguida, os assaltantes prenderam as v\u00edtimas dentro de um banheiro e seguiram para concluir o crime, roubando o estoque de apliques e perucas da loja. A loja n\u00e3o estimou o preju\u00edzo financeiro.<br \/>\nPara recolher os produtos roubados, os assaltantes usaram uma sacola preta. Foi neste momento em que a criminosa colocou a arma usada no crime no ch\u00e3o do estabelecimento e a esqueceu.<br \/>\nA Pol\u00edcia Militar foi acionada, mas os criminosos n\u00e3o haviam sido encontrados at\u00e9 a manh\u00e3 desta quarta (26). Um boletim de ocorr\u00eancia foi registrado, e o caso passa a ser investigado pela Pol\u00edcia Civil.<br \/>\nMulher e comparsa roubaram estoque de apliques e perucas de sal\u00e3o de beleza<br \/>\nReprodu\u00e7\u00e3o<br \/>\nArma foi esquecida no ch\u00e3o da loja durante a\u00e7\u00e3o<br \/>\nReprodu\u00e7\u00e3o\/Inter TV Cabugi<br \/>\nV\u00eddeos mais assistidos do g1 RN<\/p>","protected":false},"excerpt":{"rendered":"<p>Crime aconteceu no fim da manh\u00e3 de ter\u00e7a-feira (25) no bairro Cidade da Esperan\u00e7a, na Zona Oeste de Natal. Mulher chegou a se apresentar e dizer onde morava no balc\u00e3o. &#8230;<\/p>\n","protected":false},"author":0,"featured_media":12465,"parent":0,"menu_order":0,"comment_status":"closed","ping_status":"closed","template":"","meta":{"footnotes":""},"class_list":["post-12464","page","type-page","status-publish","has-post-thumbnail","hentry"],"yoast_head":"<!-- This site is optimized with the Yoast SEO plugin v27.1.1 - https:\/\/yoast.com\/product\/yoast-seo-wordpress\/ -->\n<title>V\u00cdDEO: Casal assalta sal\u00e3o de beleza, rouba perucas e esquece arma durante fuga em Natal - Taveira Jr<\/title>\n<meta name=\"robots\" content=\"index, follow, max-snippet:-1, max-image-preview:large, max-video-preview:-1\" \/>\n<link rel=\"canonical\" href=\"https:\/\/deputadotaveirajr.com.br\/index.php\/video-casal-assalta-salao-de-beleza-rouba-perucas-e-esquece-arma-durante-fuga-em-natal\/\" \/>\n<meta property=\"og:locale\" content=\"pt_BR\" \/>\n<meta property=\"og:type\" content=\"article\" \/>\n<meta property=\"og:title\" content=\"V\u00cdDEO: Casal assalta sal\u00e3o de beleza, rouba perucas e esquece arma durante fuga em Natal - Taveira Jr\" \/>\n<meta property=\"og:description\" content=\"Crime aconteceu no fim da manh\u00e3 de ter\u00e7a-feira (25) no bairro Cidade da Esperan\u00e7a, na Zona Oeste de Natal. Mulher chegou a se apresentar e dizer onde morava no balc\u00e3o. ...\" \/>\n<meta property=\"og:url\" content=\"https:\/\/deputadotaveirajr.com.br\/index.php\/video-casal-assalta-salao-de-beleza-rouba-perucas-e-esquece-arma-durante-fuga-em-natal\/\" \/>\n<meta property=\"og:site_name\" content=\"Taveira Jr\" \/>\n<meta property=\"og:image\" content=\"https:\/\/s2-g1.glbimg.com\/NUM6aDj0DwlkeXFfVwsSlvUPt-M=\/i.s3.glbimg.com\/v1\/AUTH_59edd422c0c84a879bd37670ae4f538a\/internal_photos\/bs\/2025\/A\/L\/rYLBLLT5WHUVoplhmvKQ\/perucas.jpg\" \/>\n<meta name=\"twitter:card\" content=\"summary_large_image\" \/>\n<meta name=\"twitter:label1\" content=\"Est. tempo de leitura\" \/>\n\t<meta name=\"twitter:data1\" content=\"2 minutos\" \/>\n<script type=\"application\/ld+json\" class=\"yoast-schema-graph\">{\"@context\":\"https:\/\/schema.org\",\"@graph\":[{\"@type\":\"WebPage\",\"@id\":\"https:\/\/deputadotaveirajr.com.br\/index.php\/video-casal-assalta-salao-de-beleza-rouba-perucas-e-esquece-arma-durante-fuga-em-natal\/\",\"url\":\"https:\/\/deputadotaveirajr.com.br\/index.php\/video-casal-assalta-salao-de-beleza-rouba-perucas-e-esquece-arma-durante-fuga-em-natal\/\",\"name\":\"V\u00cdDEO: Casal assalta sal\u00e3o de beleza, rouba perucas e esquece arma durante fuga em Natal - Taveira Jr\",\"isPartOf\":{\"@id\":\"https:\/\/deputadotaveirajr.com.br\/#website\"},\"primaryImageOfPage\":{\"@id\":\"https:\/\/deputadotaveirajr.com.br\/index.php\/video-casal-assalta-salao-de-beleza-rouba-perucas-e-esquece-arma-durante-fuga-em-natal\/#primaryimage\"},\"image\":{\"@id\":\"https:\/\/deputadotaveirajr.com.br\/index.php\/video-casal-assalta-salao-de-beleza-rouba-perucas-e-esquece-arma-durante-fuga-em-natal\/#primaryimage\"},\"thumbnailUrl\":\"https:\/\/deputadotaveirajr.com.br\/wp-content\/uploads\/2025\/02\/perucas-CGwwhr.jpeg\",\"datePublished\":\"2025-02-26T18:01:46+00:00\",\"breadcrumb\":{\"@id\":\"https:\/\/deputadotaveirajr.com.br\/index.php\/video-casal-assalta-salao-de-beleza-rouba-perucas-e-esquece-arma-durante-fuga-em-natal\/#breadcrumb\"},\"inLanguage\":\"pt-BR\",\"potentialAction\":[{\"@type\":\"ReadAction\",\"target\":[\"https:\/\/deputadotaveirajr.com.br\/index.php\/video-casal-assalta-salao-de-beleza-rouba-perucas-e-esquece-arma-durante-fuga-em-natal\/\"]}]},{\"@type\":\"ImageObject\",\"inLanguage\":\"pt-BR\",\"@id\":\"https:\/\/deputadotaveirajr.com.br\/index.php\/video-casal-assalta-salao-de-beleza-rouba-perucas-e-esquece-arma-durante-fuga-em-natal\/#primaryimage\",\"url\":\"https:\/\/deputadotaveirajr.com.br\/wp-content\/uploads\/2025\/02\/perucas-CGwwhr.jpeg\",\"contentUrl\":\"https:\/\/deputadotaveirajr.com.br\/wp-content\/uploads\/2025\/02\/perucas-CGwwhr.jpeg\",\"width\":714,\"height\":776},{\"@type\":\"BreadcrumbList\",\"@id\":\"https:\/\/deputadotaveirajr.com.br\/index.php\/video-casal-assalta-salao-de-beleza-rouba-perucas-e-esquece-arma-durante-fuga-em-natal\/#breadcrumb\",\"itemListElement\":[{\"@type\":\"ListItem\",\"position\":1,\"name\":\"In\u00edcio\",\"item\":\"https:\/\/deputadotaveirajr.com.br\/\"},{\"@type\":\"ListItem\",\"position\":2,\"name\":\"V\u00cdDEO: Casal assalta sal\u00e3o de beleza, rouba perucas e esquece arma durante fuga em Natal\"}]},{\"@type\":\"WebSite\",\"@id\":\"https:\/\/deputadotaveirajr.com.br\/#website\",\"url\":\"https:\/\/deputadotaveirajr.com.br\/\",\"name\":\"Taveira Jr\",\"description\":\"Deputado Estadual\",\"publisher\":{\"@id\":\"https:\/\/deputadotaveirajr.com.br\/#organization\"},\"potentialAction\":[{\"@type\":\"SearchAction\",\"target\":{\"@type\":\"EntryPoint\",\"urlTemplate\":\"https:\/\/deputadotaveirajr.com.br\/?s={search_term_string}\"},\"query-input\":{\"@type\":\"PropertyValueSpecification\",\"valueRequired\":true,\"valueName\":\"search_term_string\"}}],\"inLanguage\":\"pt-BR\"},{\"@type\":\"Organization\",\"@id\":\"https:\/\/deputadotaveirajr.com.br\/#organization\",\"name\":\"Taveira Jr\",\"url\":\"https:\/\/deputadotaveirajr.com.br\/\",\"logo\":{\"@type\":\"ImageObject\",\"inLanguage\":\"pt-BR\",\"@id\":\"https:\/\/deputadotaveirajr.com.br\/#\/schema\/logo\/image\/\",\"url\":\"https:\/\/deputadotaveirajr.com.br\/wp-content\/uploads\/2026\/01\/logolow2a.png\",\"contentUrl\":\"https:\/\/deputadotaveirajr.com.br\/wp-content\/uploads\/2026\/01\/logolow2a.png\",\"width\":290,\"height\":80,\"caption\":\"Taveira Jr\"},\"image\":{\"@id\":\"https:\/\/deputadotaveirajr.com.br\/#\/schema\/logo\/image\/\"}}]}<\/script>\n<!-- \/ Yoast SEO plugin. -->","yoast_head_json":{"title":"V\u00cdDEO: Casal assalta sal\u00e3o de beleza, rouba perucas e esquece arma durante fuga em Natal - Taveira Jr","robots":{"index":"index","follow":"follow","max-snippet":"max-snippet:-1","max-image-preview":"max-image-preview:large","max-video-preview":"max-video-preview:-1"},"canonical":"https:\/\/deputadotaveirajr.com.br\/index.php\/video-casal-assalta-salao-de-beleza-rouba-perucas-e-esquece-arma-durante-fuga-em-natal\/","og_locale":"pt_BR","og_type":"article","og_title":"V\u00cdDEO: Casal assalta sal\u00e3o de beleza, rouba perucas e esquece arma durante fuga em Natal - Taveira Jr","og_description":"Crime aconteceu no fim da manh\u00e3 de ter\u00e7a-feira (25) no bairro Cidade da Esperan\u00e7a, na Zona Oeste de Natal. Mulher chegou a se apresentar e dizer onde morava no balc\u00e3o. ...","og_url":"https:\/\/deputadotaveirajr.com.br\/index.php\/video-casal-assalta-salao-de-beleza-rouba-perucas-e-esquece-arma-durante-fuga-em-natal\/","og_site_name":"Taveira Jr","og_image":[{"url":"https:\/\/s2-g1.glbimg.com\/NUM6aDj0DwlkeXFfVwsSlvUPt-M=\/i.s3.glbimg.com\/v1\/AUTH_59edd422c0c84a879bd37670ae4f538a\/internal_photos\/bs\/2025\/A\/L\/rYLBLLT5WHUVoplhmvKQ\/perucas.jpg","type":"","width":"","height":""}],"twitter_card":"summary_large_image","twitter_misc":{"Est. tempo de leitura":"2 minutos"},"schema":{"@context":"https:\/\/schema.org","@graph":[{"@type":"WebPage","@id":"https:\/\/deputadotaveirajr.com.br\/index.php\/video-casal-assalta-salao-de-beleza-rouba-perucas-e-esquece-arma-durante-fuga-em-natal\/","url":"https:\/\/deputadotaveirajr.com.br\/index.php\/video-casal-assalta-salao-de-beleza-rouba-perucas-e-esquece-arma-durante-fuga-em-natal\/","name":"V\u00cdDEO: Casal assalta sal\u00e3o de beleza, rouba perucas e esquece arma durante fuga em Natal - Taveira Jr","isPartOf":{"@id":"https:\/\/deputadotaveirajr.com.br\/#website"},"primaryImageOfPage":{"@id":"https:\/\/deputadotaveirajr.com.br\/index.php\/video-casal-assalta-salao-de-beleza-rouba-perucas-e-esquece-arma-durante-fuga-em-natal\/#primaryimage"},"image":{"@id":"https:\/\/deputadotaveirajr.com.br\/index.php\/video-casal-assalta-salao-de-beleza-rouba-perucas-e-esquece-arma-durante-fuga-em-natal\/#primaryimage"},"thumbnailUrl":"https:\/\/deputadotaveirajr.com.br\/wp-content\/uploads\/2025\/02\/perucas-CGwwhr.jpeg","datePublished":"2025-02-26T18:01:46+00:00","breadcrumb":{"@id":"https:\/\/deputadotaveirajr.com.br\/index.php\/video-casal-assalta-salao-de-beleza-rouba-perucas-e-esquece-arma-durante-fuga-em-natal\/#breadcrumb"},"inLanguage":"pt-BR","potentialAction":[{"@type":"ReadAction","target":["https:\/\/deputadotaveirajr.com.br\/index.php\/video-casal-assalta-salao-de-beleza-rouba-perucas-e-esquece-arma-durante-fuga-em-natal\/"]}]},{"@type":"ImageObject","inLanguage":"pt-BR","@id":"https:\/\/deputadotaveirajr.com.br\/index.php\/video-casal-assalta-salao-de-beleza-rouba-perucas-e-esquece-arma-durante-fuga-em-natal\/#primaryimage","url":"https:\/\/deputadotaveirajr.com.br\/wp-content\/uploads\/2025\/02\/perucas-CGwwhr.jpeg","contentUrl":"https:\/\/deputadotaveirajr.com.br\/wp-content\/uploads\/2025\/02\/perucas-CGwwhr.jpeg","width":714,"height":776},{"@type":"BreadcrumbList","@id":"https:\/\/deputadotaveirajr.com.br\/index.php\/video-casal-assalta-salao-de-beleza-rouba-perucas-e-esquece-arma-durante-fuga-em-natal\/#breadcrumb","itemListElement":[{"@type":"ListItem","position":1,"name":"In\u00edcio","item":"https:\/\/deputadotaveirajr.com.br\/"},{"@type":"ListItem","position":2,"name":"V\u00cdDEO: Casal assalta sal\u00e3o de beleza, rouba perucas e esquece arma durante fuga em Natal"}]},{"@type":"WebSite","@id":"https:\/\/deputadotaveirajr.com.br\/#website","url":"https:\/\/deputadotaveirajr.com.br\/","name":"Taveira Jr","description":"Deputado Estadual","publisher":{"@id":"https:\/\/deputadotaveirajr.com.br\/#organization"},"potentialAction":[{"@type":"SearchAction","target":{"@type":"EntryPoint","urlTemplate":"https:\/\/deputadotaveirajr.com.br\/?s={search_term_string}"},"query-input":{"@type":"PropertyValueSpecification","valueRequired":true,"valueName":"search_term_string"}}],"inLanguage":"pt-BR"},{"@type":"Organization","@id":"https:\/\/deputadotaveirajr.com.br\/#organization","name":"Taveira Jr","url":"https:\/\/deputadotaveirajr.com.br\/","logo":{"@type":"ImageObject","inLanguage":"pt-BR","@id":"https:\/\/deputadotaveirajr.com.br\/#\/schema\/logo\/image\/","url":"https:\/\/deputadotaveirajr.com.br\/wp-content\/uploads\/2026\/01\/logolow2a.png","contentUrl":"https:\/\/deputadotaveirajr.com.br\/wp-content\/uploads\/2026\/01\/logolow2a.png","width":290,"height":80,"caption":"Taveira Jr"},"image":{"@id":"https:\/\/deputadotaveirajr.com.br\/#\/schema\/logo\/image\/"}}]}},"_links":{"self":[{"href":"https:\/\/deputadotaveirajr.com.br\/index.php\/wp-json\/wp\/v2\/pages\/12464","targetHints":{"allow":["GET"]}}],"collection":[{"href":"https:\/\/deputadotaveirajr.com.br\/index.php\/wp-json\/wp\/v2\/pages"}],"about":[{"href":"https:\/\/deputadotaveirajr.com.br\/index.php\/wp-json\/wp\/v2\/types\/page"}],"replies":[{"embeddable":true,"href":"https:\/\/deputadotaveirajr.com.br\/index.php\/wp-json\/wp\/v2\/comments?post=12464"}],"version-history":[{"count":0,"href":"https:\/\/deputadotaveirajr.com.br\/index.php\/wp-json\/wp\/v2\/pages\/12464\/revisions"}],"wp:featuredmedia":[{"embeddable":true,"href":"https:\/\/deputadotaveirajr.com.br\/index.php\/wp-json\/wp\/v2\/media\/12465"}],"wp:attachment":[{"href":"https:\/\/deputadotaveirajr.com.br\/index.php\/wp-json\/wp\/v2\/media?parent=12464"}],"curies":[{"name":"wp","href":"https:\/\/api.w.org\/{rel}","templated":true}]}}