{"id":12466,"date":"2025-02-26T16:25:03","date_gmt":"2025-02-26T19:25:03","guid":{"rendered":"https:\/\/deputadotaveirajr.com.br\/index.php\/saiba-quais-vias-ficam-interditadas-durante-o-carnaval-2025-em-natal\/"},"modified":"2025-02-26T16:25:03","modified_gmt":"2025-02-26T19:25:03","slug":"saiba-quais-vias-ficam-interditadas-durante-o-carnaval-2025-em-natal","status":"publish","type":"page","link":"https:\/\/deputadotaveirajr.com.br\/index.php\/saiba-quais-vias-ficam-interditadas-durante-o-carnaval-2025-em-natal\/","title":{"rendered":"Saiba quais vias ficam interditadas durante o Carnaval 2025 em Natal"},"content":{"rendered":"<p><img decoding=\"async\" src=\"https:\/\/s2-g1.glbimg.com\/qvDnQ2SOsCwyaDAdGuwWFAY8934=\/i.s3.glbimg.com\/v1\/AUTH_59edd422c0c84a879bd37670ae4f538a\/internal_photos\/bs\/2025\/P\/i\/2T8HTERiKlE4yBgXKcLw\/whatsapp-image-2025-02-26-at-15.41.58.jpeg\" \/><br \/>     Algumas ruas e avenidas da cidade ficam parcialmente ou completamente interditadas entre 27 de fevereiro e 8 de mar\u00e7o. STTU divulgou programa\u00e7\u00e3o de interdi\u00e7\u00f5es. Largo do Atheneu est\u00e1 interditado para realiza\u00e7\u00e3o de shows durante o carnaval<br \/>\nThiago C\u00e9sar\/Inter TV Cabugi<br \/>\nAvenidas e ruas de Natal v\u00e3o ficar bloqueadas ou parcialmente interditadas durante o Carnaval 2025 na capital potiguar para a realiza\u00e7\u00e3o dos shows da programa\u00e7\u00e3o da prefeitura e tamb\u00e9m para a passagem de bloquinhos.<br \/>\nOs trechos ser\u00e3o interditados e fiscalizados por agentes da Secretaria Municipal de Mobilidade Urbana (STTU), que .amb\u00e9m v\u00e3o orientar o tr\u00e2nsito de pessoas e ve\u00edculos.<br \/>\n\ud83d\udcf3Participe do canal do g1 RN no WhatsApp<br \/>\n As opera\u00e7\u00f5es acontecem entre os dias 27 de fevereiro e 8 de mar\u00e7o, nas quatro regi\u00f5es da cidade.<br \/>\nVeja as interdi\u00e7\u00f5es previstas<br \/>\n\ud83d\udccd Rua Everaldo Borges, na Redinha (percurso dos trios)<br \/>\nInterdi\u00e7\u00e3o parcial para passagem dos trios el\u00e9tricos<br \/>\nDatas: 1\u00ba a 4 de mar\u00e7o de 2025<br \/>\nHor\u00e1rio: 14h \u00e0s 18h<br \/>\n\ud83d\udccd Redinha &#8211; Percurso dos blocos de orquestras de frevo e matrizes africanas<br \/>\nA interdi\u00e7\u00e3o ser\u00e1 nas vias por onde os blocos desfilar\u00e3o, com ajustes de acordo com o deslocamento das orquestras, segundo a STTU<br \/>\nDatas: 28 de fevereiro a 5 de mar\u00e7o de 2025<br \/>\n\ud83d\udccdEntorno do Palco N\u00e9lio Dias, em Lagoa Azul<br \/>\nInterdi\u00e7\u00e3o nas imedia\u00e7\u00f5es do palco para garantir a seguran\u00e7a dos foli\u00f5es e o bom andamento das apresenta\u00e7\u00f5es, segundo a STTU.<br \/>\nDatas: 28 de fevereiro a 4 de mar\u00e7o de 2025<br \/>\nHor\u00e1rio: 18h30 \u00e0s 02h<br \/>\n\ud83d\udccd Praia do Meio, na Avenida Caf\u00e9 Filho (pranch\u00e3o)<br \/>\nInterdi\u00e7\u00e3o para a montagem e utiliza\u00e7\u00e3o do Pranch\u00e3o, espa\u00e7o destinado aos foli\u00f5es e shows.<br \/>\nDatas: 2 e 4 de mar\u00e7o de 2025<br \/>\nHor\u00e1rio: 10h \u00e0s 14h<br \/>\n\ud83d\udccd Entorno da Pra\u00e7a Sete de Setembro no Centro Hist\u00f3rico<br \/>\nO centro hist\u00f3rico da cidade ter\u00e1 interdi\u00e7\u00f5es para o melhor controle dos blocos e foli\u00f5es, segundo STTU.<br \/>\nDatas: 1\u00ba a 4 de mar\u00e7o de 2025<br \/>\nHor\u00e1rio: 17h \u00e0s 23h<br \/>\n\ud83d\udccd  Avenida Duque de Caxias, na Ribeira (desfile das escolas de samba)<br \/>\nA interdi\u00e7\u00e3o ser\u00e1 ao longo da Avenida Duque de Caxias, para garantir a seguran\u00e7a do desfile das escolas de samba e dos espectadores.<br \/>\nDatas: 7 e 8 de mar\u00e7o de 2025<br \/>\nHor\u00e1rio: 18h30 \u00e0s 2h<br \/>\n\ud83d\udccd Entorno do Largo do Atheneu, em Petr\u00f3polis<br \/>\nInterdi\u00e7\u00e3o para a realiza\u00e7\u00e3o de blocos e festas no Largo do Atheneu.<br \/>\nDatas: 27 de fevereiro a 4 de mar\u00e7o de 2025<br \/>\n\ud83d\udccd Entorno da Pra\u00e7a dos Gringos, em Ponta Negra<br \/>\nInterdi\u00e7\u00e3o parcial para a realiza\u00e7\u00e3o de eventos e shows na \u00e1rea.<br \/>\nDatas: 28 de fevereiro a 4 de mar\u00e7o de 2025<br \/>\nA STTU recomenda ainda que motoristas e pedestres fiquem atentos aos hor\u00e1rios de interdi\u00e7\u00e3o e busquem vias alternativas durante o per\u00edodo de Carnaval.<br \/>\nTransporte foli\u00e3o<br \/>\nA STTU anunciou ainda o \u201cTransporte Foli\u00e3o\u201d, com linhas que v\u00e3o cobrir os polos carnavalescos da cidade, e com passagem gratuita.<br \/>\nOs detalhes das linhas dispon\u00edveis e do coruj\u00e3o est\u00e3o em uma p\u00e1gina no site da prefeitura de Natal.<br \/>\nV\u00eddeos mais assistidos do g1 RN<\/p>","protected":false},"excerpt":{"rendered":"<p>Algumas ruas e avenidas da cidade ficam parcialmente ou completamente interditadas entre 27 de fevereiro e 8 de mar\u00e7o. STTU divulgou programa\u00e7\u00e3o de interdi\u00e7\u00f5es. Largo do Atheneu est\u00e1 interditado para &#8230;<\/p>\n","protected":false},"author":0,"featured_media":12467,"parent":0,"menu_order":0,"comment_status":"closed","ping_status":"closed","template":"","meta":{"footnotes":""},"class_list":["post-12466","page","type-page","status-publish","has-post-thumbnail","hentry"],"yoast_head":"<!-- This site is optimized with the Yoast SEO plugin v27.1.1 - https:\/\/yoast.com\/product\/yoast-seo-wordpress\/ -->\n<title>Saiba quais vias ficam interditadas durante o Carnaval 2025 em Natal - Taveira Jr<\/title>\n<meta name=\"robots\" content=\"index, follow, max-snippet:-1, max-image-preview:large, max-video-preview:-1\" \/>\n<link rel=\"canonical\" href=\"https:\/\/deputadotaveirajr.com.br\/index.php\/saiba-quais-vias-ficam-interditadas-durante-o-carnaval-2025-em-natal\/\" \/>\n<meta property=\"og:locale\" content=\"pt_BR\" \/>\n<meta property=\"og:type\" content=\"article\" \/>\n<meta property=\"og:title\" content=\"Saiba quais vias ficam interditadas durante o Carnaval 2025 em Natal - Taveira Jr\" \/>\n<meta property=\"og:description\" content=\"Algumas ruas e avenidas da cidade ficam parcialmente ou completamente interditadas entre 27 de fevereiro e 8 de mar\u00e7o. STTU divulgou programa\u00e7\u00e3o de interdi\u00e7\u00f5es. Largo do Atheneu est\u00e1 interditado para ...\" \/>\n<meta property=\"og:url\" content=\"https:\/\/deputadotaveirajr.com.br\/index.php\/saiba-quais-vias-ficam-interditadas-durante-o-carnaval-2025-em-natal\/\" \/>\n<meta property=\"og:site_name\" content=\"Taveira Jr\" \/>\n<meta property=\"og:image\" content=\"https:\/\/s2-g1.glbimg.com\/qvDnQ2SOsCwyaDAdGuwWFAY8934=\/i.s3.glbimg.com\/v1\/AUTH_59edd422c0c84a879bd37670ae4f538a\/internal_photos\/bs\/2025\/P\/i\/2T8HTERiKlE4yBgXKcLw\/whatsapp-image-2025-02-26-at-15.41.58.jpeg\" \/>\n<meta name=\"twitter:card\" content=\"summary_large_image\" \/>\n<meta name=\"twitter:label1\" content=\"Est. tempo de leitura\" \/>\n\t<meta name=\"twitter:data1\" content=\"3 minutos\" \/>\n<script type=\"application\/ld+json\" class=\"yoast-schema-graph\">{\"@context\":\"https:\/\/schema.org\",\"@graph\":[{\"@type\":\"WebPage\",\"@id\":\"https:\/\/deputadotaveirajr.com.br\/index.php\/saiba-quais-vias-ficam-interditadas-durante-o-carnaval-2025-em-natal\/\",\"url\":\"https:\/\/deputadotaveirajr.com.br\/index.php\/saiba-quais-vias-ficam-interditadas-durante-o-carnaval-2025-em-natal\/\",\"name\":\"Saiba quais vias ficam interditadas durante o Carnaval 2025 em Natal - Taveira Jr\",\"isPartOf\":{\"@id\":\"https:\/\/deputadotaveirajr.com.br\/#website\"},\"primaryImageOfPage\":{\"@id\":\"https:\/\/deputadotaveirajr.com.br\/index.php\/saiba-quais-vias-ficam-interditadas-durante-o-carnaval-2025-em-natal\/#primaryimage\"},\"image\":{\"@id\":\"https:\/\/deputadotaveirajr.com.br\/index.php\/saiba-quais-vias-ficam-interditadas-durante-o-carnaval-2025-em-natal\/#primaryimage\"},\"thumbnailUrl\":\"https:\/\/deputadotaveirajr.com.br\/wp-content\/uploads\/2025\/02\/whatsapp-image-2025-02-26-at-15.41.58-eyKMoX.jpeg\",\"datePublished\":\"2025-02-26T19:25:03+00:00\",\"breadcrumb\":{\"@id\":\"https:\/\/deputadotaveirajr.com.br\/index.php\/saiba-quais-vias-ficam-interditadas-durante-o-carnaval-2025-em-natal\/#breadcrumb\"},\"inLanguage\":\"pt-BR\",\"potentialAction\":[{\"@type\":\"ReadAction\",\"target\":[\"https:\/\/deputadotaveirajr.com.br\/index.php\/saiba-quais-vias-ficam-interditadas-durante-o-carnaval-2025-em-natal\/\"]}]},{\"@type\":\"ImageObject\",\"inLanguage\":\"pt-BR\",\"@id\":\"https:\/\/deputadotaveirajr.com.br\/index.php\/saiba-quais-vias-ficam-interditadas-durante-o-carnaval-2025-em-natal\/#primaryimage\",\"url\":\"https:\/\/deputadotaveirajr.com.br\/wp-content\/uploads\/2025\/02\/whatsapp-image-2025-02-26-at-15.41.58-eyKMoX.jpeg\",\"contentUrl\":\"https:\/\/deputadotaveirajr.com.br\/wp-content\/uploads\/2025\/02\/whatsapp-image-2025-02-26-at-15.41.58-eyKMoX.jpeg\",\"width\":1280,\"height\":720},{\"@type\":\"BreadcrumbList\",\"@id\":\"https:\/\/deputadotaveirajr.com.br\/index.php\/saiba-quais-vias-ficam-interditadas-durante-o-carnaval-2025-em-natal\/#breadcrumb\",\"itemListElement\":[{\"@type\":\"ListItem\",\"position\":1,\"name\":\"In\u00edcio\",\"item\":\"https:\/\/deputadotaveirajr.com.br\/\"},{\"@type\":\"ListItem\",\"position\":2,\"name\":\"Saiba quais vias ficam interditadas durante o Carnaval 2025 em Natal\"}]},{\"@type\":\"WebSite\",\"@id\":\"https:\/\/deputadotaveirajr.com.br\/#website\",\"url\":\"https:\/\/deputadotaveirajr.com.br\/\",\"name\":\"Taveira Jr\",\"description\":\"Deputado Estadual\",\"publisher\":{\"@id\":\"https:\/\/deputadotaveirajr.com.br\/#organization\"},\"potentialAction\":[{\"@type\":\"SearchAction\",\"target\":{\"@type\":\"EntryPoint\",\"urlTemplate\":\"https:\/\/deputadotaveirajr.com.br\/?s={search_term_string}\"},\"query-input\":{\"@type\":\"PropertyValueSpecification\",\"valueRequired\":true,\"valueName\":\"search_term_string\"}}],\"inLanguage\":\"pt-BR\"},{\"@type\":\"Organization\",\"@id\":\"https:\/\/deputadotaveirajr.com.br\/#organization\",\"name\":\"Taveira Jr\",\"url\":\"https:\/\/deputadotaveirajr.com.br\/\",\"logo\":{\"@type\":\"ImageObject\",\"inLanguage\":\"pt-BR\",\"@id\":\"https:\/\/deputadotaveirajr.com.br\/#\/schema\/logo\/image\/\",\"url\":\"https:\/\/deputadotaveirajr.com.br\/wp-content\/uploads\/2026\/01\/logolow2a.png\",\"contentUrl\":\"https:\/\/deputadotaveirajr.com.br\/wp-content\/uploads\/2026\/01\/logolow2a.png\",\"width\":290,\"height\":80,\"caption\":\"Taveira Jr\"},\"image\":{\"@id\":\"https:\/\/deputadotaveirajr.com.br\/#\/schema\/logo\/image\/\"}}]}<\/script>\n<!-- \/ Yoast SEO plugin. -->","yoast_head_json":{"title":"Saiba quais vias ficam interditadas durante o Carnaval 2025 em Natal - Taveira Jr","robots":{"index":"index","follow":"follow","max-snippet":"max-snippet:-1","max-image-preview":"max-image-preview:large","max-video-preview":"max-video-preview:-1"},"canonical":"https:\/\/deputadotaveirajr.com.br\/index.php\/saiba-quais-vias-ficam-interditadas-durante-o-carnaval-2025-em-natal\/","og_locale":"pt_BR","og_type":"article","og_title":"Saiba quais vias ficam interditadas durante o Carnaval 2025 em Natal - Taveira Jr","og_description":"Algumas ruas e avenidas da cidade ficam parcialmente ou completamente interditadas entre 27 de fevereiro e 8 de mar\u00e7o. STTU divulgou programa\u00e7\u00e3o de interdi\u00e7\u00f5es. Largo do Atheneu est\u00e1 interditado para ...","og_url":"https:\/\/deputadotaveirajr.com.br\/index.php\/saiba-quais-vias-ficam-interditadas-durante-o-carnaval-2025-em-natal\/","og_site_name":"Taveira Jr","og_image":[{"url":"https:\/\/s2-g1.glbimg.com\/qvDnQ2SOsCwyaDAdGuwWFAY8934=\/i.s3.glbimg.com\/v1\/AUTH_59edd422c0c84a879bd37670ae4f538a\/internal_photos\/bs\/2025\/P\/i\/2T8HTERiKlE4yBgXKcLw\/whatsapp-image-2025-02-26-at-15.41.58.jpeg","type":"","width":"","height":""}],"twitter_card":"summary_large_image","twitter_misc":{"Est. tempo de leitura":"3 minutos"},"schema":{"@context":"https:\/\/schema.org","@graph":[{"@type":"WebPage","@id":"https:\/\/deputadotaveirajr.com.br\/index.php\/saiba-quais-vias-ficam-interditadas-durante-o-carnaval-2025-em-natal\/","url":"https:\/\/deputadotaveirajr.com.br\/index.php\/saiba-quais-vias-ficam-interditadas-durante-o-carnaval-2025-em-natal\/","name":"Saiba quais vias ficam interditadas durante o Carnaval 2025 em Natal - Taveira Jr","isPartOf":{"@id":"https:\/\/deputadotaveirajr.com.br\/#website"},"primaryImageOfPage":{"@id":"https:\/\/deputadotaveirajr.com.br\/index.php\/saiba-quais-vias-ficam-interditadas-durante-o-carnaval-2025-em-natal\/#primaryimage"},"image":{"@id":"https:\/\/deputadotaveirajr.com.br\/index.php\/saiba-quais-vias-ficam-interditadas-durante-o-carnaval-2025-em-natal\/#primaryimage"},"thumbnailUrl":"https:\/\/deputadotaveirajr.com.br\/wp-content\/uploads\/2025\/02\/whatsapp-image-2025-02-26-at-15.41.58-eyKMoX.jpeg","datePublished":"2025-02-26T19:25:03+00:00","breadcrumb":{"@id":"https:\/\/deputadotaveirajr.com.br\/index.php\/saiba-quais-vias-ficam-interditadas-durante-o-carnaval-2025-em-natal\/#breadcrumb"},"inLanguage":"pt-BR","potentialAction":[{"@type":"ReadAction","target":["https:\/\/deputadotaveirajr.com.br\/index.php\/saiba-quais-vias-ficam-interditadas-durante-o-carnaval-2025-em-natal\/"]}]},{"@type":"ImageObject","inLanguage":"pt-BR","@id":"https:\/\/deputadotaveirajr.com.br\/index.php\/saiba-quais-vias-ficam-interditadas-durante-o-carnaval-2025-em-natal\/#primaryimage","url":"https:\/\/deputadotaveirajr.com.br\/wp-content\/uploads\/2025\/02\/whatsapp-image-2025-02-26-at-15.41.58-eyKMoX.jpeg","contentUrl":"https:\/\/deputadotaveirajr.com.br\/wp-content\/uploads\/2025\/02\/whatsapp-image-2025-02-26-at-15.41.58-eyKMoX.jpeg","width":1280,"height":720},{"@type":"BreadcrumbList","@id":"https:\/\/deputadotaveirajr.com.br\/index.php\/saiba-quais-vias-ficam-interditadas-durante-o-carnaval-2025-em-natal\/#breadcrumb","itemListElement":[{"@type":"ListItem","position":1,"name":"In\u00edcio","item":"https:\/\/deputadotaveirajr.com.br\/"},{"@type":"ListItem","position":2,"name":"Saiba quais vias ficam interditadas durante o Carnaval 2025 em Natal"}]},{"@type":"WebSite","@id":"https:\/\/deputadotaveirajr.com.br\/#website","url":"https:\/\/deputadotaveirajr.com.br\/","name":"Taveira Jr","description":"Deputado Estadual","publisher":{"@id":"https:\/\/deputadotaveirajr.com.br\/#organization"},"potentialAction":[{"@type":"SearchAction","target":{"@type":"EntryPoint","urlTemplate":"https:\/\/deputadotaveirajr.com.br\/?s={search_term_string}"},"query-input":{"@type":"PropertyValueSpecification","valueRequired":true,"valueName":"search_term_string"}}],"inLanguage":"pt-BR"},{"@type":"Organization","@id":"https:\/\/deputadotaveirajr.com.br\/#organization","name":"Taveira Jr","url":"https:\/\/deputadotaveirajr.com.br\/","logo":{"@type":"ImageObject","inLanguage":"pt-BR","@id":"https:\/\/deputadotaveirajr.com.br\/#\/schema\/logo\/image\/","url":"https:\/\/deputadotaveirajr.com.br\/wp-content\/uploads\/2026\/01\/logolow2a.png","contentUrl":"https:\/\/deputadotaveirajr.com.br\/wp-content\/uploads\/2026\/01\/logolow2a.png","width":290,"height":80,"caption":"Taveira Jr"},"image":{"@id":"https:\/\/deputadotaveirajr.com.br\/#\/schema\/logo\/image\/"}}]}},"_links":{"self":[{"href":"https:\/\/deputadotaveirajr.com.br\/index.php\/wp-json\/wp\/v2\/pages\/12466","targetHints":{"allow":["GET"]}}],"collection":[{"href":"https:\/\/deputadotaveirajr.com.br\/index.php\/wp-json\/wp\/v2\/pages"}],"about":[{"href":"https:\/\/deputadotaveirajr.com.br\/index.php\/wp-json\/wp\/v2\/types\/page"}],"replies":[{"embeddable":true,"href":"https:\/\/deputadotaveirajr.com.br\/index.php\/wp-json\/wp\/v2\/comments?post=12466"}],"version-history":[{"count":0,"href":"https:\/\/deputadotaveirajr.com.br\/index.php\/wp-json\/wp\/v2\/pages\/12466\/revisions"}],"wp:featuredmedia":[{"embeddable":true,"href":"https:\/\/deputadotaveirajr.com.br\/index.php\/wp-json\/wp\/v2\/media\/12467"}],"wp:attachment":[{"href":"https:\/\/deputadotaveirajr.com.br\/index.php\/wp-json\/wp\/v2\/media?parent=12466"}],"curies":[{"name":"wp","href":"https:\/\/api.w.org\/{rel}","templated":true}]}}