{"id":12468,"date":"2025-02-26T19:08:12","date_gmt":"2025-02-26T22:08:12","guid":{"rendered":"https:\/\/deputadotaveirajr.com.br\/index.php\/rn-tem-previsao-de-chuvas-dentro-da-normalidade-para-os-proximos-3-meses-diz-emparn\/"},"modified":"2025-02-26T19:08:12","modified_gmt":"2025-02-26T22:08:12","slug":"rn-tem-previsao-de-chuvas-dentro-da-normalidade-para-os-proximos-3-meses-diz-emparn","status":"publish","type":"page","link":"https:\/\/deputadotaveirajr.com.br\/index.php\/rn-tem-previsao-de-chuvas-dentro-da-normalidade-para-os-proximos-3-meses-diz-emparn\/","title":{"rendered":"RN tem previs\u00e3o de chuvas dentro da normalidade para os pr\u00f3ximos 3 meses, diz Emparn"},"content":{"rendered":"<p><img decoding=\"async\" src=\"https:\/\/s2-g1.glbimg.com\/yIF0oZN06Q6tjwJwEsGWv9yZf6M=\/i.s3.glbimg.com\/v1\/AUTH_59edd422c0c84a879bd37670ae4f538a\/internal_photos\/bs\/2023\/R\/E\/lxhJdhS9a2VbgLrochjA\/whatsapp-image-2023-03-24-at-11.15.26.jpeg\" \/><br \/>     Emparn prev\u00ea que chuvas no litoral sejam mais frequentes que no interior do estado. Per\u00edodo abriga o m\u00eas de abril, historicamente o segundo mais chuvoso na capital potiguar. Tempo em Natal<br \/>\nNorton Rafael\/Inter TV Cabugi\/ARQUIVO<br \/>\nOs pr\u00f3ximos tr\u00eas meses &#8211; mar\u00e7o, abril e maio &#8211; devem ser de chuvas dentro da normalidade no Rio Grande do Norte. O an\u00fancio foi feito nesta quarta-feira (26) pela Empresa de Pesquisa Agropecu\u00e1ria do RN (Emparn) como resultado de uma reuni\u00e3o que envolveu analistas de previs\u00f5es de chuva em todo o Nordeste.<br \/>\nSegundo o chefe do n\u00facleo de meteorologia da Emparn, Gilmar Bistrot, a previs\u00e3o \u00e9 de que as chuvas sejam mais intensas no litoral potiguar &#8211; onde est\u00e1, por exemplo, a capital Natal &#8211; e na Regi\u00e3o Oeste.<br \/>\n\ud83d\udcf3Participe do canal do g1 RN no WhatsApp<br \/>\n&#8220;Normalmente nessas duas regi\u00f5es esse p\u00e9rido do ano chove mais. Ent\u00e3o teremos mais chuvas na regi\u00e3o do Alto Oeste e menos chuvas na regi\u00e3o do Agreste, por exemplo&#8221;, explicou.<br \/>\nA chuva m\u00ednima esperada no estado para os pr\u00f3ximos tr\u00eas meses, segundo a Emparn, \u00e9 de um acumulado de 433,2 mm, sendo:<br \/>\n159,7 mil\u00edmetros em mar\u00e7o<br \/>\n164,8 mil\u00edmetros em abril<br \/>\n108,7 mil\u00edmetros em maio<br \/>\nTer mais chuvas no litoral Leste do que no interior, segundo o meteorologista, \u00e9 normal para o per\u00edodo.<br \/>\n&#8220;N\u00f3s temos um m\u00eas de mar\u00e7o que chove bastante, e abril \u00e9 o segundo m\u00eas que mais chove em Natal, perdendo para o m\u00eas de junho&#8221;, explicou.<br \/>\nSegundo Bistrot, a previs\u00e3o de chuvas dentro da normalidade no estado se d\u00e1 pelo fen\u00f4meno La Ni\u00f1a estar mais fraco, o que diminui a interfer\u00eancia nesta \u00e9poca.<br \/>\n&#8220;La Ni\u00f1a \u00e9 um fen\u00f4meno em que as \u00e1guas do Oceano Pac\u00edfico ficam mais frias do que o normal na superf\u00edcie, desde a costa da Am\u00e9rica do Sul at\u00e9 a Oceania. Ent\u00e3o essa faixa central do Oceano Pac\u00edfico, quando apresenta essas caracteristicas de \u00e1gua mais fria que o normal, voc\u00ea tem evid\u00eancias do fenomeno La Ni\u00f1a&#8221;, explicou.<br \/>\n&#8220;Esse ano n\u00f3s temos um La Ni\u00f1a fraco, que dever\u00e1 ficar num estado neutro nos pr\u00f3ximos meses, mas que n\u00e3o dever\u00e1 influenciar de forma negativa nas chuvas no Nordeste&#8221;.<br \/>\nA tend\u00eancia \u00e9 de que, mesmo com menos previs\u00e3o de chuvas no interior que no litoral, esse per\u00edodo seja suficiente para garantir a planta\u00e7\u00e3o de muitos agricultores.<br \/>\nO que pode atrapalhar s\u00e3o os chamados &#8220;veranicos&#8221;, explica Bistrot, que s\u00e3o paradas de chuvas dentro do per\u00edodo chuvoso.<br \/>\n&#8220;Isso a\u00ed tem baixa previsibilidade, a gente n\u00e3o sabe dizer com anteced\u00eancia quando e onde v\u00e3o acontecer esses veranicos&#8221;, disse.<br \/>\nMas, refor\u00e7a Bistrot, &#8220;esse volume vindo de forma bem distribu\u00edda ao longo do tempo e atendendo todos os munic\u00edpios  \u00e9 suficiente pra plantar feij\u00e3o, sorgo e, em algumas regi\u00f5es, o milho&#8221;.<br \/>\nChuva intensa de mais de 200 mil\u00edmetros no interior do RN no in\u00edcio de fevereiro destruiu estada. Veja reportagem abaixo:<br \/>\nUm dia apo\u0301s chuva de 245 mili\u0301metros em Monte Alegre, RN<br \/>\nV\u00eddeos mais assistidos do g1 RN<\/p>","protected":false},"excerpt":{"rendered":"<p>Emparn prev\u00ea que chuvas no litoral sejam mais frequentes que no interior do estado. Per\u00edodo abriga o m\u00eas de abril, historicamente o segundo mais chuvoso na capital potiguar. Tempo em &#8230;<\/p>\n","protected":false},"author":0,"featured_media":12469,"parent":0,"menu_order":0,"comment_status":"closed","ping_status":"closed","template":"","meta":{"footnotes":""},"class_list":["post-12468","page","type-page","status-publish","has-post-thumbnail","hentry"],"yoast_head":"<!-- This site is optimized with the Yoast SEO plugin v27.1.1 - https:\/\/yoast.com\/product\/yoast-seo-wordpress\/ -->\n<title>RN tem previs\u00e3o de chuvas dentro da normalidade para os pr\u00f3ximos 3 meses, diz Emparn - Taveira Jr<\/title>\n<meta name=\"robots\" content=\"index, follow, max-snippet:-1, max-image-preview:large, max-video-preview:-1\" \/>\n<link rel=\"canonical\" href=\"https:\/\/deputadotaveirajr.com.br\/index.php\/rn-tem-previsao-de-chuvas-dentro-da-normalidade-para-os-proximos-3-meses-diz-emparn\/\" \/>\n<meta property=\"og:locale\" content=\"pt_BR\" \/>\n<meta property=\"og:type\" content=\"article\" \/>\n<meta property=\"og:title\" content=\"RN tem previs\u00e3o de chuvas dentro da normalidade para os pr\u00f3ximos 3 meses, diz Emparn - Taveira Jr\" \/>\n<meta property=\"og:description\" content=\"Emparn prev\u00ea que chuvas no litoral sejam mais frequentes que no interior do estado. Per\u00edodo abriga o m\u00eas de abril, historicamente o segundo mais chuvoso na capital potiguar. Tempo em ...\" \/>\n<meta property=\"og:url\" content=\"https:\/\/deputadotaveirajr.com.br\/index.php\/rn-tem-previsao-de-chuvas-dentro-da-normalidade-para-os-proximos-3-meses-diz-emparn\/\" \/>\n<meta property=\"og:site_name\" content=\"Taveira Jr\" \/>\n<meta property=\"og:image\" content=\"https:\/\/s2-g1.glbimg.com\/yIF0oZN06Q6tjwJwEsGWv9yZf6M=\/i.s3.glbimg.com\/v1\/AUTH_59edd422c0c84a879bd37670ae4f538a\/internal_photos\/bs\/2023\/R\/E\/lxhJdhS9a2VbgLrochjA\/whatsapp-image-2023-03-24-at-11.15.26.jpeg\" \/>\n<meta name=\"twitter:card\" content=\"summary_large_image\" \/>\n<meta name=\"twitter:label1\" content=\"Est. tempo de leitura\" \/>\n\t<meta name=\"twitter:data1\" content=\"3 minutos\" \/>\n<script type=\"application\/ld+json\" class=\"yoast-schema-graph\">{\"@context\":\"https:\/\/schema.org\",\"@graph\":[{\"@type\":\"WebPage\",\"@id\":\"https:\/\/deputadotaveirajr.com.br\/index.php\/rn-tem-previsao-de-chuvas-dentro-da-normalidade-para-os-proximos-3-meses-diz-emparn\/\",\"url\":\"https:\/\/deputadotaveirajr.com.br\/index.php\/rn-tem-previsao-de-chuvas-dentro-da-normalidade-para-os-proximos-3-meses-diz-emparn\/\",\"name\":\"RN tem previs\u00e3o de chuvas dentro da normalidade para os pr\u00f3ximos 3 meses, diz Emparn - Taveira Jr\",\"isPartOf\":{\"@id\":\"https:\/\/deputadotaveirajr.com.br\/#website\"},\"primaryImageOfPage\":{\"@id\":\"https:\/\/deputadotaveirajr.com.br\/index.php\/rn-tem-previsao-de-chuvas-dentro-da-normalidade-para-os-proximos-3-meses-diz-emparn\/#primaryimage\"},\"image\":{\"@id\":\"https:\/\/deputadotaveirajr.com.br\/index.php\/rn-tem-previsao-de-chuvas-dentro-da-normalidade-para-os-proximos-3-meses-diz-emparn\/#primaryimage\"},\"thumbnailUrl\":\"https:\/\/deputadotaveirajr.com.br\/wp-content\/uploads\/2025\/02\/whatsapp-image-2023-03-24-at-11.15.26-JhWBoI.jpeg\",\"datePublished\":\"2025-02-26T22:08:12+00:00\",\"breadcrumb\":{\"@id\":\"https:\/\/deputadotaveirajr.com.br\/index.php\/rn-tem-previsao-de-chuvas-dentro-da-normalidade-para-os-proximos-3-meses-diz-emparn\/#breadcrumb\"},\"inLanguage\":\"pt-BR\",\"potentialAction\":[{\"@type\":\"ReadAction\",\"target\":[\"https:\/\/deputadotaveirajr.com.br\/index.php\/rn-tem-previsao-de-chuvas-dentro-da-normalidade-para-os-proximos-3-meses-diz-emparn\/\"]}]},{\"@type\":\"ImageObject\",\"inLanguage\":\"pt-BR\",\"@id\":\"https:\/\/deputadotaveirajr.com.br\/index.php\/rn-tem-previsao-de-chuvas-dentro-da-normalidade-para-os-proximos-3-meses-diz-emparn\/#primaryimage\",\"url\":\"https:\/\/deputadotaveirajr.com.br\/wp-content\/uploads\/2025\/02\/whatsapp-image-2023-03-24-at-11.15.26-JhWBoI.jpeg\",\"contentUrl\":\"https:\/\/deputadotaveirajr.com.br\/wp-content\/uploads\/2025\/02\/whatsapp-image-2023-03-24-at-11.15.26-JhWBoI.jpeg\",\"width\":1600,\"height\":1200},{\"@type\":\"BreadcrumbList\",\"@id\":\"https:\/\/deputadotaveirajr.com.br\/index.php\/rn-tem-previsao-de-chuvas-dentro-da-normalidade-para-os-proximos-3-meses-diz-emparn\/#breadcrumb\",\"itemListElement\":[{\"@type\":\"ListItem\",\"position\":1,\"name\":\"In\u00edcio\",\"item\":\"https:\/\/deputadotaveirajr.com.br\/\"},{\"@type\":\"ListItem\",\"position\":2,\"name\":\"RN tem previs\u00e3o de chuvas dentro da normalidade para os pr\u00f3ximos 3 meses, diz Emparn\"}]},{\"@type\":\"WebSite\",\"@id\":\"https:\/\/deputadotaveirajr.com.br\/#website\",\"url\":\"https:\/\/deputadotaveirajr.com.br\/\",\"name\":\"Taveira Jr\",\"description\":\"Deputado Estadual\",\"publisher\":{\"@id\":\"https:\/\/deputadotaveirajr.com.br\/#organization\"},\"potentialAction\":[{\"@type\":\"SearchAction\",\"target\":{\"@type\":\"EntryPoint\",\"urlTemplate\":\"https:\/\/deputadotaveirajr.com.br\/?s={search_term_string}\"},\"query-input\":{\"@type\":\"PropertyValueSpecification\",\"valueRequired\":true,\"valueName\":\"search_term_string\"}}],\"inLanguage\":\"pt-BR\"},{\"@type\":\"Organization\",\"@id\":\"https:\/\/deputadotaveirajr.com.br\/#organization\",\"name\":\"Taveira Jr\",\"url\":\"https:\/\/deputadotaveirajr.com.br\/\",\"logo\":{\"@type\":\"ImageObject\",\"inLanguage\":\"pt-BR\",\"@id\":\"https:\/\/deputadotaveirajr.com.br\/#\/schema\/logo\/image\/\",\"url\":\"https:\/\/deputadotaveirajr.com.br\/wp-content\/uploads\/2026\/01\/logolow2a.png\",\"contentUrl\":\"https:\/\/deputadotaveirajr.com.br\/wp-content\/uploads\/2026\/01\/logolow2a.png\",\"width\":290,\"height\":80,\"caption\":\"Taveira Jr\"},\"image\":{\"@id\":\"https:\/\/deputadotaveirajr.com.br\/#\/schema\/logo\/image\/\"}}]}<\/script>\n<!-- \/ Yoast SEO plugin. -->","yoast_head_json":{"title":"RN tem previs\u00e3o de chuvas dentro da normalidade para os pr\u00f3ximos 3 meses, diz Emparn - Taveira Jr","robots":{"index":"index","follow":"follow","max-snippet":"max-snippet:-1","max-image-preview":"max-image-preview:large","max-video-preview":"max-video-preview:-1"},"canonical":"https:\/\/deputadotaveirajr.com.br\/index.php\/rn-tem-previsao-de-chuvas-dentro-da-normalidade-para-os-proximos-3-meses-diz-emparn\/","og_locale":"pt_BR","og_type":"article","og_title":"RN tem previs\u00e3o de chuvas dentro da normalidade para os pr\u00f3ximos 3 meses, diz Emparn - Taveira Jr","og_description":"Emparn prev\u00ea que chuvas no litoral sejam mais frequentes que no interior do estado. Per\u00edodo abriga o m\u00eas de abril, historicamente o segundo mais chuvoso na capital potiguar. Tempo em ...","og_url":"https:\/\/deputadotaveirajr.com.br\/index.php\/rn-tem-previsao-de-chuvas-dentro-da-normalidade-para-os-proximos-3-meses-diz-emparn\/","og_site_name":"Taveira Jr","og_image":[{"url":"https:\/\/s2-g1.glbimg.com\/yIF0oZN06Q6tjwJwEsGWv9yZf6M=\/i.s3.glbimg.com\/v1\/AUTH_59edd422c0c84a879bd37670ae4f538a\/internal_photos\/bs\/2023\/R\/E\/lxhJdhS9a2VbgLrochjA\/whatsapp-image-2023-03-24-at-11.15.26.jpeg","type":"","width":"","height":""}],"twitter_card":"summary_large_image","twitter_misc":{"Est. tempo de leitura":"3 minutos"},"schema":{"@context":"https:\/\/schema.org","@graph":[{"@type":"WebPage","@id":"https:\/\/deputadotaveirajr.com.br\/index.php\/rn-tem-previsao-de-chuvas-dentro-da-normalidade-para-os-proximos-3-meses-diz-emparn\/","url":"https:\/\/deputadotaveirajr.com.br\/index.php\/rn-tem-previsao-de-chuvas-dentro-da-normalidade-para-os-proximos-3-meses-diz-emparn\/","name":"RN tem previs\u00e3o de chuvas dentro da normalidade para os pr\u00f3ximos 3 meses, diz Emparn - Taveira Jr","isPartOf":{"@id":"https:\/\/deputadotaveirajr.com.br\/#website"},"primaryImageOfPage":{"@id":"https:\/\/deputadotaveirajr.com.br\/index.php\/rn-tem-previsao-de-chuvas-dentro-da-normalidade-para-os-proximos-3-meses-diz-emparn\/#primaryimage"},"image":{"@id":"https:\/\/deputadotaveirajr.com.br\/index.php\/rn-tem-previsao-de-chuvas-dentro-da-normalidade-para-os-proximos-3-meses-diz-emparn\/#primaryimage"},"thumbnailUrl":"https:\/\/deputadotaveirajr.com.br\/wp-content\/uploads\/2025\/02\/whatsapp-image-2023-03-24-at-11.15.26-JhWBoI.jpeg","datePublished":"2025-02-26T22:08:12+00:00","breadcrumb":{"@id":"https:\/\/deputadotaveirajr.com.br\/index.php\/rn-tem-previsao-de-chuvas-dentro-da-normalidade-para-os-proximos-3-meses-diz-emparn\/#breadcrumb"},"inLanguage":"pt-BR","potentialAction":[{"@type":"ReadAction","target":["https:\/\/deputadotaveirajr.com.br\/index.php\/rn-tem-previsao-de-chuvas-dentro-da-normalidade-para-os-proximos-3-meses-diz-emparn\/"]}]},{"@type":"ImageObject","inLanguage":"pt-BR","@id":"https:\/\/deputadotaveirajr.com.br\/index.php\/rn-tem-previsao-de-chuvas-dentro-da-normalidade-para-os-proximos-3-meses-diz-emparn\/#primaryimage","url":"https:\/\/deputadotaveirajr.com.br\/wp-content\/uploads\/2025\/02\/whatsapp-image-2023-03-24-at-11.15.26-JhWBoI.jpeg","contentUrl":"https:\/\/deputadotaveirajr.com.br\/wp-content\/uploads\/2025\/02\/whatsapp-image-2023-03-24-at-11.15.26-JhWBoI.jpeg","width":1600,"height":1200},{"@type":"BreadcrumbList","@id":"https:\/\/deputadotaveirajr.com.br\/index.php\/rn-tem-previsao-de-chuvas-dentro-da-normalidade-para-os-proximos-3-meses-diz-emparn\/#breadcrumb","itemListElement":[{"@type":"ListItem","position":1,"name":"In\u00edcio","item":"https:\/\/deputadotaveirajr.com.br\/"},{"@type":"ListItem","position":2,"name":"RN tem previs\u00e3o de chuvas dentro da normalidade para os pr\u00f3ximos 3 meses, diz Emparn"}]},{"@type":"WebSite","@id":"https:\/\/deputadotaveirajr.com.br\/#website","url":"https:\/\/deputadotaveirajr.com.br\/","name":"Taveira Jr","description":"Deputado Estadual","publisher":{"@id":"https:\/\/deputadotaveirajr.com.br\/#organization"},"potentialAction":[{"@type":"SearchAction","target":{"@type":"EntryPoint","urlTemplate":"https:\/\/deputadotaveirajr.com.br\/?s={search_term_string}"},"query-input":{"@type":"PropertyValueSpecification","valueRequired":true,"valueName":"search_term_string"}}],"inLanguage":"pt-BR"},{"@type":"Organization","@id":"https:\/\/deputadotaveirajr.com.br\/#organization","name":"Taveira Jr","url":"https:\/\/deputadotaveirajr.com.br\/","logo":{"@type":"ImageObject","inLanguage":"pt-BR","@id":"https:\/\/deputadotaveirajr.com.br\/#\/schema\/logo\/image\/","url":"https:\/\/deputadotaveirajr.com.br\/wp-content\/uploads\/2026\/01\/logolow2a.png","contentUrl":"https:\/\/deputadotaveirajr.com.br\/wp-content\/uploads\/2026\/01\/logolow2a.png","width":290,"height":80,"caption":"Taveira Jr"},"image":{"@id":"https:\/\/deputadotaveirajr.com.br\/#\/schema\/logo\/image\/"}}]}},"_links":{"self":[{"href":"https:\/\/deputadotaveirajr.com.br\/index.php\/wp-json\/wp\/v2\/pages\/12468","targetHints":{"allow":["GET"]}}],"collection":[{"href":"https:\/\/deputadotaveirajr.com.br\/index.php\/wp-json\/wp\/v2\/pages"}],"about":[{"href":"https:\/\/deputadotaveirajr.com.br\/index.php\/wp-json\/wp\/v2\/types\/page"}],"replies":[{"embeddable":true,"href":"https:\/\/deputadotaveirajr.com.br\/index.php\/wp-json\/wp\/v2\/comments?post=12468"}],"version-history":[{"count":0,"href":"https:\/\/deputadotaveirajr.com.br\/index.php\/wp-json\/wp\/v2\/pages\/12468\/revisions"}],"wp:featuredmedia":[{"embeddable":true,"href":"https:\/\/deputadotaveirajr.com.br\/index.php\/wp-json\/wp\/v2\/media\/12469"}],"wp:attachment":[{"href":"https:\/\/deputadotaveirajr.com.br\/index.php\/wp-json\/wp\/v2\/media?parent=12468"}],"curies":[{"name":"wp","href":"https:\/\/api.w.org\/{rel}","templated":true}]}}