{"id":12472,"date":"2025-02-27T08:18:11","date_gmt":"2025-02-27T11:18:11","guid":{"rendered":"https:\/\/deputadotaveirajr.com.br\/index.php\/rn-fecha-mais-de-620-vagas-de-empregos-com-carteira-assinada-em-janeiro-diz-caged\/"},"modified":"2025-02-27T08:18:11","modified_gmt":"2025-02-27T11:18:11","slug":"rn-fecha-mais-de-620-vagas-de-empregos-com-carteira-assinada-em-janeiro-diz-caged","status":"publish","type":"page","link":"https:\/\/deputadotaveirajr.com.br\/index.php\/rn-fecha-mais-de-620-vagas-de-empregos-com-carteira-assinada-em-janeiro-diz-caged\/","title":{"rendered":"RN fecha mais de 620 vagas de empregos com carteira assinada em janeiro, diz Caged"},"content":{"rendered":"<p><img decoding=\"async\" src=\"https:\/\/s2-g1.glbimg.com\/boZi1BbGCWoZAtYMC3mrgDzgwvY=\/i.s3.glbimg.com\/v1\/AUTH_59edd422c0c84a879bd37670ae4f538a\/internal_photos\/bs\/2023\/B\/9\/be1IRbQD2roJbkaq9utA\/carteira-de-trabalho-digital-mcamgo-abr-240620211818-7.jpg\" \/><br \/>     Maior n\u00famero de demiss\u00f5es aconteceu na agropecu\u00e1ria e no com\u00e9rcio. Constru\u00e7\u00e3o foi \u00fanico setor do estado com mais contrata\u00e7\u00f5es que demiss\u00f5es no per\u00edodo.  Carteira de Trabalho Digital<br \/>\nMarcelo Camargo\/Ag\u00eancia Brasil<br \/>\nO Rio Grande do Norte perdeu 628 vagas de emprego com carteira assinada em janeiro de 2025, segundo os dados do Cadastro Geral de Empregados e Desempregados (Caged) divulgado pelo Minist\u00e9rio do Trabalho e Emprego.<br \/>\nO dado negativo \u00e9 resultado da diferen\u00e7a entre os n\u00fameros de contrata\u00e7\u00f5es (19.694) e de demiss\u00f5es (20.322) registrados no per\u00edodo.<br \/>\n\ud83d\udcf3Participe do canal do g1 RN no WhatsApp<br \/>\nO saldo de empregos de janeiro de 2025 foi pior que o do mesmo m\u00eas do ano passado, quando o estado registrou a cria\u00e7\u00e3o de 1.279 vagas de trabalho formal.<br \/>\nCom o resultado, o estado chegou ao segundo m\u00eas consecutivo com saldo negativo. Em dezembro, o Rio Grande do Norte registrou o fechamento de 2.785 vagas.<br \/>\nRN abriu 34 mil empregos formais em 2024, aponta Caged; veja desempenho por m\u00eas<br \/>\nBrasil cria 137 mil empregos formais em janeiro; queda de 20% em rela\u00e7\u00e3o ao mesmo m\u00eas de 2024<br \/>\nCom fechamento de 620 postos de trabalho, a agropecu\u00e1ria foi o setor com maior saldo negativo em janeiro, seguida pelo com\u00e9rcio, que teve saldo negativo de 581 vagas.<br \/>\nSaldo de empregos por setor no RN em janeiro<br \/>\nA ind\u00fastria tamb\u00e9m teve fechamento de 192 vagas e o setor de servi\u00e7os reduziu 16 postos de trabalho.<br \/>\nO resultado estadual s\u00f3 n\u00e3o foi pior por causa do setor de constru\u00e7\u00e3o, que contratou mais do que demitiu em janeiro, registrando saldo positivo de 781 novas vagas de trabalho.<br \/>\nG1 em 1 Minuto: Passo a passo para montar um bom curr\u00edculo pelo celular<br \/>\nVeja os v\u00eddeos mais assistidos no g1 RN<\/p>","protected":false},"excerpt":{"rendered":"<p>Maior n\u00famero de demiss\u00f5es aconteceu na agropecu\u00e1ria e no com\u00e9rcio. Constru\u00e7\u00e3o foi \u00fanico setor do estado com mais contrata\u00e7\u00f5es que demiss\u00f5es no per\u00edodo. Carteira de Trabalho Digital Marcelo Camargo\/Ag\u00eancia Brasil &#8230;<\/p>\n","protected":false},"author":0,"featured_media":12473,"parent":0,"menu_order":0,"comment_status":"closed","ping_status":"closed","template":"","meta":{"footnotes":""},"class_list":["post-12472","page","type-page","status-publish","has-post-thumbnail","hentry"],"yoast_head":"<!-- This site is optimized with the Yoast SEO plugin v27.1.1 - https:\/\/yoast.com\/product\/yoast-seo-wordpress\/ -->\n<title>RN fecha mais de 620 vagas de empregos com carteira assinada em janeiro, diz Caged - Taveira Jr<\/title>\n<meta name=\"robots\" content=\"index, follow, max-snippet:-1, max-image-preview:large, max-video-preview:-1\" \/>\n<link rel=\"canonical\" href=\"https:\/\/deputadotaveirajr.com.br\/index.php\/rn-fecha-mais-de-620-vagas-de-empregos-com-carteira-assinada-em-janeiro-diz-caged\/\" \/>\n<meta property=\"og:locale\" content=\"pt_BR\" \/>\n<meta property=\"og:type\" content=\"article\" \/>\n<meta property=\"og:title\" content=\"RN fecha mais de 620 vagas de empregos com carteira assinada em janeiro, diz Caged - Taveira Jr\" \/>\n<meta property=\"og:description\" content=\"Maior n\u00famero de demiss\u00f5es aconteceu na agropecu\u00e1ria e no com\u00e9rcio. Constru\u00e7\u00e3o foi \u00fanico setor do estado com mais contrata\u00e7\u00f5es que demiss\u00f5es no per\u00edodo. Carteira de Trabalho Digital Marcelo Camargo\/Ag\u00eancia Brasil ...\" \/>\n<meta property=\"og:url\" content=\"https:\/\/deputadotaveirajr.com.br\/index.php\/rn-fecha-mais-de-620-vagas-de-empregos-com-carteira-assinada-em-janeiro-diz-caged\/\" \/>\n<meta property=\"og:site_name\" content=\"Taveira Jr\" \/>\n<meta property=\"og:image\" content=\"https:\/\/s2-g1.glbimg.com\/boZi1BbGCWoZAtYMC3mrgDzgwvY=\/i.s3.glbimg.com\/v1\/AUTH_59edd422c0c84a879bd37670ae4f538a\/internal_photos\/bs\/2023\/B\/9\/be1IRbQD2roJbkaq9utA\/carteira-de-trabalho-digital-mcamgo-abr-240620211818-7.jpg\" \/>\n<meta name=\"twitter:card\" content=\"summary_large_image\" \/>\n<meta name=\"twitter:label1\" content=\"Est. tempo de leitura\" \/>\n\t<meta name=\"twitter:data1\" content=\"2 minutos\" \/>\n<script type=\"application\/ld+json\" class=\"yoast-schema-graph\">{\"@context\":\"https:\/\/schema.org\",\"@graph\":[{\"@type\":\"WebPage\",\"@id\":\"https:\/\/deputadotaveirajr.com.br\/index.php\/rn-fecha-mais-de-620-vagas-de-empregos-com-carteira-assinada-em-janeiro-diz-caged\/\",\"url\":\"https:\/\/deputadotaveirajr.com.br\/index.php\/rn-fecha-mais-de-620-vagas-de-empregos-com-carteira-assinada-em-janeiro-diz-caged\/\",\"name\":\"RN fecha mais de 620 vagas de empregos com carteira assinada em janeiro, diz Caged - Taveira Jr\",\"isPartOf\":{\"@id\":\"https:\/\/deputadotaveirajr.com.br\/#website\"},\"primaryImageOfPage\":{\"@id\":\"https:\/\/deputadotaveirajr.com.br\/index.php\/rn-fecha-mais-de-620-vagas-de-empregos-com-carteira-assinada-em-janeiro-diz-caged\/#primaryimage\"},\"image\":{\"@id\":\"https:\/\/deputadotaveirajr.com.br\/index.php\/rn-fecha-mais-de-620-vagas-de-empregos-com-carteira-assinada-em-janeiro-diz-caged\/#primaryimage\"},\"thumbnailUrl\":\"https:\/\/deputadotaveirajr.com.br\/wp-content\/uploads\/2025\/02\/carteira-de-trabalho-digital-mcamgo-abr-240620211818-7-iDycF9.jpeg\",\"datePublished\":\"2025-02-27T11:18:11+00:00\",\"breadcrumb\":{\"@id\":\"https:\/\/deputadotaveirajr.com.br\/index.php\/rn-fecha-mais-de-620-vagas-de-empregos-com-carteira-assinada-em-janeiro-diz-caged\/#breadcrumb\"},\"inLanguage\":\"pt-BR\",\"potentialAction\":[{\"@type\":\"ReadAction\",\"target\":[\"https:\/\/deputadotaveirajr.com.br\/index.php\/rn-fecha-mais-de-620-vagas-de-empregos-com-carteira-assinada-em-janeiro-diz-caged\/\"]}]},{\"@type\":\"ImageObject\",\"inLanguage\":\"pt-BR\",\"@id\":\"https:\/\/deputadotaveirajr.com.br\/index.php\/rn-fecha-mais-de-620-vagas-de-empregos-com-carteira-assinada-em-janeiro-diz-caged\/#primaryimage\",\"url\":\"https:\/\/deputadotaveirajr.com.br\/wp-content\/uploads\/2025\/02\/carteira-de-trabalho-digital-mcamgo-abr-240620211818-7-iDycF9.jpeg\",\"contentUrl\":\"https:\/\/deputadotaveirajr.com.br\/wp-content\/uploads\/2025\/02\/carteira-de-trabalho-digital-mcamgo-abr-240620211818-7-iDycF9.jpeg\",\"width\":1170,\"height\":700},{\"@type\":\"BreadcrumbList\",\"@id\":\"https:\/\/deputadotaveirajr.com.br\/index.php\/rn-fecha-mais-de-620-vagas-de-empregos-com-carteira-assinada-em-janeiro-diz-caged\/#breadcrumb\",\"itemListElement\":[{\"@type\":\"ListItem\",\"position\":1,\"name\":\"In\u00edcio\",\"item\":\"https:\/\/deputadotaveirajr.com.br\/\"},{\"@type\":\"ListItem\",\"position\":2,\"name\":\"RN fecha mais de 620 vagas de empregos com carteira assinada em janeiro, diz Caged\"}]},{\"@type\":\"WebSite\",\"@id\":\"https:\/\/deputadotaveirajr.com.br\/#website\",\"url\":\"https:\/\/deputadotaveirajr.com.br\/\",\"name\":\"Taveira Jr\",\"description\":\"Deputado Estadual\",\"publisher\":{\"@id\":\"https:\/\/deputadotaveirajr.com.br\/#organization\"},\"potentialAction\":[{\"@type\":\"SearchAction\",\"target\":{\"@type\":\"EntryPoint\",\"urlTemplate\":\"https:\/\/deputadotaveirajr.com.br\/?s={search_term_string}\"},\"query-input\":{\"@type\":\"PropertyValueSpecification\",\"valueRequired\":true,\"valueName\":\"search_term_string\"}}],\"inLanguage\":\"pt-BR\"},{\"@type\":\"Organization\",\"@id\":\"https:\/\/deputadotaveirajr.com.br\/#organization\",\"name\":\"Taveira Jr\",\"url\":\"https:\/\/deputadotaveirajr.com.br\/\",\"logo\":{\"@type\":\"ImageObject\",\"inLanguage\":\"pt-BR\",\"@id\":\"https:\/\/deputadotaveirajr.com.br\/#\/schema\/logo\/image\/\",\"url\":\"https:\/\/deputadotaveirajr.com.br\/wp-content\/uploads\/2026\/01\/logolow2a.png\",\"contentUrl\":\"https:\/\/deputadotaveirajr.com.br\/wp-content\/uploads\/2026\/01\/logolow2a.png\",\"width\":290,\"height\":80,\"caption\":\"Taveira Jr\"},\"image\":{\"@id\":\"https:\/\/deputadotaveirajr.com.br\/#\/schema\/logo\/image\/\"}}]}<\/script>\n<!-- \/ Yoast SEO plugin. -->","yoast_head_json":{"title":"RN fecha mais de 620 vagas de empregos com carteira assinada em janeiro, diz Caged - Taveira Jr","robots":{"index":"index","follow":"follow","max-snippet":"max-snippet:-1","max-image-preview":"max-image-preview:large","max-video-preview":"max-video-preview:-1"},"canonical":"https:\/\/deputadotaveirajr.com.br\/index.php\/rn-fecha-mais-de-620-vagas-de-empregos-com-carteira-assinada-em-janeiro-diz-caged\/","og_locale":"pt_BR","og_type":"article","og_title":"RN fecha mais de 620 vagas de empregos com carteira assinada em janeiro, diz Caged - Taveira Jr","og_description":"Maior n\u00famero de demiss\u00f5es aconteceu na agropecu\u00e1ria e no com\u00e9rcio. Constru\u00e7\u00e3o foi \u00fanico setor do estado com mais contrata\u00e7\u00f5es que demiss\u00f5es no per\u00edodo. Carteira de Trabalho Digital Marcelo Camargo\/Ag\u00eancia Brasil ...","og_url":"https:\/\/deputadotaveirajr.com.br\/index.php\/rn-fecha-mais-de-620-vagas-de-empregos-com-carteira-assinada-em-janeiro-diz-caged\/","og_site_name":"Taveira Jr","og_image":[{"url":"https:\/\/s2-g1.glbimg.com\/boZi1BbGCWoZAtYMC3mrgDzgwvY=\/i.s3.glbimg.com\/v1\/AUTH_59edd422c0c84a879bd37670ae4f538a\/internal_photos\/bs\/2023\/B\/9\/be1IRbQD2roJbkaq9utA\/carteira-de-trabalho-digital-mcamgo-abr-240620211818-7.jpg","type":"","width":"","height":""}],"twitter_card":"summary_large_image","twitter_misc":{"Est. tempo de leitura":"2 minutos"},"schema":{"@context":"https:\/\/schema.org","@graph":[{"@type":"WebPage","@id":"https:\/\/deputadotaveirajr.com.br\/index.php\/rn-fecha-mais-de-620-vagas-de-empregos-com-carteira-assinada-em-janeiro-diz-caged\/","url":"https:\/\/deputadotaveirajr.com.br\/index.php\/rn-fecha-mais-de-620-vagas-de-empregos-com-carteira-assinada-em-janeiro-diz-caged\/","name":"RN fecha mais de 620 vagas de empregos com carteira assinada em janeiro, diz Caged - Taveira Jr","isPartOf":{"@id":"https:\/\/deputadotaveirajr.com.br\/#website"},"primaryImageOfPage":{"@id":"https:\/\/deputadotaveirajr.com.br\/index.php\/rn-fecha-mais-de-620-vagas-de-empregos-com-carteira-assinada-em-janeiro-diz-caged\/#primaryimage"},"image":{"@id":"https:\/\/deputadotaveirajr.com.br\/index.php\/rn-fecha-mais-de-620-vagas-de-empregos-com-carteira-assinada-em-janeiro-diz-caged\/#primaryimage"},"thumbnailUrl":"https:\/\/deputadotaveirajr.com.br\/wp-content\/uploads\/2025\/02\/carteira-de-trabalho-digital-mcamgo-abr-240620211818-7-iDycF9.jpeg","datePublished":"2025-02-27T11:18:11+00:00","breadcrumb":{"@id":"https:\/\/deputadotaveirajr.com.br\/index.php\/rn-fecha-mais-de-620-vagas-de-empregos-com-carteira-assinada-em-janeiro-diz-caged\/#breadcrumb"},"inLanguage":"pt-BR","potentialAction":[{"@type":"ReadAction","target":["https:\/\/deputadotaveirajr.com.br\/index.php\/rn-fecha-mais-de-620-vagas-de-empregos-com-carteira-assinada-em-janeiro-diz-caged\/"]}]},{"@type":"ImageObject","inLanguage":"pt-BR","@id":"https:\/\/deputadotaveirajr.com.br\/index.php\/rn-fecha-mais-de-620-vagas-de-empregos-com-carteira-assinada-em-janeiro-diz-caged\/#primaryimage","url":"https:\/\/deputadotaveirajr.com.br\/wp-content\/uploads\/2025\/02\/carteira-de-trabalho-digital-mcamgo-abr-240620211818-7-iDycF9.jpeg","contentUrl":"https:\/\/deputadotaveirajr.com.br\/wp-content\/uploads\/2025\/02\/carteira-de-trabalho-digital-mcamgo-abr-240620211818-7-iDycF9.jpeg","width":1170,"height":700},{"@type":"BreadcrumbList","@id":"https:\/\/deputadotaveirajr.com.br\/index.php\/rn-fecha-mais-de-620-vagas-de-empregos-com-carteira-assinada-em-janeiro-diz-caged\/#breadcrumb","itemListElement":[{"@type":"ListItem","position":1,"name":"In\u00edcio","item":"https:\/\/deputadotaveirajr.com.br\/"},{"@type":"ListItem","position":2,"name":"RN fecha mais de 620 vagas de empregos com carteira assinada em janeiro, diz Caged"}]},{"@type":"WebSite","@id":"https:\/\/deputadotaveirajr.com.br\/#website","url":"https:\/\/deputadotaveirajr.com.br\/","name":"Taveira Jr","description":"Deputado Estadual","publisher":{"@id":"https:\/\/deputadotaveirajr.com.br\/#organization"},"potentialAction":[{"@type":"SearchAction","target":{"@type":"EntryPoint","urlTemplate":"https:\/\/deputadotaveirajr.com.br\/?s={search_term_string}"},"query-input":{"@type":"PropertyValueSpecification","valueRequired":true,"valueName":"search_term_string"}}],"inLanguage":"pt-BR"},{"@type":"Organization","@id":"https:\/\/deputadotaveirajr.com.br\/#organization","name":"Taveira Jr","url":"https:\/\/deputadotaveirajr.com.br\/","logo":{"@type":"ImageObject","inLanguage":"pt-BR","@id":"https:\/\/deputadotaveirajr.com.br\/#\/schema\/logo\/image\/","url":"https:\/\/deputadotaveirajr.com.br\/wp-content\/uploads\/2026\/01\/logolow2a.png","contentUrl":"https:\/\/deputadotaveirajr.com.br\/wp-content\/uploads\/2026\/01\/logolow2a.png","width":290,"height":80,"caption":"Taveira Jr"},"image":{"@id":"https:\/\/deputadotaveirajr.com.br\/#\/schema\/logo\/image\/"}}]}},"_links":{"self":[{"href":"https:\/\/deputadotaveirajr.com.br\/index.php\/wp-json\/wp\/v2\/pages\/12472","targetHints":{"allow":["GET"]}}],"collection":[{"href":"https:\/\/deputadotaveirajr.com.br\/index.php\/wp-json\/wp\/v2\/pages"}],"about":[{"href":"https:\/\/deputadotaveirajr.com.br\/index.php\/wp-json\/wp\/v2\/types\/page"}],"replies":[{"embeddable":true,"href":"https:\/\/deputadotaveirajr.com.br\/index.php\/wp-json\/wp\/v2\/comments?post=12472"}],"version-history":[{"count":0,"href":"https:\/\/deputadotaveirajr.com.br\/index.php\/wp-json\/wp\/v2\/pages\/12472\/revisions"}],"wp:featuredmedia":[{"embeddable":true,"href":"https:\/\/deputadotaveirajr.com.br\/index.php\/wp-json\/wp\/v2\/media\/12473"}],"wp:attachment":[{"href":"https:\/\/deputadotaveirajr.com.br\/index.php\/wp-json\/wp\/v2\/media?parent=12472"}],"curies":[{"name":"wp","href":"https:\/\/api.w.org\/{rel}","templated":true}]}}