{"id":12496,"date":"2025-03-06T06:30:19","date_gmt":"2025-03-06T09:30:19","guid":{"rendered":"https:\/\/deputadotaveirajr.com.br\/index.php\/desfile-das-escolas-de-samba-e-blocos-pos-carnaval-veja-agenda-cultural-do-fim-de-semana-em-natal\/"},"modified":"2025-03-06T06:30:19","modified_gmt":"2025-03-06T09:30:19","slug":"desfile-das-escolas-de-samba-e-blocos-pos-carnaval-veja-agenda-cultural-do-fim-de-semana-em-natal","status":"publish","type":"page","link":"https:\/\/deputadotaveirajr.com.br\/index.php\/desfile-das-escolas-de-samba-e-blocos-pos-carnaval-veja-agenda-cultural-do-fim-de-semana-em-natal\/","title":{"rendered":"Desfile das escolas de samba e blocos p\u00f3s-carnaval: veja agenda cultural do fim de semana em Natal"},"content":{"rendered":"<p><img decoding=\"async\" src=\"https:\/\/s2-g1.glbimg.com\/XNElIB-sgsgrbUY_hb2ExHxbSdI=\/i.s3.glbimg.com\/v1\/AUTH_59edd422c0c84a879bd37670ae4f538a\/internal_photos\/bs\/2024\/d\/q\/CA3GAeQeusulTI7Enybw\/malandros-do-samba.jpeg\" \/><br \/>     Op\u00e7\u00f5es de eventos que acontecem entre esta quinta-feira (6) e a quarta-feira (12) foram reunidas pelo g1. Malandros do Samba foi a campe\u00e3 do carnaval de Natal em 2023<br \/>\nCanind\u00e9 Soares<br \/>\nNatal tem um fim de semana de fechamento do carnaval, com o desfile das escolas de samba da capital potiguar na sexta e no s\u00e1bado, na Ribeira, na programa\u00e7\u00e3o oficial da prefeitura, al\u00e9m de bloquinhos em eventos privados.<br \/>\n\ud83d\udcf3Participe do canal do g1 RN no WhatsApp<br \/>\n O g1 reuniu algumas das op\u00e7\u00f5es de eventos culturais e festas entre esta quinta-feira (6) e a pr\u00f3xima quarta-feira (12). Confira abaixo:<br \/>\nQuinta-feira (6)<br \/>\nQuinta Que Te Quero Samba, com Batuque de um povo<br \/>\nLocal: Rua Coronel Cascudo 130, Cidade Alta (Bar da Nazar\u00e9)<br \/>\nHor\u00e1rio: 19h<br \/>\nIngressos: entrada gratuita<br \/>\nSexta-feira (7)<br \/>\nDesfile das escolas de samba de Natal<br \/>\nLocal: Avenida Duque de Caxias, Ribeira<br \/>\nHor\u00e1rio: 18h30<br \/>\nIngressos: entrada gratuita<br \/>\nRessaca do Dener<br \/>\nLocal: Natal Comedy Club<br \/>\nHor\u00e1rio: 20h<br \/>\nIngressos: a partir de R$ 10 (clique AQUI)<br \/>\nS\u00e1bado (8)<br \/>\nDesfile das escolas de samba de Natal<br \/>\nLocal: Avenida Duque de Caxias, Ribeira<br \/>\nHor\u00e1rio: 18h30<br \/>\nIngressos: entrada gratuita<br \/>\nOmi, Tenha Calma!<br \/>\nDJ PL (esquenta);   Orquestra Frevo do Xico (desfile); e Fobica do Jubila, Pedro Luccas e Ribeira Bo\u00eamia (baile)<br \/>\nLocal: esquenta no Bar e Restaurante 294, desfiile pelas ruas do centro finalizando no P\u00e1tio da Funcarte, onde ocorre um baile carnavalesco.<br \/>\nHor\u00e1rio: 14h (esquenta) e 18h (baile)<br \/>\nIngressos: entrada gratuita, mas necess\u00e1rio retirar ingressos (cliqueAQUI)<br \/>\nBloquinho Sambinha<br \/>\nRibeira Bo\u00eamia, Mesa 12 e participa\u00e7\u00e3o do Samba Preto no Branco<br \/>\nLocal: Complexo Cultural Rampa<br \/>\nHor\u00e1rio: 18h<br \/>\nIngressos: a partir de R$ 45 (clique AQUI)<br \/>\nUnited apresenta: O bloco que n\u00e3o aconteceu<br \/>\nLocal: Oh&#8217; Velha Pub<br \/>\nHor\u00e1rio: 20h<br \/>\nIngressos: a partir de R$ 20 (clique AQUI)<br \/>\nFestival 3 anos de Natal Comedy Club<br \/>\nRafael Tib\u00e9rio, Gian Danves, Marcos Souza, Julia Vilela, Amaro Neto, Guitto Alves, Majimba, Marina, Deeh Sales, Daniel Martins, Marcelo Monteiro, Vitor Ricardo, Mykael Sales, L\u00e1zaro Ot\u00e1vio e Vini Medeiros<br \/>\nLocal: Natal Comedy Club<br \/>\nHor\u00e1rio: 20h<br \/>\nIngressos: a partir de R$ 15 (clique AQUI)<br \/>\nDomingo (9)<br \/>\nBrazilian Metal Union Tour<br \/>\nLocal: Backstage Bar, na Cidade Alta<br \/>\nHor\u00e1rio: 15h<br \/>\nIngressos: a partir de R$ 15 (clique AQUI)<br \/>\nFestival 3 anos de Natal Comedy Club<br \/>\nRafael Tib\u00e9rio, Gian Danves, Marcos Souza, Julia Vilela, Amaro Neto, Guitto Alves, Majimba, Marina, Deeh Sales, Daniel Martins, Marcelo Monteiro, Vitor Ricardo, Mykael Sales, L\u00e1zaro Ot\u00e1vio e Vini Medeiros<br \/>\nLocal: Natal Comedy Club<br \/>\nHor\u00e1rio: 20h<br \/>\nIngressos: a partir de R$ 15 (clique AQUI)<br \/>\nSegunda-feira (10)<br \/>\nSegunda de Vagabundo<br \/>\nLocal: Rua Pereira Sim\u00f5es , 43 B, Rocas<br \/>\nHor\u00e1rio: 20h<br \/>\nIngressos: entrada gratuita<br \/>\nQuarta-feira (12)<br \/>\nProjeto Seis e Meia apresenta Thiago Arancam<br \/>\nLocal: Teatro Riachuelo<br \/>\nHor\u00e1rio: 19h<br \/>\nIngressos: a partir de R$ 30 (clique AQUI)<br \/>\nVeja um pouco de como foi o carnaval em Natal:<br \/>\nTrio el\u00e9trico na Redinha \u00e9 novidade no Carnaval de Natal<br \/>\nV\u00eddeos mais assistidos do g1 RN<\/p>","protected":false},"excerpt":{"rendered":"<p>Op\u00e7\u00f5es de eventos que acontecem entre esta quinta-feira (6) e a quarta-feira (12) foram reunidas pelo g1. Malandros do Samba foi a campe\u00e3 do carnaval de Natal em 2023 Canind\u00e9 &#8230;<\/p>\n","protected":false},"author":0,"featured_media":12497,"parent":0,"menu_order":0,"comment_status":"closed","ping_status":"closed","template":"","meta":{"footnotes":""},"class_list":["post-12496","page","type-page","status-publish","has-post-thumbnail","hentry"],"yoast_head":"<!-- This site is optimized with the Yoast SEO plugin v27.1.1 - https:\/\/yoast.com\/product\/yoast-seo-wordpress\/ -->\n<title>Desfile das escolas de samba e blocos p\u00f3s-carnaval: veja agenda cultural do fim de semana em Natal - Taveira Jr<\/title>\n<meta name=\"robots\" content=\"index, follow, max-snippet:-1, max-image-preview:large, max-video-preview:-1\" \/>\n<link rel=\"canonical\" href=\"https:\/\/deputadotaveirajr.com.br\/index.php\/desfile-das-escolas-de-samba-e-blocos-pos-carnaval-veja-agenda-cultural-do-fim-de-semana-em-natal\/\" \/>\n<meta property=\"og:locale\" content=\"pt_BR\" \/>\n<meta property=\"og:type\" content=\"article\" \/>\n<meta property=\"og:title\" content=\"Desfile das escolas de samba e blocos p\u00f3s-carnaval: veja agenda cultural do fim de semana em Natal - Taveira Jr\" \/>\n<meta property=\"og:description\" content=\"Op\u00e7\u00f5es de eventos que acontecem entre esta quinta-feira (6) e a quarta-feira (12) foram reunidas pelo g1. Malandros do Samba foi a campe\u00e3 do carnaval de Natal em 2023 Canind\u00e9 ...\" \/>\n<meta property=\"og:url\" content=\"https:\/\/deputadotaveirajr.com.br\/index.php\/desfile-das-escolas-de-samba-e-blocos-pos-carnaval-veja-agenda-cultural-do-fim-de-semana-em-natal\/\" \/>\n<meta property=\"og:site_name\" content=\"Taveira Jr\" \/>\n<meta property=\"og:image\" content=\"https:\/\/s2-g1.glbimg.com\/XNElIB-sgsgrbUY_hb2ExHxbSdI=\/i.s3.glbimg.com\/v1\/AUTH_59edd422c0c84a879bd37670ae4f538a\/internal_photos\/bs\/2024\/d\/q\/CA3GAeQeusulTI7Enybw\/malandros-do-samba.jpeg\" \/>\n<meta name=\"twitter:card\" content=\"summary_large_image\" \/>\n<meta name=\"twitter:label1\" content=\"Est. tempo de leitura\" \/>\n\t<meta name=\"twitter:data1\" content=\"2 minutos\" \/>\n<script type=\"application\/ld+json\" class=\"yoast-schema-graph\">{\"@context\":\"https:\/\/schema.org\",\"@graph\":[{\"@type\":\"WebPage\",\"@id\":\"https:\/\/deputadotaveirajr.com.br\/index.php\/desfile-das-escolas-de-samba-e-blocos-pos-carnaval-veja-agenda-cultural-do-fim-de-semana-em-natal\/\",\"url\":\"https:\/\/deputadotaveirajr.com.br\/index.php\/desfile-das-escolas-de-samba-e-blocos-pos-carnaval-veja-agenda-cultural-do-fim-de-semana-em-natal\/\",\"name\":\"Desfile das escolas de samba e blocos p\u00f3s-carnaval: veja agenda cultural do fim de semana em Natal - Taveira Jr\",\"isPartOf\":{\"@id\":\"https:\/\/deputadotaveirajr.com.br\/#website\"},\"primaryImageOfPage\":{\"@id\":\"https:\/\/deputadotaveirajr.com.br\/index.php\/desfile-das-escolas-de-samba-e-blocos-pos-carnaval-veja-agenda-cultural-do-fim-de-semana-em-natal\/#primaryimage\"},\"image\":{\"@id\":\"https:\/\/deputadotaveirajr.com.br\/index.php\/desfile-das-escolas-de-samba-e-blocos-pos-carnaval-veja-agenda-cultural-do-fim-de-semana-em-natal\/#primaryimage\"},\"thumbnailUrl\":\"https:\/\/deputadotaveirajr.com.br\/wp-content\/uploads\/2025\/03\/malandros-do-samba-r4HzDv.jpeg\",\"datePublished\":\"2025-03-06T09:30:19+00:00\",\"breadcrumb\":{\"@id\":\"https:\/\/deputadotaveirajr.com.br\/index.php\/desfile-das-escolas-de-samba-e-blocos-pos-carnaval-veja-agenda-cultural-do-fim-de-semana-em-natal\/#breadcrumb\"},\"inLanguage\":\"pt-BR\",\"potentialAction\":[{\"@type\":\"ReadAction\",\"target\":[\"https:\/\/deputadotaveirajr.com.br\/index.php\/desfile-das-escolas-de-samba-e-blocos-pos-carnaval-veja-agenda-cultural-do-fim-de-semana-em-natal\/\"]}]},{\"@type\":\"ImageObject\",\"inLanguage\":\"pt-BR\",\"@id\":\"https:\/\/deputadotaveirajr.com.br\/index.php\/desfile-das-escolas-de-samba-e-blocos-pos-carnaval-veja-agenda-cultural-do-fim-de-semana-em-natal\/#primaryimage\",\"url\":\"https:\/\/deputadotaveirajr.com.br\/wp-content\/uploads\/2025\/03\/malandros-do-samba-r4HzDv.jpeg\",\"contentUrl\":\"https:\/\/deputadotaveirajr.com.br\/wp-content\/uploads\/2025\/03\/malandros-do-samba-r4HzDv.jpeg\",\"width\":935,\"height\":624},{\"@type\":\"BreadcrumbList\",\"@id\":\"https:\/\/deputadotaveirajr.com.br\/index.php\/desfile-das-escolas-de-samba-e-blocos-pos-carnaval-veja-agenda-cultural-do-fim-de-semana-em-natal\/#breadcrumb\",\"itemListElement\":[{\"@type\":\"ListItem\",\"position\":1,\"name\":\"In\u00edcio\",\"item\":\"https:\/\/deputadotaveirajr.com.br\/\"},{\"@type\":\"ListItem\",\"position\":2,\"name\":\"Desfile das escolas de samba e blocos p\u00f3s-carnaval: veja agenda cultural do fim de semana em Natal\"}]},{\"@type\":\"WebSite\",\"@id\":\"https:\/\/deputadotaveirajr.com.br\/#website\",\"url\":\"https:\/\/deputadotaveirajr.com.br\/\",\"name\":\"Taveira Jr\",\"description\":\"Deputado Estadual\",\"publisher\":{\"@id\":\"https:\/\/deputadotaveirajr.com.br\/#organization\"},\"potentialAction\":[{\"@type\":\"SearchAction\",\"target\":{\"@type\":\"EntryPoint\",\"urlTemplate\":\"https:\/\/deputadotaveirajr.com.br\/?s={search_term_string}\"},\"query-input\":{\"@type\":\"PropertyValueSpecification\",\"valueRequired\":true,\"valueName\":\"search_term_string\"}}],\"inLanguage\":\"pt-BR\"},{\"@type\":\"Organization\",\"@id\":\"https:\/\/deputadotaveirajr.com.br\/#organization\",\"name\":\"Taveira Jr\",\"url\":\"https:\/\/deputadotaveirajr.com.br\/\",\"logo\":{\"@type\":\"ImageObject\",\"inLanguage\":\"pt-BR\",\"@id\":\"https:\/\/deputadotaveirajr.com.br\/#\/schema\/logo\/image\/\",\"url\":\"https:\/\/deputadotaveirajr.com.br\/wp-content\/uploads\/2026\/01\/logolow2a.png\",\"contentUrl\":\"https:\/\/deputadotaveirajr.com.br\/wp-content\/uploads\/2026\/01\/logolow2a.png\",\"width\":290,\"height\":80,\"caption\":\"Taveira Jr\"},\"image\":{\"@id\":\"https:\/\/deputadotaveirajr.com.br\/#\/schema\/logo\/image\/\"}}]}<\/script>\n<!-- \/ Yoast SEO plugin. -->","yoast_head_json":{"title":"Desfile das escolas de samba e blocos p\u00f3s-carnaval: veja agenda cultural do fim de semana em Natal - Taveira Jr","robots":{"index":"index","follow":"follow","max-snippet":"max-snippet:-1","max-image-preview":"max-image-preview:large","max-video-preview":"max-video-preview:-1"},"canonical":"https:\/\/deputadotaveirajr.com.br\/index.php\/desfile-das-escolas-de-samba-e-blocos-pos-carnaval-veja-agenda-cultural-do-fim-de-semana-em-natal\/","og_locale":"pt_BR","og_type":"article","og_title":"Desfile das escolas de samba e blocos p\u00f3s-carnaval: veja agenda cultural do fim de semana em Natal - Taveira Jr","og_description":"Op\u00e7\u00f5es de eventos que acontecem entre esta quinta-feira (6) e a quarta-feira (12) foram reunidas pelo g1. Malandros do Samba foi a campe\u00e3 do carnaval de Natal em 2023 Canind\u00e9 ...","og_url":"https:\/\/deputadotaveirajr.com.br\/index.php\/desfile-das-escolas-de-samba-e-blocos-pos-carnaval-veja-agenda-cultural-do-fim-de-semana-em-natal\/","og_site_name":"Taveira Jr","og_image":[{"url":"https:\/\/s2-g1.glbimg.com\/XNElIB-sgsgrbUY_hb2ExHxbSdI=\/i.s3.glbimg.com\/v1\/AUTH_59edd422c0c84a879bd37670ae4f538a\/internal_photos\/bs\/2024\/d\/q\/CA3GAeQeusulTI7Enybw\/malandros-do-samba.jpeg","type":"","width":"","height":""}],"twitter_card":"summary_large_image","twitter_misc":{"Est. tempo de leitura":"2 minutos"},"schema":{"@context":"https:\/\/schema.org","@graph":[{"@type":"WebPage","@id":"https:\/\/deputadotaveirajr.com.br\/index.php\/desfile-das-escolas-de-samba-e-blocos-pos-carnaval-veja-agenda-cultural-do-fim-de-semana-em-natal\/","url":"https:\/\/deputadotaveirajr.com.br\/index.php\/desfile-das-escolas-de-samba-e-blocos-pos-carnaval-veja-agenda-cultural-do-fim-de-semana-em-natal\/","name":"Desfile das escolas de samba e blocos p\u00f3s-carnaval: veja agenda cultural do fim de semana em Natal - Taveira Jr","isPartOf":{"@id":"https:\/\/deputadotaveirajr.com.br\/#website"},"primaryImageOfPage":{"@id":"https:\/\/deputadotaveirajr.com.br\/index.php\/desfile-das-escolas-de-samba-e-blocos-pos-carnaval-veja-agenda-cultural-do-fim-de-semana-em-natal\/#primaryimage"},"image":{"@id":"https:\/\/deputadotaveirajr.com.br\/index.php\/desfile-das-escolas-de-samba-e-blocos-pos-carnaval-veja-agenda-cultural-do-fim-de-semana-em-natal\/#primaryimage"},"thumbnailUrl":"https:\/\/deputadotaveirajr.com.br\/wp-content\/uploads\/2025\/03\/malandros-do-samba-r4HzDv.jpeg","datePublished":"2025-03-06T09:30:19+00:00","breadcrumb":{"@id":"https:\/\/deputadotaveirajr.com.br\/index.php\/desfile-das-escolas-de-samba-e-blocos-pos-carnaval-veja-agenda-cultural-do-fim-de-semana-em-natal\/#breadcrumb"},"inLanguage":"pt-BR","potentialAction":[{"@type":"ReadAction","target":["https:\/\/deputadotaveirajr.com.br\/index.php\/desfile-das-escolas-de-samba-e-blocos-pos-carnaval-veja-agenda-cultural-do-fim-de-semana-em-natal\/"]}]},{"@type":"ImageObject","inLanguage":"pt-BR","@id":"https:\/\/deputadotaveirajr.com.br\/index.php\/desfile-das-escolas-de-samba-e-blocos-pos-carnaval-veja-agenda-cultural-do-fim-de-semana-em-natal\/#primaryimage","url":"https:\/\/deputadotaveirajr.com.br\/wp-content\/uploads\/2025\/03\/malandros-do-samba-r4HzDv.jpeg","contentUrl":"https:\/\/deputadotaveirajr.com.br\/wp-content\/uploads\/2025\/03\/malandros-do-samba-r4HzDv.jpeg","width":935,"height":624},{"@type":"BreadcrumbList","@id":"https:\/\/deputadotaveirajr.com.br\/index.php\/desfile-das-escolas-de-samba-e-blocos-pos-carnaval-veja-agenda-cultural-do-fim-de-semana-em-natal\/#breadcrumb","itemListElement":[{"@type":"ListItem","position":1,"name":"In\u00edcio","item":"https:\/\/deputadotaveirajr.com.br\/"},{"@type":"ListItem","position":2,"name":"Desfile das escolas de samba e blocos p\u00f3s-carnaval: veja agenda cultural do fim de semana em Natal"}]},{"@type":"WebSite","@id":"https:\/\/deputadotaveirajr.com.br\/#website","url":"https:\/\/deputadotaveirajr.com.br\/","name":"Taveira Jr","description":"Deputado Estadual","publisher":{"@id":"https:\/\/deputadotaveirajr.com.br\/#organization"},"potentialAction":[{"@type":"SearchAction","target":{"@type":"EntryPoint","urlTemplate":"https:\/\/deputadotaveirajr.com.br\/?s={search_term_string}"},"query-input":{"@type":"PropertyValueSpecification","valueRequired":true,"valueName":"search_term_string"}}],"inLanguage":"pt-BR"},{"@type":"Organization","@id":"https:\/\/deputadotaveirajr.com.br\/#organization","name":"Taveira Jr","url":"https:\/\/deputadotaveirajr.com.br\/","logo":{"@type":"ImageObject","inLanguage":"pt-BR","@id":"https:\/\/deputadotaveirajr.com.br\/#\/schema\/logo\/image\/","url":"https:\/\/deputadotaveirajr.com.br\/wp-content\/uploads\/2026\/01\/logolow2a.png","contentUrl":"https:\/\/deputadotaveirajr.com.br\/wp-content\/uploads\/2026\/01\/logolow2a.png","width":290,"height":80,"caption":"Taveira Jr"},"image":{"@id":"https:\/\/deputadotaveirajr.com.br\/#\/schema\/logo\/image\/"}}]}},"_links":{"self":[{"href":"https:\/\/deputadotaveirajr.com.br\/index.php\/wp-json\/wp\/v2\/pages\/12496","targetHints":{"allow":["GET"]}}],"collection":[{"href":"https:\/\/deputadotaveirajr.com.br\/index.php\/wp-json\/wp\/v2\/pages"}],"about":[{"href":"https:\/\/deputadotaveirajr.com.br\/index.php\/wp-json\/wp\/v2\/types\/page"}],"replies":[{"embeddable":true,"href":"https:\/\/deputadotaveirajr.com.br\/index.php\/wp-json\/wp\/v2\/comments?post=12496"}],"version-history":[{"count":0,"href":"https:\/\/deputadotaveirajr.com.br\/index.php\/wp-json\/wp\/v2\/pages\/12496\/revisions"}],"wp:featuredmedia":[{"embeddable":true,"href":"https:\/\/deputadotaveirajr.com.br\/index.php\/wp-json\/wp\/v2\/media\/12497"}],"wp:attachment":[{"href":"https:\/\/deputadotaveirajr.com.br\/index.php\/wp-json\/wp\/v2\/media?parent=12496"}],"curies":[{"name":"wp","href":"https:\/\/api.w.org\/{rel}","templated":true}]}}