{"id":12502,"date":"2025-03-05T12:34:25","date_gmt":"2025-03-05T15:34:25","guid":{"rendered":"https:\/\/deputadotaveirajr.com.br\/index.php\/tradicionais-na-quarta-de-cinzas-bloco-dos-garis-e-baiacu-na-vara-marcam-despedida-do-carnaval-em-natal\/"},"modified":"2025-03-05T12:34:25","modified_gmt":"2025-03-05T15:34:25","slug":"tradicionais-na-quarta-de-cinzas-bloco-dos-garis-e-baiacu-na-vara-marcam-despedida-do-carnaval-em-natal","status":"publish","type":"page","link":"https:\/\/deputadotaveirajr.com.br\/index.php\/tradicionais-na-quarta-de-cinzas-bloco-dos-garis-e-baiacu-na-vara-marcam-despedida-do-carnaval-em-natal\/","title":{"rendered":"Tradicionais na quarta de cinzas, Bloco dos Garis e Baiacu na Vara marcam despedida do Carnaval em Natal"},"content":{"rendered":"<p><img decoding=\"async\" src=\"https:\/\/s2-g1.glbimg.com\/VKUs5J-dExMIfy1b66TW1Tq99UQ=\/i.s3.glbimg.com\/v1\/AUTH_59edd422c0c84a879bd37670ae4f538a\/internal_photos\/bs\/2025\/e\/B\/UhpfgcTCO41iSCZxVkpw\/whatsapp-image-2025-03-05-at-12.00.27.jpeg\" \/><br \/>     Blocos ocorrem anualmente no \u00faltimo dia de festa na Redinha, na Zona Norte da capital.  Baiacu na Vara sai pelas ruas da Redinha na quarta-feira de Cinzas em Natal<br \/>\nPresen\u00e7as tradicionais no Carnaval de Natal, o Bloco dos Garis e o Baiacu na Vara marcaram o fim do per\u00edodo de folia, entre a manh\u00e3 e o in\u00edcio da tarde desta quarta-feira de cinzas (5), na capital potiguar. Antes da despedida, no entanto, os foli\u00f5es aproveitaram cada momento da festa na Redinha, na Zona Norte.<br \/>\n\ud83d\udcf3Participe do canal do g1 RN no WhatsApp<br \/>\nO bloco dos Garis, que chegou \u00e0 sua 20\u00aa edi\u00e7\u00e3o, re\u00fane para a festa os trabalhadores que passaram os demais dias de carnaval atuando para deixar a cidade limpa para os foli\u00f5es locais e turistas. Muitas outras pessoas tamb\u00e9m se juntam \u00e0 festa, no prolongamento do carnaval.<br \/>\nA concentra\u00e7\u00e3o come\u00e7ou \u00e0s 8h ao lado do viaduto da Redinha e o cortejo percorreu a praia da Zona Norte da capital.<br \/>\nBloco Baiacu na Vara, na Redinha, em Natal<br \/>\nS\u00e9rgio Henrique Santos\/Inter TV Cabugi<br \/>\nNo fim do percurso, o grupo de foli\u00f5es se encontrou em frente ao palco da Pra\u00e7a do Cruzeiro, onde j\u00e1 estava concentrado o Baiacu na Vara.<br \/>\nAp\u00f3s a concentra\u00e7\u00e3o, o Baiacu tamb\u00e9m percorreu as ruas do bairro, animado pelas orquestras de metais e pelos bonecos gigantes. O bloco \u00e9 realizado h\u00e1 35 anos.<br \/>\nAt\u00e9 a \u00faltima atualiza\u00e7\u00e3o desta reportagem, a festa ainda estava acontecendo na regi\u00e3o, com previs\u00e3o de acabar somente no fim da tarde.<br \/>\nBloco dos Garis, na Zona Norte de Natal<br \/>\nS\u00e9rgio Henrique Santos\/Inter TV Cabugi<br \/>\nCrian\u00e7a fantasiada de gari no bloco que homenageia trabalhadores da limpeza urbana de Natal<br \/>\nS\u00e9rgio Henrique Santos\/Inter TV Cabugi<br \/>\nVeja os v\u00eddeos mais assistidos no g1 RN<\/p>","protected":false},"excerpt":{"rendered":"<p>Blocos ocorrem anualmente no \u00faltimo dia de festa na Redinha, na Zona Norte da capital. Baiacu na Vara sai pelas ruas da Redinha na quarta-feira de Cinzas em Natal Presen\u00e7as &#8230;<\/p>\n","protected":false},"author":0,"featured_media":12503,"parent":0,"menu_order":0,"comment_status":"closed","ping_status":"closed","template":"","meta":{"footnotes":""},"class_list":["post-12502","page","type-page","status-publish","has-post-thumbnail","hentry"],"yoast_head":"<!-- This site is optimized with the Yoast SEO plugin v27.1.1 - https:\/\/yoast.com\/product\/yoast-seo-wordpress\/ -->\n<title>Tradicionais na quarta de cinzas, Bloco dos Garis e Baiacu na Vara marcam despedida do Carnaval em Natal - Taveira Jr<\/title>\n<meta name=\"robots\" content=\"index, follow, max-snippet:-1, max-image-preview:large, max-video-preview:-1\" \/>\n<link rel=\"canonical\" href=\"https:\/\/deputadotaveirajr.com.br\/index.php\/tradicionais-na-quarta-de-cinzas-bloco-dos-garis-e-baiacu-na-vara-marcam-despedida-do-carnaval-em-natal\/\" \/>\n<meta property=\"og:locale\" content=\"pt_BR\" \/>\n<meta property=\"og:type\" content=\"article\" \/>\n<meta property=\"og:title\" content=\"Tradicionais na quarta de cinzas, Bloco dos Garis e Baiacu na Vara marcam despedida do Carnaval em Natal - Taveira Jr\" \/>\n<meta property=\"og:description\" content=\"Blocos ocorrem anualmente no \u00faltimo dia de festa na Redinha, na Zona Norte da capital. Baiacu na Vara sai pelas ruas da Redinha na quarta-feira de Cinzas em Natal Presen\u00e7as ...\" \/>\n<meta property=\"og:url\" content=\"https:\/\/deputadotaveirajr.com.br\/index.php\/tradicionais-na-quarta-de-cinzas-bloco-dos-garis-e-baiacu-na-vara-marcam-despedida-do-carnaval-em-natal\/\" \/>\n<meta property=\"og:site_name\" content=\"Taveira Jr\" \/>\n<meta property=\"og:image\" content=\"https:\/\/s2-g1.glbimg.com\/VKUs5J-dExMIfy1b66TW1Tq99UQ=\/i.s3.glbimg.com\/v1\/AUTH_59edd422c0c84a879bd37670ae4f538a\/internal_photos\/bs\/2025\/e\/B\/UhpfgcTCO41iSCZxVkpw\/whatsapp-image-2025-03-05-at-12.00.27.jpeg\" \/>\n<meta name=\"twitter:card\" content=\"summary_large_image\" \/>\n<meta name=\"twitter:label1\" content=\"Est. tempo de leitura\" \/>\n\t<meta name=\"twitter:data1\" content=\"2 minutos\" \/>\n<script type=\"application\/ld+json\" class=\"yoast-schema-graph\">{\"@context\":\"https:\/\/schema.org\",\"@graph\":[{\"@type\":\"WebPage\",\"@id\":\"https:\/\/deputadotaveirajr.com.br\/index.php\/tradicionais-na-quarta-de-cinzas-bloco-dos-garis-e-baiacu-na-vara-marcam-despedida-do-carnaval-em-natal\/\",\"url\":\"https:\/\/deputadotaveirajr.com.br\/index.php\/tradicionais-na-quarta-de-cinzas-bloco-dos-garis-e-baiacu-na-vara-marcam-despedida-do-carnaval-em-natal\/\",\"name\":\"Tradicionais na quarta de cinzas, Bloco dos Garis e Baiacu na Vara marcam despedida do Carnaval em Natal - Taveira Jr\",\"isPartOf\":{\"@id\":\"https:\/\/deputadotaveirajr.com.br\/#website\"},\"primaryImageOfPage\":{\"@id\":\"https:\/\/deputadotaveirajr.com.br\/index.php\/tradicionais-na-quarta-de-cinzas-bloco-dos-garis-e-baiacu-na-vara-marcam-despedida-do-carnaval-em-natal\/#primaryimage\"},\"image\":{\"@id\":\"https:\/\/deputadotaveirajr.com.br\/index.php\/tradicionais-na-quarta-de-cinzas-bloco-dos-garis-e-baiacu-na-vara-marcam-despedida-do-carnaval-em-natal\/#primaryimage\"},\"thumbnailUrl\":\"https:\/\/deputadotaveirajr.com.br\/wp-content\/uploads\/2025\/03\/whatsapp-image-2025-03-05-at-12.00.27-lEPOi9.jpeg\",\"datePublished\":\"2025-03-05T15:34:25+00:00\",\"breadcrumb\":{\"@id\":\"https:\/\/deputadotaveirajr.com.br\/index.php\/tradicionais-na-quarta-de-cinzas-bloco-dos-garis-e-baiacu-na-vara-marcam-despedida-do-carnaval-em-natal\/#breadcrumb\"},\"inLanguage\":\"pt-BR\",\"potentialAction\":[{\"@type\":\"ReadAction\",\"target\":[\"https:\/\/deputadotaveirajr.com.br\/index.php\/tradicionais-na-quarta-de-cinzas-bloco-dos-garis-e-baiacu-na-vara-marcam-despedida-do-carnaval-em-natal\/\"]}]},{\"@type\":\"ImageObject\",\"inLanguage\":\"pt-BR\",\"@id\":\"https:\/\/deputadotaveirajr.com.br\/index.php\/tradicionais-na-quarta-de-cinzas-bloco-dos-garis-e-baiacu-na-vara-marcam-despedida-do-carnaval-em-natal\/#primaryimage\",\"url\":\"https:\/\/deputadotaveirajr.com.br\/wp-content\/uploads\/2025\/03\/whatsapp-image-2025-03-05-at-12.00.27-lEPOi9.jpeg\",\"contentUrl\":\"https:\/\/deputadotaveirajr.com.br\/wp-content\/uploads\/2025\/03\/whatsapp-image-2025-03-05-at-12.00.27-lEPOi9.jpeg\",\"width\":1600,\"height\":1200},{\"@type\":\"BreadcrumbList\",\"@id\":\"https:\/\/deputadotaveirajr.com.br\/index.php\/tradicionais-na-quarta-de-cinzas-bloco-dos-garis-e-baiacu-na-vara-marcam-despedida-do-carnaval-em-natal\/#breadcrumb\",\"itemListElement\":[{\"@type\":\"ListItem\",\"position\":1,\"name\":\"In\u00edcio\",\"item\":\"https:\/\/deputadotaveirajr.com.br\/\"},{\"@type\":\"ListItem\",\"position\":2,\"name\":\"Tradicionais na quarta de cinzas, Bloco dos Garis e Baiacu na Vara marcam despedida do Carnaval em Natal\"}]},{\"@type\":\"WebSite\",\"@id\":\"https:\/\/deputadotaveirajr.com.br\/#website\",\"url\":\"https:\/\/deputadotaveirajr.com.br\/\",\"name\":\"Taveira Jr\",\"description\":\"Deputado Estadual\",\"publisher\":{\"@id\":\"https:\/\/deputadotaveirajr.com.br\/#organization\"},\"potentialAction\":[{\"@type\":\"SearchAction\",\"target\":{\"@type\":\"EntryPoint\",\"urlTemplate\":\"https:\/\/deputadotaveirajr.com.br\/?s={search_term_string}\"},\"query-input\":{\"@type\":\"PropertyValueSpecification\",\"valueRequired\":true,\"valueName\":\"search_term_string\"}}],\"inLanguage\":\"pt-BR\"},{\"@type\":\"Organization\",\"@id\":\"https:\/\/deputadotaveirajr.com.br\/#organization\",\"name\":\"Taveira Jr\",\"url\":\"https:\/\/deputadotaveirajr.com.br\/\",\"logo\":{\"@type\":\"ImageObject\",\"inLanguage\":\"pt-BR\",\"@id\":\"https:\/\/deputadotaveirajr.com.br\/#\/schema\/logo\/image\/\",\"url\":\"https:\/\/deputadotaveirajr.com.br\/wp-content\/uploads\/2026\/01\/logolow2a.png\",\"contentUrl\":\"https:\/\/deputadotaveirajr.com.br\/wp-content\/uploads\/2026\/01\/logolow2a.png\",\"width\":290,\"height\":80,\"caption\":\"Taveira Jr\"},\"image\":{\"@id\":\"https:\/\/deputadotaveirajr.com.br\/#\/schema\/logo\/image\/\"}}]}<\/script>\n<!-- \/ Yoast SEO plugin. -->","yoast_head_json":{"title":"Tradicionais na quarta de cinzas, Bloco dos Garis e Baiacu na Vara marcam despedida do Carnaval em Natal - Taveira Jr","robots":{"index":"index","follow":"follow","max-snippet":"max-snippet:-1","max-image-preview":"max-image-preview:large","max-video-preview":"max-video-preview:-1"},"canonical":"https:\/\/deputadotaveirajr.com.br\/index.php\/tradicionais-na-quarta-de-cinzas-bloco-dos-garis-e-baiacu-na-vara-marcam-despedida-do-carnaval-em-natal\/","og_locale":"pt_BR","og_type":"article","og_title":"Tradicionais na quarta de cinzas, Bloco dos Garis e Baiacu na Vara marcam despedida do Carnaval em Natal - Taveira Jr","og_description":"Blocos ocorrem anualmente no \u00faltimo dia de festa na Redinha, na Zona Norte da capital. Baiacu na Vara sai pelas ruas da Redinha na quarta-feira de Cinzas em Natal Presen\u00e7as ...","og_url":"https:\/\/deputadotaveirajr.com.br\/index.php\/tradicionais-na-quarta-de-cinzas-bloco-dos-garis-e-baiacu-na-vara-marcam-despedida-do-carnaval-em-natal\/","og_site_name":"Taveira Jr","og_image":[{"url":"https:\/\/s2-g1.glbimg.com\/VKUs5J-dExMIfy1b66TW1Tq99UQ=\/i.s3.glbimg.com\/v1\/AUTH_59edd422c0c84a879bd37670ae4f538a\/internal_photos\/bs\/2025\/e\/B\/UhpfgcTCO41iSCZxVkpw\/whatsapp-image-2025-03-05-at-12.00.27.jpeg","type":"","width":"","height":""}],"twitter_card":"summary_large_image","twitter_misc":{"Est. tempo de leitura":"2 minutos"},"schema":{"@context":"https:\/\/schema.org","@graph":[{"@type":"WebPage","@id":"https:\/\/deputadotaveirajr.com.br\/index.php\/tradicionais-na-quarta-de-cinzas-bloco-dos-garis-e-baiacu-na-vara-marcam-despedida-do-carnaval-em-natal\/","url":"https:\/\/deputadotaveirajr.com.br\/index.php\/tradicionais-na-quarta-de-cinzas-bloco-dos-garis-e-baiacu-na-vara-marcam-despedida-do-carnaval-em-natal\/","name":"Tradicionais na quarta de cinzas, Bloco dos Garis e Baiacu na Vara marcam despedida do Carnaval em Natal - Taveira Jr","isPartOf":{"@id":"https:\/\/deputadotaveirajr.com.br\/#website"},"primaryImageOfPage":{"@id":"https:\/\/deputadotaveirajr.com.br\/index.php\/tradicionais-na-quarta-de-cinzas-bloco-dos-garis-e-baiacu-na-vara-marcam-despedida-do-carnaval-em-natal\/#primaryimage"},"image":{"@id":"https:\/\/deputadotaveirajr.com.br\/index.php\/tradicionais-na-quarta-de-cinzas-bloco-dos-garis-e-baiacu-na-vara-marcam-despedida-do-carnaval-em-natal\/#primaryimage"},"thumbnailUrl":"https:\/\/deputadotaveirajr.com.br\/wp-content\/uploads\/2025\/03\/whatsapp-image-2025-03-05-at-12.00.27-lEPOi9.jpeg","datePublished":"2025-03-05T15:34:25+00:00","breadcrumb":{"@id":"https:\/\/deputadotaveirajr.com.br\/index.php\/tradicionais-na-quarta-de-cinzas-bloco-dos-garis-e-baiacu-na-vara-marcam-despedida-do-carnaval-em-natal\/#breadcrumb"},"inLanguage":"pt-BR","potentialAction":[{"@type":"ReadAction","target":["https:\/\/deputadotaveirajr.com.br\/index.php\/tradicionais-na-quarta-de-cinzas-bloco-dos-garis-e-baiacu-na-vara-marcam-despedida-do-carnaval-em-natal\/"]}]},{"@type":"ImageObject","inLanguage":"pt-BR","@id":"https:\/\/deputadotaveirajr.com.br\/index.php\/tradicionais-na-quarta-de-cinzas-bloco-dos-garis-e-baiacu-na-vara-marcam-despedida-do-carnaval-em-natal\/#primaryimage","url":"https:\/\/deputadotaveirajr.com.br\/wp-content\/uploads\/2025\/03\/whatsapp-image-2025-03-05-at-12.00.27-lEPOi9.jpeg","contentUrl":"https:\/\/deputadotaveirajr.com.br\/wp-content\/uploads\/2025\/03\/whatsapp-image-2025-03-05-at-12.00.27-lEPOi9.jpeg","width":1600,"height":1200},{"@type":"BreadcrumbList","@id":"https:\/\/deputadotaveirajr.com.br\/index.php\/tradicionais-na-quarta-de-cinzas-bloco-dos-garis-e-baiacu-na-vara-marcam-despedida-do-carnaval-em-natal\/#breadcrumb","itemListElement":[{"@type":"ListItem","position":1,"name":"In\u00edcio","item":"https:\/\/deputadotaveirajr.com.br\/"},{"@type":"ListItem","position":2,"name":"Tradicionais na quarta de cinzas, Bloco dos Garis e Baiacu na Vara marcam despedida do Carnaval em Natal"}]},{"@type":"WebSite","@id":"https:\/\/deputadotaveirajr.com.br\/#website","url":"https:\/\/deputadotaveirajr.com.br\/","name":"Taveira Jr","description":"Deputado Estadual","publisher":{"@id":"https:\/\/deputadotaveirajr.com.br\/#organization"},"potentialAction":[{"@type":"SearchAction","target":{"@type":"EntryPoint","urlTemplate":"https:\/\/deputadotaveirajr.com.br\/?s={search_term_string}"},"query-input":{"@type":"PropertyValueSpecification","valueRequired":true,"valueName":"search_term_string"}}],"inLanguage":"pt-BR"},{"@type":"Organization","@id":"https:\/\/deputadotaveirajr.com.br\/#organization","name":"Taveira Jr","url":"https:\/\/deputadotaveirajr.com.br\/","logo":{"@type":"ImageObject","inLanguage":"pt-BR","@id":"https:\/\/deputadotaveirajr.com.br\/#\/schema\/logo\/image\/","url":"https:\/\/deputadotaveirajr.com.br\/wp-content\/uploads\/2026\/01\/logolow2a.png","contentUrl":"https:\/\/deputadotaveirajr.com.br\/wp-content\/uploads\/2026\/01\/logolow2a.png","width":290,"height":80,"caption":"Taveira Jr"},"image":{"@id":"https:\/\/deputadotaveirajr.com.br\/#\/schema\/logo\/image\/"}}]}},"_links":{"self":[{"href":"https:\/\/deputadotaveirajr.com.br\/index.php\/wp-json\/wp\/v2\/pages\/12502","targetHints":{"allow":["GET"]}}],"collection":[{"href":"https:\/\/deputadotaveirajr.com.br\/index.php\/wp-json\/wp\/v2\/pages"}],"about":[{"href":"https:\/\/deputadotaveirajr.com.br\/index.php\/wp-json\/wp\/v2\/types\/page"}],"replies":[{"embeddable":true,"href":"https:\/\/deputadotaveirajr.com.br\/index.php\/wp-json\/wp\/v2\/comments?post=12502"}],"version-history":[{"count":0,"href":"https:\/\/deputadotaveirajr.com.br\/index.php\/wp-json\/wp\/v2\/pages\/12502\/revisions"}],"wp:featuredmedia":[{"embeddable":true,"href":"https:\/\/deputadotaveirajr.com.br\/index.php\/wp-json\/wp\/v2\/media\/12503"}],"wp:attachment":[{"href":"https:\/\/deputadotaveirajr.com.br\/index.php\/wp-json\/wp\/v2\/media?parent=12502"}],"curies":[{"name":"wp","href":"https:\/\/api.w.org\/{rel}","templated":true}]}}