{"id":12515,"date":"2025-03-06T12:35:13","date_gmt":"2025-03-06T15:35:13","guid":{"rendered":"https:\/\/deputadotaveirajr.com.br\/index.php\/fieis-catolicos-relatam-queimaduras-na-testa-apos-receberem-sinal-da-cruz-com-cinzas-em-missa-no-rn\/"},"modified":"2025-03-06T12:35:13","modified_gmt":"2025-03-06T15:35:13","slug":"fieis-catolicos-relatam-queimaduras-na-testa-apos-receberem-sinal-da-cruz-com-cinzas-em-missa-no-rn","status":"publish","type":"page","link":"https:\/\/deputadotaveirajr.com.br\/index.php\/fieis-catolicos-relatam-queimaduras-na-testa-apos-receberem-sinal-da-cruz-com-cinzas-em-missa-no-rn\/","title":{"rendered":"Fi\u00e9is cat\u00f3licos relatam queimaduras na testa ap\u00f3s receberem sinal da cruz com cinzas em missa no RN"},"content":{"rendered":"<p><img decoding=\"async\" src=\"https:\/\/s2-g1.glbimg.com\/KHgq8T9irHLj8G94az0nC0sRS3E=\/i.s3.glbimg.com\/v1\/AUTH_59edd422c0c84a879bd37670ae4f538a\/internal_photos\/bs\/2025\/t\/D\/7sFanLTLW6wXuONKY1PQ\/whatsapp-image-2025-03-06-at-11.17.35.jpeg\" \/><br \/>     Caso aconteceu nesta quarta-feira (5) em Carna\u00faba dos Dantas. Igreja ainda n\u00e3o sabe o que pode ter motivado as les\u00f5es na pele dos moradores da comunidade.  Fi\u00e9is relatam queimaduras nas testas ap\u00f3s receberem cinzas no interior do RN<br \/>\nFi\u00e9is cat\u00f3licos que participaram de uma das missas de cinzas realizadas nesta quarta-feira (5) no interior do Rio Grande do Norte relataram que tiveram queimaduras na pele ap\u00f3s receberem a marca da cruz na testa.<br \/>\nO caso aconteceu com os fi\u00e9is que participaram da missa das 19h na Par\u00f3quia de S\u00e3o Jos\u00e9 em Carna\u00faba dos Dantas, na regi\u00e3o Serid\u00f3 potiguar.<br \/>\n\ud83d\udcf3Participe do canal do g1 RN no WhatsApp<br \/>\nO padre Ronney Galv\u00e3o, respons\u00e1vel pela celebra\u00e7\u00e3o, afirmou que ainda n\u00e3o foi poss\u00edvel contabilizar quantas pessoas foram afetadas. O motivo das queimaduras tamb\u00e9m \u00e9 um mist\u00e9rio para a igreja local.<br \/>\nA estudante Sara Helo\u00edsa Sousa \u00e9 uma das pessoas que tiveram a testa queimada. Logo ap\u00f3s receber a marca da cruz, junto com o namorado, ela conta que os dois come\u00e7aram a sentir a ard\u00eancia na pele.<br \/>\n&#8220;Quando a gente entrou na fila, a gente escutou algumas pessoas reclamando de uma queima\u00e7\u00e3o na testa, depois de passar essas cinzas. A gente n\u00e3o tinha sentido nada, at\u00e9 ent\u00e3o. S\u00f3 que come\u00e7ou a queimar, batia o vento e queimava muito, imediatamente eu comecei a tirar e ficou essa marquinha ainda. Meu namorado ficou muito queimado, porque ele passou mais tempo que eu&#8221;, disse.<br \/>\nAinda de acordo com Sara, algumas pessoas, entre elas o pr\u00f3prio padre, brincaram dizendo que a dor seria causada pelos pecados saindo do corpo. Outras acreditavam que podia ser uma alergia, mas a jovem considera que aparentemente foi alguma rea\u00e7\u00e3o qu\u00edmica, pelo fato de v\u00e1rias pessoas terem sido queimadas.<br \/>\nO estudante Luan Jackson ficou com uma marca forte na testa. Ele disse que come\u00e7ou a sentir ard\u00eancia na pele logo ap\u00f3s receber o sinal da cruz.<br \/>\nQueimadura na testa de fiel que recebeu s\u00edmbolo de cruz feito com cinzas em Carna\u00faba dos Dantas, no RN<br \/>\nCedida<br \/>\n&#8220;Foi colocada a cinza sobre o nosso rosto, eu voltei para o lugar que eu estava e, com pouco tempo, come\u00e7ou a queimar, e n\u00e3o passava. Estava queimando muito e eu corri para um amigo meu que \u00e9 vizinho da igreja, lavei, e percebi que tinha queimado a pele. Eu perguntei ao pessoal se estava queimando e responderam que estava&#8221;, relatou.<br \/>\n&#8220;A gente n\u00e3o sabe o que aconteceu. A par\u00f3quia \u00e9 muito organizada e a celebra\u00e7\u00e3o \u00e9 muito bonita&#8221;, disse.<br \/>\nSegundo o padre, a confec\u00e7\u00e3o das cinzas faz parte da tradi\u00e7\u00e3o da Igreja Cat\u00f3lica e simboliza que os seres humanos s\u00e3o p\u00f3 e \u00e9 um chamado para que os crist\u00e3os cat\u00f3licos vivam &#8220;a radicalidade dos exerc\u00edrcios quaresmais&#8221;. Ela \u00e9 aplicada no in\u00edcio da quaresma, o per\u00edodo de 40 dias de prepara\u00e7\u00e3o para a Semana Santa.<br \/>\nAinda de acordo com ele, h\u00e1 diferentes modos de se fazer as cinzas. Em Carna\u00faba dos Dantas, a tradi\u00e7\u00e3o \u00e9 de se recolher os ramos que os fieis levam \u00e0 igreja no domingo de Ramos na abertura da semana santa. Os ramos s\u00e3o guardados e queimados nas fogueiras das festas juninas e as cinzas s\u00e3o recolhidas no dia seguinte para serem guardadas e utilizadas na quarta-feira de cinzas seguinte.<br \/>\n&#8220;Ontem, em nossa comunidade, depois que impomos as cinzas nas testas das pessoas, os fieis relataram que sentiram uma ard\u00eancia, ou que sua pele havia sido lesionada. N\u00f3s n\u00e3o sabemos o porqu\u00ea, os efeitos e as causas deste fato. \u00c9 a primeira vez que ocorre, aqui na nossa cidade, algo deste tipo&#8221;, disse o padre.<br \/>\nVeja os v\u00eddeos mais assistidos no g1 RN<\/p>","protected":false},"excerpt":{"rendered":"<p>Caso aconteceu nesta quarta-feira (5) em Carna\u00faba dos Dantas. Igreja ainda n\u00e3o sabe o que pode ter motivado as les\u00f5es na pele dos moradores da comunidade. Fi\u00e9is relatam queimaduras nas &#8230;<\/p>\n","protected":false},"author":0,"featured_media":12516,"parent":0,"menu_order":0,"comment_status":"closed","ping_status":"closed","template":"","meta":{"footnotes":""},"class_list":["post-12515","page","type-page","status-publish","has-post-thumbnail","hentry"],"yoast_head":"<!-- This site is optimized with the Yoast SEO plugin v27.1.1 - https:\/\/yoast.com\/product\/yoast-seo-wordpress\/ -->\n<title>Fi\u00e9is cat\u00f3licos relatam queimaduras na testa ap\u00f3s receberem sinal da cruz com cinzas em missa no RN - Taveira Jr<\/title>\n<meta name=\"robots\" content=\"index, follow, max-snippet:-1, max-image-preview:large, max-video-preview:-1\" \/>\n<link rel=\"canonical\" href=\"https:\/\/deputadotaveirajr.com.br\/index.php\/fieis-catolicos-relatam-queimaduras-na-testa-apos-receberem-sinal-da-cruz-com-cinzas-em-missa-no-rn\/\" \/>\n<meta property=\"og:locale\" content=\"pt_BR\" \/>\n<meta property=\"og:type\" content=\"article\" \/>\n<meta property=\"og:title\" content=\"Fi\u00e9is cat\u00f3licos relatam queimaduras na testa ap\u00f3s receberem sinal da cruz com cinzas em missa no RN - Taveira Jr\" \/>\n<meta property=\"og:description\" content=\"Caso aconteceu nesta quarta-feira (5) em Carna\u00faba dos Dantas. Igreja ainda n\u00e3o sabe o que pode ter motivado as les\u00f5es na pele dos moradores da comunidade. Fi\u00e9is relatam queimaduras nas ...\" \/>\n<meta property=\"og:url\" content=\"https:\/\/deputadotaveirajr.com.br\/index.php\/fieis-catolicos-relatam-queimaduras-na-testa-apos-receberem-sinal-da-cruz-com-cinzas-em-missa-no-rn\/\" \/>\n<meta property=\"og:site_name\" content=\"Taveira Jr\" \/>\n<meta property=\"og:image\" content=\"https:\/\/s2-g1.glbimg.com\/KHgq8T9irHLj8G94az0nC0sRS3E=\/i.s3.glbimg.com\/v1\/AUTH_59edd422c0c84a879bd37670ae4f538a\/internal_photos\/bs\/2025\/t\/D\/7sFanLTLW6wXuONKY1PQ\/whatsapp-image-2025-03-06-at-11.17.35.jpeg\" \/>\n<meta name=\"twitter:card\" content=\"summary_large_image\" \/>\n<meta name=\"twitter:label1\" content=\"Est. tempo de leitura\" \/>\n\t<meta name=\"twitter:data1\" content=\"3 minutos\" \/>\n<script type=\"application\/ld+json\" class=\"yoast-schema-graph\">{\"@context\":\"https:\/\/schema.org\",\"@graph\":[{\"@type\":\"WebPage\",\"@id\":\"https:\/\/deputadotaveirajr.com.br\/index.php\/fieis-catolicos-relatam-queimaduras-na-testa-apos-receberem-sinal-da-cruz-com-cinzas-em-missa-no-rn\/\",\"url\":\"https:\/\/deputadotaveirajr.com.br\/index.php\/fieis-catolicos-relatam-queimaduras-na-testa-apos-receberem-sinal-da-cruz-com-cinzas-em-missa-no-rn\/\",\"name\":\"Fi\u00e9is cat\u00f3licos relatam queimaduras na testa ap\u00f3s receberem sinal da cruz com cinzas em missa no RN - Taveira Jr\",\"isPartOf\":{\"@id\":\"https:\/\/deputadotaveirajr.com.br\/#website\"},\"primaryImageOfPage\":{\"@id\":\"https:\/\/deputadotaveirajr.com.br\/index.php\/fieis-catolicos-relatam-queimaduras-na-testa-apos-receberem-sinal-da-cruz-com-cinzas-em-missa-no-rn\/#primaryimage\"},\"image\":{\"@id\":\"https:\/\/deputadotaveirajr.com.br\/index.php\/fieis-catolicos-relatam-queimaduras-na-testa-apos-receberem-sinal-da-cruz-com-cinzas-em-missa-no-rn\/#primaryimage\"},\"thumbnailUrl\":\"https:\/\/deputadotaveirajr.com.br\/wp-content\/uploads\/2025\/03\/whatsapp-image-2025-03-06-at-11.17.35-He1zr0.jpeg\",\"datePublished\":\"2025-03-06T15:35:13+00:00\",\"breadcrumb\":{\"@id\":\"https:\/\/deputadotaveirajr.com.br\/index.php\/fieis-catolicos-relatam-queimaduras-na-testa-apos-receberem-sinal-da-cruz-com-cinzas-em-missa-no-rn\/#breadcrumb\"},\"inLanguage\":\"pt-BR\",\"potentialAction\":[{\"@type\":\"ReadAction\",\"target\":[\"https:\/\/deputadotaveirajr.com.br\/index.php\/fieis-catolicos-relatam-queimaduras-na-testa-apos-receberem-sinal-da-cruz-com-cinzas-em-missa-no-rn\/\"]}]},{\"@type\":\"ImageObject\",\"inLanguage\":\"pt-BR\",\"@id\":\"https:\/\/deputadotaveirajr.com.br\/index.php\/fieis-catolicos-relatam-queimaduras-na-testa-apos-receberem-sinal-da-cruz-com-cinzas-em-missa-no-rn\/#primaryimage\",\"url\":\"https:\/\/deputadotaveirajr.com.br\/wp-content\/uploads\/2025\/03\/whatsapp-image-2025-03-06-at-11.17.35-He1zr0.jpeg\",\"contentUrl\":\"https:\/\/deputadotaveirajr.com.br\/wp-content\/uploads\/2025\/03\/whatsapp-image-2025-03-06-at-11.17.35-He1zr0.jpeg\",\"width\":1600,\"height\":1279},{\"@type\":\"BreadcrumbList\",\"@id\":\"https:\/\/deputadotaveirajr.com.br\/index.php\/fieis-catolicos-relatam-queimaduras-na-testa-apos-receberem-sinal-da-cruz-com-cinzas-em-missa-no-rn\/#breadcrumb\",\"itemListElement\":[{\"@type\":\"ListItem\",\"position\":1,\"name\":\"In\u00edcio\",\"item\":\"https:\/\/deputadotaveirajr.com.br\/\"},{\"@type\":\"ListItem\",\"position\":2,\"name\":\"Fi\u00e9is cat\u00f3licos relatam queimaduras na testa ap\u00f3s receberem sinal da cruz com cinzas em missa no RN\"}]},{\"@type\":\"WebSite\",\"@id\":\"https:\/\/deputadotaveirajr.com.br\/#website\",\"url\":\"https:\/\/deputadotaveirajr.com.br\/\",\"name\":\"Taveira Jr\",\"description\":\"Deputado Estadual\",\"publisher\":{\"@id\":\"https:\/\/deputadotaveirajr.com.br\/#organization\"},\"potentialAction\":[{\"@type\":\"SearchAction\",\"target\":{\"@type\":\"EntryPoint\",\"urlTemplate\":\"https:\/\/deputadotaveirajr.com.br\/?s={search_term_string}\"},\"query-input\":{\"@type\":\"PropertyValueSpecification\",\"valueRequired\":true,\"valueName\":\"search_term_string\"}}],\"inLanguage\":\"pt-BR\"},{\"@type\":\"Organization\",\"@id\":\"https:\/\/deputadotaveirajr.com.br\/#organization\",\"name\":\"Taveira Jr\",\"url\":\"https:\/\/deputadotaveirajr.com.br\/\",\"logo\":{\"@type\":\"ImageObject\",\"inLanguage\":\"pt-BR\",\"@id\":\"https:\/\/deputadotaveirajr.com.br\/#\/schema\/logo\/image\/\",\"url\":\"https:\/\/deputadotaveirajr.com.br\/wp-content\/uploads\/2026\/01\/logolow2a.png\",\"contentUrl\":\"https:\/\/deputadotaveirajr.com.br\/wp-content\/uploads\/2026\/01\/logolow2a.png\",\"width\":290,\"height\":80,\"caption\":\"Taveira Jr\"},\"image\":{\"@id\":\"https:\/\/deputadotaveirajr.com.br\/#\/schema\/logo\/image\/\"}}]}<\/script>\n<!-- \/ Yoast SEO plugin. -->","yoast_head_json":{"title":"Fi\u00e9is cat\u00f3licos relatam queimaduras na testa ap\u00f3s receberem sinal da cruz com cinzas em missa no RN - Taveira Jr","robots":{"index":"index","follow":"follow","max-snippet":"max-snippet:-1","max-image-preview":"max-image-preview:large","max-video-preview":"max-video-preview:-1"},"canonical":"https:\/\/deputadotaveirajr.com.br\/index.php\/fieis-catolicos-relatam-queimaduras-na-testa-apos-receberem-sinal-da-cruz-com-cinzas-em-missa-no-rn\/","og_locale":"pt_BR","og_type":"article","og_title":"Fi\u00e9is cat\u00f3licos relatam queimaduras na testa ap\u00f3s receberem sinal da cruz com cinzas em missa no RN - Taveira Jr","og_description":"Caso aconteceu nesta quarta-feira (5) em Carna\u00faba dos Dantas. Igreja ainda n\u00e3o sabe o que pode ter motivado as les\u00f5es na pele dos moradores da comunidade. Fi\u00e9is relatam queimaduras nas ...","og_url":"https:\/\/deputadotaveirajr.com.br\/index.php\/fieis-catolicos-relatam-queimaduras-na-testa-apos-receberem-sinal-da-cruz-com-cinzas-em-missa-no-rn\/","og_site_name":"Taveira Jr","og_image":[{"url":"https:\/\/s2-g1.glbimg.com\/KHgq8T9irHLj8G94az0nC0sRS3E=\/i.s3.glbimg.com\/v1\/AUTH_59edd422c0c84a879bd37670ae4f538a\/internal_photos\/bs\/2025\/t\/D\/7sFanLTLW6wXuONKY1PQ\/whatsapp-image-2025-03-06-at-11.17.35.jpeg","type":"","width":"","height":""}],"twitter_card":"summary_large_image","twitter_misc":{"Est. tempo de leitura":"3 minutos"},"schema":{"@context":"https:\/\/schema.org","@graph":[{"@type":"WebPage","@id":"https:\/\/deputadotaveirajr.com.br\/index.php\/fieis-catolicos-relatam-queimaduras-na-testa-apos-receberem-sinal-da-cruz-com-cinzas-em-missa-no-rn\/","url":"https:\/\/deputadotaveirajr.com.br\/index.php\/fieis-catolicos-relatam-queimaduras-na-testa-apos-receberem-sinal-da-cruz-com-cinzas-em-missa-no-rn\/","name":"Fi\u00e9is cat\u00f3licos relatam queimaduras na testa ap\u00f3s receberem sinal da cruz com cinzas em missa no RN - Taveira Jr","isPartOf":{"@id":"https:\/\/deputadotaveirajr.com.br\/#website"},"primaryImageOfPage":{"@id":"https:\/\/deputadotaveirajr.com.br\/index.php\/fieis-catolicos-relatam-queimaduras-na-testa-apos-receberem-sinal-da-cruz-com-cinzas-em-missa-no-rn\/#primaryimage"},"image":{"@id":"https:\/\/deputadotaveirajr.com.br\/index.php\/fieis-catolicos-relatam-queimaduras-na-testa-apos-receberem-sinal-da-cruz-com-cinzas-em-missa-no-rn\/#primaryimage"},"thumbnailUrl":"https:\/\/deputadotaveirajr.com.br\/wp-content\/uploads\/2025\/03\/whatsapp-image-2025-03-06-at-11.17.35-He1zr0.jpeg","datePublished":"2025-03-06T15:35:13+00:00","breadcrumb":{"@id":"https:\/\/deputadotaveirajr.com.br\/index.php\/fieis-catolicos-relatam-queimaduras-na-testa-apos-receberem-sinal-da-cruz-com-cinzas-em-missa-no-rn\/#breadcrumb"},"inLanguage":"pt-BR","potentialAction":[{"@type":"ReadAction","target":["https:\/\/deputadotaveirajr.com.br\/index.php\/fieis-catolicos-relatam-queimaduras-na-testa-apos-receberem-sinal-da-cruz-com-cinzas-em-missa-no-rn\/"]}]},{"@type":"ImageObject","inLanguage":"pt-BR","@id":"https:\/\/deputadotaveirajr.com.br\/index.php\/fieis-catolicos-relatam-queimaduras-na-testa-apos-receberem-sinal-da-cruz-com-cinzas-em-missa-no-rn\/#primaryimage","url":"https:\/\/deputadotaveirajr.com.br\/wp-content\/uploads\/2025\/03\/whatsapp-image-2025-03-06-at-11.17.35-He1zr0.jpeg","contentUrl":"https:\/\/deputadotaveirajr.com.br\/wp-content\/uploads\/2025\/03\/whatsapp-image-2025-03-06-at-11.17.35-He1zr0.jpeg","width":1600,"height":1279},{"@type":"BreadcrumbList","@id":"https:\/\/deputadotaveirajr.com.br\/index.php\/fieis-catolicos-relatam-queimaduras-na-testa-apos-receberem-sinal-da-cruz-com-cinzas-em-missa-no-rn\/#breadcrumb","itemListElement":[{"@type":"ListItem","position":1,"name":"In\u00edcio","item":"https:\/\/deputadotaveirajr.com.br\/"},{"@type":"ListItem","position":2,"name":"Fi\u00e9is cat\u00f3licos relatam queimaduras na testa ap\u00f3s receberem sinal da cruz com cinzas em missa no RN"}]},{"@type":"WebSite","@id":"https:\/\/deputadotaveirajr.com.br\/#website","url":"https:\/\/deputadotaveirajr.com.br\/","name":"Taveira Jr","description":"Deputado Estadual","publisher":{"@id":"https:\/\/deputadotaveirajr.com.br\/#organization"},"potentialAction":[{"@type":"SearchAction","target":{"@type":"EntryPoint","urlTemplate":"https:\/\/deputadotaveirajr.com.br\/?s={search_term_string}"},"query-input":{"@type":"PropertyValueSpecification","valueRequired":true,"valueName":"search_term_string"}}],"inLanguage":"pt-BR"},{"@type":"Organization","@id":"https:\/\/deputadotaveirajr.com.br\/#organization","name":"Taveira Jr","url":"https:\/\/deputadotaveirajr.com.br\/","logo":{"@type":"ImageObject","inLanguage":"pt-BR","@id":"https:\/\/deputadotaveirajr.com.br\/#\/schema\/logo\/image\/","url":"https:\/\/deputadotaveirajr.com.br\/wp-content\/uploads\/2026\/01\/logolow2a.png","contentUrl":"https:\/\/deputadotaveirajr.com.br\/wp-content\/uploads\/2026\/01\/logolow2a.png","width":290,"height":80,"caption":"Taveira Jr"},"image":{"@id":"https:\/\/deputadotaveirajr.com.br\/#\/schema\/logo\/image\/"}}]}},"_links":{"self":[{"href":"https:\/\/deputadotaveirajr.com.br\/index.php\/wp-json\/wp\/v2\/pages\/12515","targetHints":{"allow":["GET"]}}],"collection":[{"href":"https:\/\/deputadotaveirajr.com.br\/index.php\/wp-json\/wp\/v2\/pages"}],"about":[{"href":"https:\/\/deputadotaveirajr.com.br\/index.php\/wp-json\/wp\/v2\/types\/page"}],"replies":[{"embeddable":true,"href":"https:\/\/deputadotaveirajr.com.br\/index.php\/wp-json\/wp\/v2\/comments?post=12515"}],"version-history":[{"count":0,"href":"https:\/\/deputadotaveirajr.com.br\/index.php\/wp-json\/wp\/v2\/pages\/12515\/revisions"}],"wp:featuredmedia":[{"embeddable":true,"href":"https:\/\/deputadotaveirajr.com.br\/index.php\/wp-json\/wp\/v2\/media\/12516"}],"wp:attachment":[{"href":"https:\/\/deputadotaveirajr.com.br\/index.php\/wp-json\/wp\/v2\/media?parent=12515"}],"curies":[{"name":"wp","href":"https:\/\/api.w.org\/{rel}","templated":true}]}}