{"id":12517,"date":"2025-03-06T12:13:28","date_gmt":"2025-03-06T15:13:28","guid":{"rendered":"https:\/\/deputadotaveirajr.com.br\/index.php\/operacao-carnaval-prf-registra-4-mortes-em-acidentes-nas-rodovias-federais-do-rn\/"},"modified":"2025-03-06T12:13:28","modified_gmt":"2025-03-06T15:13:28","slug":"operacao-carnaval-prf-registra-4-mortes-em-acidentes-nas-rodovias-federais-do-rn","status":"publish","type":"page","link":"https:\/\/deputadotaveirajr.com.br\/index.php\/operacao-carnaval-prf-registra-4-mortes-em-acidentes-nas-rodovias-federais-do-rn\/","title":{"rendered":"Opera\u00e7\u00e3o Carnaval: PRF registra 4 mortes em acidentes nas rodovias federais do RN"},"content":{"rendered":"<p><img decoding=\"async\" src=\"https:\/\/s2-g1.glbimg.com\/IwczONpO7tNDkfRqnm_wgIkKfNQ=\/i.s3.glbimg.com\/v1\/AUTH_59edd422c0c84a879bd37670ae4f538a\/internal_photos\/bs\/2025\/b\/3\/oLjsUzTu2dyZdFnovzhA\/img-4629.png\" \/><br \/>     N\u00famero representa um aumento de 300% em rela\u00e7\u00e3o ao carnaval do ano passado, quando foi registrada uma morte. A Opera\u00e7\u00e3o Carnaval 2025 foi realizada entre os dias 28 de fevereiro e 5 de mar\u00e7o.  Opera\u00e7\u00e3o Carnaval: PRF registra 4 mortes em acidentes nas rodovias federais do RN<br \/>\nPol\u00edcia Rodovi\u00e1ria Federal\/Divulga\u00e7\u00e3o<br \/>\nO n\u00famero de acidentes nas rodovias federais no Rio Grande do Norte caiu 16% durante o carnaval de 2025 em rela\u00e7\u00e3o ao mesmo per\u00edodo do ano passado. De acordo com a Pol\u00edcia Rodovi\u00e1ria Federal, foram registrados 21 acidentes entre os dias 28 de fevereiro e 5 de mar\u00e7o. Em 2024, foram 25.<br \/>\nJ\u00e1 o n\u00famero de mortos em acidentes aumentou em 300%. Foram 4 mortes em 2025, e 1 em 2024. Entre esses casos, dois envolveram motocicletas, e em ambos os condutores n\u00e3o possu\u00edam Carteira Nacional de Habilita\u00e7\u00e3o (CNH).<br \/>\n\ud83d\udcf3Participe do canal do g1 RN no WhatsApp<br \/>\nAl\u00e9m disso, as fiscaliza\u00e7\u00f5es constataram que um deles utilizava capacete desafivelado, enquanto o outro estava sem capacete, fatores que contribu\u00edram para a gravidade das ocorr\u00eancias.<br \/>\nO n\u00famero de feridos em acidentes nas rodovias federais do estado caiu 37%. Foram 20 v\u00edtimas, das quais 16 tiveram ferimentos leves e 4 ficaram em estado grave. De acordo com a PRF, essa redu\u00e7\u00e3o &#8220;reflete o impacto das a\u00e7\u00f5es preventivas e da fiscaliza\u00e7\u00e3o intensificada ao longo do feriado&#8221;.<br \/>\nDurante o Carnaval, a PRF refor\u00e7ou a fiscaliza\u00e7\u00e3o em pontos estrat\u00e9gicos para coibir infra\u00e7\u00f5es que aumentam o risco de acidentes, como excesso de velocidade, ultrapassagens perigosas e consumo de \u00e1lcool. Al\u00e9m disso, foram realizadas a\u00e7\u00f5es educativas para conscientizar os condutores sobre a import\u00e2ncia do respeito \u00e0s leis de tr\u00e2nsito e do uso correto dos equipamentos de seguran\u00e7a.<br \/>\nOpera\u00e7\u00e3o Carnaval: PRF registra 4 mortes em acidentes nas rodovias federais do RN<br \/>\nV\u00cdDEOS: Mais vistos do RN nos \u00faltimos 7 dias<\/p>","protected":false},"excerpt":{"rendered":"<p>N\u00famero representa um aumento de 300% em rela\u00e7\u00e3o ao carnaval do ano passado, quando foi registrada uma morte. A Opera\u00e7\u00e3o Carnaval 2025 foi realizada entre os dias 28 de fevereiro &#8230;<\/p>\n","protected":false},"author":0,"featured_media":12518,"parent":0,"menu_order":0,"comment_status":"closed","ping_status":"closed","template":"","meta":{"footnotes":""},"class_list":["post-12517","page","type-page","status-publish","has-post-thumbnail","hentry"],"yoast_head":"<!-- This site is optimized with the Yoast SEO plugin v27.1.1 - https:\/\/yoast.com\/product\/yoast-seo-wordpress\/ -->\n<title>Opera\u00e7\u00e3o Carnaval: PRF registra 4 mortes em acidentes nas rodovias federais do RN - Taveira Jr<\/title>\n<meta name=\"robots\" content=\"index, follow, max-snippet:-1, max-image-preview:large, max-video-preview:-1\" \/>\n<link rel=\"canonical\" href=\"https:\/\/deputadotaveirajr.com.br\/index.php\/operacao-carnaval-prf-registra-4-mortes-em-acidentes-nas-rodovias-federais-do-rn\/\" \/>\n<meta property=\"og:locale\" content=\"pt_BR\" \/>\n<meta property=\"og:type\" content=\"article\" \/>\n<meta property=\"og:title\" content=\"Opera\u00e7\u00e3o Carnaval: PRF registra 4 mortes em acidentes nas rodovias federais do RN - Taveira Jr\" \/>\n<meta property=\"og:description\" content=\"N\u00famero representa um aumento de 300% em rela\u00e7\u00e3o ao carnaval do ano passado, quando foi registrada uma morte. A Opera\u00e7\u00e3o Carnaval 2025 foi realizada entre os dias 28 de fevereiro ...\" \/>\n<meta property=\"og:url\" content=\"https:\/\/deputadotaveirajr.com.br\/index.php\/operacao-carnaval-prf-registra-4-mortes-em-acidentes-nas-rodovias-federais-do-rn\/\" \/>\n<meta property=\"og:site_name\" content=\"Taveira Jr\" \/>\n<meta property=\"og:image\" content=\"https:\/\/s2-g1.glbimg.com\/IwczONpO7tNDkfRqnm_wgIkKfNQ=\/i.s3.glbimg.com\/v1\/AUTH_59edd422c0c84a879bd37670ae4f538a\/internal_photos\/bs\/2025\/b\/3\/oLjsUzTu2dyZdFnovzhA\/img-4629.png\" \/>\n<meta name=\"twitter:card\" content=\"summary_large_image\" \/>\n<meta name=\"twitter:label1\" content=\"Est. tempo de leitura\" \/>\n\t<meta name=\"twitter:data1\" content=\"2 minutos\" \/>\n<script type=\"application\/ld+json\" class=\"yoast-schema-graph\">{\"@context\":\"https:\/\/schema.org\",\"@graph\":[{\"@type\":\"WebPage\",\"@id\":\"https:\/\/deputadotaveirajr.com.br\/index.php\/operacao-carnaval-prf-registra-4-mortes-em-acidentes-nas-rodovias-federais-do-rn\/\",\"url\":\"https:\/\/deputadotaveirajr.com.br\/index.php\/operacao-carnaval-prf-registra-4-mortes-em-acidentes-nas-rodovias-federais-do-rn\/\",\"name\":\"Opera\u00e7\u00e3o Carnaval: PRF registra 4 mortes em acidentes nas rodovias federais do RN - Taveira Jr\",\"isPartOf\":{\"@id\":\"https:\/\/deputadotaveirajr.com.br\/#website\"},\"primaryImageOfPage\":{\"@id\":\"https:\/\/deputadotaveirajr.com.br\/index.php\/operacao-carnaval-prf-registra-4-mortes-em-acidentes-nas-rodovias-federais-do-rn\/#primaryimage\"},\"image\":{\"@id\":\"https:\/\/deputadotaveirajr.com.br\/index.php\/operacao-carnaval-prf-registra-4-mortes-em-acidentes-nas-rodovias-federais-do-rn\/#primaryimage\"},\"thumbnailUrl\":\"https:\/\/deputadotaveirajr.com.br\/wp-content\/uploads\/2025\/03\/img-4629-dvzBRG.jpeg\",\"datePublished\":\"2025-03-06T15:13:28+00:00\",\"breadcrumb\":{\"@id\":\"https:\/\/deputadotaveirajr.com.br\/index.php\/operacao-carnaval-prf-registra-4-mortes-em-acidentes-nas-rodovias-federais-do-rn\/#breadcrumb\"},\"inLanguage\":\"pt-BR\",\"potentialAction\":[{\"@type\":\"ReadAction\",\"target\":[\"https:\/\/deputadotaveirajr.com.br\/index.php\/operacao-carnaval-prf-registra-4-mortes-em-acidentes-nas-rodovias-federais-do-rn\/\"]}]},{\"@type\":\"ImageObject\",\"inLanguage\":\"pt-BR\",\"@id\":\"https:\/\/deputadotaveirajr.com.br\/index.php\/operacao-carnaval-prf-registra-4-mortes-em-acidentes-nas-rodovias-federais-do-rn\/#primaryimage\",\"url\":\"https:\/\/deputadotaveirajr.com.br\/wp-content\/uploads\/2025\/03\/img-4629-dvzBRG.jpeg\",\"contentUrl\":\"https:\/\/deputadotaveirajr.com.br\/wp-content\/uploads\/2025\/03\/img-4629-dvzBRG.jpeg\",\"width\":1285,\"height\":957},{\"@type\":\"BreadcrumbList\",\"@id\":\"https:\/\/deputadotaveirajr.com.br\/index.php\/operacao-carnaval-prf-registra-4-mortes-em-acidentes-nas-rodovias-federais-do-rn\/#breadcrumb\",\"itemListElement\":[{\"@type\":\"ListItem\",\"position\":1,\"name\":\"In\u00edcio\",\"item\":\"https:\/\/deputadotaveirajr.com.br\/\"},{\"@type\":\"ListItem\",\"position\":2,\"name\":\"Opera\u00e7\u00e3o Carnaval: PRF registra 4 mortes em acidentes nas rodovias federais do RN\"}]},{\"@type\":\"WebSite\",\"@id\":\"https:\/\/deputadotaveirajr.com.br\/#website\",\"url\":\"https:\/\/deputadotaveirajr.com.br\/\",\"name\":\"Taveira Jr\",\"description\":\"Deputado Estadual\",\"publisher\":{\"@id\":\"https:\/\/deputadotaveirajr.com.br\/#organization\"},\"potentialAction\":[{\"@type\":\"SearchAction\",\"target\":{\"@type\":\"EntryPoint\",\"urlTemplate\":\"https:\/\/deputadotaveirajr.com.br\/?s={search_term_string}\"},\"query-input\":{\"@type\":\"PropertyValueSpecification\",\"valueRequired\":true,\"valueName\":\"search_term_string\"}}],\"inLanguage\":\"pt-BR\"},{\"@type\":\"Organization\",\"@id\":\"https:\/\/deputadotaveirajr.com.br\/#organization\",\"name\":\"Taveira Jr\",\"url\":\"https:\/\/deputadotaveirajr.com.br\/\",\"logo\":{\"@type\":\"ImageObject\",\"inLanguage\":\"pt-BR\",\"@id\":\"https:\/\/deputadotaveirajr.com.br\/#\/schema\/logo\/image\/\",\"url\":\"https:\/\/deputadotaveirajr.com.br\/wp-content\/uploads\/2026\/01\/logolow2a.png\",\"contentUrl\":\"https:\/\/deputadotaveirajr.com.br\/wp-content\/uploads\/2026\/01\/logolow2a.png\",\"width\":290,\"height\":80,\"caption\":\"Taveira Jr\"},\"image\":{\"@id\":\"https:\/\/deputadotaveirajr.com.br\/#\/schema\/logo\/image\/\"}}]}<\/script>\n<!-- \/ Yoast SEO plugin. -->","yoast_head_json":{"title":"Opera\u00e7\u00e3o Carnaval: PRF registra 4 mortes em acidentes nas rodovias federais do RN - Taveira Jr","robots":{"index":"index","follow":"follow","max-snippet":"max-snippet:-1","max-image-preview":"max-image-preview:large","max-video-preview":"max-video-preview:-1"},"canonical":"https:\/\/deputadotaveirajr.com.br\/index.php\/operacao-carnaval-prf-registra-4-mortes-em-acidentes-nas-rodovias-federais-do-rn\/","og_locale":"pt_BR","og_type":"article","og_title":"Opera\u00e7\u00e3o Carnaval: PRF registra 4 mortes em acidentes nas rodovias federais do RN - Taveira Jr","og_description":"N\u00famero representa um aumento de 300% em rela\u00e7\u00e3o ao carnaval do ano passado, quando foi registrada uma morte. A Opera\u00e7\u00e3o Carnaval 2025 foi realizada entre os dias 28 de fevereiro ...","og_url":"https:\/\/deputadotaveirajr.com.br\/index.php\/operacao-carnaval-prf-registra-4-mortes-em-acidentes-nas-rodovias-federais-do-rn\/","og_site_name":"Taveira Jr","og_image":[{"url":"https:\/\/s2-g1.glbimg.com\/IwczONpO7tNDkfRqnm_wgIkKfNQ=\/i.s3.glbimg.com\/v1\/AUTH_59edd422c0c84a879bd37670ae4f538a\/internal_photos\/bs\/2025\/b\/3\/oLjsUzTu2dyZdFnovzhA\/img-4629.png","type":"","width":"","height":""}],"twitter_card":"summary_large_image","twitter_misc":{"Est. tempo de leitura":"2 minutos"},"schema":{"@context":"https:\/\/schema.org","@graph":[{"@type":"WebPage","@id":"https:\/\/deputadotaveirajr.com.br\/index.php\/operacao-carnaval-prf-registra-4-mortes-em-acidentes-nas-rodovias-federais-do-rn\/","url":"https:\/\/deputadotaveirajr.com.br\/index.php\/operacao-carnaval-prf-registra-4-mortes-em-acidentes-nas-rodovias-federais-do-rn\/","name":"Opera\u00e7\u00e3o Carnaval: PRF registra 4 mortes em acidentes nas rodovias federais do RN - Taveira Jr","isPartOf":{"@id":"https:\/\/deputadotaveirajr.com.br\/#website"},"primaryImageOfPage":{"@id":"https:\/\/deputadotaveirajr.com.br\/index.php\/operacao-carnaval-prf-registra-4-mortes-em-acidentes-nas-rodovias-federais-do-rn\/#primaryimage"},"image":{"@id":"https:\/\/deputadotaveirajr.com.br\/index.php\/operacao-carnaval-prf-registra-4-mortes-em-acidentes-nas-rodovias-federais-do-rn\/#primaryimage"},"thumbnailUrl":"https:\/\/deputadotaveirajr.com.br\/wp-content\/uploads\/2025\/03\/img-4629-dvzBRG.jpeg","datePublished":"2025-03-06T15:13:28+00:00","breadcrumb":{"@id":"https:\/\/deputadotaveirajr.com.br\/index.php\/operacao-carnaval-prf-registra-4-mortes-em-acidentes-nas-rodovias-federais-do-rn\/#breadcrumb"},"inLanguage":"pt-BR","potentialAction":[{"@type":"ReadAction","target":["https:\/\/deputadotaveirajr.com.br\/index.php\/operacao-carnaval-prf-registra-4-mortes-em-acidentes-nas-rodovias-federais-do-rn\/"]}]},{"@type":"ImageObject","inLanguage":"pt-BR","@id":"https:\/\/deputadotaveirajr.com.br\/index.php\/operacao-carnaval-prf-registra-4-mortes-em-acidentes-nas-rodovias-federais-do-rn\/#primaryimage","url":"https:\/\/deputadotaveirajr.com.br\/wp-content\/uploads\/2025\/03\/img-4629-dvzBRG.jpeg","contentUrl":"https:\/\/deputadotaveirajr.com.br\/wp-content\/uploads\/2025\/03\/img-4629-dvzBRG.jpeg","width":1285,"height":957},{"@type":"BreadcrumbList","@id":"https:\/\/deputadotaveirajr.com.br\/index.php\/operacao-carnaval-prf-registra-4-mortes-em-acidentes-nas-rodovias-federais-do-rn\/#breadcrumb","itemListElement":[{"@type":"ListItem","position":1,"name":"In\u00edcio","item":"https:\/\/deputadotaveirajr.com.br\/"},{"@type":"ListItem","position":2,"name":"Opera\u00e7\u00e3o Carnaval: PRF registra 4 mortes em acidentes nas rodovias federais do RN"}]},{"@type":"WebSite","@id":"https:\/\/deputadotaveirajr.com.br\/#website","url":"https:\/\/deputadotaveirajr.com.br\/","name":"Taveira Jr","description":"Deputado Estadual","publisher":{"@id":"https:\/\/deputadotaveirajr.com.br\/#organization"},"potentialAction":[{"@type":"SearchAction","target":{"@type":"EntryPoint","urlTemplate":"https:\/\/deputadotaveirajr.com.br\/?s={search_term_string}"},"query-input":{"@type":"PropertyValueSpecification","valueRequired":true,"valueName":"search_term_string"}}],"inLanguage":"pt-BR"},{"@type":"Organization","@id":"https:\/\/deputadotaveirajr.com.br\/#organization","name":"Taveira Jr","url":"https:\/\/deputadotaveirajr.com.br\/","logo":{"@type":"ImageObject","inLanguage":"pt-BR","@id":"https:\/\/deputadotaveirajr.com.br\/#\/schema\/logo\/image\/","url":"https:\/\/deputadotaveirajr.com.br\/wp-content\/uploads\/2026\/01\/logolow2a.png","contentUrl":"https:\/\/deputadotaveirajr.com.br\/wp-content\/uploads\/2026\/01\/logolow2a.png","width":290,"height":80,"caption":"Taveira Jr"},"image":{"@id":"https:\/\/deputadotaveirajr.com.br\/#\/schema\/logo\/image\/"}}]}},"_links":{"self":[{"href":"https:\/\/deputadotaveirajr.com.br\/index.php\/wp-json\/wp\/v2\/pages\/12517","targetHints":{"allow":["GET"]}}],"collection":[{"href":"https:\/\/deputadotaveirajr.com.br\/index.php\/wp-json\/wp\/v2\/pages"}],"about":[{"href":"https:\/\/deputadotaveirajr.com.br\/index.php\/wp-json\/wp\/v2\/types\/page"}],"replies":[{"embeddable":true,"href":"https:\/\/deputadotaveirajr.com.br\/index.php\/wp-json\/wp\/v2\/comments?post=12517"}],"version-history":[{"count":0,"href":"https:\/\/deputadotaveirajr.com.br\/index.php\/wp-json\/wp\/v2\/pages\/12517\/revisions"}],"wp:featuredmedia":[{"embeddable":true,"href":"https:\/\/deputadotaveirajr.com.br\/index.php\/wp-json\/wp\/v2\/media\/12518"}],"wp:attachment":[{"href":"https:\/\/deputadotaveirajr.com.br\/index.php\/wp-json\/wp\/v2\/media?parent=12517"}],"curies":[{"name":"wp","href":"https:\/\/api.w.org\/{rel}","templated":true}]}}