{"id":12519,"date":"2025-03-06T16:10:46","date_gmt":"2025-03-06T19:10:46","guid":{"rendered":"https:\/\/deputadotaveirajr.com.br\/index.php\/roberto-carlos-faz-show-de-aniversario-em-natal-saiba-onde-comprar-os-ingressos\/"},"modified":"2025-03-06T16:10:46","modified_gmt":"2025-03-06T19:10:46","slug":"roberto-carlos-faz-show-de-aniversario-em-natal-saiba-onde-comprar-os-ingressos","status":"publish","type":"page","link":"https:\/\/deputadotaveirajr.com.br\/index.php\/roberto-carlos-faz-show-de-aniversario-em-natal-saiba-onde-comprar-os-ingressos\/","title":{"rendered":"Roberto Carlos faz show de anivers\u00e1rio em Natal; saiba onde comprar os ingressos"},"content":{"rendered":"<p><img decoding=\"async\" src=\"https:\/\/s2-g1.glbimg.com\/xZVeaDBOW6bvd1NSQKXrhjEpb7c=\/i.s3.glbimg.com\/v1\/AUTH_59edd422c0c84a879bd37670ae4f538a\/internal_photos\/bs\/2024\/U\/P\/8eRLqPTV2WkoeqIcCwTA\/whatsapp-image-2024-12-28-at-22.58.38.jpeg\" \/><br \/>     Venda de ingressos come\u00e7a nesta quinta (6). Show acontece dia 19 de abril, mesmo dia do anivers\u00e1rio do cantor. Roberto Carlos faz show de anivers\u00e1rio em Natal<br \/>\nDivulga\u00e7\u00e3o\/GEA<br \/>\nNatal recebe no dia 19 de abril o show da nova turn\u00ea de Roberto Carlos: Eu Ofere\u00e7o Flores. A data \u00e9 tamb\u00e9m o anivers\u00e1rio de 84 anos do artista. O shoe acontece na Arena das Dunas, \u00e0s 21h.<br \/>\nOs ingressos come\u00e7aram a ser vendidos nesta quinta-feira (6) pela internet. As vendas f\u00edsicas ter\u00e3o in\u00edcio a partir de sexta (7) nas lojas da CVC do Midway e do shopping Cidade Jardim.<br \/>\n\ud83d\udcf3Participe do canal do g1 RN no WhatsApp<br \/>\nVeja abaixo os valores do ingressos:<br \/>\nCadeira Azul: Meia Entrada R$ 540,00 | Solid\u00e1rio R$ 550,00<br \/>\nCadeira Amarela: Inteira R$ 720,00 | Meia Entrada R$ 360,00 | Solid\u00e1rio R$ 370,00<br \/>\nCadeira Branca: Inteira R$ 400,00 | Meia Entrada R$ 200,00 | Solid\u00e1rio R$ 210,00<br \/>\nOeste Inferior: Inteira R$ 260,00 | Meia Entrada R$ 130,00 | Solid\u00e1rio R$ 140,00<br \/>\nLeste Superior: Inteira R$ 120,00 | Meia Entrada R$ 60,00 | Solid\u00e1rio R$ 70,00<br \/>\nSul Inferior: Inteira R$ 80,00 | Meia Entrada R$ 40,00 | Solid\u00e1rio R$ 50,00<br \/>\nLeste Inferior: Inteira R$ 180,00 | Meia Entrada R$ 90,00 | Solid\u00e1rio R$ 100,00<br \/>\n\u00c1rea PCD: Gramado R$ 200,00<\/p>","protected":false},"excerpt":{"rendered":"<p>Venda de ingressos come\u00e7a nesta quinta (6). Show acontece dia 19 de abril, mesmo dia do anivers\u00e1rio do cantor. Roberto Carlos faz show de anivers\u00e1rio em Natal Divulga\u00e7\u00e3o\/GEA Natal recebe &#8230;<\/p>\n","protected":false},"author":0,"featured_media":12520,"parent":0,"menu_order":0,"comment_status":"closed","ping_status":"closed","template":"","meta":{"footnotes":""},"class_list":["post-12519","page","type-page","status-publish","has-post-thumbnail","hentry"],"yoast_head":"<!-- This site is optimized with the Yoast SEO plugin v27.1.1 - https:\/\/yoast.com\/product\/yoast-seo-wordpress\/ -->\n<title>Roberto Carlos faz show de anivers\u00e1rio em Natal; saiba onde comprar os ingressos - Taveira Jr<\/title>\n<meta name=\"robots\" content=\"index, follow, max-snippet:-1, max-image-preview:large, max-video-preview:-1\" \/>\n<link rel=\"canonical\" href=\"https:\/\/deputadotaveirajr.com.br\/index.php\/roberto-carlos-faz-show-de-aniversario-em-natal-saiba-onde-comprar-os-ingressos\/\" \/>\n<meta property=\"og:locale\" content=\"pt_BR\" \/>\n<meta property=\"og:type\" content=\"article\" \/>\n<meta property=\"og:title\" content=\"Roberto Carlos faz show de anivers\u00e1rio em Natal; saiba onde comprar os ingressos - Taveira Jr\" \/>\n<meta property=\"og:description\" content=\"Venda de ingressos come\u00e7a nesta quinta (6). Show acontece dia 19 de abril, mesmo dia do anivers\u00e1rio do cantor. Roberto Carlos faz show de anivers\u00e1rio em Natal Divulga\u00e7\u00e3o\/GEA Natal recebe ...\" \/>\n<meta property=\"og:url\" content=\"https:\/\/deputadotaveirajr.com.br\/index.php\/roberto-carlos-faz-show-de-aniversario-em-natal-saiba-onde-comprar-os-ingressos\/\" \/>\n<meta property=\"og:site_name\" content=\"Taveira Jr\" \/>\n<meta property=\"og:image\" content=\"https:\/\/s2-g1.glbimg.com\/xZVeaDBOW6bvd1NSQKXrhjEpb7c=\/i.s3.glbimg.com\/v1\/AUTH_59edd422c0c84a879bd37670ae4f538a\/internal_photos\/bs\/2024\/U\/P\/8eRLqPTV2WkoeqIcCwTA\/whatsapp-image-2024-12-28-at-22.58.38.jpeg\" \/>\n<meta name=\"twitter:card\" content=\"summary_large_image\" \/>\n<meta name=\"twitter:label1\" content=\"Est. tempo de leitura\" \/>\n\t<meta name=\"twitter:data1\" content=\"1 minuto\" \/>\n<script type=\"application\/ld+json\" class=\"yoast-schema-graph\">{\"@context\":\"https:\/\/schema.org\",\"@graph\":[{\"@type\":\"WebPage\",\"@id\":\"https:\/\/deputadotaveirajr.com.br\/index.php\/roberto-carlos-faz-show-de-aniversario-em-natal-saiba-onde-comprar-os-ingressos\/\",\"url\":\"https:\/\/deputadotaveirajr.com.br\/index.php\/roberto-carlos-faz-show-de-aniversario-em-natal-saiba-onde-comprar-os-ingressos\/\",\"name\":\"Roberto Carlos faz show de anivers\u00e1rio em Natal; saiba onde comprar os ingressos - Taveira Jr\",\"isPartOf\":{\"@id\":\"https:\/\/deputadotaveirajr.com.br\/#website\"},\"primaryImageOfPage\":{\"@id\":\"https:\/\/deputadotaveirajr.com.br\/index.php\/roberto-carlos-faz-show-de-aniversario-em-natal-saiba-onde-comprar-os-ingressos\/#primaryimage\"},\"image\":{\"@id\":\"https:\/\/deputadotaveirajr.com.br\/index.php\/roberto-carlos-faz-show-de-aniversario-em-natal-saiba-onde-comprar-os-ingressos\/#primaryimage\"},\"thumbnailUrl\":\"https:\/\/deputadotaveirajr.com.br\/wp-content\/uploads\/2025\/03\/whatsapp-image-2024-12-28-at-22.58.38-riGqNO.jpeg\",\"datePublished\":\"2025-03-06T19:10:46+00:00\",\"breadcrumb\":{\"@id\":\"https:\/\/deputadotaveirajr.com.br\/index.php\/roberto-carlos-faz-show-de-aniversario-em-natal-saiba-onde-comprar-os-ingressos\/#breadcrumb\"},\"inLanguage\":\"pt-BR\",\"potentialAction\":[{\"@type\":\"ReadAction\",\"target\":[\"https:\/\/deputadotaveirajr.com.br\/index.php\/roberto-carlos-faz-show-de-aniversario-em-natal-saiba-onde-comprar-os-ingressos\/\"]}]},{\"@type\":\"ImageObject\",\"inLanguage\":\"pt-BR\",\"@id\":\"https:\/\/deputadotaveirajr.com.br\/index.php\/roberto-carlos-faz-show-de-aniversario-em-natal-saiba-onde-comprar-os-ingressos\/#primaryimage\",\"url\":\"https:\/\/deputadotaveirajr.com.br\/wp-content\/uploads\/2025\/03\/whatsapp-image-2024-12-28-at-22.58.38-riGqNO.jpeg\",\"contentUrl\":\"https:\/\/deputadotaveirajr.com.br\/wp-content\/uploads\/2025\/03\/whatsapp-image-2024-12-28-at-22.58.38-riGqNO.jpeg\",\"width\":800,\"height\":535},{\"@type\":\"BreadcrumbList\",\"@id\":\"https:\/\/deputadotaveirajr.com.br\/index.php\/roberto-carlos-faz-show-de-aniversario-em-natal-saiba-onde-comprar-os-ingressos\/#breadcrumb\",\"itemListElement\":[{\"@type\":\"ListItem\",\"position\":1,\"name\":\"In\u00edcio\",\"item\":\"https:\/\/deputadotaveirajr.com.br\/\"},{\"@type\":\"ListItem\",\"position\":2,\"name\":\"Roberto Carlos faz show de anivers\u00e1rio em Natal; saiba onde comprar os ingressos\"}]},{\"@type\":\"WebSite\",\"@id\":\"https:\/\/deputadotaveirajr.com.br\/#website\",\"url\":\"https:\/\/deputadotaveirajr.com.br\/\",\"name\":\"Taveira Jr\",\"description\":\"Deputado Estadual\",\"publisher\":{\"@id\":\"https:\/\/deputadotaveirajr.com.br\/#organization\"},\"potentialAction\":[{\"@type\":\"SearchAction\",\"target\":{\"@type\":\"EntryPoint\",\"urlTemplate\":\"https:\/\/deputadotaveirajr.com.br\/?s={search_term_string}\"},\"query-input\":{\"@type\":\"PropertyValueSpecification\",\"valueRequired\":true,\"valueName\":\"search_term_string\"}}],\"inLanguage\":\"pt-BR\"},{\"@type\":\"Organization\",\"@id\":\"https:\/\/deputadotaveirajr.com.br\/#organization\",\"name\":\"Taveira Jr\",\"url\":\"https:\/\/deputadotaveirajr.com.br\/\",\"logo\":{\"@type\":\"ImageObject\",\"inLanguage\":\"pt-BR\",\"@id\":\"https:\/\/deputadotaveirajr.com.br\/#\/schema\/logo\/image\/\",\"url\":\"https:\/\/deputadotaveirajr.com.br\/wp-content\/uploads\/2026\/01\/logolow2a.png\",\"contentUrl\":\"https:\/\/deputadotaveirajr.com.br\/wp-content\/uploads\/2026\/01\/logolow2a.png\",\"width\":290,\"height\":80,\"caption\":\"Taveira Jr\"},\"image\":{\"@id\":\"https:\/\/deputadotaveirajr.com.br\/#\/schema\/logo\/image\/\"}}]}<\/script>\n<!-- \/ Yoast SEO plugin. -->","yoast_head_json":{"title":"Roberto Carlos faz show de anivers\u00e1rio em Natal; saiba onde comprar os ingressos - Taveira Jr","robots":{"index":"index","follow":"follow","max-snippet":"max-snippet:-1","max-image-preview":"max-image-preview:large","max-video-preview":"max-video-preview:-1"},"canonical":"https:\/\/deputadotaveirajr.com.br\/index.php\/roberto-carlos-faz-show-de-aniversario-em-natal-saiba-onde-comprar-os-ingressos\/","og_locale":"pt_BR","og_type":"article","og_title":"Roberto Carlos faz show de anivers\u00e1rio em Natal; saiba onde comprar os ingressos - Taveira Jr","og_description":"Venda de ingressos come\u00e7a nesta quinta (6). Show acontece dia 19 de abril, mesmo dia do anivers\u00e1rio do cantor. Roberto Carlos faz show de anivers\u00e1rio em Natal Divulga\u00e7\u00e3o\/GEA Natal recebe ...","og_url":"https:\/\/deputadotaveirajr.com.br\/index.php\/roberto-carlos-faz-show-de-aniversario-em-natal-saiba-onde-comprar-os-ingressos\/","og_site_name":"Taveira Jr","og_image":[{"url":"https:\/\/s2-g1.glbimg.com\/xZVeaDBOW6bvd1NSQKXrhjEpb7c=\/i.s3.glbimg.com\/v1\/AUTH_59edd422c0c84a879bd37670ae4f538a\/internal_photos\/bs\/2024\/U\/P\/8eRLqPTV2WkoeqIcCwTA\/whatsapp-image-2024-12-28-at-22.58.38.jpeg","type":"","width":"","height":""}],"twitter_card":"summary_large_image","twitter_misc":{"Est. tempo de leitura":"1 minuto"},"schema":{"@context":"https:\/\/schema.org","@graph":[{"@type":"WebPage","@id":"https:\/\/deputadotaveirajr.com.br\/index.php\/roberto-carlos-faz-show-de-aniversario-em-natal-saiba-onde-comprar-os-ingressos\/","url":"https:\/\/deputadotaveirajr.com.br\/index.php\/roberto-carlos-faz-show-de-aniversario-em-natal-saiba-onde-comprar-os-ingressos\/","name":"Roberto Carlos faz show de anivers\u00e1rio em Natal; saiba onde comprar os ingressos - Taveira Jr","isPartOf":{"@id":"https:\/\/deputadotaveirajr.com.br\/#website"},"primaryImageOfPage":{"@id":"https:\/\/deputadotaveirajr.com.br\/index.php\/roberto-carlos-faz-show-de-aniversario-em-natal-saiba-onde-comprar-os-ingressos\/#primaryimage"},"image":{"@id":"https:\/\/deputadotaveirajr.com.br\/index.php\/roberto-carlos-faz-show-de-aniversario-em-natal-saiba-onde-comprar-os-ingressos\/#primaryimage"},"thumbnailUrl":"https:\/\/deputadotaveirajr.com.br\/wp-content\/uploads\/2025\/03\/whatsapp-image-2024-12-28-at-22.58.38-riGqNO.jpeg","datePublished":"2025-03-06T19:10:46+00:00","breadcrumb":{"@id":"https:\/\/deputadotaveirajr.com.br\/index.php\/roberto-carlos-faz-show-de-aniversario-em-natal-saiba-onde-comprar-os-ingressos\/#breadcrumb"},"inLanguage":"pt-BR","potentialAction":[{"@type":"ReadAction","target":["https:\/\/deputadotaveirajr.com.br\/index.php\/roberto-carlos-faz-show-de-aniversario-em-natal-saiba-onde-comprar-os-ingressos\/"]}]},{"@type":"ImageObject","inLanguage":"pt-BR","@id":"https:\/\/deputadotaveirajr.com.br\/index.php\/roberto-carlos-faz-show-de-aniversario-em-natal-saiba-onde-comprar-os-ingressos\/#primaryimage","url":"https:\/\/deputadotaveirajr.com.br\/wp-content\/uploads\/2025\/03\/whatsapp-image-2024-12-28-at-22.58.38-riGqNO.jpeg","contentUrl":"https:\/\/deputadotaveirajr.com.br\/wp-content\/uploads\/2025\/03\/whatsapp-image-2024-12-28-at-22.58.38-riGqNO.jpeg","width":800,"height":535},{"@type":"BreadcrumbList","@id":"https:\/\/deputadotaveirajr.com.br\/index.php\/roberto-carlos-faz-show-de-aniversario-em-natal-saiba-onde-comprar-os-ingressos\/#breadcrumb","itemListElement":[{"@type":"ListItem","position":1,"name":"In\u00edcio","item":"https:\/\/deputadotaveirajr.com.br\/"},{"@type":"ListItem","position":2,"name":"Roberto Carlos faz show de anivers\u00e1rio em Natal; saiba onde comprar os ingressos"}]},{"@type":"WebSite","@id":"https:\/\/deputadotaveirajr.com.br\/#website","url":"https:\/\/deputadotaveirajr.com.br\/","name":"Taveira Jr","description":"Deputado Estadual","publisher":{"@id":"https:\/\/deputadotaveirajr.com.br\/#organization"},"potentialAction":[{"@type":"SearchAction","target":{"@type":"EntryPoint","urlTemplate":"https:\/\/deputadotaveirajr.com.br\/?s={search_term_string}"},"query-input":{"@type":"PropertyValueSpecification","valueRequired":true,"valueName":"search_term_string"}}],"inLanguage":"pt-BR"},{"@type":"Organization","@id":"https:\/\/deputadotaveirajr.com.br\/#organization","name":"Taveira Jr","url":"https:\/\/deputadotaveirajr.com.br\/","logo":{"@type":"ImageObject","inLanguage":"pt-BR","@id":"https:\/\/deputadotaveirajr.com.br\/#\/schema\/logo\/image\/","url":"https:\/\/deputadotaveirajr.com.br\/wp-content\/uploads\/2026\/01\/logolow2a.png","contentUrl":"https:\/\/deputadotaveirajr.com.br\/wp-content\/uploads\/2026\/01\/logolow2a.png","width":290,"height":80,"caption":"Taveira Jr"},"image":{"@id":"https:\/\/deputadotaveirajr.com.br\/#\/schema\/logo\/image\/"}}]}},"_links":{"self":[{"href":"https:\/\/deputadotaveirajr.com.br\/index.php\/wp-json\/wp\/v2\/pages\/12519","targetHints":{"allow":["GET"]}}],"collection":[{"href":"https:\/\/deputadotaveirajr.com.br\/index.php\/wp-json\/wp\/v2\/pages"}],"about":[{"href":"https:\/\/deputadotaveirajr.com.br\/index.php\/wp-json\/wp\/v2\/types\/page"}],"replies":[{"embeddable":true,"href":"https:\/\/deputadotaveirajr.com.br\/index.php\/wp-json\/wp\/v2\/comments?post=12519"}],"version-history":[{"count":0,"href":"https:\/\/deputadotaveirajr.com.br\/index.php\/wp-json\/wp\/v2\/pages\/12519\/revisions"}],"wp:featuredmedia":[{"embeddable":true,"href":"https:\/\/deputadotaveirajr.com.br\/index.php\/wp-json\/wp\/v2\/media\/12520"}],"wp:attachment":[{"href":"https:\/\/deputadotaveirajr.com.br\/index.php\/wp-json\/wp\/v2\/media?parent=12519"}],"curies":[{"name":"wp","href":"https:\/\/api.w.org\/{rel}","templated":true}]}}