{"id":12521,"date":"2025-03-06T18:36:58","date_gmt":"2025-03-06T21:36:58","guid":{"rendered":"https:\/\/deputadotaveirajr.com.br\/index.php\/obra-de-drenagem-da-engorda-de-ponta-negra-e-concluida-diz-seinfra\/"},"modified":"2025-03-06T18:36:58","modified_gmt":"2025-03-06T21:36:58","slug":"obra-de-drenagem-da-engorda-de-ponta-negra-e-concluida-diz-seinfra","status":"publish","type":"page","link":"https:\/\/deputadotaveirajr.com.br\/index.php\/obra-de-drenagem-da-engorda-de-ponta-negra-e-concluida-diz-seinfra\/","title":{"rendered":"Obra de drenagem da engorda de Ponta Negra \u00e9 conclu\u00edda, diz Seinfra"},"content":{"rendered":"<p><img decoding=\"async\" src=\"https:\/\/s2-g1.glbimg.com\/ajgfroDMp9Dz14gqKrHSa_TJS9c=\/i.s3.glbimg.com\/v1\/AUTH_59edd422c0c84a879bd37670ae4f538a\/internal_photos\/bs\/2025\/I\/U\/AGpwAdSNqGJKnBhIQlTw\/dissipadores.jpeg\" \/><br \/>     Defesa Civil Nacional havia apontado durante inspe\u00e7\u00e3o em 27 de fevereiro do ano passado que 8 dos 16 dissipadores ainda n\u00e3o haviam sido conclu\u00eddos. Engorda da praia de Ponta Negra: 16 dissipadores foram colocados para drenagem da \u00e1gua<br \/>\nDivulga\u00e7\u00e3o<br \/>\nA obra de drenagem da engorda da praia de Ponta Negra, em Natal, foi conclu\u00edda e todos os 16 dissipadores passaram a funcionar. De acordo com a Secretaria Municipal de Infraestrutura (Seinfra), a obra foi conclu\u00edda no fim de fevereiro.<br \/>\nOs dissipadores s\u00e3o estruturas que reduzem a velocidade da \u00e1gua durante o escoamento.  A secretaria informou ainda que trabalha na execu\u00e7\u00e3o dos acabamentos e tampas dos dispositivos.<br \/>\n\ud83d\udcf3Participe do canal do g1 RN no WhatsApp<br \/>\nNa semana passada, um relat\u00f3rio da Defesa Civil Nacional informou que pelo menos 8 dos 16 dissipadores previstos da rede de drenagem pluvial ainda n\u00e3o funcionavam. Al\u00e9m de problemas na drenagem, o relat\u00f3rio apontou o descumprimento da Licen\u00e7a de Instala\u00e7\u00e3o e Opera\u00e7\u00e3o na obra.<br \/>\nO relat\u00f3rio foi realizado ap\u00f3s uma inspe\u00e7\u00e3o nos dias 6 e 7 de fevereiro, quando Natal recebeu chuvas de quase 100 mil\u00edmetros que causaram alagamentos no trecho da engorda. Essa n\u00e3o foi a primeira vez que o trecho alagou, j\u00e1 que em janeiro um alagamento e mau cheiro no trecho tamb\u00e9m havia sido registrado.<br \/>\nOs dissipadores instalados, segundo a Seinfra, funcionam para minimizar a for\u00e7a da \u00e1gua das chuvas que s\u00e3o captadas desde o bairro de Ponta Negra at\u00e9 a praia.<br \/>\nDe acordo com a Seinfra, a drenagem era a etapa que faltava para conclus\u00e3o da obra em Ponta Negra, que teve o processo da engorda finalizado no in\u00edcio do ano.  A praia ainda passa por uma limpeza mec\u00e2nica na areia para a retirada dos rodolitos.<br \/>\nCom a execu\u00e7\u00e3o dos dissipadores, segundo a Seinfra, &#8220;o risco de eros\u00e3o ser\u00e1 reduzido, protegendo o meio ambiente e garantindo de forma eficiente a durabilidade da estrutura&#8221;.<br \/>\n&#8220;Com a conclus\u00e3o dos dissipadores, a drenagem entra em funcionamento, reduzindo a for\u00e7a das \u00e1guas pluviais que decaem desde o in\u00edcio do bairro de Ponta Negra e que escoam para a praia&#8221;, disse a secret\u00e1ria da Seinfra Shirley Cavalcanti.<br \/>\n&#8220;Os dissipadores est\u00e3o distribu\u00eddos em pontos ao longo da praia, para que sejam atendidas as necessidades, com objetivo de minimizar os efeitos das chuvas\u201d.<br \/>\nDissipadores n\u00e3o haviam sido feitos em alguns trechos, segundo apontou Defesa Civil<br \/>\nDefesa Civil Nacional<br \/>\nRelat\u00f3rio da Defesa Civil Nacional<br \/>\nUm relat\u00f3rio da Defesa Civil Nacional, divulgado em 27 de fevereiro, apontou problemas na drenagem das \u00e1guas pluviais na obra da engorda da praia de Ponta Negra e descumprimento na Licen\u00e7a de Instala\u00e7\u00e3o e Opera\u00e7\u00e3o. Por isso, o \u00f3rg\u00e3o havia recomendado ao Minist\u00e9rio da Integra\u00e7\u00e3o e do Desenvolvimento Regional a reten\u00e7\u00e3o de cerca de R$ 4 milh\u00f5es referentes ao pagamento da parcela final dos recursos da obra.<br \/>\nEm nota, a prefeitura de Natal informou na \u00e9poca que a reten\u00e7\u00e3o do valor \u00e9 &#8220;at\u00e9 que haja a execu\u00e7\u00e3o e comprova\u00e7\u00e3o dos \u00faltimos servi\u00e7os contratados e que ainda est\u00e3o em andamento, relacionados \u00e0 etapa complementar das obras de drenagem do aterro&#8221; e que essa \u00e9 uma medida natural &#8220;por se tratar de uma obra custeada com recursos p\u00fablicos e que est\u00e1 em fase final de execu\u00e7\u00e3o&#8221; (veja nota completa mais abaixo).<br \/>\nA Defesa Civil sugeriu a libera\u00e7\u00e3o de R$ 15,2 milh\u00f5es do total de R$ 19,5 milh\u00f5es que restam na 3\u00aa e \u00faltima parcela de recursos para a execu\u00e7\u00e3o da obra. &#8220;Sugere-se a reten\u00e7\u00e3o cautelar do valor correspondente ao investimento federal nas metas 8 e 9&#8221;, citou o documento.<br \/>\nA meta 8 se refere \u00e0 elabora\u00e7\u00e3o e execu\u00e7\u00e3o de programas ambientais e a 9 \u00e0 supervis\u00e3o dos programas ambientais. Segundo a Defesa Civil Nacional, as duas metas ainda est\u00e3o em execu\u00e7\u00e3o.<br \/>\nDe acordo com o relat\u00f3rio, a Licen\u00e7a de Instala\u00e7\u00e3o e Opera\u00e7\u00e3o prev\u00ea que o empreendedor fica ciente que qualquer imprevisto que ocorra na drenagem, &#8220;comprometendo o cronograma proposto, o aterro hidr\u00e1ulico s\u00f3 dever\u00e1 ser iniciado ap\u00f3s a finaliza\u00e7\u00e3o dos dissipadores e demais estruturas de drenagem previstos para \u00e1rea\u201d.<br \/>\nSegundo o relat\u00f3rio, alguns dissipadores previstos para a obra de drenagem n\u00e3o haviam siodo conclu\u00eddos e outros sequer iniciados.<br \/>\nSendo assim, a Defesa Civil Nacional entendeu que o recurso repassado &#8220;n\u00e3o pode ser utilizado para execu\u00e7\u00e3o da obra de engorda em trechos que n\u00e3o tem os dissipadores de energia da rede de drenagem pluvial conclu\u00eddos&#8221;.<br \/>\nSegundo o documento, a prefeitura n\u00e3o cumpriu o item 19 da Licen\u00e7a de Opera\u00e7\u00e3o, &#8220;pois n\u00e3o conseguiu ajustar os cronogramas adequadamente para mitigar o risco de eros\u00e3o do aterro em caso de chuvas excepcionais&#8221;.<br \/>\nA vistoria de campo da Defesa Civil Nacional constatou ac\u00famulo de \u00e1gua nos desemboques da drenagem pluvial, &#8220;com forma\u00e7\u00e3o de lagoas rasas acima do aterro hidr\u00e1ulico da engorda da praia de Ponta Negra, principalmente entre os dissipadores 9 e 16&#8221;.<br \/>\nO documento tamb\u00e9m citou que constatou &#8220;que alguns desses banhados estavam com afloramento de \u00e1gua com odor desagrad\u00e1vel e suspeita de contamina\u00e7\u00e3o por \u00e1guas servidas&#8221;.<br \/>\nVeja detalhes do relat\u00f3rio da Defesa Civil Nacional na reportagem abaixo:<br \/>\nRelat\u00f3rio da Defesa Civil Nacional sobre engorda de Ponta Negra indica falhas na obra<br \/>\nV\u00eddeos mais assistidos do g1 RN<\/p>","protected":false},"excerpt":{"rendered":"<p>Defesa Civil Nacional havia apontado durante inspe\u00e7\u00e3o em 27 de fevereiro do ano passado que 8 dos 16 dissipadores ainda n\u00e3o haviam sido conclu\u00eddos. Engorda da praia de Ponta Negra: &#8230;<\/p>\n","protected":false},"author":0,"featured_media":12522,"parent":0,"menu_order":0,"comment_status":"closed","ping_status":"closed","template":"","meta":{"footnotes":""},"class_list":["post-12521","page","type-page","status-publish","has-post-thumbnail","hentry"],"yoast_head":"<!-- This site is optimized with the Yoast SEO plugin v27.1.1 - https:\/\/yoast.com\/product\/yoast-seo-wordpress\/ -->\n<title>Obra de drenagem da engorda de Ponta Negra \u00e9 conclu\u00edda, diz Seinfra - Taveira Jr<\/title>\n<meta name=\"robots\" content=\"index, follow, max-snippet:-1, max-image-preview:large, max-video-preview:-1\" \/>\n<link rel=\"canonical\" href=\"https:\/\/deputadotaveirajr.com.br\/index.php\/obra-de-drenagem-da-engorda-de-ponta-negra-e-concluida-diz-seinfra\/\" \/>\n<meta property=\"og:locale\" content=\"pt_BR\" \/>\n<meta property=\"og:type\" content=\"article\" \/>\n<meta property=\"og:title\" content=\"Obra de drenagem da engorda de Ponta Negra \u00e9 conclu\u00edda, diz Seinfra - Taveira Jr\" \/>\n<meta property=\"og:description\" content=\"Defesa Civil Nacional havia apontado durante inspe\u00e7\u00e3o em 27 de fevereiro do ano passado que 8 dos 16 dissipadores ainda n\u00e3o haviam sido conclu\u00eddos. Engorda da praia de Ponta Negra: ...\" \/>\n<meta property=\"og:url\" content=\"https:\/\/deputadotaveirajr.com.br\/index.php\/obra-de-drenagem-da-engorda-de-ponta-negra-e-concluida-diz-seinfra\/\" \/>\n<meta property=\"og:site_name\" content=\"Taveira Jr\" \/>\n<meta property=\"og:image\" content=\"https:\/\/s2-g1.glbimg.com\/ajgfroDMp9Dz14gqKrHSa_TJS9c=\/i.s3.glbimg.com\/v1\/AUTH_59edd422c0c84a879bd37670ae4f538a\/internal_photos\/bs\/2025\/I\/U\/AGpwAdSNqGJKnBhIQlTw\/dissipadores.jpeg\" \/>\n<meta name=\"twitter:card\" content=\"summary_large_image\" \/>\n<meta name=\"twitter:label1\" content=\"Est. tempo de leitura\" \/>\n\t<meta name=\"twitter:data1\" content=\"5 minutos\" \/>\n<script type=\"application\/ld+json\" class=\"yoast-schema-graph\">{\"@context\":\"https:\/\/schema.org\",\"@graph\":[{\"@type\":\"WebPage\",\"@id\":\"https:\/\/deputadotaveirajr.com.br\/index.php\/obra-de-drenagem-da-engorda-de-ponta-negra-e-concluida-diz-seinfra\/\",\"url\":\"https:\/\/deputadotaveirajr.com.br\/index.php\/obra-de-drenagem-da-engorda-de-ponta-negra-e-concluida-diz-seinfra\/\",\"name\":\"Obra de drenagem da engorda de Ponta Negra \u00e9 conclu\u00edda, diz Seinfra - Taveira Jr\",\"isPartOf\":{\"@id\":\"https:\/\/deputadotaveirajr.com.br\/#website\"},\"primaryImageOfPage\":{\"@id\":\"https:\/\/deputadotaveirajr.com.br\/index.php\/obra-de-drenagem-da-engorda-de-ponta-negra-e-concluida-diz-seinfra\/#primaryimage\"},\"image\":{\"@id\":\"https:\/\/deputadotaveirajr.com.br\/index.php\/obra-de-drenagem-da-engorda-de-ponta-negra-e-concluida-diz-seinfra\/#primaryimage\"},\"thumbnailUrl\":\"https:\/\/deputadotaveirajr.com.br\/wp-content\/uploads\/2025\/03\/dissipadores-IHvyfI-scaled.jpeg\",\"datePublished\":\"2025-03-06T21:36:58+00:00\",\"breadcrumb\":{\"@id\":\"https:\/\/deputadotaveirajr.com.br\/index.php\/obra-de-drenagem-da-engorda-de-ponta-negra-e-concluida-diz-seinfra\/#breadcrumb\"},\"inLanguage\":\"pt-BR\",\"potentialAction\":[{\"@type\":\"ReadAction\",\"target\":[\"https:\/\/deputadotaveirajr.com.br\/index.php\/obra-de-drenagem-da-engorda-de-ponta-negra-e-concluida-diz-seinfra\/\"]}]},{\"@type\":\"ImageObject\",\"inLanguage\":\"pt-BR\",\"@id\":\"https:\/\/deputadotaveirajr.com.br\/index.php\/obra-de-drenagem-da-engorda-de-ponta-negra-e-concluida-diz-seinfra\/#primaryimage\",\"url\":\"https:\/\/deputadotaveirajr.com.br\/wp-content\/uploads\/2025\/03\/dissipadores-IHvyfI-scaled.jpeg\",\"contentUrl\":\"https:\/\/deputadotaveirajr.com.br\/wp-content\/uploads\/2025\/03\/dissipadores-IHvyfI-scaled.jpeg\",\"width\":2560,\"height\":1920},{\"@type\":\"BreadcrumbList\",\"@id\":\"https:\/\/deputadotaveirajr.com.br\/index.php\/obra-de-drenagem-da-engorda-de-ponta-negra-e-concluida-diz-seinfra\/#breadcrumb\",\"itemListElement\":[{\"@type\":\"ListItem\",\"position\":1,\"name\":\"In\u00edcio\",\"item\":\"https:\/\/deputadotaveirajr.com.br\/\"},{\"@type\":\"ListItem\",\"position\":2,\"name\":\"Obra de drenagem da engorda de Ponta Negra \u00e9 conclu\u00edda, diz Seinfra\"}]},{\"@type\":\"WebSite\",\"@id\":\"https:\/\/deputadotaveirajr.com.br\/#website\",\"url\":\"https:\/\/deputadotaveirajr.com.br\/\",\"name\":\"Taveira Jr\",\"description\":\"Deputado Estadual\",\"publisher\":{\"@id\":\"https:\/\/deputadotaveirajr.com.br\/#organization\"},\"potentialAction\":[{\"@type\":\"SearchAction\",\"target\":{\"@type\":\"EntryPoint\",\"urlTemplate\":\"https:\/\/deputadotaveirajr.com.br\/?s={search_term_string}\"},\"query-input\":{\"@type\":\"PropertyValueSpecification\",\"valueRequired\":true,\"valueName\":\"search_term_string\"}}],\"inLanguage\":\"pt-BR\"},{\"@type\":\"Organization\",\"@id\":\"https:\/\/deputadotaveirajr.com.br\/#organization\",\"name\":\"Taveira Jr\",\"url\":\"https:\/\/deputadotaveirajr.com.br\/\",\"logo\":{\"@type\":\"ImageObject\",\"inLanguage\":\"pt-BR\",\"@id\":\"https:\/\/deputadotaveirajr.com.br\/#\/schema\/logo\/image\/\",\"url\":\"https:\/\/deputadotaveirajr.com.br\/wp-content\/uploads\/2026\/01\/logolow2a.png\",\"contentUrl\":\"https:\/\/deputadotaveirajr.com.br\/wp-content\/uploads\/2026\/01\/logolow2a.png\",\"width\":290,\"height\":80,\"caption\":\"Taveira Jr\"},\"image\":{\"@id\":\"https:\/\/deputadotaveirajr.com.br\/#\/schema\/logo\/image\/\"}}]}<\/script>\n<!-- \/ Yoast SEO plugin. -->","yoast_head_json":{"title":"Obra de drenagem da engorda de Ponta Negra \u00e9 conclu\u00edda, diz Seinfra - Taveira Jr","robots":{"index":"index","follow":"follow","max-snippet":"max-snippet:-1","max-image-preview":"max-image-preview:large","max-video-preview":"max-video-preview:-1"},"canonical":"https:\/\/deputadotaveirajr.com.br\/index.php\/obra-de-drenagem-da-engorda-de-ponta-negra-e-concluida-diz-seinfra\/","og_locale":"pt_BR","og_type":"article","og_title":"Obra de drenagem da engorda de Ponta Negra \u00e9 conclu\u00edda, diz Seinfra - Taveira Jr","og_description":"Defesa Civil Nacional havia apontado durante inspe\u00e7\u00e3o em 27 de fevereiro do ano passado que 8 dos 16 dissipadores ainda n\u00e3o haviam sido conclu\u00eddos. Engorda da praia de Ponta Negra: ...","og_url":"https:\/\/deputadotaveirajr.com.br\/index.php\/obra-de-drenagem-da-engorda-de-ponta-negra-e-concluida-diz-seinfra\/","og_site_name":"Taveira Jr","og_image":[{"url":"https:\/\/s2-g1.glbimg.com\/ajgfroDMp9Dz14gqKrHSa_TJS9c=\/i.s3.glbimg.com\/v1\/AUTH_59edd422c0c84a879bd37670ae4f538a\/internal_photos\/bs\/2025\/I\/U\/AGpwAdSNqGJKnBhIQlTw\/dissipadores.jpeg","type":"","width":"","height":""}],"twitter_card":"summary_large_image","twitter_misc":{"Est. tempo de leitura":"5 minutos"},"schema":{"@context":"https:\/\/schema.org","@graph":[{"@type":"WebPage","@id":"https:\/\/deputadotaveirajr.com.br\/index.php\/obra-de-drenagem-da-engorda-de-ponta-negra-e-concluida-diz-seinfra\/","url":"https:\/\/deputadotaveirajr.com.br\/index.php\/obra-de-drenagem-da-engorda-de-ponta-negra-e-concluida-diz-seinfra\/","name":"Obra de drenagem da engorda de Ponta Negra \u00e9 conclu\u00edda, diz Seinfra - Taveira Jr","isPartOf":{"@id":"https:\/\/deputadotaveirajr.com.br\/#website"},"primaryImageOfPage":{"@id":"https:\/\/deputadotaveirajr.com.br\/index.php\/obra-de-drenagem-da-engorda-de-ponta-negra-e-concluida-diz-seinfra\/#primaryimage"},"image":{"@id":"https:\/\/deputadotaveirajr.com.br\/index.php\/obra-de-drenagem-da-engorda-de-ponta-negra-e-concluida-diz-seinfra\/#primaryimage"},"thumbnailUrl":"https:\/\/deputadotaveirajr.com.br\/wp-content\/uploads\/2025\/03\/dissipadores-IHvyfI-scaled.jpeg","datePublished":"2025-03-06T21:36:58+00:00","breadcrumb":{"@id":"https:\/\/deputadotaveirajr.com.br\/index.php\/obra-de-drenagem-da-engorda-de-ponta-negra-e-concluida-diz-seinfra\/#breadcrumb"},"inLanguage":"pt-BR","potentialAction":[{"@type":"ReadAction","target":["https:\/\/deputadotaveirajr.com.br\/index.php\/obra-de-drenagem-da-engorda-de-ponta-negra-e-concluida-diz-seinfra\/"]}]},{"@type":"ImageObject","inLanguage":"pt-BR","@id":"https:\/\/deputadotaveirajr.com.br\/index.php\/obra-de-drenagem-da-engorda-de-ponta-negra-e-concluida-diz-seinfra\/#primaryimage","url":"https:\/\/deputadotaveirajr.com.br\/wp-content\/uploads\/2025\/03\/dissipadores-IHvyfI-scaled.jpeg","contentUrl":"https:\/\/deputadotaveirajr.com.br\/wp-content\/uploads\/2025\/03\/dissipadores-IHvyfI-scaled.jpeg","width":2560,"height":1920},{"@type":"BreadcrumbList","@id":"https:\/\/deputadotaveirajr.com.br\/index.php\/obra-de-drenagem-da-engorda-de-ponta-negra-e-concluida-diz-seinfra\/#breadcrumb","itemListElement":[{"@type":"ListItem","position":1,"name":"In\u00edcio","item":"https:\/\/deputadotaveirajr.com.br\/"},{"@type":"ListItem","position":2,"name":"Obra de drenagem da engorda de Ponta Negra \u00e9 conclu\u00edda, diz Seinfra"}]},{"@type":"WebSite","@id":"https:\/\/deputadotaveirajr.com.br\/#website","url":"https:\/\/deputadotaveirajr.com.br\/","name":"Taveira Jr","description":"Deputado Estadual","publisher":{"@id":"https:\/\/deputadotaveirajr.com.br\/#organization"},"potentialAction":[{"@type":"SearchAction","target":{"@type":"EntryPoint","urlTemplate":"https:\/\/deputadotaveirajr.com.br\/?s={search_term_string}"},"query-input":{"@type":"PropertyValueSpecification","valueRequired":true,"valueName":"search_term_string"}}],"inLanguage":"pt-BR"},{"@type":"Organization","@id":"https:\/\/deputadotaveirajr.com.br\/#organization","name":"Taveira Jr","url":"https:\/\/deputadotaveirajr.com.br\/","logo":{"@type":"ImageObject","inLanguage":"pt-BR","@id":"https:\/\/deputadotaveirajr.com.br\/#\/schema\/logo\/image\/","url":"https:\/\/deputadotaveirajr.com.br\/wp-content\/uploads\/2026\/01\/logolow2a.png","contentUrl":"https:\/\/deputadotaveirajr.com.br\/wp-content\/uploads\/2026\/01\/logolow2a.png","width":290,"height":80,"caption":"Taveira Jr"},"image":{"@id":"https:\/\/deputadotaveirajr.com.br\/#\/schema\/logo\/image\/"}}]}},"_links":{"self":[{"href":"https:\/\/deputadotaveirajr.com.br\/index.php\/wp-json\/wp\/v2\/pages\/12521","targetHints":{"allow":["GET"]}}],"collection":[{"href":"https:\/\/deputadotaveirajr.com.br\/index.php\/wp-json\/wp\/v2\/pages"}],"about":[{"href":"https:\/\/deputadotaveirajr.com.br\/index.php\/wp-json\/wp\/v2\/types\/page"}],"replies":[{"embeddable":true,"href":"https:\/\/deputadotaveirajr.com.br\/index.php\/wp-json\/wp\/v2\/comments?post=12521"}],"version-history":[{"count":0,"href":"https:\/\/deputadotaveirajr.com.br\/index.php\/wp-json\/wp\/v2\/pages\/12521\/revisions"}],"wp:featuredmedia":[{"embeddable":true,"href":"https:\/\/deputadotaveirajr.com.br\/index.php\/wp-json\/wp\/v2\/media\/12522"}],"wp:attachment":[{"href":"https:\/\/deputadotaveirajr.com.br\/index.php\/wp-json\/wp\/v2\/media?parent=12521"}],"curies":[{"name":"wp","href":"https:\/\/api.w.org\/{rel}","templated":true}]}}