{"id":12565,"date":"2025-03-12T11:28:16","date_gmt":"2025-03-12T14:28:16","guid":{"rendered":"https:\/\/deputadotaveirajr.com.br\/index.php\/covid-cinco-anos-apos-primeiro-paciente-confirmado-rn-registra-604-mil-casos-e-mais-de-9-mil-mortes-pela-doenca\/"},"modified":"2025-03-12T11:28:16","modified_gmt":"2025-03-12T14:28:16","slug":"covid-cinco-anos-apos-primeiro-paciente-confirmado-rn-registra-604-mil-casos-e-mais-de-9-mil-mortes-pela-doenca","status":"publish","type":"page","link":"https:\/\/deputadotaveirajr.com.br\/index.php\/covid-cinco-anos-apos-primeiro-paciente-confirmado-rn-registra-604-mil-casos-e-mais-de-9-mil-mortes-pela-doenca\/","title":{"rendered":"Covid: Cinco anos ap\u00f3s primeiro paciente confirmado, RN registra 604 mil casos e mais de 9 mil mortes pela doen\u00e7a"},"content":{"rendered":"<p><img decoding=\"async\" src=\"https:\/\/s2-g1.glbimg.com\/PmeR9HfpTY9CbhcVEnJk6W8OkxE=\/i.s3.glbimg.com\/v1\/AUTH_59edd422c0c84a879bd37670ae4f538a\/internal_photos\/bs\/2025\/G\/v\/vlw849SGCL7FU7NIOXIQ\/hospital-de-campanha.jpg\" \/><br \/>     Redu\u00e7\u00e3o do n\u00famero de infec\u00e7\u00f5es desde 2022 \u00e9 atribu\u00eddo \u00e0 vacina\u00e7\u00e3o da popula\u00e7\u00e3o brasileira, iniciada em 2021. Mais de 90% dos casos e \u00f3bitos registrados no estado ocorreram nos primeiros dois anos.  Hospital de campanha montado durante a pandemia em Natal<br \/>\nS\u00e9rgio Henrique Santos\/Inter TV Cabugi (Arquivo)<br \/>\nO Rio Grande do Norte teve o primeiro caso de covid-19 confirmado no dia 12 de mar\u00e7o de 2020, um dia ap\u00f3s a Organiza\u00e7\u00e3o Mundial de Sa\u00fade (OMS) declarar a pandemia causada pelo coronav\u00edrus (Sars-Cov-2). A primeira paciente com a doen\u00e7a no estado era uma mulher de 24 anos que tinha feito uma viagem \u00e0 Europa. Cinco anos depois, o estado registra 604 mil diagn\u00f3sticos e mais de 9 mil mortes causadas pela doen\u00e7a.<br \/>\nDo total de casos registrados no estado, 582,6 mil (96,4%) ocorreram entre 2020 e 2022, segundo os dados do Minist\u00e9rio da Sa\u00fade. Dos \u00f3bitos, 8.689 (93%) ocorreram no mesmo per\u00edodo. Os especialistas ouvidos pelo g1 atribuem a redu\u00e7\u00e3o da doen\u00e7a nos \u00faltimos anos \u00e0 vacina\u00e7\u00e3o da popula\u00e7\u00e3o, iniciada em 2021.<br \/>\n\ud83d\udcf3Participe do canal do g1 RN no WhatsApp<br \/>\n&#8220;O grande problema da Covid-19 n\u00e3o era a letalidade dela, porque \u00e9 baixa. O problema \u00e9 que, como ela \u00e9 altamente contagiosa, contamina milh\u00f5es de uma vez e v\u00e3o morrer muitas pessoas desses milh\u00f5es. A gente tinha uma popula\u00e7\u00e3o idosa, uma popula\u00e7\u00e3o com comorbidades, e essas pessoas iam procurar os hospitais, muitas precisavam ser internadas e n\u00f3s n\u00e3o t\u00ednhamos leitos suficientes&#8221;, lembra Ricardo Valentim, professor da UFRN e diretor do Laborat\u00f3rio de Inova\u00e7\u00e3o Tecnol\u00f3gica em Sa\u00fade (Lais).<br \/>\nRapidamente, o v\u00edrus que come\u00e7ou a se espalhar na China no final de 2019 j\u00e1 havia atravessado o mundo e chegado ao RN pouco ap\u00f3s o carnaval.<br \/>\nSem conhecimento cient\u00edfico sobre a nova doen\u00e7a, nem medica\u00e7\u00f5es ou vacinas dispon\u00edveis, os estados determinaram medidas de isolamento social para evitar contamina\u00e7\u00f5es em massa. Quem precisava sair de casa, era obrigado a usar m\u00e1scara. E os estabelecimentos autorizados a abrir precisavam oferecer \u00e1lcool em gel para higieniza\u00e7\u00e3o das m\u00e3os.<br \/>\nRELEMBRE: Como foi o primeiro ano de pandemia no RN<br \/>\nPL\u00c1STICO PARA PROTEGER: Filhos e netos fazem cortina para abra\u00e7ar idosa aniversariante<br \/>\n&#8220;COMO SE ESTIVESSE RENASCENDO&#8221;: M\u00e3e conheceu a pr\u00f3pria filha ap\u00f3s ficar 2 meses em UTI<br \/>\nSUPERA\u00c7\u00c3O: Idosa de 100 anos venceu a Covid-19 e teve alta ap\u00f3s 11 dias internada<br \/>\nSomente o governo do Rio Grande do Norte publicou 51 decretos determinando fechamentos peri\u00f3dicos de estabelecimentos comerciais, igrejas, escolas, entre outros, bem como regras para reabertura desses locais.<br \/>\n5 anos de pandemia: como a ci\u00eancia evoluiu p\u00f3s-Covid?<br \/>\nPassados cinco anos desde o in\u00edcio da pandemia, Valentim, que fez parte do comit\u00ea cient\u00edfico que aconselhava a gest\u00e3o estadual sobre o assunto, defende que as medidas se comprovaram necess\u00e1rias.<br \/>\n&#8220;Foi a medida que era poss\u00edvel se tomar naquele tempo de acordo com o conhecimento que n\u00f3s t\u00ednhamos. N\u00f3s fizemos an\u00e1lises baseadas em dados, a gente analisou a curva de transmiss\u00e3o antes e depois dos decretos do governo. O que a gente comprovou, no per\u00edodo que n\u00e3o tinha vacina, \u00e9 que sempre que teve interven\u00e7\u00e3o do poder p\u00fablico, as ondas de transmiss\u00e3o e os \u00f3bitos diminu\u00edam&#8221;, defendeu.<br \/>\nPor\u00e9m, o ponto de virada para vencer a pandemia foi, de fato, a vacina\u00e7\u00e3o da popula\u00e7\u00e3o brasileira a partir de 2021. Ricardo Valentim ressalta que em 2022 o pa\u00eds ainda teve um n\u00famero elevado de casos registrados, por causa da nova variante \u00d4micron, por\u00e9m o n\u00famero de mortes foi muito menor.<br \/>\nNo estado, enquanto as mortes registradas em 2021 representaram cerca de 1,7% do n\u00famero de casos confirmados, em 2022 esse percentual caiu para 0,57%.<br \/>\nDiana Rego, coordenadora de Vigil\u00e2ncia em Sa\u00fade na Secretaria Estadual de Sa\u00fade P\u00fablica do Rio Grande do Norte, concorda com Valentim e diz que atualmente, gra\u00e7as \u00e0 vacina\u00e7\u00e3o, a covid-19 \u00e9 considerada uma virose comum, como a influenza (gripe).<br \/>\n&#8220;\u00c9 tratada como s\u00edndrome respirat\u00f3ria, assim como a influenza, com sintomas de gripe. Essa avalia\u00e7\u00e3o mudou com o passar dos anos, com a ci\u00eancia de como o virus se comporta, com a imuniza\u00e7\u00e3o e com o desenvolvimento e aperfei\u00e7oamento das vacinas, sempre com a adapta\u00e7\u00e3o para as novas cepas. Tamb\u00e9m houve um ganho com a inser\u00e7\u00e3o no calend\u00e1rio nacional de vacina\u00e7\u00e3o das crian\u00e7as, o que gera uma imuniza\u00e7\u00e3o&#8221;, considerou.<br \/>\nDiana ainda aponta que a doen\u00e7a apresenta uma sazonalidade, com mais casos normalmente registrados localmente entre os meses de dezembro e janeiro, e entre mar\u00e7o e abril, junto com outras doen\u00e7as respirat\u00f3rias.<br \/>\n&#8220;Pela hist\u00f3ria da pandemia, a covid sempre ser\u00e1 estigmatizada. As pessoas ter\u00e3o medo de voltar a ser como antes, mas n\u00e3o ser\u00e1, gra\u00e7as \u00e0 imuniza\u00e7\u00e3o. E n\u00f3s continuamos realizando a vigil\u00e2ncia como fazemos com essas outras doen\u00e7as&#8221;, pontuou.<br \/>\nVeja os v\u00eddeos mais assistidos no g1 RN<\/p>","protected":false},"excerpt":{"rendered":"<p>Redu\u00e7\u00e3o do n\u00famero de infec\u00e7\u00f5es desde 2022 \u00e9 atribu\u00eddo \u00e0 vacina\u00e7\u00e3o da popula\u00e7\u00e3o brasileira, iniciada em 2021. Mais de 90% dos casos e \u00f3bitos registrados no estado ocorreram nos primeiros &#8230;<\/p>\n","protected":false},"author":0,"featured_media":12566,"parent":0,"menu_order":0,"comment_status":"closed","ping_status":"closed","template":"","meta":{"footnotes":""},"class_list":["post-12565","page","type-page","status-publish","has-post-thumbnail","hentry"],"yoast_head":"<!-- This site is optimized with the Yoast SEO plugin v27.1.1 - https:\/\/yoast.com\/product\/yoast-seo-wordpress\/ -->\n<title>Covid: Cinco anos ap\u00f3s primeiro paciente confirmado, RN registra 604 mil casos e mais de 9 mil mortes pela doen\u00e7a - Taveira Jr<\/title>\n<meta name=\"robots\" content=\"index, follow, max-snippet:-1, max-image-preview:large, max-video-preview:-1\" \/>\n<link rel=\"canonical\" href=\"https:\/\/deputadotaveirajr.com.br\/index.php\/covid-cinco-anos-apos-primeiro-paciente-confirmado-rn-registra-604-mil-casos-e-mais-de-9-mil-mortes-pela-doenca\/\" \/>\n<meta property=\"og:locale\" content=\"pt_BR\" \/>\n<meta property=\"og:type\" content=\"article\" \/>\n<meta property=\"og:title\" content=\"Covid: Cinco anos ap\u00f3s primeiro paciente confirmado, RN registra 604 mil casos e mais de 9 mil mortes pela doen\u00e7a - Taveira Jr\" \/>\n<meta property=\"og:description\" content=\"Redu\u00e7\u00e3o do n\u00famero de infec\u00e7\u00f5es desde 2022 \u00e9 atribu\u00eddo \u00e0 vacina\u00e7\u00e3o da popula\u00e7\u00e3o brasileira, iniciada em 2021. Mais de 90% dos casos e \u00f3bitos registrados no estado ocorreram nos primeiros ...\" \/>\n<meta property=\"og:url\" content=\"https:\/\/deputadotaveirajr.com.br\/index.php\/covid-cinco-anos-apos-primeiro-paciente-confirmado-rn-registra-604-mil-casos-e-mais-de-9-mil-mortes-pela-doenca\/\" \/>\n<meta property=\"og:site_name\" content=\"Taveira Jr\" \/>\n<meta property=\"og:image\" content=\"https:\/\/s2-g1.glbimg.com\/PmeR9HfpTY9CbhcVEnJk6W8OkxE=\/i.s3.glbimg.com\/v1\/AUTH_59edd422c0c84a879bd37670ae4f538a\/internal_photos\/bs\/2025\/G\/v\/vlw849SGCL7FU7NIOXIQ\/hospital-de-campanha.jpg\" \/>\n<meta name=\"twitter:card\" content=\"summary_large_image\" \/>\n<meta name=\"twitter:label1\" content=\"Est. tempo de leitura\" \/>\n\t<meta name=\"twitter:data1\" content=\"4 minutos\" \/>\n<script type=\"application\/ld+json\" class=\"yoast-schema-graph\">{\"@context\":\"https:\/\/schema.org\",\"@graph\":[{\"@type\":\"WebPage\",\"@id\":\"https:\/\/deputadotaveirajr.com.br\/index.php\/covid-cinco-anos-apos-primeiro-paciente-confirmado-rn-registra-604-mil-casos-e-mais-de-9-mil-mortes-pela-doenca\/\",\"url\":\"https:\/\/deputadotaveirajr.com.br\/index.php\/covid-cinco-anos-apos-primeiro-paciente-confirmado-rn-registra-604-mil-casos-e-mais-de-9-mil-mortes-pela-doenca\/\",\"name\":\"Covid: Cinco anos ap\u00f3s primeiro paciente confirmado, RN registra 604 mil casos e mais de 9 mil mortes pela doen\u00e7a - Taveira Jr\",\"isPartOf\":{\"@id\":\"https:\/\/deputadotaveirajr.com.br\/#website\"},\"primaryImageOfPage\":{\"@id\":\"https:\/\/deputadotaveirajr.com.br\/index.php\/covid-cinco-anos-apos-primeiro-paciente-confirmado-rn-registra-604-mil-casos-e-mais-de-9-mil-mortes-pela-doenca\/#primaryimage\"},\"image\":{\"@id\":\"https:\/\/deputadotaveirajr.com.br\/index.php\/covid-cinco-anos-apos-primeiro-paciente-confirmado-rn-registra-604-mil-casos-e-mais-de-9-mil-mortes-pela-doenca\/#primaryimage\"},\"thumbnailUrl\":\"https:\/\/deputadotaveirajr.com.br\/wp-content\/uploads\/2025\/03\/hospital-de-campanha-EKPe6t.jpeg\",\"datePublished\":\"2025-03-12T14:28:16+00:00\",\"breadcrumb\":{\"@id\":\"https:\/\/deputadotaveirajr.com.br\/index.php\/covid-cinco-anos-apos-primeiro-paciente-confirmado-rn-registra-604-mil-casos-e-mais-de-9-mil-mortes-pela-doenca\/#breadcrumb\"},\"inLanguage\":\"pt-BR\",\"potentialAction\":[{\"@type\":\"ReadAction\",\"target\":[\"https:\/\/deputadotaveirajr.com.br\/index.php\/covid-cinco-anos-apos-primeiro-paciente-confirmado-rn-registra-604-mil-casos-e-mais-de-9-mil-mortes-pela-doenca\/\"]}]},{\"@type\":\"ImageObject\",\"inLanguage\":\"pt-BR\",\"@id\":\"https:\/\/deputadotaveirajr.com.br\/index.php\/covid-cinco-anos-apos-primeiro-paciente-confirmado-rn-registra-604-mil-casos-e-mais-de-9-mil-mortes-pela-doenca\/#primaryimage\",\"url\":\"https:\/\/deputadotaveirajr.com.br\/wp-content\/uploads\/2025\/03\/hospital-de-campanha-EKPe6t.jpeg\",\"contentUrl\":\"https:\/\/deputadotaveirajr.com.br\/wp-content\/uploads\/2025\/03\/hospital-de-campanha-EKPe6t.jpeg\",\"width\":1000,\"height\":562},{\"@type\":\"BreadcrumbList\",\"@id\":\"https:\/\/deputadotaveirajr.com.br\/index.php\/covid-cinco-anos-apos-primeiro-paciente-confirmado-rn-registra-604-mil-casos-e-mais-de-9-mil-mortes-pela-doenca\/#breadcrumb\",\"itemListElement\":[{\"@type\":\"ListItem\",\"position\":1,\"name\":\"In\u00edcio\",\"item\":\"https:\/\/deputadotaveirajr.com.br\/\"},{\"@type\":\"ListItem\",\"position\":2,\"name\":\"Covid: Cinco anos ap\u00f3s primeiro paciente confirmado, RN registra 604 mil casos e mais de 9 mil mortes pela doen\u00e7a\"}]},{\"@type\":\"WebSite\",\"@id\":\"https:\/\/deputadotaveirajr.com.br\/#website\",\"url\":\"https:\/\/deputadotaveirajr.com.br\/\",\"name\":\"Taveira Jr\",\"description\":\"Deputado Estadual\",\"publisher\":{\"@id\":\"https:\/\/deputadotaveirajr.com.br\/#organization\"},\"potentialAction\":[{\"@type\":\"SearchAction\",\"target\":{\"@type\":\"EntryPoint\",\"urlTemplate\":\"https:\/\/deputadotaveirajr.com.br\/?s={search_term_string}\"},\"query-input\":{\"@type\":\"PropertyValueSpecification\",\"valueRequired\":true,\"valueName\":\"search_term_string\"}}],\"inLanguage\":\"pt-BR\"},{\"@type\":\"Organization\",\"@id\":\"https:\/\/deputadotaveirajr.com.br\/#organization\",\"name\":\"Taveira Jr\",\"url\":\"https:\/\/deputadotaveirajr.com.br\/\",\"logo\":{\"@type\":\"ImageObject\",\"inLanguage\":\"pt-BR\",\"@id\":\"https:\/\/deputadotaveirajr.com.br\/#\/schema\/logo\/image\/\",\"url\":\"https:\/\/deputadotaveirajr.com.br\/wp-content\/uploads\/2026\/01\/logolow2a.png\",\"contentUrl\":\"https:\/\/deputadotaveirajr.com.br\/wp-content\/uploads\/2026\/01\/logolow2a.png\",\"width\":290,\"height\":80,\"caption\":\"Taveira Jr\"},\"image\":{\"@id\":\"https:\/\/deputadotaveirajr.com.br\/#\/schema\/logo\/image\/\"}}]}<\/script>\n<!-- \/ Yoast SEO plugin. -->","yoast_head_json":{"title":"Covid: Cinco anos ap\u00f3s primeiro paciente confirmado, RN registra 604 mil casos e mais de 9 mil mortes pela doen\u00e7a - Taveira Jr","robots":{"index":"index","follow":"follow","max-snippet":"max-snippet:-1","max-image-preview":"max-image-preview:large","max-video-preview":"max-video-preview:-1"},"canonical":"https:\/\/deputadotaveirajr.com.br\/index.php\/covid-cinco-anos-apos-primeiro-paciente-confirmado-rn-registra-604-mil-casos-e-mais-de-9-mil-mortes-pela-doenca\/","og_locale":"pt_BR","og_type":"article","og_title":"Covid: Cinco anos ap\u00f3s primeiro paciente confirmado, RN registra 604 mil casos e mais de 9 mil mortes pela doen\u00e7a - Taveira Jr","og_description":"Redu\u00e7\u00e3o do n\u00famero de infec\u00e7\u00f5es desde 2022 \u00e9 atribu\u00eddo \u00e0 vacina\u00e7\u00e3o da popula\u00e7\u00e3o brasileira, iniciada em 2021. Mais de 90% dos casos e \u00f3bitos registrados no estado ocorreram nos primeiros ...","og_url":"https:\/\/deputadotaveirajr.com.br\/index.php\/covid-cinco-anos-apos-primeiro-paciente-confirmado-rn-registra-604-mil-casos-e-mais-de-9-mil-mortes-pela-doenca\/","og_site_name":"Taveira Jr","og_image":[{"url":"https:\/\/s2-g1.glbimg.com\/PmeR9HfpTY9CbhcVEnJk6W8OkxE=\/i.s3.glbimg.com\/v1\/AUTH_59edd422c0c84a879bd37670ae4f538a\/internal_photos\/bs\/2025\/G\/v\/vlw849SGCL7FU7NIOXIQ\/hospital-de-campanha.jpg","type":"","width":"","height":""}],"twitter_card":"summary_large_image","twitter_misc":{"Est. tempo de leitura":"4 minutos"},"schema":{"@context":"https:\/\/schema.org","@graph":[{"@type":"WebPage","@id":"https:\/\/deputadotaveirajr.com.br\/index.php\/covid-cinco-anos-apos-primeiro-paciente-confirmado-rn-registra-604-mil-casos-e-mais-de-9-mil-mortes-pela-doenca\/","url":"https:\/\/deputadotaveirajr.com.br\/index.php\/covid-cinco-anos-apos-primeiro-paciente-confirmado-rn-registra-604-mil-casos-e-mais-de-9-mil-mortes-pela-doenca\/","name":"Covid: Cinco anos ap\u00f3s primeiro paciente confirmado, RN registra 604 mil casos e mais de 9 mil mortes pela doen\u00e7a - Taveira Jr","isPartOf":{"@id":"https:\/\/deputadotaveirajr.com.br\/#website"},"primaryImageOfPage":{"@id":"https:\/\/deputadotaveirajr.com.br\/index.php\/covid-cinco-anos-apos-primeiro-paciente-confirmado-rn-registra-604-mil-casos-e-mais-de-9-mil-mortes-pela-doenca\/#primaryimage"},"image":{"@id":"https:\/\/deputadotaveirajr.com.br\/index.php\/covid-cinco-anos-apos-primeiro-paciente-confirmado-rn-registra-604-mil-casos-e-mais-de-9-mil-mortes-pela-doenca\/#primaryimage"},"thumbnailUrl":"https:\/\/deputadotaveirajr.com.br\/wp-content\/uploads\/2025\/03\/hospital-de-campanha-EKPe6t.jpeg","datePublished":"2025-03-12T14:28:16+00:00","breadcrumb":{"@id":"https:\/\/deputadotaveirajr.com.br\/index.php\/covid-cinco-anos-apos-primeiro-paciente-confirmado-rn-registra-604-mil-casos-e-mais-de-9-mil-mortes-pela-doenca\/#breadcrumb"},"inLanguage":"pt-BR","potentialAction":[{"@type":"ReadAction","target":["https:\/\/deputadotaveirajr.com.br\/index.php\/covid-cinco-anos-apos-primeiro-paciente-confirmado-rn-registra-604-mil-casos-e-mais-de-9-mil-mortes-pela-doenca\/"]}]},{"@type":"ImageObject","inLanguage":"pt-BR","@id":"https:\/\/deputadotaveirajr.com.br\/index.php\/covid-cinco-anos-apos-primeiro-paciente-confirmado-rn-registra-604-mil-casos-e-mais-de-9-mil-mortes-pela-doenca\/#primaryimage","url":"https:\/\/deputadotaveirajr.com.br\/wp-content\/uploads\/2025\/03\/hospital-de-campanha-EKPe6t.jpeg","contentUrl":"https:\/\/deputadotaveirajr.com.br\/wp-content\/uploads\/2025\/03\/hospital-de-campanha-EKPe6t.jpeg","width":1000,"height":562},{"@type":"BreadcrumbList","@id":"https:\/\/deputadotaveirajr.com.br\/index.php\/covid-cinco-anos-apos-primeiro-paciente-confirmado-rn-registra-604-mil-casos-e-mais-de-9-mil-mortes-pela-doenca\/#breadcrumb","itemListElement":[{"@type":"ListItem","position":1,"name":"In\u00edcio","item":"https:\/\/deputadotaveirajr.com.br\/"},{"@type":"ListItem","position":2,"name":"Covid: Cinco anos ap\u00f3s primeiro paciente confirmado, RN registra 604 mil casos e mais de 9 mil mortes pela doen\u00e7a"}]},{"@type":"WebSite","@id":"https:\/\/deputadotaveirajr.com.br\/#website","url":"https:\/\/deputadotaveirajr.com.br\/","name":"Taveira Jr","description":"Deputado Estadual","publisher":{"@id":"https:\/\/deputadotaveirajr.com.br\/#organization"},"potentialAction":[{"@type":"SearchAction","target":{"@type":"EntryPoint","urlTemplate":"https:\/\/deputadotaveirajr.com.br\/?s={search_term_string}"},"query-input":{"@type":"PropertyValueSpecification","valueRequired":true,"valueName":"search_term_string"}}],"inLanguage":"pt-BR"},{"@type":"Organization","@id":"https:\/\/deputadotaveirajr.com.br\/#organization","name":"Taveira Jr","url":"https:\/\/deputadotaveirajr.com.br\/","logo":{"@type":"ImageObject","inLanguage":"pt-BR","@id":"https:\/\/deputadotaveirajr.com.br\/#\/schema\/logo\/image\/","url":"https:\/\/deputadotaveirajr.com.br\/wp-content\/uploads\/2026\/01\/logolow2a.png","contentUrl":"https:\/\/deputadotaveirajr.com.br\/wp-content\/uploads\/2026\/01\/logolow2a.png","width":290,"height":80,"caption":"Taveira Jr"},"image":{"@id":"https:\/\/deputadotaveirajr.com.br\/#\/schema\/logo\/image\/"}}]}},"_links":{"self":[{"href":"https:\/\/deputadotaveirajr.com.br\/index.php\/wp-json\/wp\/v2\/pages\/12565","targetHints":{"allow":["GET"]}}],"collection":[{"href":"https:\/\/deputadotaveirajr.com.br\/index.php\/wp-json\/wp\/v2\/pages"}],"about":[{"href":"https:\/\/deputadotaveirajr.com.br\/index.php\/wp-json\/wp\/v2\/types\/page"}],"replies":[{"embeddable":true,"href":"https:\/\/deputadotaveirajr.com.br\/index.php\/wp-json\/wp\/v2\/comments?post=12565"}],"version-history":[{"count":0,"href":"https:\/\/deputadotaveirajr.com.br\/index.php\/wp-json\/wp\/v2\/pages\/12565\/revisions"}],"wp:featuredmedia":[{"embeddable":true,"href":"https:\/\/deputadotaveirajr.com.br\/index.php\/wp-json\/wp\/v2\/media\/12566"}],"wp:attachment":[{"href":"https:\/\/deputadotaveirajr.com.br\/index.php\/wp-json\/wp\/v2\/media?parent=12565"}],"curies":[{"name":"wp","href":"https:\/\/api.w.org\/{rel}","templated":true}]}}