{"id":12567,"date":"2025-03-12T10:19:35","date_gmt":"2025-03-12T13:19:35","guid":{"rendered":"https:\/\/deputadotaveirajr.com.br\/index.php\/pf-prende-duas-pessoas-em-flagrante-no-rn-em-operacao-nacional-contra-abuso-sexual-de-criancas-e-adolescentes\/"},"modified":"2025-03-12T10:19:35","modified_gmt":"2025-03-12T13:19:35","slug":"pf-prende-duas-pessoas-em-flagrante-no-rn-em-operacao-nacional-contra-abuso-sexual-de-criancas-e-adolescentes","status":"publish","type":"page","link":"https:\/\/deputadotaveirajr.com.br\/index.php\/pf-prende-duas-pessoas-em-flagrante-no-rn-em-operacao-nacional-contra-abuso-sexual-de-criancas-e-adolescentes\/","title":{"rendered":"PF prende duas pessoas em flagrante no RN em opera\u00e7\u00e3o nacional contra abuso sexual de crian\u00e7as e adolescentes"},"content":{"rendered":"<p><img decoding=\"async\" src=\"https:\/\/s2-g1.glbimg.com\/VRYHMkUSy9CGzkRBvK5KMV4Pvdc=\/i.s3.glbimg.com\/v1\/AUTH_59edd422c0c84a879bd37670ae4f538a\/internal_photos\/bs\/2025\/4\/j\/rPSfhMQiahNCtjHHPfOA\/pf03.jpg\" \/><br \/>     Objetivo \u00e9 identificar criminosos que agem principalmente na internet. Eletr\u00f4nicos como celulares, tablets e computadores foram apreendidos. PF prende duas pessoas em flagrante no RN em opera\u00e7\u00e3o nacional contra abuso sexual de crian\u00e7as e adolescentes<br \/>\nPol\u00edcia Federal\/Divulga\u00e7\u00e3o<br \/>\nA Pol\u00edcia Federal (PF) deflagrou, na manh\u00e3 desta quarta-feira (12), uma opera\u00e7\u00e3o nacional para combater o abuso sexual de crian\u00e7as e adolescentes. No Rio Grande do Norte foram cumpridos dois mandados de busca e apreens\u00e3o que resultaram em duas pris\u00f5es em flagrante pelo crime de armazenamento de arquivos de abuso.<br \/>\nAo todo, foram 17 pris\u00f5es em flagrante e 72 mandados de busca e apreens\u00e3o cumpridos em 22 unidades da federa\u00e7\u00e3o.<br \/>\nO objetivo, segundo a PF, \u00e9 identificar e prender criminosos que agem principalmente na internet, armazenando, compartilhando, produzindo e vendendo material de abuso sexual infantojuvenil.<br \/>\nNo RN, as pris\u00f5es em flagrante aconteceram em Mossor\u00f3 e S\u00e3o Gon\u00e7alo do Amarante, de homens de 22 e 23 anos, respectivamente, pelo crime de armazenamento de arquivos de abuso. Em ambos os casos, o crime tem pena m\u00e1xima de 4 anos de pris\u00e3o.<br \/>\n&#8220;A Pol\u00edcia Federal alerta aos pais e respons\u00e1veis sobre a import\u00e2ncia de monitorar e orientar seus filhos no mundo virtual e f\u00edsico, protegendo-os dos riscos de abusos sexuais. A preven\u00e7\u00e3o \u00e9 fundamental para garantir a seguran\u00e7a e o bem-estar das crian\u00e7as e adolescentes&#8221;, disse a PF.<\/p>","protected":false},"excerpt":{"rendered":"<p>Objetivo \u00e9 identificar criminosos que agem principalmente na internet. Eletr\u00f4nicos como celulares, tablets e computadores foram apreendidos. PF prende duas pessoas em flagrante no RN em opera\u00e7\u00e3o nacional contra abuso &#8230;<\/p>\n","protected":false},"author":0,"featured_media":12568,"parent":0,"menu_order":0,"comment_status":"closed","ping_status":"closed","template":"","meta":{"footnotes":""},"class_list":["post-12567","page","type-page","status-publish","has-post-thumbnail","hentry"],"yoast_head":"<!-- This site is optimized with the Yoast SEO plugin v27.1.1 - https:\/\/yoast.com\/product\/yoast-seo-wordpress\/ -->\n<title>PF prende duas pessoas em flagrante no RN em opera\u00e7\u00e3o nacional contra abuso sexual de crian\u00e7as e adolescentes - Taveira Jr<\/title>\n<meta name=\"robots\" content=\"index, follow, max-snippet:-1, max-image-preview:large, max-video-preview:-1\" \/>\n<link rel=\"canonical\" href=\"https:\/\/deputadotaveirajr.com.br\/index.php\/pf-prende-duas-pessoas-em-flagrante-no-rn-em-operacao-nacional-contra-abuso-sexual-de-criancas-e-adolescentes\/\" \/>\n<meta property=\"og:locale\" content=\"pt_BR\" \/>\n<meta property=\"og:type\" content=\"article\" \/>\n<meta property=\"og:title\" content=\"PF prende duas pessoas em flagrante no RN em opera\u00e7\u00e3o nacional contra abuso sexual de crian\u00e7as e adolescentes - Taveira Jr\" \/>\n<meta property=\"og:description\" content=\"Objetivo \u00e9 identificar criminosos que agem principalmente na internet. Eletr\u00f4nicos como celulares, tablets e computadores foram apreendidos. PF prende duas pessoas em flagrante no RN em opera\u00e7\u00e3o nacional contra abuso ...\" \/>\n<meta property=\"og:url\" content=\"https:\/\/deputadotaveirajr.com.br\/index.php\/pf-prende-duas-pessoas-em-flagrante-no-rn-em-operacao-nacional-contra-abuso-sexual-de-criancas-e-adolescentes\/\" \/>\n<meta property=\"og:site_name\" content=\"Taveira Jr\" \/>\n<meta property=\"og:image\" content=\"https:\/\/s2-g1.glbimg.com\/VRYHMkUSy9CGzkRBvK5KMV4Pvdc=\/i.s3.glbimg.com\/v1\/AUTH_59edd422c0c84a879bd37670ae4f538a\/internal_photos\/bs\/2025\/4\/j\/rPSfhMQiahNCtjHHPfOA\/pf03.jpg\" \/>\n<meta name=\"twitter:card\" content=\"summary_large_image\" \/>\n<meta name=\"twitter:label1\" content=\"Est. tempo de leitura\" \/>\n\t<meta name=\"twitter:data1\" content=\"1 minuto\" \/>\n<script type=\"application\/ld+json\" class=\"yoast-schema-graph\">{\"@context\":\"https:\/\/schema.org\",\"@graph\":[{\"@type\":\"WebPage\",\"@id\":\"https:\/\/deputadotaveirajr.com.br\/index.php\/pf-prende-duas-pessoas-em-flagrante-no-rn-em-operacao-nacional-contra-abuso-sexual-de-criancas-e-adolescentes\/\",\"url\":\"https:\/\/deputadotaveirajr.com.br\/index.php\/pf-prende-duas-pessoas-em-flagrante-no-rn-em-operacao-nacional-contra-abuso-sexual-de-criancas-e-adolescentes\/\",\"name\":\"PF prende duas pessoas em flagrante no RN em opera\u00e7\u00e3o nacional contra abuso sexual de crian\u00e7as e adolescentes - Taveira Jr\",\"isPartOf\":{\"@id\":\"https:\/\/deputadotaveirajr.com.br\/#website\"},\"primaryImageOfPage\":{\"@id\":\"https:\/\/deputadotaveirajr.com.br\/index.php\/pf-prende-duas-pessoas-em-flagrante-no-rn-em-operacao-nacional-contra-abuso-sexual-de-criancas-e-adolescentes\/#primaryimage\"},\"image\":{\"@id\":\"https:\/\/deputadotaveirajr.com.br\/index.php\/pf-prende-duas-pessoas-em-flagrante-no-rn-em-operacao-nacional-contra-abuso-sexual-de-criancas-e-adolescentes\/#primaryimage\"},\"thumbnailUrl\":\"https:\/\/deputadotaveirajr.com.br\/wp-content\/uploads\/2025\/03\/pf03-QCSZ35.jpeg\",\"datePublished\":\"2025-03-12T13:19:35+00:00\",\"breadcrumb\":{\"@id\":\"https:\/\/deputadotaveirajr.com.br\/index.php\/pf-prende-duas-pessoas-em-flagrante-no-rn-em-operacao-nacional-contra-abuso-sexual-de-criancas-e-adolescentes\/#breadcrumb\"},\"inLanguage\":\"pt-BR\",\"potentialAction\":[{\"@type\":\"ReadAction\",\"target\":[\"https:\/\/deputadotaveirajr.com.br\/index.php\/pf-prende-duas-pessoas-em-flagrante-no-rn-em-operacao-nacional-contra-abuso-sexual-de-criancas-e-adolescentes\/\"]}]},{\"@type\":\"ImageObject\",\"inLanguage\":\"pt-BR\",\"@id\":\"https:\/\/deputadotaveirajr.com.br\/index.php\/pf-prende-duas-pessoas-em-flagrante-no-rn-em-operacao-nacional-contra-abuso-sexual-de-criancas-e-adolescentes\/#primaryimage\",\"url\":\"https:\/\/deputadotaveirajr.com.br\/wp-content\/uploads\/2025\/03\/pf03-QCSZ35.jpeg\",\"contentUrl\":\"https:\/\/deputadotaveirajr.com.br\/wp-content\/uploads\/2025\/03\/pf03-QCSZ35.jpeg\",\"width\":1600,\"height\":1200},{\"@type\":\"BreadcrumbList\",\"@id\":\"https:\/\/deputadotaveirajr.com.br\/index.php\/pf-prende-duas-pessoas-em-flagrante-no-rn-em-operacao-nacional-contra-abuso-sexual-de-criancas-e-adolescentes\/#breadcrumb\",\"itemListElement\":[{\"@type\":\"ListItem\",\"position\":1,\"name\":\"In\u00edcio\",\"item\":\"https:\/\/deputadotaveirajr.com.br\/\"},{\"@type\":\"ListItem\",\"position\":2,\"name\":\"PF prende duas pessoas em flagrante no RN em opera\u00e7\u00e3o nacional contra abuso sexual de crian\u00e7as e adolescentes\"}]},{\"@type\":\"WebSite\",\"@id\":\"https:\/\/deputadotaveirajr.com.br\/#website\",\"url\":\"https:\/\/deputadotaveirajr.com.br\/\",\"name\":\"Taveira Jr\",\"description\":\"Deputado Estadual\",\"publisher\":{\"@id\":\"https:\/\/deputadotaveirajr.com.br\/#organization\"},\"potentialAction\":[{\"@type\":\"SearchAction\",\"target\":{\"@type\":\"EntryPoint\",\"urlTemplate\":\"https:\/\/deputadotaveirajr.com.br\/?s={search_term_string}\"},\"query-input\":{\"@type\":\"PropertyValueSpecification\",\"valueRequired\":true,\"valueName\":\"search_term_string\"}}],\"inLanguage\":\"pt-BR\"},{\"@type\":\"Organization\",\"@id\":\"https:\/\/deputadotaveirajr.com.br\/#organization\",\"name\":\"Taveira Jr\",\"url\":\"https:\/\/deputadotaveirajr.com.br\/\",\"logo\":{\"@type\":\"ImageObject\",\"inLanguage\":\"pt-BR\",\"@id\":\"https:\/\/deputadotaveirajr.com.br\/#\/schema\/logo\/image\/\",\"url\":\"https:\/\/deputadotaveirajr.com.br\/wp-content\/uploads\/2026\/01\/logolow2a.png\",\"contentUrl\":\"https:\/\/deputadotaveirajr.com.br\/wp-content\/uploads\/2026\/01\/logolow2a.png\",\"width\":290,\"height\":80,\"caption\":\"Taveira Jr\"},\"image\":{\"@id\":\"https:\/\/deputadotaveirajr.com.br\/#\/schema\/logo\/image\/\"}}]}<\/script>\n<!-- \/ Yoast SEO plugin. -->","yoast_head_json":{"title":"PF prende duas pessoas em flagrante no RN em opera\u00e7\u00e3o nacional contra abuso sexual de crian\u00e7as e adolescentes - Taveira Jr","robots":{"index":"index","follow":"follow","max-snippet":"max-snippet:-1","max-image-preview":"max-image-preview:large","max-video-preview":"max-video-preview:-1"},"canonical":"https:\/\/deputadotaveirajr.com.br\/index.php\/pf-prende-duas-pessoas-em-flagrante-no-rn-em-operacao-nacional-contra-abuso-sexual-de-criancas-e-adolescentes\/","og_locale":"pt_BR","og_type":"article","og_title":"PF prende duas pessoas em flagrante no RN em opera\u00e7\u00e3o nacional contra abuso sexual de crian\u00e7as e adolescentes - Taveira Jr","og_description":"Objetivo \u00e9 identificar criminosos que agem principalmente na internet. Eletr\u00f4nicos como celulares, tablets e computadores foram apreendidos. PF prende duas pessoas em flagrante no RN em opera\u00e7\u00e3o nacional contra abuso ...","og_url":"https:\/\/deputadotaveirajr.com.br\/index.php\/pf-prende-duas-pessoas-em-flagrante-no-rn-em-operacao-nacional-contra-abuso-sexual-de-criancas-e-adolescentes\/","og_site_name":"Taveira Jr","og_image":[{"url":"https:\/\/s2-g1.glbimg.com\/VRYHMkUSy9CGzkRBvK5KMV4Pvdc=\/i.s3.glbimg.com\/v1\/AUTH_59edd422c0c84a879bd37670ae4f538a\/internal_photos\/bs\/2025\/4\/j\/rPSfhMQiahNCtjHHPfOA\/pf03.jpg","type":"","width":"","height":""}],"twitter_card":"summary_large_image","twitter_misc":{"Est. tempo de leitura":"1 minuto"},"schema":{"@context":"https:\/\/schema.org","@graph":[{"@type":"WebPage","@id":"https:\/\/deputadotaveirajr.com.br\/index.php\/pf-prende-duas-pessoas-em-flagrante-no-rn-em-operacao-nacional-contra-abuso-sexual-de-criancas-e-adolescentes\/","url":"https:\/\/deputadotaveirajr.com.br\/index.php\/pf-prende-duas-pessoas-em-flagrante-no-rn-em-operacao-nacional-contra-abuso-sexual-de-criancas-e-adolescentes\/","name":"PF prende duas pessoas em flagrante no RN em opera\u00e7\u00e3o nacional contra abuso sexual de crian\u00e7as e adolescentes - Taveira Jr","isPartOf":{"@id":"https:\/\/deputadotaveirajr.com.br\/#website"},"primaryImageOfPage":{"@id":"https:\/\/deputadotaveirajr.com.br\/index.php\/pf-prende-duas-pessoas-em-flagrante-no-rn-em-operacao-nacional-contra-abuso-sexual-de-criancas-e-adolescentes\/#primaryimage"},"image":{"@id":"https:\/\/deputadotaveirajr.com.br\/index.php\/pf-prende-duas-pessoas-em-flagrante-no-rn-em-operacao-nacional-contra-abuso-sexual-de-criancas-e-adolescentes\/#primaryimage"},"thumbnailUrl":"https:\/\/deputadotaveirajr.com.br\/wp-content\/uploads\/2025\/03\/pf03-QCSZ35.jpeg","datePublished":"2025-03-12T13:19:35+00:00","breadcrumb":{"@id":"https:\/\/deputadotaveirajr.com.br\/index.php\/pf-prende-duas-pessoas-em-flagrante-no-rn-em-operacao-nacional-contra-abuso-sexual-de-criancas-e-adolescentes\/#breadcrumb"},"inLanguage":"pt-BR","potentialAction":[{"@type":"ReadAction","target":["https:\/\/deputadotaveirajr.com.br\/index.php\/pf-prende-duas-pessoas-em-flagrante-no-rn-em-operacao-nacional-contra-abuso-sexual-de-criancas-e-adolescentes\/"]}]},{"@type":"ImageObject","inLanguage":"pt-BR","@id":"https:\/\/deputadotaveirajr.com.br\/index.php\/pf-prende-duas-pessoas-em-flagrante-no-rn-em-operacao-nacional-contra-abuso-sexual-de-criancas-e-adolescentes\/#primaryimage","url":"https:\/\/deputadotaveirajr.com.br\/wp-content\/uploads\/2025\/03\/pf03-QCSZ35.jpeg","contentUrl":"https:\/\/deputadotaveirajr.com.br\/wp-content\/uploads\/2025\/03\/pf03-QCSZ35.jpeg","width":1600,"height":1200},{"@type":"BreadcrumbList","@id":"https:\/\/deputadotaveirajr.com.br\/index.php\/pf-prende-duas-pessoas-em-flagrante-no-rn-em-operacao-nacional-contra-abuso-sexual-de-criancas-e-adolescentes\/#breadcrumb","itemListElement":[{"@type":"ListItem","position":1,"name":"In\u00edcio","item":"https:\/\/deputadotaveirajr.com.br\/"},{"@type":"ListItem","position":2,"name":"PF prende duas pessoas em flagrante no RN em opera\u00e7\u00e3o nacional contra abuso sexual de crian\u00e7as e adolescentes"}]},{"@type":"WebSite","@id":"https:\/\/deputadotaveirajr.com.br\/#website","url":"https:\/\/deputadotaveirajr.com.br\/","name":"Taveira Jr","description":"Deputado Estadual","publisher":{"@id":"https:\/\/deputadotaveirajr.com.br\/#organization"},"potentialAction":[{"@type":"SearchAction","target":{"@type":"EntryPoint","urlTemplate":"https:\/\/deputadotaveirajr.com.br\/?s={search_term_string}"},"query-input":{"@type":"PropertyValueSpecification","valueRequired":true,"valueName":"search_term_string"}}],"inLanguage":"pt-BR"},{"@type":"Organization","@id":"https:\/\/deputadotaveirajr.com.br\/#organization","name":"Taveira Jr","url":"https:\/\/deputadotaveirajr.com.br\/","logo":{"@type":"ImageObject","inLanguage":"pt-BR","@id":"https:\/\/deputadotaveirajr.com.br\/#\/schema\/logo\/image\/","url":"https:\/\/deputadotaveirajr.com.br\/wp-content\/uploads\/2026\/01\/logolow2a.png","contentUrl":"https:\/\/deputadotaveirajr.com.br\/wp-content\/uploads\/2026\/01\/logolow2a.png","width":290,"height":80,"caption":"Taveira Jr"},"image":{"@id":"https:\/\/deputadotaveirajr.com.br\/#\/schema\/logo\/image\/"}}]}},"_links":{"self":[{"href":"https:\/\/deputadotaveirajr.com.br\/index.php\/wp-json\/wp\/v2\/pages\/12567","targetHints":{"allow":["GET"]}}],"collection":[{"href":"https:\/\/deputadotaveirajr.com.br\/index.php\/wp-json\/wp\/v2\/pages"}],"about":[{"href":"https:\/\/deputadotaveirajr.com.br\/index.php\/wp-json\/wp\/v2\/types\/page"}],"replies":[{"embeddable":true,"href":"https:\/\/deputadotaveirajr.com.br\/index.php\/wp-json\/wp\/v2\/comments?post=12567"}],"version-history":[{"count":0,"href":"https:\/\/deputadotaveirajr.com.br\/index.php\/wp-json\/wp\/v2\/pages\/12567\/revisions"}],"wp:featuredmedia":[{"embeddable":true,"href":"https:\/\/deputadotaveirajr.com.br\/index.php\/wp-json\/wp\/v2\/media\/12568"}],"wp:attachment":[{"href":"https:\/\/deputadotaveirajr.com.br\/index.php\/wp-json\/wp\/v2\/media?parent=12567"}],"curies":[{"name":"wp","href":"https:\/\/api.w.org\/{rel}","templated":true}]}}