{"id":12569,"date":"2025-03-13T06:30:18","date_gmt":"2025-03-13T09:30:18","guid":{"rendered":"https:\/\/deputadotaveirajr.com.br\/index.php\/samba-na-rampa-e-stand-up-de-gustavo-pardal-veja-agenda-cultural-do-fim-de-semana-em-natal\/"},"modified":"2025-03-13T06:30:18","modified_gmt":"2025-03-13T09:30:18","slug":"samba-na-rampa-e-stand-up-de-gustavo-pardal-veja-agenda-cultural-do-fim-de-semana-em-natal","status":"publish","type":"page","link":"https:\/\/deputadotaveirajr.com.br\/index.php\/samba-na-rampa-e-stand-up-de-gustavo-pardal-veja-agenda-cultural-do-fim-de-semana-em-natal\/","title":{"rendered":"Samba na Rampa e stand-up de Gustavo Pardal: veja agenda cultural do fim de semana em Natal"},"content":{"rendered":"<p><img decoding=\"async\" src=\"https:\/\/s2-g1.glbimg.com\/div4WNu5T8ZX-Z_HMcFyBuDhtfg=\/i.s3.glbimg.com\/v1\/AUTH_59edd422c0c84a879bd37670ae4f538a\/internal_photos\/bs\/2022\/X\/l\/IIDllmQ3meRZV6bBBlEg\/samba-preto-no-branco.png\" \/><br \/>     Op\u00e7\u00f5es de eventos culturais e festas entre esta quinta-feira (13) e a pr\u00f3xima ter\u00e7a-feira (18) foram reunidas pelo g1. Samba Preto no Branco \u00e9 atra\u00e7\u00e3o do Copa Beer<br \/>\nDivulga\u00e7\u00e3o<br \/>\nNatal tem um fim de semana com shows musicais, festa regada a samba e pagode, e apresenta\u00e7\u00f5es de com\u00e9dia entre as principais atra\u00e7\u00f5es culturais da cidade.<br \/>\n\ud83d\udcf3Participe do canal do g1 RN no WhatsApp<br \/>\nO g1 reuniu algumas das op\u00e7\u00f5es de eventos culturais e festas entre esta quinta-feira (13) e a pr\u00f3xima ter\u00e7a-feira (18). Confira abaixo:<br \/>\nQuinta-feira (13)<br \/>\nQuinta Que Te Quero Samba, com Batuque de um povo<br \/>\nLocal: Rua Coronel Cascudo 130, Cidade Alta (Bar da Nazar\u00e9)<br \/>\nHor\u00e1rio: 19h<br \/>\nIngressos: entrada gratuita<br \/>\nSexta-feira (14)<br \/>\nCarol Sant Anna Em Concerto &#8211; Cl\u00e1ssicos do Rock<br \/>\nLocal: Teatro Alberto Maranh\u00e3o<br \/>\nHor\u00e1rio: 19h30<br \/>\nIngressos: (Clique AQUI)<br \/>\nCarol Porto<br \/>\nLocal: Sede Cultural Dosol<br \/>\nHor\u00e1rio: 20h<br \/>\nIngressos: a partir de R$ 30 (clique AQUI)<br \/>\nAlinne Reis e Arthur e Lucas<br \/>\nLocal: Afonso Pub<br \/>\nHor\u00e1rio: a partir das 21h<br \/>\nIngressos: A partir de R$ 40 (clique AQUI)<br \/>\nUma noite de Open Mic<br \/>\nLocal: Natal Comedy Club<br \/>\nHor\u00e1rio: 20h<br \/>\nIngressos: a partir de R$ 20 (clique AQUI)<br \/>\nS\u00e1bado (15)<br \/>\nSambinha Tirol Mar\u00e7o<br \/>\n(Mesa 12, Radam\u00e9s e Banda Mon Jardin e Samba Preto no Branco)<br \/>\nLocal: Complexo da Rampa<br \/>\nHor\u00e1rio: 16h<br \/>\nIngressos: a partir de R$ 40 (clique AQUI)<br \/>\nPlacillio Diniz como antigamente<br \/>\nLocal: Buraco da Catita<br \/>\nHor\u00e1rio: 21h<br \/>\nIngressos: a partir de R$ 30 (clique AQUI)<br \/>\nTodo Carnaval Tem Seu Fim 16<br \/>\nLocal: Zona Abissal<br \/>\nHor\u00e1rio: 20h<br \/>\nIngressos: a partir de R$ 30 (clique AQUI)<br \/>\nSt Patrick da Oh&#8217; Velha<br \/>\n(Com Dyon\u00edsia &#8211; Rock Nacional e internacional 80 a 2000 &#8211; e Por Enquanto Nada &#8211; rock nacional)<br \/>\nLocal: OhVelha Pub, em Ponta Negra<br \/>\nHor\u00e1rio: 18h<br \/>\nIngressos: a partir de R$ 30 (clique AQUI)<br \/>\nIgor Guedes, o Igorfina, em Fragmentado<br \/>\nLocal: Natal Comedy Club<br \/>\nHor\u00e1rio: 20h<br \/>\nIngressos: a partir de R$ 50 (clique AQUI)<br \/>\nDomingo (16)<br \/>\nGustavo Pardal, Sem Pena &#8211; Stand-up Comedy<br \/>\nLocal: Natal Comedy Club<br \/>\nHor\u00e1rio: 20h<br \/>\nIngressos: a partir de R$ 40 (clique AQUI)<br \/>\nSegunda-feira (17)<br \/>\nSegunda de Vagabundo<br \/>\nLocal: Rua Pereira Sim\u00f5es , 43 B, Rocas<br \/>\nHor\u00e1rio: 20h<br \/>\nIngressos: entrada gratuita<br \/>\nTer\u00e7a-feira (18)<br \/>\nStefano Mota<br \/>\nLocal: Sede Cultural Dosol<br \/>\nHor\u00e1rio: 19h<br \/>\nIngressos: ingressos esgotados (mais informa\u00e7\u00f5es AQUI)<br \/>\nA escola Malandros do Samba se tornou tricampe\u00e3 consecutiva do carnaval de Natal. Veja na reportagem abaixo \u2b07\ufe0f<br \/>\nMalandros do Samba \u00e9 tricampe\u00e3 no Carnaval de Natal<br \/>\nV\u00eddeos mais assistidos do g1 RN<\/p>","protected":false},"excerpt":{"rendered":"<p>Op\u00e7\u00f5es de eventos culturais e festas entre esta quinta-feira (13) e a pr\u00f3xima ter\u00e7a-feira (18) foram reunidas pelo g1. Samba Preto no Branco \u00e9 atra\u00e7\u00e3o do Copa Beer Divulga\u00e7\u00e3o Natal &#8230;<\/p>\n","protected":false},"author":0,"featured_media":12570,"parent":0,"menu_order":0,"comment_status":"closed","ping_status":"closed","template":"","meta":{"footnotes":""},"class_list":["post-12569","page","type-page","status-publish","has-post-thumbnail","hentry"],"yoast_head":"<!-- This site is optimized with the Yoast SEO plugin v27.1.1 - https:\/\/yoast.com\/product\/yoast-seo-wordpress\/ -->\n<title>Samba na Rampa e stand-up de Gustavo Pardal: veja agenda cultural do fim de semana em Natal - Taveira Jr<\/title>\n<meta name=\"robots\" content=\"index, follow, max-snippet:-1, max-image-preview:large, max-video-preview:-1\" \/>\n<link rel=\"canonical\" href=\"https:\/\/deputadotaveirajr.com.br\/index.php\/samba-na-rampa-e-stand-up-de-gustavo-pardal-veja-agenda-cultural-do-fim-de-semana-em-natal\/\" \/>\n<meta property=\"og:locale\" content=\"pt_BR\" \/>\n<meta property=\"og:type\" content=\"article\" \/>\n<meta property=\"og:title\" content=\"Samba na Rampa e stand-up de Gustavo Pardal: veja agenda cultural do fim de semana em Natal - Taveira Jr\" \/>\n<meta property=\"og:description\" content=\"Op\u00e7\u00f5es de eventos culturais e festas entre esta quinta-feira (13) e a pr\u00f3xima ter\u00e7a-feira (18) foram reunidas pelo g1. Samba Preto no Branco \u00e9 atra\u00e7\u00e3o do Copa Beer Divulga\u00e7\u00e3o Natal ...\" \/>\n<meta property=\"og:url\" content=\"https:\/\/deputadotaveirajr.com.br\/index.php\/samba-na-rampa-e-stand-up-de-gustavo-pardal-veja-agenda-cultural-do-fim-de-semana-em-natal\/\" \/>\n<meta property=\"og:site_name\" content=\"Taveira Jr\" \/>\n<meta property=\"og:image\" content=\"https:\/\/s2-g1.glbimg.com\/div4WNu5T8ZX-Z_HMcFyBuDhtfg=\/i.s3.glbimg.com\/v1\/AUTH_59edd422c0c84a879bd37670ae4f538a\/internal_photos\/bs\/2022\/X\/l\/IIDllmQ3meRZV6bBBlEg\/samba-preto-no-branco.png\" \/>\n<meta name=\"twitter:card\" content=\"summary_large_image\" \/>\n<meta name=\"twitter:label1\" content=\"Est. tempo de leitura\" \/>\n\t<meta name=\"twitter:data1\" content=\"2 minutos\" \/>\n<script type=\"application\/ld+json\" class=\"yoast-schema-graph\">{\"@context\":\"https:\/\/schema.org\",\"@graph\":[{\"@type\":\"WebPage\",\"@id\":\"https:\/\/deputadotaveirajr.com.br\/index.php\/samba-na-rampa-e-stand-up-de-gustavo-pardal-veja-agenda-cultural-do-fim-de-semana-em-natal\/\",\"url\":\"https:\/\/deputadotaveirajr.com.br\/index.php\/samba-na-rampa-e-stand-up-de-gustavo-pardal-veja-agenda-cultural-do-fim-de-semana-em-natal\/\",\"name\":\"Samba na Rampa e stand-up de Gustavo Pardal: veja agenda cultural do fim de semana em Natal - Taveira Jr\",\"isPartOf\":{\"@id\":\"https:\/\/deputadotaveirajr.com.br\/#website\"},\"primaryImageOfPage\":{\"@id\":\"https:\/\/deputadotaveirajr.com.br\/index.php\/samba-na-rampa-e-stand-up-de-gustavo-pardal-veja-agenda-cultural-do-fim-de-semana-em-natal\/#primaryimage\"},\"image\":{\"@id\":\"https:\/\/deputadotaveirajr.com.br\/index.php\/samba-na-rampa-e-stand-up-de-gustavo-pardal-veja-agenda-cultural-do-fim-de-semana-em-natal\/#primaryimage\"},\"thumbnailUrl\":\"https:\/\/deputadotaveirajr.com.br\/wp-content\/uploads\/2025\/03\/samba-preto-no-branco-sVib0L.jpeg\",\"datePublished\":\"2025-03-13T09:30:18+00:00\",\"breadcrumb\":{\"@id\":\"https:\/\/deputadotaveirajr.com.br\/index.php\/samba-na-rampa-e-stand-up-de-gustavo-pardal-veja-agenda-cultural-do-fim-de-semana-em-natal\/#breadcrumb\"},\"inLanguage\":\"pt-BR\",\"potentialAction\":[{\"@type\":\"ReadAction\",\"target\":[\"https:\/\/deputadotaveirajr.com.br\/index.php\/samba-na-rampa-e-stand-up-de-gustavo-pardal-veja-agenda-cultural-do-fim-de-semana-em-natal\/\"]}]},{\"@type\":\"ImageObject\",\"inLanguage\":\"pt-BR\",\"@id\":\"https:\/\/deputadotaveirajr.com.br\/index.php\/samba-na-rampa-e-stand-up-de-gustavo-pardal-veja-agenda-cultural-do-fim-de-semana-em-natal\/#primaryimage\",\"url\":\"https:\/\/deputadotaveirajr.com.br\/wp-content\/uploads\/2025\/03\/samba-preto-no-branco-sVib0L.jpeg\",\"contentUrl\":\"https:\/\/deputadotaveirajr.com.br\/wp-content\/uploads\/2025\/03\/samba-preto-no-branco-sVib0L.jpeg\",\"width\":984,\"height\":655},{\"@type\":\"BreadcrumbList\",\"@id\":\"https:\/\/deputadotaveirajr.com.br\/index.php\/samba-na-rampa-e-stand-up-de-gustavo-pardal-veja-agenda-cultural-do-fim-de-semana-em-natal\/#breadcrumb\",\"itemListElement\":[{\"@type\":\"ListItem\",\"position\":1,\"name\":\"In\u00edcio\",\"item\":\"https:\/\/deputadotaveirajr.com.br\/\"},{\"@type\":\"ListItem\",\"position\":2,\"name\":\"Samba na Rampa e stand-up de Gustavo Pardal: veja agenda cultural do fim de semana em Natal\"}]},{\"@type\":\"WebSite\",\"@id\":\"https:\/\/deputadotaveirajr.com.br\/#website\",\"url\":\"https:\/\/deputadotaveirajr.com.br\/\",\"name\":\"Taveira Jr\",\"description\":\"Deputado Estadual\",\"publisher\":{\"@id\":\"https:\/\/deputadotaveirajr.com.br\/#organization\"},\"potentialAction\":[{\"@type\":\"SearchAction\",\"target\":{\"@type\":\"EntryPoint\",\"urlTemplate\":\"https:\/\/deputadotaveirajr.com.br\/?s={search_term_string}\"},\"query-input\":{\"@type\":\"PropertyValueSpecification\",\"valueRequired\":true,\"valueName\":\"search_term_string\"}}],\"inLanguage\":\"pt-BR\"},{\"@type\":\"Organization\",\"@id\":\"https:\/\/deputadotaveirajr.com.br\/#organization\",\"name\":\"Taveira Jr\",\"url\":\"https:\/\/deputadotaveirajr.com.br\/\",\"logo\":{\"@type\":\"ImageObject\",\"inLanguage\":\"pt-BR\",\"@id\":\"https:\/\/deputadotaveirajr.com.br\/#\/schema\/logo\/image\/\",\"url\":\"https:\/\/deputadotaveirajr.com.br\/wp-content\/uploads\/2026\/01\/logolow2a.png\",\"contentUrl\":\"https:\/\/deputadotaveirajr.com.br\/wp-content\/uploads\/2026\/01\/logolow2a.png\",\"width\":290,\"height\":80,\"caption\":\"Taveira Jr\"},\"image\":{\"@id\":\"https:\/\/deputadotaveirajr.com.br\/#\/schema\/logo\/image\/\"}}]}<\/script>\n<!-- \/ Yoast SEO plugin. -->","yoast_head_json":{"title":"Samba na Rampa e stand-up de Gustavo Pardal: veja agenda cultural do fim de semana em Natal - Taveira Jr","robots":{"index":"index","follow":"follow","max-snippet":"max-snippet:-1","max-image-preview":"max-image-preview:large","max-video-preview":"max-video-preview:-1"},"canonical":"https:\/\/deputadotaveirajr.com.br\/index.php\/samba-na-rampa-e-stand-up-de-gustavo-pardal-veja-agenda-cultural-do-fim-de-semana-em-natal\/","og_locale":"pt_BR","og_type":"article","og_title":"Samba na Rampa e stand-up de Gustavo Pardal: veja agenda cultural do fim de semana em Natal - Taveira Jr","og_description":"Op\u00e7\u00f5es de eventos culturais e festas entre esta quinta-feira (13) e a pr\u00f3xima ter\u00e7a-feira (18) foram reunidas pelo g1. Samba Preto no Branco \u00e9 atra\u00e7\u00e3o do Copa Beer Divulga\u00e7\u00e3o Natal ...","og_url":"https:\/\/deputadotaveirajr.com.br\/index.php\/samba-na-rampa-e-stand-up-de-gustavo-pardal-veja-agenda-cultural-do-fim-de-semana-em-natal\/","og_site_name":"Taveira Jr","og_image":[{"url":"https:\/\/s2-g1.glbimg.com\/div4WNu5T8ZX-Z_HMcFyBuDhtfg=\/i.s3.glbimg.com\/v1\/AUTH_59edd422c0c84a879bd37670ae4f538a\/internal_photos\/bs\/2022\/X\/l\/IIDllmQ3meRZV6bBBlEg\/samba-preto-no-branco.png","type":"","width":"","height":""}],"twitter_card":"summary_large_image","twitter_misc":{"Est. tempo de leitura":"2 minutos"},"schema":{"@context":"https:\/\/schema.org","@graph":[{"@type":"WebPage","@id":"https:\/\/deputadotaveirajr.com.br\/index.php\/samba-na-rampa-e-stand-up-de-gustavo-pardal-veja-agenda-cultural-do-fim-de-semana-em-natal\/","url":"https:\/\/deputadotaveirajr.com.br\/index.php\/samba-na-rampa-e-stand-up-de-gustavo-pardal-veja-agenda-cultural-do-fim-de-semana-em-natal\/","name":"Samba na Rampa e stand-up de Gustavo Pardal: veja agenda cultural do fim de semana em Natal - Taveira Jr","isPartOf":{"@id":"https:\/\/deputadotaveirajr.com.br\/#website"},"primaryImageOfPage":{"@id":"https:\/\/deputadotaveirajr.com.br\/index.php\/samba-na-rampa-e-stand-up-de-gustavo-pardal-veja-agenda-cultural-do-fim-de-semana-em-natal\/#primaryimage"},"image":{"@id":"https:\/\/deputadotaveirajr.com.br\/index.php\/samba-na-rampa-e-stand-up-de-gustavo-pardal-veja-agenda-cultural-do-fim-de-semana-em-natal\/#primaryimage"},"thumbnailUrl":"https:\/\/deputadotaveirajr.com.br\/wp-content\/uploads\/2025\/03\/samba-preto-no-branco-sVib0L.jpeg","datePublished":"2025-03-13T09:30:18+00:00","breadcrumb":{"@id":"https:\/\/deputadotaveirajr.com.br\/index.php\/samba-na-rampa-e-stand-up-de-gustavo-pardal-veja-agenda-cultural-do-fim-de-semana-em-natal\/#breadcrumb"},"inLanguage":"pt-BR","potentialAction":[{"@type":"ReadAction","target":["https:\/\/deputadotaveirajr.com.br\/index.php\/samba-na-rampa-e-stand-up-de-gustavo-pardal-veja-agenda-cultural-do-fim-de-semana-em-natal\/"]}]},{"@type":"ImageObject","inLanguage":"pt-BR","@id":"https:\/\/deputadotaveirajr.com.br\/index.php\/samba-na-rampa-e-stand-up-de-gustavo-pardal-veja-agenda-cultural-do-fim-de-semana-em-natal\/#primaryimage","url":"https:\/\/deputadotaveirajr.com.br\/wp-content\/uploads\/2025\/03\/samba-preto-no-branco-sVib0L.jpeg","contentUrl":"https:\/\/deputadotaveirajr.com.br\/wp-content\/uploads\/2025\/03\/samba-preto-no-branco-sVib0L.jpeg","width":984,"height":655},{"@type":"BreadcrumbList","@id":"https:\/\/deputadotaveirajr.com.br\/index.php\/samba-na-rampa-e-stand-up-de-gustavo-pardal-veja-agenda-cultural-do-fim-de-semana-em-natal\/#breadcrumb","itemListElement":[{"@type":"ListItem","position":1,"name":"In\u00edcio","item":"https:\/\/deputadotaveirajr.com.br\/"},{"@type":"ListItem","position":2,"name":"Samba na Rampa e stand-up de Gustavo Pardal: veja agenda cultural do fim de semana em Natal"}]},{"@type":"WebSite","@id":"https:\/\/deputadotaveirajr.com.br\/#website","url":"https:\/\/deputadotaveirajr.com.br\/","name":"Taveira Jr","description":"Deputado Estadual","publisher":{"@id":"https:\/\/deputadotaveirajr.com.br\/#organization"},"potentialAction":[{"@type":"SearchAction","target":{"@type":"EntryPoint","urlTemplate":"https:\/\/deputadotaveirajr.com.br\/?s={search_term_string}"},"query-input":{"@type":"PropertyValueSpecification","valueRequired":true,"valueName":"search_term_string"}}],"inLanguage":"pt-BR"},{"@type":"Organization","@id":"https:\/\/deputadotaveirajr.com.br\/#organization","name":"Taveira Jr","url":"https:\/\/deputadotaveirajr.com.br\/","logo":{"@type":"ImageObject","inLanguage":"pt-BR","@id":"https:\/\/deputadotaveirajr.com.br\/#\/schema\/logo\/image\/","url":"https:\/\/deputadotaveirajr.com.br\/wp-content\/uploads\/2026\/01\/logolow2a.png","contentUrl":"https:\/\/deputadotaveirajr.com.br\/wp-content\/uploads\/2026\/01\/logolow2a.png","width":290,"height":80,"caption":"Taveira Jr"},"image":{"@id":"https:\/\/deputadotaveirajr.com.br\/#\/schema\/logo\/image\/"}}]}},"_links":{"self":[{"href":"https:\/\/deputadotaveirajr.com.br\/index.php\/wp-json\/wp\/v2\/pages\/12569","targetHints":{"allow":["GET"]}}],"collection":[{"href":"https:\/\/deputadotaveirajr.com.br\/index.php\/wp-json\/wp\/v2\/pages"}],"about":[{"href":"https:\/\/deputadotaveirajr.com.br\/index.php\/wp-json\/wp\/v2\/types\/page"}],"replies":[{"embeddable":true,"href":"https:\/\/deputadotaveirajr.com.br\/index.php\/wp-json\/wp\/v2\/comments?post=12569"}],"version-history":[{"count":0,"href":"https:\/\/deputadotaveirajr.com.br\/index.php\/wp-json\/wp\/v2\/pages\/12569\/revisions"}],"wp:featuredmedia":[{"embeddable":true,"href":"https:\/\/deputadotaveirajr.com.br\/index.php\/wp-json\/wp\/v2\/media\/12570"}],"wp:attachment":[{"href":"https:\/\/deputadotaveirajr.com.br\/index.php\/wp-json\/wp\/v2\/media?parent=12569"}],"curies":[{"name":"wp","href":"https:\/\/api.w.org\/{rel}","templated":true}]}}