{"id":12572,"date":"2025-03-13T08:12:17","date_gmt":"2025-03-13T11:12:17","guid":{"rendered":"https:\/\/deputadotaveirajr.com.br\/index.php\/policia-prende-motorista-suspeito-de-envolvimento-em-atentado-a-trilheiros-que-deixou-jovem-baleada-nas-dunas-de-jacuma\/"},"modified":"2025-03-13T08:12:17","modified_gmt":"2025-03-13T11:12:17","slug":"policia-prende-motorista-suspeito-de-envolvimento-em-atentado-a-trilheiros-que-deixou-jovem-baleada-nas-dunas-de-jacuma","status":"publish","type":"page","link":"https:\/\/deputadotaveirajr.com.br\/index.php\/policia-prende-motorista-suspeito-de-envolvimento-em-atentado-a-trilheiros-que-deixou-jovem-baleada-nas-dunas-de-jacuma\/","title":{"rendered":"Pol\u00edcia prende motorista suspeito de envolvimento em atentado a trilheiros que deixou jovem baleada nas dunas de Jacum\u00e3"},"content":{"rendered":"<p><img decoding=\"async\" src=\"https:\/\/s2-g1.glbimg.com\/s_t03S_xzu4f-CMk-uPoZYkgPqM=\/i.s3.glbimg.com\/v1\/AUTH_59edd422c0c84a879bd37670ae4f538a\/internal_photos\/bs\/2025\/m\/1\/28Gv6rTNaAdqtADwV8Iw\/tiros-jacuma.png\" \/><br \/>     Caso aconteceu neste s\u00e1bado (8) nas dunas da praia de Jacum\u00e3, em Cear\u00e1-Mirim. Jovem foi atingida por pelo menos tr\u00eas disparos. Pol\u00edcia do RN prende suspeito de envolvimento em atentado a jipeiros nas dunas de Jacum\u00e3<br \/>\nA Pol\u00edcia Civil do Rio Grande do Norte prendeu um homem apontado como o motorista do carro envolvido em um atentado a tiros contra trilheiros nas dunas da praia de Jacum\u00e3, em Cear\u00e1-Mirim, na Grande Natal, no \u00faltimo s\u00e1bado (8). Uma jovem de 23 anos foi baleada na ocasi\u00e3o.<br \/>\nO mandado de pris\u00e3o preventiva expedido pela Justi\u00e7a contra o suspeito foi cumprido na tarde desta quarta-feira (12) pela Divis\u00e3o Especializada em Investiga\u00e7\u00e3o e Combate ao Crime Organizado (Deicor) e 22\u00aa Delegacia de Pol\u00edcia de Cear\u00e1-Mirim.<br \/>\n\ud83d\udcf3Participe do canal do g1 RN no WhatsApp<br \/>\nSegundo a pol\u00edcia, outro suspeito de 60 anos, que teria sido o respons\u00e1vel pelos disparos, segue foragido. Segundo a pol\u00edcia, as dilig\u00eancias seguem com o objetivo de localiz\u00e1-lo e captur\u00e1-lo<br \/>\nDiversos disparos de arma de fogo foram efetuados em dire\u00e7\u00e3o a um grupo de trilheiros, atingindo uma jovem de 23 anos, al\u00e9m de danificar ve\u00edculos que transitavam pelo local. O homem preso, localizado no munic\u00edpio de Cear\u00e1-Mirim, \u00e9 apontado como o condutor do ve\u00edculo utilizado na a\u00e7\u00e3o criminosa.<br \/>\nO crime<br \/>\nA jovem de 23 anos foi baleada durante um passeio nas dunas do litoral do Rio Grande do Norte no s\u00e1bado (8). Ela foi socorrida e levada para o Hospital Santa Catarina, na Zona Norte de Natal e submetida a uma cirurgia na manh\u00e3 deste domingo (9).<br \/>\nDe acordo com a Pol\u00edcia Militar, a v\u00edtima foi atingida por pelo menos tr\u00eas disparos &#8211; um na perna, outro no p\u00e9 e um no abd\u00f4men.<br \/>\nTiros foram registrados em dunas na praia de Jacum\u00e3, na Grande Natal<br \/>\nReprodu\u00e7\u00e3o\/Redes sociais<br \/>\nO caso aconteceu durante um passeio feito por ve\u00edculos 4&#215;4 no litoral do estado. \u00c0 pol\u00edcia, os trilheiros, como s\u00e3o chamados, relataram que foram alvos de disparos de arma de fogo durante o passeio, no meio das dunas.<br \/>\nAp\u00f3s os disparos, c\u00e1psulas de armas de fogo foram recolhidas. Em uma imagem que circulou nas redes sociais, um homem mostra pelo menos sete c\u00e1psulas na m\u00e3o.<br \/>\nReuni\u00e3o<br \/>\nUma reuni\u00e3o realizada nesta quarta-feira (12) envolveu secretarias do governo do Rio Grande do Norte, al\u00e9m de trilheiros, bugueiros e jipeiros para debater medidas de seguran\u00e7a e regras para os passeios em dunas no litoral do estado.<br \/>\nO trecho em que ocorreu o caso ter\u00e1 policiamento refor\u00e7ado, segundo informou a Secretaria de Seguran\u00e7a e Defesa Social (Sesed).<br \/>\nUma outra medida adotada \u00e9 que o Departamento Estadual de Tr\u00e2nsito do Rio Grande do Norte (Detran-RN) e o Departamento de Estradas de Rodagem (DER) v\u00e3o definir em 30 dias os locais espec\u00edficos para trilhas e acessos de bugueiros e trilheiros que fazem passeios recreativos.<br \/>\nReunia\u0303o debate seguranc\u0327a nas dunas de Pitangui, na Grande Natal<br \/>\nNo dia 20 uma nova reuni\u00e3o foi marcada na Secretaria de Turismo para acertar novos detalhes dessas medidas, de acordo com o secret\u00e1rio de Seguran\u00e7a e Defesa Social, coronel Francisco Ara\u00fajo.<br \/>\n&#8220;Vai ser regulamentada a lei estadual que j\u00e1 foi sancionada que diz todo o andamento sobre o uso das dunas, que seja p\u00fablica ou privada. E essa regulamenta\u00e7\u00e3o vai disciplinar onde pode transitar com os ve\u00edculos. E as for\u00e7as de seguran\u00e7a p\u00fablica ir\u00e3o fiscalizar pra evitar conflitos e atritos&#8221;, explicou o secret\u00e1rio.<br \/>\nO Instituto de Desenvolvimento Sustent\u00e1vel e Meio Ambiente (Idema) tamb\u00e9m vai delimitar as \u00e1reas permitidas.<br \/>\n&#8220;Nesse disciplinamento \u00e9 onde vai ficar constando onde pode cada organiza\u00e7\u00e3o fazer. E se chegar ao acordo, todos v\u00e3o participar de acordo com o que for disciplinado&#8221;, disse.<br \/>\nSegundo o Sindicato dos Bugueiros no ano passado mais de 86 mil passeios foram realizados com trajeto nas dunas de Jacum\u00e3, que foi visitado por 347 mil turistas entre janeiro e dezembro.<br \/>\nV\u00eddeos mais assistidos do g1 RN<\/p>","protected":false},"excerpt":{"rendered":"<p>Caso aconteceu neste s\u00e1bado (8) nas dunas da praia de Jacum\u00e3, em Cear\u00e1-Mirim. Jovem foi atingida por pelo menos tr\u00eas disparos. Pol\u00edcia do RN prende suspeito de envolvimento em atentado &#8230;<\/p>\n","protected":false},"author":0,"featured_media":12573,"parent":0,"menu_order":0,"comment_status":"closed","ping_status":"closed","template":"","meta":{"footnotes":""},"class_list":["post-12572","page","type-page","status-publish","has-post-thumbnail","hentry"],"yoast_head":"<!-- This site is optimized with the Yoast SEO plugin v27.1.1 - https:\/\/yoast.com\/product\/yoast-seo-wordpress\/ -->\n<title>Pol\u00edcia prende motorista suspeito de envolvimento em atentado a trilheiros que deixou jovem baleada nas dunas de Jacum\u00e3 - Taveira Jr<\/title>\n<meta name=\"robots\" content=\"index, follow, max-snippet:-1, max-image-preview:large, max-video-preview:-1\" \/>\n<link rel=\"canonical\" href=\"https:\/\/deputadotaveirajr.com.br\/index.php\/policia-prende-motorista-suspeito-de-envolvimento-em-atentado-a-trilheiros-que-deixou-jovem-baleada-nas-dunas-de-jacuma\/\" \/>\n<meta property=\"og:locale\" content=\"pt_BR\" \/>\n<meta property=\"og:type\" content=\"article\" \/>\n<meta property=\"og:title\" content=\"Pol\u00edcia prende motorista suspeito de envolvimento em atentado a trilheiros que deixou jovem baleada nas dunas de Jacum\u00e3 - Taveira Jr\" \/>\n<meta property=\"og:description\" content=\"Caso aconteceu neste s\u00e1bado (8) nas dunas da praia de Jacum\u00e3, em Cear\u00e1-Mirim. Jovem foi atingida por pelo menos tr\u00eas disparos. Pol\u00edcia do RN prende suspeito de envolvimento em atentado ...\" \/>\n<meta property=\"og:url\" content=\"https:\/\/deputadotaveirajr.com.br\/index.php\/policia-prende-motorista-suspeito-de-envolvimento-em-atentado-a-trilheiros-que-deixou-jovem-baleada-nas-dunas-de-jacuma\/\" \/>\n<meta property=\"og:site_name\" content=\"Taveira Jr\" \/>\n<meta property=\"og:image\" content=\"https:\/\/s2-g1.glbimg.com\/s_t03S_xzu4f-CMk-uPoZYkgPqM=\/i.s3.glbimg.com\/v1\/AUTH_59edd422c0c84a879bd37670ae4f538a\/internal_photos\/bs\/2025\/m\/1\/28Gv6rTNaAdqtADwV8Iw\/tiros-jacuma.png\" \/>\n<meta name=\"twitter:card\" content=\"summary_large_image\" \/>\n<meta name=\"twitter:label1\" content=\"Est. tempo de leitura\" \/>\n\t<meta name=\"twitter:data1\" content=\"3 minutos\" \/>\n<script type=\"application\/ld+json\" class=\"yoast-schema-graph\">{\"@context\":\"https:\/\/schema.org\",\"@graph\":[{\"@type\":\"WebPage\",\"@id\":\"https:\/\/deputadotaveirajr.com.br\/index.php\/policia-prende-motorista-suspeito-de-envolvimento-em-atentado-a-trilheiros-que-deixou-jovem-baleada-nas-dunas-de-jacuma\/\",\"url\":\"https:\/\/deputadotaveirajr.com.br\/index.php\/policia-prende-motorista-suspeito-de-envolvimento-em-atentado-a-trilheiros-que-deixou-jovem-baleada-nas-dunas-de-jacuma\/\",\"name\":\"Pol\u00edcia prende motorista suspeito de envolvimento em atentado a trilheiros que deixou jovem baleada nas dunas de Jacum\u00e3 - Taveira Jr\",\"isPartOf\":{\"@id\":\"https:\/\/deputadotaveirajr.com.br\/#website\"},\"primaryImageOfPage\":{\"@id\":\"https:\/\/deputadotaveirajr.com.br\/index.php\/policia-prende-motorista-suspeito-de-envolvimento-em-atentado-a-trilheiros-que-deixou-jovem-baleada-nas-dunas-de-jacuma\/#primaryimage\"},\"image\":{\"@id\":\"https:\/\/deputadotaveirajr.com.br\/index.php\/policia-prende-motorista-suspeito-de-envolvimento-em-atentado-a-trilheiros-que-deixou-jovem-baleada-nas-dunas-de-jacuma\/#primaryimage\"},\"thumbnailUrl\":\"https:\/\/deputadotaveirajr.com.br\/wp-content\/uploads\/2025\/03\/tiros-jacuma-aTnFmg.jpeg\",\"datePublished\":\"2025-03-13T11:12:17+00:00\",\"breadcrumb\":{\"@id\":\"https:\/\/deputadotaveirajr.com.br\/index.php\/policia-prende-motorista-suspeito-de-envolvimento-em-atentado-a-trilheiros-que-deixou-jovem-baleada-nas-dunas-de-jacuma\/#breadcrumb\"},\"inLanguage\":\"pt-BR\",\"potentialAction\":[{\"@type\":\"ReadAction\",\"target\":[\"https:\/\/deputadotaveirajr.com.br\/index.php\/policia-prende-motorista-suspeito-de-envolvimento-em-atentado-a-trilheiros-que-deixou-jovem-baleada-nas-dunas-de-jacuma\/\"]}]},{\"@type\":\"ImageObject\",\"inLanguage\":\"pt-BR\",\"@id\":\"https:\/\/deputadotaveirajr.com.br\/index.php\/policia-prende-motorista-suspeito-de-envolvimento-em-atentado-a-trilheiros-que-deixou-jovem-baleada-nas-dunas-de-jacuma\/#primaryimage\",\"url\":\"https:\/\/deputadotaveirajr.com.br\/wp-content\/uploads\/2025\/03\/tiros-jacuma-aTnFmg.jpeg\",\"contentUrl\":\"https:\/\/deputadotaveirajr.com.br\/wp-content\/uploads\/2025\/03\/tiros-jacuma-aTnFmg.jpeg\",\"width\":2000,\"height\":2000},{\"@type\":\"BreadcrumbList\",\"@id\":\"https:\/\/deputadotaveirajr.com.br\/index.php\/policia-prende-motorista-suspeito-de-envolvimento-em-atentado-a-trilheiros-que-deixou-jovem-baleada-nas-dunas-de-jacuma\/#breadcrumb\",\"itemListElement\":[{\"@type\":\"ListItem\",\"position\":1,\"name\":\"In\u00edcio\",\"item\":\"https:\/\/deputadotaveirajr.com.br\/\"},{\"@type\":\"ListItem\",\"position\":2,\"name\":\"Pol\u00edcia prende motorista suspeito de envolvimento em atentado a trilheiros que deixou jovem baleada nas dunas de Jacum\u00e3\"}]},{\"@type\":\"WebSite\",\"@id\":\"https:\/\/deputadotaveirajr.com.br\/#website\",\"url\":\"https:\/\/deputadotaveirajr.com.br\/\",\"name\":\"Taveira Jr\",\"description\":\"Deputado Estadual\",\"publisher\":{\"@id\":\"https:\/\/deputadotaveirajr.com.br\/#organization\"},\"potentialAction\":[{\"@type\":\"SearchAction\",\"target\":{\"@type\":\"EntryPoint\",\"urlTemplate\":\"https:\/\/deputadotaveirajr.com.br\/?s={search_term_string}\"},\"query-input\":{\"@type\":\"PropertyValueSpecification\",\"valueRequired\":true,\"valueName\":\"search_term_string\"}}],\"inLanguage\":\"pt-BR\"},{\"@type\":\"Organization\",\"@id\":\"https:\/\/deputadotaveirajr.com.br\/#organization\",\"name\":\"Taveira Jr\",\"url\":\"https:\/\/deputadotaveirajr.com.br\/\",\"logo\":{\"@type\":\"ImageObject\",\"inLanguage\":\"pt-BR\",\"@id\":\"https:\/\/deputadotaveirajr.com.br\/#\/schema\/logo\/image\/\",\"url\":\"https:\/\/deputadotaveirajr.com.br\/wp-content\/uploads\/2026\/01\/logolow2a.png\",\"contentUrl\":\"https:\/\/deputadotaveirajr.com.br\/wp-content\/uploads\/2026\/01\/logolow2a.png\",\"width\":290,\"height\":80,\"caption\":\"Taveira Jr\"},\"image\":{\"@id\":\"https:\/\/deputadotaveirajr.com.br\/#\/schema\/logo\/image\/\"}}]}<\/script>\n<!-- \/ Yoast SEO plugin. -->","yoast_head_json":{"title":"Pol\u00edcia prende motorista suspeito de envolvimento em atentado a trilheiros que deixou jovem baleada nas dunas de Jacum\u00e3 - Taveira Jr","robots":{"index":"index","follow":"follow","max-snippet":"max-snippet:-1","max-image-preview":"max-image-preview:large","max-video-preview":"max-video-preview:-1"},"canonical":"https:\/\/deputadotaveirajr.com.br\/index.php\/policia-prende-motorista-suspeito-de-envolvimento-em-atentado-a-trilheiros-que-deixou-jovem-baleada-nas-dunas-de-jacuma\/","og_locale":"pt_BR","og_type":"article","og_title":"Pol\u00edcia prende motorista suspeito de envolvimento em atentado a trilheiros que deixou jovem baleada nas dunas de Jacum\u00e3 - Taveira Jr","og_description":"Caso aconteceu neste s\u00e1bado (8) nas dunas da praia de Jacum\u00e3, em Cear\u00e1-Mirim. Jovem foi atingida por pelo menos tr\u00eas disparos. Pol\u00edcia do RN prende suspeito de envolvimento em atentado ...","og_url":"https:\/\/deputadotaveirajr.com.br\/index.php\/policia-prende-motorista-suspeito-de-envolvimento-em-atentado-a-trilheiros-que-deixou-jovem-baleada-nas-dunas-de-jacuma\/","og_site_name":"Taveira Jr","og_image":[{"url":"https:\/\/s2-g1.glbimg.com\/s_t03S_xzu4f-CMk-uPoZYkgPqM=\/i.s3.glbimg.com\/v1\/AUTH_59edd422c0c84a879bd37670ae4f538a\/internal_photos\/bs\/2025\/m\/1\/28Gv6rTNaAdqtADwV8Iw\/tiros-jacuma.png","type":"","width":"","height":""}],"twitter_card":"summary_large_image","twitter_misc":{"Est. tempo de leitura":"3 minutos"},"schema":{"@context":"https:\/\/schema.org","@graph":[{"@type":"WebPage","@id":"https:\/\/deputadotaveirajr.com.br\/index.php\/policia-prende-motorista-suspeito-de-envolvimento-em-atentado-a-trilheiros-que-deixou-jovem-baleada-nas-dunas-de-jacuma\/","url":"https:\/\/deputadotaveirajr.com.br\/index.php\/policia-prende-motorista-suspeito-de-envolvimento-em-atentado-a-trilheiros-que-deixou-jovem-baleada-nas-dunas-de-jacuma\/","name":"Pol\u00edcia prende motorista suspeito de envolvimento em atentado a trilheiros que deixou jovem baleada nas dunas de Jacum\u00e3 - Taveira Jr","isPartOf":{"@id":"https:\/\/deputadotaveirajr.com.br\/#website"},"primaryImageOfPage":{"@id":"https:\/\/deputadotaveirajr.com.br\/index.php\/policia-prende-motorista-suspeito-de-envolvimento-em-atentado-a-trilheiros-que-deixou-jovem-baleada-nas-dunas-de-jacuma\/#primaryimage"},"image":{"@id":"https:\/\/deputadotaveirajr.com.br\/index.php\/policia-prende-motorista-suspeito-de-envolvimento-em-atentado-a-trilheiros-que-deixou-jovem-baleada-nas-dunas-de-jacuma\/#primaryimage"},"thumbnailUrl":"https:\/\/deputadotaveirajr.com.br\/wp-content\/uploads\/2025\/03\/tiros-jacuma-aTnFmg.jpeg","datePublished":"2025-03-13T11:12:17+00:00","breadcrumb":{"@id":"https:\/\/deputadotaveirajr.com.br\/index.php\/policia-prende-motorista-suspeito-de-envolvimento-em-atentado-a-trilheiros-que-deixou-jovem-baleada-nas-dunas-de-jacuma\/#breadcrumb"},"inLanguage":"pt-BR","potentialAction":[{"@type":"ReadAction","target":["https:\/\/deputadotaveirajr.com.br\/index.php\/policia-prende-motorista-suspeito-de-envolvimento-em-atentado-a-trilheiros-que-deixou-jovem-baleada-nas-dunas-de-jacuma\/"]}]},{"@type":"ImageObject","inLanguage":"pt-BR","@id":"https:\/\/deputadotaveirajr.com.br\/index.php\/policia-prende-motorista-suspeito-de-envolvimento-em-atentado-a-trilheiros-que-deixou-jovem-baleada-nas-dunas-de-jacuma\/#primaryimage","url":"https:\/\/deputadotaveirajr.com.br\/wp-content\/uploads\/2025\/03\/tiros-jacuma-aTnFmg.jpeg","contentUrl":"https:\/\/deputadotaveirajr.com.br\/wp-content\/uploads\/2025\/03\/tiros-jacuma-aTnFmg.jpeg","width":2000,"height":2000},{"@type":"BreadcrumbList","@id":"https:\/\/deputadotaveirajr.com.br\/index.php\/policia-prende-motorista-suspeito-de-envolvimento-em-atentado-a-trilheiros-que-deixou-jovem-baleada-nas-dunas-de-jacuma\/#breadcrumb","itemListElement":[{"@type":"ListItem","position":1,"name":"In\u00edcio","item":"https:\/\/deputadotaveirajr.com.br\/"},{"@type":"ListItem","position":2,"name":"Pol\u00edcia prende motorista suspeito de envolvimento em atentado a trilheiros que deixou jovem baleada nas dunas de Jacum\u00e3"}]},{"@type":"WebSite","@id":"https:\/\/deputadotaveirajr.com.br\/#website","url":"https:\/\/deputadotaveirajr.com.br\/","name":"Taveira Jr","description":"Deputado Estadual","publisher":{"@id":"https:\/\/deputadotaveirajr.com.br\/#organization"},"potentialAction":[{"@type":"SearchAction","target":{"@type":"EntryPoint","urlTemplate":"https:\/\/deputadotaveirajr.com.br\/?s={search_term_string}"},"query-input":{"@type":"PropertyValueSpecification","valueRequired":true,"valueName":"search_term_string"}}],"inLanguage":"pt-BR"},{"@type":"Organization","@id":"https:\/\/deputadotaveirajr.com.br\/#organization","name":"Taveira Jr","url":"https:\/\/deputadotaveirajr.com.br\/","logo":{"@type":"ImageObject","inLanguage":"pt-BR","@id":"https:\/\/deputadotaveirajr.com.br\/#\/schema\/logo\/image\/","url":"https:\/\/deputadotaveirajr.com.br\/wp-content\/uploads\/2026\/01\/logolow2a.png","contentUrl":"https:\/\/deputadotaveirajr.com.br\/wp-content\/uploads\/2026\/01\/logolow2a.png","width":290,"height":80,"caption":"Taveira Jr"},"image":{"@id":"https:\/\/deputadotaveirajr.com.br\/#\/schema\/logo\/image\/"}}]}},"_links":{"self":[{"href":"https:\/\/deputadotaveirajr.com.br\/index.php\/wp-json\/wp\/v2\/pages\/12572","targetHints":{"allow":["GET"]}}],"collection":[{"href":"https:\/\/deputadotaveirajr.com.br\/index.php\/wp-json\/wp\/v2\/pages"}],"about":[{"href":"https:\/\/deputadotaveirajr.com.br\/index.php\/wp-json\/wp\/v2\/types\/page"}],"replies":[{"embeddable":true,"href":"https:\/\/deputadotaveirajr.com.br\/index.php\/wp-json\/wp\/v2\/comments?post=12572"}],"version-history":[{"count":0,"href":"https:\/\/deputadotaveirajr.com.br\/index.php\/wp-json\/wp\/v2\/pages\/12572\/revisions"}],"wp:featuredmedia":[{"embeddable":true,"href":"https:\/\/deputadotaveirajr.com.br\/index.php\/wp-json\/wp\/v2\/media\/12573"}],"wp:attachment":[{"href":"https:\/\/deputadotaveirajr.com.br\/index.php\/wp-json\/wp\/v2\/media?parent=12572"}],"curies":[{"name":"wp","href":"https:\/\/api.w.org\/{rel}","templated":true}]}}