{"id":12576,"date":"2025-03-13T08:54:14","date_gmt":"2025-03-13T11:54:14","guid":{"rendered":"https:\/\/deputadotaveirajr.com.br\/index.php\/prefeitura-de-assu-afasta-responsaveis-pelo-setor-de-transporte-apos-veiculo-oficial-ser-apreendido-com-drogas-no-pr\/"},"modified":"2025-03-13T08:54:14","modified_gmt":"2025-03-13T11:54:14","slug":"prefeitura-de-assu-afasta-responsaveis-pelo-setor-de-transporte-apos-veiculo-oficial-ser-apreendido-com-drogas-no-pr","status":"publish","type":"page","link":"https:\/\/deputadotaveirajr.com.br\/index.php\/prefeitura-de-assu-afasta-responsaveis-pelo-setor-de-transporte-apos-veiculo-oficial-ser-apreendido-com-drogas-no-pr\/","title":{"rendered":"Prefeitura de Assu afasta respons\u00e1veis pelo setor de transporte ap\u00f3s ve\u00edculo oficial ser apreendido com drogas no PR"},"content":{"rendered":"<p><img decoding=\"async\" src=\"https:\/\/s2-g1.glbimg.com\/Rmc7HPaC3EM1YB2sud3eoG5bzMs=\/i.s3.glbimg.com\/v1\/AUTH_59edd422c0c84a879bd37670ae4f538a\/internal_photos\/bs\/2025\/U\/5\/2O6BjFRPyKLXU6HHzF1Q\/carro-de-assu.jpg\" \/><br \/>     Carro saiu da garagem da prefeitura no dia 22 de novembro e foi apreendido neste m\u00eas na casa de traficante em Foz do Igua\u00e7u. Prefeitura diz que abriu sindic\u00e2ncia para apurar o caso.  Prefeitura afasta respons\u00e1veis por frota em Assu<br \/>\nA Prefeitura de Assu abriu uma sindic\u00e2ncia e afastou dois servidores municipais para apurar o uso de um carro da frota do munic\u00edpio apreendido pela pol\u00edcia, com drogas, na casa de um traficante em Foz do Igua\u00e7\u00fa, no Paran\u00e1.<br \/>\nA opera\u00e7\u00e3o policial ocorreu na \u00faltima sexta-feira (7). S\u00f3 ap\u00f3s o caso, a gest\u00e3o municipal descobriu que o ve\u00edculo n\u00e3o voltava \u00e0 garagem do munic\u00edpio desde novembro de 2024. Um boletim de ocorr\u00eancia foi registrado na Pol\u00edcia Civil.<br \/>\n\ud83d\udcf3Participe do canal do g1 RN no WhatsApp<br \/>\nSegundo a prefeitura, os dois afastados s\u00e3o os respons\u00e1veis pelo setor de transporte das Secretarias de Sa\u00fade e de Assist\u00eancia Social. Eles devem permanecer nessa situa\u00e7\u00e3o at\u00e9 a conclus\u00e3o da sindic\u00e2ncia.<br \/>\nEm nota, a prefeitura de Assu afirmou que a sindic\u00e2ncia administrativa dever\u00e1 &#8220;apurar poss\u00edveis falhas ou neglig\u00eancia no controle da frota de ve\u00edculos oficiais do munic\u00edpio, especialmente no que diz respeito a um ve\u00edculo da Secretaria Municipal de Sa\u00fade que foi utilizado indevidamente por pessoas alheias \u00e0 administra\u00e7\u00e3o p\u00fablica e, supostamente, em atividades il\u00edcitas&#8221;.<br \/>\nA gest\u00e3o municipal afirmou que tamb\u00e9m acompanha o andamento da investiga\u00e7\u00e3o no \u00e2mbito da Pol\u00edcia Civil.<br \/>\nA apura\u00e7\u00e3o interna \u00e9 conduzida pela Controladoria Geral do Munic\u00edpio, que dever\u00e1 identificar eventuais responsabilidades administrativas e fortalecer os mecanismos de controle da frota p\u00fablica. Ainda segundo o munic\u00edpio, o afastamento dos servidores foi uma medida cautelar.<br \/>\nCarro da prefeitura de Assu apreendido em opera\u00e7\u00e3o no Paran\u00e1<br \/>\nReprodu\u00e7\u00e3o<br \/>\nCarro apreendido no Sul do Brasil<br \/>\nO carro da Secretaria Municipal de Sa\u00fade de Assu, no Oeste do Rio Grande do Norte, foi apreendido com drogas no Paran\u00e1, estado da regi\u00e3o Sul do pa\u00eds, na \u00faltima sexta-feira (7).<br \/>\nSomente ap\u00f3s a opera\u00e7\u00e3o da pol\u00edcia, a prefeitura constatou que o ve\u00edculo n\u00e3o estava na garagem do munic\u00edpio desde novembro de 2024.<br \/>\nDrogas foram localizadas em carro da Prefeitura de Assu (RN) no Paran\u00e1<br \/>\nA opera\u00e7\u00e3o foi conduzida pela Pol\u00edcia Civil da Para\u00edba com apoio de for\u00e7as de seguran\u00e7a do Paran\u00e1.  As investiga\u00e7\u00f5es sobre a organiza\u00e7\u00e3o criminosa come\u00e7aram em dezembro do ano passado e, durante o monitoramento dos suspeitos, a pol\u00edcia identificou o uso do ve\u00edculo oficial da Secretaria de Sa\u00fade de Ass\u00fa.<br \/>\nA pol\u00edcia informou que o carro j\u00e1 havia sido visto circulando em territ\u00f3rio paraibano antes de ser interceptado no Paran\u00e1. O ve\u00edculo modelo Gol de cor branca foi localizado na resid\u00eancia de um traficante em Foz do Igua\u00e7u. Al\u00e9m das drogas encontradas no interior do carro, foram apreendidas armas e outros materiais il\u00edcitos na casa.<br \/>\nNa opera\u00e7\u00e3o, foram apreendidos mais de 250 kg de maconha, al\u00e9m de um fuzil, uma espingarda calibre 12, muni\u00e7\u00f5es e um bloqueador de sinal. Durante a a\u00e7\u00e3o, o homem apontado como chefe da organiza\u00e7\u00e3o criminosa, respons\u00e1vel pelo fornecimento das drogas, foi preso. Outros dois homens do Rio Grande do Norte tamb\u00e9m foram detidos em um autom\u00f3vel HB20.<br \/>\nDrogas e armas apreendidas durante opera\u00e7\u00e3o no Paran\u00e1<br \/>\nDivulga\u00e7\u00e3o<br \/>\nOs tr\u00eas suspeitos foram presos em flagrante e passaram por audi\u00eancia de cust\u00f3dia. A pris\u00e3o foi convertida em preventiva.<br \/>\nBoletim de ocorr\u00eancia<br \/>\nSegundo o Boletim de Ocorr\u00eancia registrado pela prefeitura, ao qual o g1 teve acesso, a prefeitura s\u00f3 descobriu que o carro n\u00e3o estava na garagem do munic\u00edpio ap\u00f3s a divulga\u00e7\u00e3o da opera\u00e7\u00e3o.<br \/>\nNo registro feito na delegacia de pol\u00edcia de Assu, a secret\u00e1ria municipal de sa\u00fade informou que questionou o setor respons\u00e1vel sobre a exist\u00eancia do ve\u00edculo informado. O carro n\u00e3o foi achado na garagem municipal nem estava na lista atual da frota do munic\u00edpio.<br \/>\nNo entanto, nos dados sobre entrada e sa\u00edda de ve\u00edculos da garagem, a gest\u00e3o descobriu o registro de sa\u00edda do ve\u00edculo no dia 22 de novembro do ano passado, sem informa\u00e7\u00f5es sobre o retorno dele.<br \/>\nVeja os v\u00eddeos mais assistidos no g1 RN<\/p>","protected":false},"excerpt":{"rendered":"<p>Carro saiu da garagem da prefeitura no dia 22 de novembro e foi apreendido neste m\u00eas na casa de traficante em Foz do Igua\u00e7u. Prefeitura diz que abriu sindic\u00e2ncia para &#8230;<\/p>\n","protected":false},"author":0,"featured_media":12577,"parent":0,"menu_order":0,"comment_status":"closed","ping_status":"closed","template":"","meta":{"footnotes":""},"class_list":["post-12576","page","type-page","status-publish","has-post-thumbnail","hentry"],"yoast_head":"<!-- This site is optimized with the Yoast SEO plugin v27.1.1 - https:\/\/yoast.com\/product\/yoast-seo-wordpress\/ -->\n<title>Prefeitura de Assu afasta respons\u00e1veis pelo setor de transporte ap\u00f3s ve\u00edculo oficial ser apreendido com drogas no PR - Taveira Jr<\/title>\n<meta name=\"robots\" content=\"index, follow, max-snippet:-1, max-image-preview:large, max-video-preview:-1\" \/>\n<link rel=\"canonical\" href=\"https:\/\/deputadotaveirajr.com.br\/index.php\/prefeitura-de-assu-afasta-responsaveis-pelo-setor-de-transporte-apos-veiculo-oficial-ser-apreendido-com-drogas-no-pr\/\" \/>\n<meta property=\"og:locale\" content=\"pt_BR\" \/>\n<meta property=\"og:type\" content=\"article\" \/>\n<meta property=\"og:title\" content=\"Prefeitura de Assu afasta respons\u00e1veis pelo setor de transporte ap\u00f3s ve\u00edculo oficial ser apreendido com drogas no PR - Taveira Jr\" \/>\n<meta property=\"og:description\" content=\"Carro saiu da garagem da prefeitura no dia 22 de novembro e foi apreendido neste m\u00eas na casa de traficante em Foz do Igua\u00e7u. Prefeitura diz que abriu sindic\u00e2ncia para ...\" \/>\n<meta property=\"og:url\" content=\"https:\/\/deputadotaveirajr.com.br\/index.php\/prefeitura-de-assu-afasta-responsaveis-pelo-setor-de-transporte-apos-veiculo-oficial-ser-apreendido-com-drogas-no-pr\/\" \/>\n<meta property=\"og:site_name\" content=\"Taveira Jr\" \/>\n<meta property=\"og:image\" content=\"https:\/\/s2-g1.glbimg.com\/Rmc7HPaC3EM1YB2sud3eoG5bzMs=\/i.s3.glbimg.com\/v1\/AUTH_59edd422c0c84a879bd37670ae4f538a\/internal_photos\/bs\/2025\/U\/5\/2O6BjFRPyKLXU6HHzF1Q\/carro-de-assu.jpg\" \/>\n<meta name=\"twitter:card\" content=\"summary_large_image\" \/>\n<meta name=\"twitter:label1\" content=\"Est. tempo de leitura\" \/>\n\t<meta name=\"twitter:data1\" content=\"4 minutos\" \/>\n<script type=\"application\/ld+json\" class=\"yoast-schema-graph\">{\"@context\":\"https:\/\/schema.org\",\"@graph\":[{\"@type\":\"WebPage\",\"@id\":\"https:\/\/deputadotaveirajr.com.br\/index.php\/prefeitura-de-assu-afasta-responsaveis-pelo-setor-de-transporte-apos-veiculo-oficial-ser-apreendido-com-drogas-no-pr\/\",\"url\":\"https:\/\/deputadotaveirajr.com.br\/index.php\/prefeitura-de-assu-afasta-responsaveis-pelo-setor-de-transporte-apos-veiculo-oficial-ser-apreendido-com-drogas-no-pr\/\",\"name\":\"Prefeitura de Assu afasta respons\u00e1veis pelo setor de transporte ap\u00f3s ve\u00edculo oficial ser apreendido com drogas no PR - Taveira Jr\",\"isPartOf\":{\"@id\":\"https:\/\/deputadotaveirajr.com.br\/#website\"},\"primaryImageOfPage\":{\"@id\":\"https:\/\/deputadotaveirajr.com.br\/index.php\/prefeitura-de-assu-afasta-responsaveis-pelo-setor-de-transporte-apos-veiculo-oficial-ser-apreendido-com-drogas-no-pr\/#primaryimage\"},\"image\":{\"@id\":\"https:\/\/deputadotaveirajr.com.br\/index.php\/prefeitura-de-assu-afasta-responsaveis-pelo-setor-de-transporte-apos-veiculo-oficial-ser-apreendido-com-drogas-no-pr\/#primaryimage\"},\"thumbnailUrl\":\"https:\/\/deputadotaveirajr.com.br\/wp-content\/uploads\/2025\/03\/carro-de-assu-VNTnqa.jpeg\",\"datePublished\":\"2025-03-13T11:54:14+00:00\",\"breadcrumb\":{\"@id\":\"https:\/\/deputadotaveirajr.com.br\/index.php\/prefeitura-de-assu-afasta-responsaveis-pelo-setor-de-transporte-apos-veiculo-oficial-ser-apreendido-com-drogas-no-pr\/#breadcrumb\"},\"inLanguage\":\"pt-BR\",\"potentialAction\":[{\"@type\":\"ReadAction\",\"target\":[\"https:\/\/deputadotaveirajr.com.br\/index.php\/prefeitura-de-assu-afasta-responsaveis-pelo-setor-de-transporte-apos-veiculo-oficial-ser-apreendido-com-drogas-no-pr\/\"]}]},{\"@type\":\"ImageObject\",\"inLanguage\":\"pt-BR\",\"@id\":\"https:\/\/deputadotaveirajr.com.br\/index.php\/prefeitura-de-assu-afasta-responsaveis-pelo-setor-de-transporte-apos-veiculo-oficial-ser-apreendido-com-drogas-no-pr\/#primaryimage\",\"url\":\"https:\/\/deputadotaveirajr.com.br\/wp-content\/uploads\/2025\/03\/carro-de-assu-VNTnqa.jpeg\",\"contentUrl\":\"https:\/\/deputadotaveirajr.com.br\/wp-content\/uploads\/2025\/03\/carro-de-assu-VNTnqa.jpeg\",\"width\":1200,\"height\":1046},{\"@type\":\"BreadcrumbList\",\"@id\":\"https:\/\/deputadotaveirajr.com.br\/index.php\/prefeitura-de-assu-afasta-responsaveis-pelo-setor-de-transporte-apos-veiculo-oficial-ser-apreendido-com-drogas-no-pr\/#breadcrumb\",\"itemListElement\":[{\"@type\":\"ListItem\",\"position\":1,\"name\":\"In\u00edcio\",\"item\":\"https:\/\/deputadotaveirajr.com.br\/\"},{\"@type\":\"ListItem\",\"position\":2,\"name\":\"Prefeitura de Assu afasta respons\u00e1veis pelo setor de transporte ap\u00f3s ve\u00edculo oficial ser apreendido com drogas no PR\"}]},{\"@type\":\"WebSite\",\"@id\":\"https:\/\/deputadotaveirajr.com.br\/#website\",\"url\":\"https:\/\/deputadotaveirajr.com.br\/\",\"name\":\"Taveira Jr\",\"description\":\"Deputado Estadual\",\"publisher\":{\"@id\":\"https:\/\/deputadotaveirajr.com.br\/#organization\"},\"potentialAction\":[{\"@type\":\"SearchAction\",\"target\":{\"@type\":\"EntryPoint\",\"urlTemplate\":\"https:\/\/deputadotaveirajr.com.br\/?s={search_term_string}\"},\"query-input\":{\"@type\":\"PropertyValueSpecification\",\"valueRequired\":true,\"valueName\":\"search_term_string\"}}],\"inLanguage\":\"pt-BR\"},{\"@type\":\"Organization\",\"@id\":\"https:\/\/deputadotaveirajr.com.br\/#organization\",\"name\":\"Taveira Jr\",\"url\":\"https:\/\/deputadotaveirajr.com.br\/\",\"logo\":{\"@type\":\"ImageObject\",\"inLanguage\":\"pt-BR\",\"@id\":\"https:\/\/deputadotaveirajr.com.br\/#\/schema\/logo\/image\/\",\"url\":\"https:\/\/deputadotaveirajr.com.br\/wp-content\/uploads\/2026\/01\/logolow2a.png\",\"contentUrl\":\"https:\/\/deputadotaveirajr.com.br\/wp-content\/uploads\/2026\/01\/logolow2a.png\",\"width\":290,\"height\":80,\"caption\":\"Taveira Jr\"},\"image\":{\"@id\":\"https:\/\/deputadotaveirajr.com.br\/#\/schema\/logo\/image\/\"}}]}<\/script>\n<!-- \/ Yoast SEO plugin. -->","yoast_head_json":{"title":"Prefeitura de Assu afasta respons\u00e1veis pelo setor de transporte ap\u00f3s ve\u00edculo oficial ser apreendido com drogas no PR - Taveira Jr","robots":{"index":"index","follow":"follow","max-snippet":"max-snippet:-1","max-image-preview":"max-image-preview:large","max-video-preview":"max-video-preview:-1"},"canonical":"https:\/\/deputadotaveirajr.com.br\/index.php\/prefeitura-de-assu-afasta-responsaveis-pelo-setor-de-transporte-apos-veiculo-oficial-ser-apreendido-com-drogas-no-pr\/","og_locale":"pt_BR","og_type":"article","og_title":"Prefeitura de Assu afasta respons\u00e1veis pelo setor de transporte ap\u00f3s ve\u00edculo oficial ser apreendido com drogas no PR - Taveira Jr","og_description":"Carro saiu da garagem da prefeitura no dia 22 de novembro e foi apreendido neste m\u00eas na casa de traficante em Foz do Igua\u00e7u. Prefeitura diz que abriu sindic\u00e2ncia para ...","og_url":"https:\/\/deputadotaveirajr.com.br\/index.php\/prefeitura-de-assu-afasta-responsaveis-pelo-setor-de-transporte-apos-veiculo-oficial-ser-apreendido-com-drogas-no-pr\/","og_site_name":"Taveira Jr","og_image":[{"url":"https:\/\/s2-g1.glbimg.com\/Rmc7HPaC3EM1YB2sud3eoG5bzMs=\/i.s3.glbimg.com\/v1\/AUTH_59edd422c0c84a879bd37670ae4f538a\/internal_photos\/bs\/2025\/U\/5\/2O6BjFRPyKLXU6HHzF1Q\/carro-de-assu.jpg","type":"","width":"","height":""}],"twitter_card":"summary_large_image","twitter_misc":{"Est. tempo de leitura":"4 minutos"},"schema":{"@context":"https:\/\/schema.org","@graph":[{"@type":"WebPage","@id":"https:\/\/deputadotaveirajr.com.br\/index.php\/prefeitura-de-assu-afasta-responsaveis-pelo-setor-de-transporte-apos-veiculo-oficial-ser-apreendido-com-drogas-no-pr\/","url":"https:\/\/deputadotaveirajr.com.br\/index.php\/prefeitura-de-assu-afasta-responsaveis-pelo-setor-de-transporte-apos-veiculo-oficial-ser-apreendido-com-drogas-no-pr\/","name":"Prefeitura de Assu afasta respons\u00e1veis pelo setor de transporte ap\u00f3s ve\u00edculo oficial ser apreendido com drogas no PR - Taveira Jr","isPartOf":{"@id":"https:\/\/deputadotaveirajr.com.br\/#website"},"primaryImageOfPage":{"@id":"https:\/\/deputadotaveirajr.com.br\/index.php\/prefeitura-de-assu-afasta-responsaveis-pelo-setor-de-transporte-apos-veiculo-oficial-ser-apreendido-com-drogas-no-pr\/#primaryimage"},"image":{"@id":"https:\/\/deputadotaveirajr.com.br\/index.php\/prefeitura-de-assu-afasta-responsaveis-pelo-setor-de-transporte-apos-veiculo-oficial-ser-apreendido-com-drogas-no-pr\/#primaryimage"},"thumbnailUrl":"https:\/\/deputadotaveirajr.com.br\/wp-content\/uploads\/2025\/03\/carro-de-assu-VNTnqa.jpeg","datePublished":"2025-03-13T11:54:14+00:00","breadcrumb":{"@id":"https:\/\/deputadotaveirajr.com.br\/index.php\/prefeitura-de-assu-afasta-responsaveis-pelo-setor-de-transporte-apos-veiculo-oficial-ser-apreendido-com-drogas-no-pr\/#breadcrumb"},"inLanguage":"pt-BR","potentialAction":[{"@type":"ReadAction","target":["https:\/\/deputadotaveirajr.com.br\/index.php\/prefeitura-de-assu-afasta-responsaveis-pelo-setor-de-transporte-apos-veiculo-oficial-ser-apreendido-com-drogas-no-pr\/"]}]},{"@type":"ImageObject","inLanguage":"pt-BR","@id":"https:\/\/deputadotaveirajr.com.br\/index.php\/prefeitura-de-assu-afasta-responsaveis-pelo-setor-de-transporte-apos-veiculo-oficial-ser-apreendido-com-drogas-no-pr\/#primaryimage","url":"https:\/\/deputadotaveirajr.com.br\/wp-content\/uploads\/2025\/03\/carro-de-assu-VNTnqa.jpeg","contentUrl":"https:\/\/deputadotaveirajr.com.br\/wp-content\/uploads\/2025\/03\/carro-de-assu-VNTnqa.jpeg","width":1200,"height":1046},{"@type":"BreadcrumbList","@id":"https:\/\/deputadotaveirajr.com.br\/index.php\/prefeitura-de-assu-afasta-responsaveis-pelo-setor-de-transporte-apos-veiculo-oficial-ser-apreendido-com-drogas-no-pr\/#breadcrumb","itemListElement":[{"@type":"ListItem","position":1,"name":"In\u00edcio","item":"https:\/\/deputadotaveirajr.com.br\/"},{"@type":"ListItem","position":2,"name":"Prefeitura de Assu afasta respons\u00e1veis pelo setor de transporte ap\u00f3s ve\u00edculo oficial ser apreendido com drogas no PR"}]},{"@type":"WebSite","@id":"https:\/\/deputadotaveirajr.com.br\/#website","url":"https:\/\/deputadotaveirajr.com.br\/","name":"Taveira Jr","description":"Deputado Estadual","publisher":{"@id":"https:\/\/deputadotaveirajr.com.br\/#organization"},"potentialAction":[{"@type":"SearchAction","target":{"@type":"EntryPoint","urlTemplate":"https:\/\/deputadotaveirajr.com.br\/?s={search_term_string}"},"query-input":{"@type":"PropertyValueSpecification","valueRequired":true,"valueName":"search_term_string"}}],"inLanguage":"pt-BR"},{"@type":"Organization","@id":"https:\/\/deputadotaveirajr.com.br\/#organization","name":"Taveira Jr","url":"https:\/\/deputadotaveirajr.com.br\/","logo":{"@type":"ImageObject","inLanguage":"pt-BR","@id":"https:\/\/deputadotaveirajr.com.br\/#\/schema\/logo\/image\/","url":"https:\/\/deputadotaveirajr.com.br\/wp-content\/uploads\/2026\/01\/logolow2a.png","contentUrl":"https:\/\/deputadotaveirajr.com.br\/wp-content\/uploads\/2026\/01\/logolow2a.png","width":290,"height":80,"caption":"Taveira Jr"},"image":{"@id":"https:\/\/deputadotaveirajr.com.br\/#\/schema\/logo\/image\/"}}]}},"_links":{"self":[{"href":"https:\/\/deputadotaveirajr.com.br\/index.php\/wp-json\/wp\/v2\/pages\/12576","targetHints":{"allow":["GET"]}}],"collection":[{"href":"https:\/\/deputadotaveirajr.com.br\/index.php\/wp-json\/wp\/v2\/pages"}],"about":[{"href":"https:\/\/deputadotaveirajr.com.br\/index.php\/wp-json\/wp\/v2\/types\/page"}],"replies":[{"embeddable":true,"href":"https:\/\/deputadotaveirajr.com.br\/index.php\/wp-json\/wp\/v2\/comments?post=12576"}],"version-history":[{"count":0,"href":"https:\/\/deputadotaveirajr.com.br\/index.php\/wp-json\/wp\/v2\/pages\/12576\/revisions"}],"wp:featuredmedia":[{"embeddable":true,"href":"https:\/\/deputadotaveirajr.com.br\/index.php\/wp-json\/wp\/v2\/media\/12577"}],"wp:attachment":[{"href":"https:\/\/deputadotaveirajr.com.br\/index.php\/wp-json\/wp\/v2\/media?parent=12576"}],"curies":[{"name":"wp","href":"https:\/\/api.w.org\/{rel}","templated":true}]}}