{"id":12586,"date":"2025-03-13T15:16:36","date_gmt":"2025-03-13T18:16:36","guid":{"rendered":"https:\/\/deputadotaveirajr.com.br\/index.php\/vereador-de-macau-e-preso-por-posse-ilegal-de-arma-de-fogo-durante-operacao-policial\/"},"modified":"2025-03-13T15:16:36","modified_gmt":"2025-03-13T18:16:36","slug":"vereador-de-macau-e-preso-por-posse-ilegal-de-arma-de-fogo-durante-operacao-policial","status":"publish","type":"page","link":"https:\/\/deputadotaveirajr.com.br\/index.php\/vereador-de-macau-e-preso-por-posse-ilegal-de-arma-de-fogo-durante-operacao-policial\/","title":{"rendered":"Vereador de Macau \u00e9 preso por posse ilegal de arma de fogo durante opera\u00e7\u00e3o policial"},"content":{"rendered":"<p><img decoding=\"async\" src=\"https:\/\/s2-g1.glbimg.com\/y21E3qYcoB4NaH-2PjHEFlFJpdw=\/i.s3.glbimg.com\/v1\/AUTH_59edd422c0c84a879bd37670ae4f538a\/internal_photos\/bs\/2025\/X\/M\/Q10M0FTHKdQnaCPEqlgA\/givagno.jpg\" \/><br \/>     Parlamentar Givagno Patrese &#8211; que pagou fian\u00e7a e vai responder ao processo em liberdade &#8211; disse que possui toda a documenta\u00e7\u00e3o legalizada referente \u00e0 posse de arma perante o Ex\u00e9rcito Brasileiro. Arma apreendida com vereador em Macau<br \/>\nDivulga\u00e7\u00e3o\/Pol\u00edcia Civil<br \/>\nO vereador Givagno Patrese da Silva Bezerra (Uni\u00e3o Brasil), da cidade de Macau, na Regi\u00e3o Costa Branca do Rio Grande do Norte, foi preso nesta quinta-feira (13) por posse ilegal de arma de fogo durante um opera\u00e7\u00e3o da Pol\u00edcia Civil.<br \/>\nA Opera\u00e7\u00e3o Libertatis cumpriu tr\u00eas mandados de busca e apreens\u00e3o domiciliar &#8211; sendo dois em Macau e um em Natal &#8211;  ap\u00f3s a pol\u00edcia receber informa\u00e7\u00f5es sobre o cancelamento do registro de uma arma de fogo.<br \/>\n\ud83d\udcf3Participe do canal do g1 RN no WhatsApp<br \/>\nNas redes sociais, o vereador Givagno Patrese emitiu uma nota na qual informou que possui toda a documenta\u00e7\u00e3o legalizada referente \u00e0 posse de arma perante o Ex\u00e9rcito Brasileiro, com validade at\u00e9 o ano de 2030. Segundo o vereador, &#8220;o ocorrido n\u00e3o passa de um equ\u00edvoco, e a verdade ser\u00e1 devidamente comprovada nos autos&#8221;.<br \/>\nGivagno reafirmou &#8220;a total legalidade da posse&#8221; e disse que tem &#8220;confian\u00e7a de que sua inoc\u00eancia ser\u00e1 plenamente demonstrada no decorrer do processo&#8221;. Ele informou que cumpriu a decis\u00e3o judicial, mas que o processo tramita em segredo de Justi\u00e7a e que, por isso, n\u00e3o pode divulgar detalhes espec\u00edficos.<br \/>\nDe acordo com a Pol\u00edcia Civil, o vereador foi preso em flagrante com uma pistola, carregadores e muni\u00e7\u00f5es intactas durante um mandado de busca e apreens\u00e3o domiciliar. O material foi apreendido.<br \/>\nConduzido \u00e0 delegacia, o vereador foi autuado em flagrante e liberado ap\u00f3s pagamento de fian\u00e7a. Ele vai responder ao processo em liberdade.<br \/>\nA opera\u00e7\u00e3o foi conduzida por policiais civis da 5\u00aa Delegacia Regional (DR), com apoio da 59\u00aa Delegacia de Pol\u00edcia (DP) de Macau, da 61\u00aa DP de Guamar\u00e9, da Delegacia Especializada em Atendimento \u00e0 Mulher (DEAM) de Macau e da 2\u00aa DP de Natal.<br \/>\nGivagno Patrese (Uni\u00e3o Brasil) foi detido por posse ilegal de arma<br \/>\nDivulga\u00e7\u00e3o\/C\u00e2mara Municipal de Macau<br \/>\n\u2b07\ufe0f VEJA NA REPORTAGEM ABAIXO: Em Ass\u00fa, a prefeitura abriu sindic\u00e2ncia para apurar o caso do carro apreendido em uma opera\u00e7\u00e3o de combate \u00e0s drogas no Sul do pa\u00eds<br \/>\nPrefeitura de Assu abre sindica\u0302ncia sobre vei\u0301culo usado para crime no Parana\u0301<br \/>\nV\u00eddeos mais assistidos do g1 RN<\/p>","protected":false},"excerpt":{"rendered":"<p>Parlamentar Givagno Patrese &#8211; que pagou fian\u00e7a e vai responder ao processo em liberdade &#8211; disse que possui toda a documenta\u00e7\u00e3o legalizada referente \u00e0 posse de arma perante o Ex\u00e9rcito &#8230;<\/p>\n","protected":false},"author":0,"featured_media":12587,"parent":0,"menu_order":0,"comment_status":"closed","ping_status":"closed","template":"","meta":{"footnotes":""},"class_list":["post-12586","page","type-page","status-publish","has-post-thumbnail","hentry"],"yoast_head":"<!-- This site is optimized with the Yoast SEO plugin v27.1.1 - https:\/\/yoast.com\/product\/yoast-seo-wordpress\/ -->\n<title>Vereador de Macau \u00e9 preso por posse ilegal de arma de fogo durante opera\u00e7\u00e3o policial - Taveira Jr<\/title>\n<meta name=\"robots\" content=\"index, follow, max-snippet:-1, max-image-preview:large, max-video-preview:-1\" \/>\n<link rel=\"canonical\" href=\"https:\/\/deputadotaveirajr.com.br\/index.php\/vereador-de-macau-e-preso-por-posse-ilegal-de-arma-de-fogo-durante-operacao-policial\/\" \/>\n<meta property=\"og:locale\" content=\"pt_BR\" \/>\n<meta property=\"og:type\" content=\"article\" \/>\n<meta property=\"og:title\" content=\"Vereador de Macau \u00e9 preso por posse ilegal de arma de fogo durante opera\u00e7\u00e3o policial - Taveira Jr\" \/>\n<meta property=\"og:description\" content=\"Parlamentar Givagno Patrese &#8211; que pagou fian\u00e7a e vai responder ao processo em liberdade &#8211; disse que possui toda a documenta\u00e7\u00e3o legalizada referente \u00e0 posse de arma perante o Ex\u00e9rcito ...\" \/>\n<meta property=\"og:url\" content=\"https:\/\/deputadotaveirajr.com.br\/index.php\/vereador-de-macau-e-preso-por-posse-ilegal-de-arma-de-fogo-durante-operacao-policial\/\" \/>\n<meta property=\"og:site_name\" content=\"Taveira Jr\" \/>\n<meta property=\"og:image\" content=\"https:\/\/s2-g1.glbimg.com\/y21E3qYcoB4NaH-2PjHEFlFJpdw=\/i.s3.glbimg.com\/v1\/AUTH_59edd422c0c84a879bd37670ae4f538a\/internal_photos\/bs\/2025\/X\/M\/Q10M0FTHKdQnaCPEqlgA\/givagno.jpg\" \/>\n<meta name=\"twitter:card\" content=\"summary_large_image\" \/>\n<meta name=\"twitter:label1\" content=\"Est. tempo de leitura\" \/>\n\t<meta name=\"twitter:data1\" content=\"2 minutos\" \/>\n<script type=\"application\/ld+json\" class=\"yoast-schema-graph\">{\"@context\":\"https:\/\/schema.org\",\"@graph\":[{\"@type\":\"WebPage\",\"@id\":\"https:\/\/deputadotaveirajr.com.br\/index.php\/vereador-de-macau-e-preso-por-posse-ilegal-de-arma-de-fogo-durante-operacao-policial\/\",\"url\":\"https:\/\/deputadotaveirajr.com.br\/index.php\/vereador-de-macau-e-preso-por-posse-ilegal-de-arma-de-fogo-durante-operacao-policial\/\",\"name\":\"Vereador de Macau \u00e9 preso por posse ilegal de arma de fogo durante opera\u00e7\u00e3o policial - Taveira Jr\",\"isPartOf\":{\"@id\":\"https:\/\/deputadotaveirajr.com.br\/#website\"},\"primaryImageOfPage\":{\"@id\":\"https:\/\/deputadotaveirajr.com.br\/index.php\/vereador-de-macau-e-preso-por-posse-ilegal-de-arma-de-fogo-durante-operacao-policial\/#primaryimage\"},\"image\":{\"@id\":\"https:\/\/deputadotaveirajr.com.br\/index.php\/vereador-de-macau-e-preso-por-posse-ilegal-de-arma-de-fogo-durante-operacao-policial\/#primaryimage\"},\"thumbnailUrl\":\"https:\/\/deputadotaveirajr.com.br\/wp-content\/uploads\/2025\/03\/givagno-g6r88A.jpeg\",\"datePublished\":\"2025-03-13T18:16:36+00:00\",\"breadcrumb\":{\"@id\":\"https:\/\/deputadotaveirajr.com.br\/index.php\/vereador-de-macau-e-preso-por-posse-ilegal-de-arma-de-fogo-durante-operacao-policial\/#breadcrumb\"},\"inLanguage\":\"pt-BR\",\"potentialAction\":[{\"@type\":\"ReadAction\",\"target\":[\"https:\/\/deputadotaveirajr.com.br\/index.php\/vereador-de-macau-e-preso-por-posse-ilegal-de-arma-de-fogo-durante-operacao-policial\/\"]}]},{\"@type\":\"ImageObject\",\"inLanguage\":\"pt-BR\",\"@id\":\"https:\/\/deputadotaveirajr.com.br\/index.php\/vereador-de-macau-e-preso-por-posse-ilegal-de-arma-de-fogo-durante-operacao-policial\/#primaryimage\",\"url\":\"https:\/\/deputadotaveirajr.com.br\/wp-content\/uploads\/2025\/03\/givagno-g6r88A.jpeg\",\"contentUrl\":\"https:\/\/deputadotaveirajr.com.br\/wp-content\/uploads\/2025\/03\/givagno-g6r88A.jpeg\",\"width\":1673,\"height\":1673},{\"@type\":\"BreadcrumbList\",\"@id\":\"https:\/\/deputadotaveirajr.com.br\/index.php\/vereador-de-macau-e-preso-por-posse-ilegal-de-arma-de-fogo-durante-operacao-policial\/#breadcrumb\",\"itemListElement\":[{\"@type\":\"ListItem\",\"position\":1,\"name\":\"In\u00edcio\",\"item\":\"https:\/\/deputadotaveirajr.com.br\/\"},{\"@type\":\"ListItem\",\"position\":2,\"name\":\"Vereador de Macau \u00e9 preso por posse ilegal de arma de fogo durante opera\u00e7\u00e3o policial\"}]},{\"@type\":\"WebSite\",\"@id\":\"https:\/\/deputadotaveirajr.com.br\/#website\",\"url\":\"https:\/\/deputadotaveirajr.com.br\/\",\"name\":\"Taveira Jr\",\"description\":\"Deputado Estadual\",\"publisher\":{\"@id\":\"https:\/\/deputadotaveirajr.com.br\/#organization\"},\"potentialAction\":[{\"@type\":\"SearchAction\",\"target\":{\"@type\":\"EntryPoint\",\"urlTemplate\":\"https:\/\/deputadotaveirajr.com.br\/?s={search_term_string}\"},\"query-input\":{\"@type\":\"PropertyValueSpecification\",\"valueRequired\":true,\"valueName\":\"search_term_string\"}}],\"inLanguage\":\"pt-BR\"},{\"@type\":\"Organization\",\"@id\":\"https:\/\/deputadotaveirajr.com.br\/#organization\",\"name\":\"Taveira Jr\",\"url\":\"https:\/\/deputadotaveirajr.com.br\/\",\"logo\":{\"@type\":\"ImageObject\",\"inLanguage\":\"pt-BR\",\"@id\":\"https:\/\/deputadotaveirajr.com.br\/#\/schema\/logo\/image\/\",\"url\":\"https:\/\/deputadotaveirajr.com.br\/wp-content\/uploads\/2026\/01\/logolow2a.png\",\"contentUrl\":\"https:\/\/deputadotaveirajr.com.br\/wp-content\/uploads\/2026\/01\/logolow2a.png\",\"width\":290,\"height\":80,\"caption\":\"Taveira Jr\"},\"image\":{\"@id\":\"https:\/\/deputadotaveirajr.com.br\/#\/schema\/logo\/image\/\"}}]}<\/script>\n<!-- \/ Yoast SEO plugin. -->","yoast_head_json":{"title":"Vereador de Macau \u00e9 preso por posse ilegal de arma de fogo durante opera\u00e7\u00e3o policial - Taveira Jr","robots":{"index":"index","follow":"follow","max-snippet":"max-snippet:-1","max-image-preview":"max-image-preview:large","max-video-preview":"max-video-preview:-1"},"canonical":"https:\/\/deputadotaveirajr.com.br\/index.php\/vereador-de-macau-e-preso-por-posse-ilegal-de-arma-de-fogo-durante-operacao-policial\/","og_locale":"pt_BR","og_type":"article","og_title":"Vereador de Macau \u00e9 preso por posse ilegal de arma de fogo durante opera\u00e7\u00e3o policial - Taveira Jr","og_description":"Parlamentar Givagno Patrese &#8211; que pagou fian\u00e7a e vai responder ao processo em liberdade &#8211; disse que possui toda a documenta\u00e7\u00e3o legalizada referente \u00e0 posse de arma perante o Ex\u00e9rcito ...","og_url":"https:\/\/deputadotaveirajr.com.br\/index.php\/vereador-de-macau-e-preso-por-posse-ilegal-de-arma-de-fogo-durante-operacao-policial\/","og_site_name":"Taveira Jr","og_image":[{"url":"https:\/\/s2-g1.glbimg.com\/y21E3qYcoB4NaH-2PjHEFlFJpdw=\/i.s3.glbimg.com\/v1\/AUTH_59edd422c0c84a879bd37670ae4f538a\/internal_photos\/bs\/2025\/X\/M\/Q10M0FTHKdQnaCPEqlgA\/givagno.jpg","type":"","width":"","height":""}],"twitter_card":"summary_large_image","twitter_misc":{"Est. tempo de leitura":"2 minutos"},"schema":{"@context":"https:\/\/schema.org","@graph":[{"@type":"WebPage","@id":"https:\/\/deputadotaveirajr.com.br\/index.php\/vereador-de-macau-e-preso-por-posse-ilegal-de-arma-de-fogo-durante-operacao-policial\/","url":"https:\/\/deputadotaveirajr.com.br\/index.php\/vereador-de-macau-e-preso-por-posse-ilegal-de-arma-de-fogo-durante-operacao-policial\/","name":"Vereador de Macau \u00e9 preso por posse ilegal de arma de fogo durante opera\u00e7\u00e3o policial - Taveira Jr","isPartOf":{"@id":"https:\/\/deputadotaveirajr.com.br\/#website"},"primaryImageOfPage":{"@id":"https:\/\/deputadotaveirajr.com.br\/index.php\/vereador-de-macau-e-preso-por-posse-ilegal-de-arma-de-fogo-durante-operacao-policial\/#primaryimage"},"image":{"@id":"https:\/\/deputadotaveirajr.com.br\/index.php\/vereador-de-macau-e-preso-por-posse-ilegal-de-arma-de-fogo-durante-operacao-policial\/#primaryimage"},"thumbnailUrl":"https:\/\/deputadotaveirajr.com.br\/wp-content\/uploads\/2025\/03\/givagno-g6r88A.jpeg","datePublished":"2025-03-13T18:16:36+00:00","breadcrumb":{"@id":"https:\/\/deputadotaveirajr.com.br\/index.php\/vereador-de-macau-e-preso-por-posse-ilegal-de-arma-de-fogo-durante-operacao-policial\/#breadcrumb"},"inLanguage":"pt-BR","potentialAction":[{"@type":"ReadAction","target":["https:\/\/deputadotaveirajr.com.br\/index.php\/vereador-de-macau-e-preso-por-posse-ilegal-de-arma-de-fogo-durante-operacao-policial\/"]}]},{"@type":"ImageObject","inLanguage":"pt-BR","@id":"https:\/\/deputadotaveirajr.com.br\/index.php\/vereador-de-macau-e-preso-por-posse-ilegal-de-arma-de-fogo-durante-operacao-policial\/#primaryimage","url":"https:\/\/deputadotaveirajr.com.br\/wp-content\/uploads\/2025\/03\/givagno-g6r88A.jpeg","contentUrl":"https:\/\/deputadotaveirajr.com.br\/wp-content\/uploads\/2025\/03\/givagno-g6r88A.jpeg","width":1673,"height":1673},{"@type":"BreadcrumbList","@id":"https:\/\/deputadotaveirajr.com.br\/index.php\/vereador-de-macau-e-preso-por-posse-ilegal-de-arma-de-fogo-durante-operacao-policial\/#breadcrumb","itemListElement":[{"@type":"ListItem","position":1,"name":"In\u00edcio","item":"https:\/\/deputadotaveirajr.com.br\/"},{"@type":"ListItem","position":2,"name":"Vereador de Macau \u00e9 preso por posse ilegal de arma de fogo durante opera\u00e7\u00e3o policial"}]},{"@type":"WebSite","@id":"https:\/\/deputadotaveirajr.com.br\/#website","url":"https:\/\/deputadotaveirajr.com.br\/","name":"Taveira Jr","description":"Deputado Estadual","publisher":{"@id":"https:\/\/deputadotaveirajr.com.br\/#organization"},"potentialAction":[{"@type":"SearchAction","target":{"@type":"EntryPoint","urlTemplate":"https:\/\/deputadotaveirajr.com.br\/?s={search_term_string}"},"query-input":{"@type":"PropertyValueSpecification","valueRequired":true,"valueName":"search_term_string"}}],"inLanguage":"pt-BR"},{"@type":"Organization","@id":"https:\/\/deputadotaveirajr.com.br\/#organization","name":"Taveira Jr","url":"https:\/\/deputadotaveirajr.com.br\/","logo":{"@type":"ImageObject","inLanguage":"pt-BR","@id":"https:\/\/deputadotaveirajr.com.br\/#\/schema\/logo\/image\/","url":"https:\/\/deputadotaveirajr.com.br\/wp-content\/uploads\/2026\/01\/logolow2a.png","contentUrl":"https:\/\/deputadotaveirajr.com.br\/wp-content\/uploads\/2026\/01\/logolow2a.png","width":290,"height":80,"caption":"Taveira Jr"},"image":{"@id":"https:\/\/deputadotaveirajr.com.br\/#\/schema\/logo\/image\/"}}]}},"_links":{"self":[{"href":"https:\/\/deputadotaveirajr.com.br\/index.php\/wp-json\/wp\/v2\/pages\/12586","targetHints":{"allow":["GET"]}}],"collection":[{"href":"https:\/\/deputadotaveirajr.com.br\/index.php\/wp-json\/wp\/v2\/pages"}],"about":[{"href":"https:\/\/deputadotaveirajr.com.br\/index.php\/wp-json\/wp\/v2\/types\/page"}],"replies":[{"embeddable":true,"href":"https:\/\/deputadotaveirajr.com.br\/index.php\/wp-json\/wp\/v2\/comments?post=12586"}],"version-history":[{"count":0,"href":"https:\/\/deputadotaveirajr.com.br\/index.php\/wp-json\/wp\/v2\/pages\/12586\/revisions"}],"wp:featuredmedia":[{"embeddable":true,"href":"https:\/\/deputadotaveirajr.com.br\/index.php\/wp-json\/wp\/v2\/media\/12587"}],"wp:attachment":[{"href":"https:\/\/deputadotaveirajr.com.br\/index.php\/wp-json\/wp\/v2\/media?parent=12586"}],"curies":[{"name":"wp","href":"https:\/\/api.w.org\/{rel}","templated":true}]}}