{"id":12590,"date":"2025-03-13T19:13:50","date_gmt":"2025-03-13T22:13:50","guid":{"rendered":"https:\/\/deputadotaveirajr.com.br\/index.php\/direcao-de-maternidade-publica-na-grande-natal-abre-investigacao-para-apurar-se-houve-negligencia-em-morte-de-fetos-na-unidade\/"},"modified":"2025-03-13T19:13:50","modified_gmt":"2025-03-13T22:13:50","slug":"direcao-de-maternidade-publica-na-grande-natal-abre-investigacao-para-apurar-se-houve-negligencia-em-morte-de-fetos-na-unidade","status":"publish","type":"page","link":"https:\/\/deputadotaveirajr.com.br\/index.php\/direcao-de-maternidade-publica-na-grande-natal-abre-investigacao-para-apurar-se-houve-negligencia-em-morte-de-fetos-na-unidade\/","title":{"rendered":"Dire\u00e7\u00e3o de maternidade p\u00fablica na Grande Natal abre investiga\u00e7\u00e3o para apurar se houve neglig\u00eancia em morte de fetos na unidade"},"content":{"rendered":"<p><img decoding=\"async\" src=\"https:\/\/s2-g1.glbimg.com\/RKiJg0ySMTJ5O3a48KP3dk9nrRo=\/i.s3.glbimg.com\/v1\/AUTH_59edd422c0c84a879bd37670ae4f538a\/internal_photos\/bs\/2025\/h\/g\/RGu5ajQriMehzKG3JiQw\/whatsapp-image-2025-03-13-at-16.44.14.jpeg\" \/><br \/>     Pelo menos duas m\u00e3es que perderam os beb\u00eas informaram que v\u00e3o acionar a Justi\u00e7a. Dire\u00e7\u00e3o informou que parecer preliminar de um dos casos apontou que n\u00e3o houve neglig\u00eancia. Hospital Maternidade Divino Amor, em Parnamirim, na Grande Natal RN<br \/>\nKleber Teixeira\/Inter TV Cabugi<br \/>\nA dire\u00e7\u00e3o do Hospital Maternidade Divino Amor, unida de sa\u00fade p\u00fablica em Parnamirim, na Grande Natal, abriu uma investiga\u00e7\u00e3o para apurar as mortes de fetos de gr\u00e1vidas que ocorreram na unidade de sa\u00fade nas \u00faltimas semanas.<br \/>\nSegundo a diretora-geral do hospital, Walquiria Oliveira, os casos t\u00eam sido apurados por um Comit\u00ea de \u00c9tica empossado pelo Conselho Regional de Medicina. Pelo menos duas m\u00e3es informaram que v\u00e3o acionar a Justi\u00e7a por conta dos atendimentos (veja mais abaixo).<br \/>\nUm dos casos apurados, segundo a diretora-geral, teve um parecer preliminar que apontou que n\u00e3o houve neglig\u00eancia do hospital.<br \/>\n\ud83d\udcf3Participe do canal do g1 RN no WhatsApp<br \/>\n&#8220;Uma an\u00e1lise pr\u00e9via foi dada e n\u00e3o houve neglig\u00eancia no primeiro caso. O segundo caso est\u00e1 em julgamento ainda e n\u00e3o temos ainda uma resposta definitiva&#8221;, disse.<br \/>\n&#8220;Podemos afirmar que: est\u00e1 sendo apurado, est\u00e3o sendo levantadas todas as hip\u00f3teses com documentos, com os profissionais, e que todas as respostas ser\u00e3o dadas no momento h\u00e1bil que se deve ter. Respaldada dentro da t\u00e9cnica e da legitimidade&#8221;.<br \/>\nAl\u00e9m desses dois casos, segundo a dire\u00e7\u00e3o da unidade, h\u00e1 ainda uma investiga\u00e7\u00e3o pela morte de tr\u00eas fetos em uma gesta\u00e7\u00e3o de trig\u00eameos.<br \/>\nNa tarde desta quinta-feira (13), a Comiss\u00e3o de Sa\u00fade da C\u00e2mara de Parnamirim tamb\u00e9m fez uma visita \u00e0 maternidade para fiscalizar as condutas na unidade.<br \/>\nM\u00e3es v\u00e3o levar caso \u00e0 Justi\u00e7a<br \/>\nPelo menos duas das m\u00e3es confirmaram que v\u00e3o entrar com uma a\u00e7\u00e3o judicial contra a maternidade por entenderem que houve neglig\u00eancia no atendimento.<br \/>\nA operadora de caixa Karolaine Soares foi uma das gr\u00e1vidas que perderam o beb\u00ea nas \u00faltimas semanas. Ela contou que estava com a barriga enrijecida e procurou atendimento em uma Unidade B\u00e1sica de Sa\u00fade (UBS), onde foi recomendada procurar a maternidade para realizar um exame de ultrassonografia de urg\u00eancia, para saber o estado do beb\u00ea.<br \/>\n&#8220;Eu pedi \u00e0 m\u00e9dica e a m\u00e9dica disse que n\u00e3o seria poss\u00edvel realizar [o exame]. Ela s\u00f3 quis fazer o exame do toque. Logo apo\u00f3s o exame do toque, eu comecei a sangrar. E simplesmente ela me deu uma dipirona na veia e passou exame de sangue e de urina&#8221;, contou Karolaine Soares.<br \/>\n&#8220;Ela disse que era normal logo ap\u00f3s o exame de toque sangrar. Ela me mandou pra casa. Eu continuei sangrando e no outro dia eu voltei para levar uma coleta da urina que no dia anterior n\u00e3o foi poss\u00edvel fazer, porque justamente eu estava sangrando, e l\u00e1 eles n\u00e3o aceitam&#8221;, pontuou.<br \/>\nLogo ap\u00f3s voltar para a casa da m\u00e3e depois de deixar o hospital, ela teve uma hemorragia e foi socorrida e levada pelo pai de volta ao hospital.<br \/>\n&#8220;Chegando l\u00e1 eles me levaram direto pra ces\u00e1rea de urg\u00eancia. Infelizmente a minha filha j\u00e1 estava sem batimentos card\u00edacos, sem vida. Mas na segunda, ela [a m\u00e9dica] fez a ausculta do cora\u00e7\u00e3o da minha filha e ela estava com vida. No dia anterior&#8221;, lamentou.<br \/>\n&#8220;Est\u00e1 sendo muito dif\u00edcil pra mim. Eu estou passando pelo processo do resguardo sem ter a minha filha nos bra\u00e7os. E \u00e9 muito dif\u00edcil porque a minha filha era muito saud\u00e1vel, estava t\u00e3o perfeito, e por causa de um exame praticamente eu perdi a minha filha&#8221;.<br \/>\n&#8216;Fui maltratada&#8217;, diz mulher que perdeu beb\u00ea<br \/>\nA dona de casa Dinayse Andressa \u00e9 outra que vai levar o caso \u00e0 Justi\u00e7a. Ela contou que estava com uma dor muito forte e que chegou a ficar internada no hospital por 11 dias at\u00e9 receber uma libera\u00e7\u00e3o, mesmo perdendo l\u00edquido.<br \/>\n&#8220;Eu disse: &#8216;Doutora, voc\u00ea vai me liberar, eu perdendo l\u00edquido&#8217;. Ela disse para eu n\u00e3o me preocupar que estava tudo bem com minha filha. Eu entendi que estava normal, vim pra casa&#8221;, disse Dinayse.<br \/>\nComo a dor continou, Dinayse retornou ao hospital no s\u00e1bado passado (8). Foi quando recebeu a not\u00edcia de que a filha estava morta.<br \/>\n&#8220;Quando cheguei l\u00e1, ela fez o [exame de ] toque, olhou pra mim e disse: &#8216;Sua filha est\u00e1 morta dentro de voc\u00ea&#8217;. Desse jeito. Foi t\u00e3o decepcionante, t\u00e3o deplor\u00e1vel o que ela [m\u00e9dica] fez comigo&#8221;, contou.<br \/>\nUma ultrassonografia confirmou a morte da beb\u00ea. &#8220;Me levaram para outra sala e me fizeram ter ela [por parto] normal, pedindo pra fazer for\u00e7a. E eu pedindo para tirar por ces\u00e1rea&#8221;, lamentou Dinayse Andressa.<br \/>\n&#8220;Fui muito maltratada ali dentro e eu pe\u00e7o que ningu\u00e9m nunca passe pelo que eu passei ali dentro. Tem muitas m\u00e3ezinhas sofrendo ali dentro. Eu pe\u00e7o socorro, justi\u00e7a pelo amor de Deus&#8221;.<br \/>\nREPORTAGEM: Paciente com ca\u0302ncer precisa de ajuda para tratamento no RN. Veja mais detalhes abaixo \u2b07\ufe0f<br \/>\nPaciente com ca\u0302ncer ainda precisa de ajuda para tratamento no RN<br \/>\nV\u00eddeos mais assistidos do g1 RN<\/p>","protected":false},"excerpt":{"rendered":"<p>Pelo menos duas m\u00e3es que perderam os beb\u00eas informaram que v\u00e3o acionar a Justi\u00e7a. Dire\u00e7\u00e3o informou que parecer preliminar de um dos casos apontou que n\u00e3o houve neglig\u00eancia. Hospital Maternidade &#8230;<\/p>\n","protected":false},"author":0,"featured_media":12591,"parent":0,"menu_order":0,"comment_status":"closed","ping_status":"closed","template":"","meta":{"footnotes":""},"class_list":["post-12590","page","type-page","status-publish","has-post-thumbnail","hentry"],"yoast_head":"<!-- This site is optimized with the Yoast SEO plugin v27.1.1 - https:\/\/yoast.com\/product\/yoast-seo-wordpress\/ -->\n<title>Dire\u00e7\u00e3o de maternidade p\u00fablica na Grande Natal abre investiga\u00e7\u00e3o para apurar se houve neglig\u00eancia em morte de fetos na unidade - Taveira Jr<\/title>\n<meta name=\"robots\" content=\"index, follow, max-snippet:-1, max-image-preview:large, max-video-preview:-1\" \/>\n<link rel=\"canonical\" href=\"https:\/\/deputadotaveirajr.com.br\/index.php\/direcao-de-maternidade-publica-na-grande-natal-abre-investigacao-para-apurar-se-houve-negligencia-em-morte-de-fetos-na-unidade\/\" \/>\n<meta property=\"og:locale\" content=\"pt_BR\" \/>\n<meta property=\"og:type\" content=\"article\" \/>\n<meta property=\"og:title\" content=\"Dire\u00e7\u00e3o de maternidade p\u00fablica na Grande Natal abre investiga\u00e7\u00e3o para apurar se houve neglig\u00eancia em morte de fetos na unidade - Taveira Jr\" \/>\n<meta property=\"og:description\" content=\"Pelo menos duas m\u00e3es que perderam os beb\u00eas informaram que v\u00e3o acionar a Justi\u00e7a. Dire\u00e7\u00e3o informou que parecer preliminar de um dos casos apontou que n\u00e3o houve neglig\u00eancia. Hospital Maternidade ...\" \/>\n<meta property=\"og:url\" content=\"https:\/\/deputadotaveirajr.com.br\/index.php\/direcao-de-maternidade-publica-na-grande-natal-abre-investigacao-para-apurar-se-houve-negligencia-em-morte-de-fetos-na-unidade\/\" \/>\n<meta property=\"og:site_name\" content=\"Taveira Jr\" \/>\n<meta property=\"og:image\" content=\"https:\/\/s2-g1.glbimg.com\/RKiJg0ySMTJ5O3a48KP3dk9nrRo=\/i.s3.glbimg.com\/v1\/AUTH_59edd422c0c84a879bd37670ae4f538a\/internal_photos\/bs\/2025\/h\/g\/RGu5ajQriMehzKG3JiQw\/whatsapp-image-2025-03-13-at-16.44.14.jpeg\" \/>\n<meta name=\"twitter:card\" content=\"summary_large_image\" \/>\n<meta name=\"twitter:label1\" content=\"Est. tempo de leitura\" \/>\n\t<meta name=\"twitter:data1\" content=\"4 minutos\" \/>\n<script type=\"application\/ld+json\" class=\"yoast-schema-graph\">{\"@context\":\"https:\/\/schema.org\",\"@graph\":[{\"@type\":\"WebPage\",\"@id\":\"https:\/\/deputadotaveirajr.com.br\/index.php\/direcao-de-maternidade-publica-na-grande-natal-abre-investigacao-para-apurar-se-houve-negligencia-em-morte-de-fetos-na-unidade\/\",\"url\":\"https:\/\/deputadotaveirajr.com.br\/index.php\/direcao-de-maternidade-publica-na-grande-natal-abre-investigacao-para-apurar-se-houve-negligencia-em-morte-de-fetos-na-unidade\/\",\"name\":\"Dire\u00e7\u00e3o de maternidade p\u00fablica na Grande Natal abre investiga\u00e7\u00e3o para apurar se houve neglig\u00eancia em morte de fetos na unidade - Taveira Jr\",\"isPartOf\":{\"@id\":\"https:\/\/deputadotaveirajr.com.br\/#website\"},\"primaryImageOfPage\":{\"@id\":\"https:\/\/deputadotaveirajr.com.br\/index.php\/direcao-de-maternidade-publica-na-grande-natal-abre-investigacao-para-apurar-se-houve-negligencia-em-morte-de-fetos-na-unidade\/#primaryimage\"},\"image\":{\"@id\":\"https:\/\/deputadotaveirajr.com.br\/index.php\/direcao-de-maternidade-publica-na-grande-natal-abre-investigacao-para-apurar-se-houve-negligencia-em-morte-de-fetos-na-unidade\/#primaryimage\"},\"thumbnailUrl\":\"https:\/\/deputadotaveirajr.com.br\/wp-content\/uploads\/2025\/03\/whatsapp-image-2025-03-13-at-16.44.14-nkVLTg.jpeg\",\"datePublished\":\"2025-03-13T22:13:50+00:00\",\"breadcrumb\":{\"@id\":\"https:\/\/deputadotaveirajr.com.br\/index.php\/direcao-de-maternidade-publica-na-grande-natal-abre-investigacao-para-apurar-se-houve-negligencia-em-morte-de-fetos-na-unidade\/#breadcrumb\"},\"inLanguage\":\"pt-BR\",\"potentialAction\":[{\"@type\":\"ReadAction\",\"target\":[\"https:\/\/deputadotaveirajr.com.br\/index.php\/direcao-de-maternidade-publica-na-grande-natal-abre-investigacao-para-apurar-se-houve-negligencia-em-morte-de-fetos-na-unidade\/\"]}]},{\"@type\":\"ImageObject\",\"inLanguage\":\"pt-BR\",\"@id\":\"https:\/\/deputadotaveirajr.com.br\/index.php\/direcao-de-maternidade-publica-na-grande-natal-abre-investigacao-para-apurar-se-houve-negligencia-em-morte-de-fetos-na-unidade\/#primaryimage\",\"url\":\"https:\/\/deputadotaveirajr.com.br\/wp-content\/uploads\/2025\/03\/whatsapp-image-2025-03-13-at-16.44.14-nkVLTg.jpeg\",\"contentUrl\":\"https:\/\/deputadotaveirajr.com.br\/wp-content\/uploads\/2025\/03\/whatsapp-image-2025-03-13-at-16.44.14-nkVLTg.jpeg\",\"width\":1600,\"height\":900},{\"@type\":\"BreadcrumbList\",\"@id\":\"https:\/\/deputadotaveirajr.com.br\/index.php\/direcao-de-maternidade-publica-na-grande-natal-abre-investigacao-para-apurar-se-houve-negligencia-em-morte-de-fetos-na-unidade\/#breadcrumb\",\"itemListElement\":[{\"@type\":\"ListItem\",\"position\":1,\"name\":\"In\u00edcio\",\"item\":\"https:\/\/deputadotaveirajr.com.br\/\"},{\"@type\":\"ListItem\",\"position\":2,\"name\":\"Dire\u00e7\u00e3o de maternidade p\u00fablica na Grande Natal abre investiga\u00e7\u00e3o para apurar se houve neglig\u00eancia em morte de fetos na unidade\"}]},{\"@type\":\"WebSite\",\"@id\":\"https:\/\/deputadotaveirajr.com.br\/#website\",\"url\":\"https:\/\/deputadotaveirajr.com.br\/\",\"name\":\"Taveira Jr\",\"description\":\"Deputado Estadual\",\"publisher\":{\"@id\":\"https:\/\/deputadotaveirajr.com.br\/#organization\"},\"potentialAction\":[{\"@type\":\"SearchAction\",\"target\":{\"@type\":\"EntryPoint\",\"urlTemplate\":\"https:\/\/deputadotaveirajr.com.br\/?s={search_term_string}\"},\"query-input\":{\"@type\":\"PropertyValueSpecification\",\"valueRequired\":true,\"valueName\":\"search_term_string\"}}],\"inLanguage\":\"pt-BR\"},{\"@type\":\"Organization\",\"@id\":\"https:\/\/deputadotaveirajr.com.br\/#organization\",\"name\":\"Taveira Jr\",\"url\":\"https:\/\/deputadotaveirajr.com.br\/\",\"logo\":{\"@type\":\"ImageObject\",\"inLanguage\":\"pt-BR\",\"@id\":\"https:\/\/deputadotaveirajr.com.br\/#\/schema\/logo\/image\/\",\"url\":\"https:\/\/deputadotaveirajr.com.br\/wp-content\/uploads\/2026\/01\/logolow2a.png\",\"contentUrl\":\"https:\/\/deputadotaveirajr.com.br\/wp-content\/uploads\/2026\/01\/logolow2a.png\",\"width\":290,\"height\":80,\"caption\":\"Taveira Jr\"},\"image\":{\"@id\":\"https:\/\/deputadotaveirajr.com.br\/#\/schema\/logo\/image\/\"}}]}<\/script>\n<!-- \/ Yoast SEO plugin. -->","yoast_head_json":{"title":"Dire\u00e7\u00e3o de maternidade p\u00fablica na Grande Natal abre investiga\u00e7\u00e3o para apurar se houve neglig\u00eancia em morte de fetos na unidade - Taveira Jr","robots":{"index":"index","follow":"follow","max-snippet":"max-snippet:-1","max-image-preview":"max-image-preview:large","max-video-preview":"max-video-preview:-1"},"canonical":"https:\/\/deputadotaveirajr.com.br\/index.php\/direcao-de-maternidade-publica-na-grande-natal-abre-investigacao-para-apurar-se-houve-negligencia-em-morte-de-fetos-na-unidade\/","og_locale":"pt_BR","og_type":"article","og_title":"Dire\u00e7\u00e3o de maternidade p\u00fablica na Grande Natal abre investiga\u00e7\u00e3o para apurar se houve neglig\u00eancia em morte de fetos na unidade - Taveira Jr","og_description":"Pelo menos duas m\u00e3es que perderam os beb\u00eas informaram que v\u00e3o acionar a Justi\u00e7a. Dire\u00e7\u00e3o informou que parecer preliminar de um dos casos apontou que n\u00e3o houve neglig\u00eancia. Hospital Maternidade ...","og_url":"https:\/\/deputadotaveirajr.com.br\/index.php\/direcao-de-maternidade-publica-na-grande-natal-abre-investigacao-para-apurar-se-houve-negligencia-em-morte-de-fetos-na-unidade\/","og_site_name":"Taveira Jr","og_image":[{"url":"https:\/\/s2-g1.glbimg.com\/RKiJg0ySMTJ5O3a48KP3dk9nrRo=\/i.s3.glbimg.com\/v1\/AUTH_59edd422c0c84a879bd37670ae4f538a\/internal_photos\/bs\/2025\/h\/g\/RGu5ajQriMehzKG3JiQw\/whatsapp-image-2025-03-13-at-16.44.14.jpeg","type":"","width":"","height":""}],"twitter_card":"summary_large_image","twitter_misc":{"Est. tempo de leitura":"4 minutos"},"schema":{"@context":"https:\/\/schema.org","@graph":[{"@type":"WebPage","@id":"https:\/\/deputadotaveirajr.com.br\/index.php\/direcao-de-maternidade-publica-na-grande-natal-abre-investigacao-para-apurar-se-houve-negligencia-em-morte-de-fetos-na-unidade\/","url":"https:\/\/deputadotaveirajr.com.br\/index.php\/direcao-de-maternidade-publica-na-grande-natal-abre-investigacao-para-apurar-se-houve-negligencia-em-morte-de-fetos-na-unidade\/","name":"Dire\u00e7\u00e3o de maternidade p\u00fablica na Grande Natal abre investiga\u00e7\u00e3o para apurar se houve neglig\u00eancia em morte de fetos na unidade - Taveira Jr","isPartOf":{"@id":"https:\/\/deputadotaveirajr.com.br\/#website"},"primaryImageOfPage":{"@id":"https:\/\/deputadotaveirajr.com.br\/index.php\/direcao-de-maternidade-publica-na-grande-natal-abre-investigacao-para-apurar-se-houve-negligencia-em-morte-de-fetos-na-unidade\/#primaryimage"},"image":{"@id":"https:\/\/deputadotaveirajr.com.br\/index.php\/direcao-de-maternidade-publica-na-grande-natal-abre-investigacao-para-apurar-se-houve-negligencia-em-morte-de-fetos-na-unidade\/#primaryimage"},"thumbnailUrl":"https:\/\/deputadotaveirajr.com.br\/wp-content\/uploads\/2025\/03\/whatsapp-image-2025-03-13-at-16.44.14-nkVLTg.jpeg","datePublished":"2025-03-13T22:13:50+00:00","breadcrumb":{"@id":"https:\/\/deputadotaveirajr.com.br\/index.php\/direcao-de-maternidade-publica-na-grande-natal-abre-investigacao-para-apurar-se-houve-negligencia-em-morte-de-fetos-na-unidade\/#breadcrumb"},"inLanguage":"pt-BR","potentialAction":[{"@type":"ReadAction","target":["https:\/\/deputadotaveirajr.com.br\/index.php\/direcao-de-maternidade-publica-na-grande-natal-abre-investigacao-para-apurar-se-houve-negligencia-em-morte-de-fetos-na-unidade\/"]}]},{"@type":"ImageObject","inLanguage":"pt-BR","@id":"https:\/\/deputadotaveirajr.com.br\/index.php\/direcao-de-maternidade-publica-na-grande-natal-abre-investigacao-para-apurar-se-houve-negligencia-em-morte-de-fetos-na-unidade\/#primaryimage","url":"https:\/\/deputadotaveirajr.com.br\/wp-content\/uploads\/2025\/03\/whatsapp-image-2025-03-13-at-16.44.14-nkVLTg.jpeg","contentUrl":"https:\/\/deputadotaveirajr.com.br\/wp-content\/uploads\/2025\/03\/whatsapp-image-2025-03-13-at-16.44.14-nkVLTg.jpeg","width":1600,"height":900},{"@type":"BreadcrumbList","@id":"https:\/\/deputadotaveirajr.com.br\/index.php\/direcao-de-maternidade-publica-na-grande-natal-abre-investigacao-para-apurar-se-houve-negligencia-em-morte-de-fetos-na-unidade\/#breadcrumb","itemListElement":[{"@type":"ListItem","position":1,"name":"In\u00edcio","item":"https:\/\/deputadotaveirajr.com.br\/"},{"@type":"ListItem","position":2,"name":"Dire\u00e7\u00e3o de maternidade p\u00fablica na Grande Natal abre investiga\u00e7\u00e3o para apurar se houve neglig\u00eancia em morte de fetos na unidade"}]},{"@type":"WebSite","@id":"https:\/\/deputadotaveirajr.com.br\/#website","url":"https:\/\/deputadotaveirajr.com.br\/","name":"Taveira Jr","description":"Deputado Estadual","publisher":{"@id":"https:\/\/deputadotaveirajr.com.br\/#organization"},"potentialAction":[{"@type":"SearchAction","target":{"@type":"EntryPoint","urlTemplate":"https:\/\/deputadotaveirajr.com.br\/?s={search_term_string}"},"query-input":{"@type":"PropertyValueSpecification","valueRequired":true,"valueName":"search_term_string"}}],"inLanguage":"pt-BR"},{"@type":"Organization","@id":"https:\/\/deputadotaveirajr.com.br\/#organization","name":"Taveira Jr","url":"https:\/\/deputadotaveirajr.com.br\/","logo":{"@type":"ImageObject","inLanguage":"pt-BR","@id":"https:\/\/deputadotaveirajr.com.br\/#\/schema\/logo\/image\/","url":"https:\/\/deputadotaveirajr.com.br\/wp-content\/uploads\/2026\/01\/logolow2a.png","contentUrl":"https:\/\/deputadotaveirajr.com.br\/wp-content\/uploads\/2026\/01\/logolow2a.png","width":290,"height":80,"caption":"Taveira Jr"},"image":{"@id":"https:\/\/deputadotaveirajr.com.br\/#\/schema\/logo\/image\/"}}]}},"_links":{"self":[{"href":"https:\/\/deputadotaveirajr.com.br\/index.php\/wp-json\/wp\/v2\/pages\/12590","targetHints":{"allow":["GET"]}}],"collection":[{"href":"https:\/\/deputadotaveirajr.com.br\/index.php\/wp-json\/wp\/v2\/pages"}],"about":[{"href":"https:\/\/deputadotaveirajr.com.br\/index.php\/wp-json\/wp\/v2\/types\/page"}],"replies":[{"embeddable":true,"href":"https:\/\/deputadotaveirajr.com.br\/index.php\/wp-json\/wp\/v2\/comments?post=12590"}],"version-history":[{"count":0,"href":"https:\/\/deputadotaveirajr.com.br\/index.php\/wp-json\/wp\/v2\/pages\/12590\/revisions"}],"wp:featuredmedia":[{"embeddable":true,"href":"https:\/\/deputadotaveirajr.com.br\/index.php\/wp-json\/wp\/v2\/media\/12591"}],"wp:attachment":[{"href":"https:\/\/deputadotaveirajr.com.br\/index.php\/wp-json\/wp\/v2\/media?parent=12590"}],"curies":[{"name":"wp","href":"https:\/\/api.w.org\/{rel}","templated":true}]}}