{"id":12602,"date":"2025-03-16T11:22:29","date_gmt":"2025-03-16T14:22:29","guid":{"rendered":"https:\/\/deputadotaveirajr.com.br\/index.php\/sesc-rn-abre-inscricoes-para-cursos-de-valorizacao-social-gratuitos-de-abril\/"},"modified":"2025-03-16T11:22:29","modified_gmt":"2025-03-16T14:22:29","slug":"sesc-rn-abre-inscricoes-para-cursos-de-valorizacao-social-gratuitos-de-abril","status":"publish","type":"page","link":"https:\/\/deputadotaveirajr.com.br\/index.php\/sesc-rn-abre-inscricoes-para-cursos-de-valorizacao-social-gratuitos-de-abril\/","title":{"rendered":"Sesc RN abre inscri\u00e7\u00f5es para cursos de valoriza\u00e7\u00e3o social gratuitos de abril"},"content":{"rendered":"<p><img decoding=\"async\" src=\"https:\/\/s2-g1.glbimg.com\/nJap1HODohGW0I8qcpCSlDSsL1Q=\/i.s3.glbimg.com\/v1\/AUTH_59edd422c0c84a879bd37670ae4f538a\/internal_photos\/bs\/2025\/Z\/Y\/CiLYtbSlOeggmz2lsYUw\/cursos-de-valorizacao-social-bordado-7-.jpg\" \/><br \/>     Novas turmas estar\u00e3o dispon\u00edveis em seis cidades diferentes, nas \u00e1reas de culin\u00e1ria e artesanato. Inscri\u00e7\u00f5es come\u00e7am nesta segunda-feira (17). Sesc RN abre inscri\u00e7\u00f5es para cursos de valoriza\u00e7\u00e3o social gratuitos<br \/>\nDivulga\u00e7\u00e3o<br \/>\nO Servi\u00e7o Social do Com\u00e9rcio do Rio Grande do Norte (Sesc RN) abre nesta segunda-feira (17) as inscri\u00e7\u00f5es para turmas de abril dos Cursos de Valoriza\u00e7\u00e3o Social. Ao todo, ser\u00e3o 260 vagas.<br \/>\nS\u00e3o 13 op\u00e7\u00f5es de cursos gratuitos para a popula\u00e7\u00e3o nas unidades do Sesc na Zona Norte, Mossor\u00f3, Caic\u00f3, S\u00e3o Paulo do Potengi, Nova Cruz e Maca\u00edba (veja a lista abaixo).<br \/>\n\ud83d\udcf3Participe do canal do g1 RN no WhatsApp<br \/>\nOs cursos s\u00e3o: P\u00e3es artesanais (Mossor\u00f3 e S\u00e3o Paulo do Potengi), Docinhos celebrativos (Mossor\u00f3), M\u00f3dulo 2 de Oficina de bal\u00f5es (Caic\u00f3), Artigos religiosos em bijuterias (Caic\u00f3), Aromatizadores e sach\u00eas (Nova Cruz), M\u00f3dulo 2 de Salgados (Nova Cruz), Arranjos de flores e decora\u00e7\u00e3o de mesa (S\u00e3o Paulo do Potengi e Zona Norte). Em Maca\u00edba, os cursos ter\u00e3o foco no Dia das M\u00e3es: Montagem de vitrine, Docinhos celebrativos, \u00c1lbum personalizado para datas comemorativas e Enfeite com resina.<br \/>\nPara se inscrever, \u00e9 poss\u00edvel se dirigir \u00e0 Central de Relacionamento de alguma unidade Sesc ou pela internet. O prazo final de inscri\u00e7\u00f5es \u00e9 sexta-feira (21).<br \/>\nTodos os cursos s\u00e3o gratuitos e regidos pelo edital de Programa de Comprometimento e Gratuidade (PCG), projeto voltado, preferencialmente, para os trabalhadores do com\u00e9rcio de bens, servi\u00e7os e turismo, seus dependentes e aos estudantes da Educa\u00e7\u00e3o B\u00e1sica, matriculados ou egressos, desde que atendam ao crit\u00e9rio de pessoa em condi\u00e7\u00e3o de baixa renda, com renda familiar per capita de at\u00e9 2 sal\u00e1rios-m\u00ednimos.<br \/>\nO resultado com a confirma\u00e7\u00e3o de quem far\u00e1 parte das turmas ser\u00e1 divulgado no dia 26 de mar\u00e7o, com in\u00edcio das aulas previsto para dia 31 de mar\u00e7o, a depender da turma.<br \/>\nCursos oferecidos<br \/>\nP\u00e3es artesanais \u2013 Sesc Mossor\u00f3 \u2013 Execu\u00e7\u00e3o das aulas: 31\/03 a 04\/04, das 13h \u00e0s 17h<br \/>\nDocinhos celebrativos \u2013 Sesc Mossor\u00f3 \u2013 Execu\u00e7\u00e3o das aulas: 07 a 11\/04, das 13h \u00e0s 17h<br \/>\nM\u00f3dulo 2 de Oficina de bal\u00f5es \u2013 Sesc Caic\u00f3 \u2013 Execu\u00e7\u00e3o das aulas: 07 a 11\/04, das 18h \u00e0s 22h<br \/>\nArtigos religiosos em bijuterias \u2013 Sesc Caic\u00f3 \u2013 Execu\u00e7\u00e3o das aulas: 01 a 04\/04<br \/>\nArranjos de flores e decora\u00e7\u00e3o de mesa \u2013 Sesc S\u00e3o Paulo do Potengi \u2013 Execu\u00e7\u00e3o das aulas: 07 a 11\/04, das 18h \u00e0s 22h<br \/>\nP\u00e3es artesanais \u2013 Sesc S\u00e3o Paulo do Potengi \u2013 Execu\u00e7\u00e3o das aulas: 07 a 11\/04, das 18h \u00e0s 22h<br \/>\nArranjos de flores e decora\u00e7\u00e3o de mesa \u2013 Sesc Zona Norte \u2013 Execu\u00e7\u00e3o das aulas: 07 a 11\/04, das 08h \u00e0s 12h<br \/>\nAromatizadores e sach\u00eas \u2013 Sesc Nova Cruz \u2013 Execu\u00e7\u00e3o das aulas: 07 a 11\/04, das 18h \u00e0s 22h<br \/>\nM\u00f3dulo 2 de Salgados \u2013 Sesc Nova Cruz \u2013 Execu\u00e7\u00e3o das aulas: 14 a 18\/04, das 18h \u00e0s 22h<br \/>\n\u00c1lbum personalizado para datas comemorativas, foco no Dia das M\u00e3es \u2013Execu\u00e7\u00e3o das 07 a 11\/04, das 08h \u00e0s 12h<br \/>\nMontagem de vitrine para Dia das M\u00e3es \u2013 Sesc Maca\u00edba \u2013 Execu\u00e7\u00e3o das aulas: 07 a 11\/04, das 13h \u00e0s 17h<br \/>\nEnfeite com resina para Dia das M\u00e3es \u2013 Sesc Maca\u00edba \u2013 Execu\u00e7\u00e3o das aulas: 22 a 25\/04, das 08h \u00e0s 12h<br \/>\nDocinhos celebrativos para Dia das M\u00e3es \u2013 Sesc Maca\u00edba \u2013 Execu\u00e7\u00e3o das aulas: 22 a 25\/04, das 13h \u00e0s 17h<br \/>\nVeja os v\u00eddeos mais assistidos no g1 RN<\/p>","protected":false},"excerpt":{"rendered":"<p>Novas turmas estar\u00e3o dispon\u00edveis em seis cidades diferentes, nas \u00e1reas de culin\u00e1ria e artesanato. Inscri\u00e7\u00f5es come\u00e7am nesta segunda-feira (17). Sesc RN abre inscri\u00e7\u00f5es para cursos de valoriza\u00e7\u00e3o social gratuitos Divulga\u00e7\u00e3o &#8230;<\/p>\n","protected":false},"author":0,"featured_media":12603,"parent":0,"menu_order":0,"comment_status":"closed","ping_status":"closed","template":"","meta":{"footnotes":""},"class_list":["post-12602","page","type-page","status-publish","has-post-thumbnail","hentry"],"yoast_head":"<!-- This site is optimized with the Yoast SEO plugin v27.1.1 - https:\/\/yoast.com\/product\/yoast-seo-wordpress\/ -->\n<title>Sesc RN abre inscri\u00e7\u00f5es para cursos de valoriza\u00e7\u00e3o social gratuitos de abril - Taveira Jr<\/title>\n<meta name=\"robots\" content=\"index, follow, max-snippet:-1, max-image-preview:large, max-video-preview:-1\" \/>\n<link rel=\"canonical\" href=\"https:\/\/deputadotaveirajr.com.br\/index.php\/sesc-rn-abre-inscricoes-para-cursos-de-valorizacao-social-gratuitos-de-abril\/\" \/>\n<meta property=\"og:locale\" content=\"pt_BR\" \/>\n<meta property=\"og:type\" content=\"article\" \/>\n<meta property=\"og:title\" content=\"Sesc RN abre inscri\u00e7\u00f5es para cursos de valoriza\u00e7\u00e3o social gratuitos de abril - Taveira Jr\" \/>\n<meta property=\"og:description\" content=\"Novas turmas estar\u00e3o dispon\u00edveis em seis cidades diferentes, nas \u00e1reas de culin\u00e1ria e artesanato. Inscri\u00e7\u00f5es come\u00e7am nesta segunda-feira (17). Sesc RN abre inscri\u00e7\u00f5es para cursos de valoriza\u00e7\u00e3o social gratuitos Divulga\u00e7\u00e3o ...\" \/>\n<meta property=\"og:url\" content=\"https:\/\/deputadotaveirajr.com.br\/index.php\/sesc-rn-abre-inscricoes-para-cursos-de-valorizacao-social-gratuitos-de-abril\/\" \/>\n<meta property=\"og:site_name\" content=\"Taveira Jr\" \/>\n<meta property=\"og:image\" content=\"https:\/\/s2-g1.glbimg.com\/nJap1HODohGW0I8qcpCSlDSsL1Q=\/i.s3.glbimg.com\/v1\/AUTH_59edd422c0c84a879bd37670ae4f538a\/internal_photos\/bs\/2025\/Z\/Y\/CiLYtbSlOeggmz2lsYUw\/cursos-de-valorizacao-social-bordado-7-.jpg\" \/>\n<meta name=\"twitter:card\" content=\"summary_large_image\" \/>\n<meta name=\"twitter:label1\" content=\"Est. tempo de leitura\" \/>\n\t<meta name=\"twitter:data1\" content=\"3 minutos\" \/>\n<script type=\"application\/ld+json\" class=\"yoast-schema-graph\">{\"@context\":\"https:\/\/schema.org\",\"@graph\":[{\"@type\":\"WebPage\",\"@id\":\"https:\/\/deputadotaveirajr.com.br\/index.php\/sesc-rn-abre-inscricoes-para-cursos-de-valorizacao-social-gratuitos-de-abril\/\",\"url\":\"https:\/\/deputadotaveirajr.com.br\/index.php\/sesc-rn-abre-inscricoes-para-cursos-de-valorizacao-social-gratuitos-de-abril\/\",\"name\":\"Sesc RN abre inscri\u00e7\u00f5es para cursos de valoriza\u00e7\u00e3o social gratuitos de abril - Taveira Jr\",\"isPartOf\":{\"@id\":\"https:\/\/deputadotaveirajr.com.br\/#website\"},\"primaryImageOfPage\":{\"@id\":\"https:\/\/deputadotaveirajr.com.br\/index.php\/sesc-rn-abre-inscricoes-para-cursos-de-valorizacao-social-gratuitos-de-abril\/#primaryimage\"},\"image\":{\"@id\":\"https:\/\/deputadotaveirajr.com.br\/index.php\/sesc-rn-abre-inscricoes-para-cursos-de-valorizacao-social-gratuitos-de-abril\/#primaryimage\"},\"thumbnailUrl\":\"https:\/\/deputadotaveirajr.com.br\/wp-content\/uploads\/2025\/03\/cursos-de-valorizacao-social-bordado-7-vZM0pq.jpeg\",\"datePublished\":\"2025-03-16T14:22:29+00:00\",\"breadcrumb\":{\"@id\":\"https:\/\/deputadotaveirajr.com.br\/index.php\/sesc-rn-abre-inscricoes-para-cursos-de-valorizacao-social-gratuitos-de-abril\/#breadcrumb\"},\"inLanguage\":\"pt-BR\",\"potentialAction\":[{\"@type\":\"ReadAction\",\"target\":[\"https:\/\/deputadotaveirajr.com.br\/index.php\/sesc-rn-abre-inscricoes-para-cursos-de-valorizacao-social-gratuitos-de-abril\/\"]}]},{\"@type\":\"ImageObject\",\"inLanguage\":\"pt-BR\",\"@id\":\"https:\/\/deputadotaveirajr.com.br\/index.php\/sesc-rn-abre-inscricoes-para-cursos-de-valorizacao-social-gratuitos-de-abril\/#primaryimage\",\"url\":\"https:\/\/deputadotaveirajr.com.br\/wp-content\/uploads\/2025\/03\/cursos-de-valorizacao-social-bordado-7-vZM0pq.jpeg\",\"contentUrl\":\"https:\/\/deputadotaveirajr.com.br\/wp-content\/uploads\/2025\/03\/cursos-de-valorizacao-social-bordado-7-vZM0pq.jpeg\",\"width\":2400,\"height\":1600},{\"@type\":\"BreadcrumbList\",\"@id\":\"https:\/\/deputadotaveirajr.com.br\/index.php\/sesc-rn-abre-inscricoes-para-cursos-de-valorizacao-social-gratuitos-de-abril\/#breadcrumb\",\"itemListElement\":[{\"@type\":\"ListItem\",\"position\":1,\"name\":\"In\u00edcio\",\"item\":\"https:\/\/deputadotaveirajr.com.br\/\"},{\"@type\":\"ListItem\",\"position\":2,\"name\":\"Sesc RN abre inscri\u00e7\u00f5es para cursos de valoriza\u00e7\u00e3o social gratuitos de abril\"}]},{\"@type\":\"WebSite\",\"@id\":\"https:\/\/deputadotaveirajr.com.br\/#website\",\"url\":\"https:\/\/deputadotaveirajr.com.br\/\",\"name\":\"Taveira Jr\",\"description\":\"Deputado Estadual\",\"publisher\":{\"@id\":\"https:\/\/deputadotaveirajr.com.br\/#organization\"},\"potentialAction\":[{\"@type\":\"SearchAction\",\"target\":{\"@type\":\"EntryPoint\",\"urlTemplate\":\"https:\/\/deputadotaveirajr.com.br\/?s={search_term_string}\"},\"query-input\":{\"@type\":\"PropertyValueSpecification\",\"valueRequired\":true,\"valueName\":\"search_term_string\"}}],\"inLanguage\":\"pt-BR\"},{\"@type\":\"Organization\",\"@id\":\"https:\/\/deputadotaveirajr.com.br\/#organization\",\"name\":\"Taveira Jr\",\"url\":\"https:\/\/deputadotaveirajr.com.br\/\",\"logo\":{\"@type\":\"ImageObject\",\"inLanguage\":\"pt-BR\",\"@id\":\"https:\/\/deputadotaveirajr.com.br\/#\/schema\/logo\/image\/\",\"url\":\"https:\/\/deputadotaveirajr.com.br\/wp-content\/uploads\/2026\/01\/logolow2a.png\",\"contentUrl\":\"https:\/\/deputadotaveirajr.com.br\/wp-content\/uploads\/2026\/01\/logolow2a.png\",\"width\":290,\"height\":80,\"caption\":\"Taveira Jr\"},\"image\":{\"@id\":\"https:\/\/deputadotaveirajr.com.br\/#\/schema\/logo\/image\/\"}}]}<\/script>\n<!-- \/ Yoast SEO plugin. -->","yoast_head_json":{"title":"Sesc RN abre inscri\u00e7\u00f5es para cursos de valoriza\u00e7\u00e3o social gratuitos de abril - Taveira Jr","robots":{"index":"index","follow":"follow","max-snippet":"max-snippet:-1","max-image-preview":"max-image-preview:large","max-video-preview":"max-video-preview:-1"},"canonical":"https:\/\/deputadotaveirajr.com.br\/index.php\/sesc-rn-abre-inscricoes-para-cursos-de-valorizacao-social-gratuitos-de-abril\/","og_locale":"pt_BR","og_type":"article","og_title":"Sesc RN abre inscri\u00e7\u00f5es para cursos de valoriza\u00e7\u00e3o social gratuitos de abril - Taveira Jr","og_description":"Novas turmas estar\u00e3o dispon\u00edveis em seis cidades diferentes, nas \u00e1reas de culin\u00e1ria e artesanato. Inscri\u00e7\u00f5es come\u00e7am nesta segunda-feira (17). Sesc RN abre inscri\u00e7\u00f5es para cursos de valoriza\u00e7\u00e3o social gratuitos Divulga\u00e7\u00e3o ...","og_url":"https:\/\/deputadotaveirajr.com.br\/index.php\/sesc-rn-abre-inscricoes-para-cursos-de-valorizacao-social-gratuitos-de-abril\/","og_site_name":"Taveira Jr","og_image":[{"url":"https:\/\/s2-g1.glbimg.com\/nJap1HODohGW0I8qcpCSlDSsL1Q=\/i.s3.glbimg.com\/v1\/AUTH_59edd422c0c84a879bd37670ae4f538a\/internal_photos\/bs\/2025\/Z\/Y\/CiLYtbSlOeggmz2lsYUw\/cursos-de-valorizacao-social-bordado-7-.jpg","type":"","width":"","height":""}],"twitter_card":"summary_large_image","twitter_misc":{"Est. tempo de leitura":"3 minutos"},"schema":{"@context":"https:\/\/schema.org","@graph":[{"@type":"WebPage","@id":"https:\/\/deputadotaveirajr.com.br\/index.php\/sesc-rn-abre-inscricoes-para-cursos-de-valorizacao-social-gratuitos-de-abril\/","url":"https:\/\/deputadotaveirajr.com.br\/index.php\/sesc-rn-abre-inscricoes-para-cursos-de-valorizacao-social-gratuitos-de-abril\/","name":"Sesc RN abre inscri\u00e7\u00f5es para cursos de valoriza\u00e7\u00e3o social gratuitos de abril - Taveira Jr","isPartOf":{"@id":"https:\/\/deputadotaveirajr.com.br\/#website"},"primaryImageOfPage":{"@id":"https:\/\/deputadotaveirajr.com.br\/index.php\/sesc-rn-abre-inscricoes-para-cursos-de-valorizacao-social-gratuitos-de-abril\/#primaryimage"},"image":{"@id":"https:\/\/deputadotaveirajr.com.br\/index.php\/sesc-rn-abre-inscricoes-para-cursos-de-valorizacao-social-gratuitos-de-abril\/#primaryimage"},"thumbnailUrl":"https:\/\/deputadotaveirajr.com.br\/wp-content\/uploads\/2025\/03\/cursos-de-valorizacao-social-bordado-7-vZM0pq.jpeg","datePublished":"2025-03-16T14:22:29+00:00","breadcrumb":{"@id":"https:\/\/deputadotaveirajr.com.br\/index.php\/sesc-rn-abre-inscricoes-para-cursos-de-valorizacao-social-gratuitos-de-abril\/#breadcrumb"},"inLanguage":"pt-BR","potentialAction":[{"@type":"ReadAction","target":["https:\/\/deputadotaveirajr.com.br\/index.php\/sesc-rn-abre-inscricoes-para-cursos-de-valorizacao-social-gratuitos-de-abril\/"]}]},{"@type":"ImageObject","inLanguage":"pt-BR","@id":"https:\/\/deputadotaveirajr.com.br\/index.php\/sesc-rn-abre-inscricoes-para-cursos-de-valorizacao-social-gratuitos-de-abril\/#primaryimage","url":"https:\/\/deputadotaveirajr.com.br\/wp-content\/uploads\/2025\/03\/cursos-de-valorizacao-social-bordado-7-vZM0pq.jpeg","contentUrl":"https:\/\/deputadotaveirajr.com.br\/wp-content\/uploads\/2025\/03\/cursos-de-valorizacao-social-bordado-7-vZM0pq.jpeg","width":2400,"height":1600},{"@type":"BreadcrumbList","@id":"https:\/\/deputadotaveirajr.com.br\/index.php\/sesc-rn-abre-inscricoes-para-cursos-de-valorizacao-social-gratuitos-de-abril\/#breadcrumb","itemListElement":[{"@type":"ListItem","position":1,"name":"In\u00edcio","item":"https:\/\/deputadotaveirajr.com.br\/"},{"@type":"ListItem","position":2,"name":"Sesc RN abre inscri\u00e7\u00f5es para cursos de valoriza\u00e7\u00e3o social gratuitos de abril"}]},{"@type":"WebSite","@id":"https:\/\/deputadotaveirajr.com.br\/#website","url":"https:\/\/deputadotaveirajr.com.br\/","name":"Taveira Jr","description":"Deputado Estadual","publisher":{"@id":"https:\/\/deputadotaveirajr.com.br\/#organization"},"potentialAction":[{"@type":"SearchAction","target":{"@type":"EntryPoint","urlTemplate":"https:\/\/deputadotaveirajr.com.br\/?s={search_term_string}"},"query-input":{"@type":"PropertyValueSpecification","valueRequired":true,"valueName":"search_term_string"}}],"inLanguage":"pt-BR"},{"@type":"Organization","@id":"https:\/\/deputadotaveirajr.com.br\/#organization","name":"Taveira Jr","url":"https:\/\/deputadotaveirajr.com.br\/","logo":{"@type":"ImageObject","inLanguage":"pt-BR","@id":"https:\/\/deputadotaveirajr.com.br\/#\/schema\/logo\/image\/","url":"https:\/\/deputadotaveirajr.com.br\/wp-content\/uploads\/2026\/01\/logolow2a.png","contentUrl":"https:\/\/deputadotaveirajr.com.br\/wp-content\/uploads\/2026\/01\/logolow2a.png","width":290,"height":80,"caption":"Taveira Jr"},"image":{"@id":"https:\/\/deputadotaveirajr.com.br\/#\/schema\/logo\/image\/"}}]}},"_links":{"self":[{"href":"https:\/\/deputadotaveirajr.com.br\/index.php\/wp-json\/wp\/v2\/pages\/12602","targetHints":{"allow":["GET"]}}],"collection":[{"href":"https:\/\/deputadotaveirajr.com.br\/index.php\/wp-json\/wp\/v2\/pages"}],"about":[{"href":"https:\/\/deputadotaveirajr.com.br\/index.php\/wp-json\/wp\/v2\/types\/page"}],"replies":[{"embeddable":true,"href":"https:\/\/deputadotaveirajr.com.br\/index.php\/wp-json\/wp\/v2\/comments?post=12602"}],"version-history":[{"count":0,"href":"https:\/\/deputadotaveirajr.com.br\/index.php\/wp-json\/wp\/v2\/pages\/12602\/revisions"}],"wp:featuredmedia":[{"embeddable":true,"href":"https:\/\/deputadotaveirajr.com.br\/index.php\/wp-json\/wp\/v2\/media\/12603"}],"wp:attachment":[{"href":"https:\/\/deputadotaveirajr.com.br\/index.php\/wp-json\/wp\/v2\/media?parent=12602"}],"curies":[{"name":"wp","href":"https:\/\/api.w.org\/{rel}","templated":true}]}}