{"id":12620,"date":"2025-03-17T09:08:09","date_gmt":"2025-03-17T12:08:09","guid":{"rendered":"https:\/\/deputadotaveirajr.com.br\/index.php\/viagens-de-trens-canceladas-e-expediente-suspenso-no-tribunal-de-justica-veja-servicos-afetados-pelas-chuvas-em-natal\/"},"modified":"2025-03-17T09:08:09","modified_gmt":"2025-03-17T12:08:09","slug":"viagens-de-trens-canceladas-e-expediente-suspenso-no-tribunal-de-justica-veja-servicos-afetados-pelas-chuvas-em-natal","status":"publish","type":"page","link":"https:\/\/deputadotaveirajr.com.br\/index.php\/viagens-de-trens-canceladas-e-expediente-suspenso-no-tribunal-de-justica-veja-servicos-afetados-pelas-chuvas-em-natal\/","title":{"rendered":"Viagens de trens canceladas e expediente suspenso no Tribunal de Justi\u00e7a; veja servi\u00e7os afetados pelas chuvas em Natal"},"content":{"rendered":"<p><img decoding=\"async\" src=\"https:\/\/s2-g1.glbimg.com\/nEtMqTEYHBpZQ2fN8rJKRgkvTVI=\/i.s3.glbimg.com\/v1\/AUTH_59edd422c0c84a879bd37670ae4f538a\/internal_photos\/bs\/2025\/a\/E\/y9Wb1lR8id7afK6iiozA\/whatsapp-image-2025-03-17-at-09.04.43.jpeg\" \/><br \/>     Cidade recebeu mais de 200 mil\u00edmetros de precipita\u00e7\u00f5es durante o fim de semana.  Trem parado na esta\u00e7\u00e3o de trem da Ribeira, em Natal<br \/>\nVin\u00edcius Marinho\/Inter TV Cabugi<br \/>\nAs fortes chuvas que ca\u00edram durante todo o fim de semana sobre a Grande Natal causaram danos como inunda\u00e7\u00e3o e assoreamento que afetaram atendimentos p\u00fablicos na capital e cidades pr\u00f3ximas.<br \/>\nEntre os servi\u00e7os afetados, est\u00e1 a suspens\u00e3o de viagens de trens urbanos e o fechamento da sede do Tribunal de Justi\u00e7a do Rio Grande do Norte.<br \/>\n\ud83d\udcf3Participe do canal do g1 RN no WhatsApp<br \/>\nA Companhia Brasileira de Trens Urbanos \u2013 CBTU anunciou que devido aos danos na rede, todas as viagens da Linha Norte e Linha Sul da regi\u00e3o metropolitana foram suspensas nesta segunda-feira (17) e dever\u00e3o permanecer fechadas at\u00e9 o restabelecimento das condi\u00e7\u00f5es operacionais.<br \/>\nTRANSTORNOS: Chuva causa alagamentos de vias e pane em sem\u00e1foros de Natal; veja pontos<br \/>\nV\u00cdDEO: Mulher \u00e9 arrastada por correnteza formada pela \u00e1gua da chuva em avenida de Natal<br \/>\nRELATOS DE NATALENSES AFETADOS: &#8216;Acordei no meu anivers\u00e1rio com a casa tomada pela \u00e1gua&#8217;<br \/>\n&#8220;Desde o in\u00edcio das chuvas, a equipe t\u00e9cnica da Companhia vem realizando as interven\u00e7\u00f5es necess\u00e1rias para restabelecer o funcionamento do sistema de trens urbanos&#8221;, informou a companhia.<br \/>\nJ\u00e1 o Tribunal de Justi\u00e7a do RN informou que as chuvas intensas atingiram um sistema essencial ao fornecimento de energia el\u00e9trica do pr\u00e9dio-sede do TJRN, o que levou \u00e0 suspens\u00e3o do expediente pelo menos at\u00e9 \u00e0s 12h desta segunda (17).<br \/>\n&#8220;Desde a sexta-feira (14), a equipe t\u00e9cnica vem trabalhando intensamente para restabelecer o servi\u00e7o. No entanto, como as chuvas s\u00e3o ininterruptas, n\u00e3o h\u00e1 condi\u00e7\u00f5es seguras para vistoria, avalia\u00e7\u00f5es de eventuais substitui\u00e7\u00f5es de pe\u00e7as, diagn\u00f3stico e monitoramento necess\u00e1rio dos equipamentos atingidos, sobretudo, os de climatiza\u00e7\u00e3o do pr\u00e9dio&#8221;, informou o TJ.<br \/>\nEsta\u00e7\u00e3o de trem fechada neste s\u00e1bado (17) em Natal<br \/>\nVeja os v\u00eddeos mais assistidos no g1 RN<\/p>","protected":false},"excerpt":{"rendered":"<p>Cidade recebeu mais de 200 mil\u00edmetros de precipita\u00e7\u00f5es durante o fim de semana. Trem parado na esta\u00e7\u00e3o de trem da Ribeira, em Natal Vin\u00edcius Marinho\/Inter TV Cabugi As fortes chuvas &#8230;<\/p>\n","protected":false},"author":0,"featured_media":12621,"parent":0,"menu_order":0,"comment_status":"closed","ping_status":"closed","template":"","meta":{"footnotes":""},"class_list":["post-12620","page","type-page","status-publish","has-post-thumbnail","hentry"],"yoast_head":"<!-- This site is optimized with the Yoast SEO plugin v27.1.1 - https:\/\/yoast.com\/product\/yoast-seo-wordpress\/ -->\n<title>Viagens de trens canceladas e expediente suspenso no Tribunal de Justi\u00e7a; veja servi\u00e7os afetados pelas chuvas em Natal - Taveira Jr<\/title>\n<meta name=\"robots\" content=\"index, follow, max-snippet:-1, max-image-preview:large, max-video-preview:-1\" \/>\n<link rel=\"canonical\" href=\"https:\/\/deputadotaveirajr.com.br\/index.php\/viagens-de-trens-canceladas-e-expediente-suspenso-no-tribunal-de-justica-veja-servicos-afetados-pelas-chuvas-em-natal\/\" \/>\n<meta property=\"og:locale\" content=\"pt_BR\" \/>\n<meta property=\"og:type\" content=\"article\" \/>\n<meta property=\"og:title\" content=\"Viagens de trens canceladas e expediente suspenso no Tribunal de Justi\u00e7a; veja servi\u00e7os afetados pelas chuvas em Natal - Taveira Jr\" \/>\n<meta property=\"og:description\" content=\"Cidade recebeu mais de 200 mil\u00edmetros de precipita\u00e7\u00f5es durante o fim de semana. Trem parado na esta\u00e7\u00e3o de trem da Ribeira, em Natal Vin\u00edcius Marinho\/Inter TV Cabugi As fortes chuvas ...\" \/>\n<meta property=\"og:url\" content=\"https:\/\/deputadotaveirajr.com.br\/index.php\/viagens-de-trens-canceladas-e-expediente-suspenso-no-tribunal-de-justica-veja-servicos-afetados-pelas-chuvas-em-natal\/\" \/>\n<meta property=\"og:site_name\" content=\"Taveira Jr\" \/>\n<meta property=\"og:image\" content=\"https:\/\/s2-g1.glbimg.com\/nEtMqTEYHBpZQ2fN8rJKRgkvTVI=\/i.s3.glbimg.com\/v1\/AUTH_59edd422c0c84a879bd37670ae4f538a\/internal_photos\/bs\/2025\/a\/E\/y9Wb1lR8id7afK6iiozA\/whatsapp-image-2025-03-17-at-09.04.43.jpeg\" \/>\n<meta name=\"twitter:card\" content=\"summary_large_image\" \/>\n<meta name=\"twitter:label1\" content=\"Est. tempo de leitura\" \/>\n\t<meta name=\"twitter:data1\" content=\"2 minutos\" \/>\n<script type=\"application\/ld+json\" class=\"yoast-schema-graph\">{\"@context\":\"https:\/\/schema.org\",\"@graph\":[{\"@type\":\"WebPage\",\"@id\":\"https:\/\/deputadotaveirajr.com.br\/index.php\/viagens-de-trens-canceladas-e-expediente-suspenso-no-tribunal-de-justica-veja-servicos-afetados-pelas-chuvas-em-natal\/\",\"url\":\"https:\/\/deputadotaveirajr.com.br\/index.php\/viagens-de-trens-canceladas-e-expediente-suspenso-no-tribunal-de-justica-veja-servicos-afetados-pelas-chuvas-em-natal\/\",\"name\":\"Viagens de trens canceladas e expediente suspenso no Tribunal de Justi\u00e7a; veja servi\u00e7os afetados pelas chuvas em Natal - Taveira Jr\",\"isPartOf\":{\"@id\":\"https:\/\/deputadotaveirajr.com.br\/#website\"},\"primaryImageOfPage\":{\"@id\":\"https:\/\/deputadotaveirajr.com.br\/index.php\/viagens-de-trens-canceladas-e-expediente-suspenso-no-tribunal-de-justica-veja-servicos-afetados-pelas-chuvas-em-natal\/#primaryimage\"},\"image\":{\"@id\":\"https:\/\/deputadotaveirajr.com.br\/index.php\/viagens-de-trens-canceladas-e-expediente-suspenso-no-tribunal-de-justica-veja-servicos-afetados-pelas-chuvas-em-natal\/#primaryimage\"},\"thumbnailUrl\":\"https:\/\/deputadotaveirajr.com.br\/wp-content\/uploads\/2025\/03\/whatsapp-image-2025-03-17-at-09.04.43-DHRCxn.jpeg\",\"datePublished\":\"2025-03-17T12:08:09+00:00\",\"breadcrumb\":{\"@id\":\"https:\/\/deputadotaveirajr.com.br\/index.php\/viagens-de-trens-canceladas-e-expediente-suspenso-no-tribunal-de-justica-veja-servicos-afetados-pelas-chuvas-em-natal\/#breadcrumb\"},\"inLanguage\":\"pt-BR\",\"potentialAction\":[{\"@type\":\"ReadAction\",\"target\":[\"https:\/\/deputadotaveirajr.com.br\/index.php\/viagens-de-trens-canceladas-e-expediente-suspenso-no-tribunal-de-justica-veja-servicos-afetados-pelas-chuvas-em-natal\/\"]}]},{\"@type\":\"ImageObject\",\"inLanguage\":\"pt-BR\",\"@id\":\"https:\/\/deputadotaveirajr.com.br\/index.php\/viagens-de-trens-canceladas-e-expediente-suspenso-no-tribunal-de-justica-veja-servicos-afetados-pelas-chuvas-em-natal\/#primaryimage\",\"url\":\"https:\/\/deputadotaveirajr.com.br\/wp-content\/uploads\/2025\/03\/whatsapp-image-2025-03-17-at-09.04.43-DHRCxn.jpeg\",\"contentUrl\":\"https:\/\/deputadotaveirajr.com.br\/wp-content\/uploads\/2025\/03\/whatsapp-image-2025-03-17-at-09.04.43-DHRCxn.jpeg\",\"width\":1600,\"height\":900},{\"@type\":\"BreadcrumbList\",\"@id\":\"https:\/\/deputadotaveirajr.com.br\/index.php\/viagens-de-trens-canceladas-e-expediente-suspenso-no-tribunal-de-justica-veja-servicos-afetados-pelas-chuvas-em-natal\/#breadcrumb\",\"itemListElement\":[{\"@type\":\"ListItem\",\"position\":1,\"name\":\"In\u00edcio\",\"item\":\"https:\/\/deputadotaveirajr.com.br\/\"},{\"@type\":\"ListItem\",\"position\":2,\"name\":\"Viagens de trens canceladas e expediente suspenso no Tribunal de Justi\u00e7a; veja servi\u00e7os afetados pelas chuvas em Natal\"}]},{\"@type\":\"WebSite\",\"@id\":\"https:\/\/deputadotaveirajr.com.br\/#website\",\"url\":\"https:\/\/deputadotaveirajr.com.br\/\",\"name\":\"Taveira Jr\",\"description\":\"Deputado Estadual\",\"publisher\":{\"@id\":\"https:\/\/deputadotaveirajr.com.br\/#organization\"},\"potentialAction\":[{\"@type\":\"SearchAction\",\"target\":{\"@type\":\"EntryPoint\",\"urlTemplate\":\"https:\/\/deputadotaveirajr.com.br\/?s={search_term_string}\"},\"query-input\":{\"@type\":\"PropertyValueSpecification\",\"valueRequired\":true,\"valueName\":\"search_term_string\"}}],\"inLanguage\":\"pt-BR\"},{\"@type\":\"Organization\",\"@id\":\"https:\/\/deputadotaveirajr.com.br\/#organization\",\"name\":\"Taveira Jr\",\"url\":\"https:\/\/deputadotaveirajr.com.br\/\",\"logo\":{\"@type\":\"ImageObject\",\"inLanguage\":\"pt-BR\",\"@id\":\"https:\/\/deputadotaveirajr.com.br\/#\/schema\/logo\/image\/\",\"url\":\"https:\/\/deputadotaveirajr.com.br\/wp-content\/uploads\/2026\/01\/logolow2a.png\",\"contentUrl\":\"https:\/\/deputadotaveirajr.com.br\/wp-content\/uploads\/2026\/01\/logolow2a.png\",\"width\":290,\"height\":80,\"caption\":\"Taveira Jr\"},\"image\":{\"@id\":\"https:\/\/deputadotaveirajr.com.br\/#\/schema\/logo\/image\/\"}}]}<\/script>\n<!-- \/ Yoast SEO plugin. -->","yoast_head_json":{"title":"Viagens de trens canceladas e expediente suspenso no Tribunal de Justi\u00e7a; veja servi\u00e7os afetados pelas chuvas em Natal - Taveira Jr","robots":{"index":"index","follow":"follow","max-snippet":"max-snippet:-1","max-image-preview":"max-image-preview:large","max-video-preview":"max-video-preview:-1"},"canonical":"https:\/\/deputadotaveirajr.com.br\/index.php\/viagens-de-trens-canceladas-e-expediente-suspenso-no-tribunal-de-justica-veja-servicos-afetados-pelas-chuvas-em-natal\/","og_locale":"pt_BR","og_type":"article","og_title":"Viagens de trens canceladas e expediente suspenso no Tribunal de Justi\u00e7a; veja servi\u00e7os afetados pelas chuvas em Natal - Taveira Jr","og_description":"Cidade recebeu mais de 200 mil\u00edmetros de precipita\u00e7\u00f5es durante o fim de semana. Trem parado na esta\u00e7\u00e3o de trem da Ribeira, em Natal Vin\u00edcius Marinho\/Inter TV Cabugi As fortes chuvas ...","og_url":"https:\/\/deputadotaveirajr.com.br\/index.php\/viagens-de-trens-canceladas-e-expediente-suspenso-no-tribunal-de-justica-veja-servicos-afetados-pelas-chuvas-em-natal\/","og_site_name":"Taveira Jr","og_image":[{"url":"https:\/\/s2-g1.glbimg.com\/nEtMqTEYHBpZQ2fN8rJKRgkvTVI=\/i.s3.glbimg.com\/v1\/AUTH_59edd422c0c84a879bd37670ae4f538a\/internal_photos\/bs\/2025\/a\/E\/y9Wb1lR8id7afK6iiozA\/whatsapp-image-2025-03-17-at-09.04.43.jpeg","type":"","width":"","height":""}],"twitter_card":"summary_large_image","twitter_misc":{"Est. tempo de leitura":"2 minutos"},"schema":{"@context":"https:\/\/schema.org","@graph":[{"@type":"WebPage","@id":"https:\/\/deputadotaveirajr.com.br\/index.php\/viagens-de-trens-canceladas-e-expediente-suspenso-no-tribunal-de-justica-veja-servicos-afetados-pelas-chuvas-em-natal\/","url":"https:\/\/deputadotaveirajr.com.br\/index.php\/viagens-de-trens-canceladas-e-expediente-suspenso-no-tribunal-de-justica-veja-servicos-afetados-pelas-chuvas-em-natal\/","name":"Viagens de trens canceladas e expediente suspenso no Tribunal de Justi\u00e7a; veja servi\u00e7os afetados pelas chuvas em Natal - Taveira Jr","isPartOf":{"@id":"https:\/\/deputadotaveirajr.com.br\/#website"},"primaryImageOfPage":{"@id":"https:\/\/deputadotaveirajr.com.br\/index.php\/viagens-de-trens-canceladas-e-expediente-suspenso-no-tribunal-de-justica-veja-servicos-afetados-pelas-chuvas-em-natal\/#primaryimage"},"image":{"@id":"https:\/\/deputadotaveirajr.com.br\/index.php\/viagens-de-trens-canceladas-e-expediente-suspenso-no-tribunal-de-justica-veja-servicos-afetados-pelas-chuvas-em-natal\/#primaryimage"},"thumbnailUrl":"https:\/\/deputadotaveirajr.com.br\/wp-content\/uploads\/2025\/03\/whatsapp-image-2025-03-17-at-09.04.43-DHRCxn.jpeg","datePublished":"2025-03-17T12:08:09+00:00","breadcrumb":{"@id":"https:\/\/deputadotaveirajr.com.br\/index.php\/viagens-de-trens-canceladas-e-expediente-suspenso-no-tribunal-de-justica-veja-servicos-afetados-pelas-chuvas-em-natal\/#breadcrumb"},"inLanguage":"pt-BR","potentialAction":[{"@type":"ReadAction","target":["https:\/\/deputadotaveirajr.com.br\/index.php\/viagens-de-trens-canceladas-e-expediente-suspenso-no-tribunal-de-justica-veja-servicos-afetados-pelas-chuvas-em-natal\/"]}]},{"@type":"ImageObject","inLanguage":"pt-BR","@id":"https:\/\/deputadotaveirajr.com.br\/index.php\/viagens-de-trens-canceladas-e-expediente-suspenso-no-tribunal-de-justica-veja-servicos-afetados-pelas-chuvas-em-natal\/#primaryimage","url":"https:\/\/deputadotaveirajr.com.br\/wp-content\/uploads\/2025\/03\/whatsapp-image-2025-03-17-at-09.04.43-DHRCxn.jpeg","contentUrl":"https:\/\/deputadotaveirajr.com.br\/wp-content\/uploads\/2025\/03\/whatsapp-image-2025-03-17-at-09.04.43-DHRCxn.jpeg","width":1600,"height":900},{"@type":"BreadcrumbList","@id":"https:\/\/deputadotaveirajr.com.br\/index.php\/viagens-de-trens-canceladas-e-expediente-suspenso-no-tribunal-de-justica-veja-servicos-afetados-pelas-chuvas-em-natal\/#breadcrumb","itemListElement":[{"@type":"ListItem","position":1,"name":"In\u00edcio","item":"https:\/\/deputadotaveirajr.com.br\/"},{"@type":"ListItem","position":2,"name":"Viagens de trens canceladas e expediente suspenso no Tribunal de Justi\u00e7a; veja servi\u00e7os afetados pelas chuvas em Natal"}]},{"@type":"WebSite","@id":"https:\/\/deputadotaveirajr.com.br\/#website","url":"https:\/\/deputadotaveirajr.com.br\/","name":"Taveira Jr","description":"Deputado Estadual","publisher":{"@id":"https:\/\/deputadotaveirajr.com.br\/#organization"},"potentialAction":[{"@type":"SearchAction","target":{"@type":"EntryPoint","urlTemplate":"https:\/\/deputadotaveirajr.com.br\/?s={search_term_string}"},"query-input":{"@type":"PropertyValueSpecification","valueRequired":true,"valueName":"search_term_string"}}],"inLanguage":"pt-BR"},{"@type":"Organization","@id":"https:\/\/deputadotaveirajr.com.br\/#organization","name":"Taveira Jr","url":"https:\/\/deputadotaveirajr.com.br\/","logo":{"@type":"ImageObject","inLanguage":"pt-BR","@id":"https:\/\/deputadotaveirajr.com.br\/#\/schema\/logo\/image\/","url":"https:\/\/deputadotaveirajr.com.br\/wp-content\/uploads\/2026\/01\/logolow2a.png","contentUrl":"https:\/\/deputadotaveirajr.com.br\/wp-content\/uploads\/2026\/01\/logolow2a.png","width":290,"height":80,"caption":"Taveira Jr"},"image":{"@id":"https:\/\/deputadotaveirajr.com.br\/#\/schema\/logo\/image\/"}}]}},"_links":{"self":[{"href":"https:\/\/deputadotaveirajr.com.br\/index.php\/wp-json\/wp\/v2\/pages\/12620","targetHints":{"allow":["GET"]}}],"collection":[{"href":"https:\/\/deputadotaveirajr.com.br\/index.php\/wp-json\/wp\/v2\/pages"}],"about":[{"href":"https:\/\/deputadotaveirajr.com.br\/index.php\/wp-json\/wp\/v2\/types\/page"}],"replies":[{"embeddable":true,"href":"https:\/\/deputadotaveirajr.com.br\/index.php\/wp-json\/wp\/v2\/comments?post=12620"}],"version-history":[{"count":0,"href":"https:\/\/deputadotaveirajr.com.br\/index.php\/wp-json\/wp\/v2\/pages\/12620\/revisions"}],"wp:featuredmedia":[{"embeddable":true,"href":"https:\/\/deputadotaveirajr.com.br\/index.php\/wp-json\/wp\/v2\/media\/12621"}],"wp:attachment":[{"href":"https:\/\/deputadotaveirajr.com.br\/index.php\/wp-json\/wp\/v2\/media?parent=12620"}],"curies":[{"name":"wp","href":"https:\/\/api.w.org\/{rel}","templated":true}]}}