{"id":12637,"date":"2025-03-20T12:46:05","date_gmt":"2025-03-20T15:46:05","guid":{"rendered":"https:\/\/deputadotaveirajr.com.br\/index.php\/deputado-taveira-junior-irmao-e-tia-sao-condenados-por-terem-sido-servidores-fantasmas-na-camara-de-parnamirim\/"},"modified":"2025-03-20T12:46:05","modified_gmt":"2025-03-20T15:46:05","slug":"deputado-taveira-junior-irmao-e-tia-sao-condenados-por-terem-sido-servidores-fantasmas-na-camara-de-parnamirim","status":"publish","type":"page","link":"https:\/\/deputadotaveirajr.com.br\/index.php\/deputado-taveira-junior-irmao-e-tia-sao-condenados-por-terem-sido-servidores-fantasmas-na-camara-de-parnamirim\/","title":{"rendered":"Deputado Taveira J\u00fanior, irm\u00e3o e tia s\u00e3o condenados por terem sido &#8216;servidores fantasmas&#8217; na C\u00e2mara de Parnamirim"},"content":{"rendered":"<p><img decoding=\"async\" src=\"https:\/\/s2-g1.glbimg.com\/I6NmQ9ihSusMlQWzNNEzXLuSASU=\/i.s3.glbimg.com\/v1\/AUTH_59edd422c0c84a879bd37670ae4f538a\/internal_photos\/bs\/2025\/C\/m\/YAVnBBTtyrFYc62wdbVA\/taveiras.jpg\" \/><br \/>     Nomea\u00e7\u00f5es ocorreram h\u00e1 mais de 20 anos durante mandato de Rosano Taveira, pai do deputado, como parlamentar em Parnamirim. Defesa afirma que servidores exerciam atividades externas e que vai recorrer da decis\u00e3o.  Rosano Taveira, ex-prefeito e ex-vereador de Parnamirim, ao lado do filho, Taveira J\u00fanior, deputado estadual<br \/>\nRedes sociais<br \/>\nO deputado estadual Taveira J\u00fanior (Uni\u00e3o Brasil), um irm\u00e3o e uma tia foram condenados pela Justi\u00e7a por terem sido &#8220;servidores fantasmas&#8221; na C\u00e2mara Municipal de Parnamirim, na Grande Natal. O processo contra os envolvidos foi aberto em 2013 e a senten\u00e7a foi publicada no \u00faltimo dia 10 de mar\u00e7o.<br \/>\nAs nomea\u00e7\u00f5es ocorreram no gabinete de Rosano Taveira, pai de Taveira J\u00fanior, entre 2001 e 2004, quando ele era vereador. Rosano tamb\u00e9m foi prefeito de Parnamirim entre 2017 e 2024.<br \/>\n\ud83d\udcf3Participe do canal do g1 RN no WhatsApp<br \/>\nO juiz Jo\u00e3o Henrique Bressan de Souza, da 1\u00aa Vara da Fazenda P\u00fablica de Parnamirim, determinou devolu\u00e7\u00e3o dos valores pagos aos servidores no per\u00edodo em que foram nomeados, somados a juros de 1% mensais aplicados desde a \u00e9poca.<br \/>\nAo contr\u00e1rio dos demais condenados, Rosano Taveira n\u00e3o precisar\u00e1 devolver dinheiro aos cofres p\u00fablicos.<br \/>\nEm depoimento ao Minist\u00e9rio P\u00fablico do Rio Grande do Norte, os servidores afirmaram que trabalhavam nas comunidade, verificando o que as popula\u00e7\u00f5es nos bairros necessitavam, mas n\u00e3o prestavam expediente fixo na sede do Legislativo.<br \/>\nNo entanto, segundo o Judici\u00e1rio, as atividades elencadas pelos assessores n\u00e3o se enquadravam dentro das previstas para os cargos de chefia, dire\u00e7\u00e3o ou assessoramento para os quais foram nomeados.<br \/>\nAo todo, cinco pessoas foram condenadas:<br \/>\nRosano Taveira da Cunha, ex-prefeito e ex-presidente da C\u00e2mara de Parnamirim, que exercia mandato de vereador na \u00e9poca dos fatos.<br \/>\nSilvana Jacqueline Taveira, irm\u00e3 de Taveira, nomeada para o cargo de Consultora Legislativa na C\u00e2mara de Parnamirim<br \/>\nRosano Taveira da Cunha J\u00fanior, deputado estadual eleito em 2022, filho de Taveira, foi nomeado para o cargo de Assessor de N\u00edvel M\u00e9dio na C\u00e2mara de Parnamirim<br \/>\nRodrigo Torres Taveira, filho de Taveira, nomeado para o cargo de Assessor de N\u00edvel M\u00e9dio<br \/>\nHip\u00f3lito Alexandre Lopes, nomeado para o cargo de Assessor Parlamentar<br \/>\nProcurada pelo g1, a defesa dos r\u00e9us afirmou, por meio de nota, que vai recorrer da decis\u00e3o. Segundo o advogado, a prova produzida nos autos comprovaria que os servidores trabalhavam, mesmo que o servi\u00e7o n\u00e3o fosse prestado em expediente interno na Casa Legislativa.<br \/>\n&#8220;A decis\u00e3o tem efeitos unicamente patrimoniais e n\u00e3o atinge direitos pol\u00edticos dos demandados. Entendemos, com o m\u00e1ximo respeito ao Ju\u00edzo prolator, que existe m\u00e1 avalia\u00e7\u00e3o da prova produzida nos autos, a qual demonstra que houve o efetivo labor, independente se tenha ocorrido nas depend\u00eancias da casa legislativa ou em expediente externo, e que existem diversos precedentes do Tribunal de Justi\u00e7a do RN em que houve a reforma da senten\u00e7a condenat\u00f3ria. Por este motivo, a defesa entrar\u00e1 com recurso previsto em lei, para que se avaliem eventuais interpreta\u00e7\u00f5es f\u00e1tico-jur\u00eddicas distoantes dos posicionamentos judiciais existentes&#8221;, diz a nota.<br \/>\nAo g1, Rosano Taveira afirmou que na \u00e9poca, os vereadores n\u00e3o contavam com gabinete na C\u00e2mara, com espa\u00e7o para expediente interno dos servidores e, por isso, os assessores exerciam trabalhos externos.<br \/>\nNa decis\u00e3o, o juiz considerou que o ent\u00e3o vereador Taveira fez as nomea\u00e7\u00f5es sem estabelecer quais seriam as fun\u00e7\u00f5es desempenhadas pelos funcion\u00e1rios, al\u00e9m de n\u00e3o determinar qualquer forma de controle de expediente, nem mesmo folha de ponto ou relat\u00f3rio de atividades.<br \/>\nO juiz ainda entendeu que houve &#8220;dolo&#8221; por parte dos acusados.<br \/>\n&#8220;Com efeito, inexistem provas no processo no sentido de que tenham redigido algum expediente, relat\u00f3rio, efetivado recebimento de documenta\u00e7\u00e3o, realizado agendamento de compromissos do vereador (&#8230;) ou qualquer outra atividade inerente ao trabalho t\u00e9cnico legislativo para o qual foram contratados. Portanto, restou comprovado o dolo dos demandados consistente na consci\u00eancia e vontade de receber a remunera\u00e7\u00e3o do cargo sem a devida contrapresta\u00e7\u00e3o do servi\u00e7o&#8221;, diz a senten\u00e7a.<br \/>\nVeja os v\u00eddeos mais assistidos no g1 RN<\/p>","protected":false},"excerpt":{"rendered":"<p>Nomea\u00e7\u00f5es ocorreram h\u00e1 mais de 20 anos durante mandato de Rosano Taveira, pai do deputado, como parlamentar em Parnamirim. Defesa afirma que servidores exerciam atividades externas e que vai recorrer &#8230;<\/p>\n","protected":false},"author":0,"featured_media":12638,"parent":0,"menu_order":0,"comment_status":"closed","ping_status":"closed","template":"","meta":{"footnotes":""},"class_list":["post-12637","page","type-page","status-publish","has-post-thumbnail","hentry"],"yoast_head":"<!-- This site is optimized with the Yoast SEO plugin v27.1.1 - https:\/\/yoast.com\/product\/yoast-seo-wordpress\/ -->\n<title>Deputado Taveira J\u00fanior, irm\u00e3o e tia s\u00e3o condenados por terem sido &#039;servidores fantasmas&#039; na C\u00e2mara de Parnamirim - Taveira Jr<\/title>\n<meta name=\"robots\" content=\"index, follow, max-snippet:-1, max-image-preview:large, max-video-preview:-1\" \/>\n<link rel=\"canonical\" href=\"https:\/\/deputadotaveirajr.com.br\/index.php\/deputado-taveira-junior-irmao-e-tia-sao-condenados-por-terem-sido-servidores-fantasmas-na-camara-de-parnamirim\/\" \/>\n<meta property=\"og:locale\" content=\"pt_BR\" \/>\n<meta property=\"og:type\" content=\"article\" \/>\n<meta property=\"og:title\" content=\"Deputado Taveira J\u00fanior, irm\u00e3o e tia s\u00e3o condenados por terem sido &#039;servidores fantasmas&#039; na C\u00e2mara de Parnamirim - Taveira Jr\" \/>\n<meta property=\"og:description\" content=\"Nomea\u00e7\u00f5es ocorreram h\u00e1 mais de 20 anos durante mandato de Rosano Taveira, pai do deputado, como parlamentar em Parnamirim. Defesa afirma que servidores exerciam atividades externas e que vai recorrer ...\" \/>\n<meta property=\"og:url\" content=\"https:\/\/deputadotaveirajr.com.br\/index.php\/deputado-taveira-junior-irmao-e-tia-sao-condenados-por-terem-sido-servidores-fantasmas-na-camara-de-parnamirim\/\" \/>\n<meta property=\"og:site_name\" content=\"Taveira Jr\" \/>\n<meta property=\"og:image\" content=\"https:\/\/s2-g1.glbimg.com\/I6NmQ9ihSusMlQWzNNEzXLuSASU=\/i.s3.glbimg.com\/v1\/AUTH_59edd422c0c84a879bd37670ae4f538a\/internal_photos\/bs\/2025\/C\/m\/YAVnBBTtyrFYc62wdbVA\/taveiras.jpg\" \/>\n<meta name=\"twitter:card\" content=\"summary_large_image\" \/>\n<meta name=\"twitter:label1\" content=\"Est. tempo de leitura\" \/>\n\t<meta name=\"twitter:data1\" content=\"4 minutos\" \/>\n<script type=\"application\/ld+json\" class=\"yoast-schema-graph\">{\"@context\":\"https:\/\/schema.org\",\"@graph\":[{\"@type\":\"WebPage\",\"@id\":\"https:\/\/deputadotaveirajr.com.br\/index.php\/deputado-taveira-junior-irmao-e-tia-sao-condenados-por-terem-sido-servidores-fantasmas-na-camara-de-parnamirim\/\",\"url\":\"https:\/\/deputadotaveirajr.com.br\/index.php\/deputado-taveira-junior-irmao-e-tia-sao-condenados-por-terem-sido-servidores-fantasmas-na-camara-de-parnamirim\/\",\"name\":\"Deputado Taveira J\u00fanior, irm\u00e3o e tia s\u00e3o condenados por terem sido 'servidores fantasmas' na C\u00e2mara de Parnamirim - Taveira Jr\",\"isPartOf\":{\"@id\":\"https:\/\/deputadotaveirajr.com.br\/#website\"},\"primaryImageOfPage\":{\"@id\":\"https:\/\/deputadotaveirajr.com.br\/index.php\/deputado-taveira-junior-irmao-e-tia-sao-condenados-por-terem-sido-servidores-fantasmas-na-camara-de-parnamirim\/#primaryimage\"},\"image\":{\"@id\":\"https:\/\/deputadotaveirajr.com.br\/index.php\/deputado-taveira-junior-irmao-e-tia-sao-condenados-por-terem-sido-servidores-fantasmas-na-camara-de-parnamirim\/#primaryimage\"},\"thumbnailUrl\":\"https:\/\/deputadotaveirajr.com.br\/wp-content\/uploads\/2025\/03\/taveiras-Ah1iOw.jpeg\",\"datePublished\":\"2025-03-20T15:46:05+00:00\",\"breadcrumb\":{\"@id\":\"https:\/\/deputadotaveirajr.com.br\/index.php\/deputado-taveira-junior-irmao-e-tia-sao-condenados-por-terem-sido-servidores-fantasmas-na-camara-de-parnamirim\/#breadcrumb\"},\"inLanguage\":\"pt-BR\",\"potentialAction\":[{\"@type\":\"ReadAction\",\"target\":[\"https:\/\/deputadotaveirajr.com.br\/index.php\/deputado-taveira-junior-irmao-e-tia-sao-condenados-por-terem-sido-servidores-fantasmas-na-camara-de-parnamirim\/\"]}]},{\"@type\":\"ImageObject\",\"inLanguage\":\"pt-BR\",\"@id\":\"https:\/\/deputadotaveirajr.com.br\/index.php\/deputado-taveira-junior-irmao-e-tia-sao-condenados-por-terem-sido-servidores-fantasmas-na-camara-de-parnamirim\/#primaryimage\",\"url\":\"https:\/\/deputadotaveirajr.com.br\/wp-content\/uploads\/2025\/03\/taveiras-Ah1iOw.jpeg\",\"contentUrl\":\"https:\/\/deputadotaveirajr.com.br\/wp-content\/uploads\/2025\/03\/taveiras-Ah1iOw.jpeg\",\"width\":1636,\"height\":1247},{\"@type\":\"BreadcrumbList\",\"@id\":\"https:\/\/deputadotaveirajr.com.br\/index.php\/deputado-taveira-junior-irmao-e-tia-sao-condenados-por-terem-sido-servidores-fantasmas-na-camara-de-parnamirim\/#breadcrumb\",\"itemListElement\":[{\"@type\":\"ListItem\",\"position\":1,\"name\":\"In\u00edcio\",\"item\":\"https:\/\/deputadotaveirajr.com.br\/\"},{\"@type\":\"ListItem\",\"position\":2,\"name\":\"Deputado Taveira J\u00fanior, irm\u00e3o e tia s\u00e3o condenados por terem sido &#8216;servidores fantasmas&#8217; na C\u00e2mara de Parnamirim\"}]},{\"@type\":\"WebSite\",\"@id\":\"https:\/\/deputadotaveirajr.com.br\/#website\",\"url\":\"https:\/\/deputadotaveirajr.com.br\/\",\"name\":\"Taveira Jr\",\"description\":\"Deputado Estadual\",\"publisher\":{\"@id\":\"https:\/\/deputadotaveirajr.com.br\/#organization\"},\"potentialAction\":[{\"@type\":\"SearchAction\",\"target\":{\"@type\":\"EntryPoint\",\"urlTemplate\":\"https:\/\/deputadotaveirajr.com.br\/?s={search_term_string}\"},\"query-input\":{\"@type\":\"PropertyValueSpecification\",\"valueRequired\":true,\"valueName\":\"search_term_string\"}}],\"inLanguage\":\"pt-BR\"},{\"@type\":\"Organization\",\"@id\":\"https:\/\/deputadotaveirajr.com.br\/#organization\",\"name\":\"Taveira Jr\",\"url\":\"https:\/\/deputadotaveirajr.com.br\/\",\"logo\":{\"@type\":\"ImageObject\",\"inLanguage\":\"pt-BR\",\"@id\":\"https:\/\/deputadotaveirajr.com.br\/#\/schema\/logo\/image\/\",\"url\":\"https:\/\/deputadotaveirajr.com.br\/wp-content\/uploads\/2026\/01\/logolow2a.png\",\"contentUrl\":\"https:\/\/deputadotaveirajr.com.br\/wp-content\/uploads\/2026\/01\/logolow2a.png\",\"width\":290,\"height\":80,\"caption\":\"Taveira Jr\"},\"image\":{\"@id\":\"https:\/\/deputadotaveirajr.com.br\/#\/schema\/logo\/image\/\"}}]}<\/script>\n<!-- \/ Yoast SEO plugin. -->","yoast_head_json":{"title":"Deputado Taveira J\u00fanior, irm\u00e3o e tia s\u00e3o condenados por terem sido 'servidores fantasmas' na C\u00e2mara de Parnamirim - Taveira Jr","robots":{"index":"index","follow":"follow","max-snippet":"max-snippet:-1","max-image-preview":"max-image-preview:large","max-video-preview":"max-video-preview:-1"},"canonical":"https:\/\/deputadotaveirajr.com.br\/index.php\/deputado-taveira-junior-irmao-e-tia-sao-condenados-por-terem-sido-servidores-fantasmas-na-camara-de-parnamirim\/","og_locale":"pt_BR","og_type":"article","og_title":"Deputado Taveira J\u00fanior, irm\u00e3o e tia s\u00e3o condenados por terem sido 'servidores fantasmas' na C\u00e2mara de Parnamirim - Taveira Jr","og_description":"Nomea\u00e7\u00f5es ocorreram h\u00e1 mais de 20 anos durante mandato de Rosano Taveira, pai do deputado, como parlamentar em Parnamirim. Defesa afirma que servidores exerciam atividades externas e que vai recorrer ...","og_url":"https:\/\/deputadotaveirajr.com.br\/index.php\/deputado-taveira-junior-irmao-e-tia-sao-condenados-por-terem-sido-servidores-fantasmas-na-camara-de-parnamirim\/","og_site_name":"Taveira Jr","og_image":[{"url":"https:\/\/s2-g1.glbimg.com\/I6NmQ9ihSusMlQWzNNEzXLuSASU=\/i.s3.glbimg.com\/v1\/AUTH_59edd422c0c84a879bd37670ae4f538a\/internal_photos\/bs\/2025\/C\/m\/YAVnBBTtyrFYc62wdbVA\/taveiras.jpg","type":"","width":"","height":""}],"twitter_card":"summary_large_image","twitter_misc":{"Est. tempo de leitura":"4 minutos"},"schema":{"@context":"https:\/\/schema.org","@graph":[{"@type":"WebPage","@id":"https:\/\/deputadotaveirajr.com.br\/index.php\/deputado-taveira-junior-irmao-e-tia-sao-condenados-por-terem-sido-servidores-fantasmas-na-camara-de-parnamirim\/","url":"https:\/\/deputadotaveirajr.com.br\/index.php\/deputado-taveira-junior-irmao-e-tia-sao-condenados-por-terem-sido-servidores-fantasmas-na-camara-de-parnamirim\/","name":"Deputado Taveira J\u00fanior, irm\u00e3o e tia s\u00e3o condenados por terem sido 'servidores fantasmas' na C\u00e2mara de Parnamirim - Taveira Jr","isPartOf":{"@id":"https:\/\/deputadotaveirajr.com.br\/#website"},"primaryImageOfPage":{"@id":"https:\/\/deputadotaveirajr.com.br\/index.php\/deputado-taveira-junior-irmao-e-tia-sao-condenados-por-terem-sido-servidores-fantasmas-na-camara-de-parnamirim\/#primaryimage"},"image":{"@id":"https:\/\/deputadotaveirajr.com.br\/index.php\/deputado-taveira-junior-irmao-e-tia-sao-condenados-por-terem-sido-servidores-fantasmas-na-camara-de-parnamirim\/#primaryimage"},"thumbnailUrl":"https:\/\/deputadotaveirajr.com.br\/wp-content\/uploads\/2025\/03\/taveiras-Ah1iOw.jpeg","datePublished":"2025-03-20T15:46:05+00:00","breadcrumb":{"@id":"https:\/\/deputadotaveirajr.com.br\/index.php\/deputado-taveira-junior-irmao-e-tia-sao-condenados-por-terem-sido-servidores-fantasmas-na-camara-de-parnamirim\/#breadcrumb"},"inLanguage":"pt-BR","potentialAction":[{"@type":"ReadAction","target":["https:\/\/deputadotaveirajr.com.br\/index.php\/deputado-taveira-junior-irmao-e-tia-sao-condenados-por-terem-sido-servidores-fantasmas-na-camara-de-parnamirim\/"]}]},{"@type":"ImageObject","inLanguage":"pt-BR","@id":"https:\/\/deputadotaveirajr.com.br\/index.php\/deputado-taveira-junior-irmao-e-tia-sao-condenados-por-terem-sido-servidores-fantasmas-na-camara-de-parnamirim\/#primaryimage","url":"https:\/\/deputadotaveirajr.com.br\/wp-content\/uploads\/2025\/03\/taveiras-Ah1iOw.jpeg","contentUrl":"https:\/\/deputadotaveirajr.com.br\/wp-content\/uploads\/2025\/03\/taveiras-Ah1iOw.jpeg","width":1636,"height":1247},{"@type":"BreadcrumbList","@id":"https:\/\/deputadotaveirajr.com.br\/index.php\/deputado-taveira-junior-irmao-e-tia-sao-condenados-por-terem-sido-servidores-fantasmas-na-camara-de-parnamirim\/#breadcrumb","itemListElement":[{"@type":"ListItem","position":1,"name":"In\u00edcio","item":"https:\/\/deputadotaveirajr.com.br\/"},{"@type":"ListItem","position":2,"name":"Deputado Taveira J\u00fanior, irm\u00e3o e tia s\u00e3o condenados por terem sido &#8216;servidores fantasmas&#8217; na C\u00e2mara de Parnamirim"}]},{"@type":"WebSite","@id":"https:\/\/deputadotaveirajr.com.br\/#website","url":"https:\/\/deputadotaveirajr.com.br\/","name":"Taveira Jr","description":"Deputado Estadual","publisher":{"@id":"https:\/\/deputadotaveirajr.com.br\/#organization"},"potentialAction":[{"@type":"SearchAction","target":{"@type":"EntryPoint","urlTemplate":"https:\/\/deputadotaveirajr.com.br\/?s={search_term_string}"},"query-input":{"@type":"PropertyValueSpecification","valueRequired":true,"valueName":"search_term_string"}}],"inLanguage":"pt-BR"},{"@type":"Organization","@id":"https:\/\/deputadotaveirajr.com.br\/#organization","name":"Taveira Jr","url":"https:\/\/deputadotaveirajr.com.br\/","logo":{"@type":"ImageObject","inLanguage":"pt-BR","@id":"https:\/\/deputadotaveirajr.com.br\/#\/schema\/logo\/image\/","url":"https:\/\/deputadotaveirajr.com.br\/wp-content\/uploads\/2026\/01\/logolow2a.png","contentUrl":"https:\/\/deputadotaveirajr.com.br\/wp-content\/uploads\/2026\/01\/logolow2a.png","width":290,"height":80,"caption":"Taveira Jr"},"image":{"@id":"https:\/\/deputadotaveirajr.com.br\/#\/schema\/logo\/image\/"}}]}},"_links":{"self":[{"href":"https:\/\/deputadotaveirajr.com.br\/index.php\/wp-json\/wp\/v2\/pages\/12637","targetHints":{"allow":["GET"]}}],"collection":[{"href":"https:\/\/deputadotaveirajr.com.br\/index.php\/wp-json\/wp\/v2\/pages"}],"about":[{"href":"https:\/\/deputadotaveirajr.com.br\/index.php\/wp-json\/wp\/v2\/types\/page"}],"replies":[{"embeddable":true,"href":"https:\/\/deputadotaveirajr.com.br\/index.php\/wp-json\/wp\/v2\/comments?post=12637"}],"version-history":[{"count":0,"href":"https:\/\/deputadotaveirajr.com.br\/index.php\/wp-json\/wp\/v2\/pages\/12637\/revisions"}],"wp:featuredmedia":[{"embeddable":true,"href":"https:\/\/deputadotaveirajr.com.br\/index.php\/wp-json\/wp\/v2\/media\/12638"}],"wp:attachment":[{"href":"https:\/\/deputadotaveirajr.com.br\/index.php\/wp-json\/wp\/v2\/media?parent=12637"}],"curies":[{"name":"wp","href":"https:\/\/api.w.org\/{rel}","templated":true}]}}